{"id":4945,"date":"2025-02-09T18:28:09","date_gmt":"2025-02-09T16:28:09","guid":{"rendered":"https:\/\/zbranebudai.sk\/?post_type=product&#038;p=4945"},"modified":"2025-02-09T18:50:49","modified_gmt":"2025-02-09T16:50:49","slug":"pard-night-stalker-4k-56x-ejjellato-ejjellato-tavcso-ejjellato-tavcso","status":"publish","type":"product","link":"https:\/\/zbranebudai.sk\/hu\/product\/pard-night-stalker-4k-56x-nocne-videnie-puskohlad\/","title":{"rendered":"Pard Night Stalker 4K 5.6x \u00e9jszakai l\u00e1t\u00f3 c\u00e9lt\u00e1vcs\u0151"},"content":{"rendered":"<p><strong>Pard Night Stalker 4K 5.6x \u00e9jszakai l\u00e1t\u00f3 c\u00e9lt\u00e1vcs\u0151<\/strong><\/p>\n<p>Ez egy t\u00f6bbfunkci\u00f3s nappali \u00e9s \u00e9jszakai l\u00e1t\u00f3sz\u00f6g a legmodernebb technol\u00f3gi\u00e1val. <strong>PARD IREA<\/strong>. <strong>Night Stalker 4K<\/strong> t\u00f6bb l\u00e9p\u00e9ssel a versenyt\u00e1rsak el\u0151tt j\u00e1r, mivel a piacon els\u0151k\u00e9nt haszn\u00e1lja az \u00faj k\u00f6rk\u00f6r\u00f6s <strong>IPS LCD kijelz\u0151<\/strong> felbont\u00e1ssal <strong>800\u00d7800 px<\/strong>amely egy klasszikus c\u00e9lt\u00e1vcs\u0151 \u00e9lm\u00e9ny\u00e9t ny\u00fajtja \u00d6nnek, maxim\u00e1lis l\u00e1t\u00f3mez\u0151vel. Az eredm\u00e9ny egy nagyobb felbont\u00e1s\u00fa k\u00e9p kombin\u00e1lva <strong>nagy \u00e9rz\u00e9kenys\u00e9g\u0171 4K CMOS \u00e9rz\u00e9kel\u0151<\/strong> felbont\u00e1ssal <strong>3840\u00d72160 px<\/strong>.<\/p>\n<p>\u00c9jszakai l\u00e1t\u00f3t\u00e1vols\u00e1g ak\u00e1r <strong>350 m:<\/strong><br \/>\nA PARD Night Stalker 4K-t \u00fagy tervezt\u00e9k, hogy t\u00f6k\u00e9letesen \u00e9rz\u00e9kelje a k\u00fcl\u00f6nb\u00f6z\u0151 c\u00e9lpontokat ak\u00e1r 350 m\u00e9teres t\u00e1vols\u00e1gb\u00f3l. A 4K \u00e9rz\u00e9kel\u0151vel \u00e9s az \u00faj, kiv\u00e1l\u00f3 min\u0151s\u00e9g\u0171 LCD-kijelz\u0151vel kombin\u00e1lva t\u00f6bb l\u00e9p\u00e9ssel a versenyt\u00e1rsak el\u0151tt j\u00e1r.<\/p>\n<ul>\n<li>Kompatibilis a 940 nm-es \u00e9s 850 nm-es IR-vil\u00e1g\u00edt\u00f3kkal<\/li>\n<li>K\u00e9zi \u00e9s automatikus videofelv\u00e9tel tetsz\u0151leges felv\u00e9teli hosszal<\/li>\n<li>Nagy felbont\u00e1s\u00fa felv\u00e9telk\u00e9sz\u00edt\u00e9si k\u00e9pess\u00e9g<\/li>\n<li>\u00c9l\u0151 k\u00e9p\u00e1tvitel a telefonra Wi-Fi kapcsolaton kereszt\u00fcl<\/li>\n<\/ul>\n<table border=\"0\" cellspacing=\"0\">\n<colgroup span=\"4\" width=\"85\"><\/colgroup>\n<tbody>\n<tr>\n<td colspan=\"2\" align=\"left\" height=\"17\"><b><span style=\"font-family: Liberation Serif\">Opci\u00f3\u00a0<\/span><\/b><\/td>\n<td align=\"left\"><span style=\"font-family: Liberation Serif\">70 mm<\/span><\/td>\n<td align=\"left\"><\/td>\n<\/tr>\n<tr>\n<td colspan=\"2\" align=\"left\" height=\"32\"><b><span style=\"font-family: Liberation Serif\">Nagy\u00edt\u00e1s\u00a0<\/span><\/b><\/td>\n<td align=\"left\"><span style=\"font-family: Liberation Serif\">5,6x\/11,2x\/16,8x\/22,4x<\/span><\/td>\n<td align=\"left\"><\/td>\n<\/tr>\n<tr>\n<td rowspan=\"3\" align=\"left\" height=\"51\"><b><span style=\"font-family: Liberation Serif\">L\u00e1t\u00f3mez\u0151<\/span><\/b><\/td>\n<td align=\"left\"><b><span style=\"font-family: Liberation Serif\">V\u00edzszintes<\/span><\/b><\/td>\n<td align=\"left\"><span style=\"font-family: Liberation Serif\">3.4\u00b0<\/span><\/td>\n<td align=\"left\"><\/td>\n<\/tr>\n<tr>\n<td align=\"left\"><b><span style=\"font-family: Liberation Serif\">F\u00fcgg\u0151leges<\/span><\/b><\/td>\n<td align=\"left\"><span style=\"font-family: Liberation Serif\">3.4\u00b0<\/span><\/td>\n<td align=\"left\"><\/td>\n<\/tr>\n<tr>\n<td align=\"left\"><b><span style=\"font-family: Liberation Serif\">Diagon\u00e1lis<\/span><\/b><\/td>\n<td align=\"left\"><span style=\"font-family: Liberation Serif\">4.8\u00b0<\/span><\/td>\n<td align=\"left\"><\/td>\n<\/tr>\n<tr>\n<td colspan=\"2\" align=\"left\" height=\"32\"><b><span style=\"font-family: Liberation Serif\">\u00c9rz\u00e9kel\u0151 felbont\u00e1sa<\/span><\/b><\/td>\n<td align=\"left\"><span style=\"font-family: Liberation Serif\">Pard 4K, 3840x2160px<\/span><\/td>\n<td align=\"left\"><\/td>\n<\/tr>\n<tr>\n<td colspan=\"2\" align=\"left\" height=\"17\"><b><span style=\"font-family: Liberation Serif\">Pixel m\u00e9ret\u00a0<\/span><\/b><\/td>\n<td colspan=\"2\" align=\"left\"><span style=\"font-family: Liberation Serif\">2.0um<\/span><\/td>\n<\/tr>\n<tr>\n<td colspan=\"2\" align=\"left\" height=\"17\"><b><span style=\"font-family: Liberation Serif\">\u00c9rz\u00e9kenys\u00e9g\u00a0<\/span><\/b><\/td>\n<td colspan=\"2\" align=\"left\"><span style=\"font-family: Liberation Serif\">0.001lux<\/span><\/td>\n<\/tr>\n<tr>\n<td colspan=\"2\" align=\"left\" height=\"32\"><b><span style=\"font-family: Liberation Serif\">K\u00e9pfeldolgoz\u00f3 algoritmus<\/span><\/b><\/td>\n<td colspan=\"2\" align=\"left\"><span style=\"font-family: Liberation Serif\">Pard IREA<\/span><\/td>\n<\/tr>\n<tr>\n<td colspan=\"2\" align=\"left\" height=\"32\"><b><span style=\"font-family: Liberation Serif\">M\u00f3d<\/span><\/b><\/td>\n<td colspan=\"2\" align=\"left\"><span style=\"font-family: Liberation Serif\">Sz\u00edn\/Fekete\/Fekete\/Feh\u00e9r\/Z\u00f6ld\/S\u00e1rga<\/span><\/td>\n<\/tr>\n<tr>\n<td colspan=\"2\" align=\"left\" height=\"17\"><b><span style=\"font-family: Liberation Serif\">Kijelz\u0151\u00a0<\/span><\/b><\/td>\n<td colspan=\"2\" align=\"left\"><span style=\"font-family: Liberation Serif\">Kerek IPS LCD 800\u00d7800 px<\/span><\/td>\n<\/tr>\n<tr>\n<td colspan=\"2\" align=\"left\" height=\"17\"><b><span style=\"font-family: Liberation Serif\">dioptri\u00e1s korrekci\u00f3<\/span><\/b><\/td>\n<td colspan=\"2\" align=\"left\"><span style=\"font-family: DejaVu Sans\">-5D\uff5e+5D<\/span><\/td>\n<\/tr>\n<tr>\n<td colspan=\"2\" align=\"left\" height=\"17\"><b><span style=\"font-family: Liberation Serif\">PIP<\/span><\/b><\/td>\n<td colspan=\"2\" align=\"left\"><span style=\"font-family: Liberation Serif\">Igen<\/span><\/td>\n<\/tr>\n<tr>\n<td colspan=\"2\" align=\"left\" height=\"17\"><b><span style=\"font-family: Liberation Serif\">Wi-Fi<\/span><\/b><\/td>\n<td colspan=\"2\" align=\"left\"><span style=\"font-family: Liberation Serif\">Igen<\/span><\/td>\n<\/tr>\n<tr>\n<td colspan=\"2\" align=\"left\" height=\"17\"><b><span style=\"font-family: Liberation Serif\">Micro-SD k\u00e1rtya<\/span><\/b><\/td>\n<td colspan=\"2\" align=\"left\"><span style=\"font-family: Liberation Serif\">128GB(Max)<\/span><\/td>\n<\/tr>\n<tr>\n<td colspan=\"2\" align=\"left\" height=\"17\"><b><span style=\"font-family: Liberation Serif\">Gyroszk\u00f3p<\/span><\/b><\/td>\n<td colspan=\"2\" align=\"left\"><span style=\"font-family: Liberation Serif\">Igen<\/span><\/td>\n<\/tr>\n<tr>\n<td colspan=\"2\" align=\"left\" height=\"32\"><b><span style=\"font-family: Liberation Serif\">Automatikus videofelv\u00e9tel\u00a0<\/span><\/b><\/td>\n<td colspan=\"2\" align=\"left\"><span style=\"font-family: Liberation Serif\">Igen<\/span><\/td>\n<\/tr>\n<tr>\n<td colspan=\"2\" align=\"left\" height=\"32\"><b><span style=\"font-family: Liberation Serif\">F\u00e9nyk\u00e9pek \u00e9s vide\u00f3k k\u00e9sz\u00edt\u00e9se<\/span><\/b><\/td>\n<td colspan=\"2\" align=\"left\"><span style=\"font-family: Liberation Serif\">Igen<\/span><\/td>\n<\/tr>\n<tr>\n<td colspan=\"2\" align=\"left\" height=\"17\"><b><span style=\"font-family: Liberation Serif\">Ir\u00e1nyt\u0171<\/span><\/b><\/td>\n<td colspan=\"2\" align=\"left\"><span style=\"font-family: Liberation Serif\">Elektronikus<\/span><\/td>\n<\/tr>\n<tr>\n<td colspan=\"2\" align=\"left\" height=\"17\"><b><span style=\"font-family: Liberation Serif\">Mikrofon\u00a0<\/span><\/b><\/td>\n<td colspan=\"2\" align=\"left\"><span style=\"font-family: Liberation Serif\">Igen\u00a0<\/span><\/td>\n<\/tr>\n<tr>\n<td colspan=\"2\" align=\"left\" height=\"17\"><b><span style=\"font-family: Liberation Serif\">USB t\u00edpus<\/span><\/b><\/td>\n<td colspan=\"2\" align=\"left\"><span style=\"font-family: Liberation Serif\">C t\u00edpus<\/span><\/td>\n<\/tr>\n<tr>\n<td colspan=\"2\" align=\"left\" height=\"17\"><b><span style=\"font-family: Liberation Serif\">HDMI kimenet<\/span><\/b><\/td>\n<td colspan=\"2\" align=\"left\"><span style=\"font-family: Liberation Serif\">Igen<\/span><\/td>\n<\/tr>\n<tr>\n<td colspan=\"2\" align=\"left\" height=\"17\"><b><span style=\"font-family: Liberation Serif\">Akkumul\u00e1tor t\u00edpusa<\/span><\/b><\/td>\n<td colspan=\"2\" align=\"left\"><span style=\"font-family: Liberation Serif\">L\u00edtium-ion 18650<\/span><\/td>\n<\/tr>\n<tr>\n<td colspan=\"2\" align=\"left\" height=\"17\"><b><span style=\"font-family: Liberation Serif\">Az akkumul\u00e1tor \u00e9lettartama<\/span><\/b><\/td>\n<td colspan=\"2\" align=\"left\"><span style=\"font-family: Liberation Serif\">8 \u00f3ra<\/span><\/td>\n<\/tr>\n<tr>\n<td colspan=\"2\" align=\"left\" height=\"17\"><b><span style=\"font-family: Liberation Serif\">Rugalmass\u00e1g<\/span><\/b><\/td>\n<td colspan=\"2\" align=\"left\"><span style=\"font-family: Liberation Serif\">IP67<\/span><\/td>\n<\/tr>\n<tr>\n<td colspan=\"2\" align=\"left\" height=\"17\"><b><span style=\"font-family: Liberation Serif\">\u00dczemi h\u0151m\u00e9rs\u00e9klet<\/span><\/b><\/td>\n<td colspan=\"2\" align=\"left\"><span style=\"font-family: DejaVu Sans\">-20\u2103\uff5e50\u2103<\/span><\/td>\n<\/tr>\n<tr>\n<td colspan=\"2\" align=\"left\" height=\"17\"><b><span style=\"font-family: Liberation Serif\">M\u00e9retek<\/span><\/b><\/td>\n<td colspan=\"2\" align=\"left\"><span style=\"font-family: Liberation Serif\">396mm*125mm*110mm<\/span><\/td>\n<\/tr>\n<tr>\n<td colspan=\"2\" align=\"left\" height=\"17\"><b><span style=\"font-family: Liberation Serif\">S\u00faly<\/span><\/b><\/td>\n<td colspan=\"2\" align=\"left\"><span style=\"font-family: Liberation Serif\">680g<\/span><\/td>\n<\/tr>\n<\/tbody>\n<\/table>\n<p>&nbsp;<\/p>\n<p><strong>A csomag tartalma:<\/strong><\/p>\n<ul>\n<li>H\u0151kamera c\u00e9lt\u00e1vcs\u0151 <strong>PARD Night Stalker 4K<\/strong><\/li>\n<li>Min\u0151s\u00e9gi sz\u00e1ll\u00edt\u00f3t\u00e1ska<\/li>\n<li>USB-C csatlakoz\u00f3k\u00e1bel<\/li>\n<li>Cseh nyelv\u0171 utas\u00edt\u00e1sok<\/li>\n<li>Tiszt\u00edt\u00f3 kend\u0151 optik\u00e1hoz<\/li>\n<li>1x 18650 \u00fajrat\u00f6lthet\u0151 akkumul\u00e1tor<\/li>\n<li>Szerel\u00e9s (2x 30 mm-es gy\u0171r\u0171k)<\/li>\n<\/ul>\n<p>Hivatalos m\u00e1rkaoldal: <a href=\"https:\/\/pard.com\/europe\/night-stalker-4k\/\">https:\/\/pard.com\/europe\/night-stalker-4k\/<\/a><\/p>","protected":false},"excerpt":{"rendered":"<p><strong>PARD Night Stalker 4K<\/strong> v\u00e1ltoztathat\u00f3 nagy\u00edt\u00e1ssal, l\u00e9zeres t\u00e1vols\u00e1gm\u00e9r\u0151 \u00e9s megvil\u00e1g\u00edt\u00e1s n\u00e9lk\u00fcli v\u00e1ltozat.<\/p>\n<ul>\n<li>Nappali\/\u00e9jszakai rendszer - nappal sz\u00ednes, \u00e9jszaka fekete-feh\u00e9r.<\/li>\n<li>Megfigyel\u00e9si tartom\u00e1ny s\u00f6t\u00e9tben legfeljebb <strong>350 m<\/strong>.<\/li>\n<li>Optikai nagy\u00edt\u00e1s <strong>5,6\u00d7<\/strong>.<\/li>\n<li>Digit\u00e1lis zoom <strong>2\u00d7<\/strong>.<\/li>\n<li>Kerek kijelz\u0151 <strong>IPS 800\u00d7800 px<\/strong>.<\/li>\n<li>Jellemz\u0151 <strong>K\u00e9p a k\u00e9pben (PIP)<\/strong>.<\/li>\n<li>Felbont\u00e1s <strong>3840\u00d72160 4K<\/strong>.<\/li>\n<li>Takar\u00e9kos \u00fczemm\u00f3d (alv\u00f3 \u00fczemm\u00f3d).<\/li>\n<li>Akkumul\u00e1toros t\u00e1pegys\u00e9g <strong>18650-es t\u00edpus<\/strong> (a csomag r\u00e9sze).<\/li>\n<li>Akkumul\u00e1tor \u00e9lettartama ak\u00e1r <strong>8 \u00f3ra<\/strong>.<\/li>\n<\/ul>\n<p>&nbsp;<\/p>","protected":false},"featured_media":4947,"template":"","meta":{"_gspb_post_css":""},"product_brand":[308],"product_cat":[145,21,331],"product_tag":[284,325,229,324],"class_list":{"0":"post-4945","1":"product","2":"type-product","3":"status-publish","4":"has-post-thumbnail","6":"product_brand-pard","7":"product_cat-nocne-videnie","8":"product_cat-optika","9":"product_cat-puskohlady-s-nocnym-videnim","10":"product_tag-night-stalker","11":"product_tag-nocne-videnie","12":"product_tag-pard","13":"product_tag-puskohlad","15":"first","16":"instock","17":"taxable","18":"shipping-taxable","19":"purchasable","20":"product-type-simple"},"ct_brands":[{"id":308,"name":"Pard","slug":"pard"}],"_links":{"self":[{"href":"https:\/\/zbranebudai.sk\/hu\/wp-json\/wp\/v2\/product\/4945","targetHints":{"allow":["GET"]}}],"collection":[{"href":"https:\/\/zbranebudai.sk\/hu\/wp-json\/wp\/v2\/product"}],"about":[{"href":"https:\/\/zbranebudai.sk\/hu\/wp-json\/wp\/v2\/types\/product"}],"wp:featuredmedia":[{"embeddable":true,"href":"https:\/\/zbranebudai.sk\/hu\/wp-json\/wp\/v2\/media\/4947"}],"wp:attachment":[{"href":"https:\/\/zbranebudai.sk\/hu\/wp-json\/wp\/v2\/media?parent=4945"}],"wp:term":[{"taxonomy":"product_brand","embeddable":true,"href":"https:\/\/zbranebudai.sk\/hu\/wp-json\/wp\/v2\/product_brand?post=4945"},{"taxonomy":"product_cat","embeddable":true,"href":"https:\/\/zbranebudai.sk\/hu\/wp-json\/wp\/v2\/product_cat?post=4945"},{"taxonomy":"product_tag","embeddable":true,"href":"https:\/\/zbranebudai.sk\/hu\/wp-json\/wp\/v2\/product_tag?post=4945"}],"curies":[{"name":"wp","href":"https:\/\/api.w.org\/{rel}","templated":true}]}}