{"id":4913,"date":"2025-02-09T15:48:38","date_gmt":"2025-02-09T13:48:38","guid":{"rendered":"https:\/\/zbranebudai.sk\/?post_type=product&#038;p=4913"},"modified":"2025-02-09T15:48:54","modified_gmt":"2025-02-09T13:48:54","slug":"pard-nv007sp-51-mm-es-eredeti-gyorskioldo-galler","status":"publish","type":"product","link":"https:\/\/zbranebudai.sk\/hu\/product\/pard-nv007sp-51-mm-originalna-rychloupinacia-objimka\/","title":{"rendered":"Pard NV007SP 51 mm-es eredeti gyorscsatlakoz\u00f3 aljzat"},"content":{"rendered":"<p><a href=\"https:\/\/pard.com\/store\/nv007sp-quick-release-adapter\/\">https:\/\/pard.com\/store\/nv007sp-quick-release-adapter\/<\/a><\/p>","protected":false},"excerpt":{"rendered":"<p>Eredeti 51 mm \u00e1tm\u00e9r\u0151j\u0171, PARD gy\u00e1rtm\u00e1ny\u00fa gyorskiold\u00f3 csatlakoz\u00f3aljzat. Alkalmas a PARD NV007S \u00e9s NV007SP elvekhez. Elhat\u00e1rol\u00f3 gy\u0171r\u0171k.<\/p>","protected":false},"featured_media":3618,"template":"","meta":{"_gspb_post_css":""},"product_brand":[308],"product_cat":[21,354],"product_tag":[237,375,229],"class_list":{"0":"post-4913","1":"product","2":"type-product","3":"status-publish","4":"has-post-thumbnail","6":"product_brand-pard","7":"product_cat-optika","8":"product_cat-prislusenstvo","9":"product_tag-adapter","10":"product_tag-objimka","11":"product_tag-pard","13":"first","14":"instock","15":"taxable","16":"shipping-taxable","17":"purchasable","18":"product-type-simple"},"ct_brands":[{"id":308,"name":"Pard","slug":"pard"}],"_links":{"self":[{"href":"https:\/\/zbranebudai.sk\/hu\/wp-json\/wp\/v2\/product\/4913","targetHints":{"allow":["GET"]}}],"collection":[{"href":"https:\/\/zbranebudai.sk\/hu\/wp-json\/wp\/v2\/product"}],"about":[{"href":"https:\/\/zbranebudai.sk\/hu\/wp-json\/wp\/v2\/types\/product"}],"wp:featuredmedia":[{"embeddable":true,"href":"https:\/\/zbranebudai.sk\/hu\/wp-json\/wp\/v2\/media\/3618"}],"wp:attachment":[{"href":"https:\/\/zbranebudai.sk\/hu\/wp-json\/wp\/v2\/media?parent=4913"}],"wp:term":[{"taxonomy":"product_brand","embeddable":true,"href":"https:\/\/zbranebudai.sk\/hu\/wp-json\/wp\/v2\/product_brand?post=4913"},{"taxonomy":"product_cat","embeddable":true,"href":"https:\/\/zbranebudai.sk\/hu\/wp-json\/wp\/v2\/product_cat?post=4913"},{"taxonomy":"product_tag","embeddable":true,"href":"https:\/\/zbranebudai.sk\/hu\/wp-json\/wp\/v2\/product_tag?post=4913"}],"curies":[{"name":"wp","href":"https:\/\/api.w.org\/{rel}","templated":true}]}}