{"id":4550,"date":"2025-02-01T21:34:10","date_gmt":"2025-02-01T19:34:10","guid":{"rendered":"https:\/\/zbranebudai.sk\/?post_type=product&#038;p=4550"},"modified":"2025-08-31T03:49:31","modified_gmt":"2025-08-31T01:49:31","slug":"pard-ocelot-640-lrf-50mm-hokamera-celtavcso","status":"publish","type":"product","link":"https:\/\/zbranebudai.sk\/hu\/product\/pard-ocelot-640-lrf-50mm-hokamera-celtavcso\/","title":{"rendered":"Pard OCELOT 640 LRF 50mm h\u0151kamera c\u00e9lt\u00e1vcs\u0151"},"content":{"rendered":"<p><strong>Pard OCELOT 640 LRF 50mm h\u0151kamera c\u00e9lt\u00e1vcs\u0151<\/strong><\/p>\n<p>A biztons\u00e1gosabb vad\u00e1szat \u00e9rdek\u00e9ben 100 mm-es szemkiemel\u00e9ssel tervezt\u00e9k, \u00e9s a hagyom\u00e1nyos optikai c\u00e9lz\u00f3k\u00e9sz\u00fcl\u00e9keket haszn\u00e1l\u00f3 vad\u00e1szok szok\u00e1saihoz igaz\u00edtott\u00e1k.<\/p>\n<p>800*800 IPS k\u00f6r alak\u00fa kijelz\u0151, amely megfelel az emberi szem szerkezet\u00e9nek, \u00e9s term\u00e9szetesebb vizu\u00e1lis \u00e9lm\u00e9nyt ny\u00fajt.<\/p>\n<p>K\u00fcl\u00f6nb\u00f6z\u0151 magass\u00e1g\u00fa gombokkal k\u00e9sz\u00fclt, hogy megakad\u00e1lyozza a v\u00e9letlen megnyom\u00e1st, \u00e9s m\u00e9g a legs\u00f6t\u00e9tebb \u00e9jszakai k\u00f6r\u00fclm\u00e9nyek k\u00f6z\u00f6tt is pontos navig\u00e1ci\u00f3t tesz lehet\u0151v\u00e9.<\/p>\n<p>Fejlett l\u00e9zeres t\u00e1vols\u00e1gm\u00e9r\u0151 1000 m-es hat\u00f3t\u00e1vols\u00e1ggal. A ballisztikus sz\u00e1mol\u00f3g\u00e9p figyelembe veszi az olyan t\u00e9nyez\u0151ket, mint a rak\u00e9ta kezdeti sebess\u00e9ge \u00e9s s\u00falya, val\u00f3s id\u0151ben mutatja a c\u00e9lt\u00e1vols\u00e1got, \u00e9s a hat\u00e9kony \u00e9s pontos c\u00e9lz\u00e1s \u00e9rdek\u00e9ben jelzi a becsap\u00f3d\u00e1s el\u0151re jelzett pontj\u00e1t.<\/p>\n<p>A k\u00f6nny\u0171, nagy szil\u00e1rds\u00e1g\u00fa alum\u00ednium\u00f6tv\u00f6zet haszn\u00e1lata kiv\u00e1l\u00f3 karc- \u00e9s kop\u00e1s\u00e1ll\u00f3s\u00e1got biztos\u00edt m\u00e9g a zord vad\u00e1szati k\u00f6r\u00fclm\u00e9nyek k\u00f6z\u00f6tt is.<\/p>\n<table dir=\"ltr\" border=\"1\" cellspacing=\"0\" cellpadding=\"0\" data-sheets-root=\"1\" data-sheets-baot=\"1\">\n<colgroup>\n<col width=\"312\" \/>\n<col width=\"437\" \/><\/colgroup>\n<tbody>\n<tr>\n<td>M\u0171szaki param\u00e9terek<\/td>\n<td>\u00c9rt\u00e9kek<\/td>\n<\/tr>\n<tr>\n<td>T\u00edpus<\/td>\n<td>H\u0171t\u00e9s n\u00e9lk\u00fcli VOx (van\u00e1dium-oxid)<\/td>\n<\/tr>\n<tr>\n<td>Felbont\u00e1s (pixel)<\/td>\n<td>640*512<\/td>\n<\/tr>\n<tr>\n<td>Pixel m\u00e9ret (\u00b5m)<\/td>\n<td>12*12<\/td>\n<\/tr>\n<tr>\n<td>NETD<\/td>\n<td>\u226420 mK (0,02 \u2103)<\/td>\n<\/tr>\n<tr>\n<td>K\u00e9pkockasebess\u00e9g (Hz)<\/td>\n<td>50<\/td>\n<\/tr>\n<tr>\n<td>Emberi \u00e9rz\u00e9kel\u00e9si t\u00e1vols\u00e1g (m)<\/td>\n<td>2600<\/td>\n<\/tr>\n<tr>\n<td>Objekt\u00edv (mm)<\/td>\n<td>50<\/td>\n<\/tr>\n<tr>\n<td>Optikai nagy\u00edt\u00e1s (x)<\/td>\n<td>2.5<\/td>\n<\/tr>\n<tr>\n<td>Digit\u00e1lis zoom (x)<\/td>\n<td>2\/4\/6\/8<\/td>\n<\/tr>\n<tr>\n<td>L\u00e1t\u00f3mez\u0151 (v\u00edzszintes)<\/td>\n<td>7,0\u00b0<\/td>\n<\/tr>\n<tr>\n<td>L\u00e1t\u00f3mez\u0151 (f\u00fcgg\u0151leges)<\/td>\n<td>7,0\u00b0<\/td>\n<\/tr>\n<tr>\n<td>L\u00e1t\u00f3mez\u0151 (\u00e1tl\u00f3s)<\/td>\n<td>9,9\u00b0<\/td>\n<\/tr>\n<tr>\n<td>Szemt\u00e1vols\u00e1g (mm)<\/td>\n<td>100<\/td>\n<\/tr>\n<tr>\n<td>Dioptri\u00e1s korrekci\u00f3 (D)<\/td>\n<td>- 5~3<\/td>\n<\/tr>\n<tr>\n<td>Megjelen\u00edt\u00e9s t\u00edpusa<\/td>\n<td>IPS<\/td>\n<\/tr>\n<tr>\n<td>Kijelz\u0151 felbont\u00e1sa (pixel)<\/td>\n<td>800*800<\/td>\n<\/tr>\n<tr>\n<td>C\u00e9lz\u00e1si st\u00edlus<\/td>\n<td>6<\/td>\n<\/tr>\n<tr>\n<td>R\u00e1cs sz\u00edne<\/td>\n<td>4 (piros\/feh\u00e9r\/s\u00e1rga\/z\u00f6ld)<\/td>\n<\/tr>\n<tr>\n<td>Jelenet m\u00f3d<\/td>\n<td>V\u00e1ros\/erd\u0151\/erd\u0151<\/td>\n<\/tr>\n<tr>\n<td>K\u00e9p \u00fczemm\u00f3d<\/td>\n<td>WT-MELEG\/BK-MELEG\/SZEG\u00c9LY\/RD-MELEG\/IN-MELEG\/\u00c9GBOLT<\/td>\n<\/tr>\n<tr>\n<td>F\u00e9nyk\u00e9p felbont\u00e1sa (pixel)<\/td>\n<td>1536*1536<\/td>\n<\/tr>\n<tr>\n<td>F\u00e9nyk\u00e9p form\u00e1tum<\/td>\n<td>.JPG<\/td>\n<\/tr>\n<tr>\n<td>Vide\u00f3 felbont\u00e1s (pixel)<\/td>\n<td>768*768<\/td>\n<\/tr>\n<tr>\n<td>Vide\u00f3 form\u00e1tum<\/td>\n<td>.mp4<\/td>\n<\/tr>\n<tr>\n<td>T\u00e1rol\u00e1s (GB)<\/td>\n<td>Micro SD k\u00e1rtya (max. 128 GB)<\/td>\n<\/tr>\n<tr>\n<td>Image Engine<\/td>\n<td>Pard IREA<\/td>\n<\/tr>\n<tr>\n<td>LRF \u00e9szlel\u00e9si tartom\u00e1ny (m\/yds)<\/td>\n<td>1000\/1200<\/td>\n<\/tr>\n<tr>\n<td>Ballisztikus sz\u00e1mol\u00f3g\u00e9p<\/td>\n<td>Igen<\/td>\n<\/tr>\n<tr>\n<td>PIP<\/td>\n<td>Igen<\/td>\n<\/tr>\n<tr>\n<td>Gyroszk\u00f3p<\/td>\n<td>Igen<\/td>\n<\/tr>\n<tr>\n<td>Recoil-aktiv\u00e1lt felv\u00e9tel<\/td>\n<td>Igen<\/td>\n<\/tr>\n<tr>\n<td>Hurokfelv\u00e9tel<\/td>\n<td>Igen<\/td>\n<\/tr>\n<tr>\n<td>Forr\u00f3 p\u00e1lya<\/td>\n<td>Igen<\/td>\n<\/tr>\n<tr>\n<td>Elektronikus ir\u00e1nyt\u0171<\/td>\n<td>Igen<\/td>\n<\/tr>\n<tr>\n<td>Mikrofon<\/td>\n<td>Igen<\/td>\n<\/tr>\n<tr>\n<td>Firmware friss\u00edt\u00e9s<\/td>\n<td>Igen<\/td>\n<\/tr>\n<tr>\n<td>USB Type-C<\/td>\n<td>Igen<\/td>\n<\/tr>\n<tr>\n<td>HDMI kimenet<\/td>\n<td>Igen<\/td>\n<\/tr>\n<tr>\n<td>WiFi<\/td>\n<td>Igen<\/td>\n<\/tr>\n<tr>\n<td>T\u00e1mogatott alkalmaz\u00e1sok<\/td>\n<td>PardVision2<\/td>\n<\/tr>\n<tr>\n<td>Akkumul\u00e1tor t\u00edpusa<\/td>\n<td>L\u00edtium-ion 21700*1<\/td>\n<\/tr>\n<tr>\n<td>Kimeneti fesz\u00fclts\u00e9g (V)<\/td>\n<td>3.7<\/td>\n<\/tr>\n<tr>\n<td>\u00dczemid\u0151 (h)<\/td>\n<td>\u22645<\/td>\n<\/tr>\n<tr>\n<td>K\u00fcls\u0151 t\u00e1pegys\u00e9g<\/td>\n<td>C-t\u00edpus\u00fa<\/td>\n<\/tr>\n<tr>\n<td>V\u00e9delmi oszt\u00e1ly<\/td>\n<td>IP67<\/td>\n<\/tr>\n<tr>\n<td>\u00dczemi h\u0151m\u00e9rs\u00e9klet (\u00b0C\/\u00b0F)<\/td>\n<td>-30 ~ +55 \/ -22 ~ +131<\/td>\n<\/tr>\n<tr>\n<td>Visszar\u00fag\u00e1ssal szembeni ellen\u00e1ll\u00e1s (J)<\/td>\n<td>6000<\/td>\n<\/tr>\n<tr>\n<td>Test<\/td>\n<td>Alum\u00ednium \u00f6tv\u00f6zet<\/td>\n<\/tr>\n<tr>\n<td>Lencse<\/td>\n<td>Teljesen \u00fcvegb\u0151l k\u00e9sz\u00fclt t\u00f6bbr\u00e9teg\u0171 lencse<\/td>\n<\/tr>\n<tr>\n<td>A term\u00e9k m\u00e9retei (LRF-fel, L*S*H, mm)<\/td>\n<td>Objekt\u00edv Ocelot 480-35 mm: 1826879<br \/>\nObjekt\u00edv Ocelot 480-50 mm: 1826879<\/td>\n<\/tr>\n<tr>\n<td>T\u00f6meg NW\/db (LRF-fel \u00e9s akkumul\u00e1torral, g)<\/td>\n<td>Ocelot 480-35 mm-es objekt\u00edv: 616,5 g<br \/>\nOcelot 480-50 mm-es objekt\u00edv: 647,5 g<\/td>\n<\/tr>\n<\/tbody>\n<\/table>\n<p>A m\u00e1rka hivatalos honlapja: <a href=\"https:\/\/eu.pard.com\/product\/thermal-imaging-scope-ocelot\">https:\/\/eu.pard.com\/product\/thermal-imaging-scope-ocelot<\/a><\/p>","protected":false},"excerpt":{"rendered":"<p>Tartalmaz egy nagy felbont\u00e1s\u00fa \u00e9rz\u00e9kel\u0151t 640*512 felbont\u00e1ssal, amely a cs\u00facstechnol\u00f3gi\u00e1s, h\u0171tetlen VOx technol\u00f3gi\u00e1val p\u00e1rosul, biztos\u00edtva a gazdag r\u00e9szletek \u00e9s a c\u00e9l jellemz\u0151inek tiszta l\u00e1that\u00f3s\u00e1g\u00e1t.<\/p>\n<p>K\u00e9pes \u00e9rz\u00e9kelni a 0,02 \u2103 alatti finom h\u0151m\u00e9rs\u00e9klet-k\u00fcl\u00f6nbs\u00e9geket, \u00e9lesebb \u00e9s r\u00e9szletesebb k\u00e9peket ny\u00fajtva, megk\u00f6nny\u00edtve az objektumok azonos\u00edt\u00e1s\u00e1t k\u00fcl\u00f6nb\u00f6z\u0151 id\u0151j\u00e1r\u00e1si k\u00f6r\u00fclm\u00e9nyek k\u00f6z\u00f6tt.<\/p>","protected":false},"featured_media":4646,"template":"","meta":{"_gspb_post_css":""},"product_brand":[308],"product_cat":[21,144,329],"product_tag":[313,301,229,311,312],"class_list":{"0":"post-4550","1":"product","2":"type-product","3":"status-publish","4":"has-post-thumbnail","6":"product_brand-pard","7":"product_cat-optika","8":"product_cat-termovizie","9":"product_cat-termovizne-puskohlady","10":"product_tag-dialkomer","11":"product_tag-ocelot","12":"product_tag-pard","13":"product_tag-termovizia","14":"product_tag-zameriavac","16":"first","17":"instock","18":"taxable","19":"shipping-taxable","20":"purchasable","21":"product-type-simple"},"ct_brands":[{"id":308,"name":"Pard","slug":"pard"}],"_links":{"self":[{"href":"https:\/\/zbranebudai.sk\/hu\/wp-json\/wp\/v2\/product\/4550","targetHints":{"allow":["GET"]}}],"collection":[{"href":"https:\/\/zbranebudai.sk\/hu\/wp-json\/wp\/v2\/product"}],"about":[{"href":"https:\/\/zbranebudai.sk\/hu\/wp-json\/wp\/v2\/types\/product"}],"wp:featuredmedia":[{"embeddable":true,"href":"https:\/\/zbranebudai.sk\/hu\/wp-json\/wp\/v2\/media\/4646"}],"wp:attachment":[{"href":"https:\/\/zbranebudai.sk\/hu\/wp-json\/wp\/v2\/media?parent=4550"}],"wp:term":[{"taxonomy":"product_brand","embeddable":true,"href":"https:\/\/zbranebudai.sk\/hu\/wp-json\/wp\/v2\/product_brand?post=4550"},{"taxonomy":"product_cat","embeddable":true,"href":"https:\/\/zbranebudai.sk\/hu\/wp-json\/wp\/v2\/product_cat?post=4550"},{"taxonomy":"product_tag","embeddable":true,"href":"https:\/\/zbranebudai.sk\/hu\/wp-json\/wp\/v2\/product_tag?post=4550"}],"curies":[{"name":"wp","href":"https:\/\/api.w.org\/{rel}","templated":true}]}}