{"id":4532,"date":"2025-02-01T21:33:05","date_gmt":"2025-02-01T19:33:05","guid":{"rendered":"https:\/\/zbranebudai.sk\/?post_type=product&#038;p=4532"},"modified":"2025-08-31T03:49:31","modified_gmt":"2025-08-31T01:49:31","slug":"pard-ocelot-480-lrf-35mm-es-hokamera-celtavcso","status":"publish","type":"product","link":"https:\/\/zbranebudai.sk\/hu\/product\/pard-ocelot-480-lrf-35mm-hokamera-celtavcso\/","title":{"rendered":"Pard OCELOT 480 LRF 35 mm-es h\u0151kamer\u00e1s l\u00e1tcs\u0151"},"content":{"rendered":"<p><strong>Pard OCELOT 480 LRF 35 mm-es h\u0151kamer\u00e1s l\u00e1tcs\u0151<\/strong><\/p>\n<p>800*800 IPS k\u00f6r alak\u00fa kerek kijelz\u0151, amely megfelel az emberi szem szerkezet\u00e9nek. Az eredm\u00e9ny egy term\u00e9szetesebb megjelen\u00e9s.<\/p>\n<p>K\u00fcl\u00f6nb\u00f6z\u0151 magass\u00e1g\u00fa gombokkal k\u00e9sz\u00fclt, hogy megakad\u00e1lyozza a v\u00e9letlen \u00e9rint\u00e9seket, \u00e9s m\u00e9g a legs\u00f6t\u00e9tebb \u00e9jszak\u00e1kon is pontos navig\u00e1ci\u00f3t biztos\u00edtson.<\/p>\n<p>Fejlett l\u00e9zeres t\u00e1vols\u00e1gm\u00e9r\u0151 1000 m-es hat\u00f3t\u00e1vols\u00e1ggal. A ballisztikai kalkul\u00e1tor figyelembe veszi az olyan t\u00e9nyez\u0151ket, mint a torkolati sebess\u00e9g \u00e9s a l\u00f6ved\u00e9k s\u00falya, val\u00f3s idej\u0171 c\u00e9lt\u00e1vols\u00e1got biztos\u00edt, \u00e9s a hat\u00e9kony \u00e9s pontos megold\u00e1s \u00e9rdek\u00e9ben megmutatja a becs\u00fclt becsap\u00f3d\u00e1si pontot.<\/p>\n<p>A k\u00f6nny\u0171 \u00e9s nagy szil\u00e1rds\u00e1g\u00fa alum\u00ednium\u00f6tv\u00f6zet haszn\u00e1lata kiv\u00e1l\u00f3 karc- \u00e9s kop\u00e1s\u00e1ll\u00f3s\u00e1got biztos\u00edt, m\u00e9g zord vad\u00e1szati k\u00f6r\u00fclm\u00e9nyek k\u00f6z\u00f6tt is.<\/p>\n<table border=\"0\" cellspacing=\"0\">\n<colgroup span=\"2\" width=\"85\"><\/colgroup>\n<tbody>\n<tr>\n<td colspan=\"2\" align=\"left\" height=\"17\"><b><span style=\"font-family: Liberation Serif\">H\u0151\u00e9rz\u00e9kel\u0151<\/span><\/b><\/td>\n<\/tr>\n<tr>\n<td align=\"left\" height=\"47\"><span style=\"font-family: Liberation Serif\">T\u00edpus<\/span><\/td>\n<td align=\"left\"><span style=\"font-family: Liberation Serif\">H\u0171t\u00e9s n\u00e9lk\u00fcli VOx (van\u00e1dium-oxid)<\/span><\/td>\n<\/tr>\n<tr>\n<td align=\"left\" height=\"32\"><span style=\"font-family: Liberation Serif\">Felbont\u00e1s (pixel)<\/span><\/td>\n<td align=\"left\"><span style=\"font-family: Liberation Serif\">480*360<\/span><\/td>\n<\/tr>\n<tr>\n<td align=\"left\" height=\"32\"><span style=\"font-family: Liberation Serif\">Pixel m\u00e9ret (\u00b5m)<\/span><\/td>\n<td align=\"left\"><span style=\"font-family: Liberation Serif\">12*12<\/span><\/td>\n<\/tr>\n<tr>\n<td align=\"left\" height=\"47\"><span style=\"font-family: Liberation Serif\">NETD<\/span><\/td>\n<td align=\"left\"><span style=\"font-family: DejaVu Sans\">\u226420 mK\uff080.02\u2103\uff09<\/span><\/td>\n<\/tr>\n<tr>\n<td align=\"left\" height=\"47\"><span style=\"font-family: Liberation Serif\">K\u00e9pkockasebess\u00e9g (Hz)<\/span><\/td>\n<td align=\"left\"><span style=\"font-family: Liberation Serif\">50<\/span><\/td>\n<\/tr>\n<tr>\n<td align=\"left\" height=\"47\"><span style=\"font-family: Liberation Serif\">Emberi \u00e9rz\u00e9kel\u00e9si t\u00e1vols\u00e1g (m)<\/span><\/td>\n<td align=\"left\"><span style=\"font-family: Liberation Serif\">1800\/2600<\/span><\/td>\n<\/tr>\n<tr>\n<td align=\"left\" height=\"32\"><span style=\"font-family: Liberation Serif\">Objekt\u00edv (mm)<\/span><\/td>\n<td align=\"left\"><span style=\"font-family: Liberation Serif\">35\/50<\/span><\/td>\n<\/tr>\n<tr>\n<td align=\"left\" height=\"32\"><span style=\"font-family: Liberation Serif\">Optikai nagy\u00edt\u00e1s (x)<\/span><\/td>\n<td align=\"left\"><span style=\"font-family: Liberation Serif\">2,3\/3,3<\/span><\/td>\n<\/tr>\n<tr>\n<td align=\"left\" height=\"32\"><span style=\"font-family: Liberation Serif\">Digit\u00e1lis zoom (x)<\/span><\/td>\n<td align=\"left\"><span style=\"font-family: Liberation Serif\">2\/4\/6\/8<\/span><\/td>\n<\/tr>\n<tr>\n<td align=\"left\" height=\"32\"><span style=\"font-family: Liberation Serif\">L\u00e1t\u00f3mez\u0151 (v\u00edzszintes)<\/span><\/td>\n<td align=\"left\"><span style=\"font-family: Liberation Serif\">7,1\u00b0\/5,0\u00b0<\/span><\/td>\n<\/tr>\n<tr>\n<td align=\"left\" height=\"32\"><span style=\"font-family: Liberation Serif\">L\u00e1t\u00f3mez\u0151 (f\u00fcgg\u0151leges)<\/span><\/td>\n<td align=\"left\"><span style=\"font-family: Liberation Serif\">7,1\u00b0\/5,0\u00b0<\/span><\/td>\n<\/tr>\n<tr>\n<td align=\"left\" height=\"32\"><span style=\"font-family: Liberation Serif\">L\u00e1t\u00f3mez\u0151 (\u00e1tl\u00f3s)<\/span><\/td>\n<td align=\"left\"><span style=\"font-family: Liberation Serif\">10,0\u00b0\/7,0\u00b0<\/span><\/td>\n<\/tr>\n<tr>\n<td align=\"left\" height=\"32\"><span style=\"font-family: Liberation Serif\">Szemt\u00e1vols\u00e1g (mm)<\/span><\/td>\n<td align=\"left\"><span style=\"font-family: Liberation Serif\">100<\/span><\/td>\n<\/tr>\n<tr>\n<td align=\"left\" height=\"32\"><span style=\"font-family: Liberation Serif\">Dioptri\u00e1s korrekci\u00f3 (D)<\/span><\/td>\n<td align=\"left\"><span style=\"font-family: Liberation Serif\">- 5~3<\/span><\/td>\n<\/tr>\n<tr>\n<td align=\"left\" height=\"17\"><span style=\"font-family: Liberation Serif\">T\u00edpus<\/span><\/td>\n<td align=\"left\"><span style=\"font-family: Liberation Serif\">IPS<\/span><\/td>\n<\/tr>\n<tr>\n<td align=\"left\" height=\"32\"><span style=\"font-family: Liberation Serif\">Felbont\u00e1s (pixel)<\/span><\/td>\n<td align=\"left\"><span style=\"font-family: Liberation Serif\">800*800<\/span><\/td>\n<\/tr>\n<tr>\n<td align=\"left\" height=\"32\"><span style=\"font-family: Liberation Serif\">F\u00f3kusz\u00e1l\u00f3 st\u00edlus<\/span><\/td>\n<td align=\"left\"><span style=\"font-family: Liberation Serif\">6<\/span><\/td>\n<\/tr>\n<tr>\n<td align=\"left\" height=\"47\"><span style=\"font-family: Liberation Serif\">R\u00e1cs sz\u00edne<\/span><\/td>\n<td align=\"left\"><span style=\"font-family: Liberation Serif\">4 (piros\/feh\u00e9r\/s\u00e1rga\/z\u00f6ld)<\/span><\/td>\n<\/tr>\n<tr>\n<td align=\"left\" height=\"32\"><span style=\"font-family: Liberation Serif\">Jelenet m\u00f3d<\/span><\/td>\n<td align=\"left\"><span style=\"font-family: Liberation Serif\">V\u00e1ros\/v\u00e1ros\/erd\u0151<\/span><\/td>\n<\/tr>\n<tr>\n<td align=\"left\" height=\"62\"><span style=\"font-family: Liberation Serif\">K\u00e9p \u00fczemm\u00f3d<\/span><\/td>\n<td align=\"left\"><span style=\"font-family: Liberation Serif\">WT-MELEG\/BK-MELEG\/SZEG\u00c9LY\/RD-MELEG\/IN-MELEG\/\u00c9GBOLT<\/span><\/td>\n<\/tr>\n<tr>\n<td align=\"left\" height=\"47\"><span style=\"font-family: Liberation Serif\">F\u00e9nyk\u00e9p felbont\u00e1sa (pixelben)<\/span><\/td>\n<td align=\"left\"><span style=\"font-family: Liberation Serif\">1536*1536<\/span><\/td>\n<\/tr>\n<tr>\n<td align=\"left\" height=\"32\"><span style=\"font-family: Liberation Serif\">F\u00e9nyk\u00e9p form\u00e1tum<\/span><\/td>\n<td align=\"left\"><span style=\"font-family: Liberation Serif\">.JPG<\/span><\/td>\n<\/tr>\n<tr>\n<td align=\"left\" height=\"47\"><span style=\"font-family: Liberation Serif\">Vide\u00f3felbont\u00e1s (pixelben)<\/span><\/td>\n<td align=\"left\"><span style=\"font-family: Liberation Serif\">768*768<\/span><\/td>\n<\/tr>\n<tr>\n<td align=\"left\" height=\"17\"><span style=\"font-family: Liberation Serif\">Vide\u00f3 form\u00e1tum<\/span><\/td>\n<td align=\"left\"><span style=\"font-family: Liberation Serif\">.mp4<\/span><\/td>\n<\/tr>\n<tr>\n<td align=\"left\" height=\"47\"><span style=\"font-family: Liberation Serif\">T\u00e1rol\u00e1s (GB)<\/span><\/td>\n<td align=\"left\"><span style=\"font-family: Liberation Serif\">Micro SD k\u00e1rtya (max. 128 GB)<\/span><\/td>\n<\/tr>\n<tr>\n<td align=\"left\" height=\"17\"><span style=\"font-family: Liberation Serif\">Image Engine<\/span><\/td>\n<td align=\"left\"><span style=\"font-family: Liberation Serif\">Pard IREA<\/span><\/td>\n<\/tr>\n<tr>\n<td align=\"left\" height=\"47\"><span style=\"font-family: Liberation Serif\">LRF \u00e9szlel\u00e9si tartom\u00e1ny (m\/yds)<\/span><\/td>\n<td align=\"left\"><span style=\"font-family: Liberation Serif\">1000\/1200<\/span><\/td>\n<\/tr>\n<tr>\n<td align=\"left\" height=\"32\"><span style=\"font-family: Liberation Serif\">Ballisztikus sz\u00e1mol\u00f3g\u00e9p<\/span><\/td>\n<td align=\"left\"><span style=\"font-family: Liberation Serif\">Igen<\/span><\/td>\n<\/tr>\n<tr>\n<td align=\"left\" height=\"17\"><span style=\"font-family: Liberation Serif\">PIP<\/span><\/td>\n<td align=\"left\"><span style=\"font-family: Liberation Serif\">Igen<\/span><\/td>\n<\/tr>\n<tr>\n<td align=\"left\" height=\"17\"><span style=\"font-family: Liberation Serif\">Gyroszk\u00f3p<\/span><\/td>\n<td align=\"left\"><span style=\"font-family: Liberation Serif\">Igen<\/span><\/td>\n<\/tr>\n<tr>\n<td align=\"left\" height=\"62\"><span style=\"font-family: Liberation Serif\">Recoil-aktiv\u00e1lt felv\u00e9tel<\/span><\/td>\n<td align=\"left\"><span style=\"font-family: Liberation Serif\">Igen<\/span><\/td>\n<\/tr>\n<tr>\n<td align=\"left\" height=\"32\"><span style=\"font-family: Liberation Serif\">Hurokfelv\u00e9tel<\/span><\/td>\n<td align=\"left\"><span style=\"font-family: Liberation Serif\">Igen<\/span><\/td>\n<\/tr>\n<tr>\n<td align=\"left\" height=\"17\"><span style=\"font-family: Liberation Serif\">Forr\u00f3 p\u00e1lya<\/span><\/td>\n<td align=\"left\"><span style=\"font-family: Liberation Serif\">Igen<\/span><\/td>\n<\/tr>\n<tr>\n<td align=\"left\" height=\"32\"><span style=\"font-family: Liberation Serif\">Elektronikus ir\u00e1nyt\u0171<\/span><\/td>\n<td align=\"left\"><span style=\"font-family: Liberation Serif\">Igen<\/span><\/td>\n<\/tr>\n<tr>\n<td align=\"left\" height=\"17\"><span style=\"font-family: Liberation Serif\">Mikrofon<\/span><\/td>\n<td align=\"left\"><span style=\"font-family: Liberation Serif\">Igen<\/span><\/td>\n<\/tr>\n<tr>\n<td align=\"left\" height=\"32\"><span style=\"font-family: Liberation Serif\">Firmware friss\u00edt\u00e9s<\/span><\/td>\n<td align=\"left\"><span style=\"font-family: Liberation Serif\">Igen<\/span><\/td>\n<\/tr>\n<tr>\n<td align=\"left\" height=\"17\"><span style=\"font-family: Liberation Serif\">USB Tpye-C<\/span><\/td>\n<td align=\"left\"><span style=\"font-family: Liberation Serif\">Igen<\/span><\/td>\n<\/tr>\n<tr>\n<td align=\"left\" height=\"17\"><span style=\"font-family: Liberation Serif\">HDMI kimenet<\/span><\/td>\n<td align=\"left\"><span style=\"font-family: Liberation Serif\">Igen<\/span><\/td>\n<\/tr>\n<tr>\n<td align=\"left\" height=\"17\"><span style=\"font-family: Liberation Serif\">WiFi<\/span><\/td>\n<td align=\"left\"><span style=\"font-family: Liberation Serif\">Igen<\/span><\/td>\n<\/tr>\n<tr>\n<td align=\"left\" height=\"32\"><span style=\"font-family: Liberation Serif\">T\u00e1mogatott alkalmaz\u00e1sok<\/span><\/td>\n<td align=\"left\"><span style=\"font-family: Liberation Serif\">PardVision2<\/span><\/td>\n<\/tr>\n<tr>\n<td align=\"left\" height=\"32\"><span style=\"font-family: Liberation Serif\">Akkumul\u00e1tor t\u00edpusa<\/span><\/td>\n<td align=\"left\"><span style=\"font-family: Liberation Serif\">L\u00edtium-ion 21700*1<\/span><\/td>\n<\/tr>\n<tr>\n<td align=\"left\" height=\"32\"><span style=\"font-family: Liberation Serif\">Kimeneti fesz\u00fclts\u00e9g (V)<\/span><\/td>\n<td align=\"left\"><span style=\"font-family: Liberation Serif\">3.7<\/span><\/td>\n<\/tr>\n<tr>\n<td align=\"left\" height=\"32\"><span style=\"font-family: Liberation Serif\">\u00dczemid\u0151 (h)<\/span><\/td>\n<td align=\"left\"><span style=\"font-family: Liberation Serif\">\u22645<\/span><\/td>\n<\/tr>\n<tr>\n<td align=\"left\" height=\"32\"><span style=\"font-family: Liberation Serif\">K\u00fcls\u0151 t\u00e1pegys\u00e9g<\/span><\/td>\n<td align=\"left\"><span style=\"font-family: Liberation Serif\">C-t\u00edpus\u00fa<\/span><\/td>\n<\/tr>\n<tr>\n<td align=\"left\" height=\"32\"><span style=\"font-family: Liberation Serif\">V\u00e9delmi oszt\u00e1ly<\/span><\/td>\n<td align=\"left\"><span style=\"font-family: Liberation Serif\">IP67<\/span><\/td>\n<\/tr>\n<tr>\n<td align=\"left\" height=\"47\"><span style=\"font-family: Liberation Serif\">\u00dczemi h\u0151m\u00e9rs\u00e9klet (\u00b0C\/\u00b0F)<\/span><\/td>\n<td align=\"left\"><span style=\"font-family: Liberation Serif\">-30 ~ +55 \/ -22 ~ +131<\/span><\/td>\n<\/tr>\n<tr>\n<td align=\"left\" height=\"62\"><span style=\"font-family: Liberation Serif\">Visszar\u00fag\u00e1ssal szembeni ellen\u00e1ll\u00e1s (J)<\/span><\/td>\n<td align=\"left\"><span style=\"font-family: Liberation Serif\">6000<\/span><\/td>\n<\/tr>\n<tr>\n<td align=\"left\" height=\"32\"><span style=\"font-family: Liberation Serif\">Lakhat\u00e1s<\/span><\/td>\n<td align=\"left\"><span style=\"font-family: Liberation Serif\">Alum\u00ednium \u00f6tv\u00f6zet<\/span><\/td>\n<\/tr>\n<tr>\n<td align=\"left\" height=\"47\"><span style=\"font-family: Liberation Serif\">Lencse lencse<\/span><\/td>\n<td align=\"left\"><span style=\"font-family: Liberation Serif\">Teljesen \u00fcvegb\u0151l k\u00e9sz\u00fclt t\u00f6bbr\u00e9teg\u0171 lencse<\/span><\/td>\n<\/tr>\n<tr>\n<td align=\"left\" height=\"121\"><span style=\"font-family: Liberation Serif\">A term\u00e9k m\u00e9rete (LRF-fel, L*S*H, mm)<\/span><\/td>\n<td align=\"left\"><span style=\"font-family: Liberation Serif\">Objekt\u00edv Ocelot 480-35 mm: 182*68*79<br \/>\nOcelot 480-50mm objekt\u00edv: 182*68*79<\/span><\/td>\n<\/tr>\n<tr>\n<td align=\"left\" height=\"121\"><span style=\"font-family: Liberation Serif\">NW\/db (LRF \u00e9s akkumul\u00e1torral, g)<\/span><\/td>\n<td align=\"left\"><span style=\"font-family: Liberation Serif\">Ocelot 480-35 mm-es objekt\u00edv: 616,5 g<br \/>\nOcelot 480-50 mm-es objekt\u00edv: 647,5 g<\/span><\/td>\n<\/tr>\n<\/tbody>\n<\/table>\n<p>Hivatalos m\u00e1rkaoldal: <a href=\"https:\/\/eu.pard.com\/product\/thermal-imaging-scope-ocelot\">https:\/\/eu.pard.com\/product\/thermal-imaging-scope-ocelot<\/a><\/p>","protected":false},"excerpt":{"rendered":"<p>Nagy felbont\u00e1s\u00fa, 480*360-as felbont\u00e1s\u00fa \u00e9rz\u00e9kel\u0151vel rendelkezik, amely a legmodernebb, h\u0171t\u00e9s n\u00e9lk\u00fcli Vox technol\u00f3gi\u00e1val p\u00e1rosulva biztos\u00edtja a gazdag r\u00e9szletek tiszta l\u00e1that\u00f3s\u00e1g\u00e1t.<\/p>\n<p>\u00c9rz\u00e9keli a 0,02 \u2103 alatti finom h\u0151m\u00e9rs\u00e9klet-k\u00fcl\u00f6nbs\u00e9geket, tiszt\u00e1bb \u00e9s r\u00e9szletesebb k\u00e9peket biztos\u00edt, \u00e9s megk\u00f6nny\u00edti az objektumok azonos\u00edt\u00e1s\u00e1t k\u00fcl\u00f6nb\u00f6z\u0151 id\u0151j\u00e1r\u00e1si k\u00f6r\u00fclm\u00e9nyek k\u00f6z\u00f6tt.<\/p>","protected":false},"featured_media":4638,"template":"","meta":{"_gspb_post_css":""},"product_brand":[308],"product_cat":[21,144,326],"product_tag":[301,229,311,312],"class_list":{"0":"post-4532","1":"product","2":"type-product","3":"status-publish","4":"has-post-thumbnail","6":"product_brand-pard","7":"product_cat-optika","8":"product_cat-termovizie","9":"product_cat-termovizne-zameriavace","10":"product_tag-ocelot","11":"product_tag-pard","12":"product_tag-termovizia","13":"product_tag-zameriavac","15":"first","16":"instock","17":"taxable","18":"shipping-taxable","19":"purchasable","20":"product-type-simple"},"ct_brands":[{"id":308,"name":"Pard","slug":"pard"}],"_links":{"self":[{"href":"https:\/\/zbranebudai.sk\/hu\/wp-json\/wp\/v2\/product\/4532","targetHints":{"allow":["GET"]}}],"collection":[{"href":"https:\/\/zbranebudai.sk\/hu\/wp-json\/wp\/v2\/product"}],"about":[{"href":"https:\/\/zbranebudai.sk\/hu\/wp-json\/wp\/v2\/types\/product"}],"wp:featuredmedia":[{"embeddable":true,"href":"https:\/\/zbranebudai.sk\/hu\/wp-json\/wp\/v2\/media\/4638"}],"wp:attachment":[{"href":"https:\/\/zbranebudai.sk\/hu\/wp-json\/wp\/v2\/media?parent=4532"}],"wp:term":[{"taxonomy":"product_brand","embeddable":true,"href":"https:\/\/zbranebudai.sk\/hu\/wp-json\/wp\/v2\/product_brand?post=4532"},{"taxonomy":"product_cat","embeddable":true,"href":"https:\/\/zbranebudai.sk\/hu\/wp-json\/wp\/v2\/product_cat?post=4532"},{"taxonomy":"product_tag","embeddable":true,"href":"https:\/\/zbranebudai.sk\/hu\/wp-json\/wp\/v2\/product_tag?post=4532"}],"curies":[{"name":"wp","href":"https:\/\/api.w.org\/{rel}","templated":true}]}}