{"id":4531,"date":"2025-02-01T21:33:05","date_gmt":"2025-02-01T19:33:05","guid":{"rendered":"https:\/\/zbranebudai.sk\/?post_type=product&#038;p=4531"},"modified":"2025-08-31T03:49:31","modified_gmt":"2025-08-31T01:49:31","slug":"pard-ocelot-256-hokamera-celtavcso","status":"publish","type":"product","link":"https:\/\/zbranebudai.sk\/hu\/product\/pard-ocelot-256-hokamera-celtavcso\/","title":{"rendered":"Pard OCELOT 256 h\u0151kamer\u00e1s l\u00e1t\u00f3sz\u00f6g"},"content":{"rendered":"<p><strong>Pard OCELOT 256 termov\u00edzny zameriava\u010d<\/strong><\/p>\n<p>Kruhov\u00fd okr\u00fahly displej 800 * 800 IPS, ktor\u00fd zodpoved\u00e1 \u0161trukt\u00fare \u013eudsk\u00e9ho oka. V\u00fdsledkom je prirodzenej\u0161\u00ed poh\u013ead.<\/p>\n<p>Vyroben\u00e9 s tla\u010didlami r\u00f4znych v\u00fd\u0161ok, ktor\u00e9 zabra\u0148uj\u00fa n\u00e1hodn\u00fdm dotykom a zais\u0165uj\u00fa presn\u00fa navig\u00e1ciu aj v najtemnej\u0161\u00edch nociach.<\/p>\n<p>Pokro\u010dil\u00fd laserov\u00fd dia\u013ekomer s dosahom 1000 m. Balistick\u00fd kalkul\u00e1tor berie do \u00favahy faktory, ako s\u00fa \u00fas\u0165ov\u00e1 r\u00fdchlos\u0165 a hmotnos\u0165 strely, poskytuje v re\u00e1lnom \u010dase vzdialenos\u0165 cie\u013ea a zobrazuje odhadovan\u00fd bod dopadu pre efekt\u00edvne a presn\u00e9 rie\u0161enie.<\/p>\n<p>Pou\u017eitie \u013eahkej a vysoko pevnej hlin\u00edkovej zliatiny zais\u0165uje vynikaj\u00facu odolnos\u0165 proti po\u0161kriabaniu a opotrebeniu, aj v drsn\u00fdch podmienkach lovu.<\/p>\n<div class=\"group\/conversation-turn relative flex w-full min-w-0 flex-col agent-turn\">\n<div class=\"flex-col gap-1 md:gap-3\">\n<div class=\"flex max-w-full flex-col flex-grow\">\n<div class=\"min-h-8 text-message flex w-full flex-col items-end gap-2 whitespace-normal break-words text-start [.text-message+&amp;]:mt-5\" dir=\"auto\" data-message-author-role=\"assistant\" data-message-id=\"3f0f3ee8-523b-4618-a5db-3e49c398b71f\" data-message-model-slug=\"gpt-4o-mini\">\n<div class=\"flex w-full flex-col gap-1 empty:hidden first:pt-[3px]\">\n<div class=\"markdown prose w-full break-words dark:prose-invert light\">\n<table border=\"0\" cellspacing=\"0\">\n<colgroup span=\"2\" width=\"85\"><\/colgroup>\n<tbody>\n<tr>\n<td colspan=\"2\" align=\"left\" height=\"17\"><b><span style=\"font-family: Liberation Serif\">Tepeln\u00fd senzor<\/span><\/b><\/td>\n<\/tr>\n<tr>\n<td align=\"left\" height=\"47\"><span style=\"font-family: Liberation Serif\">Typ<\/span><\/td>\n<td align=\"left\"><span style=\"font-family: Liberation Serif\">Nechlazen\u00fd VOx (oxid vanadi\u010dn\u00fd)<\/span><\/td>\n<\/tr>\n<tr>\n<td align=\"left\" height=\"32\"><span style=\"font-family: Liberation Serif\">Rozli\u0161en\u00ed (pixel)<\/span><\/td>\n<td align=\"left\"><span style=\"font-family: Liberation Serif\">256*192<\/span><\/td>\n<\/tr>\n<tr>\n<td align=\"left\" height=\"32\"><span style=\"font-family: Liberation Serif\">Velikost pixel\u016f (\u00b5m)<\/span><\/td>\n<td align=\"left\"><span style=\"font-family: Liberation Serif\">12*12<\/span><\/td>\n<\/tr>\n<tr>\n<td align=\"left\" height=\"47\"><span style=\"font-family: Liberation Serif\">NETD<\/span><\/td>\n<td align=\"left\"><span style=\"font-family: DejaVu Sans\">\u226425 mK\uff080,025\u2103\uff09<\/span><\/td>\n<\/tr>\n<tr>\n<td align=\"left\" height=\"47\"><span style=\"font-family: Liberation Serif\">Sn\u00edmkov\u00e1 frekvence (Hz)<\/span><\/td>\n<td align=\"left\"><span style=\"font-family: Liberation Serif\">50<\/span><\/td>\n<\/tr>\n<tr>\n<td align=\"left\" height=\"47\"><span style=\"font-family: Liberation Serif\">Vzd\u00e1lenost detekce \u010dlov\u011bka (m)<\/span><\/td>\n<td align=\"left\"><span style=\"font-family: Liberation Serif\">900<\/span><\/td>\n<\/tr>\n<tr>\n<td align=\"left\" height=\"32\"><span style=\"font-family: Liberation Serif\">Objektiv (mm)<\/span><\/td>\n<td align=\"left\"><span style=\"font-family: Liberation Serif\">19<\/span><\/td>\n<\/tr>\n<tr>\n<td align=\"left\" height=\"32\"><span style=\"font-family: Liberation Serif\">Optick\u00e9 zv\u011bt\u0161en\u00ed (x)<\/span><\/td>\n<td align=\"left\"><span style=\"font-family: Liberation Serif\">3,5<\/span><\/td>\n<\/tr>\n<tr>\n<td align=\"left\" height=\"32\"><span style=\"font-family: Liberation Serif\">Digit\u00e1ln\u00ed zoom (x)<\/span><\/td>\n<td align=\"left\"><span style=\"font-family: Liberation Serif\">2\/4\/6\/8<\/span><\/td>\n<\/tr>\n<tr>\n<td align=\"left\" height=\"32\"><span style=\"font-family: Liberation Serif\">Zorn\u00e9 pole (horizont\u00e1ln\u00ed)<\/span><\/td>\n<td align=\"left\"><span style=\"font-family: Liberation Serif\">9,2\u00b0<\/span><\/td>\n<\/tr>\n<tr>\n<td align=\"left\" height=\"32\"><span style=\"font-family: Liberation Serif\">Zorn\u00e9 pole (vertik\u00e1ln\u00ed)<\/span><\/td>\n<td align=\"left\"><span style=\"font-family: Liberation Serif\">6,9\u00b0<\/span><\/td>\n<\/tr>\n<tr>\n<td align=\"left\" height=\"32\"><span style=\"font-family: Liberation Serif\">Zorn\u00e9 pole (\u00fahlop\u0159\u00ed\u010dn\u011b)<\/span><\/td>\n<td align=\"left\"><span style=\"font-family: Liberation Serif\">11,5\u00b0<\/span><\/td>\n<\/tr>\n<tr>\n<td align=\"left\" height=\"32\"><span style=\"font-family: Liberation Serif\">O\u010dn\u00ed reli\u00e9f (mm)<\/span><\/td>\n<td align=\"left\"><span style=\"font-family: Liberation Serif\">30<\/span><\/td>\n<\/tr>\n<tr>\n<td align=\"left\" height=\"32\"><span style=\"font-family: Liberation Serif\">Dioptrick\u00e1 korekce (D)<\/span><\/td>\n<td align=\"left\"><span style=\"font-family: Liberation Serif\">3m~<\/span><\/td>\n<\/tr>\n<tr>\n<td align=\"left\" height=\"17\"><span style=\"font-family: Liberation Serif\">Typ<\/span><\/td>\n<td align=\"left\"><span style=\"font-family: Liberation Serif\">OLED<\/span><\/td>\n<\/tr>\n<tr>\n<td align=\"left\" height=\"32\"><span style=\"font-family: Liberation Serif\">Rozli\u0161en\u00ed (pixel)<\/span><\/td>\n<td align=\"left\"><span style=\"font-family: Liberation Serif\">1024*768<\/span><\/td>\n<\/tr>\n<tr>\n<td align=\"left\" height=\"32\"><span style=\"font-family: Liberation Serif\">Zam\u011b\u0159ovac\u00ed styl<\/span><\/td>\n<td align=\"left\"><span style=\"font-family: Liberation Serif\">5<\/span><\/td>\n<\/tr>\n<tr>\n<td align=\"left\" height=\"47\"><span style=\"font-family: Liberation Serif\">Barva m\u0159\u00ed\u017eky<\/span><\/td>\n<td align=\"left\"><span style=\"font-family: Liberation Serif\">4 (\u010derven\u00e1\/b\u00edl\u00e1\/\u017elut\u00e1\/zelen\u00e1)<\/span><\/td>\n<\/tr>\n<tr>\n<td align=\"left\" height=\"32\"><span style=\"font-family: Liberation Serif\">Re\u017eim sc\u00e9ny<\/span><\/td>\n<td align=\"left\"><span style=\"font-family: Liberation Serif\">M\u011bsto\/d\u00e9\u0161\u0165\/les<\/span><\/td>\n<\/tr>\n<tr>\n<td align=\"left\" height=\"62\"><span style=\"font-family: Liberation Serif\">Re\u017eim obrazu<\/span><\/td>\n<td align=\"left\"><span style=\"font-family: Liberation Serif\">WT-HOT\/BK-HOT\/EDGE\/RD-HOT\/IN-HOT\/SKY<\/span><\/td>\n<\/tr>\n<tr>\n<td align=\"left\" height=\"47\"><span style=\"font-family: Liberation Serif\">Rozli\u0161en\u00ed fotografie (v pixelech)<\/span><\/td>\n<td align=\"left\"><span style=\"font-family: Liberation Serif\">1024*768<\/span><\/td>\n<\/tr>\n<tr>\n<td align=\"left\" height=\"32\"><span style=\"font-family: Liberation Serif\">Form\u00e1t fotografie<\/span><\/td>\n<td align=\"left\"><span style=\"font-family: Liberation Serif\">.JPG<\/span><\/td>\n<\/tr>\n<tr>\n<td align=\"left\" height=\"47\"><span style=\"font-family: Liberation Serif\">Rozli\u0161en\u00ed videa (v pixelech)<\/span><\/td>\n<td align=\"left\"><span style=\"font-family: Liberation Serif\">1024*768<\/span><\/td>\n<\/tr>\n<tr>\n<td align=\"left\" height=\"17\"><span style=\"font-family: Liberation Serif\">Form\u00e1t videa<\/span><\/td>\n<td align=\"left\"><span style=\"font-family: Liberation Serif\">.mp4<\/span><\/td>\n<\/tr>\n<tr>\n<td align=\"left\" height=\"47\"><span style=\"font-family: Liberation Serif\">\u00dalo\u017ei\u0161t\u011b (GB)<\/span><\/td>\n<td align=\"left\"><span style=\"font-family: Liberation Serif\">Micro SD karta (max. 128 GB)<\/span><\/td>\n<\/tr>\n<tr>\n<td align=\"left\" height=\"17\"><span style=\"font-family: Liberation Serif\">Image Engine<\/span><\/td>\n<td align=\"left\"><span style=\"font-family: Liberation Serif\">Pard IREA<\/span><\/td>\n<\/tr>\n<tr>\n<td align=\"left\" height=\"47\"><span style=\"font-family: Liberation Serif\">Rozsah detekce LRF (m\/yds)<\/span><\/td>\n<td align=\"left\"><span style=\"font-family: Liberation Serif\">&#8211;<\/span><\/td>\n<\/tr>\n<tr>\n<td align=\"left\" height=\"32\"><span style=\"font-family: Liberation Serif\">Balistick\u00e1 kalkula\u010dka<\/span><\/td>\n<td align=\"left\"><span style=\"font-family: Liberation Serif\">Ano<\/span><\/td>\n<\/tr>\n<tr>\n<td align=\"left\" height=\"17\"><span style=\"font-family: Liberation Serif\">PIP<\/span><\/td>\n<td align=\"left\"><span style=\"font-family: Liberation Serif\">Ano<\/span><\/td>\n<\/tr>\n<tr>\n<td align=\"left\" height=\"17\"><span style=\"font-family: Liberation Serif\">Gyroskop<\/span><\/td>\n<td align=\"left\"><span style=\"font-family: Liberation Serif\">Ano<\/span><\/td>\n<\/tr>\n<tr>\n<td align=\"left\" height=\"62\"><span style=\"font-family: Liberation Serif\">Nahr\u00e1v\u00e1n\u00ed aktivovan\u00e9 zp\u011btn\u00fdm r\u00e1zem<\/span><\/td>\n<td align=\"left\"><span style=\"font-family: Liberation Serif\">Ano<\/span><\/td>\n<\/tr>\n<tr>\n<td align=\"left\" height=\"32\"><span style=\"font-family: Liberation Serif\">Nahr\u00e1v\u00e1n\u00ed ve smy\u010dce<\/span><\/td>\n<td align=\"left\"><span style=\"font-family: Liberation Serif\">Ano<\/span><\/td>\n<\/tr>\n<tr>\n<td align=\"left\" height=\"17\"><span style=\"font-family: Liberation Serif\">Hot Track<\/span><\/td>\n<td align=\"left\"><span style=\"font-family: Liberation Serif\">&#8211;<\/span><\/td>\n<\/tr>\n<tr>\n<td align=\"left\" height=\"32\"><span style=\"font-family: Liberation Serif\">Elektronick\u00fd kompas<\/span><\/td>\n<td align=\"left\"><span style=\"font-family: Liberation Serif\">&#8211;<\/span><\/td>\n<\/tr>\n<tr>\n<td align=\"left\" height=\"17\"><span style=\"font-family: Liberation Serif\">Mikrofon<\/span><\/td>\n<td align=\"left\"><span style=\"font-family: Liberation Serif\">Ano<\/span><\/td>\n<\/tr>\n<tr>\n<td align=\"left\" height=\"32\"><span style=\"font-family: Liberation Serif\">Upgrade firmwaru<\/span><\/td>\n<td align=\"left\"><span style=\"font-family: Liberation Serif\">Ano<\/span><\/td>\n<\/tr>\n<tr>\n<td align=\"left\" height=\"17\"><span style=\"font-family: Liberation Serif\">USB Tpye-C<\/span><\/td>\n<td align=\"left\"><span style=\"font-family: Liberation Serif\">Ano<\/span><\/td>\n<\/tr>\n<tr>\n<td align=\"left\" height=\"17\"><span style=\"font-family: Liberation Serif\">HDMI v\u00fdstup<\/span><\/td>\n<td align=\"left\"><span style=\"font-family: Liberation Serif\">Ano<\/span><\/td>\n<\/tr>\n<tr>\n<td align=\"left\" height=\"17\"><span style=\"font-family: Liberation Serif\">WiFi<\/span><\/td>\n<td align=\"left\"><span style=\"font-family: Liberation Serif\">Ano<\/span><\/td>\n<\/tr>\n<tr>\n<td align=\"left\" height=\"32\"><span style=\"font-family: Liberation Serif\">Podporovan\u00e9 aplikace<\/span><\/td>\n<td align=\"left\"><span style=\"font-family: Liberation Serif\">PardVision2<\/span><\/td>\n<\/tr>\n<tr>\n<td align=\"left\" height=\"32\"><span style=\"font-family: Liberation Serif\">Typ baterie<\/span><\/td>\n<td align=\"left\"><span style=\"font-family: Liberation Serif\">Lithium Ion 21700*1<\/span><\/td>\n<\/tr>\n<tr>\n<td align=\"left\" height=\"32\"><span style=\"font-family: Liberation Serif\">V\u00fdstupn\u00ed nap\u011bt\u00ed (V)<\/span><\/td>\n<td align=\"left\"><span style=\"font-family: Liberation Serif\">3.7<\/span><\/td>\n<\/tr>\n<tr>\n<td align=\"left\" height=\"32\"><span style=\"font-family: Liberation Serif\">Provozn\u00ed doba (h)<\/span><\/td>\n<td align=\"left\"><span style=\"font-family: Liberation Serif\">\u22645<\/span><\/td>\n<\/tr>\n<tr>\n<td align=\"left\" height=\"32\"><span style=\"font-family: Liberation Serif\">Extern\u00ed nap\u00e1jec\u00ed zdroj<\/span><\/td>\n<td align=\"left\"><span style=\"font-family: Liberation Serif\">Typ-C<\/span><\/td>\n<\/tr>\n<tr>\n<td align=\"left\" height=\"32\"><span style=\"font-family: Liberation Serif\">Ochrann\u00e1 t\u0159\u00edda<\/span><\/td>\n<td align=\"left\"><span style=\"font-family: Liberation Serif\">IP67<\/span><\/td>\n<\/tr>\n<tr>\n<td align=\"left\" height=\"47\"><span style=\"font-family: Liberation Serif\">Provozn\u00ed teplota (\u00b0C\/\u00b0F)<\/span><\/td>\n<td align=\"left\"><span style=\"font-family: Liberation Serif\">-30 ~ +55 \/ -22 ~ +131<\/span><\/td>\n<\/tr>\n<tr>\n<td align=\"left\" height=\"62\"><span style=\"font-family: Liberation Serif\">Odolnost proti zp\u011btn\u00e9mu r\u00e1zu (J)<\/span><\/td>\n<td align=\"left\"><span style=\"font-family: Liberation Serif\">6000<\/span><\/td>\n<\/tr>\n<tr>\n<td align=\"left\" height=\"32\"><span style=\"font-family: Liberation Serif\">Bydlen\u00ed<\/span><\/td>\n<td align=\"left\"><span style=\"font-family: Liberation Serif\">Hlin\u00edkov\u00e1 slitina<\/span><\/td>\n<\/tr>\n<tr>\n<td align=\"left\" height=\"47\"><span style=\"font-family: Liberation Serif\">Objektiv objektivu<\/span><\/td>\n<td align=\"left\"><span style=\"font-family: Liberation Serif\">Celosklen\u011bn\u00e1 v\u00edcevrstv\u00e1 \u010do\u010dka<\/span><\/td>\n<\/tr>\n<tr>\n<td align=\"left\" height=\"47\"><span style=\"font-family: Liberation Serif\">Rozm\u011br produktu ( D * \u0160 * V, mm)<\/span><\/td>\n<td align=\"left\"><span style=\"font-family: Liberation Serif\">180*65*40<\/span><\/td>\n<\/tr>\n<\/tbody>\n<\/table>\n<p><strong>Obsah balenia:<\/strong><\/p>\n<ul>\n<li>Termov\u00edzny zameriava\u010d PARD OCELOT 256<\/li>\n<li>1x nab\u00edjate\u013en\u00e1 Li-ion bat\u00e9ria 18650<\/li>\n<li>Pevn\u00e9 puzdro<\/li>\n<li>L\u00e1tkov\u00fd obal<\/li>\n<li>Weaver mont\u00e1\u017e<\/li>\n<li>Popruh cez rameno<\/li>\n<li>Prepojovac\u00ed k\u00e1bel USB-C<\/li>\n<li>N\u00e1vod na pou\u017eitie v \u010de\u0161tine<\/li>\n<\/ul>\n<\/div>\n<\/div>\n<\/div>\n<\/div>\n<\/div>\n<\/div>\n<p>Ofici\u00e1lna str\u00e1nka zna\u010dky: <a href=\"https:\/\/eu.pard.com\/product\/thermal-imaging-scope-ocelot-256\">https:\/\/eu.pard.com\/product\/thermal-imaging-scope-ocelot-256<\/a><\/p>\n","protected":false},"excerpt":{"rendered":"<p>Nagy felbont\u00e1s\u00fa 256*192-es \u00e9rz\u00e9kel\u0151t tartalmaz, amely a legmodernebb h\u0171t\u00e9s n\u00e9lk\u00fcli Vox technol\u00f3gi\u00e1val p\u00e1rosulva biztos\u00edtja a gazdag r\u00e9szletek tiszta l\u00e1that\u00f3s\u00e1g\u00e1t.<\/p>\n<p>\u00c9rz\u00e9keli a 0,02 \u2103 alatti finom h\u0151m\u00e9rs\u00e9klet-k\u00fcl\u00f6nbs\u00e9geket, tiszt\u00e1bb \u00e9s r\u00e9szletesebb k\u00e9peket biztos\u00edt, \u00e9s megk\u00f6nny\u00edti az objektumok azonos\u00edt\u00e1s\u00e1t k\u00fcl\u00f6nb\u00f6z\u0151 id\u0151j\u00e1r\u00e1si k\u00f6r\u00fclm\u00e9nyek k\u00f6z\u00f6tt.<\/p>","protected":false},"featured_media":4632,"template":"","meta":{"_gspb_post_css":""},"product_brand":[308],"product_cat":[21,144,326],"product_tag":[301,229,311,312],"class_list":{"0":"post-4531","1":"product","2":"type-product","3":"status-publish","4":"has-post-thumbnail","6":"product_brand-pard","7":"product_cat-optika","8":"product_cat-termovizie","9":"product_cat-termovizne-zameriavace","10":"product_tag-ocelot","11":"product_tag-pard","12":"product_tag-termovizia","13":"product_tag-zameriavac","15":"first","16":"instock","17":"taxable","18":"shipping-taxable","19":"purchasable","20":"product-type-simple"},"ct_brands":[{"id":308,"name":"Pard","slug":"pard"}],"_links":{"self":[{"href":"https:\/\/zbranebudai.sk\/hu\/wp-json\/wp\/v2\/product\/4531","targetHints":{"allow":["GET"]}}],"collection":[{"href":"https:\/\/zbranebudai.sk\/hu\/wp-json\/wp\/v2\/product"}],"about":[{"href":"https:\/\/zbranebudai.sk\/hu\/wp-json\/wp\/v2\/types\/product"}],"wp:featuredmedia":[{"embeddable":true,"href":"https:\/\/zbranebudai.sk\/hu\/wp-json\/wp\/v2\/media\/4632"}],"wp:attachment":[{"href":"https:\/\/zbranebudai.sk\/hu\/wp-json\/wp\/v2\/media?parent=4531"}],"wp:term":[{"taxonomy":"product_brand","embeddable":true,"href":"https:\/\/zbranebudai.sk\/hu\/wp-json\/wp\/v2\/product_brand?post=4531"},{"taxonomy":"product_cat","embeddable":true,"href":"https:\/\/zbranebudai.sk\/hu\/wp-json\/wp\/v2\/product_cat?post=4531"},{"taxonomy":"product_tag","embeddable":true,"href":"https:\/\/zbranebudai.sk\/hu\/wp-json\/wp\/v2\/product_tag?post=4531"}],"curies":[{"name":"wp","href":"https:\/\/api.w.org\/{rel}","templated":true}]}}