{"id":4530,"date":"2025-02-01T21:33:05","date_gmt":"2025-02-01T19:33:05","guid":{"rendered":"https:\/\/zbranebudai.sk\/?post_type=product&#038;p=4530"},"modified":"2025-08-31T03:49:31","modified_gmt":"2025-08-31T01:49:31","slug":"pard-harrier-480-lrf-35mm-es-tavcso","status":"publish","type":"product","link":"https:\/\/zbranebudai.sk\/hu\/product\/pard-harrier-480-lrf-35mm-hokamera-binokular\/","title":{"rendered":"Pard HARRIER 480 LRF 35mm-es h\u0151t\u00e1vcs\u0151"},"content":{"rendered":"<p><strong>Pard HARRIER 480 LRF 35mm-es h\u0151t\u00e1vcs\u0151<\/strong><\/p>\n<p><strong>A Harrier sorozatot 640 \u00d7 512 felbont\u00e1s\u00fa NETD \u2264 20 mK \u00e9rz\u00e9kel\u0151vel szerelt\u00e9k fel, <\/strong>amely kisebb h\u0151m\u00e9rs\u00e9klet-k\u00fcl\u00f6nbs\u00e9geket k\u00e9pes \u00e9rz\u00e9kelni, \u00edgy hat\u00e9konyabb\u00e1 teszi a finom h\u0151m\u00e9rs\u00e9kleti jelek \u00e9rz\u00e9kel\u00e9s\u00e9t, a t\u00e1rgyak megk\u00fcl\u00f6nb\u00f6ztet\u00e9s\u00e9t, valamint a tiszt\u00e1bb \u00e9s r\u00e9szletesebb h\u0151k\u00e9pek k\u00e9sz\u00edt\u00e9s\u00e9t.<\/p>\n<p>A Harrier \u00e1ll\u00edthat\u00f3 pupillat\u00e1vols\u00e1got k\u00edn\u00e1l, hogy megfeleljen a k\u00fcl\u00f6nb\u00f6z\u0151 egy\u00e9nek ig\u00e9nyeinek. Az alj\u00e1n l\u00e9v\u0151 gy\u0171r\u0171 biztos\u00edtja a k\u00f6nny\u0171 be\u00e1ll\u00edt\u00e1st.<\/p>\n<p>T\u00e1vm\u00e9r\u0151 1000 m-en.<\/p>\n<table border=\"0\" cellspacing=\"0\">\n<colgroup span=\"2\" width=\"85\"><\/colgroup>\n<tbody>\n<tr>\n<td colspan=\"2\" align=\"left\" height=\"17\"><b><span style=\"font-family: Liberation Serif\">\u00c9rz\u00e9kel\u0151<\/span><\/b><\/td>\n<\/tr>\n<tr>\n<td align=\"left\" height=\"47\"><span style=\"font-family: Liberation Serif\">T\u00edpus<\/span><\/td>\n<td align=\"left\"><span style=\"font-family: Liberation Serif\">H\u0171t\u00e9s n\u00e9lk\u00fcli VOx (van\u00e1dium-oxid)<\/span><\/td>\n<\/tr>\n<tr>\n<td align=\"left\" height=\"32\"><span style=\"font-family: Liberation Serif\">Felbont\u00e1s (pixel)<\/span><\/td>\n<td align=\"left\"><span style=\"font-family: Liberation Serif\">480*360<\/span><\/td>\n<\/tr>\n<tr>\n<td align=\"left\" height=\"32\"><span style=\"font-family: Liberation Serif\">Pixel m\u00e9ret (\u00b5m)<\/span><\/td>\n<td align=\"left\"><span style=\"font-family: Liberation Serif\">12*12<\/span><\/td>\n<\/tr>\n<tr>\n<td align=\"left\" height=\"47\"><span style=\"font-family: Liberation Serif\">NETD (mK)<\/span><\/td>\n<td align=\"left\"><span style=\"font-family: DejaVu Sans\">\u226420 mK\uff080.02\u2103\uff09<\/span><\/td>\n<\/tr>\n<tr>\n<td align=\"left\" height=\"47\"><span style=\"font-family: Liberation Serif\">K\u00e9pkockasebess\u00e9g (Hz)<\/span><\/td>\n<td align=\"left\"><span style=\"font-family: Liberation Serif\">50<\/span><\/td>\n<\/tr>\n<tr>\n<td align=\"left\" height=\"47\"><span style=\"font-family: Liberation Serif\">\u00c9rz\u00e9kel\u00e9si t\u00e1vols\u00e1g (m)<\/span><\/td>\n<td align=\"left\"><span style=\"font-family: Liberation Serif\">1800<\/span><\/td>\n<\/tr>\n<tr>\n<td align=\"left\" height=\"17\"><span style=\"font-family: Liberation Serif\">Image Engine<\/span><\/td>\n<td align=\"left\"><span style=\"font-family: Liberation Serif\">Pard IREA<\/span><\/td>\n<\/tr>\n<tr>\n<td align=\"left\" height=\"32\"><span style=\"font-family: Liberation Serif\">Objekt\u00edv (mm)<\/span><\/td>\n<td align=\"left\"><span style=\"font-family: Liberation Serif\">35<\/span><\/td>\n<\/tr>\n<tr>\n<td align=\"left\" height=\"32\"><span style=\"font-family: Liberation Serif\">Optikai nagy\u00edt\u00e1s (x)<\/span><\/td>\n<td align=\"left\"><span style=\"font-family: Liberation Serif\">2.4<\/span><\/td>\n<\/tr>\n<tr>\n<td align=\"left\" height=\"32\"><span style=\"font-family: Liberation Serif\">Digit\u00e1lis zoom (x)<\/span><\/td>\n<td align=\"left\"><span style=\"font-family: Liberation Serif\">2\/4\/6\/8<\/span><\/td>\n<\/tr>\n<tr>\n<td align=\"left\" height=\"32\"><span style=\"font-family: Liberation Serif\">L\u00e1t\u00f3mez\u0151 (v\u00edzszintes)<\/span><\/td>\n<td align=\"left\"><span style=\"font-family: Liberation Serif\">9,4\u00b0<\/span><\/td>\n<\/tr>\n<tr>\n<td align=\"left\" height=\"32\"><span style=\"font-family: Liberation Serif\">L\u00e1t\u00f3mez\u0151 (f\u00fcgg\u0151leges)<\/span><\/td>\n<td align=\"left\"><span style=\"font-family: Liberation Serif\">7,1\u00b0<\/span><\/td>\n<\/tr>\n<tr>\n<td align=\"left\" height=\"32\"><span style=\"font-family: Liberation Serif\">L\u00e1t\u00f3mez\u0151 (\u00e1tl\u00f3s)<\/span><\/td>\n<td align=\"left\"><span style=\"font-family: Liberation Serif\">11,8\u00b0<\/span><\/td>\n<\/tr>\n<tr>\n<td align=\"left\" height=\"32\"><span style=\"font-family: Liberation Serif\">F\u00f3kusztartom\u00e1ny<\/span><\/td>\n<td align=\"left\"><span style=\"font-family: Liberation Serif\">3m-\u221e<\/span><\/td>\n<\/tr>\n<tr>\n<td align=\"left\" height=\"17\"><span style=\"font-family: Liberation Serif\">T\u00edpus<\/span><\/td>\n<td align=\"left\"><span style=\"font-family: Liberation Serif\">LCD<\/span><\/td>\n<\/tr>\n<tr>\n<td align=\"left\" height=\"32\"><span style=\"font-family: Liberation Serif\">Felbont\u00e1s (pixel)<\/span><\/td>\n<td align=\"left\"><span style=\"font-family: Liberation Serif\">640*480<\/span><\/td>\n<\/tr>\n<tr>\n<td align=\"left\" height=\"32\"><span style=\"font-family: Liberation Serif\">Jelenet m\u00f3d<\/span><\/td>\n<td align=\"left\"><span style=\"font-family: Liberation Serif\">V\u00e1ros\/v\u00e1ros\/erd\u0151<\/span><\/td>\n<\/tr>\n<tr>\n<td align=\"left\" height=\"62\"><span style=\"font-family: Liberation Serif\">K\u00e9p \u00fczemm\u00f3d<\/span><\/td>\n<td align=\"left\"><span style=\"font-family: Liberation Serif\">WT-MELEG\/BK-MELEG\/SZEG\u00c9LY\/RD-MELEG\/IN-MELEG\/\u00c9GBOLT<\/span><\/td>\n<\/tr>\n<tr>\n<td align=\"left\" height=\"32\"><span style=\"font-family: Liberation Serif\">Szemt\u00e1vols\u00e1g (mm)<\/span><\/td>\n<td align=\"left\"><span style=\"font-family: Liberation Serif\">25<\/span><\/td>\n<\/tr>\n<tr>\n<td align=\"left\" height=\"32\"><span style=\"font-family: Liberation Serif\">Dioptri\u00e1s korrekci\u00f3 (D)<\/span><\/td>\n<td align=\"left\"><span style=\"font-family: Liberation Serif\">-5~3<\/span><\/td>\n<\/tr>\n<tr>\n<td align=\"left\" height=\"47\"><span style=\"font-family: Liberation Serif\">F\u00e9nyk\u00e9p felbont\u00e1sa (pixelben)<\/span><\/td>\n<td align=\"left\"><span style=\"font-family: Liberation Serif\">2048\u00d71536<\/span><\/td>\n<\/tr>\n<tr>\n<td align=\"left\" height=\"32\"><span style=\"font-family: Liberation Serif\">F\u00e9nyk\u00e9p form\u00e1tum<\/span><\/td>\n<td align=\"left\"><span style=\"font-family: Liberation Serif\">.JPG<\/span><\/td>\n<\/tr>\n<tr>\n<td align=\"left\" height=\"47\"><span style=\"font-family: Liberation Serif\">Vide\u00f3felbont\u00e1s (pixelben)<\/span><\/td>\n<td align=\"left\"><span style=\"font-family: Liberation Serif\">1024*768<\/span><\/td>\n<\/tr>\n<tr>\n<td align=\"left\" height=\"17\"><span style=\"font-family: Liberation Serif\">Vide\u00f3 form\u00e1tum<\/span><\/td>\n<td align=\"left\"><span style=\"font-family: Liberation Serif\">.mp4<\/span><\/td>\n<\/tr>\n<tr>\n<td align=\"left\" height=\"47\"><span style=\"font-family: Liberation Serif\">T\u00e1rol\u00e1s (GB)<\/span><\/td>\n<td align=\"left\"><span style=\"font-family: Liberation Serif\">Micro SD k\u00e1rtya (max. 128 GB)<\/span><\/td>\n<\/tr>\n<tr>\n<td align=\"left\" height=\"47\"><span style=\"font-family: Liberation Serif\">LRF \u00e9szlel\u00e9si tartom\u00e1ny (m\/yd)<\/span><\/td>\n<td align=\"left\"><span style=\"font-family: Liberation Serif\">1000\/1200<\/span><\/td>\n<\/tr>\n<tr>\n<td align=\"left\" height=\"17\"><span style=\"font-family: Liberation Serif\">PIP<\/span><\/td>\n<td align=\"left\"><span style=\"font-family: Liberation Serif\">Igen<\/span><\/td>\n<\/tr>\n<tr>\n<td align=\"left\" height=\"17\"><span style=\"font-family: Liberation Serif\">Gyroszk\u00f3p<\/span><\/td>\n<td align=\"left\"><span style=\"font-family: Liberation Serif\">Igen<\/span><\/td>\n<\/tr>\n<tr>\n<td align=\"left\" height=\"32\"><span style=\"font-family: Liberation Serif\">Hurokfelv\u00e9tel<\/span><\/td>\n<td align=\"left\"><span style=\"font-family: Liberation Serif\">Igen<\/span><\/td>\n<\/tr>\n<tr>\n<td align=\"left\" height=\"32\"><span style=\"font-family: Liberation Serif\">Elektronikus ir\u00e1nyt\u0171<\/span><\/td>\n<td align=\"left\"><span style=\"font-family: Liberation Serif\">Igen<\/span><\/td>\n<\/tr>\n<tr>\n<td align=\"left\" height=\"32\"><span style=\"font-family: Liberation Serif\">K\u00f6vetkeztet\u00e9s<\/span><\/td>\n<td align=\"left\"><span style=\"font-family: Liberation Serif\">Mechanikus red\u0151ny<\/span><\/td>\n<\/tr>\n<tr>\n<td align=\"left\" height=\"17\"><span style=\"font-family: Liberation Serif\">Mikrofon<\/span><\/td>\n<td align=\"left\"><span style=\"font-family: Liberation Serif\">Igen<\/span><\/td>\n<\/tr>\n<tr>\n<td align=\"left\" height=\"32\"><span style=\"font-family: Liberation Serif\">Firmware friss\u00edt\u00e9s<\/span><\/td>\n<td align=\"left\"><span style=\"font-family: Liberation Serif\">Igen<\/span><\/td>\n<\/tr>\n<tr>\n<td align=\"left\" height=\"17\"><span style=\"font-family: Liberation Serif\">USB Type-C<\/span><\/td>\n<td align=\"left\"><span style=\"font-family: Liberation Serif\">Igen<\/span><\/td>\n<\/tr>\n<tr>\n<td align=\"left\" height=\"17\"><span style=\"font-family: Liberation Serif\">HDMI kimenet<\/span><\/td>\n<td align=\"left\"><span style=\"font-family: Liberation Serif\">Igen<\/span><\/td>\n<\/tr>\n<tr>\n<td align=\"left\" height=\"17\"><span style=\"font-family: Liberation Serif\">WiFi<\/span><\/td>\n<td align=\"left\"><span style=\"font-family: Liberation Serif\">Igen<\/span><\/td>\n<\/tr>\n<tr>\n<td align=\"left\" height=\"32\"><span style=\"font-family: Liberation Serif\">T\u00e1mogatott alkalmaz\u00e1sok<\/span><\/td>\n<td align=\"left\"><span style=\"font-family: Liberation Serif\">PardVision2<\/span><\/td>\n<\/tr>\n<tr>\n<td align=\"left\" height=\"32\"><span style=\"font-family: Liberation Serif\">Akkumul\u00e1tor t\u00edpusa<\/span><\/td>\n<td align=\"left\"><span style=\"font-family: Liberation Serif\">L\u00edtium-ion 21700*1<\/span><\/td>\n<\/tr>\n<tr>\n<td align=\"left\" height=\"32\"><span style=\"font-family: Liberation Serif\">Kimeneti fesz\u00fclts\u00e9g (V)<\/span><\/td>\n<td align=\"left\"><span style=\"font-family: Liberation Serif\">3.7<\/span><\/td>\n<\/tr>\n<tr>\n<td align=\"left\" height=\"32\"><span style=\"font-family: Liberation Serif\">\u00dczemid\u0151 (h,max)<\/span><\/td>\n<td align=\"left\"><span style=\"font-family: Liberation Serif\">\u22648<\/span><\/td>\n<\/tr>\n<tr>\n<td align=\"left\" height=\"32\"><span style=\"font-family: Liberation Serif\">K\u00fcls\u0151 t\u00e1pegys\u00e9g (V)<\/span><\/td>\n<td align=\"left\"><span style=\"font-family: Liberation Serif\">USB Type-C<\/span><\/td>\n<\/tr>\n<tr>\n<td align=\"left\" height=\"32\"><span style=\"font-family: Liberation Serif\">V\u00e9delmi fokozat<\/span><\/td>\n<td align=\"left\"><span style=\"font-family: Liberation Serif\">IP67<\/span><\/td>\n<\/tr>\n<tr>\n<td align=\"left\" height=\"47\"><span style=\"font-family: Liberation Serif\">\u00dczemi h\u0151m\u00e9rs\u00e9klet (\u00b0C\/\u00b0F)<\/span><\/td>\n<td align=\"left\"><span style=\"font-family: Liberation Serif\">-30 ~ +55 \/ -22 ~ +131<\/span><\/td>\n<\/tr>\n<tr>\n<td align=\"left\" height=\"47\"><span style=\"font-family: Liberation Serif\">Lencse lencse<\/span><\/td>\n<td align=\"left\"><span style=\"font-family: Liberation Serif\">Teljesen \u00fcvegb\u0151l k\u00e9sz\u00fclt t\u00f6bbr\u00e9teg\u0171 lencse<\/span><\/td>\n<\/tr>\n<tr>\n<td align=\"left\" height=\"62\"><span style=\"font-family: Liberation Serif\">A term\u00e9k m\u00e9retei \/ LRF (L*S*H, mm)<\/span><\/td>\n<td align=\"left\"><span style=\"font-family: Liberation Serif\">220*137*58<\/span><\/td>\n<\/tr>\n<tr>\n<td align=\"left\" height=\"32\"><span style=\"font-family: Liberation Serif\">NW\/db (LRF \u00e9s akkumul\u00e1torral, g)<\/span><\/td>\n<td align=\"left\"><span style=\"font-family: Liberation Serif\">553,5<\/span><\/td>\n<\/tr>\n<\/tbody>\n<\/table>\n<p>Hivatalos m\u00e1rkaoldal: <a href=\"https:\/\/eu.pard.com\/product\/binocular-harrier\">https:\/\/eu.pard.com\/product\/binocular-harrier<\/a><\/p>","protected":false},"excerpt":{"rendered":"<div class=\"flex-shrink-0 flex flex-col relative items-end\">\n<div>\n<div class=\"pt-0\">\n<div class=\"gizmo-bot-avatar flex h-8 w-8 items-center justify-center overflow-hidden rounded-full\">\n<div class=\"relative p-1 rounded-sm flex items-center justify-center bg-token-main-surface-primary text-token-text-primary h-8 w-8\"><strong>TERM\u00c1LNY BINOKUL\u00c1R PRVEJ GENER\u00c1CIE PRE NOV\u00da DEFIN\u00cdCIU Z\u00c1\u017dITKOV\u00c9HO POZOROVANIA<\/strong><\/div>\n<\/div>\n<\/div>\n<\/div>\n<\/div>\n<div class=\"group\/conversation-turn relative flex w-full min-w-0 flex-col agent-turn\">\n<div class=\"flex-col gap-1 md:gap-3\">\n<div class=\"flex max-w-full flex-col flex-grow\">\n<div class=\"min-h-8 text-message flex w-full flex-col items-end gap-2 whitespace-normal break-words text-start [.text-message+&amp;]:mt-5\" dir=\"auto\" data-message-author-role=\"assistant\" data-message-id=\"94446fa9-0f14-4a0f-bfeb-c1564eca6999\" data-message-model-slug=\"gpt-4o\">\n<div class=\"flex w-full flex-col gap-1 empty:hidden first:pt-[3px]\">\n<div class=\"markdown prose w-full break-words dark:prose-invert light\">\n<p>U\u017eite si bezkonkuren\u010dn\u00fd ergonomick\u00fd dizajn a ve\u013ek\u00fd displej, ktor\u00fd poskytuje ten najlep\u0161\u00ed z\u00e1\u017eitok z pozorovania.<\/p>\n<\/div>\n<\/div>\n<\/div>\n<\/div>\n<\/div>\n<\/div>\n","protected":false},"featured_media":4629,"template":"","meta":{"_gspb_post_css":""},"product_brand":[308],"product_cat":[21,144,330],"product_tag":[216,300,229,311],"class_list":{"0":"post-4530","1":"product","2":"type-product","3":"status-publish","4":"has-post-thumbnail","6":"product_brand-pard","7":"product_cat-optika","8":"product_cat-termovizie","9":"product_cat-termovizne-binokulare","10":"product_tag-binokular","11":"product_tag-harrier","12":"product_tag-pard","13":"product_tag-termovizia","15":"first","16":"instock","17":"taxable","18":"shipping-taxable","19":"purchasable","20":"product-type-simple"},"ct_brands":[{"id":308,"name":"Pard","slug":"pard"}],"_links":{"self":[{"href":"https:\/\/zbranebudai.sk\/hu\/wp-json\/wp\/v2\/product\/4530","targetHints":{"allow":["GET"]}}],"collection":[{"href":"https:\/\/zbranebudai.sk\/hu\/wp-json\/wp\/v2\/product"}],"about":[{"href":"https:\/\/zbranebudai.sk\/hu\/wp-json\/wp\/v2\/types\/product"}],"wp:featuredmedia":[{"embeddable":true,"href":"https:\/\/zbranebudai.sk\/hu\/wp-json\/wp\/v2\/media\/4629"}],"wp:attachment":[{"href":"https:\/\/zbranebudai.sk\/hu\/wp-json\/wp\/v2\/media?parent=4530"}],"wp:term":[{"taxonomy":"product_brand","embeddable":true,"href":"https:\/\/zbranebudai.sk\/hu\/wp-json\/wp\/v2\/product_brand?post=4530"},{"taxonomy":"product_cat","embeddable":true,"href":"https:\/\/zbranebudai.sk\/hu\/wp-json\/wp\/v2\/product_cat?post=4530"},{"taxonomy":"product_tag","embeddable":true,"href":"https:\/\/zbranebudai.sk\/hu\/wp-json\/wp\/v2\/product_tag?post=4530"}],"curies":[{"name":"wp","href":"https:\/\/api.w.org\/{rel}","templated":true}]}}