{"id":4517,"date":"2025-02-01T21:32:43","date_gmt":"2025-02-01T19:32:43","guid":{"rendered":"https:\/\/zbranebudai.sk\/?post_type=product&#038;p=4517"},"modified":"2025-08-31T03:49:32","modified_gmt":"2025-08-31T01:49:32","slug":"pard-predator-480-lrf-hokamera-hokamera-elotet","status":"publish","type":"product","link":"https:\/\/zbranebudai.sk\/hu\/product\/pard-predator-480-lrf-hokamera-elotet\/","title":{"rendered":"Pard PREDATOR 480 LRF h\u0151kamera"},"content":{"rendered":"<p><strong>Pard PREDATOR 480 LRF h\u0151kamera<\/strong><\/p>\n<p><strong>M\u00e9ret: 140x60x78 mm<\/strong><\/p>\n<p><strong>S\u00faly: 424 g<\/strong><\/p>\n<p>K\u00f6nnyen meg\u00e9rinthet\u0151 \u00e9s kezelhet\u0151 m\u00e9g \u00e9jszaka is, r\u00e1ad\u00e1sul keszty\u0171ben is rendk\u00edv\u00fcl felhaszn\u00e1l\u00f3bar\u00e1t, ami n\u00f6veli a haszn\u00e1lhat\u00f3s\u00e1got \u00e9s a k\u00e9nyelmet hideg k\u00f6rnyezetben.<\/p>\n<p>Adapter nem tartoz\u00e9k.<\/p>\n<table border=\"0\" cellspacing=\"0\">\n<colgroup span=\"2\" width=\"85\"><\/colgroup>\n<tbody>\n<tr>\n<td colspan=\"2\" align=\"left\" height=\"17\"><b><span style=\"font-family: Liberation Serif\">\u00c9rz\u00e9kel\u0151<\/span><\/b><\/td>\n<\/tr>\n<tr>\n<td align=\"left\" height=\"47\"><span style=\"font-family: Liberation Serif\">T\u00edpus<\/span><\/td>\n<td align=\"left\"><span style=\"font-family: Liberation Serif\">H\u0171t\u00e9s n\u00e9lk\u00fcli VOx (van\u00e1dium-oxid)<\/span><\/td>\n<\/tr>\n<tr>\n<td align=\"left\" height=\"32\"><span style=\"font-family: Liberation Serif\">Felbont\u00e1s (pixel)<\/span><\/td>\n<td align=\"left\"><span style=\"font-family: Liberation Serif\">480*360<\/span><\/td>\n<\/tr>\n<tr>\n<td align=\"left\" height=\"32\"><span style=\"font-family: Liberation Serif\">Pixel m\u00e9ret (\u00b5m)<\/span><\/td>\n<td align=\"left\"><span style=\"font-family: Liberation Serif\">12*12<\/span><\/td>\n<\/tr>\n<tr>\n<td align=\"left\" height=\"47\"><span style=\"font-family: Liberation Serif\">NETD (mK)<\/span><\/td>\n<td align=\"left\"><span style=\"font-family: DejaVu Sans\">\u226420 mK\uff080.02\u2103\uff09<\/span><\/td>\n<\/tr>\n<tr>\n<td align=\"left\" height=\"47\"><span style=\"font-family: Liberation Serif\">K\u00e9pkockasebess\u00e9g (Hz)<\/span><\/td>\n<td align=\"left\"><span style=\"font-family: Liberation Serif\">50<\/span><\/td>\n<\/tr>\n<tr>\n<td align=\"left\" height=\"47\"><span style=\"font-family: Liberation Serif\">\u00c9rz\u00e9kel\u00e9si t\u00e1vols\u00e1g (m)<\/span><\/td>\n<td align=\"left\"><span style=\"font-family: Liberation Serif\">1400<\/span><\/td>\n<\/tr>\n<tr>\n<td align=\"left\" height=\"32\"><span style=\"font-family: Liberation Serif\">Objekt\u00edv (mm)<\/span><\/td>\n<td align=\"left\"><span style=\"font-family: Liberation Serif\">35<\/span><\/td>\n<\/tr>\n<tr>\n<td align=\"left\" height=\"32\"><span style=\"font-family: Liberation Serif\">Optikai nagy\u00edt\u00e1s (x)<\/span><\/td>\n<td align=\"left\"><span style=\"font-family: Liberation Serif\">1<\/span><\/td>\n<\/tr>\n<tr>\n<td align=\"left\" height=\"32\"><span style=\"font-family: Liberation Serif\">Digit\u00e1lis zoom (x)<\/span><\/td>\n<td align=\"left\"><span style=\"font-family: Liberation Serif\">N\/A<\/span><\/td>\n<\/tr>\n<tr>\n<td align=\"left\" height=\"32\"><span style=\"font-family: Liberation Serif\">L\u00e1t\u00f3mez\u0151 (v\u00edzszintes)<\/span><\/td>\n<td align=\"left\"><span style=\"font-family: Liberation Serif\">9,4\u00b0<\/span><\/td>\n<\/tr>\n<tr>\n<td align=\"left\" height=\"32\"><span style=\"font-family: Liberation Serif\">L\u00e1t\u00f3mez\u0151 (f\u00fcgg\u0151leges)<\/span><\/td>\n<td align=\"left\"><span style=\"font-family: Liberation Serif\">7,1\u00b0<\/span><\/td>\n<\/tr>\n<tr>\n<td align=\"left\" height=\"32\"><span style=\"font-family: Liberation Serif\">L\u00e1t\u00f3mez\u0151 (\u00e1tl\u00f3s)<\/span><\/td>\n<td align=\"left\"><span style=\"font-family: Liberation Serif\">11,8\u00b0<\/span><\/td>\n<\/tr>\n<tr>\n<td align=\"left\" height=\"17\"><span style=\"font-family: Liberation Serif\">T\u00edpus<\/span><\/td>\n<td align=\"left\"><span style=\"font-family: Liberation Serif\">OLED<\/span><\/td>\n<\/tr>\n<tr>\n<td align=\"left\" height=\"32\"><span style=\"font-family: Liberation Serif\">Felbont\u00e1s (pixel)<\/span><\/td>\n<td align=\"left\"><span style=\"font-family: Liberation Serif\">1920*1080<\/span><\/td>\n<\/tr>\n<tr>\n<td align=\"left\" height=\"32\"><span style=\"font-family: Liberation Serif\">Jelenet m\u00f3d<\/span><\/td>\n<td align=\"left\"><span style=\"font-family: Liberation Serif\">V\u00e1ros\/v\u00e1ros\/erd\u0151<\/span><\/td>\n<\/tr>\n<tr>\n<td align=\"left\" height=\"62\"><span style=\"font-family: Liberation Serif\">K\u00e9p \u00fczemm\u00f3d<\/span><\/td>\n<td align=\"left\"><span style=\"font-family: Liberation Serif\">WT-MELEG\/BK-MELEG\/SZEG\u00c9LY\/RD-MELEG\/IN-MELEG\/\u00c9GBOLT<\/span><\/td>\n<\/tr>\n<tr>\n<td align=\"left\" height=\"47\"><span style=\"font-family: Liberation Serif\">F\u00e9nyk\u00e9p felbont\u00e1sa (pixelben)<\/span><\/td>\n<td align=\"left\"><span style=\"font-family: Liberation Serif\">1024*768<\/span><\/td>\n<\/tr>\n<tr>\n<td align=\"left\" height=\"32\"><span style=\"font-family: Liberation Serif\">F\u00e9nyk\u00e9p form\u00e1tum<\/span><\/td>\n<td align=\"left\"><span style=\"font-family: Liberation Serif\">.JPG<\/span><\/td>\n<\/tr>\n<tr>\n<td align=\"left\" height=\"47\"><span style=\"font-family: Liberation Serif\">Vide\u00f3felbont\u00e1s (pixelben)<\/span><\/td>\n<td align=\"left\"><span style=\"font-family: Liberation Serif\">1024*768<\/span><\/td>\n<\/tr>\n<tr>\n<td align=\"left\" height=\"17\"><span style=\"font-family: Liberation Serif\">Vide\u00f3 form\u00e1tum<\/span><\/td>\n<td align=\"left\"><span style=\"font-family: Liberation Serif\">.mp4<\/span><\/td>\n<\/tr>\n<tr>\n<td align=\"left\" height=\"47\"><span style=\"font-family: Liberation Serif\">T\u00e1rol\u00e1s (GB)<\/span><\/td>\n<td align=\"left\"><span style=\"font-family: Liberation Serif\">Micro SD k\u00e1rtya (max. 128 GB)<\/span><\/td>\n<\/tr>\n<tr>\n<td align=\"left\" height=\"17\"><span style=\"font-family: Liberation Serif\">Image Engine<\/span><\/td>\n<td align=\"left\"><span style=\"font-family: Liberation Serif\">Pard IREA<\/span><\/td>\n<\/tr>\n<tr>\n<td align=\"left\" height=\"47\"><span style=\"font-family: Liberation Serif\">LRF \u00e9szlel\u00e9si tartom\u00e1ny (m\/yd)<\/span><\/td>\n<td align=\"left\"><span style=\"font-family: Liberation Serif\">1000\/1200<\/span><\/td>\n<\/tr>\n<tr>\n<td align=\"left\" height=\"32\"><span style=\"font-family: Liberation Serif\">Ballaszt sz\u00e1mol\u00f3g\u00e9p<\/span><\/td>\n<td align=\"left\"><span style=\"font-family: Liberation Serif\">Nincs<\/span><\/td>\n<\/tr>\n<tr>\n<td align=\"left\" height=\"17\"><span style=\"font-family: Liberation Serif\">PIP<\/span><\/td>\n<td align=\"left\"><span style=\"font-family: Liberation Serif\">Nincs<\/span><\/td>\n<\/tr>\n<tr>\n<td align=\"left\" height=\"32\"><span style=\"font-family: Liberation Serif\">\u00d6nmotiv\u00e1lt felv\u00e9tel<\/span><\/td>\n<td align=\"left\"><span style=\"font-family: Liberation Serif\">Igen<\/span><\/td>\n<\/tr>\n<tr>\n<td align=\"left\" height=\"32\"><span style=\"font-family: Liberation Serif\">Hurokfelv\u00e9tel<\/span><\/td>\n<td align=\"left\"><span style=\"font-family: Liberation Serif\">Igen<\/span><\/td>\n<\/tr>\n<tr>\n<td align=\"left\" height=\"17\"><span style=\"font-family: Liberation Serif\">Mikrofon<\/span><\/td>\n<td align=\"left\"><span style=\"font-family: Liberation Serif\">Igen<\/span><\/td>\n<\/tr>\n<tr>\n<td align=\"left\" height=\"32\"><span style=\"font-family: Liberation Serif\">Firmware friss\u00edt\u00e9s<\/span><\/td>\n<td align=\"left\"><span style=\"font-family: Liberation Serif\">Igen<\/span><\/td>\n<\/tr>\n<tr>\n<td align=\"left\" height=\"17\"><span style=\"font-family: Liberation Serif\">USB Type-C<\/span><\/td>\n<td align=\"left\"><span style=\"font-family: Liberation Serif\">Igen<\/span><\/td>\n<\/tr>\n<tr>\n<td align=\"left\" height=\"17\"><span style=\"font-family: Liberation Serif\">WiFi<\/span><\/td>\n<td align=\"left\"><span style=\"font-family: Liberation Serif\">Igen<\/span><\/td>\n<\/tr>\n<tr>\n<td align=\"left\" height=\"32\"><span style=\"font-family: Liberation Serif\">T\u00e1mogatott alkalmaz\u00e1sok<\/span><\/td>\n<td align=\"left\"><span style=\"font-family: Liberation Serif\">PardVision2<\/span><\/td>\n<\/tr>\n<tr>\n<td align=\"left\" height=\"32\"><span style=\"font-family: Liberation Serif\">Akkumul\u00e1tor t\u00edpusa<\/span><\/td>\n<td align=\"left\"><span style=\"font-family: Liberation Serif\">L\u00edtium-ion 18650*1<\/span><\/td>\n<\/tr>\n<tr>\n<td align=\"left\" height=\"32\"><span style=\"font-family: Liberation Serif\">Kimeneti fesz\u00fclts\u00e9g (V)<\/span><\/td>\n<td align=\"left\"><span style=\"font-family: Liberation Serif\">3.7<\/span><\/td>\n<\/tr>\n<tr>\n<td align=\"left\" height=\"32\"><span style=\"font-family: Liberation Serif\">\u00dczemid\u0151 (h,max)<\/span><\/td>\n<td align=\"left\"><span style=\"font-family: Liberation Serif\">\u22645<\/span><\/td>\n<\/tr>\n<tr>\n<td align=\"left\" height=\"32\"><span style=\"font-family: Liberation Serif\">K\u00fcls\u0151 t\u00e1pegys\u00e9g (V)<\/span><\/td>\n<td align=\"left\"><span style=\"font-family: Liberation Serif\">USB Type-C<\/span><\/td>\n<\/tr>\n<tr>\n<td align=\"left\" height=\"32\"><span style=\"font-family: Liberation Serif\">V\u00e9delmi fokozat<\/span><\/td>\n<td align=\"left\"><span style=\"font-family: Liberation Serif\">IP67<\/span><\/td>\n<\/tr>\n<tr>\n<td align=\"left\" height=\"47\"><span style=\"font-family: Liberation Serif\">\u00dczemi h\u0151m\u00e9rs\u00e9klet (\u00b0C\/\u00b0F)<\/span><\/td>\n<td align=\"left\"><span style=\"font-family: Liberation Serif\">-30 ~ +55 \/ -22 ~ +131<\/span><\/td>\n<\/tr>\n<tr>\n<td align=\"left\" height=\"62\"><span style=\"font-family: Liberation Serif\">Visszar\u00fag\u00e1ssal szembeni ellen\u00e1ll\u00e1s (J)<\/span><\/td>\n<td align=\"left\"><span style=\"font-family: Liberation Serif\">6000<\/span><\/td>\n<\/tr>\n<tr>\n<td align=\"left\" height=\"32\"><span style=\"font-family: Liberation Serif\">Lakhat\u00e1s<\/span><\/td>\n<td align=\"left\"><span style=\"font-family: Liberation Serif\">Alum\u00ednium \u00f6tv\u00f6zet<\/span><\/td>\n<\/tr>\n<tr>\n<td align=\"left\" height=\"62\"><span style=\"font-family: Liberation Serif\">A term\u00e9k m\u00e9retei \/ LRF (L*S*H, mm)<\/span><\/td>\n<td align=\"left\"><span style=\"font-family: Liberation Serif\">140*60*78<\/span><\/td>\n<\/tr>\n<tr>\n<td align=\"left\" height=\"32\"><span style=\"font-family: Liberation Serif\">SZ\/pc (LRF-fel, g)<\/span><\/td>\n<td align=\"left\"><span style=\"font-family: Liberation Serif\">424<\/span><\/td>\n<\/tr>\n<\/tbody>\n<\/table>\n<p>Hivatalos m\u00e1rkaoldal: <a href=\"https:\/\/eu.pard.com\/product\/thermal-imaging-clip-on-predator\">https:\/\/eu.pard.com\/product\/thermal-imaging-clip-on-predator<\/a><\/p>","protected":false},"excerpt":{"rendered":"<p>12 \u03bcm-es, ak\u00e1r <strong>480*360<\/strong>\u00a0nagy felbont\u00e1s\u00fa \u00e9rz\u00e9kel\u0151, amely kisebb h\u0151m\u00e9rs\u00e9klet-k\u00fcl\u00f6nbs\u00e9geket is k\u00e9pes \u00e9rz\u00e9kelni, \u00edgy hat\u00e9konyabban \u00e9rz\u00e9keli a finom h\u0151jeleket, k\u00fcl\u00f6nbs\u00e9get tesz a t\u00e1rgyak k\u00f6z\u00f6tt, valamint tiszt\u00e1bb \u00e9s r\u00e9szletesebb h\u0151k\u00e9peket k\u00e9sz\u00edt.<\/p>","protected":false},"featured_media":4617,"template":"","meta":{"_gspb_post_css":""},"product_brand":[308],"product_cat":[21,144,328],"product_tag":[229,299,323,311],"class_list":{"0":"post-4517","1":"product","2":"type-product","3":"status-publish","4":"has-post-thumbnail","6":"product_brand-pard","7":"product_cat-optika","8":"product_cat-termovizie","9":"product_cat-termovizne-predsadky","10":"product_tag-pard","11":"product_tag-predator","12":"product_tag-predsadka","13":"product_tag-termovizia","15":"first","16":"instock","17":"taxable","18":"shipping-taxable","19":"purchasable","20":"product-type-simple"},"ct_brands":[{"id":308,"name":"Pard","slug":"pard"}],"_links":{"self":[{"href":"https:\/\/zbranebudai.sk\/hu\/wp-json\/wp\/v2\/product\/4517","targetHints":{"allow":["GET"]}}],"collection":[{"href":"https:\/\/zbranebudai.sk\/hu\/wp-json\/wp\/v2\/product"}],"about":[{"href":"https:\/\/zbranebudai.sk\/hu\/wp-json\/wp\/v2\/types\/product"}],"wp:featuredmedia":[{"embeddable":true,"href":"https:\/\/zbranebudai.sk\/hu\/wp-json\/wp\/v2\/media\/4617"}],"wp:attachment":[{"href":"https:\/\/zbranebudai.sk\/hu\/wp-json\/wp\/v2\/media?parent=4517"}],"wp:term":[{"taxonomy":"product_brand","embeddable":true,"href":"https:\/\/zbranebudai.sk\/hu\/wp-json\/wp\/v2\/product_brand?post=4517"},{"taxonomy":"product_cat","embeddable":true,"href":"https:\/\/zbranebudai.sk\/hu\/wp-json\/wp\/v2\/product_cat?post=4517"},{"taxonomy":"product_tag","embeddable":true,"href":"https:\/\/zbranebudai.sk\/hu\/wp-json\/wp\/v2\/product_tag?post=4517"}],"curies":[{"name":"wp","href":"https:\/\/api.w.org\/{rel}","templated":true}]}}