{"id":4504,"date":"2025-02-01T21:32:19","date_gmt":"2025-02-01T19:32:19","guid":{"rendered":"https:\/\/zbranebudai.sk\/?post_type=product&#038;p=4504"},"modified":"2025-08-31T03:50:31","modified_gmt":"2025-08-31T01:50:31","slug":"pard-landsat-640-copmact-celtavcso-45-70-940nm","status":"publish","type":"product","link":"https:\/\/zbranebudai.sk\/hu\/product\/pard-landsat-640-copmact-celtavcso-45-70-940nm\/","title":{"rendered":"Pard LANDSAT 640 COPMACT multispektr\u00e1lis l\u00e1t\u00f3sz\u00f6g 45\/70 940nm"},"content":{"rendered":"<p><strong>Pard LANDSAT 640 COPMACT multispektr\u00e1lis l\u00e1t\u00f3sz\u00f6g 45\/70 940nm<\/strong><\/p>\n<p>A h\u0151kamer\u00e1s, \u00e9jjell\u00e1t\u00f3, vil\u00e1g\u00edt\u00f3 \u00e9s l\u00e9zeres t\u00e1vols\u00e1gm\u00e9r\u0151 kombin\u00e1ci\u00f3ja ballisztikai sz\u00e1mol\u00f3g\u00e9ppel egyetlen kompakt testben - ez a <strong>Pard LANDSAT 640 COMPACT 940nm!<\/strong> Gy\u00e1rt\u00f3 <strong>Pard<\/strong> egy m\u00e1sodik f\u00fazi\u00f3s k\u00e9sz\u00fcl\u00e9ket hoz, amely tele van a leg\u00fajabb technol\u00f3gi\u00e1val, \u00e9s lehet\u0151v\u00e9 teszi, hogy gyorsan v\u00e1ltson a termikus \u00e9s optikai \u00fczemm\u00f3dok k\u00f6z\u00f6tt, vagy ak\u00e1r mindk\u00e9t \u00fczemm\u00f3dot egyidej\u0171leg egy k\u00e9perny\u0151n n\u00e9zze.<\/p>\n<h3><strong>Kulcsfontoss\u00e1g\u00fa jellemz\u0151k:<\/strong><\/h3>\n<ul>\n<li><strong>Kerek kijelz\u0151<\/strong><\/li>\n<li><strong>Gyors v\u00e1lt\u00e1s a h\u0151- \u00e9s az \u00e9jszakai l\u00e1t\u00e1s k\u00f6z\u00f6tt<\/strong><\/li>\n<li><strong>H\u0151kamer\u00e1s \u00e9rz\u00e9kel\u0151<\/strong> 640 \u00d7 512 px<\/li>\n<li><strong>H\u0151\u00e9rz\u00e9kenys\u00e9g<\/strong> 20 mK<\/li>\n<li><strong>Optikai modul az \u00e9jszakai l\u00e1t\u00e1shoz<\/strong> 2560 \u00d7 1440 px<\/li>\n<li><strong>Infravet\u0151<\/strong> 940 nm<\/li>\n<li><strong>\u00c9rz\u00e9kel\u00e9s 1800 m\u00e9terig<\/strong>*<\/li>\n<li><strong>L\u00e9zeres t\u00e1vols\u00e1gm\u00e9r\u0151 ballisztikus sz\u00e1mol\u00f3g\u00e9ppel<\/strong><\/li>\n<\/ul>\n<p>Innovat\u00edv f\u00fazi\u00f3s h\u0151kamer\u00e1s berendez\u00e9sek <strong>Pard LANDSAT 640<\/strong> fel van szerelve <strong>640 \u00d7 512 px h\u0151kamer\u00e1s \u00e9rz\u00e9kel\u0151<\/strong>amely a <strong>h\u0151m\u00e9rs\u00e9klet-\u00e9rz\u00e9kenys\u00e9g NETD \u2264 20 mK<\/strong> a <strong>optikai modul az \u00e9jszakai l\u00e1t\u00e1shoz<\/strong> felbont\u00e1ssal <strong>2560 \u00d7 1440 px<\/strong> \u00e9s megvil\u00e1g\u00edt\u00e1s <strong>940 nm<\/strong> lehet\u0151v\u00e9 teszi a c\u00e9lpont r\u00f6gz\u00edt\u00e9s\u00e9t h\u0151k\u00e9pben vagy \u00e9l\u00e9nk sz\u00ednben - nappal vagy \u00e9jszaka, m\u00e9g rosszabb k\u00f6r\u00fclm\u00e9nyek k\u00f6z\u00f6tt is.<\/p>\n<p>A h\u0151kamer\u00e1s \u00e9s optikai modul kombin\u00e1ci\u00f3j\u00e1nak k\u00f6sz\u00f6nhet\u0151en k\u00f6nnyed\u00e9n <strong>v\u00e1lt\u00e1s a teljes h\u0151k\u00e9p \u00e9s az \u00e9jszakai l\u00e1t\u00e1s k\u00f6z\u00f6tt<\/strong> vagy haszn\u00e1lja a <strong>mindk\u00e9t \u00fczemm\u00f3d egyszerre<\/strong> a funkci\u00f3nak k\u00f6sz\u00f6nhet\u0151en <strong>K\u00e9p a k\u00e9pben (PIP)<\/strong>. Ez a funkci\u00f3 jelent\u0151sen <strong>egyszer\u0171s\u00edti a j\u00e1t\u00e9k felismer\u00e9s\u00e9t<\/strong> \u00e9s az azt k\u00f6vet\u0151 azonos\u00edt\u00e1s, mivel kik\u00fcsz\u00f6b\u00f6li a k\u00fcl\u00f6n\u00e1ll\u00f3 h\u0151kamer\u00e1s vagy \u00e9jjell\u00e1t\u00f3 k\u00e9palkot\u00e1s h\u00e1tr\u00e1nyait, \u00e9s <strong>maximaliz\u00e1lja egyetlen eszk\u00f6z teljes\u00edtm\u00e9ny\u00e9t<\/strong>.<\/p>\n<h3><strong>L\u00e9zeres t\u00e1vols\u00e1gm\u00e9r\u0151 (LRF) \u00e9s ballisztikus sz\u00e1mol\u00f3g\u00e9p<\/strong><\/h3>\n<p>A l\u00e9zeres t\u00e1vols\u00e1gm\u00e9r\u0151 ballisztikus sz\u00e1mol\u00f3g\u00e9ppel lehet\u0151v\u00e9 teszi <strong>gyorsan \u00e9s pontosan meghat\u00e1rozni a c\u00e9lpont t\u00e1vols\u00e1g\u00e1t<\/strong>, \u00edgy minimaliz\u00e1lva a pontatlan l\u00f6v\u00e9sek kock\u00e1zat\u00e1t. Ez k\u00fcl\u00f6n\u00f6sen fontos ismeretlen ter\u00fcleteken, ahol a t\u00e1vols\u00e1g becsl\u00e9se puszt\u00e1n h\u0151kamer\u00e1s k\u00e9palkot\u00e1s seg\u00edts\u00e9g\u00e9vel neh\u00e9z.<\/p>\n<p><strong>940 nm hull\u00e1mhossz\u00fa megvil\u00e1g\u00edt\u00e1s<\/strong> a fenevadnak sz\u00f3l <strong>L\u00e1thatatlan<\/strong> \u00e9s lehet\u0151v\u00e9 teszi <strong>h\u00e1rom intenzit\u00e1si szint<\/strong>.<\/p>\n<p>K\u00f6sz\u00f6nhet\u0151en <strong>lencs\u00e9k 45 mm<\/strong> el\u00e9ri a  c\u00edmet. <strong>\u00e9rz\u00e9kel\u00e9si t\u00e1vols\u00e1g<\/strong> Puskat\u00e1vcs\u0151 <strong>1800 m\u00e9terig<\/strong>* termikus \u00fczemm\u00f3dban \u00e9s <strong>400 m\u00e9ter<\/strong> digit\u00e1lis \u00fczemm\u00f3dban.<\/p>\n<h3><strong>Kiv\u00e9teles k\u00e9p \u00e9s sz\u00e9les l\u00e1t\u00f3mez\u0151<\/strong><\/h3>\n<p>Kerek <strong>IPS LCD kijelz\u0151<\/strong> felbont\u00e1ssal <strong>800 \u00d7 800 px<\/strong> \u00e1ltal biztos\u00edtott <strong>magas k\u00e9pmin\u0151s\u00e9g<\/strong>ami egyenl\u0151 <strong>hagyom\u00e1nyos c\u00e9lt\u00e1vcs\u0151<\/strong>. Felaj\u00e1nlotta <strong>tiszta k\u00e9p, nagy kontraszt<\/strong> a <strong>extra sz\u00e9les l\u00e1t\u00f3mez\u0151<\/strong>amely a k\u00f6vetkez\u0151 meg\u00e1llap\u00edt\u00e1st teszi <strong>term\u00e9szetesebb<\/strong> \u00e9s \u00f6sszehasonl\u00edthat\u00f3 a nappali optik\u00e1n kereszt\u00fcli l\u00e1tv\u00e1nnyal.<\/p>\n<h3><strong>K\u00fcl\u00f6nb\u00f6z\u0151 megjelen\u00edt\u00e9si m\u00f3dok<\/strong><\/h3>\n<ul>\n<li><strong>H\u0151kamer\u00e1s k\u00e9palkot\u00e1s<\/strong>: 6 \u00fczemm\u00f3d (White Hot, Black Hot, Edge, Red Hot, Iron Red Hot, Sky)<\/li>\n<li><strong>Megfigyel\u00e9si jelenetek<\/strong>: V\u00e1ros, es\u0151, erd\u0151<\/li>\n<li><strong>Digit\u00e1lis kijelz\u0151<\/strong>: <strong>Sz\u00ednes kijelz\u0151 \"nappal\" \u00e9s fekete-feh\u00e9r \"\u00e9jszaka\"<\/strong><\/li>\n<\/ul>\n<h3><strong>Vide\u00f3- \u00e9s f\u00e9nyk\u00e9pfelv\u00e9tel<\/strong><\/h3>\n<p>Miut\u00e1n beillesztette <strong>microSD k\u00e1rtya (max. 128 GB)<\/strong> (nem tartalmazza), akkor <strong>vide\u00f3felv\u00e9telek \u00e9s f\u00e9nyk\u00e9pek k\u00e9sz\u00edt\u00e9se<\/strong>. <strong>Automatikus felv\u00e9tel a felv\u00e9tel ut\u00e1n<\/strong> \u00e9s a lehet\u0151s\u00e9g <strong>azonnali lej\u00e1tsz\u00e1s vagy t\u00f6rl\u00e9s<\/strong> a r\u00f6gz\u00edtett felv\u00e9telek a hasznos funkci\u00f3k k\u00f6z\u00e9 tartoznak. <strong>USB-C kimeneten kereszt\u00fcl<\/strong> a k\u00e9sz\u00fcl\u00e9ket sz\u00e1m\u00edt\u00f3g\u00e9phez lehet csatlakoztatni.<\/p>\n<h3><strong>Tart\u00f3ss\u00e1g \u00e9s akkumul\u00e1tor-\u00fczemid\u0151<\/strong><\/h3>\n<p>A c\u00e9lt\u00e1vcs\u0151 <strong>tart\u00f3s<\/strong> K\u00f6sz\u00f6n\u00f6m <strong>v\u00e9delmi fokozat IP67<\/strong> (v\u00e9delem v\u00edzbe mer\u00fcl\u00e9s ellen 1 m\u00e9ter m\u00e9lys\u00e9gig 30 percig). Az \u00e1ramell\u00e1t\u00e1st a k\u00f6vetkez\u0151 biztos\u00edtja <strong>\u00dajrat\u00f6lthet\u0151 akkumul\u00e1tor 21700<\/strong> kitart\u00e1ssal <strong>6 \u00f3ra<\/strong>. K\u00f6sz\u00f6n\u00f6m <strong>alv\u00f3 \u00fczemm\u00f3d<\/strong> energi\u00e1t takar\u00edt meg \u00e9s lehet\u0151v\u00e9 teszi <strong>energiaell\u00e1t\u00e1s powerbank seg\u00edts\u00e9g\u00e9vel<\/strong>.<\/p>\n<table border=\"0\" cellspacing=\"0\">\n<colgroup span=\"3\" width=\"85\"><\/colgroup>\n<tbody>\n<tr>\n<td align=\"left\" height=\"32\"><span style=\"font-family: Liberation Serif\">\u00c9rz\u00e9kel\u0151<\/span><\/td>\n<td align=\"left\"><span style=\"font-family: Liberation Serif\">H\u0151kamer\u00e1s modul<\/span><\/td>\n<td align=\"left\"><span style=\"font-family: Liberation Serif\">Digit\u00e1lis modul<\/span><\/td>\n<\/tr>\n<tr>\n<td align=\"left\" height=\"32\"><span style=\"font-family: Liberation Serif\">Felbont\u00e1s\u00a0<\/span><\/td>\n<td align=\"left\"><span style=\"font-family: Liberation Serif\">640 \u00d7 512 px<\/span><\/td>\n<td align=\"left\"><span style=\"font-family: Liberation Serif\">2560 \u00d7 1440 px<\/span><\/td>\n<\/tr>\n<tr>\n<td align=\"left\" height=\"32\"><span style=\"font-family: Liberation Serif\">H\u0151m\u00e9rs\u00e9klet \u00e9rz\u00e9kenys\u00e9g\u00a0<\/span><\/td>\n<td align=\"left\"><span style=\"font-family: Liberation Serif\">\u2266 20 mK<\/span><\/td>\n<td align=\"left\"><span style=\"font-family: Liberation Serif\">-<\/span><\/td>\n<\/tr>\n<tr>\n<td align=\"left\" height=\"17\"><span style=\"font-family: Liberation Serif\">Dawn<\/span><\/td>\n<td align=\"left\"><span style=\"font-family: Liberation Serif\">-<\/span><\/td>\n<td align=\"left\"><span style=\"font-family: Liberation Serif\">940nm<\/span><\/td>\n<\/tr>\n<tr>\n<td align=\"left\" height=\"17\"><span style=\"font-family: Liberation Serif\">Lencse<\/span><\/td>\n<td align=\"left\"><span style=\"font-family: Liberation Serif\">45 mm<\/span><\/td>\n<td align=\"left\"><span style=\"font-family: Liberation Serif\">50\/70 mm<\/span><\/td>\n<\/tr>\n<tr>\n<td align=\"left\" height=\"17\"><span style=\"font-family: Liberation Serif\">\u00c9rz\u00e9kel\u00e9s<\/span><\/td>\n<td align=\"left\"><span style=\"font-family: Liberation Serif\">1800 m<\/span><\/td>\n<td align=\"left\"><span style=\"font-family: Liberation Serif\">400 m<\/span><\/td>\n<\/tr>\n<tr>\n<td align=\"left\" height=\"32\"><span style=\"font-family: Liberation Serif\">Optikai nagy\u00edt\u00e1s<\/span><\/td>\n<td align=\"left\"><span style=\"font-family: Liberation Serif\">2,0x<\/span><\/td>\n<td align=\"left\"><span style=\"font-family: Liberation Serif\">3-4,3x<\/span><\/td>\n<\/tr>\n<tr>\n<td align=\"left\" height=\"17\"><span style=\"font-family: Liberation Serif\">L\u00e1t\u00f3mez\u0151<\/span><\/td>\n<td align=\"left\"><span style=\"font-family: Liberation Serif\">5,8\u00b0 \u00d7 5,8\u00b0<\/span><\/td>\n<td align=\"left\"><span style=\"font-family: Liberation Serif\">2,6\u00b0 \u00d7 2,6\u00b0<\/span><\/td>\n<\/tr>\n<tr>\n<td align=\"left\" height=\"32\"><span style=\"font-family: Liberation Serif\">Kijelz\u0151 felbont\u00e1sa<\/span><\/td>\n<td colspan=\"2\" align=\"left\"><span style=\"font-family: Liberation Serif\">800 \u00d7 800 px<\/span><\/td>\n<\/tr>\n<tr>\n<td align=\"left\" height=\"17\"><span style=\"font-family: Liberation Serif\">Wi-Fi<\/span><\/td>\n<td colspan=\"2\" align=\"left\"><span style=\"font-family: Liberation Serif\">Igen<\/span><\/td>\n<\/tr>\n<tr>\n<td align=\"left\" height=\"32\"><span style=\"font-family: Liberation Serif\">Digit\u00e1lis zoom<\/span><\/td>\n<td colspan=\"2\" align=\"left\"><span style=\"font-family: Liberation Serif\">2x<\/span><\/td>\n<\/tr>\n<tr>\n<td align=\"left\" height=\"32\"><span style=\"font-family: Liberation Serif\">Dioptri\u00e1s korrekci\u00f3<\/span><\/td>\n<td colspan=\"2\" align=\"left\"><span style=\"font-family: Liberation Serif\">-5D~+3D<\/span><\/td>\n<\/tr>\n<tr>\n<td align=\"left\" height=\"47\"><span style=\"font-family: Liberation Serif\">F\u00e9nyk\u00e9p k\u00e9sz\u00edt\u00e9s\u00e9nek lehet\u0151s\u00e9ge<\/span><\/td>\n<td colspan=\"2\" align=\"left\"><span style=\"font-family: Liberation Serif\">Igen<\/span><\/td>\n<\/tr>\n<tr>\n<td align=\"left\" height=\"32\"><span style=\"font-family: Liberation Serif\">Vide\u00f3 k\u00e9sz\u00edt\u00e9s\u00e9nek lehet\u0151s\u00e9ge<\/span><\/td>\n<td colspan=\"2\" align=\"left\"><span style=\"font-family: Liberation Serif\">Igen<\/span><\/td>\n<\/tr>\n<tr>\n<td align=\"left\" height=\"32\"><span style=\"font-family: Liberation Serif\">V\u00e9delmi fokozat<\/span><\/td>\n<td colspan=\"2\" align=\"left\"><span style=\"font-family: Liberation Serif\">IP67<\/span><\/td>\n<\/tr>\n<tr>\n<td align=\"left\" height=\"17\"><span style=\"font-family: Liberation Serif\">Mem\u00f3ria<\/span><\/td>\n<td colspan=\"2\" align=\"left\"><span style=\"font-family: Liberation Serif\">microSD, 128 GB<\/span><\/td>\n<\/tr>\n<tr>\n<td align=\"left\" height=\"32\"><span style=\"font-family: Liberation Serif\">\u00dczemi h\u0151m\u00e9rs\u00e9klet<\/span><\/td>\n<td colspan=\"2\" align=\"left\"><span style=\"font-family: Liberation Serif\">-20\u00b0C \u00e9s 50\u00b0C k\u00f6z\u00f6tt<\/span><\/td>\n<\/tr>\n<tr>\n<td align=\"left\" height=\"17\"><span style=\"font-family: Liberation Serif\">Akkumul\u00e1torok<\/span><\/td>\n<td colspan=\"2\" align=\"left\"><span style=\"font-family: Liberation Serif\">1x Li-ion 21700<\/span><\/td>\n<\/tr>\n<tr>\n<td align=\"left\" height=\"17\"><span style=\"font-family: Liberation Serif\">Az akkumul\u00e1tor \u00e9lettartama<\/span><\/td>\n<td colspan=\"2\" align=\"left\"><span style=\"font-family: Liberation Serif\">6 \u00f3ra<\/span><\/td>\n<\/tr>\n<tr>\n<td align=\"left\" height=\"17\"><span style=\"font-family: Liberation Serif\">S\u00faly<\/span><\/td>\n<td colspan=\"2\" align=\"left\"><span style=\"font-family: Liberation Serif\">720 g<\/span><\/td>\n<\/tr>\n<tr>\n<td align=\"left\" height=\"17\"><span style=\"font-family: Liberation Serif\">M\u00e9retek<\/span><\/td>\n<td colspan=\"2\" align=\"left\"><span style=\"font-family: Liberation Serif\">265 \u00d7 92 \u00d7 90 mm<\/span><\/td>\n<\/tr>\n<\/tbody>\n<\/table>\n<p><strong>A csomag tartalma:<\/strong><\/p>\n<ul>\n<li>H\u0151kamer\u00e1s f\u00fazi\u00f3s c\u00e9lt\u00e1vcs\u0151 <strong>PARD LANDSAT 640 COMPACT 940nm<\/strong><\/li>\n<li>1\u00d7 \u00fajrat\u00f6lthet\u0151 akkumul\u00e1tor <strong>21700<\/strong><\/li>\n<li>1\u00d7 v\u00e9d\u0151 <strong>neopr\u00e9n tok<\/strong><\/li>\n<li>1\u00d7 \u00f6sszeszerel\u00e9s<\/li>\n<li>1\u00d7 <strong>USB-C k\u00e1bel<\/strong><\/li>\n<li>1\u00d7 <strong>szemh\u00e9j<\/strong><\/li>\n<li><strong>Cseh nyelv\u0171 utas\u00edt\u00e1sok<\/strong><\/li>\n<\/ul>\n<p>Hivatalos m\u00e1rkaoldal: <a href=\"https:\/\/eu.pard.com\/product\/multi-spectral-scope-landsat-compact\">https:\/\/eu.pard.com\/product\/multi-spectral-scope-landsat-compact<\/a><\/p>","protected":false},"excerpt":{"rendered":"<p>Mer\u00fclj\u00f6n el a vad\u00e1szatban - a h\u0151kamer\u00e1s l\u00e1t\u00f3sz\u00f6g t\u00e1volr\u00f3l is \u00e9rz\u00e9keli a c\u00e9lt, az \u00e9jjell\u00e1t\u00f3 pedig lehet\u0151v\u00e9 teszi, hogy a legapr\u00f3bb r\u00e9szleteket is leolvassa.<\/p>\n<ul>\n<li><strong>H\u0151kamer\u00e1s modul:<\/strong> 640 \u00d7 512 px, 12 \u03bcm.<\/li>\n<li><strong>Lencse:<\/strong> 45 mm.<\/li>\n<li><strong>\u00c9rz\u00e9kenys\u00e9g:<\/strong> \u2264 20 mK.<\/li>\n<li><strong>Digit\u00e1lis modul:<\/strong> 2560 \u00d7 1440 px.<\/li>\n<li><strong>Pr\u00edsvit:<\/strong> 940 nm.<\/li>\n<li><strong>F\u00f3kuszt\u00e1vols\u00e1g:<\/strong> 70 mm.<\/li>\n<li><strong>\u00c9rz\u00e9kel\u00e9si t\u00e1vols\u00e1g:<\/strong> 1800\/3300 m.<\/li>\n<li><strong>Kerek kijelz\u0151:<\/strong> 800 \u00d7 800 px.<\/li>\n<li><strong>Takar\u00e9kos \u00fczemm\u00f3d (alv\u00f3 \u00fczemm\u00f3d).<\/strong><\/li>\n<li><strong>Az akkumul\u00e1tor \u00e9lettartama:<\/strong> 6 \u00f3ra.<\/li>\n<li><strong>T\u00e1pegys\u00e9g:<\/strong> 1\u00d7 Li-ion akkumul\u00e1tor 21700.<\/li>\n<\/ul>","protected":false},"featured_media":4614,"template":"","meta":{"_gspb_post_css":""},"product_brand":[308],"product_cat":[21,144,326],"product_tag":[297,325,229,324,311],"class_list":{"0":"post-4504","1":"product","2":"type-product","3":"status-publish","4":"has-post-thumbnail","6":"product_brand-pard","7":"product_cat-optika","8":"product_cat-termovizie","9":"product_cat-termovizne-zameriavace","10":"product_tag-landsat","11":"product_tag-nocne-videnie","12":"product_tag-pard","13":"product_tag-puskohlad","14":"product_tag-termovizia","16":"first","17":"instock","18":"taxable","19":"shipping-taxable","20":"purchasable","21":"product-type-simple"},"ct_brands":[{"id":308,"name":"Pard","slug":"pard"}],"_links":{"self":[{"href":"https:\/\/zbranebudai.sk\/hu\/wp-json\/wp\/v2\/product\/4504","targetHints":{"allow":["GET"]}}],"collection":[{"href":"https:\/\/zbranebudai.sk\/hu\/wp-json\/wp\/v2\/product"}],"about":[{"href":"https:\/\/zbranebudai.sk\/hu\/wp-json\/wp\/v2\/types\/product"}],"wp:featuredmedia":[{"embeddable":true,"href":"https:\/\/zbranebudai.sk\/hu\/wp-json\/wp\/v2\/media\/4614"}],"wp:attachment":[{"href":"https:\/\/zbranebudai.sk\/hu\/wp-json\/wp\/v2\/media?parent=4504"}],"wp:term":[{"taxonomy":"product_brand","embeddable":true,"href":"https:\/\/zbranebudai.sk\/hu\/wp-json\/wp\/v2\/product_brand?post=4504"},{"taxonomy":"product_cat","embeddable":true,"href":"https:\/\/zbranebudai.sk\/hu\/wp-json\/wp\/v2\/product_cat?post=4504"},{"taxonomy":"product_tag","embeddable":true,"href":"https:\/\/zbranebudai.sk\/hu\/wp-json\/wp\/v2\/product_tag?post=4504"}],"curies":[{"name":"wp","href":"https:\/\/api.w.org\/{rel}","templated":true}]}}