{"id":4495,"date":"2025-02-01T21:31:40","date_gmt":"2025-02-01T19:31:40","guid":{"rendered":"https:\/\/zbranebudai.sk\/?post_type=product&#038;p=4495"},"modified":"2025-08-31T03:50:31","modified_gmt":"2025-08-31T01:50:31","slug":"pard-landsat-480-kompakt-celtavcso-35-70-940nm","status":"publish","type":"product","link":"https:\/\/zbranebudai.sk\/hu\/product\/pard-landsat-480-compact-celtavcso-35-70-940nm\/","title":{"rendered":"Pard LANDSAT 480 COMPACT multispektr\u00e1lis l\u00e1t\u00f3sz\u00f6g 35\/70 940nm"},"content":{"rendered":"<p><strong>Pard LANDSAT 480 COMPACT multispektr\u00e1lny zameriava\u010d 35\/70 940nm<\/strong><\/p>\n<p>Inovat\u00edvne termov\u00edzne f\u00fazne zariadenie Pard LANDSAT 480 m\u00e1 termov\u00edzny senzor 480 \u00d7 360 px, ktor\u00fd v\u00e1m v spojen\u00ed s teplotnou citlivos\u0165ou NETD \u2264 20 mK a optick\u00fdm modulom pre no\u010dn\u00e9 videnie v rozl\u00ed\u0161en\u00ed 2560 \u00d7 1440 px a pr\u00edsvitom 940nm d\u00e1va schopnos\u0165 zamerania cie\u013ea v termov\u00edznych alebo \u017eiv\u00fdch farb\u00e1ch, cez de\u0148 aj v noci, aj pri zhor\u0161en\u00fdch podmienkach.<\/p>\n<p>V\u010faka kombin\u00e1cii termov\u00edzneho a optick\u00e9ho modulu m\u00e1te mo\u017enos\u0165 prep\u00ednania medzi plnohodnotnou termov\u00edziou a no\u010dn\u00fdm viden\u00edm, alebo ma\u0165 oba re\u017eimy na obrazovke z\u00e1rove\u0148 pomocou funkcie obrazu v obraze (PIP). T\u00e1to funkcia v\u00fdrazne u\u013eah\u010duje detekciu zveri a n\u00e1sledne jej obeznanie, preto\u017ee v\u010faka tejto kombin\u00e1cii doch\u00e1dza k elimin\u00e1cii nev\u00fdhod samotnej termov\u00edzie alebo no\u010dn\u00e9ho videnia, vyu\u017eijete tak z jedn\u00e9ho pr\u00edstroja maximum.<\/p>\n<p>Laserov\u00fd dia\u013ekomer (LRF) a balistick\u00fd kalkul\u00e1tor umo\u017e\u0148uje po\u013eovn\u00edkom r\u00fdchlo a presne ur\u010di\u0165 vzdialenos\u0165 k cie\u013eu, \u010d\u00edm sa zni\u017euje riziko chybn\u00fdch v\u00fdstrelov. To plat\u00ed najm\u00e4 v nezn\u00e1mych oblastiach, kde je ur\u010denie vzdialenosti iba pomocou termov\u00edzie \u010dasto \u0165a\u017ek\u00e9.<\/p>\n<p>Pr\u00edsvit o vlnovej d\u013a\u017eke 940nm je pre zver nevidite\u013en\u00fd a pre va\u0161e pohodlie m\u00e1 nastavite\u013en\u00e9 tri stupne intenzity.<\/p>\n<p>V\u010faka \u0161o\u0161ovke o ve\u013ekosti 35 mm je detek\u010dn\u00e1 vzdialenos\u0165 pu\u0161koh\u013eadu a\u017e 1400 metrov u termov\u00edzneho modulu a u digit\u00e1lneho 400 metrov.<\/p>\n<p>V\u00fdnimo\u010dn\u00fd obraz poskytuje okr\u00fahly IPS LCD displej s rozl\u00ed\u0161en\u00edm 800 \u00d7 800 px, ktor\u00fd v\u00e1m zaru\u010d\u00ed z\u00e1\u017eitok ako s klasick\u00fdm pu\u0161koh\u013eadom a maxim\u00e1lnym zorn\u00fdm po\u013eom. Tento displej poskytuje \u010dist\u00fd obraz s bohat\u00fdm kontrastom a m\u00e1 extra \u0161irok\u00e9 zorn\u00e9 pole pre lep\u0161\u00ed preh\u013ead. Sledovanie je e\u0161te prirodzenej\u0161ie v\u010faka r\u00fdchlej odozve, ako ke\u010f sa pozer\u00e1te cez tradi\u010dn\u00fa denn\u00fa optiku.<\/p>\n<p>Termov\u00edzne zobrazenie pon\u00faka hne\u010f 6 zobrazen\u00ed (White Hot, Black Hot, Edge, Red Hot, Iron Red Hot, Sky) a tri pozorovacie sc\u00e9ny (City, Rain, Forest). V digit\u00e1lnom zobrazen\u00ed si m\u00f4\u017eete klasicky vybra\u0165 medzi farebn\u00fdm zobrazen\u00edm De\u0148 a \u010diernobielym zobrazen\u00edm Noc.<\/p>\n<p>Po in\u0161tal\u00e1cii microSD karty s kapacitou a\u017e 128 GB (nie je s\u00fa\u010das\u0165ou balenia) m\u00f4\u017eete robi\u0165 fotografie a vide\u00e1. Ve\u013emi u\u017eito\u010dnou funkciou pu\u0161koh\u013eadu je tie\u017e automatick\u00e9 nahr\u00e1vanie po v\u00fdstrele a mo\u017enos\u0165 okam\u017eit\u00e9ho zobrazenia \u010di odstr\u00e1nenia zaznamenan\u00fdch z\u00e1berov. Prostredn\u00edctvom v\u00fdstupu USB-C m\u00f4\u017eete pr\u00edstroj pripoji\u0165 k po\u010d\u00edta\u010du.<\/p>\n<p>Pu\u0161koh\u013ead je odoln\u00fd v\u010faka stup\u0148u ochrany IP67 (ochrana proti ponoreniu do vody, ponorenie na 30 min\u00fat do h\u013abky 1 meter). O nap\u00e1janie sa star\u00e1 nab\u00edjate\u013en\u00e1 bat\u00e9ria 21700 s v\u00fddr\u017eou 6 hod\u00edn. V\u010faka re\u017eimu sp\u00e1nku \u0161etr\u00ed bat\u00e9riu a m\u00e1 mo\u017enos\u0165 pripojenia powerbanky.<\/p>\n<div>\n<div class=\"pt-0\">\n<div class=\"gizmo-bot-avatar flex h-8 w-8 items-center justify-center overflow-hidden rounded-full\">\n<div class=\"relative p-1 rounded-sm flex items-center justify-center bg-token-main-surface-primary text-token-text-primary h-8 w-8\">\n<table border=\"0\" cellspacing=\"0\">\n<colgroup span=\"3\" width=\"85\"><\/colgroup>\n<tbody>\n<tr>\n<td align=\"left\" height=\"32\"><span style=\"font-family: Liberation Serif\">Senzor<\/span><\/td>\n<td align=\"left\"><span style=\"font-family: Liberation Serif\">Termovizn\u00ed modul<\/span><\/td>\n<td align=\"left\"><span style=\"font-family: Liberation Serif\">Digit\u00e1ln\u00ed modul<\/span><\/td>\n<\/tr>\n<tr>\n<td align=\"left\" height=\"32\"><span style=\"font-family: Liberation Serif\">Rozli\u0161en\u00ed\u00a0<\/span><\/td>\n<td align=\"left\"><span style=\"font-family: Liberation Serif\">480 \u00d7 360 px<\/span><\/td>\n<td align=\"left\"><span style=\"font-family: Liberation Serif\">2560 \u00d7 1440 px<\/span><\/td>\n<\/tr>\n<tr>\n<td align=\"left\" height=\"32\"><span style=\"font-family: Liberation Serif\">Teplotn\u00ed citlivost\u00a0<\/span><\/td>\n<td align=\"left\"><span style=\"font-family: Liberation Serif\">\u2266 20 mK<\/span><\/td>\n<td align=\"left\"><span style=\"font-family: Liberation Serif\">&#8211;<\/span><\/td>\n<\/tr>\n<tr>\n<td align=\"left\" height=\"17\"><span style=\"font-family: Liberation Serif\">P\u0159\u00edsvit<\/span><\/td>\n<td align=\"left\"><span style=\"font-family: Liberation Serif\">&#8211;<\/span><\/td>\n<td align=\"left\"><span style=\"font-family: Liberation Serif\">940nm<\/span><\/td>\n<\/tr>\n<tr>\n<td align=\"left\" height=\"17\"><span style=\"font-family: Liberation Serif\">\u010co\u010dka<\/span><\/td>\n<td align=\"left\"><span style=\"font-family: Liberation Serif\">35 mm<\/span><\/td>\n<td align=\"left\"><span style=\"font-family: Liberation Serif\">50\/70 mm<\/span><\/td>\n<\/tr>\n<tr>\n<td align=\"left\" height=\"17\"><span style=\"font-family: Liberation Serif\">Detekce<\/span><\/td>\n<td align=\"left\"><span style=\"font-family: Liberation Serif\">1400 m<\/span><\/td>\n<td align=\"left\"><span style=\"font-family: Liberation Serif\">400 m<\/span><\/td>\n<\/tr>\n<tr>\n<td align=\"left\" height=\"32\"><span style=\"font-family: Liberation Serif\">Optick\u00e9 zv\u011bt\u0161en\u00ed<\/span><\/td>\n<td align=\"left\"><span style=\"font-family: Liberation Serif\">2,5x<\/span><\/td>\n<td align=\"left\"><span style=\"font-family: Liberation Serif\">3-4,3x<\/span><\/td>\n<\/tr>\n<tr>\n<td align=\"left\" height=\"17\"><span style=\"font-family: Liberation Serif\">Zorn\u00e9 pole<\/span><\/td>\n<td align=\"left\"><span style=\"font-family: Liberation Serif\">5,7\u00b0 \u00d7 5,7\u00b0<\/span><\/td>\n<td align=\"left\"><span style=\"font-family: Liberation Serif\">2,6\u00b0 \u00d7 2,6\u00b0<\/span><\/td>\n<\/tr>\n<tr>\n<td align=\"left\" height=\"32\"><span style=\"font-family: Liberation Serif\">Rozli\u0161en\u00ed displeje<\/span><\/td>\n<td colspan=\"2\" align=\"left\"><span style=\"font-family: Liberation Serif\">800 \u00d7 800 px<\/span><\/td>\n<\/tr>\n<tr>\n<td align=\"left\" height=\"17\"><span style=\"font-family: Liberation Serif\">Wi-Fi<\/span><\/td>\n<td colspan=\"2\" align=\"left\"><span style=\"font-family: Liberation Serif\">Ano<\/span><\/td>\n<\/tr>\n<tr>\n<td align=\"left\" height=\"32\"><span style=\"font-family: Liberation Serif\">Digit\u00e1ln\u00ed zoom<\/span><\/td>\n<td colspan=\"2\" align=\"left\"><span style=\"font-family: Liberation Serif\">2x<\/span><\/td>\n<\/tr>\n<tr>\n<td align=\"left\" height=\"32\"><span style=\"font-family: Liberation Serif\">Dioptrick\u00e1 korekce<\/span><\/td>\n<td colspan=\"2\" align=\"left\"><span style=\"font-family: Liberation Serif\">-5D~+3D<\/span><\/td>\n<\/tr>\n<tr>\n<td align=\"left\" height=\"47\"><span style=\"font-family: Liberation Serif\">Mo\u017enost po\u0159\u00edzen\u00ed fotografie<\/span><\/td>\n<td colspan=\"2\" align=\"left\"><span style=\"font-family: Liberation Serif\">Ano<\/span><\/td>\n<\/tr>\n<tr>\n<td align=\"left\" height=\"32\"><span style=\"font-family: Liberation Serif\">Mo\u017enost po\u0159\u00edzen\u00ed videa<\/span><\/td>\n<td colspan=\"2\" align=\"left\"><span style=\"font-family: Liberation Serif\">Ano<\/span><\/td>\n<\/tr>\n<tr>\n<td align=\"left\" height=\"32\"><span style=\"font-family: Liberation Serif\">Stupe\u0148 ochrany<\/span><\/td>\n<td colspan=\"2\" align=\"left\"><span style=\"font-family: Liberation Serif\">IP67<\/span><\/td>\n<\/tr>\n<tr>\n<td align=\"left\" height=\"17\"><span style=\"font-family: Liberation Serif\">Pam\u011b\u0165<\/span><\/td>\n<td colspan=\"2\" align=\"left\"><span style=\"font-family: Liberation Serif\">microSD, 128 GB<\/span><\/td>\n<\/tr>\n<tr>\n<td align=\"left\" height=\"32\"><span style=\"font-family: Liberation Serif\">Provozn\u00ed teplota<\/span><\/td>\n<td colspan=\"2\" align=\"left\"><span style=\"font-family: Liberation Serif\">-20\u00b0C a\u017e 50\u00b0C<\/span><\/td>\n<\/tr>\n<tr>\n<td align=\"left\" height=\"17\"><span style=\"font-family: Liberation Serif\">Baterie<\/span><\/td>\n<td colspan=\"2\" align=\"left\"><span style=\"font-family: Liberation Serif\">1x Li-ion 21700<\/span><\/td>\n<\/tr>\n<tr>\n<td align=\"left\" height=\"17\"><span style=\"font-family: Liberation Serif\">V\u00fddr\u017e baterie<\/span><\/td>\n<td colspan=\"2\" align=\"left\"><span style=\"font-family: Liberation Serif\">6 hod<\/span><\/td>\n<\/tr>\n<tr>\n<td align=\"left\" height=\"17\"><span style=\"font-family: Liberation Serif\">Hmotnost<\/span><\/td>\n<td colspan=\"2\" align=\"left\"><span style=\"font-family: Liberation Serif\">720 g<\/span><\/td>\n<\/tr>\n<tr>\n<td align=\"left\" height=\"17\"><span style=\"font-family: Liberation Serif\">Rozm\u011bry<\/span><\/td>\n<td colspan=\"2\" align=\"left\"><span style=\"font-family: Liberation Serif\">265 \u00d7 92 \u00d7 90 mm<\/span><\/td>\n<\/tr>\n<\/tbody>\n<\/table>\n<\/div>\n<\/div>\n<\/div>\n<\/div>\n<div class=\"flex-col gap-1 md:gap-3\">\n<div class=\"flex max-w-full flex-col flex-grow\">\n<div class=\"min-h-8 text-message flex w-full flex-col items-end gap-2 whitespace-normal break-words text-start [.text-message+&amp;]:mt-5\" dir=\"auto\" data-message-author-role=\"assistant\" data-message-id=\"fdaf20a3-8a7b-47ba-a8c5-8e3f917549fc\" data-message-model-slug=\"gpt-4o\">\n<div class=\"flex w-full flex-col gap-1 empty:hidden first:pt-[3px]\">\n<div class=\"markdown prose w-full break-words dark:prose-invert light\">\n<p><strong>Obsah balenia:<\/strong><\/p>\n<ul>\n<li>PARD LANDSET 480 COMPACT 940nm<\/li>\n<li>1x nab\u00edjate\u013en\u00e1 bat\u00e9ria 21700<\/li>\n<li>1x ochrann\u00fd neopr\u00e9nov\u00fd obal<\/li>\n<li>1x mont\u00e1\u017e<\/li>\n<li>1x USB-C k\u00e1bel<\/li>\n<li>1x o\u010dnice<\/li>\n<li>N\u00e1vod v \u010de\u0161tine<\/li>\n<\/ul>\n<\/div>\n<\/div>\n<\/div>\n<\/div>\n<\/div>\n<p>Ofici\u00e1lna str\u00e1nka zna\u010dky: <a href=\"https:\/\/eu.pard.com\/product\/multi-spectral-scope-landsat-compact\">https:\/\/eu.pard.com\/product\/multi-spectral-scope-landsat-compact<\/a><\/p>\n","protected":false},"excerpt":{"rendered":"<p>A h\u0151kamer\u00e1s, \u00e9jjell\u00e1t\u00f3, vil\u00e1g\u00edt\u00f3 \u00e9s l\u00e9zeres t\u00e1vols\u00e1gm\u00e9r\u0151 kombin\u00e1ci\u00f3ja ballisztikus sz\u00e1mol\u00f3g\u00e9ppel egyetlen kompakt testben - ez a Pard LANDSAT 480 COMPACT 940nm! A gy\u00e1rt\u00f3 Pard egy m\u00e1sodik f\u00fazi\u00f3s k\u00e9sz\u00fcl\u00e9ket hoz, amely tele van a leg\u00fajabb technol\u00f3gi\u00e1val, \u00e9s lehet\u0151v\u00e9 teszi, hogy gyorsan v\u00e1ltson a h\u0151kamer\u00e1s \u00e9s optikai \u00fczemm\u00f3dok k\u00f6z\u00f6tt, vagy ak\u00e1r mindk\u00e9t \u00fczemm\u00f3dot egyszerre n\u00e9zze meg egy k\u00e9perny\u0151n.<\/p>\n<ul>\n<li>Kerek kijelz\u0151<\/li>\n<li>Gyors v\u00e1lt\u00e1s a h\u0151- \u00e9s az \u00e9jszakai l\u00e1t\u00e1s k\u00f6z\u00f6tt<\/li>\n<li>H\u0151kamer\u00e1s \u00e9rz\u00e9kel\u0151 480 \u00d7 360 px<\/li>\n<li>20 mK<\/li>\n<li>Optikai modul az \u00e9jszakai l\u00e1t\u00e1shoz 2560 \u00d7 1440 px<\/li>\n<li>940 nm-es besug\u00e1rz\u00e1s<\/li>\n<li>\u00c9rz\u00e9kel\u00e9s 1400 m\u00e9terig<\/li>\n<li>L\u00e9zeres t\u00e1vols\u00e1gm\u00e9r\u0151 ballisztikus sz\u00e1mol\u00f3g\u00e9ppel<\/li>\n<\/ul>","protected":false},"featured_media":4611,"template":"","meta":{"_gspb_post_css":""},"product_brand":[308],"product_cat":[21,144,326],"product_tag":[297,229,311,312],"class_list":{"0":"post-4495","1":"product","2":"type-product","3":"status-publish","4":"has-post-thumbnail","6":"product_brand-pard","7":"product_cat-optika","8":"product_cat-termovizie","9":"product_cat-termovizne-zameriavace","10":"product_tag-landsat","11":"product_tag-pard","12":"product_tag-termovizia","13":"product_tag-zameriavac","15":"first","16":"instock","17":"taxable","18":"shipping-taxable","19":"purchasable","20":"product-type-simple"},"ct_brands":[{"id":308,"name":"Pard","slug":"pard"}],"_links":{"self":[{"href":"https:\/\/zbranebudai.sk\/hu\/wp-json\/wp\/v2\/product\/4495","targetHints":{"allow":["GET"]}}],"collection":[{"href":"https:\/\/zbranebudai.sk\/hu\/wp-json\/wp\/v2\/product"}],"about":[{"href":"https:\/\/zbranebudai.sk\/hu\/wp-json\/wp\/v2\/types\/product"}],"wp:featuredmedia":[{"embeddable":true,"href":"https:\/\/zbranebudai.sk\/hu\/wp-json\/wp\/v2\/media\/4611"}],"wp:attachment":[{"href":"https:\/\/zbranebudai.sk\/hu\/wp-json\/wp\/v2\/media?parent=4495"}],"wp:term":[{"taxonomy":"product_brand","embeddable":true,"href":"https:\/\/zbranebudai.sk\/hu\/wp-json\/wp\/v2\/product_brand?post=4495"},{"taxonomy":"product_cat","embeddable":true,"href":"https:\/\/zbranebudai.sk\/hu\/wp-json\/wp\/v2\/product_cat?post=4495"},{"taxonomy":"product_tag","embeddable":true,"href":"https:\/\/zbranebudai.sk\/hu\/wp-json\/wp\/v2\/product_tag?post=4495"}],"curies":[{"name":"wp","href":"https:\/\/api.w.org\/{rel}","templated":true}]}}