{"id":4494,"date":"2025-02-01T21:31:40","date_gmt":"2025-02-01T19:31:40","guid":{"rendered":"https:\/\/zbranebudai.sk\/?post_type=product&#038;p=4494"},"modified":"2025-08-31T03:50:31","modified_gmt":"2025-08-31T01:50:31","slug":"pard-landsat-256-mini-lrf-multispectralis-celtavcso-19-30mm-940nm","status":"publish","type":"product","link":"https:\/\/zbranebudai.sk\/hu\/product\/pard-landsat-256-mini-lrf-multispektralis-celtavcso-19-30mm-940nm\/","title":{"rendered":"Pard LANDSAT 256 MINI LRF multispektr\u00e1lis l\u00e1t\u00f3sz\u00f6g 19\/30mm 940nm"},"content":{"rendered":"<p><strong>Pard LANDSAT 256 MINI LRF multispektr\u00e1lis l\u00e1t\u00f3sz\u00f6g 19\/30mm 940nm<\/strong><\/p>\n<p><strong>H\u0151kamer\u00e1s modul:<\/strong> 256\u00d7192 px, 12 \u03bcm. Objekt\u00edv: 19 mm. \u00c9rz\u00e9kenys\u00e9g \u2264 25 mK. Optikai nagy\u00edt\u00e1s 4,2x. Digit\u00e1lis zoom: 2\/4\/6\/8x.<\/p>\n<p><strong>Digit\u00e1lis modul:<\/strong> 1920\u00d71080 px. 940 nm. Objekt\u00edv \u00e1tm\u00e9r\u0151je 30 mm. Optikai nagy\u00edt\u00e1s 3,7x. Digit\u00e1lis zoom: 2x.<\/p>\n<table border=\"0\" cellspacing=\"0\">\n<colgroup span=\"2\" width=\"85\"><\/colgroup>\n<tbody>\n<tr>\n<td align=\"left\" height=\"47\"><b><span style=\"font-family: Liberation Serif\">\u00c9rz\u00e9kel\u0151 t\u00edpusa<\/span><\/b><\/td>\n<td align=\"left\"><span style=\"font-family: Liberation Serif\">H\u0171t\u00e9s n\u00e9lk\u00fcli VOx (van\u00e1dium-oxid)<\/span><\/td>\n<\/tr>\n<tr>\n<td align=\"left\" height=\"32\"><b><span style=\"font-family: Liberation Serif\">Felbont\u00e1s (pixel)<\/span><\/b><\/td>\n<td align=\"left\"><span style=\"font-family: Liberation Serif\">256*192<\/span><\/td>\n<\/tr>\n<tr>\n<td align=\"left\" height=\"32\"><b><span style=\"font-family: Liberation Serif\">Pixel m\u00e9ret (\u03bcm)<\/span><\/b><\/td>\n<td align=\"left\"><span style=\"font-family: Liberation Serif\">12*12<\/span><\/td>\n<\/tr>\n<tr>\n<td align=\"left\" height=\"32\"><b><span style=\"font-family: Liberation Serif\">NETD<\/span><\/b><\/td>\n<td align=\"left\"><span style=\"font-family: Liberation Serif\">\u226425mK (0,025 \u2103)<\/span><\/td>\n<\/tr>\n<tr>\n<td align=\"left\" height=\"32\"><b><span style=\"font-family: Liberation Serif\">K\u00e9pkockasebess\u00e9g (Hz)<\/span><\/b><\/td>\n<td align=\"left\"><span style=\"font-family: Liberation Serif\">50<\/span><\/td>\n<\/tr>\n<tr>\n<td align=\"left\" height=\"47\"><b><span style=\"font-family: Liberation Serif\">\u00c9rz\u00e9kel\u00e9si t\u00e1vols\u00e1g (m)<\/span><\/b><\/td>\n<td align=\"left\"><span style=\"font-family: Liberation Serif\">900<\/span><\/td>\n<\/tr>\n<tr>\n<td align=\"left\" height=\"17\"><b><span style=\"font-family: Liberation Serif\">Optika<\/span><\/b><\/td>\n<td align=\"left\"><span style=\"font-family: Liberation Serif\">\u00a0<\/span><\/td>\n<\/tr>\n<tr>\n<td align=\"left\" height=\"32\"><b><span style=\"font-family: Liberation Serif\">K\u00e9pfeldolgoz\u00f3<\/span><\/b><\/td>\n<td align=\"left\"><span style=\"font-family: Liberation Serif\">Pard IREA<\/span><\/td>\n<\/tr>\n<tr>\n<td align=\"left\" height=\"32\"><b><span style=\"font-family: Liberation Serif\">Objekt\u00edv (mm)<\/span><\/b><\/td>\n<td align=\"left\"><span style=\"font-family: Liberation Serif\">19\/25<\/span><\/td>\n<\/tr>\n<tr>\n<td align=\"left\" height=\"32\"><b><span style=\"font-family: Liberation Serif\">Optikai nagy\u00edt\u00e1s (x)<\/span><\/b><\/td>\n<td align=\"left\"><span style=\"font-family: Liberation Serif\">3.2\/4.2<\/span><\/td>\n<\/tr>\n<tr>\n<td align=\"left\" height=\"32\"><b><span style=\"font-family: Liberation Serif\">Digit\u00e1lis zoom (x)<\/span><\/b><\/td>\n<td align=\"left\"><span style=\"font-family: Liberation Serif\">2\/4\/6\/8<\/span><\/td>\n<\/tr>\n<tr>\n<td align=\"left\" height=\"47\"><b><span style=\"font-family: Liberation Serif\">L\u00e1t\u00f3mez\u0151 (v\u00edzszintes)<\/span><\/b><\/td>\n<td align=\"left\"><span style=\"font-family: Liberation Serif\">9.2\u00b0\/7\u00b0<\/span><\/td>\n<\/tr>\n<tr>\n<td align=\"left\" height=\"32\"><b><span style=\"font-family: Liberation Serif\">L\u00e1t\u00f3mez\u0151 (f\u00fcgg\u0151leges)<\/span><\/b><\/td>\n<td align=\"left\"><span style=\"font-family: Liberation Serif\">6.9\u00b0\/5.3\u00b0<\/span><\/td>\n<\/tr>\n<tr>\n<td align=\"left\" height=\"32\"><b><span style=\"font-family: Liberation Serif\">L\u00e1t\u00f3mez\u0151 (\u00e1tl\u00f3s)<\/span><\/b><\/td>\n<td align=\"left\"><span style=\"font-family: Liberation Serif\">11.5\u00b0\/8.8\u00b0<\/span><\/td>\n<\/tr>\n<tr>\n<td align=\"left\" height=\"32\"><b><span style=\"font-family: Liberation Serif\">\u00c9less\u00e9g (tartom\u00e1ny)<\/span><\/b><\/td>\n<td align=\"left\"><span style=\"font-family: Liberation Serif\">3m-\u221e<\/span><\/td>\n<\/tr>\n<tr>\n<td align=\"left\" height=\"17\"><b><span style=\"font-family: Liberation Serif\">Kijelz\u0151<\/span><\/b><\/td>\n<td align=\"left\"><span style=\"font-family: Liberation Serif\">\u00a0<\/span><\/td>\n<\/tr>\n<tr>\n<td align=\"left\" height=\"17\"><b><span style=\"font-family: Liberation Serif\">T\u00edpus<\/span><\/b><\/td>\n<td align=\"left\"><span style=\"font-family: Liberation Serif\">OLED<\/span><\/td>\n<\/tr>\n<tr>\n<td align=\"left\" height=\"32\"><b><span style=\"font-family: Liberation Serif\">Felbont\u00e1s (pixel)<\/span><\/b><\/td>\n<td align=\"left\"><span style=\"font-family: Liberation Serif\">1024*768<\/span><\/td>\n<\/tr>\n<tr>\n<td align=\"left\" height=\"32\"><b><span style=\"font-family: Liberation Serif\">Jelenet m\u00f3d<\/span><\/b><\/td>\n<td align=\"left\"><span style=\"font-family: Liberation Serif\">V\u00e1ros\/Rain\/Les<\/span><\/td>\n<\/tr>\n<tr>\n<td align=\"left\" height=\"62\"><b><span style=\"font-family: Liberation Serif\">K\u00e9p \u00fczemm\u00f3d<\/span><\/b><\/td>\n<td align=\"left\"><span style=\"font-family: Liberation Serif\">WT-MELEG\/BK-MELEG\/IN-MELEG\/RD-MELEG\/\u00c9GI<\/span><\/td>\n<\/tr>\n<tr>\n<td align=\"left\" height=\"32\"><b><span style=\"font-family: Liberation Serif\">Szemt\u00e1vols\u00e1g (mm)<\/span><\/b><\/td>\n<td align=\"left\"><span style=\"font-family: Liberation Serif\">25<\/span><\/td>\n<\/tr>\n<tr>\n<td align=\"left\" height=\"32\"><b><span style=\"font-family: Liberation Serif\">Dioptria be\u00e1ll\u00edt\u00e1s (D)<\/span><\/b><\/td>\n<td align=\"left\"><span style=\"font-family: Liberation Serif\">-5~5<\/span><\/td>\n<\/tr>\n<tr>\n<td align=\"left\" height=\"32\"><b><span style=\"font-family: Liberation Serif\">F\u00e9nyk\u00e9pez\u00e9s \/ vide\u00f3<\/span><\/b><\/td>\n<td align=\"left\"><span style=\"font-family: Liberation Serif\">\u00a0<\/span><\/td>\n<\/tr>\n<tr>\n<td align=\"left\" height=\"47\"><b><span style=\"font-family: Liberation Serif\">F\u00e9nyk\u00e9p felbont\u00e1sa (pixel)<\/span><\/b><\/td>\n<td align=\"left\"><span style=\"font-family: Liberation Serif\">1024*768<\/span><\/td>\n<\/tr>\n<tr>\n<td align=\"left\" height=\"32\"><b><span style=\"font-family: Liberation Serif\">F\u00e9nyk\u00e9p form\u00e1tum<\/span><\/b><\/td>\n<td align=\"left\"><span style=\"font-family: Liberation Serif\">.JPG<\/span><\/td>\n<\/tr>\n<tr>\n<td align=\"left\" height=\"32\"><b><span style=\"font-family: Liberation Serif\">Vide\u00f3 felbont\u00e1s (pixel)<\/span><\/b><\/td>\n<td align=\"left\"><span style=\"font-family: Liberation Serif\">1024*768<\/span><\/td>\n<\/tr>\n<tr>\n<td align=\"left\" height=\"17\"><b><span style=\"font-family: Liberation Serif\">Vide\u00f3 form\u00e1tum<\/span><\/b><\/td>\n<td align=\"left\"><span style=\"font-family: Liberation Serif\">.MP4<\/span><\/td>\n<\/tr>\n<tr>\n<td align=\"left\" height=\"47\"><b><span style=\"font-family: Liberation Serif\">T\u00e1rhely<\/span><\/b><\/td>\n<td align=\"left\"><span style=\"font-family: Liberation Serif\">Be\u00e9p\u00edtett EMMC (32 GB)<\/span><\/td>\n<\/tr>\n<tr>\n<td align=\"left\" height=\"32\"><b><span style=\"font-family: Liberation Serif\">F\u0151 funkci\u00f3<\/span><\/b><\/td>\n<td align=\"left\"><span style=\"font-family: Liberation Serif\">\u00a0<\/span><\/td>\n<\/tr>\n<tr>\n<td align=\"left\" height=\"62\"><b><span style=\"font-family: Liberation Serif\">LRF \u00c9rz\u00e9kel\u00e9si t\u00e1vols\u00e1g (m\/yd)<\/span><\/b><\/td>\n<td align=\"left\"><span style=\"font-family: Liberation Serif\">1000\/1200<\/span><\/td>\n<\/tr>\n<tr>\n<td align=\"left\" height=\"17\"><b><span style=\"font-family: Liberation Serif\">PIP<\/span><\/b><\/td>\n<td align=\"left\"><span style=\"font-family: Liberation Serif\">Igen<\/span><\/td>\n<\/tr>\n<tr>\n<td align=\"left\" height=\"17\"><b><span style=\"font-family: Liberation Serif\">Gyroszk\u00f3p<\/span><\/b><\/td>\n<td align=\"left\"><span style=\"font-family: Liberation Serif\">Igen<\/span><\/td>\n<\/tr>\n<tr>\n<td align=\"left\" height=\"32\"><b><span style=\"font-family: Liberation Serif\">Ciklikus felv\u00e9tel<\/span><\/b><\/td>\n<td align=\"left\"><span style=\"font-family: Liberation Serif\">Igen<\/span><\/td>\n<\/tr>\n<tr>\n<td align=\"left\" height=\"17\"><b><span style=\"font-family: Liberation Serif\">Forr\u00f3 p\u00e1lya<\/span><\/b><\/td>\n<td align=\"left\"><span style=\"font-family: Liberation Serif\">Igen<\/span><\/td>\n<\/tr>\n<tr>\n<td align=\"left\" height=\"17\"><b><span style=\"font-family: Liberation Serif\">E-ir\u00e1nyt\u0171<\/span><\/b><\/td>\n<td align=\"left\"><span style=\"font-family: Liberation Serif\">Igen<\/span><\/td>\n<\/tr>\n<tr>\n<td align=\"left\" height=\"32\"><b><span style=\"font-family: Liberation Serif\">Hat\u00e1rid\u0151<\/span><\/b><\/td>\n<td align=\"left\"><span style=\"font-family: Liberation Serif\">Mechanikus red\u0151ny<\/span><\/td>\n<\/tr>\n<tr>\n<td align=\"left\" height=\"17\"><b><span style=\"font-family: Liberation Serif\">Mikrofon<\/span><\/b><\/td>\n<td align=\"left\"><span style=\"font-family: Liberation Serif\">Igen<\/span><\/td>\n<\/tr>\n<tr>\n<td align=\"left\" height=\"32\"><b><span style=\"font-family: Liberation Serif\">Firmware friss\u00edt\u00e9s<\/span><\/b><\/td>\n<td align=\"left\"><span style=\"font-family: Liberation Serif\">Igen<\/span><\/td>\n<\/tr>\n<tr>\n<td align=\"left\" height=\"32\"><b><span style=\"font-family: Liberation Serif\">IR vil\u00e1g\u00edt\u00f3test<\/span><\/b><\/td>\n<td align=\"left\"><span style=\"font-family: Liberation Serif\">\u00a0<\/span><\/td>\n<\/tr>\n<tr>\n<td align=\"left\" height=\"17\"><b><span style=\"font-family: Liberation Serif\">IR teljes\u00edtm\u00e9ny<\/span><\/b><\/td>\n<td align=\"left\"><span style=\"font-family: Liberation Serif\">5W<\/span><\/td>\n<\/tr>\n<tr>\n<td align=\"left\" height=\"32\"><b><span style=\"font-family: Liberation Serif\">IR megvil\u00e1g\u00edt\u00e1si szint<\/span><\/b><\/td>\n<td align=\"left\"><span style=\"font-family: Liberation Serif\">3 szint<\/span><\/td>\n<\/tr>\n<tr>\n<td align=\"left\" height=\"47\"><b><span style=\"font-family: Liberation Serif\">IR t\u00e1vols\u00e1g (m)<\/span><\/b><\/td>\n<td align=\"left\"><span style=\"font-family: Liberation Serif\">350<\/span><\/td>\n<\/tr>\n<tr>\n<td align=\"left\" height=\"32\"><b><span style=\"font-family: Liberation Serif\">IR hull\u00e1mhossz (nm)<\/span><\/b><\/td>\n<td align=\"left\"><span style=\"font-family: Liberation Serif\">850\/940<\/span><\/td>\n<\/tr>\n<tr>\n<td align=\"left\" height=\"17\"><b><span style=\"font-family: Liberation Serif\">Kapcsolatok<\/span><\/b><\/td>\n<td align=\"left\"><span style=\"font-family: Liberation Serif\">\u00a0<\/span><\/td>\n<\/tr>\n<tr>\n<td align=\"left\" height=\"17\"><b><span style=\"font-family: Liberation Serif\">USB Type-C<\/span><\/b><\/td>\n<td align=\"left\"><span style=\"font-family: Liberation Serif\">Igen<\/span><\/td>\n<\/tr>\n<tr>\n<td align=\"left\" height=\"17\"><b><span style=\"font-family: Liberation Serif\">WiFi<\/span><\/b><\/td>\n<td align=\"left\"><span style=\"font-family: Liberation Serif\">Igen<\/span><\/td>\n<\/tr>\n<tr>\n<td align=\"left\" height=\"32\"><b><span style=\"font-family: Liberation Serif\">T\u00e1mogatott alkalmaz\u00e1sok<\/span><\/b><\/td>\n<td align=\"left\"><span style=\"font-family: Liberation Serif\">PardVision2<\/span><\/td>\n<\/tr>\n<tr>\n<td align=\"left\" height=\"17\"><b><span style=\"font-family: Liberation Serif\">Teljes\u00edtm\u00e9ny<\/span><\/b><\/td>\n<td align=\"left\"><span style=\"font-family: Liberation Serif\">\u00a0<\/span><\/td>\n<\/tr>\n<tr>\n<td align=\"left\" height=\"32\"><b><span style=\"font-family: Liberation Serif\">Akkumul\u00e1tor t\u00edpusa<\/span><\/b><\/td>\n<td align=\"left\"><span style=\"font-family: Liberation Serif\">L\u00edtium-ion 18650*1<\/span><\/td>\n<\/tr>\n<tr>\n<td align=\"left\" height=\"32\"><b><span style=\"font-family: Liberation Serif\">Kimeneti fesz\u00fclts\u00e9g (V)<\/span><\/b><\/td>\n<td align=\"left\"><span style=\"font-family: Liberation Serif\">3.7<\/span><\/td>\n<\/tr>\n<tr>\n<td align=\"left\" height=\"32\"><b><span style=\"font-family: Liberation Serif\">M\u0171k\u00f6d\u00e9si id\u0151 (h)<\/span><\/b><\/td>\n<td align=\"left\"><span style=\"font-family: Liberation Serif\">\u22646<\/span><\/td>\n<\/tr>\n<tr>\n<td align=\"left\" height=\"32\"><b><span style=\"font-family: Liberation Serif\">K\u00fcls\u0151 t\u00e1pegys\u00e9g (V)<\/span><\/b><\/td>\n<td align=\"left\"><span style=\"font-family: Liberation Serif\">C-t\u00edpus\u00fa<\/span><\/td>\n<\/tr>\n<tr>\n<td align=\"left\" height=\"62\"><b><span style=\"font-family: Liberation Serif\">K\u00f6rnyezeti jellemz\u0151k<\/span><\/b><\/td>\n<td align=\"left\"><span style=\"font-family: Liberation Serif\">\u00a0<\/span><\/td>\n<\/tr>\n<tr>\n<td align=\"left\" height=\"32\"><b><span style=\"font-family: Liberation Serif\">V\u00e9delmi fokozat<\/span><\/b><\/td>\n<td align=\"left\"><span style=\"font-family: Liberation Serif\">IP67<\/span><\/td>\n<\/tr>\n<tr>\n<td align=\"left\" height=\"47\"><b><span style=\"font-family: Liberation Serif\">\u00dczemi h\u0151m\u00e9rs\u00e9klet (\u2103\/\u2109)<\/span><\/b><\/td>\n<td align=\"left\"><span style=\"font-family: Liberation Serif\">-30 ~ +55 \/ -22 ~ +131<\/span><\/td>\n<\/tr>\n<tr>\n<td align=\"left\" height=\"17\"><b><span style=\"font-family: Liberation Serif\">Anyag<\/span><\/b><\/td>\n<td align=\"left\"><span style=\"font-family: Liberation Serif\">\u00a0<\/span><\/td>\n<\/tr>\n<tr>\n<td align=\"left\" height=\"32\"><b><span style=\"font-family: Liberation Serif\">Bor\u00edt\u00f3<\/span><\/b><\/td>\n<td align=\"left\"><span style=\"font-family: Liberation Serif\">Alum\u00ednium \u00f6tv\u00f6zet<\/span><\/td>\n<\/tr>\n<tr>\n<td align=\"left\" height=\"62\"><b><span style=\"font-family: Liberation Serif\">Lencse<\/span><\/b><\/td>\n<td align=\"left\"><span style=\"font-family: Liberation Serif\">T\u00f6bbr\u00e9teg\u0171 bevonatos \u00fcveglencse<\/span><\/td>\n<\/tr>\n<tr>\n<td align=\"left\" height=\"17\"><b><span style=\"font-family: Liberation Serif\">M\u00e9retek<\/span><\/b><\/td>\n<td align=\"left\"><span style=\"font-family: Liberation Serif\">\u00a0<\/span><\/td>\n<\/tr>\n<tr>\n<td align=\"left\" height=\"92\"><b><span style=\"font-family: Liberation Serif\">A term\u00e9k m\u00e9retei (IR-vil\u00e1g\u00edt\u00f3val \u00e9s LRF-rel, L x Sz x H, mm)<\/span><\/b><\/td>\n<td align=\"left\"><span style=\"font-family: Liberation Serif\">1707785<\/span><\/td>\n<\/tr>\n<tr>\n<td align=\"left\" height=\"47\"><b><span style=\"font-family: Liberation Serif\">T\u00f6meg\/darab (LRF \u00e9s akkumul\u00e1torral, g)<\/span><\/b><\/td>\n<td align=\"left\"><span style=\"font-family: Liberation Serif\">520<\/span><\/td>\n<\/tr>\n<\/tbody>\n<\/table>\n<p>Hivatalos m\u00e1rkaoldal: <a href=\"https:\/\/eu.pard.com\/product\/multi-spectral-scope-landsat-compact-mini\">https:\/\/eu.pard.com\/product\/multi-spectral-scope-landsat-compact-mini<\/a><\/p>","protected":false},"excerpt":{"rendered":"<p><strong>A PARD LANDSAT 256 MINI EGY MULTISPEKTR\u00c1LIS L\u00c1T\u00d3SZ\u00d6G\u0170, \u00c9JJELL\u00c1T\u00d3 \u00c9S H\u0150K\u00c9PALKOT\u00d3 K\u00c9SZ\u00dcL\u00c9K.<\/strong><\/p>\n<ul>\n<li>Kerek OLED kijelz\u0151: 1024 \u00d7 768 px.<\/li>\n<li>Az akkumul\u00e1tor \u00e9lettartama: energiatakar\u00e9kos \u00fczemm\u00f3d \u22646 h.<\/li>\n<li>Teljes\u00edtm\u00e9ny: 1x Li-ion 18650 akkumul\u00e1tor.<\/li>\n<\/ul>","protected":false},"featured_media":4605,"template":"","meta":{"_gspb_post_css":""},"product_brand":[308],"product_cat":[145,21,332],"product_tag":[297,325,229,312],"class_list":{"0":"post-4494","1":"product","2":"type-product","3":"status-publish","4":"has-post-thumbnail","6":"product_brand-pard","7":"product_cat-nocne-videnie","8":"product_cat-optika","9":"product_cat-zameriavace-s-nocnym-videnim","10":"product_tag-landsat","11":"product_tag-nocne-videnie","12":"product_tag-pard","13":"product_tag-zameriavac","15":"first","16":"instock","17":"taxable","18":"shipping-taxable","19":"purchasable","20":"product-type-simple"},"ct_brands":[{"id":308,"name":"Pard","slug":"pard"}],"_links":{"self":[{"href":"https:\/\/zbranebudai.sk\/hu\/wp-json\/wp\/v2\/product\/4494","targetHints":{"allow":["GET"]}}],"collection":[{"href":"https:\/\/zbranebudai.sk\/hu\/wp-json\/wp\/v2\/product"}],"about":[{"href":"https:\/\/zbranebudai.sk\/hu\/wp-json\/wp\/v2\/types\/product"}],"wp:featuredmedia":[{"embeddable":true,"href":"https:\/\/zbranebudai.sk\/hu\/wp-json\/wp\/v2\/media\/4605"}],"wp:attachment":[{"href":"https:\/\/zbranebudai.sk\/hu\/wp-json\/wp\/v2\/media?parent=4494"}],"wp:term":[{"taxonomy":"product_brand","embeddable":true,"href":"https:\/\/zbranebudai.sk\/hu\/wp-json\/wp\/v2\/product_brand?post=4494"},{"taxonomy":"product_cat","embeddable":true,"href":"https:\/\/zbranebudai.sk\/hu\/wp-json\/wp\/v2\/product_cat?post=4494"},{"taxonomy":"product_tag","embeddable":true,"href":"https:\/\/zbranebudai.sk\/hu\/wp-json\/wp\/v2\/product_tag?post=4494"}],"curies":[{"name":"wp","href":"https:\/\/api.w.org\/{rel}","templated":true}]}}