{"id":4470,"date":"2025-02-01T21:29:43","date_gmt":"2025-02-01T19:29:43","guid":{"rendered":"https:\/\/zbranebudai.sk\/?post_type=product&#038;p=4470"},"modified":"2025-08-31T03:50:31","modified_gmt":"2025-08-31T01:50:31","slug":"pard-pantera-640-zoom-lrf-hokamera-celtavcso-50mm","status":"publish","type":"product","link":"https:\/\/zbranebudai.sk\/hu\/product\/pard-pantera-640-zoom-lrf-hokamera-celtavcso-50mm\/","title":{"rendered":"Pard PANTERA 640 ZOOM LRF 50mm-es h\u0151kamer\u00e1s c\u00e9lt\u00e1vcs\u0151"},"content":{"rendered":"<p><strong>Pard PANTERA 640 ZOOM LRF 50mm-es h\u0151kamer\u00e1s c\u00e9lt\u00e1vcs\u0151<\/strong><\/p>\n<p>Gy\u00e1rt\u00f3 <strong>PARD<\/strong> forr\u00f3 h\u00edreket hoz a c\u00e9lt\u00e1vcs\u0151 test\u00e9ben. \u00daj <strong>Pard PANTERA 640 ZOOM LRF<\/strong> 1000 m-es l\u00e9zeres t\u00e1vols\u00e1gm\u00e9r\u0151vel szembar\u00e1t kerek kijelz\u0151vel \u00e9s k\u00f6nny\u0171 duralum\u00ednium testtel rendelkezik. Eleg\u00e1ns k\u00e9sz\u00fcl\u00e9k kiv\u00e1l\u00f3 k\u00e9pmin\u0151s\u00e9ggel \u00e9s egyszer\u0171 kezelhet\u0151s\u00e9ggel szlov\u00e1k nyelven.<\/p>\n<ul>\n<li>Kerek kijelz\u0151<\/li>\n<li>Ultrak\u00f6nny\u0171 duralumin test<\/li>\n<li>\u00c9rz\u00e9kel\u0151 640 \u00d7 512 px<\/li>\n<li>20 mK<\/li>\n<li>\u00c9rz\u00e9kel\u00e9s 2600\/3900 m\u00e9terig*<\/li>\n<li>L\u00e9zeres t\u00e1vols\u00e1gm\u00e9r\u0151 1000 m-ig<\/li>\n<\/ul>\n<p>H\u0151kamer\u00e1s c\u00e9lt\u00e1vcs\u0151 <strong>Pard PANTERA 640 ZOOM LRF<\/strong> 640 \u00d7 512 px-es \u00e9rz\u00e9kel\u0151vel rendelkezik, amely a h\u0151m\u00e9rs\u00e9klet-\u00e9rz\u00e9kenys\u00e9ggel egy\u00fctt <strong>NETD \u2264 20 mK<\/strong> hihetetlen\u00fcl tiszta k\u00e9pet k\u00edn\u00e1l, teljesen r\u00e9szletgazdagon \u00e1br\u00e1zolva.<\/p>\n<p>A k\u00f6vetkez\u0151 m\u00e9retekben \u00e1llnak rendelkez\u00e9sre lencs\u00e9k, amelyek k\u00f6z\u00fcl v\u00e1laszthat <strong>50 mm<\/strong> a <strong>75 mm<\/strong>. Az \u00e9rz\u00e9kel\u00e9si t\u00e1vols\u00e1gok* a kiv\u00e1lasztott objekt\u00edvt\u0151l f\u00fcggnek - <strong>2600-3900 m\u00e9ter<\/strong>.<\/p>\n<p>Kiv\u00e9teles k\u00e9p \u00e1ltal biztos\u00edtott kerek <strong>IPS LCD kijelz\u0151<\/strong> felbont\u00e1ssal <strong>800 \u00d7 800 px<\/strong>amely garant\u00e1lja \u00d6nnek a klasszikus c\u00e9lt\u00e1vcs\u0151h\u00f6z hasonl\u00f3 \u00e9lm\u00e9nyt \u00e9s maxim\u00e1lis l\u00e1t\u00f3mez\u0151t. Ez a kijelz\u0151 tiszta, kontrasztgazdag k\u00e9pet ny\u00fajt, \u00e9s extra sz\u00e9les l\u00e1t\u00f3mez\u0151vel rendelkezik a m\u00e9g jobb \u00e1ttekint\u00e9s \u00e9rdek\u00e9ben. A n\u00e9zeget\u00e9s m\u00e9g term\u00e9szetesebb a gyorsabb reakci\u00f3nak k\u00f6sz\u00f6nhet\u0151en, mint egy hagyom\u00e1nyos nappali t\u00e1vcs\u00f6v\u00f6n kereszt\u00fcl t\u00f6rt\u00e9n\u0151 n\u00e9zeget\u00e9skor.<\/p>\n<p>A megfigyel\u00e9s is \u00e9lvezetesebb\u00e9 teszi \u00d6nt <strong>6 megjelen\u00edt\u00e9si m\u00f3d<\/strong> (<em>Feh\u00e9r Hot, Fekete Hot, V\u00f6r\u00f6s Hot, EDGE, IN HOT, SKY<\/em>), \u00e9s v\u00e1laszthat a k\u00f6vetkez\u0151 lehet\u0151s\u00e9gek k\u00f6z\u00fcl is <strong>h\u00e1rom megfigyel\u00e9si jelenet<\/strong> (<em>V\u00e1ros, es\u0151, erd\u0151<\/em>).<\/p>\n<p>A k\u00e1rtya telep\u00edt\u00e9se ut\u00e1n <strong>microSD<\/strong> legfeljebb <strong>128 GB<\/strong> (nem tartoz\u00e9k) seg\u00edts\u00e9g\u00e9vel f\u00e9nyk\u00e9peket \u00e9s vide\u00f3kat k\u00e9sz\u00edthet. Nagyon hasznos funkci\u00f3ja a c\u00e9lt\u00e1vcs\u0151nek is <strong>automatikus felv\u00e9tel a felv\u00e9tel ut\u00e1n<\/strong> \u00e9s a r\u00f6gz\u00edtett felv\u00e9telek azonnali megtekint\u00e9s\u00e9nek vagy t\u00f6rl\u00e9s\u00e9nek lehet\u0151s\u00e9ge. A kimeneten kereszt\u00fcl <strong>USB-C<\/strong> csatlakoztathatja a k\u00e9sz\u00fcl\u00e9ket a sz\u00e1m\u00edt\u00f3g\u00e9phez vagy a <strong>WIFI<\/strong> \u00e9s alkalmaz\u00e1sok <strong>PARD Vision2<\/strong> n\u00e9zheti az \u00e9l\u0151 k\u00f6zvet\u00edt\u00e9st, \u00e9s k\u00e9nyelmesen b\u00f6ng\u00e9szhet a k\u00e9sz\u00edtett f\u00e9nyk\u00e9pek \u00e9s vide\u00f3k k\u00f6z\u00f6tt, amelyeket azonnal megoszthat szeretteivel.<\/p>\n<p>A c\u00e9lt\u00e1vcs\u0151 tart\u00f3s a v\u00e9delem m\u00e9rt\u00e9k\u00e9nek k\u00f6sz\u00f6nhet\u0151en <strong>IP67<\/strong> (v\u00edzbe mer\u00fcl\u00e9s elleni v\u00e9delem, 30 percig 1 m\u00e9ter m\u00e9lys\u00e9gig t\u00f6rt\u00e9n\u0151 mer\u00edt\u00e9s). Az \u00e1ramell\u00e1t\u00e1sr\u00f3l gondoskodik <strong>18650 \u00fajrat\u00f6lthet\u0151 akkumul\u00e1tor<\/strong> kitart\u00e1ssal <strong>6 \u00f3ra<\/strong>. Az alv\u00f3 \u00fczemm\u00f3dnak k\u00f6sz\u00f6nhet\u0151en akkumul\u00e1tort takar\u00edt meg, \u00e9s lehet\u0151s\u00e9g van a csatlakoztat\u00e1sra. <strong>powerbanks<\/strong>.<\/p>\n<table border=\"0\" cellspacing=\"0\">\n<colgroup span=\"4\" width=\"85\"><\/colgroup>\n<tbody>\n<tr>\n<td align=\"left\" height=\"17\"><span style=\"font-family: Liberation Serif\">\u00c9rz\u00e9kel\u0151<\/span><\/td>\n<td colspan=\"3\" align=\"left\"><span style=\"font-family: Liberation Serif\">640 \u00d7 512 px<\/span><\/td>\n<\/tr>\n<tr>\n<td align=\"left\" height=\"32\"><span style=\"font-family: Liberation Serif\">H\u0151m\u00e9rs\u00e9klet \u00e9rz\u00e9kenys\u00e9g\u00a0<\/span><\/td>\n<td colspan=\"3\" align=\"left\"><span style=\"font-family: Liberation Serif\">\u2266 20 mK<\/span><\/td>\n<\/tr>\n<tr>\n<td align=\"left\" height=\"32\"><span style=\"font-family: Liberation Serif\">Kijelz\u0151 felbont\u00e1sa<\/span><\/td>\n<td colspan=\"3\" align=\"left\"><span style=\"font-family: Liberation Serif\">800 \u00d7 800 px<\/span><\/td>\n<\/tr>\n<tr>\n<td align=\"left\" height=\"17\"><span style=\"font-family: Liberation Serif\">Wi-Fi<\/span><\/td>\n<td colspan=\"3\" align=\"left\"><span style=\"font-family: Liberation Serif\">Igen<\/span><\/td>\n<\/tr>\n<tr>\n<td align=\"left\" height=\"17\">Objekt\u00edv<\/td>\n<td align=\"left\"><span style=\"font-family: Liberation Serif\">50 mm<\/span><\/td>\n<td align=\"left\"><span style=\"font-family: Liberation Serif\">75 mm<\/span><\/td>\n<td align=\"left\"><\/td>\n<\/tr>\n<tr>\n<td align=\"left\" height=\"17\"><span style=\"font-family: Liberation Serif\">\u00c9rz\u00e9kel\u00e9s<\/span><\/td>\n<td align=\"left\"><span style=\"font-family: Liberation Serif\">2600 m<\/span><\/td>\n<td align=\"left\"><span style=\"font-family: Liberation Serif\">3900 m<\/span><\/td>\n<td align=\"left\"><\/td>\n<\/tr>\n<tr>\n<td align=\"left\" height=\"32\"><span style=\"font-family: Liberation Serif\">Optikai nagy\u00edt\u00e1s<\/span><\/td>\n<td align=\"left\"><span style=\"font-family: Liberation Serif\">2,2x<\/span><\/td>\n<td align=\"left\"><span style=\"font-family: Liberation Serif\">3,3x<\/span><\/td>\n<td align=\"left\"><\/td>\n<\/tr>\n<tr>\n<td align=\"left\" height=\"17\"><span style=\"font-family: Liberation Serif\">L\u00e1t\u00f3mez\u0151<\/span><\/td>\n<td align=\"left\"><span style=\"font-family: Liberation Serif\">7,0\u00b0 \u00d7 7,0\u00b0<\/span><\/td>\n<td align=\"left\"><span style=\"font-family: Liberation Serif\">4,7\u00b0 \u00d7 4,7\u00b0<\/span><\/td>\n<td align=\"left\"><\/td>\n<\/tr>\n<tr>\n<td align=\"left\" height=\"32\"><span style=\"font-family: Liberation Serif\">Digit\u00e1lis zoom<\/span><\/td>\n<td colspan=\"3\" align=\"left\"><span style=\"font-family: Liberation Serif\">8x<\/span><\/td>\n<\/tr>\n<tr>\n<td align=\"left\" height=\"32\"><span style=\"font-family: Liberation Serif\">Dioptri\u00e1s korrekci\u00f3<\/span><\/td>\n<td colspan=\"3\" align=\"left\"><span style=\"font-family: Liberation Serif\">-5D~+3D<\/span><\/td>\n<\/tr>\n<tr>\n<td align=\"left\" height=\"47\"><span style=\"font-family: Liberation Serif\">F\u00e9nyk\u00e9p k\u00e9sz\u00edt\u00e9s\u00e9nek lehet\u0151s\u00e9ge<\/span><\/td>\n<td colspan=\"3\" align=\"left\"><span style=\"font-family: Liberation Serif\">Igen<\/span><\/td>\n<\/tr>\n<tr>\n<td align=\"left\" height=\"32\"><span style=\"font-family: Liberation Serif\">Vide\u00f3 k\u00e9sz\u00edt\u00e9s\u00e9nek lehet\u0151s\u00e9ge<\/span><\/td>\n<td colspan=\"3\" align=\"left\"><span style=\"font-family: Liberation Serif\">Igen<\/span><\/td>\n<\/tr>\n<tr>\n<td align=\"left\" height=\"32\"><span style=\"font-family: Liberation Serif\">V\u00e9delmi fokozat<\/span><\/td>\n<td colspan=\"3\" align=\"left\"><span style=\"font-family: Liberation Serif\">IP67<\/span><\/td>\n<\/tr>\n<tr>\n<td align=\"left\" height=\"17\"><span style=\"font-family: Liberation Serif\">Mem\u00f3ria<\/span><\/td>\n<td colspan=\"3\" align=\"left\"><span style=\"font-family: Liberation Serif\">microSD, 128 GB<\/span><\/td>\n<\/tr>\n<tr>\n<td align=\"left\" height=\"32\"><span style=\"font-family: Liberation Serif\">\u00dczemi h\u0151m\u00e9rs\u00e9klet<\/span><\/td>\n<td colspan=\"3\" align=\"left\"><span style=\"font-family: Liberation Serif\">-30\u00b0C \u00e9s 55\u00b0C k\u00f6z\u00f6tt<\/span><\/td>\n<\/tr>\n<tr>\n<td align=\"left\" height=\"17\"><span style=\"font-family: Liberation Serif\">Akkumul\u00e1torok<\/span><\/td>\n<td colspan=\"3\" align=\"left\"><span style=\"font-family: Liberation Serif\">1x \u00fajrat\u00f6lthet\u0151 18650<\/span><\/td>\n<\/tr>\n<tr>\n<td align=\"left\" height=\"17\"><span style=\"font-family: Liberation Serif\">Az akkumul\u00e1tor \u00e9lettartama<\/span><\/td>\n<td colspan=\"3\" align=\"left\"><span style=\"font-family: Liberation Serif\">6 \u00f3ra<\/span><\/td>\n<\/tr>\n<tr>\n<td align=\"left\" height=\"17\"><span style=\"font-family: Liberation Serif\">S\u00faly<\/span><\/td>\n<td colspan=\"3\" align=\"left\"><span style=\"font-family: Liberation Serif\">681,5 g<\/span><\/td>\n<\/tr>\n<tr>\n<td align=\"left\" height=\"17\"><span style=\"font-family: Liberation Serif\">M\u00e9retek<\/span><\/td>\n<td colspan=\"3\" align=\"left\"><span style=\"font-family: Liberation Serif\">364 \u00d7 93 \u00d7 82 mm<\/span><\/td>\n<\/tr>\n<\/tbody>\n<\/table>\n<p><strong>A csomag tartalma:<\/strong><\/p>\n<ul>\n<li>H\u0151kamer\u00e1s c\u00e9lt\u00e1vcs\u0151 <strong>PARD PANTERA 640 ZOOM LRF<\/strong><\/li>\n<li>1x \u00fajrat\u00f6lthet\u0151 akkumul\u00e1tor <strong>18650<\/strong><\/li>\n<li>1x v\u00e9d\u0151 <strong>neopr\u00e9n bor\u00edt\u00e1s<\/strong><\/li>\n<li>1x <strong>r\u00f6gz\u00edt\u0151gy\u0171r\u0171k<\/strong> (30 mm)<\/li>\n<li>1x <strong>USB-C k\u00e1bel<\/strong><\/li>\n<li>1x <strong>szemh\u00e9j<\/strong><\/li>\n<li>Cseh nyelv\u0171 utas\u00edt\u00e1sok<\/li>\n<\/ul>\n<p>Hivatalos m\u00e1rkaoldal: <a href=\"https:\/\/eu.pard.com\/product\/thermal-imaging-scope-pantera-zoom\">https:\/\/eu.pard.com\/product\/thermal-imaging-scope-pantera-zoom<\/a><\/p>","protected":false},"excerpt":{"rendered":"<p>\u00daj h\u0151kamer\u00e1s c\u00e9lt\u00e1vcs\u0151 <strong>PARD PANTERA 640 ZOOM LRF<\/strong> l\u00e9zeres t\u00e1vols\u00e1gm\u00e9r\u0151vel 1000 m-ig.<\/p>\n<ul>\n<li>\u00c9rz\u00e9kel\u0151: 640 \u00d7 512 px, 12 \u03bcm.<\/li>\n<li>Objekt\u00edv: 50mm.<\/li>\n<li>A h\u0151k\u00e9p\u00e9rz\u00e9kel\u0151 \u00e9rz\u00e9kenys\u00e9ge \u2264 20 mK.<\/li>\n<li>\u00c9rz\u00e9kel\u00e9si t\u00e1vols\u00e1g: 2600m.<\/li>\n<li>Optikai nagy\u00edt\u00e1s: 2,2x.<\/li>\n<li>Digit\u00e1lis zoom: ak\u00e1r 8x.<\/li>\n<li>Kerek kijelz\u0151: 800 \u00d7 800 px.<\/li>\n<li>Takar\u00e9kos \u00fczemm\u00f3d (alv\u00f3 \u00fczemm\u00f3d).<\/li>\n<li>Az akkumul\u00e1tor \u00e9lettartama: 6 \u00f3ra.<\/li>\n<li>Teljes\u00edtm\u00e9ny: 1x \u00fajrat\u00f6lthet\u0151 18650-es akkumul\u00e1tor.<\/li>\n<li>6 sz\u00ednpaletta.<\/li>\n<\/ul>","protected":false},"featured_media":4600,"template":"","meta":{"_gspb_post_css":""},"product_brand":[308],"product_cat":[21,144,329],"product_tag":[292,229,324,311],"class_list":{"0":"post-4470","1":"product","2":"type-product","3":"status-publish","4":"has-post-thumbnail","6":"product_brand-pard","7":"product_cat-optika","8":"product_cat-termovizie","9":"product_cat-termovizne-puskohlady","10":"product_tag-pantera","11":"product_tag-pard","12":"product_tag-puskohlad","13":"product_tag-termovizia","15":"first","16":"instock","17":"taxable","18":"shipping-taxable","19":"purchasable","20":"product-type-simple"},"ct_brands":[{"id":308,"name":"Pard","slug":"pard"}],"_links":{"self":[{"href":"https:\/\/zbranebudai.sk\/hu\/wp-json\/wp\/v2\/product\/4470","targetHints":{"allow":["GET"]}}],"collection":[{"href":"https:\/\/zbranebudai.sk\/hu\/wp-json\/wp\/v2\/product"}],"about":[{"href":"https:\/\/zbranebudai.sk\/hu\/wp-json\/wp\/v2\/types\/product"}],"wp:featuredmedia":[{"embeddable":true,"href":"https:\/\/zbranebudai.sk\/hu\/wp-json\/wp\/v2\/media\/4600"}],"wp:attachment":[{"href":"https:\/\/zbranebudai.sk\/hu\/wp-json\/wp\/v2\/media?parent=4470"}],"wp:term":[{"taxonomy":"product_brand","embeddable":true,"href":"https:\/\/zbranebudai.sk\/hu\/wp-json\/wp\/v2\/product_brand?post=4470"},{"taxonomy":"product_cat","embeddable":true,"href":"https:\/\/zbranebudai.sk\/hu\/wp-json\/wp\/v2\/product_cat?post=4470"},{"taxonomy":"product_tag","embeddable":true,"href":"https:\/\/zbranebudai.sk\/hu\/wp-json\/wp\/v2\/product_tag?post=4470"}],"curies":[{"name":"wp","href":"https:\/\/api.w.org\/{rel}","templated":true}]}}