{"id":4462,"date":"2025-02-01T21:29:04","date_gmt":"2025-02-01T19:29:04","guid":{"rendered":"https:\/\/zbranebudai.sk\/?post_type=product&#038;p=4462"},"modified":"2025-08-31T03:50:31","modified_gmt":"2025-08-31T01:50:31","slug":"pard-pantera-640-lrf-2-0-hokamera-celtavcso-75mm","status":"publish","type":"product","link":"https:\/\/zbranebudai.sk\/hu\/product\/pard-pantera-640-lrf-2-0-hokamera-celtavcso-75mm\/","title":{"rendered":"Pard PANTERA 640 LRF 2.0 h\u0151kamer\u00e1s c\u00e9lt\u00e1vcs\u0151 75mm"},"content":{"rendered":"<p><strong>Pard PANTERA 640 LRF 2.0 h\u0151kamer\u00e1s c\u00e9lt\u00e1vcs\u0151 75mm<\/strong><\/p>\n<p><strong>Kulcsfontoss\u00e1g\u00fa jellemz\u0151k:<\/strong><\/p>\n<ul>\n<li>Kerek IPS LCD-kijelz\u0151 (800 \u00d7 800 px): maxim\u00e1lis l\u00e1t\u00f3mez\u0151t, gazdag kontrasztot \u00e9s term\u00e9szetes l\u00e1tv\u00e1nyt biztos\u00edt, mint a hagyom\u00e1nyos nappali optika.<\/li>\n<li>Ultrak\u00f6nny\u0171 duralum\u00ednium test: K\u00f6nny\u0171 kialak\u00edt\u00e1s biztos\u00edtja a k\u00f6nny\u0171 kezelhet\u0151s\u00e9get \u00e9s a k\u00e9nyelmes haszn\u00e1latot.<\/li>\n<li>Nagy \u00e9rz\u00e9kenys\u00e9g\u0171 \u00e9rz\u00e9kel\u0151 (640 \u00d7 512 px, NETD \u2264 20 mK): kiv\u00e9telesen tiszta \u00e9s r\u00e9szletes k\u00e9peket biztos\u00edt m\u00e9g zord k\u00f6rnyezetben is.<\/li>\n<li>\u00c9rz\u00e9kel\u00e9si t\u00e1vols\u00e1g ak\u00e1r 3900 m-ig (75 mm-es objekt\u00edv): a k\u00e9t objekt\u00edvv\u00e1ltozat k\u00f6z\u00f6tti v\u00e1laszt\u00e1s lehet\u0151v\u00e9 teszi az ig\u00e9nyek szerinti testreszab\u00e1st.<\/li>\n<li>L\u00e9zeres t\u00e1vols\u00e1gm\u00e9r\u0151 1000 m-ig: Pontos t\u00e1vols\u00e1gm\u00e9r\u00e9s kompakt c\u00e9lt\u00e1vcs\u0151testben.<\/li>\n<li>6 n\u00e9z\u00e9si m\u00f3d (White Hot, Black Hot, Red Hot, EDGE, IN HOT, SKY) \u00e9s 3 n\u00e9z\u00e9si jelenet (City, Rain, Forest) a k\u00fcl\u00f6nb\u00f6z\u0151 n\u00e9z\u00e9si k\u00f6r\u00fclm\u00e9nyekhez val\u00f3 optim\u00e1lis alkalmazkod\u00e1shoz.<\/li>\n<\/ul>\n<p><strong>Felv\u00e9tel \u00e9s csatlakoztathat\u00f3s\u00e1g:<\/strong><\/p>\n<ul>\n<li>F\u00e9nyk\u00e9pek \u00e9s vide\u00f3k felt\u00f6lt\u00e9se microSD-k\u00e1rty\u00e1ra (legfeljebb 128 GB, nem tartoz\u00e9k).<\/li>\n<li>Automatikus felv\u00e9tel ut\u00e1ni r\u00f6gz\u00edt\u00e9s \u00e9s gyors felv\u00e9telkezel\u00e9s azonnali visszaj\u00e1tsz\u00e1ssal vagy t\u00f6rl\u00e9ssel.<\/li>\n<li>Csatlakozzon USB-C vagy Wi-Fi-csatlakoz\u00e1ssal \u00e9s a PARD Vision2 alkalmaz\u00e1ssal az \u00e9l\u0151 k\u00f6zvet\u00edt\u00e9sek megtekint\u00e9s\u00e9hez \u00e9s a felv\u00e9telek megoszt\u00e1s\u00e1hoz.<\/li>\n<\/ul>\n<p><strong>Ellen\u00e1ll\u00e1s \u00e9s t\u00e1pegys\u00e9g:<\/strong><\/p>\n<ul>\n<li>IP67 v\u00e9detts\u00e9gi oszt\u00e1ly: V\u00edz- \u00e9s por\u00e1ll\u00f3, ellen\u00e1ll a v\u00edzbe mer\u00edt\u00e9snek 30 percig 1 m\u00e9ter m\u00e9lys\u00e9gig.<\/li>\n<li>\u00dajrat\u00f6lthet\u0151 18650-es akkumul\u00e1tor ak\u00e1r 6 \u00f3r\u00e1s \u00fczemid\u0151vel: alv\u00f3 \u00fczemm\u00f3d az energiatakar\u00e9koss\u00e1g \u00e9rdek\u00e9ben \u00e9s power bank csatlakoz\u00e1s a hosszabb m\u0171k\u00f6d\u00e9shez.<\/li>\n<\/ul>\n<table border=\"0\" cellspacing=\"0\">\n<colgroup span=\"4\" width=\"85\"><\/colgroup>\n<tbody>\n<tr>\n<td align=\"left\" height=\"17\"><span style=\"font-family: Liberation Serif\">\u00c9rz\u00e9kel\u0151<\/span><\/td>\n<td colspan=\"3\" align=\"left\"><span style=\"font-family: Liberation Serif\">640 \u00d7 512 px<\/span><\/td>\n<\/tr>\n<tr>\n<td align=\"left\" height=\"32\"><span style=\"font-family: Liberation Serif\">H\u0151m\u00e9rs\u00e9klet \u00e9rz\u00e9kenys\u00e9g\u00a0<\/span><\/td>\n<td colspan=\"3\" align=\"left\"><span style=\"font-family: Liberation Serif\">\u2266 20 mK<\/span><\/td>\n<\/tr>\n<tr>\n<td align=\"left\" height=\"32\"><span style=\"font-family: Liberation Serif\">Kijelz\u0151 felbont\u00e1sa<\/span><\/td>\n<td colspan=\"3\" align=\"left\"><span style=\"font-family: Liberation Serif\">800 \u00d7 800 px<\/span><\/td>\n<\/tr>\n<tr>\n<td align=\"left\" height=\"17\"><span style=\"font-family: Liberation Serif\">Wi-Fi<\/span><\/td>\n<td colspan=\"3\" align=\"left\"><span style=\"font-family: Liberation Serif\">Igen<\/span><\/td>\n<\/tr>\n<tr>\n<td align=\"left\" height=\"17\">Objekt\u00edv<\/td>\n<td align=\"left\"><span style=\"font-family: Liberation Serif\">75 mm<\/span><\/td>\n<td align=\"left\"><\/td>\n<td align=\"left\"><\/td>\n<\/tr>\n<tr>\n<td align=\"left\" height=\"17\"><span style=\"font-family: Liberation Serif\">\u00c9rz\u00e9kel\u00e9s<\/span><\/td>\n<td align=\"left\"><span style=\"font-family: Liberation Serif\">3900 m<\/span><\/td>\n<td align=\"left\"><\/td>\n<td align=\"left\"><\/td>\n<\/tr>\n<tr>\n<td align=\"left\" height=\"32\"><span style=\"font-family: Liberation Serif\">Optikai nagy\u00edt\u00e1s<\/span><\/td>\n<td align=\"left\"><span style=\"font-family: Liberation Serif\">3,3x<\/span><\/td>\n<td align=\"left\"><\/td>\n<td align=\"left\"><\/td>\n<\/tr>\n<tr>\n<td align=\"left\" height=\"17\"><span style=\"font-family: Liberation Serif\">L\u00e1t\u00f3mez\u0151<\/span><\/td>\n<td align=\"left\"><span style=\"font-family: Liberation Serif\">4,7\u00b0 \u00d7 4,7\u00b0<\/span><\/td>\n<td align=\"left\"><\/td>\n<td align=\"left\"><\/td>\n<\/tr>\n<tr>\n<td align=\"left\" height=\"32\"><span style=\"font-family: Liberation Serif\">Digit\u00e1lis zoom<\/span><\/td>\n<td colspan=\"3\" align=\"left\"><span style=\"font-family: Liberation Serif\">8x<\/span><\/td>\n<\/tr>\n<tr>\n<td align=\"left\" height=\"32\"><span style=\"font-family: Liberation Serif\">Dioptri\u00e1s korrekci\u00f3<\/span><\/td>\n<td colspan=\"3\" align=\"left\"><span style=\"font-family: Liberation Serif\">-5D~+3D<\/span><\/td>\n<\/tr>\n<tr>\n<td align=\"left\" height=\"47\"><span style=\"font-family: Liberation Serif\">F\u00e9nyk\u00e9p k\u00e9sz\u00edt\u00e9s\u00e9nek lehet\u0151s\u00e9ge<\/span><\/td>\n<td colspan=\"3\" align=\"left\"><span style=\"font-family: Liberation Serif\">Igen<\/span><\/td>\n<\/tr>\n<tr>\n<td align=\"left\" height=\"32\"><span style=\"font-family: Liberation Serif\">Vide\u00f3 k\u00e9sz\u00edt\u00e9s\u00e9nek lehet\u0151s\u00e9ge<\/span><\/td>\n<td colspan=\"3\" align=\"left\"><span style=\"font-family: Liberation Serif\">Igen<\/span><\/td>\n<\/tr>\n<tr>\n<td align=\"left\" height=\"32\"><span style=\"font-family: Liberation Serif\">V\u00e9delmi fokozat<\/span><\/td>\n<td colspan=\"3\" align=\"left\"><span style=\"font-family: Liberation Serif\">IP67<\/span><\/td>\n<\/tr>\n<tr>\n<td align=\"left\" height=\"17\"><span style=\"font-family: Liberation Serif\">Mem\u00f3ria<\/span><\/td>\n<td colspan=\"3\" align=\"left\"><span style=\"font-family: Liberation Serif\">microSD, 128 GB<\/span><\/td>\n<\/tr>\n<tr>\n<td align=\"left\" height=\"32\"><span style=\"font-family: Liberation Serif\">\u00dczemi h\u0151m\u00e9rs\u00e9klet<\/span><\/td>\n<td colspan=\"3\" align=\"left\"><span style=\"font-family: Liberation Serif\">-30\u00b0C \u00e9s 55\u00b0C k\u00f6z\u00f6tt<\/span><\/td>\n<\/tr>\n<tr>\n<td align=\"left\" height=\"17\"><span style=\"font-family: Liberation Serif\">Akkumul\u00e1torok<\/span><\/td>\n<td colspan=\"3\" align=\"left\"><span style=\"font-family: Liberation Serif\">1x \u00fajrat\u00f6lthet\u0151 18650<\/span><\/td>\n<\/tr>\n<tr>\n<td align=\"left\" height=\"17\"><span style=\"font-family: Liberation Serif\">Az akkumul\u00e1tor \u00e9lettartama<\/span><\/td>\n<td colspan=\"3\" align=\"left\"><span style=\"font-family: Liberation Serif\">6 \u00f3ra<\/span><\/td>\n<\/tr>\n<tr>\n<td align=\"left\" height=\"17\"><span style=\"font-family: Liberation Serif\">S\u00faly<\/span><\/td>\n<td colspan=\"3\" align=\"left\"><span style=\"font-family: Liberation Serif\">681,5 g<\/span><\/td>\n<\/tr>\n<tr>\n<td align=\"left\" height=\"17\"><span style=\"font-family: Liberation Serif\">M\u00e9retek<\/span><\/td>\n<td colspan=\"3\" align=\"left\"><span style=\"font-family: Liberation Serif\">364 \u00d7 93 \u00d7 82 mm<\/span><\/td>\n<\/tr>\n<\/tbody>\n<\/table>\n<p>Hivatalos m\u00e1rkaoldal: <a href=\"https:\/\/eu.pard.com\/product\/thermal-imaging-scope-pantera-640-2.0\">https:\/\/eu.pard.com\/product\/thermal-imaging-scope-pantera-640-2.0<\/a><\/p>\n<p><strong>A csomag tartalma:<\/strong><\/p>\n<ul>\n<li>PARD PANTERA 640 LRF h\u0151kamer\u00e1s c\u00e9lt\u00e1vcs\u0151<\/li>\n<li>1x 18650 \u00fajrat\u00f6lthet\u0151 akkumul\u00e1tor<\/li>\n<li>1x v\u00e9d\u0151 neopr\u00e9n bor\u00edt\u00e1s<\/li>\n<li>1x r\u00f6gz\u00edt\u0151gy\u0171r\u0171k (30 mm)<\/li>\n<li>1x USB-C k\u00e1bel<\/li>\n<li>1x f\u0171z\u0151lyuk<\/li>\n<li>Cseh nyelv\u0171 utas\u00edt\u00e1sok<\/li>\n<\/ul>","protected":false},"excerpt":{"rendered":"<div class=\"flex max-w-full flex-col flex-grow\">\n<div class=\"min-h-8 text-message flex w-full flex-col items-end gap-2 whitespace-normal break-words text-start [.text-message+&amp;]:mt-5\" dir=\"auto\" data-message-author-role=\"assistant\" data-message-id=\"041a1c24-42ed-4cf0-b413-310a0a0c4fe8\" data-message-model-slug=\"gpt-4o\">\n<div class=\"flex w-full flex-col gap-1 empty:hidden first:pt-[3px]\">\n<div class=\"markdown prose w-full break-words dark:prose-invert light\">\n<p><strong>75MM OBJEKT\u00cdV: V\u00ddNIMO\u010cN\u00c1 \u010cISTOTA<\/strong><\/p>\n<ul>\n<li>75 mm objekt\u00edv pon\u00faka v\u00fdnimo\u010dn\u00fa \u010distotu a jemn\u00e9 detaily v kombin\u00e1cii s 3,8-n\u00e1sobn\u00fdm zv\u00e4\u010d\u0161en\u00edm, v\u010faka \u010domu je ide\u00e1lny na pozorovanie na ve\u013ek\u00e9 vzdialenosti a presn\u00e9 fotografovanie.<\/li>\n<li>V\u00fdrobca PARD predstavuje hor\u00facu novinku medzi termov\u00edznymi pu\u0161koh\u013eadmi \u2013 PARD PANTERA 640 LRF s laserov\u00fdm dia\u013ekomerom a\u017e do 1000 m.<\/li>\n<li>Tento elegantn\u00fd pr\u00edstroj s okr\u00fahlym displejom a ultralahk\u00fdm duralov\u00fdm telom pon\u00faka excelentn\u00fd obraz.<\/li>\n<\/ul>\n<\/div>\n<\/div>\n<\/div>\n<\/div>\n","protected":false},"featured_media":4595,"template":"","meta":{"_gspb_post_css":""},"product_brand":[308],"product_cat":[21,144,329],"product_tag":[292,229,324,311],"class_list":{"0":"post-4462","1":"product","2":"type-product","3":"status-publish","4":"has-post-thumbnail","6":"product_brand-pard","7":"product_cat-optika","8":"product_cat-termovizie","9":"product_cat-termovizne-puskohlady","10":"product_tag-pantera","11":"product_tag-pard","12":"product_tag-puskohlad","13":"product_tag-termovizia","15":"first","16":"instock","17":"taxable","18":"shipping-taxable","19":"purchasable","20":"product-type-simple"},"ct_brands":[{"id":308,"name":"Pard","slug":"pard"}],"_links":{"self":[{"href":"https:\/\/zbranebudai.sk\/hu\/wp-json\/wp\/v2\/product\/4462","targetHints":{"allow":["GET"]}}],"collection":[{"href":"https:\/\/zbranebudai.sk\/hu\/wp-json\/wp\/v2\/product"}],"about":[{"href":"https:\/\/zbranebudai.sk\/hu\/wp-json\/wp\/v2\/types\/product"}],"wp:featuredmedia":[{"embeddable":true,"href":"https:\/\/zbranebudai.sk\/hu\/wp-json\/wp\/v2\/media\/4595"}],"wp:attachment":[{"href":"https:\/\/zbranebudai.sk\/hu\/wp-json\/wp\/v2\/media?parent=4462"}],"wp:term":[{"taxonomy":"product_brand","embeddable":true,"href":"https:\/\/zbranebudai.sk\/hu\/wp-json\/wp\/v2\/product_brand?post=4462"},{"taxonomy":"product_cat","embeddable":true,"href":"https:\/\/zbranebudai.sk\/hu\/wp-json\/wp\/v2\/product_cat?post=4462"},{"taxonomy":"product_tag","embeddable":true,"href":"https:\/\/zbranebudai.sk\/hu\/wp-json\/wp\/v2\/product_tag?post=4462"}],"curies":[{"name":"wp","href":"https:\/\/api.w.org\/{rel}","templated":true}]}}