{"id":4453,"date":"2025-02-01T21:28:22","date_gmt":"2025-02-01T19:28:22","guid":{"rendered":"https:\/\/zbranebudai.sk\/?post_type=product&#038;p=4453"},"modified":"2025-08-31T03:50:31","modified_gmt":"2025-08-31T01:50:31","slug":"pard-pantera-640-lrf-hokamera-celtavcso-50mm","status":"publish","type":"product","link":"https:\/\/zbranebudai.sk\/hu\/product\/pard-pantera-640-lrf-hokamera-celtavcso-50mm\/","title":{"rendered":"Pard PANTERA 640 LRF 50 mm-es h\u0151kamer\u00e1s c\u00e9lt\u00e1vcs\u0151"},"content":{"rendered":"<p><strong>Pard PANTERA 640 LRF termov\u00edzny pu\u0161koh\u013ead 50mm<\/strong><\/p>\n<div class=\"flex-shrink-0 flex flex-col relative items-end\">\n<div>\n<div class=\"pt-0\">\n<div class=\"gizmo-bot-avatar flex h-8 w-8 items-center justify-center overflow-hidden rounded-full\">\n<div class=\"relative p-1 rounded-sm flex items-center justify-center bg-token-main-surface-primary text-token-text-primary h-8 w-8\">V\u00fdrobca PARD prin\u00e1\u0161a hor\u00facu novinku v tele pu\u0161koh\u013eadu. Nov\u00fd Pard PANTERA 640 LRF s laserov\u00fdm dia\u013ekomerom a\u017e do 1000 m m\u00e1 na oko pohodln\u00fd okr\u00fahly displej a od\u013eah\u010den\u00e9 telo z duralu. Elegantn\u00e9 zariadenie s excelentn\u00fdm obrazom a jednoduch\u00fdm ovl\u00e1dan\u00edm v \u010de\u0161tine.<\/div>\n<\/div>\n<\/div>\n<\/div>\n<\/div>\n<div class=\"group\/conversation-turn relative flex w-full min-w-0 flex-col agent-turn\">\n<div class=\"flex-col gap-1 md:gap-3\">\n<div class=\"flex max-w-full flex-col flex-grow\">\n<div class=\"min-h-8 text-message flex w-full flex-col items-end gap-2 whitespace-normal break-words text-start [.text-message+&amp;]:mt-5\" dir=\"auto\" data-message-author-role=\"assistant\" data-message-id=\"12e8f10a-8516-46c5-a659-4f0f55096ec6\" data-message-model-slug=\"gpt-4o\">\n<div class=\"flex w-full flex-col gap-1 empty:hidden first:pt-[3px]\">\n<div class=\"markdown prose w-full break-words dark:prose-invert light\">\n<ul>\n<li><strong>Okr\u00fahly displej<\/strong><\/li>\n<li><strong>Ultra\u013eahk\u00e9 telo z duralu<\/strong><\/li>\n<li><strong>Senzor 640 \u00d7 512 px<\/strong><\/li>\n<li><strong>Tepeln\u00e1 citlivos\u0165 20 mK<\/strong><\/li>\n<li><strong>Detekcia a\u017e 2600 metrov<\/strong><\/li>\n<li><strong>Laserov\u00fd dia\u013ekomer a\u017e do 1000 m<\/strong><\/li>\n<\/ul>\n<p>Termov\u00edzny pu\u0161koh\u013ead Pard PANTERA 640 LRF m\u00e1 senzor 640 \u00d7 512 px, ktor\u00fd V\u00e1m v spojen\u00ed s tepelnou citlivos\u0165ou NETD \u2264 20 mK pon\u00faka neuverite\u013ene \u010dist\u00fd obraz vykreslen\u00fd do absol\u00fatne drobn\u00fdch detailov.<\/p>\n<p>Na v\u00fdber je \u0161o\u0161ovka o ve\u013ekosti 50 mm. Detek\u010dn\u00e9 vzdialenosti sa odv\u00edjaj\u00fa od zvolenej \u0161o\u0161ovky &#8211; 2600 metrov.<\/p>\n<p>V\u00fdnimo\u010dn\u00fd obraz poskytuje okr\u00fahly IPS LCD displej s rozl\u00ed\u0161en\u00edm 800 \u00d7 800 px, ktor\u00fd V\u00e1m zaru\u010d\u00ed z\u00e1\u017eitok ako s klasick\u00fdm pu\u0161koh\u013eadom a maxim\u00e1lnym zorn\u00fdm po\u013eom. Tento displej poskytuje \u010dist\u00fd obraz s bohat\u00fdm kontrastom a m\u00e1 extra \u0161irok\u00e9 zorn\u00e9 pole pre e\u0161te lep\u0161\u00ed preh\u013ead. Sledovanie je e\u0161te prirodzenej\u0161ie v\u010faka r\u00fdchlej odozve, ako ke\u010f sa pozer\u00e1te cez tradi\u010dn\u00fa denn\u00fa optiku.<\/p>\n<p>Pozorovanie V\u00e1m spr\u00edjemn\u00ed aj 6 zobrazovac\u00edch m\u00f3dov (White Hot, Black Hot, Red Hot, EDGE, IN HOT, SKY) a m\u00e1te tie\u017e na v\u00fdber z troch pozorovac\u00edch sc\u00e9n (City, Rain, Forest).<\/p>\n<p>Po in\u0161tal\u00e1cii karty microSD s kapacitou a\u017e 128 GB (nie je s\u00fa\u010das\u0165ou balenia) m\u00f4\u017eete zaznamen\u00e1va\u0165 fotografie a vide\u00e1. Ve\u013emi u\u017eito\u010dnou funkciou pu\u0161koh\u013eadu je aj automatick\u00e9 nahr\u00e1vanie po v\u00fdstrele a mo\u017enos\u0165 okam\u017eit\u00e9ho zobrazenia \u010di odstr\u00e1nenia zaznamenan\u00fdch z\u00e1berov. Prostredn\u00edctvom v\u00fdstupu USB-C m\u00f4\u017eete zariadenie pripoji\u0165 k po\u010d\u00edta\u010du alebo prostredn\u00edctvom Wi-Fi a aplik\u00e1cie PARD Vision2 sledova\u0165 \u017eiv\u00fd prenos a pohodlne prehliada\u0165 zaznamenan\u00e9 fotografie a vide\u00e1, to v\u0161etko priamo zdie\u013ea\u0165 s Va\u0161imi bl\u00edzkymi.<\/p>\n<p>Pu\u0161koh\u013ead je odoln\u00fd v\u010faka stup\u0148u ochrany IP67 (ochrana proti ponoreniu do vody, ponorenie na 30 min\u00fat do h\u013abky 1 meter). O nap\u00e1janie sa star\u00e1 dob\u00edjate\u013en\u00e1 bat\u00e9ria 18650 s v\u00fddr\u017eou 6 hod\u00edn. V\u010faka re\u017eimu sp\u00e1nku \u0161etr\u00ed bat\u00e9riu a m\u00e1 mo\u017enos\u0165 pripojenia powerbanky.<\/p>\n<\/div>\n<\/div>\n<\/div>\n<\/div>\n<\/div>\n<\/div>\n<table border=\"0\" cellspacing=\"0\">\n<colgroup span=\"3\" width=\"85\"><\/colgroup>\n<tbody>\n<tr>\n<td align=\"left\" height=\"17\"><span style=\"font-family: Liberation Serif\">Senzor<\/span><\/td>\n<td colspan=\"3\" align=\"left\"><span style=\"font-family: Liberation Serif\">640 \u00d7 512 px<\/span><\/td>\n<\/tr>\n<tr>\n<td align=\"left\" height=\"32\"><span style=\"font-family: Liberation Serif\">Teplotn\u00ed citlivost\u00a0<\/span><\/td>\n<td colspan=\"3\" align=\"left\"><span style=\"font-family: Liberation Serif\">\u2266 20 mK<\/span><\/td>\n<\/tr>\n<tr>\n<td align=\"left\" height=\"32\"><span style=\"font-family: Liberation Serif\">Rozli\u0161en\u00ed displeje<\/span><\/td>\n<td colspan=\"3\" align=\"left\"><span style=\"font-family: Liberation Serif\">800 \u00d7 800 px<\/span><\/td>\n<\/tr>\n<tr>\n<td align=\"left\" height=\"17\"><span style=\"font-family: Liberation Serif\">Wi-Fi<\/span><\/td>\n<td colspan=\"3\" align=\"left\"><span style=\"font-family: Liberation Serif\">Ano<\/span><\/td>\n<\/tr>\n<tr>\n<td align=\"left\" height=\"17\">\u0160o\u0161ovka<\/td>\n<td align=\"left\"><span style=\"font-family: Liberation Serif\">50 mm<\/span><\/td>\n<td colspan=\"2\" rowspan=\"4\" align=\"left\"><span style=\"font-family: Liberation Serif\">\u00a0<\/span><\/td>\n<\/tr>\n<tr>\n<td align=\"left\" height=\"17\"><span style=\"font-family: Liberation Serif\">Detekce<\/span><\/td>\n<td align=\"left\"><span style=\"font-family: Liberation Serif\">2600 m<\/span><\/td>\n<\/tr>\n<tr>\n<td align=\"left\" height=\"32\"><span style=\"font-family: Liberation Serif\">Optick\u00e9 zv\u011bt\u0161en\u00ed<\/span><\/td>\n<td align=\"left\"><span style=\"font-family: Liberation Serif\">2,2x<\/span><\/td>\n<\/tr>\n<tr>\n<td align=\"left\" height=\"17\"><span style=\"font-family: Liberation Serif\">Zorn\u00e9 pole<\/span><\/td>\n<td align=\"left\"><span style=\"font-family: Liberation Serif\">7,0\u00b0 \u00d7 7,0\u00b0<\/span><\/td>\n<\/tr>\n<tr>\n<td align=\"left\" height=\"32\"><span style=\"font-family: Liberation Serif\">Digit\u00e1ln\u00ed zoom<\/span><\/td>\n<td colspan=\"3\" align=\"left\"><span style=\"font-family: Liberation Serif\">8x<\/span><\/td>\n<\/tr>\n<tr>\n<td align=\"left\" height=\"32\"><span style=\"font-family: Liberation Serif\">Dioptrick\u00e1 korekce<\/span><\/td>\n<td colspan=\"3\" align=\"left\"><span style=\"font-family: Liberation Serif\">-5D~+3D<\/span><\/td>\n<\/tr>\n<tr>\n<td align=\"left\" height=\"47\"><span style=\"font-family: Liberation Serif\">Mo\u017enost po\u0159\u00edzen\u00ed fotografie<\/span><\/td>\n<td colspan=\"3\" align=\"left\"><span style=\"font-family: Liberation Serif\">Ano<\/span><\/td>\n<\/tr>\n<tr>\n<td align=\"left\" height=\"32\"><span style=\"font-family: Liberation Serif\">Mo\u017enost po\u0159\u00edzen\u00ed videa<\/span><\/td>\n<td colspan=\"3\" align=\"left\"><span style=\"font-family: Liberation Serif\">Ano<\/span><\/td>\n<\/tr>\n<tr>\n<td align=\"left\" height=\"32\"><span style=\"font-family: Liberation Serif\">Stupe\u0148 ochrany<\/span><\/td>\n<td colspan=\"3\" align=\"left\"><span style=\"font-family: Liberation Serif\">IP67<\/span><\/td>\n<\/tr>\n<tr>\n<td align=\"left\" height=\"17\"><span style=\"font-family: Liberation Serif\">Pam\u011b\u0165<\/span><\/td>\n<td colspan=\"3\" align=\"left\"><span style=\"font-family: Liberation Serif\">microSD, 128 GB<\/span><\/td>\n<\/tr>\n<tr>\n<td align=\"left\" height=\"32\"><span style=\"font-family: Liberation Serif\">Provozn\u00ed teplota<\/span><\/td>\n<td colspan=\"3\" align=\"left\"><span style=\"font-family: Liberation Serif\">-30\u00b0C a\u017e 55\u00b0C<\/span><\/td>\n<\/tr>\n<tr>\n<td align=\"left\" height=\"17\"><span style=\"font-family: Liberation Serif\">Baterie<\/span><\/td>\n<td colspan=\"3\" align=\"left\"><span style=\"font-family: Liberation Serif\">1x dob\u00edjec\u00ed 18650<\/span><\/td>\n<\/tr>\n<tr>\n<td align=\"left\" height=\"17\"><span style=\"font-family: Liberation Serif\">V\u00fddr\u017e baterie<\/span><\/td>\n<td colspan=\"3\" align=\"left\"><span style=\"font-family: Liberation Serif\">6 hod<\/span><\/td>\n<\/tr>\n<tr>\n<td align=\"left\" height=\"17\"><span style=\"font-family: Liberation Serif\">Hmotnost<\/span><\/td>\n<td colspan=\"3\" align=\"left\"><span style=\"font-family: Liberation Serif\">681,5 g<\/span><\/td>\n<\/tr>\n<tr>\n<td align=\"left\" height=\"17\"><span style=\"font-family: Liberation Serif\">Rozm\u011bry<\/span><\/td>\n<td colspan=\"3\" align=\"left\"><span style=\"font-family: Liberation Serif\">364 \u00d7 93 \u00d7 82 mm<\/span><\/td>\n<\/tr>\n<\/tbody>\n<\/table>\n<div class=\"group\/conversation-turn relative flex w-full min-w-0 flex-col agent-turn\">\n<div class=\"flex-col gap-1 md:gap-3\">\n<div class=\"flex max-w-full flex-col flex-grow\">\n<div class=\"min-h-8 text-message flex w-full flex-col items-end gap-2 whitespace-normal break-words text-start [.text-message+&amp;]:mt-5\" dir=\"auto\" data-message-author-role=\"assistant\" data-message-id=\"18a6a8b8-877c-4a57-8583-6892c5586ae2\" data-message-model-slug=\"gpt-4o-mini\">\n<div class=\"flex w-full flex-col gap-1 empty:hidden first:pt-[3px]\">\n<div class=\"markdown prose w-full break-words dark:prose-invert light\">\n<p><strong>Obsah balenia:<\/strong><\/p>\n<ul>\n<li>Termov\u00edzny pu\u0161koh\u013ead PARD PANTERA 640 LRF<\/li>\n<li>1x dob\u00edjacia bat\u00e9ria 18650<\/li>\n<li>1x ochrann\u00fd neoprenov\u00fd obal<\/li>\n<li>1x mont\u00e1\u017ene kr\u00fa\u017eky (30 mm)<\/li>\n<li>1x USB-C k\u00e1bel<\/li>\n<li>1x o\u010dnice<\/li>\n<li>N\u00e1vod v \u010de\u0161tine<\/li>\n<\/ul>\n<\/div>\n<\/div>\n<\/div>\n<\/div>\n<\/div>\n<\/div>\n<p>Ofici\u00e1lna str\u00e1nka zna\u010dky: <a href=\"https:\/\/eu.pard.com\/product\/thermal-imaging-scope-pantera-series\">https:\/\/eu.pard.com\/product\/thermal-imaging-scope-pantera-series<\/a><\/p>\n","protected":false},"excerpt":{"rendered":"<p><strong>\u00daj PARD PANTERA 640 LRF h\u0151kamer\u00e1s c\u00e9lt\u00e1vcs\u0151 l\u00e9zeres t\u00e1vols\u00e1gm\u00e9r\u0151vel 1000 m-ig.<\/strong><\/p>\n<ul>\n<li>\u00c9rz\u00e9kel\u0151: 640 \u00d7 512 px, 12 \u03bcm.<\/li>\n<li>Objekt\u00edv: 50 mm.<\/li>\n<li>A h\u0151k\u00e9p\u00e9rz\u00e9kel\u0151 \u00e9rz\u00e9kenys\u00e9ge \u2264 20 mK.<\/li>\n<li>\u00c9rz\u00e9kel\u00e9si t\u00e1vols\u00e1g: 2600m.<\/li>\n<li>Optikai nagy\u00edt\u00e1s: 2,2x.<\/li>\n<li>Digit\u00e1lis zoom: ak\u00e1r 8x.<\/li>\n<li>Kerek kijelz\u0151: 800 \u00d7 800 px.<\/li>\n<li>Takar\u00e9kos \u00fczemm\u00f3d (alv\u00f3 \u00fczemm\u00f3d).<\/li>\n<li>Az akkumul\u00e1tor \u00e9lettartama: 6 \u00f3ra.<\/li>\n<li>Teljes\u00edtm\u00e9ny: 1x \u00fajrat\u00f6lthet\u0151 18650-es akkumul\u00e1tor.<\/li>\n<li>6 sz\u00ednpaletta.<\/li>\n<\/ul>","protected":false},"featured_media":4592,"template":"","meta":{"_gspb_post_css":""},"product_brand":[308],"product_cat":[21,144,329],"product_tag":[292,229,324,311],"class_list":{"0":"post-4453","1":"product","2":"type-product","3":"status-publish","4":"has-post-thumbnail","6":"product_brand-pard","7":"product_cat-optika","8":"product_cat-termovizie","9":"product_cat-termovizne-puskohlady","10":"product_tag-pantera","11":"product_tag-pard","12":"product_tag-puskohlad","13":"product_tag-termovizia","15":"first","16":"instock","17":"taxable","18":"shipping-taxable","19":"purchasable","20":"product-type-simple"},"ct_brands":[{"id":308,"name":"Pard","slug":"pard"}],"_links":{"self":[{"href":"https:\/\/zbranebudai.sk\/hu\/wp-json\/wp\/v2\/product\/4453","targetHints":{"allow":["GET"]}}],"collection":[{"href":"https:\/\/zbranebudai.sk\/hu\/wp-json\/wp\/v2\/product"}],"about":[{"href":"https:\/\/zbranebudai.sk\/hu\/wp-json\/wp\/v2\/types\/product"}],"wp:featuredmedia":[{"embeddable":true,"href":"https:\/\/zbranebudai.sk\/hu\/wp-json\/wp\/v2\/media\/4592"}],"wp:attachment":[{"href":"https:\/\/zbranebudai.sk\/hu\/wp-json\/wp\/v2\/media?parent=4453"}],"wp:term":[{"taxonomy":"product_brand","embeddable":true,"href":"https:\/\/zbranebudai.sk\/hu\/wp-json\/wp\/v2\/product_brand?post=4453"},{"taxonomy":"product_cat","embeddable":true,"href":"https:\/\/zbranebudai.sk\/hu\/wp-json\/wp\/v2\/product_cat?post=4453"},{"taxonomy":"product_tag","embeddable":true,"href":"https:\/\/zbranebudai.sk\/hu\/wp-json\/wp\/v2\/product_tag?post=4453"}],"curies":[{"name":"wp","href":"https:\/\/api.w.org\/{rel}","templated":true}]}}