{"id":4433,"date":"2025-02-01T21:26:47","date_gmt":"2025-02-01T19:26:47","guid":{"rendered":"https:\/\/zbranebudai.sk\/?post_type=product&#038;p=4433"},"modified":"2025-08-31T03:50:32","modified_gmt":"2025-08-31T01:50:32","slug":"pard-pantera-640-hokamera-celtavcso-50mm","status":"publish","type":"product","link":"https:\/\/zbranebudai.sk\/hu\/product\/pard-pantera-640-hokamera-celtavcso-50mm\/","title":{"rendered":"Pard PANTERA 640 50mm-es h\u0151kamer\u00e1s c\u00e9lt\u00e1vcs\u0151"},"content":{"rendered":"<p><strong>Pard PANTERA 640 termov\u00edzny pu\u0161koh\u013ead 50mm<\/strong><\/p>\n<p>Nov\u00fd PARD PANTERA 640 m\u00e1 pohodln\u00fd okr\u00fahly displej a od\u013eah\u010den\u00e9 telo z duralu. Elegantn\u00e9 zariadenie s vynikaj\u00facim obrazom a jednoduch\u00fdm ovl\u00e1dan\u00edm v \u010de\u0161tine.<\/p>\n<ul>\n<li>Okr\u00fahly displej<\/li>\n<li>Ultra\u013eahk\u00e9 telo z duralu<\/li>\n<li>Senzor 640 \u00d7 512 px<\/li>\n<li>Teplotn\u00e1 citlivos\u0165 20 mK<\/li>\n<li>Detekcia a\u017e 2600metrov<\/li>\n<\/ul>\n<p>Termov\u00edzny pu\u0161koh\u013ead PARD PANTERA 640 je vybaven\u00fd senzorom s rozl\u00ed\u0161en\u00edm 640 \u00d7 512 px, ktor\u00fd v kombin\u00e1cii s teplotnou citlivos\u0165ou NETD \u2264 20 mK poskytuje neuverite\u013ene \u010dist\u00fd obraz s dokonal\u00fdmi detailmi.<\/p>\n<p>Na v\u00fdber s\u00fa objekt\u00edvy s ve\u013ekos\u0165ou 50 mm a 75 mm. Detek\u010dn\u00e1 vzdialenos\u0165* z\u00e1vis\u00ed od zvolen\u00e9ho objekt\u00edvu \u2013 2600 a\u017e 3900 metrov.<\/p>\n<p>V\u00fdnimo\u010dn\u00fd obraz zabezpe\u010duje okr\u00fahly IPS LCD displej s rozl\u00ed\u0161en\u00edm 800 \u00d7 800 px, ktor\u00fd pon\u00faka rovnak\u00fd vizu\u00e1lny z\u00e1\u017eitok ako klasick\u00fd pu\u0161koh\u013ead s maxim\u00e1lnym zorn\u00fdm po\u013eom. Tento displej poskytuje \u010dist\u00fd obraz s vysok\u00fdm kontrastom a extra \u0161irok\u00fdm zorn\u00fdm po\u013eom pre lep\u0161\u00ed preh\u013ead. V\u010faka r\u00fdchlej odozve je pozorovanie e\u0161te prirodzenej\u0161ie, podobn\u00e9 poh\u013eadu cez tradi\u010dn\u00fa denn\u00fa optiku.<\/p>\n<p>Pozorovanie spr\u00edjem\u0148uje 6 zobrazovac\u00edch m\u00f3dov (White Hot, Black Hot, Red Hot, EDGE, IN HOT, SKY) a mo\u017enos\u0165 v\u00fdberu z troch pozorovac\u00edch sc\u00e9n (City, Rain, Forest).<\/p>\n<p>Po vlo\u017een\u00ed microSD karty s kapacitou a\u017e 128 GB (nie je s\u00fa\u010das\u0165ou balenia) m\u00f4\u017eete zaznamen\u00e1va\u0165 fotografie a vide\u00e1. Ve\u013emi u\u017eito\u010dnou funkciou je automatick\u00e9 nahr\u00e1vanie po v\u00fdstrele a mo\u017enos\u0165 okam\u017eit\u00e9ho zobrazenia alebo vymazania zaznamenan\u00fdch z\u00e1znamov. Prostredn\u00edctvom USB-C v\u00fdstupu m\u00f4\u017eete zariadenie pripoji\u0165 k po\u010d\u00edta\u010du alebo sledova\u0165 \u017eiv\u00fd prenos cez WIFI a aplik\u00e1ciu PARD Vision2. Takto m\u00f4\u017eete pohodlne prehliada\u0165 zaznamenan\u00e9 fotografie a vide\u00e1 a zdie\u013ea\u0165 ich s bl\u00edzkymi.<\/p>\n<p>Pu\u0161koh\u013ead je mimoriadne odoln\u00fd v\u010faka stup\u0148u ochrany IP67 (ochrana proti ponoreniu do vody \u2013 vydr\u017e\u00ed 30 min\u00fat v h\u013abke 1 meter). O nap\u00e1janie sa star\u00e1 nab\u00edjate\u013en\u00e1 bat\u00e9ria 18650 s v\u00fddr\u017eou 6 hod\u00edn. V\u010faka re\u017eimu sp\u00e1nku \u0161etr\u00ed energiu a je mo\u017en\u00e9 ho pripoji\u0165 aj k powerbanke.<\/p>\n<table border=\"0\" cellspacing=\"0\">\n<colgroup span=\"3\" width=\"85\"><\/colgroup>\n<tbody>\n<tr>\n<td align=\"left\" height=\"17\"><span style=\"font-family: Liberation Serif\">Senzor<\/span><\/td>\n<td colspan=\"3\" align=\"left\"><span style=\"font-family: Liberation Serif\">640 \u00d7 512 px<\/span><\/td>\n<\/tr>\n<tr>\n<td align=\"left\" height=\"32\"><span style=\"font-family: Liberation Serif\">Teplotn\u00ed citlivost\u00a0<\/span><\/td>\n<td colspan=\"3\" align=\"left\"><span style=\"font-family: Liberation Serif\">\u2266 20 mK<\/span><\/td>\n<\/tr>\n<tr>\n<td align=\"left\" height=\"32\"><span style=\"font-family: Liberation Serif\">Rozli\u0161en\u00ed displeje<\/span><\/td>\n<td colspan=\"3\" align=\"left\"><span style=\"font-family: Liberation Serif\">800 \u00d7 800 px<\/span><\/td>\n<\/tr>\n<tr>\n<td align=\"left\" height=\"17\"><span style=\"font-family: Liberation Serif\">Wi-Fi<\/span><\/td>\n<td colspan=\"3\" align=\"left\"><span style=\"font-family: Liberation Serif\">Ano<\/span><\/td>\n<\/tr>\n<tr>\n<td align=\"left\" height=\"17\">\u0160o\u0161ovka<\/td>\n<td align=\"left\"><span style=\"font-family: Liberation Serif\">50 mm<\/span><\/td>\n<td align=\"left\"><span style=\"font-family: Liberation Serif\">75 mm<\/span><\/td>\n<\/tr>\n<tr>\n<td align=\"left\" height=\"17\"><span style=\"font-family: Liberation Serif\">Detekce<\/span><\/td>\n<td align=\"left\"><span style=\"font-family: Liberation Serif\">2600 m<\/span><\/td>\n<td align=\"left\"><span style=\"font-family: Liberation Serif\">3900 m<\/span><\/td>\n<\/tr>\n<tr>\n<td align=\"left\" height=\"32\"><span style=\"font-family: Liberation Serif\">Optick\u00e9 zv\u011bt\u0161en\u00ed<\/span><\/td>\n<td align=\"left\"><span style=\"font-family: Liberation Serif\">2,2x<\/span><\/td>\n<td align=\"left\"><span style=\"font-family: Liberation Serif\">3,3x<\/span><\/td>\n<\/tr>\n<tr>\n<td align=\"left\" height=\"17\"><span style=\"font-family: Liberation Serif\">Zorn\u00e9 pole<\/span><\/td>\n<td align=\"left\"><span style=\"font-family: Liberation Serif\">7,0\u00b0 \u00d7 7,0\u00b0<\/span><\/td>\n<td align=\"left\"><span style=\"font-family: Liberation Serif\">4,7\u00b0 \u00d7 4,7\u00b0<\/span><\/td>\n<\/tr>\n<tr>\n<td align=\"left\" height=\"32\"><span style=\"font-family: Liberation Serif\">Digit\u00e1ln\u00ed zoom<\/span><\/td>\n<td colspan=\"3\" align=\"left\"><span style=\"font-family: Liberation Serif\">8x<\/span><\/td>\n<\/tr>\n<tr>\n<td align=\"left\" height=\"32\"><span style=\"font-family: Liberation Serif\">Dioptrick\u00e1 korekce<\/span><\/td>\n<td colspan=\"3\" align=\"left\"><span style=\"font-family: Liberation Serif\">-5D~+3D<\/span><\/td>\n<\/tr>\n<tr>\n<td align=\"left\" height=\"47\"><span style=\"font-family: Liberation Serif\">Mo\u017enost po\u0159\u00edzen\u00ed fotografie<\/span><\/td>\n<td colspan=\"3\" align=\"left\"><span style=\"font-family: Liberation Serif\">Ano<\/span><\/td>\n<\/tr>\n<tr>\n<td align=\"left\" height=\"32\"><span style=\"font-family: Liberation Serif\">Mo\u017enost po\u0159\u00edzen\u00ed videa<\/span><\/td>\n<td colspan=\"3\" align=\"left\"><span style=\"font-family: Liberation Serif\">Ano<\/span><\/td>\n<\/tr>\n<tr>\n<td align=\"left\" height=\"32\"><span style=\"font-family: Liberation Serif\">Stupe\u0148 ochrany<\/span><\/td>\n<td colspan=\"3\" align=\"left\"><span style=\"font-family: Liberation Serif\">IP67<\/span><\/td>\n<\/tr>\n<tr>\n<td align=\"left\" height=\"17\"><span style=\"font-family: Liberation Serif\">Pam\u011b\u0165<\/span><\/td>\n<td colspan=\"3\" align=\"left\"><span style=\"font-family: Liberation Serif\">microSD, 128 GB<\/span><\/td>\n<\/tr>\n<tr>\n<td align=\"left\" height=\"32\"><span style=\"font-family: Liberation Serif\">Provozn\u00ed teplota<\/span><\/td>\n<td colspan=\"3\" align=\"left\"><span style=\"font-family: Liberation Serif\">-30\u00b0C a\u017e 55\u00b0C<\/span><\/td>\n<\/tr>\n<tr>\n<td align=\"left\" height=\"17\"><span style=\"font-family: Liberation Serif\">Baterie<\/span><\/td>\n<td colspan=\"3\" align=\"left\"><span style=\"font-family: Liberation Serif\">1x dob\u00edjec\u00ed 18650<\/span><\/td>\n<\/tr>\n<tr>\n<td align=\"left\" height=\"17\"><span style=\"font-family: Liberation Serif\">V\u00fddr\u017e baterie<\/span><\/td>\n<td colspan=\"3\" align=\"left\"><span style=\"font-family: Liberation Serif\">6 hod<\/span><\/td>\n<\/tr>\n<tr>\n<td align=\"left\" height=\"17\"><span style=\"font-family: Liberation Serif\">Hmotnost<\/span><\/td>\n<td colspan=\"3\" align=\"left\"><span style=\"font-family: Liberation Serif\">681,5 g<\/span><\/td>\n<\/tr>\n<tr>\n<td align=\"left\" height=\"17\"><span style=\"font-family: Liberation Serif\">Rozm\u011bry<\/span><\/td>\n<td colspan=\"3\" align=\"left\"><span style=\"font-family: Liberation Serif\">364 \u00d7 93 \u00d7 82 mm<\/span><\/td>\n<\/tr>\n<\/tbody>\n<\/table>\n<div class=\"group\/conversation-turn relative flex w-full min-w-0 flex-col agent-turn\">\n<div class=\"flex-col gap-1 md:gap-3\">\n<div class=\"flex max-w-full flex-col flex-grow\">\n<div class=\"min-h-8 text-message flex w-full flex-col items-end gap-2 whitespace-normal break-words text-start [.text-message+&amp;]:mt-5\" dir=\"auto\" data-message-author-role=\"assistant\" data-message-id=\"59ce12ca-ef77-430f-8df7-c8ad593a5dd6\" data-message-model-slug=\"gpt-4o-mini\">\n<div class=\"flex w-full flex-col gap-1 empty:hidden first:pt-[3px]\">\n<div class=\"markdown prose w-full break-words dark:prose-invert light\">\n<p><strong>Obsah balenia:<\/strong><\/p>\n<ul>\n<li>Termov\u00edzny pu\u0161koh\u013ead PARD PANTERA 640<\/li>\n<li>1x nab\u00edjate\u013en\u00e1 bat\u00e9ria 18650<\/li>\n<li>1x ochrann\u00e9 neopr\u00e9nov\u00e9 puzdro<\/li>\n<li>1x mont\u00e1\u017ene kr\u00fa\u017eky (30 mm)<\/li>\n<li>1x USB-C k\u00e1bel<\/li>\n<li>1x o\u010dnica<\/li>\n<li>N\u00e1vod v \u010de\u0161tine<\/li>\n<\/ul>\n<p>Ofici\u00e1lna str\u00e1nka zna\u010dky: <a href=\"https:\/\/eu.pard.com\/product\/thermal-imaging-scope-pantera-series\">https:\/\/eu.pard.com\/product\/thermal-imaging-scope-pantera-series<\/a><\/p>\n<\/div>\n<\/div>\n<\/div>\n<\/div>\n<\/div>\n<\/div>\n","protected":false},"excerpt":{"rendered":"<p><strong>\u00daj PARD PANTERA 640 h\u0151kamer\u00e1s c\u00e9lt\u00e1vcs\u0151<\/strong><\/p>\n<ul>\n<li>\u00c9rz\u00e9kel\u0151: 640 \u00d7 512 px, 12\u03bcm.<\/li>\n<li>Objekt\u00edv: 50mm.<\/li>\n<li>A h\u0151k\u00e9p\u00e9rz\u00e9kel\u0151 \u00e9rz\u00e9kenys\u00e9ge \u2264 20 mK.<\/li>\n<li>\u00c9rz\u00e9kel\u00e9si t\u00e1vols\u00e1g: 2600m.<\/li>\n<li>Optikai nagy\u00edt\u00e1s: 2,2x.<\/li>\n<li>Digit\u00e1lis zoom: ak\u00e1r 8x.<\/li>\n<li>Kerek kijelz\u0151: 800 \u00d7 800 px.<\/li>\n<li>Takar\u00e9kos \u00fczemm\u00f3d (alv\u00f3 \u00fczemm\u00f3d).<\/li>\n<li>Az akkumul\u00e1tor \u00e9lettartama: 6 \u00f3ra.<\/li>\n<li>Teljes\u00edtm\u00e9ny: 1x \u00fajrat\u00f6lthet\u0151 18650-es akkumul\u00e1tor.<\/li>\n<li>6 sz\u00ednpaletta.<\/li>\n<\/ul>","protected":false},"featured_media":4588,"template":"","meta":{"_gspb_post_css":""},"product_brand":[308],"product_cat":[144,329],"product_tag":[292,229,324,311],"class_list":{"0":"post-4433","1":"product","2":"type-product","3":"status-publish","4":"has-post-thumbnail","6":"product_brand-pard","7":"product_cat-termovizie","8":"product_cat-termovizne-puskohlady","9":"product_tag-pantera","10":"product_tag-pard","11":"product_tag-puskohlad","12":"product_tag-termovizia","14":"first","15":"instock","16":"taxable","17":"shipping-taxable","18":"purchasable","19":"product-type-simple"},"ct_brands":[{"id":308,"name":"Pard","slug":"pard"}],"_links":{"self":[{"href":"https:\/\/zbranebudai.sk\/hu\/wp-json\/wp\/v2\/product\/4433","targetHints":{"allow":["GET"]}}],"collection":[{"href":"https:\/\/zbranebudai.sk\/hu\/wp-json\/wp\/v2\/product"}],"about":[{"href":"https:\/\/zbranebudai.sk\/hu\/wp-json\/wp\/v2\/types\/product"}],"wp:featuredmedia":[{"embeddable":true,"href":"https:\/\/zbranebudai.sk\/hu\/wp-json\/wp\/v2\/media\/4588"}],"wp:attachment":[{"href":"https:\/\/zbranebudai.sk\/hu\/wp-json\/wp\/v2\/media?parent=4433"}],"wp:term":[{"taxonomy":"product_brand","embeddable":true,"href":"https:\/\/zbranebudai.sk\/hu\/wp-json\/wp\/v2\/product_brand?post=4433"},{"taxonomy":"product_cat","embeddable":true,"href":"https:\/\/zbranebudai.sk\/hu\/wp-json\/wp\/v2\/product_cat?post=4433"},{"taxonomy":"product_tag","embeddable":true,"href":"https:\/\/zbranebudai.sk\/hu\/wp-json\/wp\/v2\/product_tag?post=4433"}],"curies":[{"name":"wp","href":"https:\/\/api.w.org\/{rel}","templated":true}]}}