{"id":4424,"date":"2025-02-01T21:26:07","date_gmt":"2025-02-01T19:26:07","guid":{"rendered":"https:\/\/zbranebudai.sk\/?post_type=product&#038;p=4424"},"modified":"2025-08-31T03:50:32","modified_gmt":"2025-08-31T01:50:32","slug":"pard-pantera-480-lrf-hokamera-celtavcso-50mm","status":"publish","type":"product","link":"https:\/\/zbranebudai.sk\/hu\/product\/pard-pantera-480-lrf-hokamera-celtavcso-50mm\/","title":{"rendered":"Pard PANTERA 480 LRF 50mm-es h\u0151kamer\u00e1s c\u00e9lt\u00e1vcs\u0151"},"content":{"rendered":"<p><strong>Pard PANTERA 480 LRF 50mm-es h\u0151kamer\u00e1s c\u00e9lt\u00e1vcs\u0151<\/strong><\/p>\n<p>Az \u00faj PARD PANTERA 480 LRF l\u00e9zeres t\u00e1vols\u00e1gm\u00e9r\u0151vel 1000 m-ig k\u00e9nyelmes kerek kijelz\u0151vel \u00e9s k\u00f6nny\u0171 duralum\u00ednium testtel rendelkezik. Eleg\u00e1ns k\u00e9sz\u00fcl\u00e9k kiv\u00e1l\u00f3 k\u00e9ppel \u00e9s k\u00f6nny\u0171 kezelhet\u0151s\u00e9ggel cseh\u00fcl.<\/p>\n<p><strong>F\u0151 jellemz\u0151k:<\/strong><\/p>\n<p>\u2714 <strong>Kerek kijelz\u0151<\/strong><br \/>\n\u2714 <strong>Ultrak\u00f6nny\u0171 duralumin test<\/strong><br \/>\n\u2714 <strong>\u00c9rz\u00e9kel\u0151 480 \u00d7 360 px<\/strong><br \/>\n\u2714 <strong>20 mK<\/strong><br \/>\n\u2714 <strong>\u00c9rz\u00e9kel\u00e9s 2600 m\u00e9terig<\/strong><br \/>\n\u2714 <strong>L\u00e9zeres t\u00e1vols\u00e1gm\u00e9r\u0151 1000 m-ig<\/strong><\/p>\n<p>H\u0151kamer\u00e1s c\u00e9lt\u00e1vcs\u0151 <strong>PARD PANTERA 480 LRF<\/strong> felbont\u00e1s\u00fa \u00e9rz\u00e9kel\u0151vel van felszerelve <strong>480 \u00d7 360 px<\/strong>amely a h\u0151m\u00e9rs\u00e9klet-\u00e9rz\u00e9kenys\u00e9ggel egy\u00fctt <strong>NETD \u2264 20 mK<\/strong> hihetetlen\u00fcl tiszta k\u00e9pet ny\u00fajt, pontos r\u00e9szletess\u00e9ggel.<\/p>\n<p>A lencs\u00e9k t\u00f6bbf\u00e9le m\u00e9retben kaphat\u00f3k <strong>35 mm \u00e9s 50 mm<\/strong>. Az \u00e9rz\u00e9kel\u00e9si t\u00e1vols\u00e1g* a kiv\u00e1lasztott objekt\u00edvt\u0151l f\u00fcgg - <strong>1800-2600 m\u00e9ter<\/strong>.<\/p>\n<p>Kiv\u00e9teles k\u00e9p biztos\u00edtja <strong>kerek IPS LCD kijelz\u0151<\/strong> felbont\u00e1ssal <strong>800 \u00d7 800 px<\/strong>amely ugyanazt a vizu\u00e1lis \u00e9lm\u00e9nyt ny\u00fajtja, mint egy klasszikus c\u00e9lt\u00e1vcs\u0151, maxim\u00e1lis l\u00e1t\u00f3mez\u0151vel. Ez a kijelz\u0151 tiszta, nagy kontraszt\u00fa k\u00e9pet \u00e9s extra sz\u00e9les l\u00e1t\u00f3mez\u0151t biztos\u00edt a jobb \u00e1ttekint\u00e9s \u00e9rdek\u00e9ben. A gyors reakci\u00f3 m\u00e9g term\u00e9szetesebb\u00e9 teszi a megtekint\u00e9st, hasonl\u00f3an ahhoz, mintha egy hagyom\u00e1nyos nappali t\u00e1vcs\u00f6v\u00f6n kereszt\u00fcl n\u00e9zne.<\/p>\n<p>A megfigyel\u00e9s teszi kellemesebb\u00e9 <strong>6 megjelen\u00edt\u00e9si m\u00f3d<\/strong> (<em>Feh\u00e9r Hot, Fekete Hot, V\u00f6r\u00f6s Hot, EDGE, IN HOT, SKY<\/em>) \u00e9s a k\u00f6vetkez\u0151 lehet\u0151s\u00e9gek k\u00f6z\u00fcl v\u00e1laszthat <strong>h\u00e1rom megfigyel\u00e9si jelenet<\/strong> (<em>V\u00e1ros, es\u0151, erd\u0151<\/em>).<\/p>\n<p>Miut\u00e1n beillesztette <strong>microSD-k\u00e1rty\u00e1k 128 GB-ig<\/strong> (nem tartoz\u00e9k) seg\u00edts\u00e9g\u00e9vel f\u00e9nyk\u00e9peket \u00e9s vide\u00f3kat r\u00f6gz\u00edthet. Nagyon hasznos funkci\u00f3 a <strong>automatikus felv\u00e9tel a felv\u00e9tel ut\u00e1n<\/strong> \u00e9s a r\u00f6gz\u00edtett rekordok azonnali megtekint\u00e9s\u00e9nek vagy t\u00f6rl\u00e9s\u00e9nek lehet\u0151s\u00e9ge. A  oldalon kereszt\u00fcl <strong>USB-C kimenet<\/strong> csatlakoztathatja a k\u00e9sz\u00fcl\u00e9ket a sz\u00e1m\u00edt\u00f3g\u00e9p\u00e9hez, vagy n\u00e9zheti az \u00e9l\u0151 k\u00f6zvet\u00edt\u00e9st a <strong>WIFI \u00e9s PARD Vision2 alkalmaz\u00e1s<\/strong>. \u00cdgy k\u00e9nyelmesen b\u00f6ng\u00e9szhet a r\u00f6gz\u00edtett f\u00e9nyk\u00e9pek \u00e9s vide\u00f3k k\u00f6z\u00f6tt, \u00e9s megoszthatja azokat szeretteivel.<\/p>\n<p>A c\u00e9lt\u00e1vcs\u0151 rendk\u00edv\u00fcl tart\u00f3s, k\u00f6sz\u00f6nhet\u0151en a <strong>IP67 v\u00e9detts\u00e9gi fok<\/strong> (v\u00edzbe mer\u00fcl\u00e9s elleni v\u00e9delem - ellen\u00e1ll a v\u00edzbe mer\u00fcl\u00e9snek <strong>30 perc 1 m\u00e9teres m\u00e9lys\u00e9gben<\/strong>). Az \u00e1ramell\u00e1t\u00e1sr\u00f3l gondoskodunk <strong>18650 \u00fajrat\u00f6lthet\u0151 akkumul\u00e1tor<\/strong> kitart\u00e1ssal <strong>6 \u00f3ra<\/strong>. K\u00f6sz\u00f6n\u00f6m <strong>alv\u00f3 \u00fczemm\u00f3d<\/strong> energi\u00e1t takar\u00edt meg, \u00e9s csatlakoztathat\u00f3 <strong>powerbanks<\/strong>.<\/p>\n<table border=\"0\" cellspacing=\"0\">\n<colgroup span=\"3\" width=\"85\"><\/colgroup>\n<tbody>\n<tr>\n<td align=\"left\" height=\"17\"><span style=\"font-family: Liberation Serif\">\u00c9rz\u00e9kel\u0151<\/span><\/td>\n<td colspan=\"3\" align=\"left\"><span style=\"font-family: Liberation Serif\">480 \u00d7 360 px<\/span><\/td>\n<\/tr>\n<tr>\n<td align=\"left\" height=\"32\"><span style=\"font-family: Liberation Serif\">H\u0151m\u00e9rs\u00e9klet \u00e9rz\u00e9kenys\u00e9g\u00a0<\/span><\/td>\n<td colspan=\"3\" align=\"left\"><span style=\"font-family: Liberation Serif\">\u2266 20 mK<\/span><\/td>\n<\/tr>\n<tr>\n<td align=\"left\" height=\"32\"><span style=\"font-family: Liberation Serif\">Kijelz\u0151 felbont\u00e1sa<\/span><\/td>\n<td colspan=\"3\" align=\"left\"><span style=\"font-family: Liberation Serif\">800 \u00d7 800 px<\/span><\/td>\n<\/tr>\n<tr>\n<td align=\"left\" height=\"17\"><span style=\"font-family: Liberation Serif\">Wi-Fi<\/span><\/td>\n<td colspan=\"3\" align=\"left\"><span style=\"font-family: Liberation Serif\">Igen<\/span><\/td>\n<\/tr>\n<tr>\n<td align=\"left\" height=\"17\">Objekt\u00edv<\/td>\n<td align=\"left\"><span style=\"font-family: Liberation Serif\">35 mm<\/span><\/td>\n<td colspan=\"2\" align=\"left\"><span style=\"font-family: Liberation Serif\">50 mm<\/span><\/td>\n<\/tr>\n<tr>\n<td align=\"left\" height=\"17\"><span style=\"font-family: Liberation Serif\">\u00c9rz\u00e9kel\u00e9s<\/span><\/td>\n<td align=\"left\"><span style=\"font-family: Liberation Serif\">1800 m<\/span><\/td>\n<td colspan=\"2\" align=\"left\"><span style=\"font-family: Liberation Serif\">2600 m<\/span><\/td>\n<\/tr>\n<tr>\n<td align=\"left\" height=\"32\"><span style=\"font-family: Liberation Serif\">Optikai nagy\u00edt\u00e1s<\/span><\/td>\n<td align=\"left\"><span style=\"font-family: Liberation Serif\">2,1x<\/span><\/td>\n<td colspan=\"2\" align=\"left\"><span style=\"font-family: Liberation Serif\">3x<\/span><\/td>\n<\/tr>\n<tr>\n<td align=\"left\" height=\"17\"><span style=\"font-family: Liberation Serif\">L\u00e1t\u00f3mez\u0151<\/span><\/td>\n<td align=\"left\"><span style=\"font-family: Liberation Serif\">7,1\u00b0 \u00d7 7,1\u00b0<\/span><\/td>\n<td colspan=\"2\" align=\"left\"><span style=\"font-family: Liberation Serif\">5\u00b0 \u00d7 5\u00b0<\/span><\/td>\n<\/tr>\n<tr>\n<td align=\"left\" height=\"32\"><span style=\"font-family: Liberation Serif\">Digit\u00e1lis zoom<\/span><\/td>\n<td colspan=\"3\" align=\"left\"><span style=\"font-family: Liberation Serif\">8x<\/span><\/td>\n<\/tr>\n<tr>\n<td align=\"left\" height=\"32\"><span style=\"font-family: Liberation Serif\">Dioptri\u00e1s korrekci\u00f3<\/span><\/td>\n<td colspan=\"3\" align=\"left\"><span style=\"font-family: Liberation Serif\">-5D~+3D<\/span><\/td>\n<\/tr>\n<tr>\n<td align=\"left\" height=\"47\"><span style=\"font-family: Liberation Serif\">F\u00e9nyk\u00e9p k\u00e9sz\u00edt\u00e9s\u00e9nek lehet\u0151s\u00e9ge<\/span><\/td>\n<td colspan=\"3\" align=\"left\"><span style=\"font-family: Liberation Serif\">Igen<\/span><\/td>\n<\/tr>\n<tr>\n<td align=\"left\" height=\"32\"><span style=\"font-family: Liberation Serif\">Vide\u00f3 k\u00e9sz\u00edt\u00e9s\u00e9nek lehet\u0151s\u00e9ge<\/span><\/td>\n<td colspan=\"3\" align=\"left\"><span style=\"font-family: Liberation Serif\">Igen<\/span><\/td>\n<\/tr>\n<tr>\n<td align=\"left\" height=\"32\"><span style=\"font-family: Liberation Serif\">V\u00e9delmi fokozat<\/span><\/td>\n<td colspan=\"3\" align=\"left\"><span style=\"font-family: Liberation Serif\">IP67<\/span><\/td>\n<\/tr>\n<tr>\n<td align=\"left\" height=\"17\"><span style=\"font-family: Liberation Serif\">Mem\u00f3ria<\/span><\/td>\n<td colspan=\"3\" align=\"left\"><span style=\"font-family: Liberation Serif\">microSD, 128 GB<\/span><\/td>\n<\/tr>\n<tr>\n<td align=\"left\" height=\"32\"><span style=\"font-family: Liberation Serif\">\u00dczemi h\u0151m\u00e9rs\u00e9klet<\/span><\/td>\n<td colspan=\"3\" align=\"left\"><span style=\"font-family: Liberation Serif\">-30\u00b0C \u00e9s 55\u00b0C k\u00f6z\u00f6tt<\/span><\/td>\n<\/tr>\n<tr>\n<td align=\"left\" height=\"32\"><span style=\"font-family: Liberation Serif\">Akkumul\u00e1torok<\/span><\/td>\n<td colspan=\"3\" align=\"left\"><span style=\"font-family: Liberation Serif\">1x \u00fajrat\u00f6lthet\u0151 18650<\/span><\/td>\n<\/tr>\n<tr>\n<td align=\"left\" height=\"32\"><span style=\"font-family: Liberation Serif\">Az akkumul\u00e1tor \u00e9lettartama<\/span><\/td>\n<td colspan=\"3\" align=\"left\"><span style=\"font-family: Liberation Serif\">6 \u00f3ra<\/span><\/td>\n<\/tr>\n<tr>\n<td align=\"left\" height=\"17\"><span style=\"font-family: Liberation Serif\">S\u00faly<\/span><\/td>\n<td colspan=\"3\" align=\"left\"><span style=\"font-family: Liberation Serif\">680 g<\/span><\/td>\n<\/tr>\n<tr>\n<td align=\"left\" height=\"17\"><span style=\"font-family: Liberation Serif\">M\u00e9retek<\/span><\/td>\n<td colspan=\"3\" align=\"left\"><span style=\"font-family: Liberation Serif\">350 \u00d7 88 \u00d7 95 mm<\/span><\/td>\n<\/tr>\n<\/tbody>\n<\/table>\n<p>Hivatalos m\u00e1rkaoldal: <a href=\"https:\/\/eu.pard.com\/product\/thermal-imaging-scope-pantera-series\">https:\/\/eu.pard.com\/product\/thermal-imaging-scope-pantera-series<\/a><\/p>\n<p><strong>A csomag tartalma:<\/strong><\/p>\n<ul>\n<li>PARD PANTERA 480 LRF h\u0151kamer\u00e1s c\u00e9lt\u00e1vcs\u0151<\/li>\n<li>1x 18650 \u00fajrat\u00f6lthet\u0151 akkumul\u00e1tor<\/li>\n<li>1x v\u00e9d\u0151 neopr\u00e9n tok<\/li>\n<li>1x r\u00f6gz\u00edt\u0151gy\u0171r\u0171k (30 mm)<\/li>\n<li>1x USB-C k\u00e1bel<\/li>\n<li>1x f\u0171z\u0151lyuk<\/li>\n<li>Cseh nyelv\u0171 utas\u00edt\u00e1sok<\/li>\n<\/ul>","protected":false},"excerpt":{"rendered":"<p>\u00daj h\u0151kamer\u00e1s c\u00e9lt\u00e1vcs\u0151 <strong>PARD PANTHER LRF<\/strong> l\u00e9zeres t\u00e1vols\u00e1gm\u00e9r\u0151vel ak\u00e1r <strong>1000 m<\/strong>.<\/p>\n<ul>\n<li><strong>\u00c9rz\u00e9kel\u0151:<\/strong> 480 \u00d7 360 px, 12\u03bcm<\/li>\n<li><strong>Lencse:<\/strong> 50 mm<\/li>\n<li><strong>A h\u0151k\u00e9p\u00e9rz\u00e9kel\u0151 \u00e9rz\u00e9kenys\u00e9ge:<\/strong> \u2264 20 mK<\/li>\n<li><strong>\u00c9rz\u00e9kel\u00e9si t\u00e1vols\u00e1g:<\/strong> 2600 m<\/li>\n<li><strong>Optikai nagy\u00edt\u00e1s:<\/strong> 3x<\/li>\n<li><strong>Digit\u00e1lis zoom:<\/strong> ak\u00e1r 8x<\/li>\n<li><strong>Kerek kijelz\u0151:<\/strong> 800 \u00d7 800 px<\/li>\n<li><strong>Takar\u00e9kos \u00fczemm\u00f3d (alv\u00f3 \u00fczemm\u00f3d)<\/strong><\/li>\n<li><strong>Az akkumul\u00e1tor \u00e9lettartama:<\/strong> 6 \u00f3ra<\/li>\n<li><strong>T\u00e1pegys\u00e9g:<\/strong> 1x 18650 \u00fajrat\u00f6lthet\u0151 akkumul\u00e1tor<\/li>\n<li><strong>6 sz\u00ednpaletta<\/strong><\/li>\n<\/ul>","protected":false},"featured_media":4587,"template":"","meta":{"_gspb_post_css":""},"product_brand":[308],"product_cat":[21,144,329],"product_tag":[293,229,324,311],"class_list":{"0":"post-4424","1":"product","2":"type-product","3":"status-publish","4":"has-post-thumbnail","6":"product_brand-pard","7":"product_cat-optika","8":"product_cat-termovizie","9":"product_cat-termovizne-puskohlady","10":"product_tag-panter","11":"product_tag-pard","12":"product_tag-puskohlad","13":"product_tag-termovizia","15":"first","16":"instock","17":"taxable","18":"shipping-taxable","19":"purchasable","20":"product-type-simple"},"ct_brands":[{"id":308,"name":"Pard","slug":"pard"}],"_links":{"self":[{"href":"https:\/\/zbranebudai.sk\/hu\/wp-json\/wp\/v2\/product\/4424","targetHints":{"allow":["GET"]}}],"collection":[{"href":"https:\/\/zbranebudai.sk\/hu\/wp-json\/wp\/v2\/product"}],"about":[{"href":"https:\/\/zbranebudai.sk\/hu\/wp-json\/wp\/v2\/types\/product"}],"wp:featuredmedia":[{"embeddable":true,"href":"https:\/\/zbranebudai.sk\/hu\/wp-json\/wp\/v2\/media\/4587"}],"wp:attachment":[{"href":"https:\/\/zbranebudai.sk\/hu\/wp-json\/wp\/v2\/media?parent=4424"}],"wp:term":[{"taxonomy":"product_brand","embeddable":true,"href":"https:\/\/zbranebudai.sk\/hu\/wp-json\/wp\/v2\/product_brand?post=4424"},{"taxonomy":"product_cat","embeddable":true,"href":"https:\/\/zbranebudai.sk\/hu\/wp-json\/wp\/v2\/product_cat?post=4424"},{"taxonomy":"product_tag","embeddable":true,"href":"https:\/\/zbranebudai.sk\/hu\/wp-json\/wp\/v2\/product_tag?post=4424"}],"curies":[{"name":"wp","href":"https:\/\/api.w.org\/{rel}","templated":true}]}}