{"id":4395,"date":"2025-02-01T21:23:47","date_gmt":"2025-02-01T19:23:47","guid":{"rendered":"https:\/\/zbranebudai.sk\/?post_type=product&#038;p=4395"},"modified":"2025-08-31T03:50:32","modified_gmt":"2025-08-31T01:50:32","slug":"pard-pantera-480-hokamera-celtavcso-35mm","status":"publish","type":"product","link":"https:\/\/zbranebudai.sk\/hu\/product\/pard-pantera-480-hokamera-celtavcso-35mm\/","title":{"rendered":"Pard PANTERA 480 35mm-es h\u0151kamer\u00e1s c\u00e9lt\u00e1vcs\u0151"},"content":{"rendered":"<p><strong>Pard PANTERA 480 termov\u00edzny pu\u0161koh\u013ead 35mm<\/strong><\/p>\n<p><strong>V\u00fdrobca PARD prin\u00e1\u0161a hor\u00facu novinku v tele pu\u0161koh\u013eadu. <\/strong>Nov\u00fd <strong>PARD PANTERA 480<\/strong> m\u00e1 pohodln\u00fd okr\u00fahly displej a od\u013eah\u010den\u00e9 telo z duralu. Elegantn\u00e9 zariadenie s vynikaj\u00facim obrazom a jednoduch\u00fdm ovl\u00e1dan\u00edm v \u010de\u0161tine.<\/p>\n<p><strong>Hlavn\u00e9 vlastnosti:<\/strong><\/p>\n<ul>\n<li><strong>Okr\u00fahly displej<\/strong><\/li>\n<li><strong>Ultra\u013eahk\u00e9 telo z duralu<\/strong><\/li>\n<li><strong>Senzor 480 \u00d7 360 px<\/strong><\/li>\n<li><strong>Teplotn\u00e1 citlivos\u0165 20 mK<\/strong><\/li>\n<li><strong>Detekcia a\u017e 1800metrov<\/strong><\/li>\n<\/ul>\n<p>Termov\u00edzny pu\u0161koh\u013ead <strong>PARD PANTERA 480<\/strong> je vybaven\u00fd senzorom s rozl\u00ed\u0161en\u00edm <strong>480 \u00d7 360 px<\/strong>, ktor\u00fd v kombin\u00e1cii s teplotnou citlivos\u0165ou <strong>NETD \u2264 20 mK<\/strong> poskytuje neuverite\u013ene \u010dist\u00fd obraz s prec\u00edznymi detailmi.<\/p>\n<p>Na v\u00fdber s\u00fa objekt\u00edvy s ve\u013ekos\u0165ou <strong>35 mm a 50 mm<\/strong>. Detek\u010dn\u00e1 vzdialenos\u0165 z\u00e1vis\u00ed od zvolen\u00e9ho objekt\u00edvu \u2013 <strong>1800 a\u017e 2600 metrov<\/strong>.<\/p>\n<p>V\u00fdnimo\u010dn\u00fd obraz zabezpe\u010duje <strong>okr\u00fahly IPS LCD displej<\/strong> s rozl\u00ed\u0161en\u00edm <strong>800 \u00d7 800 px<\/strong>, ktor\u00fd pon\u00faka rovnak\u00fd vizu\u00e1lny z\u00e1\u017eitok ako klasick\u00fd pu\u0161koh\u013ead s maxim\u00e1lnym zorn\u00fdm po\u013eom. Tento displej poskytuje \u010dist\u00fd obraz s vysok\u00fdm kontrastom a extra \u0161irok\u00fdm zorn\u00fdm po\u013eom pre lep\u0161\u00ed preh\u013ead. V\u010faka r\u00fdchlej odozve je pozorovanie e\u0161te prirodzenej\u0161ie, podobn\u00e9 poh\u013eadu cez tradi\u010dn\u00fa denn\u00fa optiku.<\/p>\n<p>Pozorovanie spr\u00edjem\u0148uje <strong>6 zobrazovac\u00edch m\u00f3dov<\/strong> (<em>White Hot, Black Hot, Red Hot, EDGE, IN HOT, SKY<\/em>) a mo\u017enos\u0165 v\u00fdberu z <strong>troch pozorovac\u00edch sc\u00e9n<\/strong> (<em>City, Rain, Forest<\/em>).<\/p>\n<p>Po vlo\u017een\u00ed <strong>microSD karty s kapacitou a\u017e 128 GB<\/strong> (nie je s\u00fa\u010das\u0165ou balenia) m\u00f4\u017eete zaznamen\u00e1va\u0165 fotografie a vide\u00e1. Ve\u013emi u\u017eito\u010dnou funkciou je <strong>automatick\u00e9 nahr\u00e1vanie po v\u00fdstrele<\/strong> a mo\u017enos\u0165 okam\u017eit\u00e9ho zobrazenia alebo vymazania zaznamenan\u00fdch z\u00e1znamov. Prostredn\u00edctvom <strong>USB-C v\u00fdstupu<\/strong> m\u00f4\u017eete zariadenie pripoji\u0165 k po\u010d\u00edta\u010du alebo sledova\u0165 \u017eiv\u00fd prenos cez <strong>WIFI a aplik\u00e1ciu PARD Vision2<\/strong>. Takto m\u00f4\u017eete pohodlne prehliada\u0165 zaznamenan\u00e9 fotografie a vide\u00e1 a zdie\u013ea\u0165 ich s bl\u00edzkymi.<\/p>\n<p>Pu\u0161koh\u013ead je mimoriadne odoln\u00fd v\u010faka <strong>stup\u0148u ochrany IP67<\/strong> (ochrana proti ponoreniu do vody \u2013 vydr\u017e\u00ed <strong>30 min\u00fat v h\u013abke 1 meter<\/strong>). O nap\u00e1janie sa star\u00e1 <strong>nab\u00edjate\u013en\u00e1 bat\u00e9ria 18650<\/strong> s v\u00fddr\u017eou <strong>6 hod\u00edn<\/strong>. V\u010faka <strong>re\u017eimu sp\u00e1nku<\/strong> \u0161etr\u00ed energiu a je mo\u017en\u00e9 ho pripoji\u0165 aj k <strong>powerbanke<\/strong>.<\/p>\n<table border=\"0\" cellspacing=\"0\">\n<colgroup span=\"3\" width=\"85\"><\/colgroup>\n<tbody>\n<tr>\n<td align=\"left\" height=\"32\"><span style=\"font-family: Liberation Serif\">Senzor<\/span><\/td>\n<td colspan=\"3\" align=\"left\"><span style=\"font-family: Liberation Serif\">480 \u00d7 360 px<\/span><\/td>\n<\/tr>\n<tr>\n<td align=\"left\" height=\"32\"><span style=\"font-family: Liberation Serif\">Teplotn\u00ed citlivost\u00a0<\/span><\/td>\n<td colspan=\"3\" align=\"left\"><span style=\"font-family: Liberation Serif\">\u2266 20 mK<\/span><\/td>\n<\/tr>\n<tr>\n<td align=\"left\" height=\"32\"><span style=\"font-family: Liberation Serif\">Rozli\u0161en\u00ed displeje<\/span><\/td>\n<td colspan=\"3\" align=\"left\"><span style=\"font-family: Liberation Serif\">800 \u00d7 800 px<\/span><\/td>\n<\/tr>\n<tr>\n<td align=\"left\" height=\"17\"><span style=\"font-family: Liberation Serif\">Wi-Fi<\/span><\/td>\n<td colspan=\"3\" align=\"left\"><span style=\"font-family: Liberation Serif\">Ano<\/span><\/td>\n<\/tr>\n<tr>\n<td align=\"left\" height=\"17\">\u0160o\u0161ovka<\/td>\n<td align=\"left\"><span style=\"font-family: Liberation Serif\">35 mm<\/span><\/td>\n<td colspan=\"2\" align=\"left\"><span style=\"font-family: Liberation Serif\">50 mm<\/span><\/td>\n<\/tr>\n<tr>\n<td align=\"left\" height=\"32\"><span style=\"font-family: Liberation Serif\">Detekce<\/span><\/td>\n<td align=\"left\"><span style=\"font-family: Liberation Serif\">1800 m<\/span><\/td>\n<td colspan=\"2\" align=\"left\"><span style=\"font-family: Liberation Serif\">2600 m<\/span><\/td>\n<\/tr>\n<tr>\n<td align=\"left\" height=\"32\"><span style=\"font-family: Liberation Serif\">Optick\u00e9 zv\u011bt\u0161en\u00ed<\/span><\/td>\n<td align=\"left\"><span style=\"font-family: Liberation Serif\">2,1x<\/span><\/td>\n<td colspan=\"2\" align=\"left\"><span style=\"font-family: Liberation Serif\">3x<\/span><\/td>\n<\/tr>\n<tr>\n<td align=\"left\" height=\"32\"><span style=\"font-family: Liberation Serif\">Zorn\u00e9 pole<\/span><\/td>\n<td align=\"left\"><span style=\"font-family: Liberation Serif\">7,1\u00b0 \u00d7 7,1\u00b0<\/span><\/td>\n<td colspan=\"2\" align=\"left\"><span style=\"font-family: Liberation Serif\">5\u00b0 \u00d7 5\u00b0<\/span><\/td>\n<\/tr>\n<tr>\n<td align=\"left\" height=\"32\"><span style=\"font-family: Liberation Serif\">Digit\u00e1ln\u00ed zoom<\/span><\/td>\n<td colspan=\"3\" align=\"left\"><span style=\"font-family: Liberation Serif\">8x<\/span><\/td>\n<\/tr>\n<tr>\n<td align=\"left\" height=\"47\"><span style=\"font-family: Liberation Serif\">Dioptrick\u00e1 korekce<\/span><\/td>\n<td colspan=\"3\" align=\"left\"><span style=\"font-family: Liberation Serif\">-5D~+3D<\/span><\/td>\n<\/tr>\n<tr>\n<td align=\"left\" height=\"47\"><span style=\"font-family: Liberation Serif\">Mo\u017enost po\u0159\u00edzen\u00ed fotografie<\/span><\/td>\n<td colspan=\"3\" align=\"left\"><span style=\"font-family: Liberation Serif\">Ano<\/span><\/td>\n<\/tr>\n<tr>\n<td align=\"left\" height=\"32\"><span style=\"font-family: Liberation Serif\">Mo\u017enost po\u0159\u00edzen\u00ed videa<\/span><\/td>\n<td colspan=\"3\" align=\"left\"><span style=\"font-family: Liberation Serif\">Ano<\/span><\/td>\n<\/tr>\n<tr>\n<td align=\"left\" height=\"32\"><span style=\"font-family: Liberation Serif\">Stupe\u0148 ochrany<\/span><\/td>\n<td colspan=\"3\" align=\"left\"><span style=\"font-family: Liberation Serif\">IP67<\/span><\/td>\n<\/tr>\n<tr>\n<td align=\"left\" height=\"32\"><span style=\"font-family: Liberation Serif\">Pam\u011b\u0165<\/span><\/td>\n<td colspan=\"3\" align=\"left\"><span style=\"font-family: Liberation Serif\">microSD, 128 GB<\/span><\/td>\n<\/tr>\n<tr>\n<td align=\"left\" height=\"32\"><span style=\"font-family: Liberation Serif\">Provozn\u00ed teplota<\/span><\/td>\n<td colspan=\"3\" align=\"left\"><span style=\"font-family: Liberation Serif\">-30\u00b0C a\u017e 55\u00b0C<\/span><\/td>\n<\/tr>\n<tr>\n<td align=\"left\" height=\"17\"><span style=\"font-family: Liberation Serif\">Baterie<\/span><\/td>\n<td colspan=\"3\" align=\"left\"><span style=\"font-family: Liberation Serif\">1x dob\u00edjec\u00ed 18650<\/span><\/td>\n<\/tr>\n<tr>\n<td align=\"left\" height=\"17\"><span style=\"font-family: Liberation Serif\">V\u00fddr\u017e baterie<\/span><\/td>\n<td colspan=\"3\" align=\"left\"><span style=\"font-family: Liberation Serif\">6 hod<\/span><\/td>\n<\/tr>\n<tr>\n<td align=\"left\" height=\"17\"><span style=\"font-family: Liberation Serif\">Hmotnost<\/span><\/td>\n<td colspan=\"3\" align=\"left\"><span style=\"font-family: Liberation Serif\">680 g<\/span><\/td>\n<\/tr>\n<tr>\n<td align=\"left\" height=\"17\"><span style=\"font-family: Liberation Serif\">Rozm\u011bry<\/span><\/td>\n<td colspan=\"3\" align=\"left\"><span style=\"font-family: Liberation Serif\">350 \u00d7 88 \u00d7 95 mm<\/span><\/td>\n<\/tr>\n<\/tbody>\n<\/table>\n<p>Ofici\u00e1lna str\u00e1nka zna\u010dky: <a href=\"https:\/\/eu.pard.com\/product\/thermal-imaging-scope-pantera-series\">https:\/\/eu.pard.com\/product\/thermal-imaging-scope-pantera-series<\/a><\/p>\n<div class=\"group\/conversation-turn relative flex w-full min-w-0 flex-col agent-turn\">\n<div class=\"flex-col gap-1 md:gap-3\">\n<div class=\"flex max-w-full flex-col flex-grow\">\n<div class=\"min-h-8 text-message flex w-full flex-col items-end gap-2 whitespace-normal break-words text-start [.text-message+&amp;]:mt-5\" dir=\"auto\" data-message-author-role=\"assistant\" data-message-id=\"d643525a-2b03-47fd-983d-2ff4523b10af\" data-message-model-slug=\"gpt-4o\">\n<div class=\"flex w-full flex-col gap-1 empty:hidden first:pt-[3px]\">\n<div class=\"markdown prose w-full break-words dark:prose-invert light\">\n<p><strong>Obsah balenia:<\/strong><\/p>\n<ul>\n<li>Termov\u00edzny pu\u0161koh\u013ead <strong>PARD PANTERA 480<\/strong><\/li>\n<li><strong>1\u00d7 nab\u00edjate\u013en\u00e1 bat\u00e9ria 18650<\/strong><\/li>\n<li><strong>1\u00d7 ochrann\u00e9 neopr\u00e9nov\u00e9 puzdro<\/strong><\/li>\n<li><strong>1\u00d7 mont\u00e1\u017ene kr\u00fa\u017eky (30 mm)<\/strong><\/li>\n<li><strong>1\u00d7 USB-C k\u00e1bel<\/strong><\/li>\n<li><strong>1\u00d7 o\u010dnica<\/strong><\/li>\n<li><strong>N\u00e1vod v \u010de\u0161tine<\/strong><\/li>\n<\/ul>\n<\/div>\n<\/div>\n<\/div>\n<\/div>\n<\/div>\n<\/div>\n","protected":false},"excerpt":{"rendered":"<ul>\n<li><strong>\u00c9rz\u00e9kel\u0151:<\/strong> 480 \u00d7 360 px, 12\u03bcm<\/li>\n<li><strong>Lencse:<\/strong> 35mm<\/li>\n<li><strong>A h\u0151k\u00e9p\u00e9rz\u00e9kel\u0151 \u00e9rz\u00e9kenys\u00e9ge:<\/strong> \u2264 20 mK<\/li>\n<li><strong>\u00c9rz\u00e9kel\u00e9si t\u00e1vols\u00e1g:<\/strong> 1800m<\/li>\n<li><strong>Optikai nagy\u00edt\u00e1s:<\/strong> 2,1x<\/li>\n<li><strong>Digit\u00e1lis zoom:<\/strong> ak\u00e1r 8x<\/li>\n<li><strong>Kerek kijelz\u0151:<\/strong> 800 \u00d7 800 px<\/li>\n<li><strong>Takar\u00e9kos \u00fczemm\u00f3d (alv\u00f3 \u00fczemm\u00f3d)<\/strong><\/li>\n<li><strong>Az akkumul\u00e1tor \u00e9lettartama:<\/strong> 6 \u00f3ra<\/li>\n<li><strong>T\u00e1pegys\u00e9g:<\/strong> 1x 18650 \u00fajrat\u00f6lthet\u0151 akkumul\u00e1tor<\/li>\n<li><strong>6 sz\u00ednpaletta<\/strong><\/li>\n<\/ul>","protected":false},"featured_media":4583,"template":"","meta":{"_gspb_post_css":""},"product_brand":[308],"product_cat":[21,144,329],"product_tag":[292,229,324,311],"class_list":{"0":"post-4395","1":"product","2":"type-product","3":"status-publish","4":"has-post-thumbnail","6":"product_brand-pard","7":"product_cat-optika","8":"product_cat-termovizie","9":"product_cat-termovizne-puskohlady","10":"product_tag-pantera","11":"product_tag-pard","12":"product_tag-puskohlad","13":"product_tag-termovizia","15":"first","16":"instock","17":"taxable","18":"shipping-taxable","19":"purchasable","20":"product-type-simple"},"ct_brands":[{"id":308,"name":"Pard","slug":"pard"}],"_links":{"self":[{"href":"https:\/\/zbranebudai.sk\/hu\/wp-json\/wp\/v2\/product\/4395","targetHints":{"allow":["GET"]}}],"collection":[{"href":"https:\/\/zbranebudai.sk\/hu\/wp-json\/wp\/v2\/product"}],"about":[{"href":"https:\/\/zbranebudai.sk\/hu\/wp-json\/wp\/v2\/types\/product"}],"wp:featuredmedia":[{"embeddable":true,"href":"https:\/\/zbranebudai.sk\/hu\/wp-json\/wp\/v2\/media\/4583"}],"wp:attachment":[{"href":"https:\/\/zbranebudai.sk\/hu\/wp-json\/wp\/v2\/media?parent=4395"}],"wp:term":[{"taxonomy":"product_brand","embeddable":true,"href":"https:\/\/zbranebudai.sk\/hu\/wp-json\/wp\/v2\/product_brand?post=4395"},{"taxonomy":"product_cat","embeddable":true,"href":"https:\/\/zbranebudai.sk\/hu\/wp-json\/wp\/v2\/product_cat?post=4395"},{"taxonomy":"product_tag","embeddable":true,"href":"https:\/\/zbranebudai.sk\/hu\/wp-json\/wp\/v2\/product_tag?post=4395"}],"curies":[{"name":"wp","href":"https:\/\/api.w.org\/{rel}","templated":true}]}}