{"id":4394,"date":"2025-02-01T21:23:47","date_gmt":"2025-02-01T19:23:47","guid":{"rendered":"https:\/\/zbranebudai.sk\/?post_type=product&#038;p=4394"},"modified":"2025-08-31T03:50:32","modified_gmt":"2025-08-31T01:50:32","slug":"pard-leopard-256-hokamera","status":"publish","type":"product","link":"https:\/\/zbranebudai.sk\/hu\/product\/pard-leopard-256-hokamera\/","title":{"rendered":"Pard LEOPARD 256 termikus monokul\u00e1r"},"content":{"rendered":"<p><strong>Pard LEOPARD 256 termov\u00edzny monokul\u00e1r<\/strong><\/p>\n<div class=\"group\/conversation-turn relative flex w-full min-w-0 flex-col agent-turn\">\n<div class=\"flex-col gap-1 md:gap-3\">\n<div class=\"flex max-w-full flex-col flex-grow\">\n<div class=\"min-h-8 text-message flex w-full flex-col items-end gap-2 whitespace-normal break-words text-start [.text-message+&amp;]:mt-5\" dir=\"auto\" data-message-author-role=\"assistant\" data-message-id=\"2aa1282a-178a-4ff4-9273-e680503f45a6\" data-message-model-slug=\"gpt-4o\">\n<div class=\"flex w-full flex-col gap-1 empty:hidden first:pt-[3px]\">\n<div class=\"markdown prose w-full break-words dark:prose-invert light\">\n<p>Leopard je vybaven\u00fd obrazovkou s ultra vysok\u00fdm rozl\u00ed\u0161en\u00edm <strong>1024*768<\/strong> pre monokul\u00e1ry, ktor\u00e1 poskytuje bohat\u0161\u00ed, detailnej\u0161\u00ed a mimoriadne \u010dist\u00fd pozorovac\u00ed obraz.<\/p>\n<p>V\u010faka pozoruhodn\u00e9mu detek\u010dn\u00e9mu dosahu a\u017e 500\/800 m pre cie\u013e u\u013eah\u010duje vyh\u013ead\u00e1vanie a sledovanie cie\u013ea, \u010d\u00edm maximalizuje efektivitu lovu.<\/p>\n<p>Obsahuje<strong> 5<\/strong> re\u017eimov obrazu: WT-HOT\/BK-HOT\/RD-HOT\/IN-HOT\/SKY. Pou\u017e\u00edvate\u013e si m\u00f4\u017ee prisp\u00f4sobi\u0165 re\u017eim obrazu pod\u013ea individu\u00e1lnych preferenci\u00ed, \u010do poskytuje komplexn\u00e9 mo\u017enosti.<\/p>\n<p>Obraz sa automaticky prisp\u00f4sob\u00ed pod\u013ea zvolen\u00e9ho re\u017eimu sc\u00e9ny (Mesto\/D\u00e1\u017e\u010f\/Les), \u010d\u00edm pon\u00faka v\u00fdnimo\u010dn\u00fa adaptabilitu v r\u00f4znych prostrediach. Plne nabit\u00e1 bat\u00e9ria <strong>18650<\/strong> m\u00f4\u017ee r\u00fdchlo sl\u00fa\u017ei\u0165 ako doplnkov\u00fd zdroj energie pri v\u00fdpadkoch pr\u00fadu.<\/p>\n<p>Funkcia <strong>Hot Track<\/strong> umo\u017e\u0148uje r\u00fdchlu detekciu a sledovanie koristi, \u010d\u00edm zabezpe\u010duje, \u017ee nikdy nezmizne z doh\u013eadu.<\/p>\n<\/div>\n<\/div>\n<\/div>\n<\/div>\n<\/div>\n<\/div>\n<table border=\"0\" cellspacing=\"0\">\n<colgroup span=\"2\" width=\"85\"><\/colgroup>\n<tbody>\n<tr>\n<td style=\"text-align: left\" align=\"left\" height=\"47\"><span style=\"font-family: Liberation Serif\">Typ<\/span><\/td>\n<td style=\"text-align: left\" align=\"left\"><span style=\"font-family: Liberation Serif\">Nechlazen\u00fd VOx (oxid vanadi\u010dn\u00fd)<\/span><\/td>\n<\/tr>\n<tr>\n<td align=\"left\" height=\"32\"><span style=\"font-family: Liberation Serif\">Rozli\u0161en\u00ed (pixel)<\/span><\/td>\n<td align=\"left\"><span style=\"font-family: Liberation Serif\">256*192<\/span><\/td>\n<\/tr>\n<tr>\n<td align=\"left\" height=\"32\"><span style=\"font-family: Liberation Serif\">Velikost pixel\u016f (\u00b5m)<\/span><\/td>\n<td align=\"left\"><span style=\"font-family: Liberation Serif\">12*12<\/span><\/td>\n<\/tr>\n<tr>\n<td align=\"left\" height=\"32\"><span style=\"font-family: Liberation Serif\">NETD (mK)<\/span><\/td>\n<td align=\"left\"><span style=\"font-family: DejaVu Sans\">\u226425mK\uff080,025\u2103\uff09<\/span><\/td>\n<\/tr>\n<tr>\n<td align=\"left\" height=\"47\"><span style=\"font-family: Liberation Serif\">Sn\u00edmkov\u00e1 frekvence (Hz)<\/span><\/td>\n<td style=\"text-align: left\" align=\"right\"><span style=\"font-family: Liberation Serif\">50<\/span><\/td>\n<\/tr>\n<tr>\n<td align=\"left\" height=\"47\"><span style=\"font-family: Liberation Serif\">Detek\u010dn\u00ed vzd\u00e1lenost (m)<\/span><\/td>\n<td style=\"text-align: left\" align=\"right\"><span style=\"font-family: Liberation Serif\">800<\/span><\/td>\n<\/tr>\n<tr>\n<td style=\"text-align: left\" align=\"left\" height=\"32\"><span style=\"font-family: Liberation Serif\">Objektiv (mm)<\/span><\/td>\n<td style=\"text-align: left\" align=\"right\"><span style=\"font-family: Liberation Serif\">16<\/span><\/td>\n<\/tr>\n<tr>\n<td align=\"left\" height=\"32\"><span style=\"font-family: Liberation Serif\">Optick\u00e9 zv\u011bt\u0161en\u00ed (x)<\/span><\/td>\n<td align=\"left\"><span style=\"font-family: Liberation Serif\">2.9<\/span><\/td>\n<\/tr>\n<tr>\n<td align=\"left\" height=\"32\"><span style=\"font-family: Liberation Serif\">Digit\u00e1ln\u00ed zoom (x)<\/span><\/td>\n<td align=\"left\"><span style=\"font-family: Liberation Serif\">2\/4\/6\/8<\/span><\/td>\n<\/tr>\n<tr>\n<td align=\"left\" height=\"32\"><span style=\"font-family: Liberation Serif\">Zorn\u00e9 pole (horizont\u00e1ln\u00ed)<\/span><\/td>\n<td align=\"left\"><span style=\"font-family: Liberation Serif\">11\u00b0<\/span><\/td>\n<\/tr>\n<tr>\n<td align=\"left\" height=\"32\"><span style=\"font-family: Liberation Serif\">Zorn\u00e9 pole (vertik\u00e1ln\u00ed)<\/span><\/td>\n<td align=\"left\"><span style=\"font-family: Liberation Serif\">8,2\u00b0<\/span><\/td>\n<\/tr>\n<tr>\n<td align=\"left\" height=\"32\"><span style=\"font-family: Liberation Serif\">Zorn\u00e9 pole (\u00fahlop\u0159\u00ed\u010dka)<\/span><\/td>\n<td align=\"left\"><span style=\"font-family: Liberation Serif\">13,7\u00b0<\/span><\/td>\n<\/tr>\n<tr>\n<td align=\"left\" height=\"32\"><span style=\"font-family: Liberation Serif\">O\u010dn\u00ed reli\u00e9f (mm)<\/span><\/td>\n<td style=\"text-align: left\" align=\"right\"><span style=\"font-family: Liberation Serif\">20<\/span><\/td>\n<\/tr>\n<tr>\n<td align=\"left\" height=\"32\"><span style=\"font-family: Liberation Serif\">Dioptrick\u00e1 korekce (D)<\/span><\/td>\n<td align=\"left\"><span style=\"font-family: Liberation Serif\">-5~5<\/span><\/td>\n<\/tr>\n<tr>\n<td align=\"left\" height=\"17\"><span style=\"font-family: Liberation Serif\">Typ<\/span><\/td>\n<td align=\"left\"><span style=\"font-family: Liberation Serif\">OLED<\/span><\/td>\n<\/tr>\n<tr>\n<td align=\"left\" height=\"32\"><span style=\"font-family: Liberation Serif\">Rozli\u0161en\u00ed (pixel)<\/span><\/td>\n<td align=\"left\"><span style=\"font-family: Liberation Serif\">1024*768<\/span><\/td>\n<\/tr>\n<tr>\n<td align=\"left\" height=\"32\"><span style=\"font-family: Liberation Serif\">Re\u017eim sc\u00e9ny<\/span><\/td>\n<td align=\"left\"><span style=\"font-family: Liberation Serif\">M\u011bsto\/d\u00e9\u0161\u0165\/les<\/span><\/td>\n<\/tr>\n<tr>\n<td align=\"left\" height=\"62\"><span style=\"font-family: Liberation Serif\">Re\u017eim obrazu<\/span><\/td>\n<td align=\"left\"><span style=\"font-family: Liberation Serif\">WT-HOT\/BK-HOT\/RD-HOT\/IN-HOT\/SKY<\/span><\/td>\n<\/tr>\n<tr>\n<td align=\"left\" height=\"47\"><span style=\"font-family: Liberation Serif\">Rozli\u0161en\u00ed fotografie (v pixelech)<\/span><\/td>\n<td align=\"left\"><span style=\"font-family: Liberation Serif\">1440*1080<\/span><\/td>\n<\/tr>\n<tr>\n<td align=\"left\" height=\"32\"><span style=\"font-family: Liberation Serif\">Form\u00e1t fotografie<\/span><\/td>\n<td align=\"left\"><span style=\"font-family: Liberation Serif\">.JPG<\/span><\/td>\n<\/tr>\n<tr>\n<td align=\"left\" height=\"47\"><span style=\"font-family: Liberation Serif\">Rozli\u0161en\u00ed videa (v pixelech)<\/span><\/td>\n<td align=\"left\"><span style=\"font-family: Liberation Serif\">1440*1080<\/span><\/td>\n<\/tr>\n<tr>\n<td align=\"left\" height=\"17\"><span style=\"font-family: Liberation Serif\">Form\u00e1t videa<\/span><\/td>\n<td align=\"left\"><span style=\"font-family: Liberation Serif\">.mp4<\/span><\/td>\n<\/tr>\n<tr>\n<td align=\"left\" height=\"17\"><span style=\"font-family: Liberation Serif\">\u00dalo\u017ei\u0161t\u011b (GB)<\/span><\/td>\n<td align=\"left\"><span style=\"font-family: Liberation Serif\">Integrovan\u00e9<\/span><\/td>\n<\/tr>\n<tr>\n<td align=\"left\" height=\"17\"><span style=\"font-family: Liberation Serif\">Image Engine<\/span><\/td>\n<td align=\"left\"><span style=\"font-family: Liberation Serif\">Pard IREA<\/span><\/td>\n<\/tr>\n<tr>\n<td align=\"left\" height=\"17\"><span style=\"font-family: Liberation Serif\">PIP<\/span><\/td>\n<td align=\"left\"><span style=\"font-family: Liberation Serif\">Ano<\/span><\/td>\n<\/tr>\n<tr>\n<td align=\"left\" height=\"17\"><span style=\"font-family: Liberation Serif\">Gyroskop<\/span><\/td>\n<td align=\"left\"><span style=\"font-family: Liberation Serif\">Ano<\/span><\/td>\n<\/tr>\n<tr>\n<td align=\"left\" height=\"32\"><span style=\"font-family: Liberation Serif\">Nahr\u00e1v\u00e1n\u00ed ve smy\u010dce<\/span><\/td>\n<td align=\"left\"><span style=\"font-family: Liberation Serif\">Ano<\/span><\/td>\n<\/tr>\n<tr>\n<td align=\"left\" height=\"32\"><span style=\"font-family: Liberation Serif\">Hot Track<\/span><\/td>\n<td align=\"left\"><span style=\"font-family: Liberation Serif\">Ano<\/span><\/td>\n<\/tr>\n<tr>\n<td align=\"left\" height=\"32\"><span style=\"font-family: Liberation Serif\">Elektronick\u00fd kompas<\/span><\/td>\n<td align=\"left\"><span style=\"font-family: Liberation Serif\">Ano<\/span><\/td>\n<\/tr>\n<tr>\n<td align=\"left\" height=\"32\"><span style=\"font-family: Liberation Serif\">Z\u00e1v\u011brka<\/span><\/td>\n<td align=\"left\"><span style=\"font-family: Liberation Serif\">Mechanick\u00e1 z\u00e1v\u011brka<\/span><\/td>\n<\/tr>\n<tr>\n<td align=\"left\" height=\"32\"><span style=\"font-family: Liberation Serif\">Mikrofon<\/span><\/td>\n<td align=\"left\"><span style=\"font-family: Liberation Serif\">Ano<\/span><\/td>\n<\/tr>\n<tr>\n<td align=\"left\" height=\"32\"><span style=\"font-family: Liberation Serif\">Upgrade firmwaru<\/span><\/td>\n<td align=\"left\"><span style=\"font-family: Liberation Serif\">Ano<\/span><\/td>\n<\/tr>\n<tr>\n<td align=\"left\" height=\"17\"><span style=\"font-family: Liberation Serif\">USB Type-C<\/span><\/td>\n<td align=\"left\"><span style=\"font-family: Liberation Serif\">Ano<\/span><\/td>\n<\/tr>\n<tr>\n<td align=\"left\" height=\"17\"><span style=\"font-family: Liberation Serif\">HDMI v\u00fdstup<\/span><\/td>\n<td align=\"left\"><span style=\"font-family: Liberation Serif\">Ano<\/span><\/td>\n<\/tr>\n<tr>\n<td align=\"left\" height=\"17\"><span style=\"font-family: Liberation Serif\">WiFi<\/span><\/td>\n<td align=\"left\"><span style=\"font-family: Liberation Serif\">Ano<\/span><\/td>\n<\/tr>\n<tr>\n<td align=\"left\" height=\"32\"><span style=\"font-family: Liberation Serif\">Podporovan\u00e9 aplikace<\/span><\/td>\n<td align=\"left\"><b><span style=\"font-family: Liberation Serif\">PardVision 2<\/span><\/b><\/td>\n<\/tr>\n<tr>\n<td align=\"left\" height=\"32\"><span style=\"font-family: Liberation Serif\">Typ baterie<\/span><\/td>\n<td align=\"left\"><span style=\"font-family: Liberation Serif\">Lithium Ion 18650<\/span><\/td>\n<\/tr>\n<tr>\n<td align=\"left\" height=\"32\"><span style=\"font-family: Liberation Serif\">V\u00fdstupn\u00ed nap\u011bt\u00ed (V)<\/span><\/td>\n<td align=\"left\"><span style=\"font-family: Liberation Serif\">3.7<\/span><\/td>\n<\/tr>\n<tr>\n<td align=\"left\" height=\"32\"><span style=\"font-family: Liberation Serif\">Provozn\u00ed doba (h,max)<\/span><\/td>\n<td align=\"left\"><span style=\"font-family: Liberation Serif\">\u22646<\/span><\/td>\n<\/tr>\n<tr>\n<td align=\"left\" height=\"32\"><span style=\"font-family: Liberation Serif\">Extern\u00ed nap\u00e1jen\u00ed (V)<\/span><\/td>\n<td align=\"left\"><span style=\"font-family: Liberation Serif\">USB Type-C<\/span><\/td>\n<\/tr>\n<tr>\n<td align=\"left\" height=\"32\"><span style=\"font-family: Liberation Serif\">Stupe\u0148 ochrany<\/span><\/td>\n<td align=\"left\"><span style=\"font-family: Liberation Serif\">IP67<\/span><\/td>\n<\/tr>\n<tr>\n<td align=\"left\" height=\"47\"><span style=\"font-family: Liberation Serif\">Provozn\u00ed teplota (\u00b0C\/\u00b0F)<\/span><\/td>\n<td align=\"left\"><span style=\"font-family: Liberation Serif\">-30 ~ +55 \/ -22 ~ +131<\/span><\/td>\n<\/tr>\n<tr>\n<td align=\"left\" height=\"47\"><span style=\"font-family: Liberation Serif\">Bydlen\u00ed<\/span><\/td>\n<td align=\"left\"><span style=\"font-family: Liberation Serif\">Hlin\u00edkov\u00e1 slitina + kompozit<\/span><\/td>\n<\/tr>\n<tr>\n<td align=\"left\" height=\"47\"><span style=\"font-family: Liberation Serif\">Okul\u00e1r<\/span><\/td>\n<td align=\"left\"><span style=\"font-family: Liberation Serif\">Celosklen\u011bn\u00e1 v\u00edcevrstv\u00e1 \u010do\u010dka<\/span><\/td>\n<\/tr>\n<tr>\n<td align=\"left\" height=\"62\"><span style=\"font-family: Liberation Serif\">Rozm\u011br produktu\/s LRF (D * \u0160 * V, mm)<\/span><\/td>\n<td align=\"left\"><span style=\"font-family: Liberation Serif\">169*58*48<\/span><\/td>\n<\/tr>\n<tr>\n<td style=\"text-align: left\" align=\"left\" height=\"62\"><span style=\"font-family: Liberation Serif\">NW\/ks (s LRF a bateri\u00ed, g)<\/span><\/td>\n<td style=\"text-align: left\" align=\"right\"><span style=\"font-family: Liberation Serif\">300<\/span><\/td>\n<\/tr>\n<\/tbody>\n<\/table>\n<p>Ofici\u00e1lna str\u00e1nka zna\u010dky: <a href=\"https:\/\/eu.pard.com\/product\/thermal-imaging-monocular-leopard-256\">https:\/\/eu.pard.com\/product\/thermal-imaging-monocular-leopard-256<\/a><\/p>\n","protected":false},"excerpt":{"rendered":"<ul>\n<li>\n<div class=\"flex-shrink-0 flex flex-col relative items-end\">\n<div>\n<div class=\"pt-0\">\n<div class=\"gizmo-bot-avatar flex h-8 w-8 items-center justify-center overflow-hidden rounded-full\">\n<div class=\"relative p-1 rounded-sm flex items-center justify-center bg-token-main-surface-primary text-token-text-primary h-8 w-8\">Kicsi, de nagy teljes\u00edtm\u00e9ny\u0171 h\u0151kamer\u00e1s monokul\u00e1r.<\/div>\n<\/div>\n<\/div>\n<\/div>\n<\/div>\n<\/li>\n<li>Nagy felbont\u00e1s\u00fa, nagy felbont\u00e1s\u00fa \u00e9rz\u00e9kel\u0151t tartalmaz <strong>256*192<\/strong> a Vox \u00e9lvonalbeli, h\u0171t\u00e9s n\u00e9lk\u00fcli technol\u00f3gi\u00e1j\u00e1val egy\u00fctt, amely biztos\u00edtja a c\u00e9lpont sz\u00e1mos r\u00e9szlet\u00e9nek \u00e9s jellemz\u0151j\u00e9nek egy\u00e9rtelm\u0171 l\u00e1that\u00f3s\u00e1g\u00e1t.<\/li>\n<li><strong>\u226425 mk<\/strong> (0,025 \u2103) \u00c9rz\u00e9keli a finom h\u0151m\u00e9rs\u00e9klet-k\u00fcl\u00f6nbs\u00e9geket az al\u00e1bbi \u00e9rt\u00e9kek alatt <strong>0,025 \u00b0C<\/strong>, tiszt\u00e1bb \u00e9s r\u00e9szletesebb k\u00e9peket ny\u00fajt, \u00e9s megk\u00f6nny\u00edti a t\u00e1rgyak azonos\u00edt\u00e1s\u00e1t a k\u00fcl\u00f6nb\u00f6z\u0151 id\u0151j\u00e1r\u00e1si k\u00f6r\u00fclm\u00e9nyek k\u00f6z\u00f6tt.<\/li>\n<\/ul>","protected":false},"featured_media":4578,"template":"","meta":{"_gspb_post_css":""},"product_brand":[308],"product_cat":[21,144,327],"product_tag":[291,229,311,337],"class_list":{"0":"post-4394","1":"product","2":"type-product","3":"status-publish","4":"has-post-thumbnail","6":"product_brand-pard","7":"product_cat-optika","8":"product_cat-termovizie","9":"product_cat-termovizne-monokulary","10":"product_tag-leopard","11":"product_tag-pard","12":"product_tag-termovizia","13":"product_tag-termovizny-monokular","15":"first","16":"instock","17":"taxable","18":"shipping-taxable","19":"purchasable","20":"product-type-simple"},"ct_brands":[{"id":308,"name":"Pard","slug":"pard"}],"_links":{"self":[{"href":"https:\/\/zbranebudai.sk\/hu\/wp-json\/wp\/v2\/product\/4394","targetHints":{"allow":["GET"]}}],"collection":[{"href":"https:\/\/zbranebudai.sk\/hu\/wp-json\/wp\/v2\/product"}],"about":[{"href":"https:\/\/zbranebudai.sk\/hu\/wp-json\/wp\/v2\/types\/product"}],"wp:featuredmedia":[{"embeddable":true,"href":"https:\/\/zbranebudai.sk\/hu\/wp-json\/wp\/v2\/media\/4578"}],"wp:attachment":[{"href":"https:\/\/zbranebudai.sk\/hu\/wp-json\/wp\/v2\/media?parent=4394"}],"wp:term":[{"taxonomy":"product_brand","embeddable":true,"href":"https:\/\/zbranebudai.sk\/hu\/wp-json\/wp\/v2\/product_brand?post=4394"},{"taxonomy":"product_cat","embeddable":true,"href":"https:\/\/zbranebudai.sk\/hu\/wp-json\/wp\/v2\/product_cat?post=4394"},{"taxonomy":"product_tag","embeddable":true,"href":"https:\/\/zbranebudai.sk\/hu\/wp-json\/wp\/v2\/product_tag?post=4394"}],"curies":[{"name":"wp","href":"https:\/\/api.w.org\/{rel}","templated":true}]}}