{"id":4378,"date":"2025-02-01T21:23:22","date_gmt":"2025-02-01T19:23:22","guid":{"rendered":"https:\/\/zbranebudai.sk\/?post_type=product&#038;p=4378"},"modified":"2025-08-31T03:50:32","modified_gmt":"2025-08-31T01:50:32","slug":"pard-leopard-640-hokamera","status":"publish","type":"product","link":"https:\/\/zbranebudai.sk\/hu\/product\/pard-leopard-640-hokamera\/","title":{"rendered":"Pard LEOPARD 640 termikus monokul\u00e1r"},"content":{"rendered":"<p><strong>Pard LEOPARD 640 termov\u00edzny monokul\u00e1r<\/strong><\/p>\n<div class=\"group\/conversation-turn relative flex w-full min-w-0 flex-col agent-turn\">\n<div class=\"flex-col gap-1 md:gap-3\">\n<div class=\"flex max-w-full flex-col flex-grow\">\n<div class=\"min-h-8 text-message flex w-full flex-col items-end gap-2 whitespace-normal break-words text-start [.text-message+&amp;]:mt-5\" dir=\"auto\" data-message-author-role=\"assistant\" data-message-id=\"18ea2f0b-96db-4cba-a683-6600b3a53d4e\" data-message-model-slug=\"gpt-4o\">\n<div class=\"flex w-full flex-col gap-1 empty:hidden first:pt-[3px]\">\n<div class=\"markdown prose w-full break-words dark:prose-invert light\">\n<p>Leopard je vybaven\u00fd obrazovkou s ultra vysok\u00fdm rozl\u00ed\u0161en\u00edm 1920*1080 pre monokul\u00e1ry a poskytuje pozorovac\u00ed obraz, ktor\u00fd je bohat\u0161\u00ed, podrobnej\u0161\u00ed a v\u00fdnimo\u010dne \u010dist\u00fd.<\/p>\n<p>V\u010faka svojmu pozoruhodn\u00e9mu dosahu detekcie a\u017e 1800 m pre cie\u013e u\u013eah\u010duje h\u013eadanie a sledovanie cie\u013ea a maximalizuje efektivitu lovu.<\/p>\n<p>Obsahuje 6 re\u017eimov obrazu: WT-HOT\/BK-HOT\/EDGE\/RD-HOT\/IN-HOT\/SKY.<\/p>\n<p>Pou\u017e\u00edvatelia si m\u00f4\u017eu prisp\u00f4sobi\u0165 re\u017eim obrazu pod\u013ea individu\u00e1lnych preferenci\u00ed, \u010do pon\u00faka komplexn\u00e9 mo\u017enosti. Obraz bude upraven\u00fd pod\u013ea zvolen\u00e9ho re\u017eimu sc\u00e9ny (Mesto\/D\u00e1\u017e\u010f\/Les), ktor\u00fd pon\u00faka v\u00fdnimo\u010dn\u00fa prisp\u00f4sobivos\u0165 v r\u00f4znych prostrediach.<\/p>\n<p>Plne nabit\u00e1 bat\u00e9ria 18650 m\u00f4\u017ee r\u00fdchlo sl\u00fa\u017ei\u0165 ako doplnkov\u00fd zdroj energie pri v\u00fdpadkoch pr\u00fadu.<\/p>\n<p>Funkcia Hot Track umo\u017e\u0148uje r\u00fdchlu detekciu a sledovanie koristi, \u010d\u00edm zais\u0165uje, \u017ee sa nikdy nestrat\u00ed z doh\u013eadu.<\/p>\n<p>V\u010faka kompaktn\u00e9mu dizajnu a n\u00edzkej hmotnosti 360 g v\u00fdrazne zvy\u0161uje komfort a pohodlie pri pozorovan\u00ed a zais\u0165uje dlhodob\u00e9 pou\u017e\u00edvanie bez nam\u00e1hania r\u00fak.<\/p>\n<\/div>\n<\/div>\n<\/div>\n<\/div>\n<\/div>\n<\/div>\n<table border=\"0\" cellspacing=\"0\">\n<colgroup span=\"2\" width=\"85\"><\/colgroup>\n<tbody>\n<tr>\n<td colspan=\"2\" align=\"center\" height=\"17\"><b><span style=\"font-family: Liberation Serif\">Senzor<\/span><\/b><\/td>\n<\/tr>\n<tr>\n<td align=\"left\" height=\"47\"><span style=\"font-family: Liberation Serif\">Typ<\/span><\/td>\n<td align=\"left\"><span style=\"font-family: Liberation Serif\">Nechlazen\u00fd VOx (oxid vanadi\u010dn\u00fd)<\/span><\/td>\n<\/tr>\n<tr>\n<td align=\"left\" height=\"32\"><span style=\"font-family: Liberation Serif\">Rozli\u0161en\u00ed (pixel)<\/span><\/td>\n<td align=\"left\"><span style=\"font-family: Liberation Serif\">640*512<\/span><\/td>\n<\/tr>\n<tr>\n<td align=\"left\" height=\"32\"><span style=\"font-family: Liberation Serif\">Velikost pixel\u016f (\u00b5m)<\/span><\/td>\n<td align=\"left\"><span style=\"font-family: Liberation Serif\">12*12<\/span><\/td>\n<\/tr>\n<tr>\n<td align=\"left\" height=\"47\"><span style=\"font-family: Liberation Serif\">NETD (mK)<\/span><\/td>\n<td align=\"left\"><span style=\"font-family: DejaVu Sans\">\u226420 mK\uff080,02\u2103\uff09<\/span><\/td>\n<\/tr>\n<tr>\n<td align=\"left\" height=\"47\"><span style=\"font-family: Liberation Serif\">Sn\u00edmkov\u00e1 frekvence (Hz)<\/span><\/td>\n<td style=\"text-align: left\" align=\"right\"><span style=\"font-family: Liberation Serif\">50<\/span><\/td>\n<\/tr>\n<tr>\n<td align=\"left\" height=\"47\"><span style=\"font-family: Liberation Serif\">Detek\u010dn\u00ed vzd\u00e1lenost (m)<\/span><\/td>\n<td align=\"left\"><span style=\"font-family: Liberation Serif\">1200\/1800<\/span><\/td>\n<\/tr>\n<tr>\n<td align=\"left\" height=\"32\"><span style=\"font-family: Liberation Serif\">Objektiv (mm)<\/span><\/td>\n<td align=\"left\"><span style=\"font-family: Liberation Serif\">25\/35<\/span><\/td>\n<\/tr>\n<tr>\n<td align=\"left\" height=\"32\"><span style=\"font-family: Liberation Serif\">Optick\u00e9 zv\u011bt\u0161en\u00ed (x)<\/span><\/td>\n<td align=\"left\"><span style=\"font-family: Liberation Serif\">1,9\/2,6<\/span><\/td>\n<\/tr>\n<tr>\n<td align=\"left\" height=\"32\"><span style=\"font-family: Liberation Serif\">Digit\u00e1ln\u00ed zoom (x)<\/span><\/td>\n<td align=\"left\"><span style=\"font-family: Liberation Serif\">2\/4\/6\/8<\/span><\/td>\n<\/tr>\n<tr>\n<td align=\"left\" height=\"32\"><span style=\"font-family: Liberation Serif\">Zorn\u00e9 pole (horizont\u00e1ln\u00ed)<\/span><\/td>\n<td align=\"left\"><span style=\"font-family: Liberation Serif\">13,1\u00b0\/9,4\u00b0<\/span><\/td>\n<\/tr>\n<tr>\n<td align=\"left\" height=\"32\"><span style=\"font-family: Liberation Serif\">Zorn\u00e9 pole (vertik\u00e1ln\u00ed)<\/span><\/td>\n<td align=\"left\"><span style=\"font-family: Liberation Serif\">9,9\u00b0\/7,1\u00b0<\/span><\/td>\n<\/tr>\n<tr>\n<td align=\"left\" height=\"32\"><span style=\"font-family: Liberation Serif\">Zorn\u00e9 pole (\u00fahlop\u0159\u00ed\u010dka)<\/span><\/td>\n<td align=\"left\"><span style=\"font-family: Liberation Serif\">16,4\u00b0\/11,7\u00b0<\/span><\/td>\n<\/tr>\n<tr>\n<td align=\"left\" height=\"32\"><span style=\"font-family: Liberation Serif\">O\u010dn\u00ed reli\u00e9f (mm)<\/span><\/td>\n<td style=\"text-align: left\" align=\"right\"><span style=\"font-family: Liberation Serif\">20<\/span><\/td>\n<\/tr>\n<tr>\n<td align=\"left\" height=\"32\"><span style=\"font-family: Liberation Serif\">Dioptrick\u00e1 korekce (D)<\/span><\/td>\n<td align=\"left\"><span style=\"font-family: Liberation Serif\">-5~5<\/span><\/td>\n<\/tr>\n<tr>\n<td align=\"left\" height=\"17\"><span style=\"font-family: Liberation Serif\">Typ<\/span><\/td>\n<td align=\"left\"><span style=\"font-family: Liberation Serif\">AMOLED<\/span><\/td>\n<\/tr>\n<tr>\n<td align=\"left\" height=\"32\"><span style=\"font-family: Liberation Serif\">Rozli\u0161en\u00ed (pixel)<\/span><\/td>\n<td align=\"left\"><span style=\"font-family: Liberation Serif\">1920*1080<\/span><\/td>\n<\/tr>\n<tr>\n<td align=\"left\" height=\"32\"><span style=\"font-family: Liberation Serif\">Re\u017eim sc\u00e9ny<\/span><\/td>\n<td align=\"left\"><span style=\"font-family: Liberation Serif\">M\u011bsto\/d\u00e9\u0161\u0165\/les<\/span><\/td>\n<\/tr>\n<tr>\n<td align=\"left\" height=\"62\"><span style=\"font-family: Liberation Serif\">Re\u017eim obrazu<\/span><\/td>\n<td align=\"left\"><span style=\"font-family: Liberation Serif\">WT-HOT\/BK-HOT\/EDGE\/RD-HOT\/IN-HOT\/SKY<\/span><\/td>\n<\/tr>\n<tr>\n<td align=\"left\" height=\"47\"><span style=\"font-family: Liberation Serif\">Rozli\u0161en\u00ed fotografie (v pixelech)<\/span><\/td>\n<td align=\"left\"><span style=\"font-family: Liberation Serif\">1440*1080<\/span><\/td>\n<\/tr>\n<tr>\n<td align=\"left\" height=\"32\"><span style=\"font-family: Liberation Serif\">Form\u00e1t fotografie<\/span><\/td>\n<td align=\"left\"><span style=\"font-family: Liberation Serif\">.JPG<\/span><\/td>\n<\/tr>\n<tr>\n<td align=\"left\" height=\"47\"><span style=\"font-family: Liberation Serif\">Rozli\u0161en\u00ed videa (v pixelech)<\/span><\/td>\n<td align=\"left\"><span style=\"font-family: Liberation Serif\">1440*1080<\/span><\/td>\n<\/tr>\n<tr>\n<td align=\"left\" height=\"17\"><span style=\"font-family: Liberation Serif\">Form\u00e1t videa<\/span><\/td>\n<td align=\"left\"><span style=\"font-family: Liberation Serif\">.mp4<\/span><\/td>\n<\/tr>\n<tr>\n<td align=\"left\" height=\"47\"><span style=\"font-family: Liberation Serif\">\u00dalo\u017ei\u0161t\u011b (GB)<\/span><\/td>\n<td align=\"left\"><span style=\"font-family: Liberation Serif\">Micro SD karta (max. 128 GB)<\/span><\/td>\n<\/tr>\n<tr>\n<td align=\"left\" height=\"17\"><span style=\"font-family: Liberation Serif\">Image Engine<\/span><\/td>\n<td align=\"left\"><span style=\"font-family: Liberation Serif\">Pard IREA<\/span><\/td>\n<\/tr>\n<tr>\n<td align=\"left\" height=\"47\"><span style=\"font-family: Liberation Serif\">Rozsah detekce LRF (m\/yd)<\/span><\/td>\n<td align=\"left\"><span style=\"font-family: Liberation Serif\">x<\/span><\/td>\n<\/tr>\n<tr>\n<td align=\"left\" height=\"17\"><span style=\"font-family: Liberation Serif\">PIP<\/span><\/td>\n<td align=\"left\"><span style=\"font-family: Liberation Serif\">Ano<\/span><\/td>\n<\/tr>\n<tr>\n<td align=\"left\" height=\"17\"><span style=\"font-family: Liberation Serif\">Gyroskop<\/span><\/td>\n<td align=\"left\"><span style=\"font-family: Liberation Serif\">Ano<\/span><\/td>\n<\/tr>\n<tr>\n<td align=\"left\" height=\"32\"><span style=\"font-family: Liberation Serif\">Nahr\u00e1v\u00e1n\u00ed ve smy\u010dce<\/span><\/td>\n<td align=\"left\"><span style=\"font-family: Liberation Serif\">Ano<\/span><\/td>\n<\/tr>\n<tr>\n<td align=\"left\" height=\"17\"><span style=\"font-family: Liberation Serif\">Hot Track<\/span><\/td>\n<td align=\"left\"><span style=\"font-family: Liberation Serif\">Ano<\/span><\/td>\n<\/tr>\n<tr>\n<td align=\"left\" height=\"32\"><span style=\"font-family: Liberation Serif\">Elektronick\u00fd kompas<\/span><\/td>\n<td align=\"left\"><span style=\"font-family: Liberation Serif\">Ano<\/span><\/td>\n<\/tr>\n<tr>\n<td align=\"left\" height=\"32\"><span style=\"font-family: Liberation Serif\">Z\u00e1v\u011brka<\/span><\/td>\n<td align=\"left\"><span style=\"font-family: Liberation Serif\">Mechanick\u00e1 z\u00e1v\u011brka<\/span><\/td>\n<\/tr>\n<tr>\n<td align=\"left\" height=\"17\"><span style=\"font-family: Liberation Serif\">Mikrofon<\/span><\/td>\n<td align=\"left\"><span style=\"font-family: Liberation Serif\">Ano<\/span><\/td>\n<\/tr>\n<tr>\n<td align=\"left\" height=\"32\"><span style=\"font-family: Liberation Serif\">Upgrade firmwaru<\/span><\/td>\n<td align=\"left\"><span style=\"font-family: Liberation Serif\">Ano<\/span><\/td>\n<\/tr>\n<tr>\n<td align=\"left\" height=\"17\"><span style=\"font-family: Liberation Serif\">USB Type-C<\/span><\/td>\n<td align=\"left\"><span style=\"font-family: Liberation Serif\">Ano<\/span><\/td>\n<\/tr>\n<tr>\n<td align=\"left\" height=\"17\"><span style=\"font-family: Liberation Serif\">HDMI v\u00fdstup<\/span><\/td>\n<td align=\"left\"><span style=\"font-family: Liberation Serif\">Ano<\/span><\/td>\n<\/tr>\n<tr>\n<td align=\"left\" height=\"17\"><span style=\"font-family: Liberation Serif\">WiFi<\/span><\/td>\n<td align=\"left\"><span style=\"font-family: Liberation Serif\">Ano<\/span><\/td>\n<\/tr>\n<tr>\n<td align=\"left\" height=\"32\"><span style=\"font-family: Liberation Serif\">Podporovan\u00e9 aplikace<\/span><\/td>\n<td align=\"left\"><span style=\"font-family: Liberation Serif\">PardVision2<\/span><\/td>\n<\/tr>\n<tr>\n<td align=\"left\" height=\"32\"><span style=\"font-family: Liberation Serif\">Typ baterie<\/span><\/td>\n<td align=\"left\"><span style=\"font-family: Liberation Serif\">Lithium Ion 18650*1<\/span><\/td>\n<\/tr>\n<tr>\n<td align=\"left\" height=\"32\"><span style=\"font-family: Liberation Serif\">V\u00fdstupn\u00ed nap\u011bt\u00ed (V)<\/span><\/td>\n<td align=\"left\"><span style=\"font-family: Liberation Serif\">3.7<\/span><\/td>\n<\/tr>\n<tr>\n<td align=\"left\" height=\"32\"><span style=\"font-family: Liberation Serif\">Provozn\u00ed doba (h,max)<\/span><\/td>\n<td align=\"left\"><span style=\"font-family: Liberation Serif\">\u22646<\/span><\/td>\n<\/tr>\n<tr>\n<td align=\"left\" height=\"32\"><span style=\"font-family: Liberation Serif\">Extern\u00ed nap\u00e1jen\u00ed (V)<\/span><\/td>\n<td align=\"left\"><span style=\"font-family: Liberation Serif\">USB Type-C<\/span><\/td>\n<\/tr>\n<tr>\n<td align=\"left\" height=\"32\"><span style=\"font-family: Liberation Serif\">Stupe\u0148 ochrany<\/span><\/td>\n<td align=\"left\"><span style=\"font-family: Liberation Serif\">IP67<\/span><\/td>\n<\/tr>\n<tr>\n<td align=\"left\" height=\"47\"><span style=\"font-family: Liberation Serif\">Provozn\u00ed teplota (\u00b0C\/\u00b0F)<\/span><\/td>\n<td align=\"left\"><span style=\"font-family: Liberation Serif\">-30 ~ +55 \/ -22 ~ +131<\/span><\/td>\n<\/tr>\n<tr>\n<td align=\"left\" height=\"47\"><span style=\"font-family: Liberation Serif\">Bydlen\u00ed<\/span><\/td>\n<td align=\"left\"><span style=\"font-family: Liberation Serif\">Hlin\u00edkov\u00e1 slitina + kompozit<\/span><\/td>\n<\/tr>\n<tr>\n<td align=\"left\" height=\"47\"><span style=\"font-family: Liberation Serif\">Okul\u00e1r<\/span><\/td>\n<td align=\"left\"><span style=\"font-family: Liberation Serif\">Celosklen\u011bn\u00e1 v\u00edcevrstv\u00e1 \u010do\u010dka<\/span><\/td>\n<\/tr>\n<tr>\n<td align=\"left\" height=\"62\"><span style=\"font-family: Liberation Serif\">Rozm\u011br produktu\/s LRF (D * \u0160 * V, mm)<\/span><\/td>\n<td align=\"left\"><span style=\"font-family: Liberation Serif\">169*58*48<\/span><\/td>\n<\/tr>\n<tr>\n<td align=\"left\" height=\"32\"><span style=\"font-family: Liberation Serif\">NW\/ks (s LRF a bateri\u00ed, g)<\/span><\/td>\n<td style=\"text-align: left\" align=\"right\"><span style=\"font-family: Liberation Serif\">360<\/span><\/td>\n<\/tr>\n<\/tbody>\n<\/table>\n<p>Ofici\u00e1lna str\u00e1nka zna\u010dky: <a href=\"https:\/\/eu.pard.com\/product\/thermal-imaging-monocular-leopard\">https:\/\/eu.pard.com\/product\/thermal-imaging-monocular-leopard<\/a><\/p>\n","protected":false},"excerpt":{"rendered":"<div class=\"flex max-w-full flex-col flex-grow\">\n<div class=\"min-h-8 text-message flex w-full flex-col items-end gap-2 whitespace-normal break-words text-start [.text-message+&amp;]:mt-5\" dir=\"auto\" data-message-author-role=\"assistant\" data-message-id=\"621625bf-e989-4005-ac11-8747bf21f53c\" data-message-model-slug=\"gpt-4o\">\n<div class=\"flex w-full flex-col gap-1 empty:hidden first:pt-[3px]\">\n<div class=\"markdown prose w-full break-words dark:prose-invert light\">\n<ul>\n<li>Mal\u00fd, ale v\u00fdkonn\u00fd termov\u00edzny monokul\u00e1r.<\/li>\n<li>Obsahuje sn\u00edma\u010d s vysok\u00fdm rozl\u00ed\u0161en\u00edm a rozl\u00ed\u0161en\u00edm 640*512 v spojen\u00ed so \u0161pi\u010dkovou nechladenou technol\u00f3giou Vox, zais\u0165uj\u00facou jasn\u00fa vidite\u013enos\u0165 mno\u017estva detailov a charakterist\u00edk cie\u013ea.<\/li>\n<li>\u226420 mk (0,02\u2103) Detekuje jemn\u00e9 teplotn\u00e9 rozdiely pod 0,02 \u00b0C, poskytuje jasnej\u0161ie a detailnej\u0161ie sn\u00edmky a umo\u017e\u0148uje jednoduch\u0161iu identifik\u00e1ciu objektov za r\u00f4znych poveternostn\u00fdch podmienok.<\/li>\n<\/ul>\n<\/div>\n<\/div>\n<\/div>\n<\/div>\n","protected":false},"featured_media":4571,"template":"","meta":{"_gspb_post_css":""},"product_brand":[308],"product_cat":[21,144,327],"product_tag":[291,229,311,337],"class_list":{"0":"post-4378","1":"product","2":"type-product","3":"status-publish","4":"has-post-thumbnail","6":"product_brand-pard","7":"product_cat-optika","8":"product_cat-termovizie","9":"product_cat-termovizne-monokulary","10":"product_tag-leopard","11":"product_tag-pard","12":"product_tag-termovizia","13":"product_tag-termovizny-monokular","15":"first","16":"instock","17":"taxable","18":"shipping-taxable","19":"purchasable","20":"product-type-simple"},"ct_brands":[{"id":308,"name":"Pard","slug":"pard"}],"_links":{"self":[{"href":"https:\/\/zbranebudai.sk\/hu\/wp-json\/wp\/v2\/product\/4378","targetHints":{"allow":["GET"]}}],"collection":[{"href":"https:\/\/zbranebudai.sk\/hu\/wp-json\/wp\/v2\/product"}],"about":[{"href":"https:\/\/zbranebudai.sk\/hu\/wp-json\/wp\/v2\/types\/product"}],"wp:featuredmedia":[{"embeddable":true,"href":"https:\/\/zbranebudai.sk\/hu\/wp-json\/wp\/v2\/media\/4571"}],"wp:attachment":[{"href":"https:\/\/zbranebudai.sk\/hu\/wp-json\/wp\/v2\/media?parent=4378"}],"wp:term":[{"taxonomy":"product_brand","embeddable":true,"href":"https:\/\/zbranebudai.sk\/hu\/wp-json\/wp\/v2\/product_brand?post=4378"},{"taxonomy":"product_cat","embeddable":true,"href":"https:\/\/zbranebudai.sk\/hu\/wp-json\/wp\/v2\/product_cat?post=4378"},{"taxonomy":"product_tag","embeddable":true,"href":"https:\/\/zbranebudai.sk\/hu\/wp-json\/wp\/v2\/product_tag?post=4378"}],"curies":[{"name":"wp","href":"https:\/\/api.w.org\/{rel}","templated":true}]}}