{"id":4362,"date":"2025-02-01T21:22:56","date_gmt":"2025-02-01T19:22:56","guid":{"rendered":"https:\/\/zbranebudai.sk\/?post_type=product&#038;p=4362"},"modified":"2025-08-31T03:50:32","modified_gmt":"2025-08-31T01:50:32","slug":"pard-leopard-480-lrf-hokamera-lezeres-tavolsagmerovel-25mm","status":"publish","type":"product","link":"https:\/\/zbranebudai.sk\/hu\/product\/pard-leopard-480-lrf-hokamera-lezeres-tavolsagmerovel-25mm\/","title":{"rendered":"Pard LEOPARD 480 LRF h\u0151kamer\u00e1s monokul\u00e1r l\u00e9zeres t\u00e1vols\u00e1gm\u00e9r\u0151vel 25mm"},"content":{"rendered":"<p><strong>Pard LEOPARD 480 LRF h\u0151kamer\u00e1s monokul\u00e1r l\u00e9zeres t\u00e1vols\u00e1gm\u00e9r\u0151vel 25mm<\/strong><\/p>\n<p>A Leopard ultra-nagy felbont\u00e1s\u00fa k\u00e9perny\u0151vel rendelkezik <strong>1920*1080<\/strong> monokul\u00e1rokhoz, \u00e9s gazdagabb, r\u00e9szletesebb \u00e9s kiv\u00e9telesen tiszta k\u00e9pet biztos\u00edt.<\/p>\n<p>Figyelemre m\u00e9lt\u00f3, ak\u00e1r <strong>1200<\/strong> m a c\u00e9lpont sz\u00e1m\u00e1ra megk\u00f6nny\u00edti a c\u00e9lpont megtal\u00e1l\u00e1s\u00e1t \u00e9s k\u00f6vet\u00e9s\u00e9t, \u00e9s maximaliz\u00e1lja a vad\u00e1szat hat\u00e9konys\u00e1g\u00e1t.<\/p>\n<p>Tartalmazza a  c\u00edmet.<strong> 6<\/strong> WT-MELEG\/BK-MELEG\/SZEG\u00c9LY\/RD-MELEG\/IN-MELEG\/\u00c9G.<\/p>\n<p>A felhaszn\u00e1l\u00f3k a k\u00e9pm\u00f3dot egy\u00e9ni preferenci\u00e1ikhoz igaz\u00edthatj\u00e1k, \u00e1tfog\u00f3 lehet\u0151s\u00e9geket k\u00edn\u00e1lva.<\/p>\n<p>A k\u00e9p a kiv\u00e1lasztott jelenetm\u00f3dnak (v\u00e1ros\/es\u0151\/erd\u0151) megfelel\u0151en igazodik, ami kiv\u00e9teles alkalmazkod\u00f3k\u00e9pess\u00e9get biztos\u00edt a k\u00fcl\u00f6nb\u00f6z\u0151 k\u00f6rnyezetekben.<\/p>\n<p>Teljesen felt\u00f6lt\u00f6tt akkumul\u00e1tor <strong>18650<\/strong> gyorsan szolg\u00e1lhat kieg\u00e9sz\u00edt\u0151 \u00e1ramforr\u00e1sk\u00e9nt \u00e1ramsz\u00fcnetek idej\u00e9n.<\/p>\n<p>A Hot Track funkci\u00f3 lehet\u0151v\u00e9 teszi a zs\u00e1km\u00e1ny gyors felder\u00edt\u00e9s\u00e9t \u00e9s k\u00f6vet\u00e9s\u00e9t, \u00edgy biztos\u00edtva, hogy a zs\u00e1km\u00e1nyt soha ne vesz\u00edtse szem el\u0151l.<\/p>\n<p>Kompakt kialak\u00edt\u00e1s\u00e1nak \u00e9s k\u00f6nny\u0171 s\u00faly\u00e1nak k\u00f6sz\u00f6nhet\u0151en <strong>360 g<\/strong> jelent\u0151sen n\u00f6veli a megfigyel\u00e9s k\u00e9nyelm\u00e9t \u00e9s komfortj\u00e1t, \u00e9s hossz\u00fa t\u00e1v\u00fa haszn\u00e1latot biztos\u00edt a kezek meger\u0151ltet\u00e9se n\u00e9lk\u00fcl.<\/p>\n<table border=\"0\" cellspacing=\"0\">\n<colgroup span=\"2\" width=\"85\"><\/colgroup>\n<tbody>\n<tr>\n<td colspan=\"2\" align=\"left\" height=\"17\"><b><span style=\"font-family: Liberation Serif\">\u00c9rz\u00e9kel\u0151<\/span><\/b><\/td>\n<\/tr>\n<tr>\n<td align=\"left\" height=\"47\"><span style=\"font-family: Liberation Serif\">T\u00edpus<\/span><\/td>\n<td align=\"left\"><span style=\"font-family: Liberation Serif\">H\u0171t\u00e9s n\u00e9lk\u00fcli VOx (van\u00e1dium-oxid)<\/span><\/td>\n<\/tr>\n<tr>\n<td align=\"left\" height=\"32\"><span style=\"font-family: Liberation Serif\">Felbont\u00e1s (pixel)<\/span><\/td>\n<td align=\"left\"><span style=\"font-family: Liberation Serif\">480*360<\/span><\/td>\n<\/tr>\n<tr>\n<td align=\"left\" height=\"32\"><span style=\"font-family: Liberation Serif\">Pixel m\u00e9ret (\u00b5m)<\/span><\/td>\n<td align=\"left\"><span style=\"font-family: Liberation Serif\">12*12<\/span><\/td>\n<\/tr>\n<tr>\n<td align=\"left\" height=\"47\"><span style=\"font-family: Liberation Serif\">NETD (mK)<\/span><\/td>\n<td align=\"left\"><span style=\"font-family: DejaVu Sans\">\u226420 mK\uff080.02\u2103\uff09<\/span><\/td>\n<\/tr>\n<tr>\n<td align=\"left\" height=\"47\"><span style=\"font-family: Liberation Serif\">K\u00e9pkockasebess\u00e9g (Hz)<\/span><\/td>\n<td align=\"left\"><span style=\"font-family: Liberation Serif\">50<\/span><\/td>\n<\/tr>\n<tr>\n<td align=\"left\" height=\"47\"><span style=\"font-family: Liberation Serif\">\u00c9rz\u00e9kel\u00e9si t\u00e1vols\u00e1g (m)<\/span><\/td>\n<td align=\"left\"><span style=\"font-family: Liberation Serif\">1200<\/span><\/td>\n<\/tr>\n<tr>\n<td align=\"left\" height=\"32\"><span style=\"font-family: Liberation Serif\">Objekt\u00edv (mm)<\/span><\/td>\n<td align=\"left\"><span style=\"font-family: Liberation Serif\">25<\/span><\/td>\n<\/tr>\n<tr>\n<td align=\"left\" height=\"32\"><span style=\"font-family: Liberation Serif\">Optikai nagy\u00edt\u00e1s (x)<\/span><\/td>\n<td align=\"left\"><span style=\"font-family: Liberation Serif\">2,5<\/span><\/td>\n<\/tr>\n<tr>\n<td align=\"left\" height=\"32\"><span style=\"font-family: Liberation Serif\">Digit\u00e1lis zoom (x)<\/span><\/td>\n<td align=\"left\"><span style=\"font-family: Liberation Serif\">2\/4\/6\/8<\/span><\/td>\n<\/tr>\n<tr>\n<td align=\"left\" height=\"32\"><span style=\"font-family: Liberation Serif\">L\u00e1t\u00f3mez\u0151 (v\u00edzszintes)<\/span><\/td>\n<td align=\"left\"><span style=\"font-family: Liberation Serif\">13,1\u00b0\/9,4\u00b0<\/span><\/td>\n<\/tr>\n<tr>\n<td align=\"left\" height=\"32\"><span style=\"font-family: Liberation Serif\">L\u00e1t\u00f3mez\u0151 (f\u00fcgg\u0151leges)<\/span><\/td>\n<td align=\"left\"><span style=\"font-family: Liberation Serif\">9,9\u00b0\/7,1\u00b0<\/span><\/td>\n<\/tr>\n<tr>\n<td align=\"left\" height=\"32\"><span style=\"font-family: Liberation Serif\">L\u00e1t\u00f3mez\u0151 (\u00e1tl\u00f3s)<\/span><\/td>\n<td align=\"left\"><span style=\"font-family: Liberation Serif\">16,4\u00b0\/11,7\u00b0<\/span><\/td>\n<\/tr>\n<tr>\n<td align=\"left\" height=\"32\"><span style=\"font-family: Liberation Serif\">Szemt\u00e1vols\u00e1g (mm)<\/span><\/td>\n<td align=\"left\"><span style=\"font-family: Liberation Serif\">20<\/span><\/td>\n<\/tr>\n<tr>\n<td align=\"left\" height=\"32\"><span style=\"font-family: Liberation Serif\">Dioptri\u00e1s korrekci\u00f3 (D)<\/span><\/td>\n<td align=\"left\"><span style=\"font-family: Liberation Serif\">-5~5<\/span><\/td>\n<\/tr>\n<tr>\n<td align=\"left\" height=\"17\"><span style=\"font-family: Liberation Serif\">T\u00edpus<\/span><\/td>\n<td align=\"left\"><span style=\"font-family: Liberation Serif\">AMOLED<\/span><\/td>\n<\/tr>\n<tr>\n<td align=\"left\" height=\"32\"><span style=\"font-family: Liberation Serif\">Felbont\u00e1s (pixel)<\/span><\/td>\n<td align=\"left\"><span style=\"font-family: Liberation Serif\">1920*1080<\/span><\/td>\n<\/tr>\n<tr>\n<td align=\"left\" height=\"32\"><span style=\"font-family: Liberation Serif\">Jelenet m\u00f3d<\/span><\/td>\n<td align=\"left\"><span style=\"font-family: Liberation Serif\">V\u00e1ros\/v\u00e1ros\/erd\u0151<\/span><\/td>\n<\/tr>\n<tr>\n<td align=\"left\" height=\"62\"><span style=\"font-family: Liberation Serif\">K\u00e9p \u00fczemm\u00f3d<\/span><\/td>\n<td align=\"left\"><span style=\"font-family: Liberation Serif\">WT-MELEG\/BK-MELEG\/SZEG\u00c9LY\/RD-MELEG\/IN-MELEG\/\u00c9GBOLT<\/span><\/td>\n<\/tr>\n<tr>\n<td align=\"left\" height=\"47\"><span style=\"font-family: Liberation Serif\">F\u00e9nyk\u00e9p felbont\u00e1sa (pixelben)<\/span><\/td>\n<td align=\"left\"><span style=\"font-family: Liberation Serif\">1440*1080<\/span><\/td>\n<\/tr>\n<tr>\n<td align=\"left\" height=\"32\"><span style=\"font-family: Liberation Serif\">F\u00e9nyk\u00e9p form\u00e1tum<\/span><\/td>\n<td align=\"left\"><span style=\"font-family: Liberation Serif\">.JPG<\/span><\/td>\n<\/tr>\n<tr>\n<td align=\"left\" height=\"47\"><span style=\"font-family: Liberation Serif\">Vide\u00f3felbont\u00e1s (pixelben)<\/span><\/td>\n<td align=\"left\"><span style=\"font-family: Liberation Serif\">1440*1080<\/span><\/td>\n<\/tr>\n<tr>\n<td align=\"left\" height=\"17\"><span style=\"font-family: Liberation Serif\">Vide\u00f3 form\u00e1tum<\/span><\/td>\n<td align=\"left\"><span style=\"font-family: Liberation Serif\">.mp4<\/span><\/td>\n<\/tr>\n<tr>\n<td align=\"left\" height=\"47\"><span style=\"font-family: Liberation Serif\">T\u00e1rol\u00e1s (GB)<\/span><\/td>\n<td align=\"left\"><span style=\"font-family: Liberation Serif\">Micro SD k\u00e1rtya (max. 128 GB)<\/span><\/td>\n<\/tr>\n<tr>\n<td align=\"left\" height=\"17\"><span style=\"font-family: Liberation Serif\">Image Engine<\/span><\/td>\n<td align=\"left\"><span style=\"font-family: Liberation Serif\">Pard IREA<\/span><\/td>\n<\/tr>\n<tr>\n<td align=\"left\" height=\"47\"><span style=\"font-family: Liberation Serif\">LRF \u00e9szlel\u00e9si tartom\u00e1ny (m\/yd)<\/span><\/td>\n<td align=\"left\"><span style=\"font-family: Liberation Serif\">1000<\/span><\/td>\n<\/tr>\n<tr>\n<td align=\"left\" height=\"17\"><span style=\"font-family: Liberation Serif\">PIP<\/span><\/td>\n<td align=\"left\"><span style=\"font-family: Liberation Serif\">Igen<\/span><\/td>\n<\/tr>\n<tr>\n<td align=\"left\" height=\"17\"><span style=\"font-family: Liberation Serif\">Gyroszk\u00f3p<\/span><\/td>\n<td align=\"left\"><span style=\"font-family: Liberation Serif\">Igen<\/span><\/td>\n<\/tr>\n<tr>\n<td align=\"left\" height=\"32\"><span style=\"font-family: Liberation Serif\">Hurokfelv\u00e9tel<\/span><\/td>\n<td align=\"left\"><span style=\"font-family: Liberation Serif\">Igen<\/span><\/td>\n<\/tr>\n<tr>\n<td align=\"left\" height=\"17\"><span style=\"font-family: Liberation Serif\">Forr\u00f3 p\u00e1lya<\/span><\/td>\n<td align=\"left\"><span style=\"font-family: Liberation Serif\">Igen<\/span><\/td>\n<\/tr>\n<tr>\n<td align=\"left\" height=\"32\"><span style=\"font-family: Liberation Serif\">Elektronikus ir\u00e1nyt\u0171<\/span><\/td>\n<td align=\"left\"><span style=\"font-family: Liberation Serif\">Igen<\/span><\/td>\n<\/tr>\n<tr>\n<td align=\"left\" height=\"32\"><span style=\"font-family: Liberation Serif\">K\u00f6vetkeztet\u00e9s<\/span><\/td>\n<td align=\"left\"><span style=\"font-family: Liberation Serif\">Mechanikus red\u0151ny<\/span><\/td>\n<\/tr>\n<tr>\n<td align=\"left\" height=\"17\"><span style=\"font-family: Liberation Serif\">Mikrofon<\/span><\/td>\n<td align=\"left\"><span style=\"font-family: Liberation Serif\">Igen<\/span><\/td>\n<\/tr>\n<tr>\n<td align=\"left\" height=\"32\"><span style=\"font-family: Liberation Serif\">Firmware friss\u00edt\u00e9s<\/span><\/td>\n<td align=\"left\"><span style=\"font-family: Liberation Serif\">Igen<\/span><\/td>\n<\/tr>\n<tr>\n<td align=\"left\" height=\"17\"><span style=\"font-family: Liberation Serif\">USB Type-C<\/span><\/td>\n<td align=\"left\"><span style=\"font-family: Liberation Serif\">Igen<\/span><\/td>\n<\/tr>\n<tr>\n<td align=\"left\" height=\"17\"><span style=\"font-family: Liberation Serif\">HDMI kimenet<\/span><\/td>\n<td align=\"left\"><span style=\"font-family: Liberation Serif\">Igen<\/span><\/td>\n<\/tr>\n<tr>\n<td align=\"left\" height=\"17\"><span style=\"font-family: Liberation Serif\">WiFi<\/span><\/td>\n<td align=\"left\"><span style=\"font-family: Liberation Serif\">Igen<\/span><\/td>\n<\/tr>\n<tr>\n<td align=\"left\" height=\"32\"><span style=\"font-family: Liberation Serif\">T\u00e1mogatott alkalmaz\u00e1sok<\/span><\/td>\n<td align=\"left\"><span style=\"font-family: Liberation Serif\">PardVision2<\/span><\/td>\n<\/tr>\n<tr>\n<td align=\"left\" height=\"32\"><span style=\"font-family: Liberation Serif\">Akkumul\u00e1tor t\u00edpusa<\/span><\/td>\n<td align=\"left\"><span style=\"font-family: Liberation Serif\">L\u00edtium-ion 18650*1<\/span><\/td>\n<\/tr>\n<tr>\n<td align=\"left\" height=\"32\"><span style=\"font-family: Liberation Serif\">Kimeneti fesz\u00fclts\u00e9g (V)<\/span><\/td>\n<td align=\"left\"><span style=\"font-family: Liberation Serif\">3.7<\/span><\/td>\n<\/tr>\n<tr>\n<td align=\"left\" height=\"32\"><span style=\"font-family: Liberation Serif\">\u00dczemid\u0151 (h,max)<\/span><\/td>\n<td align=\"left\"><span style=\"font-family: Liberation Serif\">\u22646<\/span><\/td>\n<\/tr>\n<tr>\n<td align=\"left\" height=\"32\"><span style=\"font-family: Liberation Serif\">K\u00fcls\u0151 t\u00e1pegys\u00e9g (V)<\/span><\/td>\n<td align=\"left\"><span style=\"font-family: Liberation Serif\">USB Type-C<\/span><\/td>\n<\/tr>\n<tr>\n<td align=\"left\" height=\"32\"><span style=\"font-family: Liberation Serif\">V\u00e9delmi fokozat<\/span><\/td>\n<td align=\"left\"><span style=\"font-family: Liberation Serif\">IP67<\/span><\/td>\n<\/tr>\n<tr>\n<td align=\"left\" height=\"47\"><span style=\"font-family: Liberation Serif\">\u00dczemi h\u0151m\u00e9rs\u00e9klet (\u00b0C\/\u00b0F)<\/span><\/td>\n<td align=\"left\"><span style=\"font-family: Liberation Serif\">-30 ~ +55 \/ -22 ~ +131<\/span><\/td>\n<\/tr>\n<tr>\n<td align=\"left\" height=\"47\"><span style=\"font-family: Liberation Serif\">Lakhat\u00e1s<\/span><\/td>\n<td align=\"left\"><span style=\"font-family: Liberation Serif\">Alum\u00ednium \u00f6tv\u00f6zet + kompozit<\/span><\/td>\n<\/tr>\n<tr>\n<td align=\"left\" height=\"47\"><span style=\"font-family: Liberation Serif\">Okul\u00e1r<\/span><\/td>\n<td align=\"left\"><span style=\"font-family: Liberation Serif\">Teljesen \u00fcvegb\u0151l k\u00e9sz\u00fclt t\u00f6bbr\u00e9teg\u0171 lencse<\/span><\/td>\n<\/tr>\n<tr>\n<td align=\"left\" height=\"62\"><span style=\"font-family: Liberation Serif\">A term\u00e9k m\u00e9retei \/ LRF (L*S*H, mm)<\/span><\/td>\n<td align=\"left\"><span style=\"font-family: Liberation Serif\">169*58*48<\/span><\/td>\n<\/tr>\n<tr>\n<td align=\"left\" height=\"32\"><span style=\"font-family: Liberation Serif\">NW\/db (LRF \u00e9s akkumul\u00e1torral, g)<\/span><\/td>\n<td align=\"left\"><span style=\"font-family: Liberation Serif\">360<\/span><\/td>\n<\/tr>\n<\/tbody>\n<\/table>\n<p>Hivatalos m\u00e1rkaoldal: <a href=\"https:\/\/eu.pard.com\/product\/thermal-imaging-monocular-leopard\">https:\/\/eu.pard.com\/product\/thermal-imaging-monocular-leopard<\/a><\/p>","protected":false},"excerpt":{"rendered":"<ul>\n<li>Kicsi, de nagy teljes\u00edtm\u00e9ny\u0171 h\u0151kamer\u00e1s monokul\u00e1r.<\/li>\n<li class=\"relative p-1 rounded-sm flex items-center justify-center bg-token-main-surface-primary text-token-text-primary h-8 w-8\">Nagy felbont\u00e1s\u00fa, nagy felbont\u00e1s\u00fa \u00e9rz\u00e9kel\u0151t tartalmaz <strong>480*360<\/strong> a Vox \u00e9lvonalbeli, h\u0171t\u00e9s n\u00e9lk\u00fcli technol\u00f3gi\u00e1j\u00e1val egy\u00fctt, amely biztos\u00edtja a c\u00e9lpont sz\u00e1mos r\u00e9szlet\u00e9nek \u00e9s jellemz\u0151j\u00e9nek egy\u00e9rtelm\u0171 l\u00e1that\u00f3s\u00e1g\u00e1t.<\/li>\n<li class=\"relative p-1 rounded-sm flex items-center justify-center bg-token-main-surface-primary text-token-text-primary h-8 w-8\">\u226420 mk (0,02\u2103) 0,02\u00b0C alatti finom h\u0151m\u00e9rs\u00e9kletk\u00fcl\u00f6nbs\u00e9geket \u00e9rz\u00e9kel, \u00edgy tiszt\u00e1bb \u00e9s r\u00e9szletesebb k\u00e9peket biztos\u00edt, \u00e9s megk\u00f6nny\u00edti a t\u00e1rgyak azonos\u00edt\u00e1s\u00e1t a k\u00fcl\u00f6nb\u00f6z\u0151 id\u0151j\u00e1r\u00e1si k\u00f6r\u00fclm\u00e9nyek k\u00f6z\u00f6tt.<\/li>\n<\/ul>","protected":false},"featured_media":4567,"template":"","meta":{"_gspb_post_css":""},"product_brand":[308],"product_cat":[21,144,327],"product_tag":[347,291,229,311,337],"class_list":{"0":"post-4362","1":"product","2":"type-product","3":"status-publish","4":"has-post-thumbnail","6":"product_brand-pard","7":"product_cat-optika","8":"product_cat-termovizie","9":"product_cat-termovizne-monokulary","10":"product_tag-laserovy-dialkomer","11":"product_tag-leopard","12":"product_tag-pard","13":"product_tag-termovizia","14":"product_tag-termovizny-monokular","16":"first","17":"instock","18":"taxable","19":"shipping-taxable","20":"purchasable","21":"product-type-simple"},"ct_brands":[{"id":308,"name":"Pard","slug":"pard"}],"_links":{"self":[{"href":"https:\/\/zbranebudai.sk\/hu\/wp-json\/wp\/v2\/product\/4362","targetHints":{"allow":["GET"]}}],"collection":[{"href":"https:\/\/zbranebudai.sk\/hu\/wp-json\/wp\/v2\/product"}],"about":[{"href":"https:\/\/zbranebudai.sk\/hu\/wp-json\/wp\/v2\/types\/product"}],"wp:featuredmedia":[{"embeddable":true,"href":"https:\/\/zbranebudai.sk\/hu\/wp-json\/wp\/v2\/media\/4567"}],"wp:attachment":[{"href":"https:\/\/zbranebudai.sk\/hu\/wp-json\/wp\/v2\/media?parent=4362"}],"wp:term":[{"taxonomy":"product_brand","embeddable":true,"href":"https:\/\/zbranebudai.sk\/hu\/wp-json\/wp\/v2\/product_brand?post=4362"},{"taxonomy":"product_cat","embeddable":true,"href":"https:\/\/zbranebudai.sk\/hu\/wp-json\/wp\/v2\/product_cat?post=4362"},{"taxonomy":"product_tag","embeddable":true,"href":"https:\/\/zbranebudai.sk\/hu\/wp-json\/wp\/v2\/product_tag?post=4362"}],"curies":[{"name":"wp","href":"https:\/\/api.w.org\/{rel}","templated":true}]}}