{"id":4327,"date":"2025-02-01T21:21:58","date_gmt":"2025-02-01T19:21:58","guid":{"rendered":"https:\/\/zbranebudai.sk\/?post_type=product&#038;p=4327"},"modified":"2025-08-31T03:50:32","modified_gmt":"2025-08-31T01:50:32","slug":"nocpix-ace-s60r-hokamera-celtavcso-tavolsagmerovel","status":"publish","type":"product","link":"https:\/\/zbranebudai.sk\/hu\/product\/nocpix-ace-s60r-hokamera-celtavcso-tavolsagmerovel\/","title":{"rendered":"Nocpix ACE S60R h\u0151kamer\u00e1s c\u00e9lt\u00e1vcs\u0151 l\u00e9zeres t\u00e1vols\u00e1gm\u00e9r\u0151vel"},"content":{"rendered":"<p><strong>Nocpix ACE S60R termov\u00edzny pu\u0161koh\u013ead s laserov\u00fdm dia\u013ekomerom<\/strong><\/p>\n<div class=\"flex max-w-full flex-col flex-grow\">\n<div class=\"min-h-8 text-message flex w-full flex-col items-end gap-2 whitespace-normal break-words text-start [.text-message+&amp;]:mt-5\" dir=\"auto\" data-message-author-role=\"assistant\" data-message-id=\"a7221368-7a7c-4582-b7ec-ec5bb556bd44\" data-message-model-slug=\"gpt-4o\">\n<div class=\"flex w-full flex-col gap-1 empty:hidden first:pt-[3px]\">\n<div class=\"markdown prose w-full break-words dark:prose-invert light\">\n<p><strong>Detekcia na ve\u013ek\u00e9 vzdialenosti s \u013eahkos\u0165ou<\/strong><\/p>\n<p>S\u00e9ria ACE sa m\u00f4\u017ee pochv\u00e1li\u0165 p\u00f4sobiv\u00fdm detek\u010dn\u00fdm dosahom a\u017e 3100 metrov. T\u00e1to schopnos\u0165 umo\u017e\u0148uje jasn\u00fa identifik\u00e1ciu vzdialen\u00fdch cie\u013eov, \u010do poskytuje v\u00fdrazn\u00fa v\u00fdhodu pri love na dlh\u00e9 vzdialenosti.<\/p>\n<p><strong>Vylep\u0161enie obrazu Reality+<\/strong><\/p>\n<p>N\u00e1\u0161 propriet\u00e1rny algoritmus spracovania obrazu Reality+ \u00fa\u010dinne eliminuje teplotn\u00fd \u0161um prostredia, \u010d\u00edm zvy\u0161uje kontrast a ostros\u0165 detailov.<\/p>\n<p><strong>Nov\u00fd syst\u00e9m Vision+ s okul\u00e1rnym zoomom<\/strong><\/p>\n<p>Nov\u00fd syst\u00e9m Vision+ je vybaven\u00fd 1,03-palcov\u00fdm okr\u00fahlym AMOLED displejom s rozl\u00ed\u0161en\u00edm 2560\u00d72560 a \u0161pi\u010dkov\u00fdm okul\u00e1rnym zoomom pre priamu optick\u00fa zv\u00e4\u010d\u0161eninu. Na rozdiel od tradi\u010dn\u00e9ho digit\u00e1lneho zoomu zabra\u0148uje rozmazaniu a skresleniu pri detailn\u00fdch z\u00e1beroch. U\u017eite si vysok\u00e9 rozl\u00ed\u0161enie a \u0161ir\u0161ie zorn\u00e9 pole pre pohlcuj\u00faci a pohodln\u00fd z\u00e1\u017eitok z pozorovania.<\/p>\n<p><strong>Agiln\u00fd a presn\u00fd integrovan\u00fd LRF<\/strong><\/p>\n<p>Model ACE je vybaven\u00fd integrovan\u00fdm laserov\u00fdm dia\u013ekomerom (LRF) s dosahom a\u017e 1200 metrov, ktor\u00fd zabezpe\u010duje presn\u00e9 meranie vzdialenosti v\u010faka skuto\u010dn\u00e9mu optick\u00e9mu zarovnaniu osi. Toto rie\u0161enie umo\u017e\u0148uje presn\u00e9 merania pri zachovan\u00ed elegantn\u00e9ho a kompaktn\u00e9ho dizajnu.<\/p>\n<\/div>\n<\/div>\n<\/div>\n<\/div>\n<div class=\"mb-2 flex gap-3 empty:hidden -ml-2\">\n<div class=\"items-center justify-start rounded-xl p-1 flex\">\n<table style=\"height: 1620px\" border=\"0\" width=\"192\" cellspacing=\"0\">\n<colgroup span=\"2\" width=\"85\"><\/colgroup>\n<tbody>\n<tr>\n<td align=\"left\" height=\"32\"><span style=\"font-family: Liberation Serif\">Rozl\u00ed\u0161enie senzoru<\/span><\/td>\n<td align=\"left\"><span style=\"font-family: Liberation Serif\">1280x1024px &#8211; 2. gener\u00e1cia<\/span><\/td>\n<\/tr>\n<tr>\n<td align=\"left\" height=\"32\"><span style=\"font-family: Liberation Serif\">Ve\u013ekos\u0165 pixelu<\/span><\/td>\n<td align=\"left\"><span style=\"font-family: Liberation Serif\">12\u00b5m<\/span><\/td>\n<\/tr>\n<tr>\n<td align=\"left\" height=\"77\"><span style=\"font-family: Liberation Serif\">NETD &#8211; Citlivos\u0165 senzoru na teplotn\u00e9 rozdiely<\/span><\/td>\n<td align=\"left\"><span style=\"font-family: Liberation Serif\">&lt;15mK<\/span><\/td>\n<\/tr>\n<tr>\n<td align=\"left\" height=\"47\"><span style=\"font-family: Liberation Serif\">Obnovovacia frekvencia (Hz)<\/span><\/td>\n<td align=\"left\"><span style=\"font-family: Liberation Serif\">50Hz<\/span><\/td>\n<\/tr>\n<tr>\n<td align=\"left\" height=\"32\"><span style=\"font-family: Liberation Serif\">Objekt\u00edv (mm)<\/span><\/td>\n<td align=\"left\"><span style=\"font-family: Liberation Serif\">60mm \/ F1.0<\/span><\/td>\n<\/tr>\n<tr>\n<td align=\"left\" height=\"17\"><span style=\"font-family: Liberation Serif\">Zorn\u00e9 pole<\/span><\/td>\n<td align=\"left\"><span style=\"font-family: Liberation Serif\">14,7\u00b0 x 11,7\u00b0<\/span><\/td>\n<\/tr>\n<tr>\n<td align=\"left\" height=\"32\"><span style=\"font-family: Liberation Serif\">Digit\u00e1lne zv\u00e4\u010d\u0161enie<\/span><\/td>\n<td align=\"left\"><span style=\"font-family: Liberation Serif\">2x-24x<\/span><\/td>\n<\/tr>\n<tr>\n<td align=\"left\" height=\"17\"><span style=\"font-family: Liberation Serif\">Optick\u00fd zoom<\/span><\/td>\n<td align=\"left\"><span style=\"font-family: Liberation Serif\">3x-9x<\/span><\/td>\n<\/tr>\n<tr>\n<td align=\"left\" height=\"17\"><span style=\"font-family: Liberation Serif\">O\u010dn\u00fd reli\u00e9f<\/span><\/td>\n<td align=\"left\"><span style=\"font-family: Liberation Serif\">50mm<\/span><\/td>\n<\/tr>\n<tr>\n<td align=\"left\" height=\"32\"><span style=\"font-family: Liberation Serif\">Priemer o\u010dn\u00e9ho reli\u00e9fu<\/span><\/td>\n<td align=\"left\"><span style=\"font-family: Liberation Serif\">8mm<\/span><\/td>\n<\/tr>\n<tr>\n<td align=\"left\" height=\"32\"><span style=\"font-family: Liberation Serif\">Dioptrick\u00e1 korekcia<\/span><\/td>\n<td align=\"left\"><span style=\"font-family: Liberation Serif\">-5 &#8211; +5<\/span><\/td>\n<\/tr>\n<tr>\n<td align=\"left\" height=\"17\"><span style=\"font-family: Liberation Serif\">Detekcia<\/span><\/td>\n<td align=\"left\"><span style=\"font-family: Liberation Serif\">3100m<\/span><\/td>\n<\/tr>\n<tr>\n<td align=\"left\" height=\"32\"><span style=\"font-family: Liberation Serif\">Typ displeja<\/span><\/td>\n<td align=\"left\"><span style=\"font-family: Liberation Serif\">AMOLED 1.03&#8220;<\/span><\/td>\n<\/tr>\n<tr>\n<td align=\"left\" height=\"32\"><span style=\"font-family: Liberation Serif\">Rozl\u00ed\u0161enie displeja<\/span><\/td>\n<td align=\"left\"><span style=\"font-family: Liberation Serif\">2560x2560px<\/span><\/td>\n<\/tr>\n<tr>\n<td align=\"left\" height=\"77\"><span style=\"font-family: Liberation Serif\">Typ bat\u00e9rie<\/span><\/td>\n<td align=\"left\"><span style=\"font-family: Liberation Serif\">1. intern\u00e1 (4000mAh) + 2. vymenite\u013en\u00e1 186500<\/span><\/td>\n<\/tr>\n<tr>\n<td align=\"left\" height=\"32\"><span style=\"font-family: Liberation Serif\">V\u00fddr\u017e bat\u00e9rie<\/span><\/td>\n<td align=\"left\"><span style=\"font-family: Liberation Serif\">6h (intern\u00e1 + extern\u00e1)<\/span><\/td>\n<\/tr>\n<tr>\n<td align=\"left\" height=\"32\"><span style=\"font-family: Liberation Serif\">Wi-Fi \/ Aplik\u00e1cia<\/span><\/td>\n<td align=\"left\"><span style=\"font-family: Liberation Serif\">\u00c1no<\/span><\/td>\n<\/tr>\n<tr>\n<td align=\"left\" height=\"17\"><span style=\"font-family: Liberation Serif\">Foto\/Video<\/span><\/td>\n<td align=\"left\"><span style=\"font-family: Liberation Serif\">\u00c1no<\/span><\/td>\n<\/tr>\n<tr>\n<td align=\"left\" height=\"32\"><span style=\"font-family: Liberation Serif\">Nahr\u00e1vanie zvuku<\/span><\/td>\n<td align=\"left\"><span style=\"font-family: Liberation Serif\">\u00c1no<\/span><\/td>\n<\/tr>\n<tr>\n<td align=\"left\" height=\"62\"><span style=\"font-family: Liberation Serif\">Video aktivovan\u00e9 sp\u00e4tn\u00fdm r\u00e1zom<\/span><\/td>\n<td align=\"left\"><span style=\"font-family: Liberation Serif\">\u00c1no<\/span><\/td>\n<\/tr>\n<tr>\n<td align=\"left\" height=\"32\"><span style=\"font-family: Liberation Serif\">Balistick\u00e1 kalkula\u010dka<\/span><\/td>\n<td align=\"left\"><span style=\"font-family: Liberation Serif\">\u00c1no<\/span><\/td>\n<\/tr>\n<tr>\n<td align=\"left\" height=\"62\"><span style=\"font-family: Liberation Serif\">Laserov\u00fd dia\u013ekomer<\/span><\/td>\n<td align=\"left\"><span style=\"font-family: Liberation Serif\">\u00c1no, integrovan\u00fd v objekt\u00edve, do 1200m<\/span><\/td>\n<\/tr>\n<tr>\n<td align=\"left\" height=\"47\"><span style=\"font-family: Liberation Serif\">Prehliadanie vide\u00ed v pr\u00edstroji<\/span><\/td>\n<td align=\"left\"><span style=\"font-family: Liberation Serif\">\u00c1no<\/span><\/td>\n<\/tr>\n<tr>\n<td align=\"left\" height=\"32\"><span style=\"font-family: Liberation Serif\">Typ pripojenia<\/span><\/td>\n<td align=\"left\"><span style=\"font-family: Liberation Serif\">USB-C<\/span><\/td>\n<\/tr>\n<tr>\n<td align=\"left\" height=\"17\"><span style=\"font-family: Liberation Serif\">\u00dalo\u017eisko<\/span><\/td>\n<td align=\"left\"><span style=\"font-family: Liberation Serif\">64GB<\/span><\/td>\n<\/tr>\n<tr>\n<td align=\"left\" height=\"17\"><span style=\"font-family: Liberation Serif\">Vodotesnos\u0165<\/span><\/td>\n<td align=\"left\"><span style=\"font-family: Liberation Serif\">IP67<\/span><\/td>\n<\/tr>\n<tr>\n<td align=\"left\" height=\"17\"><span style=\"font-family: Liberation Serif\">V\u00e1ha<\/span><\/td>\n<td align=\"left\"><span style=\"font-family: Liberation Serif\">1300g<\/span><\/td>\n<\/tr>\n<tr>\n<td align=\"left\" height=\"32\"><span style=\"font-family: Liberation Serif\">Rozmery<\/span><\/td>\n<td align=\"left\"><span style=\"font-family: Liberation Serif\">390x90x71mm<\/span><\/td>\n<\/tr>\n<tr>\n<td align=\"left\" height=\"32\"><\/td>\n<td align=\"left\"><\/td>\n<\/tr>\n<\/tbody>\n<\/table>\n<\/div>\n<\/div>\n<p>Ofici\u00e1lna str\u00e1nka zna\u010dky: <a href=\"https:\/\/www.nocpix.com\/product-ace\/\">https:\/\/www.nocpix.com\/product-ace\/\u00a0<\/a><\/p>\n","protected":false},"excerpt":{"rendered":"<p>Bemutatjuk az ACE sorozatot, a h\u0151kamer\u00e1s c\u00e9lt\u00e1vcs\u00f6vek z\u00e1szl\u00f3shaj\u00f3j\u00e1t, amelyet minden vad\u00e1szati helyzetre terveztek.<\/p>\n<p>\u00daj, 2. gener\u00e1ci\u00f3s \u00e9rz\u00e9kel\u0151vel, integr\u00e1lt l\u00e9zeres t\u00e1vols\u00e1gm\u00e9r\u0151vel \u00e9s fejlett Reality+ \u00e9s Vision+ rendszerrel felszerelve. P\u00e1ratlan k\u00e9pmin\u0151s\u00e9get \u00e9s fel\u00fclm\u00falhatatlan teljes\u00edtm\u00e9nyt k\u00edn\u00e1l.<\/p>","protected":false},"featured_media":4551,"template":"","meta":{"_gspb_post_css":""},"product_brand":[316],"product_cat":[21,144,329],"product_tag":[280,347,262,311,362],"class_list":{"0":"post-4327","1":"product","2":"type-product","3":"status-publish","4":"has-post-thumbnail","6":"product_brand-nocpix","7":"product_cat-optika","8":"product_cat-termovizie","9":"product_cat-termovizne-puskohlady","10":"product_tag-ace","11":"product_tag-laserovy-dialkomer","12":"product_tag-nocpix","13":"product_tag-termovizia","14":"product_tag-termovizny-puskohlad","16":"first","17":"instock","18":"taxable","19":"shipping-taxable","20":"purchasable","21":"product-type-simple"},"ct_brands":[{"id":316,"name":"Nocpix","slug":"nocpix"}],"_links":{"self":[{"href":"https:\/\/zbranebudai.sk\/hu\/wp-json\/wp\/v2\/product\/4327","targetHints":{"allow":["GET"]}}],"collection":[{"href":"https:\/\/zbranebudai.sk\/hu\/wp-json\/wp\/v2\/product"}],"about":[{"href":"https:\/\/zbranebudai.sk\/hu\/wp-json\/wp\/v2\/types\/product"}],"wp:featuredmedia":[{"embeddable":true,"href":"https:\/\/zbranebudai.sk\/hu\/wp-json\/wp\/v2\/media\/4551"}],"wp:attachment":[{"href":"https:\/\/zbranebudai.sk\/hu\/wp-json\/wp\/v2\/media?parent=4327"}],"wp:term":[{"taxonomy":"product_brand","embeddable":true,"href":"https:\/\/zbranebudai.sk\/hu\/wp-json\/wp\/v2\/product_brand?post=4327"},{"taxonomy":"product_cat","embeddable":true,"href":"https:\/\/zbranebudai.sk\/hu\/wp-json\/wp\/v2\/product_cat?post=4327"},{"taxonomy":"product_tag","embeddable":true,"href":"https:\/\/zbranebudai.sk\/hu\/wp-json\/wp\/v2\/product_tag?post=4327"}],"curies":[{"name":"wp","href":"https:\/\/api.w.org\/{rel}","templated":true}]}}