{"id":4326,"date":"2025-02-01T21:21:58","date_gmt":"2025-02-01T19:21:58","guid":{"rendered":"https:\/\/zbranebudai.sk\/?post_type=product&#038;p=4326"},"modified":"2025-08-31T03:50:32","modified_gmt":"2025-08-31T01:50:32","slug":"nocpix-ace-l35-hokamera-celtavcso","status":"publish","type":"product","link":"https:\/\/zbranebudai.sk\/hu\/product\/nocpix-ace-l35-hokamera-celtavcso\/","title":{"rendered":"Nocpix ACE L35 h\u0151kamer\u00e1s c\u00e9lt\u00e1vcs\u0151"},"content":{"rendered":"<p><strong>Nocpix ACE L35 h\u0151kamer\u00e1s c\u00e9lt\u00e1vcs\u0151<\/strong><\/p>\n<p><strong>Reality+ AI: Mesters\u00e9ges intelligencia algoritmus<\/strong><\/p>\n<p>Az \u00fajonnan kifejlesztett Reality+ AI k\u00e9pfeldolgoz\u00f3 algoritmus hat\u00e9konyan kik\u00fcsz\u00f6b\u00f6li a k\u00f6rnyezeti h\u0151m\u00e9rs\u00e9klet okozta zajt, jav\u00edtva a kontrasztot \u00e9s a r\u00e9szletek \u00e9less\u00e9g\u00e9t. A mesters\u00e9ges intelligencia technol\u00f3gia seg\u00edt az \u00e9les, kiv\u00e1l\u00f3 min\u0151s\u00e9g\u0171 k\u00e9pek el\u0151\u00e1ll\u00edt\u00e1s\u00e1ban.<\/p>\n<p><strong>Vision+ rendszer: Mer\u00fclj\u00f6n el az akci\u00f3ban<\/strong><\/p>\n<p>Az \u00faj Vision+ rendszer 1,03 h\u00fcvelyk \u00e1tm\u00e9r\u0151j\u0171, kerek AMOLED kijelz\u0151vel rendelkezik, amelynek felbont\u00e1sa 2560\u00d72560 px. Ez a rendszer optikai zoomot k\u00edn\u00e1l a k\u00f6zvetlen optikai k\u00e9pnagy\u00edt\u00e1shoz, amely a hagyom\u00e1nyos digit\u00e1lis zoommal ellent\u00e9tben kik\u00fcsz\u00f6b\u00f6li az elmos\u00f3d\u00e1st, a torzul\u00e1st \u00e9s a k\u00e9pzajt. \u00c9lvezze a mag\u00e1val ragad\u00f3 vad\u00e1sz\u00e9lm\u00e9nyt.<\/p>\n<p><strong>Jav\u00edtott akkumul\u00e1tor \u00e9lettartam<\/strong><\/p>\n<p>Az ACE kett\u0151s akkumul\u00e1torrendszerrel van felszerelve, amely egy be\u00e9p\u00edtett 4000 mAh-s akkumul\u00e1tort \u00e9s egy tov\u00e1bbi cser\u00e9lhet\u0151 18650-es akkumul\u00e1tort tartalmaz. Ez a rendszer megfelel a terepen val\u00f3 hossz\u00fa v\u00e1rakoz\u00e1s k\u00f6vetelm\u00e9nyeinek.<\/p>\n<table border=\"0\" cellspacing=\"0\">\n<colgroup span=\"2\" width=\"85\"><\/colgroup>\n<tbody>\n<tr>\n<td align=\"left\" height=\"32\"><span style=\"font-family: Liberation Serif\">\u00c9rz\u00e9kel\u0151 felbont\u00e1sa<\/span><\/td>\n<td align=\"left\"><span style=\"font-family: Liberation Serif\">384x288px - 2. gener\u00e1ci\u00f3<\/span><\/td>\n<\/tr>\n<tr>\n<td align=\"left\" height=\"32\"><span style=\"font-family: Liberation Serif\">Pixel m\u00e9ret<\/span><\/td>\n<td align=\"left\"><span style=\"font-family: Liberation Serif\">12\u00b5m<\/span><\/td>\n<\/tr>\n<tr>\n<td align=\"left\" height=\"77\"><span style=\"font-family: Liberation Serif\">NETD - \u00c9rz\u00e9kel\u0151 \u00e9rz\u00e9kenys\u00e9ge a h\u0151m\u00e9rs\u00e9klet-k\u00fcl\u00f6nbs\u00e9gekre<\/span><\/td>\n<td align=\"left\"><span style=\"font-family: Liberation Serif\">&lt;18mK<\/span><\/td>\n<\/tr>\n<tr>\n<td align=\"left\" height=\"47\"><span style=\"font-family: Liberation Serif\">Friss\u00edt\u00e9si sebess\u00e9g (Hz)<\/span><\/td>\n<td align=\"left\"><span style=\"font-family: Liberation Serif\">60Hz<\/span><\/td>\n<\/tr>\n<tr>\n<td align=\"left\" height=\"32\"><span style=\"font-family: Liberation Serif\">Objekt\u00edv (mm)<\/span><\/td>\n<td align=\"left\"><span style=\"font-family: Liberation Serif\">35mm \/ F0.9<\/span><\/td>\n<\/tr>\n<tr>\n<td align=\"left\" height=\"17\"><span style=\"font-family: Liberation Serif\">L\u00e1t\u00f3mez\u0151<\/span><\/td>\n<td align=\"left\"><span style=\"font-family: Liberation Serif\">7,5\u00b0 x 5,7\u00b0\/13\u00d710<\/span><\/td>\n<\/tr>\n<tr>\n<td align=\"left\" height=\"32\"><span style=\"font-family: Liberation Serif\">Digit\u00e1lis nagy\u00edt\u00e1s<\/span><\/td>\n<td align=\"left\"><span style=\"font-family: Liberation Serif\">4x-16x<\/span><\/td>\n<\/tr>\n<tr>\n<td align=\"left\" height=\"17\"><span style=\"font-family: Liberation Serif\">Optikai zoom<\/span><\/td>\n<td align=\"left\"><span style=\"font-family: Liberation Serif\">1x-3x<\/span><\/td>\n<\/tr>\n<tr>\n<td align=\"left\" height=\"17\"><span style=\"font-family: Liberation Serif\">Szemkiemel\u00e9s<\/span><\/td>\n<td align=\"left\"><span style=\"font-family: Liberation Serif\">50mm<\/span><\/td>\n<\/tr>\n<tr>\n<td align=\"left\" height=\"32\"><span style=\"font-family: Liberation Serif\">Szemt\u00e1vols\u00e1g \u00e1tm\u00e9r\u0151je<\/span><\/td>\n<td align=\"left\"><span style=\"font-family: Liberation Serif\">8mm<\/span><\/td>\n<\/tr>\n<tr>\n<td align=\"left\" height=\"32\"><span style=\"font-family: Liberation Serif\">Dioptri\u00e1s korrekci\u00f3<\/span><\/td>\n<td align=\"left\"><span style=\"font-family: Liberation Serif\">-5 - +5<\/span><\/td>\n<\/tr>\n<tr>\n<td align=\"left\" height=\"17\"><span style=\"font-family: Liberation Serif\">\u00c9rz\u00e9kel\u00e9s<\/span><\/td>\n<td align=\"left\"><span style=\"font-family: Liberation Serif\">1800m<\/span><\/td>\n<\/tr>\n<tr>\n<td align=\"left\" height=\"32\"><span style=\"font-family: Liberation Serif\">Megjelen\u00edt\u00e9s t\u00edpusa<\/span><\/td>\n<td align=\"left\"><span style=\"font-family: Liberation Serif\">AMOLED 1.03\"<\/span><\/td>\n<\/tr>\n<tr>\n<td align=\"left\" height=\"32\"><span style=\"font-family: Liberation Serif\">Kijelz\u0151 felbont\u00e1sa<\/span><\/td>\n<td align=\"left\"><span style=\"font-family: Liberation Serif\">2560x2560px<\/span><\/td>\n<\/tr>\n<tr>\n<td align=\"left\" height=\"77\"><span style=\"font-family: Liberation Serif\">Akkumul\u00e1tor t\u00edpusa<\/span><\/td>\n<td align=\"left\"><span style=\"font-family: Liberation Serif\">1. bels\u0151 (4000mAh) + 2. cser\u00e9lhet\u0151 18650<\/span><\/td>\n<\/tr>\n<tr>\n<td align=\"left\" height=\"32\"><span style=\"font-family: Liberation Serif\">Az akkumul\u00e1tor \u00e9lettartama<\/span><\/td>\n<td align=\"left\"><span style=\"font-family: Liberation Serif\">7h (bels\u0151 + k\u00fcls\u0151)<\/span><\/td>\n<\/tr>\n<tr>\n<td align=\"left\" height=\"32\"><span style=\"font-family: Liberation Serif\">Wi-Fi \/ alkalmaz\u00e1s<\/span><\/td>\n<td align=\"left\"><span style=\"font-family: Liberation Serif\">Igen<\/span><\/td>\n<\/tr>\n<tr>\n<td align=\"left\" height=\"17\"><span style=\"font-family: Liberation Serif\">Fot\u00f3\/Vide\u00f3<\/span><\/td>\n<td align=\"left\"><span style=\"font-family: Liberation Serif\">Igen<\/span><\/td>\n<\/tr>\n<tr>\n<td align=\"left\" height=\"32\"><span style=\"font-family: Liberation Serif\">Hangfelv\u00e9tel<\/span><\/td>\n<td align=\"left\"><span style=\"font-family: Liberation Serif\">Igen<\/span><\/td>\n<\/tr>\n<tr>\n<td align=\"left\" height=\"62\"><span style=\"font-family: Liberation Serif\">Vide\u00f3 visszahat\u00e1s aktiv\u00e1lva<\/span><\/td>\n<td align=\"left\"><span style=\"font-family: Liberation Serif\">Igen<\/span><\/td>\n<\/tr>\n<tr>\n<td align=\"left\" height=\"32\"><span style=\"font-family: Liberation Serif\">Ballisztikus kalkul\u00e1tor<\/span><\/td>\n<td align=\"left\"><span style=\"font-family: Liberation Serif\">Nem<\/span><\/td>\n<\/tr>\n<tr>\n<td align=\"left\" height=\"32\"><span style=\"font-family: Liberation Serif\">L\u00e9zeres t\u00e1vols\u00e1gm\u00e9r\u0151<\/span><\/td>\n<td align=\"left\"><span style=\"font-family: Liberation Serif\">Nem<\/span><\/td>\n<\/tr>\n<tr>\n<td align=\"left\" height=\"47\"><span style=\"font-family: Liberation Serif\">Vide\u00f3k lej\u00e1tsz\u00e1sa a k\u00e9sz\u00fcl\u00e9ken<\/span><\/td>\n<td align=\"left\"><span style=\"font-family: Liberation Serif\">Igen<\/span><\/td>\n<\/tr>\n<tr>\n<td align=\"left\" height=\"32\"><span style=\"font-family: Liberation Serif\">Csatlakoz\u00e1s t\u00edpusa<\/span><\/td>\n<td align=\"left\"><span style=\"font-family: Liberation Serif\">USB-C<\/span><\/td>\n<\/tr>\n<tr>\n<td align=\"left\" height=\"17\"><span style=\"font-family: Liberation Serif\">T\u00e1rhely<\/span><\/td>\n<td align=\"left\"><span style=\"font-family: Liberation Serif\">64GB<\/span><\/td>\n<\/tr>\n<tr>\n<td align=\"left\" height=\"32\"><span style=\"font-family: Liberation Serif\">V\u00edz\u00e1ll\u00f3<\/span><\/td>\n<td align=\"left\"><span style=\"font-family: Liberation Serif\">IP67<\/span><\/td>\n<\/tr>\n<tr>\n<td align=\"left\" height=\"17\"><span style=\"font-family: Liberation Serif\">S\u00faly<\/span><\/td>\n<td align=\"left\"><span style=\"font-family: Liberation Serif\">1050g<\/span><\/td>\n<\/tr>\n<tr>\n<td align=\"left\" height=\"32\"><span style=\"font-family: Liberation Serif\">M\u00e9retek<\/span><\/td>\n<td align=\"left\"><span style=\"font-family: Liberation Serif\">350x90x62mm<\/span><\/td>\n<\/tr>\n<tr>\n<td align=\"left\" height=\"32\"><span style=\"font-family: Liberation Serif\">Cs\u0151 \u00e1tm\u00e9r\u0151je<\/span><\/td>\n<td align=\"left\"><span style=\"font-family: Liberation Serif\">30mm<\/span><\/td>\n<\/tr>\n<\/tbody>\n<\/table>\n<p>Hivatalos m\u00e1rkaoldal: <a href=\"https:\/\/www.nocpix.com\/product-ace\/\">https:\/\/www.nocpix.com\/product-ace\/\u00a0<\/a><\/p>","protected":false},"excerpt":{"rendered":"<p>Bemutatjuk az ACE sorozatot, a h\u0151kamer\u00e1s c\u00e9lt\u00e1vcs\u00f6vek z\u00e1szl\u00f3shaj\u00f3j\u00e1t, amelyet minden vad\u00e1szati helyzetre terveztek.<\/p>\n<p>P\u00e1ratlan k\u00e9pmin\u0151s\u00e9get \u00e9s fel\u00fclm\u00falhatatlan teljes\u00edtm\u00e9nyt k\u00edn\u00e1l.<\/p>","protected":false},"featured_media":4538,"template":"","meta":{"_gspb_post_css":""},"product_brand":[],"product_cat":[21,144,329],"product_tag":[280,262,311,362],"class_list":{"0":"post-4326","1":"product","2":"type-product","3":"status-publish","4":"has-post-thumbnail","6":"product_cat-optika","7":"product_cat-termovizie","8":"product_cat-termovizne-puskohlady","9":"product_tag-ace","10":"product_tag-nocpix","11":"product_tag-termovizia","12":"product_tag-termovizny-puskohlad","14":"first","15":"instock","16":"taxable","17":"shipping-taxable","18":"purchasable","19":"product-type-simple"},"ct_brands":[],"_links":{"self":[{"href":"https:\/\/zbranebudai.sk\/hu\/wp-json\/wp\/v2\/product\/4326","targetHints":{"allow":["GET"]}}],"collection":[{"href":"https:\/\/zbranebudai.sk\/hu\/wp-json\/wp\/v2\/product"}],"about":[{"href":"https:\/\/zbranebudai.sk\/hu\/wp-json\/wp\/v2\/types\/product"}],"wp:featuredmedia":[{"embeddable":true,"href":"https:\/\/zbranebudai.sk\/hu\/wp-json\/wp\/v2\/media\/4538"}],"wp:attachment":[{"href":"https:\/\/zbranebudai.sk\/hu\/wp-json\/wp\/v2\/media?parent=4326"}],"wp:term":[{"taxonomy":"product_brand","embeddable":true,"href":"https:\/\/zbranebudai.sk\/hu\/wp-json\/wp\/v2\/product_brand?post=4326"},{"taxonomy":"product_cat","embeddable":true,"href":"https:\/\/zbranebudai.sk\/hu\/wp-json\/wp\/v2\/product_cat?post=4326"},{"taxonomy":"product_tag","embeddable":true,"href":"https:\/\/zbranebudai.sk\/hu\/wp-json\/wp\/v2\/product_tag?post=4326"}],"curies":[{"name":"wp","href":"https:\/\/api.w.org\/{rel}","templated":true}]}}