{"id":4288,"date":"2025-02-01T21:20:53","date_gmt":"2025-02-01T19:20:53","guid":{"rendered":"https:\/\/zbranebudai.sk\/?post_type=product&#038;p=4288"},"modified":"2025-08-31T03:50:32","modified_gmt":"2025-08-31T01:50:32","slug":"pard-fd1-850-lrf-ejjellato-kereso-celtavcso-elotet-31","status":"publish","type":"product","link":"https:\/\/zbranebudai.sk\/hu\/product\/pard-fd1-850-lrf-ejjellato-kereso-celtavcso-elotet-31\/","title":{"rendered":"Pard FD1 850nm LRF \u00e9jjell\u00e1t\u00f3 3in1 el\u00fcls\u0151 l\u00e1tcs\u0151, el\u00fcls\u0151 l\u00e1tcs\u0151 \u00e9s monokul\u00e1r t\u00e1vols\u00e1gm\u00e9r\u0151vel"},"content":{"rendered":"<p><strong>Pard FD1 850nm LRF \u00e9jjell\u00e1t\u00f3 3in1 el\u00fcls\u0151 l\u00e1tcs\u0151, el\u00fcls\u0151 l\u00e1tcs\u0151 \u00e9s monokul\u00e1r t\u00e1vols\u00e1gm\u00e9r\u0151vel<\/strong><\/p>\n<p><strong>Gyors csatlakoztat\u00e1s \u00e9s lev\u00e1laszt\u00e1s<\/strong><\/p>\n<p>Az FD1 tartoz\u00e9ka egy gyorscsatlakoz\u00f3 adapter (42-62 mm), amellyel gyorsan v\u00e1lthat a hagyom\u00e1nyos t\u00e1vcs\u0151 \u00e9s az \u00e9jjell\u00e1t\u00f3 t\u00e1vcs\u0151 k\u00f6z\u00f6tt, ha a f\u00e9nyviszonyok megv\u00e1ltoznak.<\/p>\n<p>H\u00e1rom az egyben - k\u00fcl\u00f6nb\u00f6z\u0151 felhaszn\u00e1l\u00e1si m\u00f3dok \u00e9s funkci\u00f3k.<\/p>\n<table border=\"0\" cellspacing=\"0\">\n<colgroup span=\"3\" width=\"85\"><\/colgroup>\n<tbody>\n<tr>\n<td align=\"left\" height=\"32\"><b><span style=\"font-family: Liberation Serif\">\u00c9rz\u00e9kel\u0151<\/span><\/b><\/td>\n<td align=\"left\"><span style=\"font-family: Liberation Serif\">T\u00edpus<\/span><\/td>\n<td align=\"left\"><span style=\"font-family: Liberation Serif\">CMOS<\/span><\/td>\n<\/tr>\n<tr>\n<td align=\"left\" height=\"32\"><span style=\"font-family: Liberation Serif\">\u00a0<\/span><\/td>\n<td align=\"left\"><span style=\"font-family: Liberation Serif\">Felbont\u00e1s (pixel)<\/span><\/td>\n<td align=\"left\"><span style=\"font-family: Liberation Serif\">1920\u00d71080<\/span><\/td>\n<\/tr>\n<tr>\n<td align=\"left\" height=\"32\"><span style=\"font-family: Liberation Serif\">\u00a0<\/span><\/td>\n<td align=\"left\"><span style=\"font-family: Liberation Serif\">Pixel m\u00e9ret (\u00b5m)<\/span><\/td>\n<td align=\"left\"><span style=\"font-family: Liberation Serif\">2.9<\/span><\/td>\n<\/tr>\n<tr>\n<td align=\"left\" height=\"47\"><span style=\"font-family: Liberation Serif\">\u00a0<\/span><\/td>\n<td align=\"left\"><span style=\"font-family: Liberation Serif\">K\u00e9pkockasebess\u00e9g (Hz)<\/span><\/td>\n<td align=\"left\"><span style=\"font-family: Liberation Serif\">Sz\u00ednes: 60 \/ fekete-feh\u00e9r: 30<\/span><\/td>\n<\/tr>\n<tr>\n<td align=\"left\" height=\"32\"><span style=\"font-family: Liberation Serif\">\u00a0<\/span><\/td>\n<td align=\"left\"><span style=\"font-family: Liberation Serif\">K\u00e9pfeldolgoz\u00f3<\/span><\/td>\n<td align=\"left\"><span style=\"font-family: Liberation Serif\">PARD VLEA<\/span><\/td>\n<\/tr>\n<tr>\n<td align=\"left\" height=\"32\"><b><span style=\"font-family: Liberation Serif\">Optika<\/span><\/b><\/td>\n<td align=\"left\"><span style=\"font-family: Liberation Serif\">\u00a0<\/span><\/td>\n<td align=\"left\"><span style=\"font-family: Liberation Serif\">\u00a0<\/span><\/td>\n<\/tr>\n<tr>\n<td align=\"left\" height=\"32\"><span style=\"font-family: Liberation Serif\">\u00a0<\/span><\/td>\n<td align=\"left\"><span style=\"font-family: Liberation Serif\">Objekt\u00edv elem (mm)<\/span><\/td>\n<td align=\"left\"><span style=\"font-family: Liberation Serif\">30<\/span><\/td>\n<\/tr>\n<tr>\n<td align=\"left\" height=\"32\"><span style=\"font-family: Liberation Serif\">\u00a0<\/span><\/td>\n<td align=\"left\"><span style=\"font-family: Liberation Serif\">Optikai nagy\u00edt\u00e1s (x)<\/span><\/td>\n<td align=\"left\"><span style=\"font-family: Liberation Serif\">1<\/span><\/td>\n<\/tr>\n<tr>\n<td align=\"left\" height=\"32\"><span style=\"font-family: Liberation Serif\">\u00a0<\/span><\/td>\n<td align=\"left\"><span style=\"font-family: Liberation Serif\">Digit\u00e1lis zoom (x)<\/span><\/td>\n<td align=\"left\"><span style=\"font-family: Liberation Serif\">N\/A<\/span><\/td>\n<\/tr>\n<tr>\n<td align=\"left\" height=\"32\"><span style=\"font-family: Liberation Serif\">\u00a0<\/span><\/td>\n<td align=\"left\"><span style=\"font-family: Liberation Serif\">L\u00e1t\u00f3mez\u0151 (v\u00edzszintes)<\/span><\/td>\n<td align=\"left\"><span style=\"font-family: Liberation Serif\">7.9<\/span><\/td>\n<\/tr>\n<tr>\n<td align=\"left\" height=\"32\"><span style=\"font-family: Liberation Serif\">\u00a0<\/span><\/td>\n<td align=\"left\"><span style=\"font-family: Liberation Serif\">L\u00e1t\u00f3mez\u0151 (f\u00fcgg\u0151leges)<\/span><\/td>\n<td align=\"left\"><span style=\"font-family: Liberation Serif\">5.9<\/span><\/td>\n<\/tr>\n<tr>\n<td align=\"left\" height=\"32\"><span style=\"font-family: Liberation Serif\">\u00a0<\/span><\/td>\n<td align=\"left\"><span style=\"font-family: Liberation Serif\">L\u00e1t\u00f3mez\u0151 (\u00e1tl\u00f3s)<\/span><\/td>\n<td align=\"left\"><span style=\"font-family: Liberation Serif\">9.9<\/span><\/td>\n<\/tr>\n<tr>\n<td align=\"left\" height=\"47\"><span style=\"font-family: Liberation Serif\">\u00a0<\/span><\/td>\n<td align=\"left\"><span style=\"font-family: Liberation Serif\">Szemt\u00e1vols\u00e1g (mm)<\/span><\/td>\n<td align=\"left\"><span style=\"font-family: Liberation Serif\">N\/A<\/span><\/td>\n<\/tr>\n<tr>\n<td align=\"left\" height=\"32\"><span style=\"font-family: Liberation Serif\">\u00a0<\/span><\/td>\n<td align=\"left\"><span style=\"font-family: Liberation Serif\">Dioptri\u00e1s korrekci\u00f3 (D)<\/span><\/td>\n<td align=\"left\"><span style=\"font-family: Liberation Serif\">N\/A<\/span><\/td>\n<\/tr>\n<tr>\n<td align=\"left\" height=\"17\"><b><span style=\"font-family: Liberation Serif\">Kijelz\u0151<\/span><\/b><\/td>\n<td align=\"left\"><span style=\"font-family: Liberation Serif\">\u00a0<\/span><\/td>\n<td align=\"left\"><span style=\"font-family: Liberation Serif\">\u00a0<\/span><\/td>\n<\/tr>\n<tr>\n<td align=\"left\" height=\"47\"><span style=\"font-family: Liberation Serif\">\u00a0<\/span><\/td>\n<td align=\"left\"><span style=\"font-family: Liberation Serif\">T\u00edpus<\/span><\/td>\n<td align=\"left\"><span style=\"font-family: Liberation Serif\">OLED<\/span><\/td>\n<\/tr>\n<tr>\n<td align=\"left\" height=\"32\"><span style=\"font-family: Liberation Serif\">\u00a0<\/span><\/td>\n<td align=\"left\"><span style=\"font-family: Liberation Serif\">Felbont\u00e1s (pixel)<\/span><\/td>\n<td align=\"left\"><span style=\"font-family: Liberation Serif\">1440\u00d71080<\/span><\/td>\n<\/tr>\n<tr>\n<td align=\"left\" height=\"32\"><span style=\"font-family: Liberation Serif\">\u00a0<\/span><\/td>\n<td align=\"left\"><span style=\"font-family: Liberation Serif\">Sz\u00e1nd\u00e9kos v\u00e1zlatst\u00edlus<\/span><\/td>\n<td align=\"left\"><span style=\"font-family: Liberation Serif\">6<\/span><\/td>\n<\/tr>\n<tr>\n<td align=\"left\" height=\"47\"><span style=\"font-family: Liberation Serif\">\u00a0<\/span><\/td>\n<td align=\"left\"><span style=\"font-family: Liberation Serif\">Sz\u00e1nd\u00e9kos l\u00e1ncszem sz\u00edn<\/span><\/td>\n<td align=\"left\"><span style=\"font-family: Liberation Serif\">N\/A<\/span><\/td>\n<\/tr>\n<tr>\n<td align=\"left\" height=\"32\"><span style=\"font-family: Liberation Serif\">\u00a0<\/span><\/td>\n<td align=\"left\"><span style=\"font-family: Liberation Serif\">K\u00e9p \u00fczemm\u00f3d<\/span><\/td>\n<td align=\"left\"><span style=\"font-family: Liberation Serif\">Sz\u00ednes \/ Mono<\/span><\/td>\n<\/tr>\n<tr>\n<td align=\"left\" height=\"47\"><b><span style=\"font-family: Liberation Serif\">Fot\u00f3 \/ vide\u00f3<\/span><\/b><\/td>\n<td align=\"left\"><span style=\"font-family: Liberation Serif\">F\u00e9nyk\u00e9p felbont\u00e1sa (pixel)<\/span><\/td>\n<td align=\"left\"><span style=\"font-family: Liberation Serif\">2592\u00d71944<\/span><\/td>\n<\/tr>\n<tr>\n<td align=\"left\" height=\"47\"><span style=\"font-family: Liberation Serif\">\u00a0<\/span><\/td>\n<td align=\"left\"><span style=\"font-family: Liberation Serif\">F\u00e9nyk\u00e9p form\u00e1tum<\/span><\/td>\n<td align=\"left\"><span style=\"font-family: Liberation Serif\">.JPG<\/span><\/td>\n<\/tr>\n<tr>\n<td align=\"left\" height=\"32\"><span style=\"font-family: Liberation Serif\">\u00a0<\/span><\/td>\n<td align=\"left\"><span style=\"font-family: Liberation Serif\">Vide\u00f3 felbont\u00e1s (pixel)<\/span><\/td>\n<td align=\"left\"><span style=\"font-family: Liberation Serif\">TBD<\/span><\/td>\n<\/tr>\n<tr>\n<td align=\"left\" height=\"32\"><span style=\"font-family: Liberation Serif\">\u00a0<\/span><\/td>\n<td align=\"left\"><span style=\"font-family: Liberation Serif\">Vide\u00f3 form\u00e1tum<\/span><\/td>\n<td align=\"left\"><span style=\"font-family: Liberation Serif\">.mp4<\/span><\/td>\n<\/tr>\n<tr>\n<td align=\"left\" height=\"32\"><span style=\"font-family: Liberation Serif\">\u00a0<\/span><\/td>\n<td align=\"left\"><span style=\"font-family: Liberation Serif\">T\u00e1rol\u00e1s (GB)<\/span><\/td>\n<td align=\"left\"><span style=\"font-family: Liberation Serif\">TF k\u00e1rtya (max. 128GB)<\/span><\/td>\n<\/tr>\n<tr>\n<td align=\"left\" height=\"32\"><b><span style=\"font-family: Liberation Serif\">F\u0151 funkci\u00f3k<\/span><\/b><\/td>\n<td align=\"left\"><span style=\"font-family: Liberation Serif\">\u00a0<\/span><\/td>\n<td align=\"left\"><span style=\"font-family: Liberation Serif\">\u00a0<\/span><\/td>\n<\/tr>\n<tr>\n<td align=\"left\" height=\"32\"><span style=\"font-family: Liberation Serif\">\u00a0<\/span><\/td>\n<td align=\"left\"><span style=\"font-family: Liberation Serif\">LRF \u00e9rz\u00e9kel\u00e9si tartom\u00e1ny<\/span><\/td>\n<td align=\"left\"><span style=\"font-family: Liberation Serif\">1000m \/ 1200yd<\/span><\/td>\n<\/tr>\n<tr>\n<td align=\"left\" height=\"32\"><span style=\"font-family: Liberation Serif\">\u00a0<\/span><\/td>\n<td align=\"left\"><span style=\"font-family: Liberation Serif\">Ballisztikus kalkul\u00e1tor<\/span><\/td>\n<td align=\"left\"><span style=\"font-family: Liberation Serif\">N\/A<\/span><\/td>\n<\/tr>\n<tr>\n<td align=\"left\" height=\"32\"><span style=\"font-family: Liberation Serif\">\u00a0<\/span><\/td>\n<td align=\"left\"><span style=\"font-family: Liberation Serif\">PIP<\/span><\/td>\n<td align=\"left\"><span style=\"font-family: Liberation Serif\">N\/A<\/span><\/td>\n<\/tr>\n<tr>\n<td align=\"left\" height=\"32\"><span style=\"font-family: Liberation Serif\">\u00a0<\/span><\/td>\n<td align=\"left\"><span style=\"font-family: Liberation Serif\">Automatikus felv\u00e9tel<\/span><\/td>\n<td align=\"left\"><span style=\"font-family: Liberation Serif\">Igen<\/span><\/td>\n<\/tr>\n<tr>\n<td align=\"left\" height=\"32\"><span style=\"font-family: Liberation Serif\">\u00a0<\/span><\/td>\n<td align=\"left\"><span style=\"font-family: Liberation Serif\">Hurokfelv\u00e9tel<\/span><\/td>\n<td align=\"left\"><span style=\"font-family: Liberation Serif\">Igen<\/span><\/td>\n<\/tr>\n<tr>\n<td align=\"left\" height=\"17\"><span style=\"font-family: Liberation Serif\">\u00a0<\/span><\/td>\n<td align=\"left\"><span style=\"font-family: Liberation Serif\">Mikrofon<\/span><\/td>\n<td align=\"left\"><span style=\"font-family: Liberation Serif\">Igen<\/span><\/td>\n<\/tr>\n<tr>\n<td align=\"left\" height=\"32\"><span style=\"font-family: Liberation Serif\">\u00a0<\/span><\/td>\n<td align=\"left\"><span style=\"font-family: Liberation Serif\">IR hull\u00e1mhossz (nm)<\/span><\/td>\n<td align=\"left\"><span style=\"font-family: Liberation Serif\">850 \/ 940<\/span><\/td>\n<\/tr>\n<tr>\n<td align=\"left\" height=\"32\"><span style=\"font-family: Liberation Serif\">\u00a0<\/span><\/td>\n<td align=\"left\"><span style=\"font-family: Liberation Serif\">IR megvil\u00e1g\u00edt\u00e1si szint<\/span><\/td>\n<td align=\"left\"><span style=\"font-family: Liberation Serif\">3 szint<\/span><\/td>\n<\/tr>\n<tr>\n<td align=\"left\" height=\"32\"><b><span style=\"font-family: Liberation Serif\">Kapcsolatok<\/span><\/b><\/td>\n<td align=\"left\"><span style=\"font-family: Liberation Serif\">USB Type-C<\/span><\/td>\n<td align=\"left\"><span style=\"font-family: Liberation Serif\">Igen<\/span><\/td>\n<\/tr>\n<tr>\n<td align=\"left\" height=\"32\"><span style=\"font-family: Liberation Serif\">\u00a0<\/span><\/td>\n<td align=\"left\"><span style=\"font-family: Liberation Serif\">WiFi<\/span><\/td>\n<td align=\"left\"><span style=\"font-family: Liberation Serif\">Igen<\/span><\/td>\n<\/tr>\n<tr>\n<td align=\"left\" height=\"47\"><span style=\"font-family: Liberation Serif\">\u00a0<\/span><\/td>\n<td align=\"left\"><span style=\"font-family: Liberation Serif\">T\u00e1mogatott alkalmaz\u00e1sok<\/span><\/td>\n<td align=\"left\"><span style=\"font-family: Liberation Serif\">PardVision<\/span><\/td>\n<\/tr>\n<tr>\n<td align=\"left\" height=\"32\"><b><span style=\"font-family: Liberation Serif\">Teljes\u00edtm\u00e9ny<\/span><\/b><\/td>\n<td align=\"left\"><span style=\"font-family: Liberation Serif\">Akkumul\u00e1tor t\u00edpusa<\/span><\/td>\n<td align=\"left\"><span style=\"font-family: Liberation Serif\">L\u00edtium-ion 18650<\/span><\/td>\n<\/tr>\n<tr>\n<td align=\"left\" height=\"47\"><span style=\"font-family: Liberation Serif\">\u00a0<\/span><\/td>\n<td align=\"left\"><span style=\"font-family: Liberation Serif\">Kimeneti fesz\u00fclts\u00e9g (V)<\/span><\/td>\n<td align=\"left\"><span style=\"font-family: Liberation Serif\">3.7<\/span><\/td>\n<\/tr>\n<tr>\n<td align=\"left\" height=\"47\"><span style=\"font-family: Liberation Serif\">\u00a0<\/span><\/td>\n<td align=\"left\"><span style=\"font-family: Liberation Serif\">M\u0171k\u00f6d\u00e9si id\u0151 (h, max)<\/span><\/td>\n<td align=\"left\"><span style=\"font-family: Liberation Serif\">\u22648<\/span><\/td>\n<\/tr>\n<tr>\n<td align=\"left\" height=\"47\"><span style=\"font-family: Liberation Serif\">\u00a0<\/span><\/td>\n<td align=\"left\"><span style=\"font-family: Liberation Serif\">K\u00fcls\u0151 t\u00e1pegys\u00e9g (V)<\/span><\/td>\n<td align=\"left\"><span style=\"font-family: Liberation Serif\">C-t\u00edpus\u00fa<\/span><\/td>\n<\/tr>\n<tr>\n<td align=\"left\" height=\"62\"><b><span style=\"font-family: Liberation Serif\">K\u00f6rnyezeti tulajdons\u00e1gok<\/span><\/b><\/td>\n<td align=\"left\"><span style=\"font-family: Liberation Serif\">V\u00e9delmi oszt\u00e1ly<\/span><\/td>\n<td align=\"left\"><span style=\"font-family: Liberation Serif\">IP67<\/span><\/td>\n<\/tr>\n<tr>\n<td align=\"left\" height=\"47\"><span style=\"font-family: Liberation Serif\">\u00a0<\/span><\/td>\n<td align=\"left\"><span style=\"font-family: Liberation Serif\">\u00dczemi h\u0151m\u00e9rs\u00e9klet (\u00b0C\/\u00b0F)<\/span><\/td>\n<td align=\"left\"><span style=\"font-family: Liberation Serif\">-4\u2109~122\u2109 \/ -20\u2103~50\u2103<\/span><\/td>\n<\/tr>\n<tr>\n<td align=\"left\" height=\"62\"><span style=\"font-family: Liberation Serif\">\u00a0<\/span><\/td>\n<td align=\"left\"><span style=\"font-family: Liberation Serif\">Visszar\u00fag\u00e1ssal szembeni ellen\u00e1ll\u00e1s (J)<\/span><\/td>\n<td align=\"left\"><span style=\"font-family: Liberation Serif\">6000<\/span><\/td>\n<\/tr>\n<\/tbody>\n<\/table>\n<p>Hivatalos m\u00e1rkaoldal: <a href=\"https:\/\/eu.pard.com\/product\/night-vision-clip-on-fd1-lrf\">https:\/\/eu.pard.com\/product\/night-vision-clip-on-fd1-lrf<\/a><\/p>","protected":false},"excerpt":{"rendered":"<p>A PARD FD1 \u00e9jjell\u00e1t\u00f3 el\u00fcls\u0151 c\u00e9lt\u00e1vcs\u00f6vet \u00fagy tervezt\u00e9k, hogy b\u00e1rmilyen puskat\u00e1vcs\u00f6vet cs\u00facsmin\u0151s\u00e9g\u0171 \u00e9jjell\u00e1t\u00f3 t\u00e1vcs\u0151v\u00e9 alak\u00edtson \u00e1t.<\/p>\n<p><strong>3v1<\/strong> - el\u0151re be\u00e1ll\u00edtott, l\u00e1t\u00f3, megfigyel\u0151 \u00e9jszakai monokul\u00e1r.<\/p>\n<p>T\u00e1vols\u00e1gm\u00e9r\u0151 v\u00e1ltozat, amelynek hat\u00f3t\u00e1vols\u00e1ga ak\u00e1r <strong>1000 m.<\/strong><\/p>","protected":false},"featured_media":4533,"template":"","meta":{"_gspb_post_css":""},"product_brand":[308],"product_cat":[335,145,21,334,332],"product_tag":[313,287,188,325,229,323,312],"class_list":{"0":"post-4288","1":"product","2":"type-product","3":"status-publish","4":"has-post-thumbnail","6":"product_brand-pard","7":"product_cat-monokulare-s-nocnym-videnim","8":"product_cat-nocne-videnie","9":"product_cat-optika","10":"product_cat-predsadky-s-nocnym-videnim","11":"product_cat-zameriavace-s-nocnym-videnim","12":"product_tag-dialkomer","13":"product_tag-fd1","14":"product_tag-monokular","15":"product_tag-nocne-videnie","16":"product_tag-pard","17":"product_tag-predsadka","18":"product_tag-zameriavac","20":"first","21":"instock","22":"taxable","23":"shipping-taxable","24":"purchasable","25":"product-type-simple"},"ct_brands":[{"id":308,"name":"Pard","slug":"pard"}],"_links":{"self":[{"href":"https:\/\/zbranebudai.sk\/hu\/wp-json\/wp\/v2\/product\/4288","targetHints":{"allow":["GET"]}}],"collection":[{"href":"https:\/\/zbranebudai.sk\/hu\/wp-json\/wp\/v2\/product"}],"about":[{"href":"https:\/\/zbranebudai.sk\/hu\/wp-json\/wp\/v2\/types\/product"}],"wp:featuredmedia":[{"embeddable":true,"href":"https:\/\/zbranebudai.sk\/hu\/wp-json\/wp\/v2\/media\/4533"}],"wp:attachment":[{"href":"https:\/\/zbranebudai.sk\/hu\/wp-json\/wp\/v2\/media?parent=4288"}],"wp:term":[{"taxonomy":"product_brand","embeddable":true,"href":"https:\/\/zbranebudai.sk\/hu\/wp-json\/wp\/v2\/product_brand?post=4288"},{"taxonomy":"product_cat","embeddable":true,"href":"https:\/\/zbranebudai.sk\/hu\/wp-json\/wp\/v2\/product_cat?post=4288"},{"taxonomy":"product_tag","embeddable":true,"href":"https:\/\/zbranebudai.sk\/hu\/wp-json\/wp\/v2\/product_tag?post=4288"}],"curies":[{"name":"wp","href":"https:\/\/api.w.org\/{rel}","templated":true}]}}