{"id":4263,"date":"2025-02-01T21:20:12","date_gmt":"2025-02-01T19:20:12","guid":{"rendered":"https:\/\/zbranebudai.sk\/?post_type=product&#038;p=4263"},"modified":"2025-08-31T03:50:32","modified_gmt":"2025-08-31T01:50:32","slug":"thermtec-hunt-650-hokamera-elotet","status":"publish","type":"product","link":"https:\/\/zbranebudai.sk\/hu\/product\/thermtec-hunt-650-hokamera-elotet\/","title":{"rendered":"ThermTec HUNT 650 h\u0151kamera"},"content":{"rendered":"<p><strong>ThermTec HUNT 650 h\u0151kamera<\/strong><\/p>\n<p>A ThermTec bemutatja a vil\u00e1gnak az els\u0151 termov\u00e1ly\u00fat - a Hunt! A h\u0151m\u00e9rs\u00e9klet-k\u00fcl\u00f6nbs\u00e9g lek\u00e9pez\u00e9s\u00e9nek technol\u00f3giai fejleszt\u00e9se, az el\u0151re be\u00e1ll\u00edtott k\u00e9sz\u00fcl\u00e9ket nagyon k\u00f6nnyen be lehet vetni egy nappali t\u00e1vcs\u0151re, \u00e9s nincs sz\u00fcks\u00e9g ut\u00e1na \u00fajb\u00f3li felv\u00e9telre.<\/p>\n<ul>\n<li>\u00c9rz\u00e9kel\u0151 640 \u00d7 512 px<\/li>\n<li>H\u0151m\u00e9rs\u00e9kleti \u00e9rz\u00e9kenys\u00e9g \u2264 20 mK<\/li>\n<li>\u00c9rz\u00e9kel\u00e9s 2600 m\u00e9terig<\/li>\n<li>Vezet\u00e9k n\u00e9lk\u00fcli t\u00e1vir\u00e1ny\u00edt\u00f3<\/li>\n<li>K\u00f6nny\u0171 \u00e9s kompakt<\/li>\n<\/ul>\n<p>A k\u00e9sz\u00fcl\u00e9k be\u00e9p\u00edtett\u00a0<strong>\u00e9rz\u00e9kel\u0151 &lt; 20 mK h\u0151m\u00e9rs\u00e9klet-\u00e9rz\u00e9kenys\u00e9ggel<\/strong>\u00a0a\u00a0<strong>felbont\u00e1s 640 \u00d7 512 px<\/strong>.  A k\u00f6vetkez\u0151kkel egy\u00fctt\u00a0<strong>AMOLED kijelz\u0151 1024 \u00d7 768 px<\/strong>\u00a0a\u00a0<strong>lencse<\/strong>\u00a0f\u00f3kuszt\u00e1vols\u00e1ggal\u00a0<strong>50 mm<\/strong>\u00a0rossz id\u0151ben \u00e9s teljes s\u00f6t\u00e9ts\u00e9gben is nagyszer\u0171 k\u00e9pet k\u00e9sz\u00edt.<\/p>\n<p><strong>Gyorsan \u00fcltethet\u0151<\/strong>\u00a0a fityma\u00a0<strong>k\u00f6nny\u0171<\/strong>\u00a0<strong>a<\/strong>\u00a0<strong>Kompakt<\/strong>\u00a0nagy gombokkal a lehet\u0151 legegyszer\u0171bb kezel\u00e9s \u00e9rdek\u00e9ben. A telep\u00edt\u00e9s ut\u00e1n\u00a0<strong>nem kell \u00fajra felvenni<\/strong>\u00a0a teljes k\u00e9nyelem \u00e9s a szil\u00e1rdabb k\u00e9z \u00e9rdek\u00e9ben pedig haszn\u00e1lhatja a\u00a0<strong>t\u00e1vir\u00e1ny\u00edt\u00f3 Bluetooth kapcsolaton kereszt\u00fcl<\/strong>. A m\u0171szer a shutter-korrekci\u00f3t a shutter n\u00e9lk\u00fcli technol\u00f3gi\u00e1val kombin\u00e1lja.<\/p>\n<p>Be\u00e9p\u00edtett\u00a0<strong>64 GB t\u00e1rhely<\/strong>\u00a0rengeteg hely \u00e1ll rendelkez\u00e9sre a f\u00e9nyk\u00e9pek \u00e9s vide\u00f3k sz\u00e1m\u00e1ra, \u00e9s a csatlakoztatott\u00a0<strong>Smart Thermal alkalmaz\u00e1s<\/strong>\u00a0mobileszk\u00f6z\u00e9n kereszt\u00fcl val\u00f3s id\u0151ben figyelheti a helysz\u00ednt.<\/p>\n<p>Kicsi, de tart\u00f3s - nem meglep\u0151 az olyan jellemz\u0151kkel, mint a k\u00f6vetkez\u0151k\u00a0<strong>v\u00edz\u00e1ll\u00f3 \u00e9s IP67 ellen\u00e1ll\u00f3<\/strong>. Ez\u00e9rt a Hunt olyan zord k\u00f6r\u00fclm\u00e9nyek k\u00f6z\u00f6tt is haszn\u00e1lhat\u00f3, mint az es\u0151 \u00e9s a h\u00f3. A t\u00e1pegys\u00e9g gondoskodik\u00a0<strong>Be\u00e9p\u00edtett akkumul\u00e1tor, ak\u00e1r 6 \u00f3r\u00e1s \u00fczemid\u0151vel\u00a0<\/strong>\u00e9s az alv\u00f3 \u00fczemm\u00f3d funkci\u00f3val elmentheti.<\/p>\n<table border=\"0\" cellspacing=\"0\">\n<colgroup span=\"2\" width=\"85\"><\/colgroup>\n<tbody>\n<tr>\n<td align=\"left\" height=\"32\"><span style=\"font-family: Liberation Serif;\">\u00c9rz\u00e9kel\u0151<\/span><\/td>\n<td align=\"left\"><span style=\"font-family: Liberation Serif;\">640 \u00d7 512 px<\/span><\/td>\n<\/tr>\n<tr>\n<td align=\"left\" height=\"47\"><span style=\"font-family: Liberation Serif;\">H\u0151\u00e9rz\u00e9kenys\u00e9g\u00a0<\/span><\/td>\n<td align=\"left\"><span style=\"font-family: Liberation Serif;\">\u2264 20 mK<\/span><\/td>\n<\/tr>\n<tr>\n<td align=\"left\" height=\"47\"><span style=\"font-family: Liberation Serif;\">Kijelz\u0151 felbont\u00e1sa<\/span><\/td>\n<td align=\"left\"><span style=\"font-family: Liberation Serif;\">1024 \u00d7 768 px<\/span><\/td>\n<\/tr>\n<tr>\n<td align=\"left\" height=\"32\"><span style=\"font-family: Liberation Serif;\">Wi-Fi<\/span><\/td>\n<td align=\"left\"><span style=\"font-family: Liberation Serif;\">Igen<\/span><\/td>\n<\/tr>\n<tr>\n<td align=\"left\" height=\"32\"><span style=\"font-family: Liberation Serif;\">Bluetooth<\/span><\/td>\n<td align=\"left\"><span style=\"font-family: Liberation Serif;\">Igen, t\u00e1vir\u00e1ny\u00edt\u00f3val<\/span><\/td>\n<\/tr>\n<tr>\n<td align=\"left\" height=\"32\"><span style=\"font-family: Liberation Serif;\">Objekt\u00edv<\/span><\/td>\n<td align=\"left\"><span style=\"font-family: Liberation Serif;\">50 mm<\/span><\/td>\n<\/tr>\n<tr>\n<td align=\"left\" height=\"17\"><span style=\"font-family: Liberation Serif;\">\u00c9rz\u00e9kel\u00e9s<\/span><\/td>\n<td align=\"left\"><span style=\"font-family: Liberation Serif;\">2600 m<\/span><\/td>\n<\/tr>\n<tr>\n<td align=\"left\" height=\"32\"><span style=\"font-family: Liberation Serif;\">Optikai nagy\u00edt\u00e1s<\/span><\/td>\n<td align=\"left\"><span style=\"font-family: Liberation Serif;\">1x<\/span><\/td>\n<\/tr>\n<tr>\n<td align=\"left\" height=\"17\"><span style=\"font-family: Liberation Serif;\">L\u00e1t\u00f3mez\u0151<\/span><\/td>\n<td align=\"left\"><span style=\"font-family: Liberation Serif;\">8,8\u00b0 \u00d7 7,0\u00b0<\/span><\/td>\n<\/tr>\n<tr>\n<td align=\"left\" height=\"32\"><span style=\"font-family: Liberation Serif;\">Digit\u00e1lis zoom<\/span><\/td>\n<td align=\"left\"><span style=\"font-family: Liberation Serif;\">Nem<\/span><\/td>\n<\/tr>\n<tr>\n<td align=\"left\" height=\"32\"><span style=\"font-family: Liberation Serif;\">F\u00e9nyk\u00e9pez\u00e9si lehet\u0151s\u00e9g<\/span><\/td>\n<td align=\"left\"><span style=\"font-family: Liberation Serif;\">Igen<\/span><\/td>\n<\/tr>\n<tr>\n<td align=\"left\" height=\"32\"><span style=\"font-family: Liberation Serif;\">Vide\u00f3 opci\u00f3<\/span><\/td>\n<td align=\"left\"><span style=\"font-family: Liberation Serif;\">Igen<\/span><\/td>\n<\/tr>\n<tr>\n<td align=\"left\" height=\"32\"><span style=\"font-family: Liberation Serif;\">V\u00e9delmi fokozat<\/span><\/td>\n<td align=\"left\"><span style=\"font-family: Liberation Serif;\">IP67<\/span><\/td>\n<\/tr>\n<tr>\n<td align=\"left\" height=\"32\"><span style=\"font-family: Liberation Serif;\">Mem\u00f3ria<\/span><\/td>\n<td align=\"left\"><span style=\"font-family: Liberation Serif;\">be\u00e9p\u00edtett, 64 GB<\/span><\/td>\n<\/tr>\n<tr>\n<td align=\"left\" height=\"32\"><span style=\"font-family: Liberation Serif;\">\u00dczemi h\u0151m\u00e9rs\u00e9klet<\/span><\/td>\n<td align=\"left\"><span style=\"font-family: Liberation Serif;\">-20\u00b0C \u00e9s 50\u00b0C k\u00f6z\u00f6tt<\/span><\/td>\n<\/tr>\n<tr>\n<td align=\"left\" height=\"17\"><span style=\"font-family: Liberation Serif;\">Akkumul\u00e1torok<\/span><\/td>\n<td align=\"left\"><span style=\"font-family: Liberation Serif;\">Be\u00e9p\u00edtett<\/span><\/td>\n<\/tr>\n<tr>\n<td align=\"left\" height=\"17\"><span style=\"font-family: Liberation Serif;\">Az akkumul\u00e1tor \u00e9lettartama<\/span><\/td>\n<td align=\"left\"><span style=\"font-family: Liberation Serif;\">6 \u00f3ra<\/span><\/td>\n<\/tr>\n<tr>\n<td align=\"left\" height=\"17\"><span style=\"font-family: Liberation Serif;\">S\u00faly<\/span><\/td>\n<td align=\"left\"><span style=\"font-family: Liberation Serif;\">400 g<\/span><\/td>\n<\/tr>\n<tr>\n<td align=\"left\" height=\"32\"><span style=\"font-family: Liberation Serif;\">M\u00e9retek<\/span><\/td>\n<td align=\"left\"><span style=\"font-family: Liberation Serif;\">129 \u00d7 70 \u00d7 77 mm<\/span><\/td>\n<\/tr>\n<\/tbody>\n<\/table>\n<div data-sanitized-data-mce-fragment=\"1\"><\/div>\n<div data-sanitized-data-mce-fragment=\"1\">\n<p><strong>A csomag tartalma:<\/strong><\/p>\n<\/div>\n<ul>\n<li>ThermTec Hunt650 h\u0151kamera<\/li>\n<li>T\u00e1vir\u00e1ny\u00edt\u00f3<\/li>\n<li>1x USB k\u00e1bel<\/li>\n<li>Optikatiszt\u00edt\u00f3 kend\u0151<\/li>\n<li>Cseh \u00e9s szlov\u00e1k nyelv\u0171 utas\u00edt\u00e1sok<\/li>\n<\/ul>\n<p>Hivatalos m\u00e1rkaoldal: <a href=\"https:\/\/www.thermeyetec.com\/hunt-series\/\">https:\/\/www.thermeyetec.com\/hunt-series\/\u00a0<\/a><\/p>","protected":false},"excerpt":{"rendered":"<ul>\n<li>\u00c9rz\u00e9kel\u0151: 640 x 512 px, 12\u03bcm.<\/li>\n<li>Objekt\u00edv: 50 mm.<\/li>\n<li>H\u0151kamer\u00e1s \u00e9rz\u00e9kel\u0151 \u00e9rz\u00e9kenys\u00e9ge: \u2264 20 mK.<\/li>\n<li>AI ar\u00e1ny\u00fa t\u00e1vols\u00e1gm\u00e9r\u0151.<\/li>\n<li>\u00c9rz\u00e9kel\u00e9si t\u00e1vols\u00e1g: 2600 m.<\/li>\n<li>Optikai nagy\u00edt\u00e1s: 1x.<\/li>\n<li>Megjelen\u00edt\u00e9s: AMOLED 1024 x 768 px.<\/li>\n<li>Takar\u00e9kos \u00fczemm\u00f3d (alv\u00f3 \u00fczemm\u00f3d).<\/li>\n<li>Az akkumul\u00e1tor \u00e9lettartama: 6 \u00f3ra.<\/li>\n<\/ul>","protected":false},"featured_media":4519,"template":"","meta":{"_gspb_post_css":""},"product_brand":[319],"product_cat":[145,21,331,144,328],"product_tag":[282,311,352,263],"class_list":{"0":"post-4263","1":"product","2":"type-product","3":"status-publish","4":"has-post-thumbnail","6":"product_brand-thermtec","7":"product_cat-nocne-videnie","8":"product_cat-optika","9":"product_cat-puskohlady-s-nocnym-videnim","10":"product_cat-termovizie","11":"product_cat-termovizne-predsadky","12":"product_tag-hunt","13":"product_tag-termovizia","14":"product_tag-termovizna-predsadka","15":"product_tag-thermtec","17":"first","18":"instock","19":"taxable","20":"shipping-taxable","21":"purchasable","22":"product-type-simple"},"ct_brands":[{"id":319,"name":"ThermTec","slug":"thermtec"}],"_links":{"self":[{"href":"https:\/\/zbranebudai.sk\/hu\/wp-json\/wp\/v2\/product\/4263","targetHints":{"allow":["GET"]}}],"collection":[{"href":"https:\/\/zbranebudai.sk\/hu\/wp-json\/wp\/v2\/product"}],"about":[{"href":"https:\/\/zbranebudai.sk\/hu\/wp-json\/wp\/v2\/types\/product"}],"wp:featuredmedia":[{"embeddable":true,"href":"https:\/\/zbranebudai.sk\/hu\/wp-json\/wp\/v2\/media\/4519"}],"wp:attachment":[{"href":"https:\/\/zbranebudai.sk\/hu\/wp-json\/wp\/v2\/media?parent=4263"}],"wp:term":[{"taxonomy":"product_brand","embeddable":true,"href":"https:\/\/zbranebudai.sk\/hu\/wp-json\/wp\/v2\/product_brand?post=4263"},{"taxonomy":"product_cat","embeddable":true,"href":"https:\/\/zbranebudai.sk\/hu\/wp-json\/wp\/v2\/product_cat?post=4263"},{"taxonomy":"product_tag","embeddable":true,"href":"https:\/\/zbranebudai.sk\/hu\/wp-json\/wp\/v2\/product_tag?post=4263"}],"curies":[{"name":"wp","href":"https:\/\/api.w.org\/{rel}","templated":true}]}}