{"id":4262,"date":"2025-02-01T21:20:12","date_gmt":"2025-02-01T19:20:12","guid":{"rendered":"https:\/\/zbranebudai.sk\/?post_type=product&#038;p=4262"},"modified":"2025-08-31T03:50:32","modified_gmt":"2025-08-31T01:50:32","slug":"thermtec-hunt-335-hokamera-elotet","status":"publish","type":"product","link":"https:\/\/zbranebudai.sk\/hu\/product\/thermtec-hunt-335-hokamera-elotet\/","title":{"rendered":"ThermTec HUNT 335 h\u0151kamera"},"content":{"rendered":"<p><strong>ThermTec HUNT 335 termov\u00edzna preds\u00e1dka<\/strong><\/p>\n<p>ThermTec prin\u00e1\u0161a na svet svoju prv\u00fa termov\u00edznu preds\u00e1dku &#8211; Hunt! Preds\u00e1dka predstavuje technologick\u00fd pokrok v zobrazovan\u00ed teplotn\u00fdch rozdielov, nasadenie na denn\u00fa optiku je ve\u013emi jednoduch\u00e9 a nie je po \u0148om potreba znovu nastrelova\u0165.<\/p>\n<ul>\n<li>Senzor 384 \u00d7 288 px<\/li>\n<li>Teplotn\u00e1 citlivos\u0165\u00a0 \u2264 20 mK<\/li>\n<li>Detekcia a\u017e 1800 metrov<\/li>\n<li>Bezdr\u00f4tov\u00e9 dia\u013ekov\u00e9 ovl\u00e1danie<\/li>\n<li>\u013dahk\u00fd a kompaktn\u00fd<\/li>\n<\/ul>\n<p>Pr\u00edstroj m\u00e1 zabudovan\u00fd\u00a0<strong>senzor s teplotnou citlivos\u0165ou &lt; 20 mK<\/strong>\u00a0a\u00a0<strong>rozl\u00ed\u0161en\u00edm 384 \u00d7 288 px<\/strong>.\u00a0 V spojen\u00ed s\u00a0<strong>AMOLED displejom 1024 \u00d7 768 px<\/strong>\u00a0a\u00a0<strong>\u0161o\u0161ovkou<\/strong>\u00a0s ohniskovou vzdialenos\u0165ou\u00a0<strong>35 mm<\/strong>\u00a0tvor\u00ed skvel\u00fd obraz pri zlom po\u010das\u00ed aj za \u00faplnej tmy.<\/p>\n<p><strong>R\u00fdchlonasadzovacia<\/strong>\u00a0preds\u00e1dka je\u00a0<strong>\u013eahk\u00e1<\/strong>\u00a0<strong>a<\/strong>\u00a0<strong>kompaktn\u00e1<\/strong>\u00a0s ve\u013ek\u00fdmi tla\u010didlami, pre \u010do najjednoduch\u0161iu manipul\u00e1ciu. Po nasaden\u00ed\u00a0<strong>nie je potreba znovu nastre\u013eova\u0165<\/strong>\u00a0a pre \u00fapln\u00e9 pohodlie a pevnej\u0161iu ruku m\u00f4\u017eete vyu\u017ei\u0165 aj\u00a0<strong>dia\u013ekov\u00fd ovl\u00e1da\u010d pripojen\u00edm pomocou Bluetooth<\/strong>.\u00a0Pr\u00edstroj tie\u017e kombinuje uz\u00e1vierkov\u00fa korekciu spolu s\u00a0bezz\u00e1vierkovou technol\u00f3giou.<\/p>\n<p>So vstavan\u00fdm\u00a0<strong>\u00falo\u017eiskom 64 GB<\/strong>\u00a0m\u00e1te plno miesta na vytvoren\u00e9 fotografie a vide\u00e1 a s pripojen\u00edm k\u00a0<strong>aplik\u00e1cii Smart Thermal<\/strong>\u00a0m\u00f4\u017eete pozorova\u0165 sc\u00e9nu v re\u00e1lnom \u010dase cez va\u0161e mobiln\u00e9 zariadenie.<\/p>\n<p>Mal\u00fd, ale odoln\u00fd &#8211; neprekvap\u00ed ani vlastnos\u0165ami ako je napr\u00edklad\u00a0<strong>vodeodolnos\u0165 a odolnos\u0165 IP67<\/strong>. Preto je Hunt vhodn\u00fd aj do drsn\u00fdch podmienok ako s\u00fa d\u00e1\u017e\u010f a sneh. O nap\u00e1janie sa star\u00e1\u00a0<strong>zabudovan\u00e1 bat\u00e9ria s v\u00fddr\u017eou a\u017e 7 hod\u00edn\u00a0<\/strong>a \u0161etri\u0165 ju m\u00f4\u017eete pomocou funkcie re\u017eimu sp\u00e1nku.<\/p>\n<div class=\"flex max-w-full flex-col flex-grow\">\n<div class=\"min-h-8 text-message flex w-full flex-col items-end gap-2 whitespace-normal break-words text-start [.text-message+&amp;]:mt-5\" dir=\"auto\" data-message-author-role=\"assistant\" data-message-id=\"429563df-63b0-4f3a-b558-180ad69546f6\" data-message-model-slug=\"gpt-4o\">\n<div class=\"flex w-full flex-col gap-1 empty:hidden first:pt-[3px]\">\n<div class=\"markdown prose w-full break-words dark:prose-invert light\">\n<table border=\"0\" cellspacing=\"0\">\n<colgroup span=\"2\" width=\"85\"><\/colgroup>\n<tbody>\n<tr>\n<td align=\"left\" height=\"32\"><span style=\"font-family: Liberation Serif\">Senzor<\/span><\/td>\n<td align=\"left\"><span style=\"font-family: Liberation Serif\">384 \u00d7 288 px<\/span><\/td>\n<\/tr>\n<tr>\n<td align=\"left\" height=\"47\"><span style=\"font-family: Liberation Serif\">Teplotn\u00e1 citlivos\u0165\u00a0<\/span><\/td>\n<td align=\"left\"><span style=\"font-family: Liberation Serif\">\u2264 20 mK<\/span><\/td>\n<\/tr>\n<tr>\n<td align=\"left\" height=\"47\"><span style=\"font-family: Liberation Serif\">Rozl\u00ed\u0161enie displeja<\/span><\/td>\n<td align=\"left\"><span style=\"font-family: Liberation Serif\">1024 \u00d7 768 px<\/span><\/td>\n<\/tr>\n<tr>\n<td align=\"left\" height=\"32\"><span style=\"font-family: Liberation Serif\">Wi-Fi<\/span><\/td>\n<td align=\"left\"><span style=\"font-family: Liberation Serif\">\u00c1no<\/span><\/td>\n<\/tr>\n<tr>\n<td align=\"left\" height=\"32\"><span style=\"font-family: Liberation Serif\">Bluetooth<\/span><\/td>\n<td align=\"left\"><span style=\"font-family: Liberation Serif\">\u00c1no, dia\u013ekov\u00e9 ovl\u00e1danie<\/span><\/td>\n<\/tr>\n<tr>\n<td align=\"left\" height=\"32\"><span style=\"font-family: Liberation Serif\">\u0160o\u0161ovka<\/span><\/td>\n<td align=\"left\"><span style=\"font-family: Liberation Serif\">35 mm<\/span><\/td>\n<\/tr>\n<tr>\n<td align=\"left\" height=\"17\"><span style=\"font-family: Liberation Serif\">Detekcia<\/span><\/td>\n<td align=\"left\"><span style=\"font-family: Liberation Serif\">1800 m<\/span><\/td>\n<\/tr>\n<tr>\n<td align=\"left\" height=\"32\"><span style=\"font-family: Liberation Serif\">Optick\u00e9 zv\u00e4\u010d\u0161enie<\/span><\/td>\n<td align=\"left\"><span style=\"font-family: Liberation Serif\">1x<\/span><\/td>\n<\/tr>\n<tr>\n<td align=\"left\" height=\"17\"><span style=\"font-family: Liberation Serif\">Zorn\u00e9 pole<\/span><\/td>\n<td align=\"left\"><span style=\"font-family: Liberation Serif\">7,5\u00b0 \u00d7 5,7\u00b0<\/span><\/td>\n<\/tr>\n<tr>\n<td align=\"left\" height=\"32\"><span style=\"font-family: Liberation Serif\">Digit\u00e1lny zoom<\/span><\/td>\n<td align=\"left\"><span style=\"font-family: Liberation Serif\">Nie<\/span><\/td>\n<\/tr>\n<tr>\n<td align=\"left\" height=\"32\"><span style=\"font-family: Liberation Serif\">Mo\u017enos\u0165 fotografie<\/span><\/td>\n<td align=\"left\"><span style=\"font-family: Liberation Serif\">\u00c1no<\/span><\/td>\n<\/tr>\n<tr>\n<td align=\"left\" height=\"32\"><span style=\"font-family: Liberation Serif\">Mo\u017enos\u0165\u00a0videa<\/span><\/td>\n<td align=\"left\"><span style=\"font-family: Liberation Serif\">\u00c1no<\/span><\/td>\n<\/tr>\n<tr>\n<td align=\"left\" height=\"32\"><span style=\"font-family: Liberation Serif\">Stupe\u0148 ochrany<\/span><\/td>\n<td align=\"left\"><span style=\"font-family: Liberation Serif\">IP67<\/span><\/td>\n<\/tr>\n<tr>\n<td align=\"left\" height=\"32\"><span style=\"font-family: Liberation Serif\">Pam\u00e4\u0165<\/span><\/td>\n<td align=\"left\"><span style=\"font-family: Liberation Serif\">vstavan\u00e1, 64 GB<\/span><\/td>\n<\/tr>\n<tr>\n<td align=\"left\" height=\"32\"><span style=\"font-family: Liberation Serif\">Prev\u00e1dzkov\u00e1 teplota<\/span><\/td>\n<td align=\"left\"><span style=\"font-family: Liberation Serif\">-20\u00b0C a\u017e 50\u00b0C<\/span><\/td>\n<\/tr>\n<tr>\n<td align=\"left\" height=\"17\"><span style=\"font-family: Liberation Serif\">Bat\u00e9rie<\/span><\/td>\n<td align=\"left\"><span style=\"font-family: Liberation Serif\">vstavan\u00e1<\/span><\/td>\n<\/tr>\n<tr>\n<td align=\"left\" height=\"17\"><span style=\"font-family: Liberation Serif\">V\u00fddr\u017e bat\u00e9rie<\/span><\/td>\n<td align=\"left\"><span style=\"font-family: Liberation Serif\">7 hod<\/span><\/td>\n<\/tr>\n<tr>\n<td align=\"left\" height=\"17\"><span style=\"font-family: Liberation Serif\">Hmotnos\u0165<\/span><\/td>\n<td align=\"left\"><span style=\"font-family: Liberation Serif\">400 g<\/span><\/td>\n<\/tr>\n<tr>\n<td align=\"left\" height=\"32\"><span style=\"font-family: Liberation Serif\">Rozmery<\/span><\/td>\n<td align=\"left\"><span style=\"font-family: Liberation Serif\">125 \u00d7 65 \u00d7 77 mm<\/span><\/td>\n<\/tr>\n<\/tbody>\n<\/table>\n<div data-sanitized-data-mce-fragment=\"1\">\n<p><strong>Obsah balenia:<\/strong><\/p>\n<\/div>\n<ul>\n<li>Termov\u00edzna preds\u00e1dka ThermTec Hunt335<\/li>\n<li>Dia\u013ekov\u00fd ovl\u00e1da\u010d<\/li>\n<li>1x USB k\u00e1bel<\/li>\n<li>Handri\u010dka na optiku<\/li>\n<li>N\u00e1vod v \u010de\u0161tine a sloven\u010dine<\/li>\n<\/ul>\n<\/div>\n<\/div>\n<\/div>\n<\/div>\n<p>Ofici\u00e1lna str\u00e1nka zna\u010dky: <a href=\"https:\/\/www.thermeyetec.com\/hunt-series\/\">https:\/\/www.thermeyetec.com\/hunt-series\/<\/a><\/p>\n","protected":false},"excerpt":{"rendered":"<ul>\n<li>\u00c9rz\u00e9kel\u0151: 384 x 288 px, 12\u03bcm.<\/li>\n<li>Objekt\u00edv: 35 mm.<\/li>\n<li>H\u0151kamer\u00e1s \u00e9rz\u00e9kel\u0151 \u00e9rz\u00e9kenys\u00e9ge: \u2264 20 mK.<\/li>\n<li>AI ar\u00e1ny\u00fa t\u00e1vols\u00e1gm\u00e9r\u0151.<\/li>\n<li>\u00c9rz\u00e9kel\u00e9si t\u00e1vols\u00e1g: 1800 m.<\/li>\n<li>Optikai nagy\u00edt\u00e1s: 1x.<\/li>\n<li>Megjelen\u00edt\u00e9s: AMOLED 1024 x 768 px.<\/li>\n<li>Takar\u00e9kos \u00fczemm\u00f3d (alv\u00f3 \u00fczemm\u00f3d).<\/li>\n<li>Az akkumul\u00e1tor \u00e9lettartama: 7 \u00f3ra.<\/li>\n<\/ul>","protected":false},"featured_media":4511,"template":"","meta":{"_gspb_post_css":""},"product_brand":[319],"product_cat":[21,144,328],"product_tag":[282,311,352,263],"class_list":{"0":"post-4262","1":"product","2":"type-product","3":"status-publish","4":"has-post-thumbnail","6":"product_brand-thermtec","7":"product_cat-optika","8":"product_cat-termovizie","9":"product_cat-termovizne-predsadky","10":"product_tag-hunt","11":"product_tag-termovizia","12":"product_tag-termovizna-predsadka","13":"product_tag-thermtec","15":"first","16":"instock","17":"taxable","18":"shipping-taxable","19":"purchasable","20":"product-type-simple"},"ct_brands":[{"id":319,"name":"ThermTec","slug":"thermtec"}],"_links":{"self":[{"href":"https:\/\/zbranebudai.sk\/hu\/wp-json\/wp\/v2\/product\/4262","targetHints":{"allow":["GET"]}}],"collection":[{"href":"https:\/\/zbranebudai.sk\/hu\/wp-json\/wp\/v2\/product"}],"about":[{"href":"https:\/\/zbranebudai.sk\/hu\/wp-json\/wp\/v2\/types\/product"}],"wp:featuredmedia":[{"embeddable":true,"href":"https:\/\/zbranebudai.sk\/hu\/wp-json\/wp\/v2\/media\/4511"}],"wp:attachment":[{"href":"https:\/\/zbranebudai.sk\/hu\/wp-json\/wp\/v2\/media?parent=4262"}],"wp:term":[{"taxonomy":"product_brand","embeddable":true,"href":"https:\/\/zbranebudai.sk\/hu\/wp-json\/wp\/v2\/product_brand?post=4262"},{"taxonomy":"product_cat","embeddable":true,"href":"https:\/\/zbranebudai.sk\/hu\/wp-json\/wp\/v2\/product_cat?post=4262"},{"taxonomy":"product_tag","embeddable":true,"href":"https:\/\/zbranebudai.sk\/hu\/wp-json\/wp\/v2\/product_tag?post=4262"}],"curies":[{"name":"wp","href":"https:\/\/api.w.org\/{rel}","templated":true}]}}