{"id":4243,"date":"2025-02-01T21:19:39","date_gmt":"2025-02-01T19:19:39","guid":{"rendered":"https:\/\/zbranebudai.sk\/?post_type=product&#038;p=4243"},"modified":"2025-08-31T03:50:32","modified_gmt":"2025-08-31T01:50:32","slug":"nocpix-ace-h50r-hokamera-celtavcso-tavolsagmerovel","status":"publish","type":"product","link":"https:\/\/zbranebudai.sk\/hu\/product\/nocpix-ace-h50r-hokamera-celtavcso-tavolsagmerovel\/","title":{"rendered":"Nocpix ACE H50R h\u0151kamer\u00e1s c\u00e9lt\u00e1vcs\u0151 l\u00e9zeres t\u00e1vols\u00e1gm\u00e9r\u0151vel"},"content":{"rendered":"<p><strong>Nocpix ACE H50R termov\u00edzny pu\u0161koh\u013ead s laserov\u00fdm dia\u013ekomerom<\/strong><\/p>\n<div class=\"flex max-w-full flex-col flex-grow\">\n<div class=\"min-h-8 text-message flex w-full flex-col items-end gap-2 whitespace-normal break-words text-start [.text-message+&amp;]:mt-5\" dir=\"auto\" data-message-author-role=\"assistant\" data-message-id=\"f948e053-b3a5-4dbc-8ba8-7d8e54b3dd27\" data-message-model-slug=\"gpt-4o\">\n<div class=\"flex w-full flex-col gap-1 empty:hidden first:pt-[3px]\">\n<div class=\"markdown prose w-full break-words dark:prose-invert light\">\n<p><strong>Reality+ AI: Algoritmus umelej inteligencie<\/strong><br \/>\nNovo vyvinut\u00fd algoritmus spracovania obrazu <strong>Reality+ AI<\/strong> efekt\u00edvne eliminuje \u0161um sp\u00f4soben\u00fd okolitou teplotou, \u010d\u00edm zlep\u0161uje kontrast a ostros\u0165 detailov. Technol\u00f3gia umelej inteligencie pom\u00e1ha vytv\u00e1ra\u0165 ostr\u00fd a kvalitn\u00fd obraz.<\/p>\n<p><strong>Vision+ Syst\u00e9m: Ponorte sa do deja<\/strong><\/p>\n<p>Nov\u00fd syst\u00e9m <strong>Vision+<\/strong> s <strong>kruhov\u00fdm AMOLED displejom<\/strong> s priemerom <strong>1,03 palca<\/strong> a rozl\u00ed\u0161en\u00edm <strong>2560\u00d72560 px<\/strong> pon\u00faka optick\u00fd zoom na <strong>priame optick\u00e9 zv\u00e4\u010d\u0161enie obrazu<\/strong>, ktor\u00e9 na rozdiel od tradi\u010dn\u00e9ho digit\u00e1lneho pribl\u00ed\u017eenia <strong>eliminuje rozmazanie, skreslenie a \u0161um<\/strong>. Vychutnajte si <strong>pohlcuj\u00faci z\u00e1\u017eitok z lovu<\/strong>.<\/p>\n<p><strong>Vylep\u0161en\u00e1 v\u00fddr\u017e bat\u00e9rie<\/strong><\/p>\n<p><strong>ACE<\/strong> je vybaven\u00fd <strong>dvojbat\u00e9riov\u00fdm syst\u00e9mom<\/strong>, ktor\u00fd zah\u0155\u0148a <strong>vstavan\u00fa bat\u00e9riu s kapacitou 4000 mAh<\/strong> a \u010fal\u0161iu <strong>vymenite\u013en\u00fa bat\u00e9riu typu 18650<\/strong>. Tento syst\u00e9m <strong>sp\u013a\u0148a n\u00e1roky na dlh\u00e9 \u010dakanie v ter\u00e9ne<\/strong>.<\/p>\n<p><strong>Integrovan\u00fd laserov\u00fd dia\u013ekomer a balistick\u00fd kalkul\u00e1tor<\/strong><\/p>\n<p><strong>ACE<\/strong> disponuje <strong>integrovan\u00fdm laserov\u00fdm dia\u013ekomerom<\/strong> s dosahom <strong>a\u017e 1200 metrov<\/strong>. V\u010faka <strong>zarovnaniu do optickej osi<\/strong> zais\u0165uje <strong>absol\u00fatne presn\u00e9 meranie vzdialenosti<\/strong>, pri\u010dom si zachov\u00e1va <strong>elegantn\u00fd dizajn<\/strong>, ktor\u00fd pote\u0161\u00ed ka\u017ed\u00e9ho u\u017e\u00edvate\u013ea.<\/p>\n<p><strong>Zachyt\u00ed ove\u013ea viac svetla<\/strong><\/p>\n<p><strong>V\u00e4\u010d\u0161\u00ed objekt\u00edv (60 mm\/F1.0, 50 mm\/F0.9)<\/strong> umo\u017e\u0148uje <strong>a\u017e o 20 % viac svetla<\/strong> dopadaj\u00faceho na senzor. V kombin\u00e1cii s \u010fal\u0161\u00edmi technol\u00f3giami to pom\u00e1ha vytv\u00e1ra\u0165 <strong>jemn\u00fd a ostr\u00fd obraz<\/strong>.<\/p>\n<p><strong>Aplik\u00e1cia NOCPIX<\/strong><\/p>\n<p><strong>Profesion\u00e1lna, ale z\u00e1rove\u0148 jednoduch\u00e1 aplik\u00e1cia NOCPIX<\/strong> prin\u00e1\u0161a <strong>\u00faplne nov\u00e9 mo\u017enosti pre lovcov<\/strong>. Spojen\u00edm Wi-Fi zariadenia s va\u0161\u00edm <strong>smartf\u00f3nom<\/strong> m\u00f4\u017eete <strong>aktualizova\u0165 firmware, s\u0165ahova\u0165 a prezera\u0165 fotografie \u010di vide\u00e1<\/strong>. Navy\u0161e si m\u00f4\u017eete <strong>okam\u017eite prehra\u0165 v\u00e1\u0161 z\u00e1\u017eitok z lovu, aj v hust\u00fdch lesoch bez sign\u00e1lu<\/strong>. V\u00fdvoj aplik\u00e1cie <strong>neust\u00e1le napreduje<\/strong>, tak\u017ee sa m\u00f4\u017eeme te\u0161i\u0165 na <strong>mno\u017estvo nov\u00fdch funkci\u00ed<\/strong>.<\/p>\n<table border=\"0\" cellspacing=\"0\">\n<colgroup span=\"2\" width=\"85\"><\/colgroup>\n<tbody>\n<tr>\n<td align=\"left\" height=\"32\"><span style=\"font-family: Liberation Serif\">Rozli\u0161en\u00ed senzoru<\/span><\/td>\n<td align=\"left\"><span style=\"font-family: Liberation Serif\">640x512px &#8211; 2. generace<\/span><\/td>\n<\/tr>\n<tr>\n<td align=\"left\" height=\"77\"><span style=\"font-family: Liberation Serif\">Velikost pixelu<\/span><\/td>\n<td align=\"left\"><span style=\"font-family: Liberation Serif\">12\u00b5m<\/span><\/td>\n<\/tr>\n<tr>\n<td align=\"left\" height=\"77\"><span style=\"font-family: Liberation Serif\">NETD &#8211; Citlivost senzoru na teplotn\u00ed rozd\u00edly<\/span><\/td>\n<td align=\"left\"><span style=\"font-family: Liberation Serif\">&lt;15mK<\/span><\/td>\n<\/tr>\n<tr>\n<td align=\"left\" height=\"47\"><span style=\"font-family: Liberation Serif\">Obnovovac\u00ed frekvence (Hz)<\/span><\/td>\n<td align=\"left\"><span style=\"font-family: Liberation Serif\">60Hz<\/span><\/td>\n<\/tr>\n<tr>\n<td align=\"left\" height=\"47\"><span style=\"font-family: Liberation Serif\">\u0160o\u0161ovka (mm)<\/span><\/td>\n<td align=\"left\"><span style=\"font-family: Liberation Serif\">50mm \/ F0.9<\/span><\/td>\n<\/tr>\n<tr>\n<td align=\"left\" height=\"32\"><span style=\"font-family: Liberation Serif\">Zorn\u00e9 pole<\/span><\/td>\n<td align=\"left\"><span style=\"font-family: Liberation Serif\">8,8\u00b0 x 7,0\u00b0<\/span><\/td>\n<\/tr>\n<tr>\n<td align=\"left\" height=\"62\"><span style=\"font-family: Liberation Serif\">Digit\u00e1ln\u00ed zv\u011bt\u0161en\u00ed<\/span><\/td>\n<td align=\"left\"><span style=\"font-family: Liberation Serif\">3x-24x<\/span><\/td>\n<\/tr>\n<tr>\n<td align=\"left\" height=\"32\"><span style=\"font-family: Liberation Serif\">Optick\u00fd zoom<\/span><\/td>\n<td align=\"left\"><span style=\"font-family: Liberation Serif\">3x-9x<\/span><\/td>\n<\/tr>\n<tr>\n<td align=\"left\" height=\"62\"><span style=\"font-family: Liberation Serif\">O\u010dn\u00ed reli\u00e9f<\/span><\/td>\n<td align=\"left\"><span style=\"font-family: Liberation Serif\">50mm<\/span><\/td>\n<\/tr>\n<tr>\n<td align=\"left\" height=\"47\"><span style=\"font-family: Liberation Serif\">Pr\u016fm\u011br o\u010dn\u00edho reli\u00e9fu<\/span><\/td>\n<td align=\"left\"><span style=\"font-family: Liberation Serif\">8mm<\/span><\/td>\n<\/tr>\n<tr>\n<td align=\"left\" height=\"32\"><span style=\"font-family: Liberation Serif\">Dioptrick\u00e1 korekce<\/span><\/td>\n<td align=\"left\"><span style=\"font-family: Liberation Serif\">-5 &#8211; +5<\/span><\/td>\n<\/tr>\n<tr>\n<td align=\"left\" height=\"17\"><span style=\"font-family: Liberation Serif\">Detekce\u00a0<\/span><\/td>\n<td align=\"left\"><span style=\"font-family: Liberation Serif\">2600m<\/span><\/td>\n<\/tr>\n<tr>\n<td align=\"left\" height=\"32\"><span style=\"font-family: Liberation Serif\">Typ displeje<\/span><\/td>\n<td align=\"left\"><span style=\"font-family: Liberation Serif\">AMOLED 1.03&#8220;<\/span><\/td>\n<\/tr>\n<tr>\n<td align=\"left\" height=\"32\"><span style=\"font-family: Liberation Serif\">Rozli\u0161en\u00ed displeje<\/span><\/td>\n<td align=\"left\"><span style=\"font-family: Liberation Serif\">2560x2560px<\/span><\/td>\n<\/tr>\n<tr>\n<td align=\"left\" height=\"77\"><span style=\"font-family: Liberation Serif\">Typ baterie<\/span><\/td>\n<td align=\"left\"><span style=\"font-family: Liberation Serif\">1. intern\u00ed (4000mAh) + 2. vym\u011bniteln\u00e1 18650<\/span><\/td>\n<\/tr>\n<tr>\n<td align=\"left\" height=\"47\"><span style=\"font-family: Liberation Serif\">V\u00fddr\u017e baterie<\/span><\/td>\n<td align=\"left\"><span style=\"font-family: Liberation Serif\">7h (intern\u00ed+extern\u00ed)<\/span><\/td>\n<\/tr>\n<tr>\n<td align=\"left\" height=\"32\"><span style=\"font-family: Liberation Serif\">Wi-Fi \/ App<\/span><\/td>\n<td align=\"left\"><span style=\"font-family: Liberation Serif\">Ano<\/span><\/td>\n<\/tr>\n<tr>\n<td align=\"left\" height=\"32\"><span style=\"font-family: Liberation Serif\">Foto\/Video<\/span><\/td>\n<td align=\"left\"><span style=\"font-family: Liberation Serif\">Ano<\/span><\/td>\n<\/tr>\n<tr>\n<td align=\"left\" height=\"32\"><span style=\"font-family: Liberation Serif\">Nahr\u00e1v\u00e1n\u00ed zvuku<\/span><\/td>\n<td align=\"left\"><span style=\"font-family: Liberation Serif\">Ano<\/span><\/td>\n<\/tr>\n<tr>\n<td align=\"left\" height=\"62\"><span style=\"font-family: Liberation Serif\">Video aktivovan\u00e9 zp\u011btn\u00fdm r\u00e1zem<\/span><\/td>\n<td align=\"left\"><span style=\"font-family: Liberation Serif\">Ano<\/span><\/td>\n<\/tr>\n<tr>\n<td align=\"left\" height=\"32\"><span style=\"font-family: Liberation Serif\">Balistick\u00fd kalkul\u00e1tor<\/span><\/td>\n<td align=\"left\"><span style=\"font-family: Liberation Serif\">Ano<\/span><\/td>\n<\/tr>\n<tr>\n<td align=\"left\" height=\"47\"><span style=\"font-family: Liberation Serif\">Laserov\u00fd d\u00e1lkom\u011br<\/span><\/td>\n<td align=\"left\"><span style=\"font-family: Liberation Serif\">Ano, integrovan\u00fd v \u010do\u010dce\u00a0<\/span><\/td>\n<\/tr>\n<tr>\n<td align=\"left\" height=\"47\"><span style=\"font-family: Liberation Serif\">Prohl\u00ed\u017een\u00ed vide\u00ed v p\u0159\u00edstroji<\/span><\/td>\n<td align=\"left\"><span style=\"font-family: Liberation Serif\">Ano<\/span><\/td>\n<\/tr>\n<tr>\n<td align=\"left\" height=\"17\"><span style=\"font-family: Liberation Serif\">Typ p\u0159ipojen\u00ed<\/span><\/td>\n<td align=\"left\"><span style=\"font-family: Liberation Serif\">USB-C<\/span><\/td>\n<\/tr>\n<tr>\n<td align=\"left\" height=\"32\"><span style=\"font-family: Liberation Serif\">\u00dalo\u017ei\u0161t\u011b\u00a0<\/span><\/td>\n<td align=\"left\"><span style=\"font-family: Liberation Serif\">64GB<\/span><\/td>\n<\/tr>\n<tr>\n<td align=\"left\" height=\"32\"><span style=\"font-family: Liberation Serif\">Vod\u011bodolnost<\/span><\/td>\n<td align=\"left\"><span style=\"font-family: Liberation Serif\">IP67<\/span><\/td>\n<\/tr>\n<tr>\n<td align=\"left\" height=\"77\"><span style=\"font-family: Liberation Serif\">V\u00e1ha<\/span><\/td>\n<td align=\"left\"><span style=\"font-family: Liberation Serif\">1120g<\/span><\/td>\n<\/tr>\n<tr>\n<td align=\"left\" height=\"32\"><span style=\"font-family: Liberation Serif\">Rozm\u011bry<\/span><\/td>\n<td align=\"left\"><span style=\"font-family: Liberation Serif\">365x90x68mm<\/span><\/td>\n<\/tr>\n<tr>\n<td align=\"left\" height=\"32\"><span style=\"font-family: Liberation Serif\">Pr\u016fm\u011br tubusu\u00a0<\/span><\/td>\n<td align=\"left\"><span style=\"font-family: Liberation Serif\">30mm<\/span><\/td>\n<\/tr>\n<\/tbody>\n<\/table>\n<\/div>\n<\/div>\n<\/div>\n<\/div>\n<p>Ofici\u00e1lna str\u00e1nka zna\u010dky:<a href=\"https:\/\/www.nocpix.com\/product-ace\/\"> https:\/\/www.nocpix.com\/product-ace\/<\/a><\/p>\n","protected":false},"excerpt":{"rendered":"<p>A sorozat bemutat\u00e1sa <strong>ACE<\/strong>, a h\u0151kamer\u00e1s puskat\u00e1vcs\u00f6vek z\u00e1szl\u00f3shaj\u00f3ja, amelyet minden vad\u00e1szati helyzetre terveztek. Fel van szerelve <strong>\u00faj 2. gener\u00e1ci\u00f3s \u00e9rz\u00e9kel\u0151<\/strong>, <strong>integr\u00e1lt l\u00e9zeres t\u00e1vols\u00e1gm\u00e9r\u0151<\/strong> \u00e9s fejlett rendszerek <strong>Reality+ \u00e9s Vision+<\/strong>. Felaj\u00e1nlotta <strong>p\u00e1ratlan k\u00e9pmin\u0151s\u00e9g \u00e9s fel\u00fclm\u00falhatatlan teljes\u00edtm\u00e9ny<\/strong>.<\/p>","protected":false},"featured_media":4496,"template":"","meta":{"_gspb_post_css":""},"product_brand":[316],"product_cat":[21,144,329],"product_tag":[280,347,262,311,362],"class_list":{"0":"post-4243","1":"product","2":"type-product","3":"status-publish","4":"has-post-thumbnail","6":"product_brand-nocpix","7":"product_cat-optika","8":"product_cat-termovizie","9":"product_cat-termovizne-puskohlady","10":"product_tag-ace","11":"product_tag-laserovy-dialkomer","12":"product_tag-nocpix","13":"product_tag-termovizia","14":"product_tag-termovizny-puskohlad","16":"first","17":"instock","18":"taxable","19":"shipping-taxable","20":"purchasable","21":"product-type-simple"},"ct_brands":[{"id":316,"name":"Nocpix","slug":"nocpix"}],"_links":{"self":[{"href":"https:\/\/zbranebudai.sk\/hu\/wp-json\/wp\/v2\/product\/4243","targetHints":{"allow":["GET"]}}],"collection":[{"href":"https:\/\/zbranebudai.sk\/hu\/wp-json\/wp\/v2\/product"}],"about":[{"href":"https:\/\/zbranebudai.sk\/hu\/wp-json\/wp\/v2\/types\/product"}],"wp:featuredmedia":[{"embeddable":true,"href":"https:\/\/zbranebudai.sk\/hu\/wp-json\/wp\/v2\/media\/4496"}],"wp:attachment":[{"href":"https:\/\/zbranebudai.sk\/hu\/wp-json\/wp\/v2\/media?parent=4243"}],"wp:term":[{"taxonomy":"product_brand","embeddable":true,"href":"https:\/\/zbranebudai.sk\/hu\/wp-json\/wp\/v2\/product_brand?post=4243"},{"taxonomy":"product_cat","embeddable":true,"href":"https:\/\/zbranebudai.sk\/hu\/wp-json\/wp\/v2\/product_cat?post=4243"},{"taxonomy":"product_tag","embeddable":true,"href":"https:\/\/zbranebudai.sk\/hu\/wp-json\/wp\/v2\/product_tag?post=4243"}],"curies":[{"name":"wp","href":"https:\/\/api.w.org\/{rel}","templated":true}]}}