{"id":4229,"date":"2025-02-01T21:19:15","date_gmt":"2025-02-01T19:19:15","guid":{"rendered":"https:\/\/zbranebudai.sk\/?post_type=product&#038;p=4229"},"modified":"2025-08-31T03:51:31","modified_gmt":"2025-08-31T01:51:31","slug":"nocpix-ace-h50-hokamera-celtavcso","status":"publish","type":"product","link":"https:\/\/zbranebudai.sk\/hu\/product\/nocpix-ace-h50-hokamera-celtavcso\/","title":{"rendered":"Nocpix ACE H50 h\u0151kamer\u00e1s c\u00e9lt\u00e1vcs\u0151"},"content":{"rendered":"<p><strong>Nocpix ACE H50 h\u0151kamer\u00e1s c\u00e9lt\u00e1vcs\u0151<\/strong><\/p>\n<p><strong>Reality+ AI: Mesters\u00e9ges intelligencia algoritmus<\/strong><br \/>\n\u00dajonnan kifejlesztett k\u00e9pfeldolgoz\u00f3 algoritmus <strong>Val\u00f3s\u00e1g+ AI<\/strong> hat\u00e9konyan kik\u00fcsz\u00f6b\u00f6li a k\u00f6rnyezeti h\u0151m\u00e9rs\u00e9klet okozta zajt, jav\u00edtva a kontrasztot \u00e9s a r\u00e9szletek \u00e9less\u00e9g\u00e9t. A mesters\u00e9ges intelligencia technol\u00f3gia seg\u00edt az \u00e9les, kiv\u00e1l\u00f3 min\u0151s\u00e9g\u0171 k\u00e9pek el\u0151\u00e1ll\u00edt\u00e1s\u00e1ban.<\/p>\n<p><strong>Vision+ rendszer: Mer\u00fclj\u00f6n el az akci\u00f3ban<\/strong><\/p>\n<p>\u00daj rendszer <strong>Vision+<\/strong> - <strong>k\u00f6r alak\u00fa AMOLED kijelz\u0151<\/strong> \u00e1tlagosan <strong>1,03 h\u00fcvelyk<\/strong> \u00e9s felbont\u00e1s <strong>2560\u00d72560 px<\/strong> optikai zoomot k\u00edn\u00e1l <strong>k\u00f6zvetlen optikai k\u00e9pnagy\u00edt\u00e1s<\/strong>, amely a hagyom\u00e1nyos digit\u00e1lis zoommal ellent\u00e9tben <strong>kik\u00fcsz\u00f6b\u00f6li az elmos\u00f3d\u00e1st, a torz\u00edt\u00e1st \u00e9s a zajt<\/strong>. \u00c9lvezze a <strong>egy mag\u00e1val ragad\u00f3 vad\u00e1sz\u00e9lm\u00e9ny<\/strong>.<\/p>\n<p><strong>Jav\u00edtott akkumul\u00e1tor \u00e9lettartam<\/strong><\/p>\n<p><strong>ACE<\/strong> fel van szerelve <strong>k\u00e9t akkumul\u00e1toros rendszer<\/strong>, amely mag\u00e1ban foglalja <strong>be\u00e9p\u00edtett 4000 mAh akkumul\u00e1tor<\/strong> \u00e9s egy m\u00e1sik <strong>cser\u00e9lhet\u0151 18650-es akkumul\u00e1tor<\/strong>. Ez a rendszer <strong>megfelel a hossz\u00fa helysz\u00edni v\u00e1rakoz\u00e1sok k\u00f6vetelm\u00e9nyeinek<\/strong>.<\/p>\n<p><strong>Sokkal t\u00f6bb f\u00e9nyt r\u00f6gz\u00edt<\/strong><\/p>\n<p><strong>Nagyobb objekt\u00edv (60 mm\/F1.0, 50 mm\/F0.9)<\/strong> lehet\u0151v\u00e9 tette <strong>ak\u00e1r 20 % t\u00f6bb f\u00e9ny<\/strong> az \u00e9rz\u00e9kel\u0151n t\u00f6rt\u00e9n\u0151 bees\u00e9s. M\u00e1s technol\u00f3gi\u00e1kkal kombin\u00e1lva ez seg\u00edt a k\u00f6vetkez\u0151k l\u00e9trehoz\u00e1s\u00e1ban <strong>finom \u00e9s \u00e9les k\u00e9p<\/strong>.<\/p>\n<p><strong>NOCPIX alkalmaz\u00e1s<\/strong><\/p>\n<p><strong>Professzion\u00e1lis, m\u00e9gis egyszer\u0171 NOCPIX alkalmaz\u00e1s<\/strong> a k\u00f6vetkez\u0151 szervez\u00e9sben <strong>vadonat\u00faj lehet\u0151s\u00e9gek a vad\u00e1szok sz\u00e1m\u00e1ra<\/strong>. Csatlakoztassa a Wi-Fi eszk\u00f6zt a <strong>okostelefonnal<\/strong> Megteheti <strong>firmware friss\u00edt\u00e9se, f\u00e9nyk\u00e9pek \u00e9s vide\u00f3k let\u00f6lt\u00e9se \u00e9s megtekint\u00e9se<\/strong>. Ezen k\u00edv\u00fcl, akkor <strong>azonnal lej\u00e1tszhatja a vad\u00e1szat \u00e9lm\u00e9ny\u00e9t, m\u00e9g s\u0171r\u0171 erd\u0151kben is, ahol nincs t\u00e9rer\u0151<\/strong>. Alkalmaz\u00e1sfejleszt\u00e9s <strong>folyamatosan fejl\u0151dik<\/strong>, \u00edgy v\u00e1rakoz\u00e1ssal tekinthet\u00fcnk <strong>sz\u00e1mos \u00faj funkci\u00f3<\/strong>.<\/p>\n<table border=\"0\" cellspacing=\"0\">\n<colgroup span=\"2\" width=\"85\"><\/colgroup>\n<tbody>\n<tr>\n<td align=\"left\" height=\"62\"><b><span style=\"font-family: Liberation Serif\">\u00c9rz\u00e9kel\u0151 felbont\u00e1sa<\/span><\/b><\/td>\n<td align=\"left\"><span style=\"font-family: Liberation Serif\">640x512px - 2. gener\u00e1ci\u00f3<\/span><\/td>\n<\/tr>\n<tr>\n<td align=\"left\" height=\"32\"><b><span style=\"font-family: Liberation Serif\">Pixel m\u00e9ret<\/span><\/b><\/td>\n<td align=\"left\"><span style=\"font-family: Liberation Serif\">12\u00b5m<\/span><\/td>\n<\/tr>\n<tr>\n<td align=\"left\" height=\"77\"><b><span style=\"font-family: Liberation Serif\">NETD - \u00c9rz\u00e9kel\u0151 \u00e9rz\u00e9kenys\u00e9ge a h\u0151m\u00e9rs\u00e9klet-k\u00fcl\u00f6nbs\u00e9gekre<\/span><\/b><\/td>\n<td align=\"left\"><span style=\"font-family: Liberation Serif\">&lt;15mK<\/span><\/td>\n<\/tr>\n<tr>\n<td align=\"left\" height=\"47\"><b><span style=\"font-family: Liberation Serif\">Friss\u00edt\u00e9si sebess\u00e9g (Hz)<\/span><\/b><\/td>\n<td align=\"left\"><span style=\"font-family: Liberation Serif\">60Hz<\/span><\/td>\n<\/tr>\n<tr>\n<td align=\"left\" height=\"47\"><b><span style=\"font-family: Liberation Serif\">Objekt\u00edv lencse (mm)<\/span><\/b><\/td>\n<td align=\"left\"><span style=\"font-family: Liberation Serif\">50mm \/ F0.9<\/span><\/td>\n<\/tr>\n<tr>\n<td align=\"left\" height=\"92\"><b><span style=\"font-family: Liberation Serif\">L\u00e1t\u00f3mez\u0151<\/span><\/b><\/td>\n<td align=\"left\"><span style=\"font-family: Liberation Serif\">8,8\u00b0 x 7,0\u00b0<\/span><\/td>\n<\/tr>\n<tr>\n<td align=\"left\" height=\"32\"><b><span style=\"font-family: Liberation Serif\">Digit\u00e1lis nagy\u00edt\u00e1s<\/span><\/b><\/td>\n<td align=\"left\"><span style=\"font-family: Liberation Serif\">3x-24x<\/span><\/td>\n<\/tr>\n<tr>\n<td align=\"left\" height=\"32\"><b><span style=\"font-family: Liberation Serif\">Optikai zoom<\/span><\/b><\/td>\n<td align=\"left\"><span style=\"font-family: Liberation Serif\">3x-9x<\/span><\/td>\n<\/tr>\n<tr>\n<td align=\"left\" height=\"32\"><b><span style=\"font-family: Liberation Serif\">Szemkiemel\u00e9s<\/span><\/b><\/td>\n<td align=\"left\"><span style=\"font-family: Liberation Serif\">50mm<\/span><\/td>\n<\/tr>\n<tr>\n<td align=\"left\" height=\"47\"><b><span style=\"font-family: Liberation Serif\">Szemt\u00e1vols\u00e1g \u00e1tm\u00e9r\u0151je<\/span><\/b><\/td>\n<td align=\"left\"><span style=\"font-family: Liberation Serif\">8mm<\/span><\/td>\n<\/tr>\n<tr>\n<td align=\"left\" height=\"62\"><b><span style=\"font-family: Liberation Serif\">Dioptri\u00e1s korrekci\u00f3<\/span><\/b><\/td>\n<td align=\"left\"><span style=\"font-family: Liberation Serif\">-5 - +5<\/span><\/td>\n<\/tr>\n<tr>\n<td align=\"left\" height=\"62\"><b><span style=\"font-family: Liberation Serif\">\u00c9rz\u00e9kel\u00e9s<\/span><\/b><\/td>\n<td align=\"left\"><span style=\"font-family: Liberation Serif\">2600m<\/span><\/td>\n<\/tr>\n<tr>\n<td align=\"left\" height=\"32\"><b><span style=\"font-family: Liberation Serif\">Megjelen\u00edt\u00e9s t\u00edpusa<\/span><\/b><\/td>\n<td align=\"left\"><span style=\"font-family: Liberation Serif\">AMOLED 1.03\"<\/span><\/td>\n<\/tr>\n<tr>\n<td align=\"left\" height=\"32\"><b><span style=\"font-family: Liberation Serif\">Kijelz\u0151 felbont\u00e1sa<\/span><\/b><\/td>\n<td align=\"left\"><span style=\"font-family: Liberation Serif\">2560x2560px<\/span><\/td>\n<\/tr>\n<tr>\n<td align=\"left\" height=\"77\"><b><span style=\"font-family: Liberation Serif\">Akkumul\u00e1tor t\u00edpusa<\/span><\/b><\/td>\n<td align=\"left\"><span style=\"font-family: Liberation Serif\">1. bels\u0151 (4000mAh) + 2. cser\u00e9lhet\u0151 18650<\/span><\/td>\n<\/tr>\n<tr>\n<td align=\"left\" height=\"32\"><b><span style=\"font-family: Liberation Serif\">Az akkumul\u00e1tor \u00e9lettartama<\/span><\/b><\/td>\n<td align=\"left\"><span style=\"font-family: Liberation Serif\">7h (bels\u0151 + k\u00fcls\u0151)<\/span><\/td>\n<\/tr>\n<tr>\n<td align=\"left\" height=\"32\"><b><span style=\"font-family: Liberation Serif\">Wi-Fi \/ alkalmaz\u00e1s<\/span><\/b><\/td>\n<td align=\"left\"><span style=\"font-family: Liberation Serif\">Igen<\/span><\/td>\n<\/tr>\n<tr>\n<td align=\"left\" height=\"17\"><b><span style=\"font-family: Liberation Serif\">Fot\u00f3\/Vide\u00f3<\/span><\/b><\/td>\n<td align=\"left\"><span style=\"font-family: Liberation Serif\">Igen<\/span><\/td>\n<\/tr>\n<tr>\n<td align=\"left\" height=\"32\"><b><span style=\"font-family: Liberation Serif\">Hangfelv\u00e9tel<\/span><\/b><\/td>\n<td align=\"left\"><span style=\"font-family: Liberation Serif\">Igen<\/span><\/td>\n<\/tr>\n<tr>\n<td align=\"left\" height=\"62\"><b><span style=\"font-family: Liberation Serif\">Vide\u00f3 visszahat\u00e1s aktiv\u00e1lva<\/span><\/b><\/td>\n<td align=\"left\"><span style=\"font-family: Liberation Serif\">Igen<\/span><\/td>\n<\/tr>\n<tr>\n<td align=\"left\" height=\"32\"><b><span style=\"font-family: Liberation Serif\">Ballisztikus kalkul\u00e1tor<\/span><\/b><\/td>\n<td align=\"left\"><span style=\"font-family: Liberation Serif\">Nem<\/span><\/td>\n<\/tr>\n<tr>\n<td align=\"left\" height=\"32\"><b><span style=\"font-family: Liberation Serif\">L\u00e9zeres t\u00e1vols\u00e1gm\u00e9r\u0151<\/span><\/b><\/td>\n<td align=\"left\"><span style=\"font-family: Liberation Serif\">Nem<\/span><\/td>\n<\/tr>\n<tr>\n<td align=\"left\" height=\"47\"><b><span style=\"font-family: Liberation Serif\">Vide\u00f3k lej\u00e1tsz\u00e1sa a k\u00e9sz\u00fcl\u00e9ken<\/span><\/b><\/td>\n<td align=\"left\"><span style=\"font-family: Liberation Serif\">Igen<\/span><\/td>\n<\/tr>\n<tr>\n<td align=\"left\" height=\"32\"><b><span style=\"font-family: Liberation Serif\">Csatlakoz\u00e1s t\u00edpusa<\/span><\/b><\/td>\n<td align=\"left\"><span style=\"font-family: Liberation Serif\">USB-C<\/span><\/td>\n<\/tr>\n<tr>\n<td align=\"left\" height=\"32\"><b><span style=\"font-family: Liberation Serif\">T\u00e1rhely<\/span><\/b><\/td>\n<td align=\"left\"><span style=\"font-family: Liberation Serif\">64GB<\/span><\/td>\n<\/tr>\n<tr>\n<td align=\"left\" height=\"32\"><b><span style=\"font-family: Liberation Serif\">V\u00edzhatlan<\/span><\/b><\/td>\n<td align=\"left\"><span style=\"font-family: Liberation Serif\">IP67<\/span><\/td>\n<\/tr>\n<tr>\n<td align=\"left\" height=\"77\"><b><span style=\"font-family: Liberation Serif\">S\u00faly<\/span><\/b><\/td>\n<td align=\"left\"><span style=\"font-family: Liberation Serif\">1090g<\/span><\/td>\n<\/tr>\n<tr>\n<td align=\"left\" height=\"32\"><b><span style=\"font-family: Liberation Serif\">M\u00e9retek<\/span><\/b><\/td>\n<td align=\"left\"><span style=\"font-family: Liberation Serif\">365x90x68mm<\/span><\/td>\n<\/tr>\n<tr>\n<td align=\"left\" height=\"32\"><b><span style=\"font-family: Liberation Serif\">Cs\u0151 \u00e1tm\u00e9r\u0151je<\/span><\/b><\/td>\n<td align=\"left\"><span style=\"font-family: Liberation Serif\">30mm<\/span><\/td>\n<\/tr>\n<\/tbody>\n<\/table>\n<p>Hivatalos m\u00e1rkaoldal: <a href=\"https:\/\/www.nocpix.com\/product-ace\/\">https:\/\/www.nocpix.com\/product-ace\/\u00a0<\/a><\/p>","protected":false},"excerpt":{"rendered":"<p>Bemutatjuk az ACE sorozatot, a h\u0151kamer\u00e1s c\u00e9lt\u00e1vcs\u00f6vek z\u00e1szl\u00f3shaj\u00f3j\u00e1t, amelyet minden vad\u00e1szati helyzetre terveztek.<\/p>\n<p>P\u00e1ratlan k\u00e9pmin\u0151s\u00e9get \u00e9s fel\u00fclm\u00falhatatlan teljes\u00edtm\u00e9nyt k\u00edn\u00e1l.<\/p>","protected":false},"featured_media":4487,"template":"","meta":{"_gspb_post_css":""},"product_brand":[316],"product_cat":[21,144,329],"product_tag":[280,262,311,362],"class_list":{"0":"post-4229","1":"product","2":"type-product","3":"status-publish","4":"has-post-thumbnail","6":"product_brand-nocpix","7":"product_cat-optika","8":"product_cat-termovizie","9":"product_cat-termovizne-puskohlady","10":"product_tag-ace","11":"product_tag-nocpix","12":"product_tag-termovizia","13":"product_tag-termovizny-puskohlad","15":"first","16":"instock","17":"taxable","18":"shipping-taxable","19":"purchasable","20":"product-type-simple"},"ct_brands":[{"id":316,"name":"Nocpix","slug":"nocpix"}],"_links":{"self":[{"href":"https:\/\/zbranebudai.sk\/hu\/wp-json\/wp\/v2\/product\/4229","targetHints":{"allow":["GET"]}}],"collection":[{"href":"https:\/\/zbranebudai.sk\/hu\/wp-json\/wp\/v2\/product"}],"about":[{"href":"https:\/\/zbranebudai.sk\/hu\/wp-json\/wp\/v2\/types\/product"}],"wp:featuredmedia":[{"embeddable":true,"href":"https:\/\/zbranebudai.sk\/hu\/wp-json\/wp\/v2\/media\/4487"}],"wp:attachment":[{"href":"https:\/\/zbranebudai.sk\/hu\/wp-json\/wp\/v2\/media?parent=4229"}],"wp:term":[{"taxonomy":"product_brand","embeddable":true,"href":"https:\/\/zbranebudai.sk\/hu\/wp-json\/wp\/v2\/product_brand?post=4229"},{"taxonomy":"product_cat","embeddable":true,"href":"https:\/\/zbranebudai.sk\/hu\/wp-json\/wp\/v2\/product_cat?post=4229"},{"taxonomy":"product_tag","embeddable":true,"href":"https:\/\/zbranebudai.sk\/hu\/wp-json\/wp\/v2\/product_tag?post=4229"}],"curies":[{"name":"wp","href":"https:\/\/api.w.org\/{rel}","templated":true}]}}