{"id":4228,"date":"2025-02-01T21:19:15","date_gmt":"2025-02-01T19:19:15","guid":{"rendered":"https:\/\/zbranebudai.sk\/?post_type=product&#038;p=4228"},"modified":"2025-08-31T03:51:31","modified_gmt":"2025-08-31T01:51:31","slug":"infiray-hibrid-hyh50w-lrf-hokamera-celtavcso","status":"publish","type":"product","link":"https:\/\/zbranebudai.sk\/hu\/product\/infiray-hybrid-hyh50w-lrf-hokamera-celtavcso\/","title":{"rendered":"InfiRay HYBRID HYH50W LRF LRF h\u0151kamer\u00e1s l\u00e1t\u00f3sz\u00f6g"},"content":{"rendered":"<p><strong>InfiRay HYBRID HYH50W LRF LRF h\u0151kamer\u00e1s l\u00e1t\u00f3sz\u00f6g<\/strong><\/p>\n<p><strong>Tov\u00e1bbi funkci\u00f3k<\/strong><br \/>\nA hibrid t\u00e1mogatja mind a c\u00e9lt\u00e1vcs\u0151, mind az el\u00fcls\u0151 ir\u00e1nyz\u00e9k \u00fczemm\u00f3dot. M\u00e1sodpercek alatt v\u00e1lthat a k\u00e9t \u00fczemm\u00f3d k\u00f6z\u00f6tt az okul\u00e1r cser\u00e9je n\u00e9lk\u00fcl.<\/p>\n<p><strong>Vide\u00f3 visszahat\u00e1s aktiv\u00e1lva<\/strong><br \/>\nA Hybrid egy visszar\u00fag\u00e1s-aktiv\u00e1lt videofunkci\u00f3val eg\u00e9sz\u00fcl ki, amely 30 m\u00e1sodperces klipeket r\u00f6gz\u00edt a l\u00f6v\u00e9s el\u0151tt \u00e9s ut\u00e1n, hogy egyetlen fontos pillanat se maradjon ki. T\u00e1mogatja a vide\u00f3- \u00e9s hangfelv\u00e9telt. A k\u00e9pek \u00e9s vide\u00f3k k\u00f6zvetlen\u00fcl a k\u00e9sz\u00fcl\u00e9ken j\u00e1tszhat\u00f3k le, illetve WiFi-n kereszt\u00fcl tov\u00e1bb\u00edthat\u00f3k.<\/p>\n<p><strong>Ultra tiszta k\u00e9p<\/strong><br \/>\nK\u00fclt\u00e9ri vad\u00e1szati k\u00f6rnyezethez 2K kijelz\u0151t haszn\u00e1l - nagy 2560\u00d71920 felbont\u00e1s\u00fa, szil\u00edcium alap\u00fa OLED kijelz\u0151, nagy kontraszt \u00e9s alacsony energiafogyaszt\u00e1s. Kiv\u00e9telesen tiszta \u00e9s k\u00e9nyelmes vizu\u00e1lis \u00e9lm\u00e9nyt ny\u00fajt a felhaszn\u00e1l\u00f3knak.<\/p>\n<p><strong>Extra nagy okul\u00e1r<\/strong><br \/>\nA nagyobb okul\u00e1r k\u00f6nny\u0171 \u00e9s tiszta l\u00e1t\u00e1st tesz lehet\u0151v\u00e9 dinamikus helyzetekben is. A 60 mm hossz\u00fa szemt\u00e1vcs\u0151 kialak\u00edt\u00e1sa megakad\u00e1lyozza a l\u00f6v\u00e9s k\u00f6zbeni visszar\u00fag\u00e1s okozta szems\u00e9r\u00fcl\u00e9seket.<\/p>\n<table border=\"0\" cellspacing=\"0\">\n<colgroup span=\"2\" width=\"85\"><\/colgroup>\n<tbody>\n<tr>\n<td align=\"left\" height=\"32\"><b><span style=\"font-family: Liberation Serif\">Az \u00e9rz\u00e9kel\u0151 specifik\u00e1ci\u00f3i<\/span><\/b><\/td>\n<td align=\"left\"><span style=\"font-family: Liberation Serif\">\u00a0<\/span><\/td>\n<\/tr>\n<tr>\n<td align=\"left\" height=\"47\"><span style=\"font-family: Liberation Serif\">T\u00edpus<\/span><\/td>\n<td align=\"left\"><span style=\"font-family: Liberation Serif\">H\u0171t\u00e9s n\u00e9lk\u00fcli Vox<\/span><\/td>\n<\/tr>\n<tr>\n<td align=\"left\" height=\"32\"><span style=\"font-family: Liberation Serif\">Felbont\u00e1s, pixel<\/span><\/td>\n<td align=\"left\"><span style=\"font-family: Liberation Serif\">640\u00d7480<\/span><\/td>\n<\/tr>\n<tr>\n<td align=\"left\" height=\"32\"><span style=\"font-family: Liberation Serif\">Pixel m\u00e9ret, \u03bcm<\/span><\/td>\n<td align=\"left\"><span style=\"font-family: Liberation Serif\">12<\/span><\/td>\n<\/tr>\n<tr>\n<td align=\"left\" height=\"32\"><span style=\"font-family: Liberation Serif\">NETD, mk<\/span><\/td>\n<td align=\"left\"><span style=\"font-family: Liberation Serif\">\u2264 25<\/span><\/td>\n<\/tr>\n<tr>\n<td align=\"left\" height=\"32\"><span style=\"font-family: Liberation Serif\">K\u00e9pkockasebess\u00e9g, Hz<\/span><\/td>\n<td align=\"left\"><span style=\"font-family: Liberation Serif\">50<\/span><\/td>\n<\/tr>\n<tr>\n<td align=\"left\" height=\"32\"><b><span style=\"font-family: Liberation Serif\">Optikai specifik\u00e1ci\u00f3k<\/span><\/b><\/td>\n<td align=\"left\"><span style=\"font-family: Liberation Serif\">\u00a0<\/span><\/td>\n<\/tr>\n<tr>\n<td align=\"left\" height=\"32\"><span style=\"font-family: Liberation Serif\">Objekt\u00edv, mm<\/span><\/td>\n<td align=\"left\"><span style=\"font-family: Liberation Serif\">50<\/span><\/td>\n<\/tr>\n<tr>\n<td align=\"left\" height=\"32\"><span style=\"font-family: Liberation Serif\">L\u00e1t\u00f3mez\u0151 (H\u00d7E), \u00b0<\/span><\/td>\n<td align=\"left\"><span style=\"font-family: Liberation Serif\">8.8\u00b0 \u00d7 6.6\u00b0<\/span><\/td>\n<\/tr>\n<tr>\n<td align=\"left\" height=\"62\"><span style=\"font-family: Liberation Serif\">Line\u00e1ris l\u00e1t\u00f3mez\u0151 (H\u00d7V), m 100 m-en<\/span><\/td>\n<td align=\"left\"><span style=\"font-family: Liberation Serif\">15.4 \u00d7 11.5<\/span><\/td>\n<\/tr>\n<tr>\n<td align=\"left\" height=\"32\"><span style=\"font-family: Liberation Serif\">Nagy\u00edt\u00e1s, \u00d7<\/span><\/td>\n<td align=\"left\"><span style=\"font-family: Liberation Serif\">2.5 ~ 20<\/span><\/td>\n<\/tr>\n<tr>\n<td align=\"left\" height=\"32\"><span style=\"font-family: Liberation Serif\">Szemt\u00e1vols\u00e1g, mm<\/span><\/td>\n<td align=\"left\"><span style=\"font-family: Liberation Serif\">60<\/span><\/td>\n<\/tr>\n<tr>\n<td align=\"left\" height=\"47\"><span style=\"font-family: Liberation Serif\">Kimeneti pupilla \u00e1tm\u00e9r\u0151je, mm<\/span><\/td>\n<td align=\"left\"><span style=\"font-family: Liberation Serif\">23<\/span><\/td>\n<\/tr>\n<tr>\n<td align=\"left\" height=\"32\"><span style=\"font-family: Liberation Serif\">Dioptriakorrekci\u00f3, D<\/span><\/td>\n<td align=\"left\"><span style=\"font-family: Liberation Serif\">-4 ~ +2<\/span><\/td>\n<\/tr>\n<tr>\n<td align=\"left\" height=\"92\"><span style=\"font-family: Liberation Serif\">\u00c9szlel\u00e9si t\u00e1vols\u00e1g, m (c\u00e9lpont m\u00e9rete: 1,7 m \u00d7 0,5 m, P(n)=99%)<\/span><\/td>\n<td align=\"left\"><span style=\"font-family: Liberation Serif\">2600<\/span><\/td>\n<\/tr>\n<tr>\n<td align=\"left\" height=\"32\"><b><span style=\"font-family: Liberation Serif\">A kijelz\u0151 specifik\u00e1ci\u00f3i<\/span><\/b><\/td>\n<td align=\"left\"><span style=\"font-family: Liberation Serif\">\u00a0<\/span><\/td>\n<\/tr>\n<tr>\n<td align=\"left\" height=\"32\"><span style=\"font-family: Liberation Serif\">T\u00edpus<\/span><\/td>\n<td align=\"left\"><span style=\"font-family: Liberation Serif\">AMOLED<\/span><\/td>\n<\/tr>\n<tr>\n<td align=\"left\" height=\"32\"><span style=\"font-family: Liberation Serif\">Felbont\u00e1s, pixel<\/span><\/td>\n<td align=\"left\"><span style=\"font-family: Liberation Serif\">2560\u00d71920<\/span><\/td>\n<\/tr>\n<tr>\n<td align=\"left\" height=\"32\"><b><span style=\"font-family: Liberation Serif\">Akkumul\u00e1toros t\u00e1pegys\u00e9g<\/span><\/b><\/td>\n<td align=\"left\"><span style=\"font-family: Liberation Serif\">\u00a0<\/span><\/td>\n<\/tr>\n<tr>\n<td align=\"left\" height=\"62\"><span style=\"font-family: Liberation Serif\">Akkumul\u00e1tor<\/span><\/td>\n<td align=\"left\"><span style=\"font-family: Liberation Serif\">1 be\u00e9p\u00edtett Li-ion akkumul\u00e1tor\/4.4Ah\/3.7V<\/span><\/td>\n<\/tr>\n<tr>\n<td align=\"left\" height=\"62\"><span style=\"font-family: Liberation Serif\">Maxim\u00e1lis m\u0171k\u00f6d\u00e9si id\u0151 (22 \u2103), h<\/span><\/td>\n<td align=\"left\"><span style=\"font-family: Liberation Serif\">6<\/span><\/td>\n<\/tr>\n<tr>\n<td align=\"left\" height=\"32\"><span style=\"font-family: Liberation Serif\">K\u00fcls\u0151 t\u00e1pegys\u00e9g<\/span><\/td>\n<td align=\"left\"><span style=\"font-family: Liberation Serif\">5V (C t\u00edpus)<\/span><\/td>\n<\/tr>\n<tr>\n<td align=\"left\" height=\"32\"><b><span style=\"font-family: Liberation Serif\">Fizikai specifik\u00e1ci\u00f3k<\/span><\/b><\/td>\n<td align=\"left\"><span style=\"font-family: Liberation Serif\">\u00a0<\/span><\/td>\n<\/tr>\n<tr>\n<td align=\"left\" height=\"47\"><span style=\"font-family: Liberation Serif\">Wi-Fi \/ alkalmaz\u00e1s<\/span><\/td>\n<td align=\"left\"><span style=\"font-family: Liberation Serif\">Igen (InfiRay Outdoor)<\/span><\/td>\n<\/tr>\n<tr>\n<td align=\"left\" height=\"32\"><span style=\"font-family: Liberation Serif\">Fot\u00f3\/vide\u00f3 felv\u00e9tel<\/span><\/td>\n<td align=\"left\"><span style=\"font-family: Liberation Serif\">Igen<\/span><\/td>\n<\/tr>\n<tr>\n<td align=\"left\" height=\"32\"><span style=\"font-family: Liberation Serif\">Mikrofon<\/span><\/td>\n<td align=\"left\"><span style=\"font-family: Liberation Serif\">Igen<\/span><\/td>\n<\/tr>\n<tr>\n<td align=\"left\" height=\"17\"><span style=\"font-family: Liberation Serif\">Bluetooth<\/span><\/td>\n<td align=\"left\"><span style=\"font-family: Liberation Serif\">Igen<\/span><\/td>\n<\/tr>\n<tr>\n<td align=\"left\" height=\"32\"><span style=\"font-family: Liberation Serif\">Mem\u00f3ria kapacit\u00e1s<\/span><\/td>\n<td align=\"left\"><span style=\"font-family: Liberation Serif\">64GB<\/span><\/td>\n<\/tr>\n<tr>\n<td align=\"left\" height=\"17\"><span style=\"font-family: Liberation Serif\">IP-lefedetts\u00e9g<\/span><\/td>\n<td align=\"left\"><span style=\"font-family: Liberation Serif\">IP67<\/span><\/td>\n<\/tr>\n<tr>\n<td align=\"left\" height=\"32\"><span style=\"font-family: Liberation Serif\">\u00dczemi h\u0151m\u00e9rs\u00e9klet, \u2103<\/span><\/td>\n<td align=\"left\"><span style=\"font-family: Liberation Serif\">-20\u2103 ~ +50\u2103<\/span><\/td>\n<\/tr>\n<tr>\n<td align=\"left\" height=\"17\"><span style=\"font-family: Liberation Serif\">T\u00f6meg, g<\/span><\/td>\n<td align=\"left\"><span style=\"font-family: Liberation Serif\">930<\/span><\/td>\n<\/tr>\n<tr>\n<td align=\"left\" height=\"17\"><span style=\"font-family: Liberation Serif\">M\u00e9retek, mm<\/span><\/td>\n<td align=\"left\"><span style=\"font-family: Liberation Serif\">280\u00d777\u00d776<\/span><\/td>\n<\/tr>\n<tr>\n<td align=\"left\" height=\"32\"><span style=\"font-family: Liberation Serif\">Test anyaga<\/span><\/td>\n<td align=\"left\"><span style=\"font-family: Liberation Serif\">Alum\u00ednium \u00f6tv\u00f6zet<\/span><\/td>\n<\/tr>\n<tr>\n<td align=\"left\" height=\"32\"><b><span style=\"font-family: Liberation Serif\">Csatlakoz\u00e1sok \u00e9s kompatibilit\u00e1s<\/span><\/b><\/td>\n<td align=\"left\"><span style=\"font-family: Liberation Serif\">\u00a0<\/span><\/td>\n<\/tr>\n<tr>\n<td align=\"left\" height=\"32\"><span style=\"font-family: Liberation Serif\">\u00dct\u00e9s\u00e1ll\u00f3s\u00e1g<\/span><\/td>\n<td align=\"left\"><span style=\"font-family: Liberation Serif\">1200g<\/span><\/td>\n<\/tr>\n<tr>\n<td align=\"left\" height=\"77\"><span style=\"font-family: Liberation Serif\">A nappali l\u00e1tcs\u0151 aj\u00e1nlott nagy\u00edt\u00e1sa, \u00d7<\/span><\/td>\n<td align=\"left\"><span style=\"font-family: Liberation Serif\">1-6<\/span><\/td>\n<\/tr>\n<tr>\n<td align=\"left\" height=\"17\"><span style=\"font-family: Liberation Serif\">Telep\u00edt\u00e9s<\/span><\/td>\n<td align=\"left\"><span style=\"font-family: Liberation Serif\">Igen<\/span><\/td>\n<\/tr>\n<tr>\n<td align=\"left\" height=\"32\"><span style=\"font-family: Liberation Serif\">T\u00e1vir\u00e1ny\u00edt\u00f3<\/span><\/td>\n<td align=\"left\"><span style=\"font-family: Liberation Serif\">Igen<\/span><\/td>\n<\/tr>\n<tr>\n<td align=\"left\" height=\"17\"><b><span style=\"font-family: Liberation Serif\">Jellemz\u0151k<\/span><\/b><\/td>\n<td align=\"left\"><span style=\"font-family: Liberation Serif\">\u00a0<\/span><\/td>\n<\/tr>\n<tr>\n<td align=\"left\" height=\"32\"><span style=\"font-family: Liberation Serif\">L\u00e9zeres t\u00e1vols\u00e1gm\u00e9r\u0151<\/span><\/td>\n<td align=\"left\"><span style=\"font-family: Liberation Serif\">Igen<\/span><\/td>\n<\/tr>\n<tr>\n<td align=\"left\" height=\"32\"><span style=\"font-family: Liberation Serif\">M\u00e9r\u00e9si tartom\u00e1ny, m<\/span><\/td>\n<td align=\"left\"><span style=\"font-family: Liberation Serif\">1000\/2000<\/span><\/td>\n<\/tr>\n<tr>\n<td align=\"left\" height=\"17\"><span style=\"font-family: Liberation Serif\">M\u00e9r\u00e9si sz\u00f6g, \u00b0<\/span><\/td>\n<td align=\"left\"><span style=\"font-family: Liberation Serif\">\/<\/span><\/td>\n<\/tr>\n<tr>\n<td align=\"left\" height=\"32\"><span style=\"font-family: Liberation Serif\">M\u00e9r\u00e9si pontoss\u00e1g<\/span><\/td>\n<td align=\"left\"><span style=\"font-family: Liberation Serif\">\u00b11m<\/span><\/td>\n<\/tr>\n<tr>\n<td align=\"left\" height=\"32\"><span style=\"font-family: Liberation Serif\">Hull\u00e1mhossz, nm<\/span><\/td>\n<td align=\"left\"><span style=\"font-family: Liberation Serif\">905<\/span><\/td>\n<\/tr>\n<\/tbody>\n<\/table>\n<p>Hivatalos m\u00e1rkaoldal:<a href=\"https:\/\/www.infirayoutdoor.com\/thermal-imaging-riflescopeclip-on\"> https:\/\/www.infirayoutdoor.com\/thermal-imaging-riflescopeclip-on<\/a><\/p>","protected":false},"excerpt":{"rendered":"<p>Az InfiRay Hybrid sokoldal\u00fas\u00e1got k\u00edn\u00e1l a vad\u00e1szat sor\u00e1n, ak\u00e1r h\u0151kamer\u00e1s c\u00e9lt\u00e1vcs\u0151vel, ak\u00e1r el\u00fcls\u0151 c\u00e9lt\u00e1vcs\u0151vel. A Hybrid opcion\u00e1lis k\u00fcls\u0151 t\u00e1vols\u00e1gm\u00e9r\u0151vel (LRF) \u00e9s ballisztikai sz\u00e1m\u00edt\u00e1ssal van felszerelve, amely \u00b11 MOA pontoss\u00e1got biztos\u00edt. A 2560\u00d71920 felbont\u00e1s\u00fa, teljes sz\u00edn\u0171, 2K OLED kijelz\u0151t haszn\u00e1l, amely kiv\u00e1l\u00f3 k\u00e9pet biztos\u00edt, m\u00edg az okul\u00e1rokat a felhaszn\u00e1l\u00f3 k\u00e9nyelm\u00e9t \u00e9s biztons\u00e1g\u00e1t szem el\u0151tt tartva tervezt\u00e9k. A Hybridet \u00fagy tervezt\u00e9k, hogy olyan vad\u00e1szati \u00e9lm\u00e9nyt ny\u00fajtson, mint m\u00e9g soha.<\/p>","protected":false},"featured_media":4483,"template":"","meta":{"_gspb_post_css":""},"product_brand":[314],"product_cat":[21,144,328,326],"product_tag":[212,170,347,323,311,345],"class_list":{"0":"post-4228","1":"product","2":"type-product","3":"status-publish","4":"has-post-thumbnail","6":"product_brand-infiray","7":"product_cat-optika","8":"product_cat-termovizie","9":"product_cat-termovizne-predsadky","10":"product_cat-termovizne-zameriavace","11":"product_tag-hybrid","12":"product_tag-infiray","13":"product_tag-laserovy-dialkomer","14":"product_tag-predsadka","15":"product_tag-termovizia","16":"product_tag-termovizny-zameriavac","18":"first","19":"instock","20":"taxable","21":"shipping-taxable","22":"purchasable","23":"product-type-simple"},"ct_brands":[{"id":314,"name":"Infiray","slug":"infiray"}],"_links":{"self":[{"href":"https:\/\/zbranebudai.sk\/hu\/wp-json\/wp\/v2\/product\/4228","targetHints":{"allow":["GET"]}}],"collection":[{"href":"https:\/\/zbranebudai.sk\/hu\/wp-json\/wp\/v2\/product"}],"about":[{"href":"https:\/\/zbranebudai.sk\/hu\/wp-json\/wp\/v2\/types\/product"}],"wp:featuredmedia":[{"embeddable":true,"href":"https:\/\/zbranebudai.sk\/hu\/wp-json\/wp\/v2\/media\/4483"}],"wp:attachment":[{"href":"https:\/\/zbranebudai.sk\/hu\/wp-json\/wp\/v2\/media?parent=4228"}],"wp:term":[{"taxonomy":"product_brand","embeddable":true,"href":"https:\/\/zbranebudai.sk\/hu\/wp-json\/wp\/v2\/product_brand?post=4228"},{"taxonomy":"product_cat","embeddable":true,"href":"https:\/\/zbranebudai.sk\/hu\/wp-json\/wp\/v2\/product_cat?post=4228"},{"taxonomy":"product_tag","embeddable":true,"href":"https:\/\/zbranebudai.sk\/hu\/wp-json\/wp\/v2\/product_tag?post=4228"}],"curies":[{"name":"wp","href":"https:\/\/api.w.org\/{rel}","templated":true}]}}