{"id":4195,"date":"2025-02-01T21:18:23","date_gmt":"2025-02-01T19:18:23","guid":{"rendered":"https:\/\/zbranebudai.sk\/?post_type=product&#038;p=4195"},"modified":"2025-08-31T03:51:31","modified_gmt":"2025-08-31T01:51:31","slug":"nocpix-vista-h50r-hokamera-kereso-tavolsagmerovel","status":"publish","type":"product","link":"https:\/\/zbranebudai.sk\/hu\/product\/nocpix-vista-h50r-hokamera-kereso-tavolsagmerovel\/","title":{"rendered":"Nocpix VISTA H50R h\u0151kamer\u00e1s monokul\u00e1r t\u00e1vols\u00e1gm\u00e9r\u0151vel"},"content":{"rendered":"<p><strong>Nocpix VISTA H50R h\u0151kamer\u00e1s monokul\u00e1r t\u00e1vols\u00e1gm\u00e9r\u0151vel<\/strong><\/p>\n<p><strong>Reality+ AI: Mesters\u00e9ges intelligencia algoritmus<\/strong><br \/>\nAz \u00fajonnan kifejlesztett Reality+ AI k\u00e9pfeldolgoz\u00f3 algoritmus hat\u00e9konyan kik\u00fcsz\u00f6b\u00f6li a k\u00f6rnyezeti h\u0151m\u00e9rs\u00e9klet okozta zajt, jav\u00edtva a kontrasztot \u00e9s a r\u00e9szletek \u00e9less\u00e9g\u00e9t. AI technol\u00f3gia, amely seg\u00edt az \u00e9les, kiv\u00e1l\u00f3 min\u0151s\u00e9g\u0171 k\u00e9pek el\u0151\u00e1ll\u00edt\u00e1s\u00e1ban.<\/p>\n<p><strong>\u00dajonnan kifejlesztett 2. gener\u00e1ci\u00f3s \u00e9rz\u00e9kel\u0151: pr\u00e9mium min\u0151s\u00e9g<\/strong><br \/>\nAz \u00fajonnan kifejlesztett, 2. gener\u00e1ci\u00f3s \u00e9rz\u00e9kel\u0151 \u226415mK NETD-vel, 640\u00d7512 px felbont\u00e1ssal \u00e9s 12 \u03bcm pixelm\u00e9rettel kiv\u00e1l\u00f3 k\u00e9pmin\u0151s\u00e9get \u00e9s stabil teljes\u00edtm\u00e9nyt biztos\u00edt minden id\u0151j\u00e1r\u00e1si k\u00f6r\u00fclm\u00e9nyek k\u00f6z\u00f6tt. A fejlett AI k\u00e9pfeldolgoz\u00e1si technol\u00f3gi\u00e1val egy\u00fctt a megfigyelt j\u00e1t\u00e9k minden r\u00e9szlet\u00e9t megjelen\u00edti.<\/p>\n<p><strong>Vision+ rendszer: Mer\u00fclj\u00f6n el az akci\u00f3ban<\/strong><br \/>\nAz 1,03 h\u00fcvelykes, 2560\u00d72560 px felbont\u00e1s\u00fa, k\u00f6r alak\u00fa AMOLED kijelz\u0151 optimaliz\u00e1lja a t\u00e9rbeli hat\u00e9konys\u00e1got, \u00e9s \u00e9l\u00e9nk \u00e9s \u00e9l\u00e9nk sz\u00edneket biztos\u00edt. A 8 mm-es kimeneti pupilla\u00e1tm\u00e9r\u0151vel \u00e9s a Pure Vision m\u00f3ddal k\u00e9nyelmes \u00e9s mag\u00e1val ragad\u00f3 n\u00e9z\u00e9si \u00e9lm\u00e9nyt biztos\u00edt.<\/p>\n<p><strong>Jav\u00edtott akkumul\u00e1tor \u00e9lettartam<\/strong><br \/>\nA VISTA k\u00e9t IBP-7\/4400mAh cser\u00e9lhet\u0151 akkumul\u00e1tortart\u00e1llyal van felszerelve, amelyek leny\u0171g\u00f6z\u0151, ak\u00e1r 11 \u00f3r\u00e1s \u00fczemid\u0151t \u00e9s 90 % kapacit\u00e1st biztos\u00edtanak ak\u00e1r -20\u00b0C-os h\u0151m\u00e9rs\u00e9kleten is. Ezek az akkumul\u00e1torok USB-C-n kereszt\u00fcl k\u00f6nnyen \u00fajrat\u00f6lthet\u0151k.<\/p>\n<p><strong>Integr\u00e1lt l\u00e9zeres t\u00e1vols\u00e1gm\u00e9r\u0151 1200 m-ig<\/strong><br \/>\nAz \u00faj integr\u00e1lt l\u00e9zeres t\u00e1vols\u00e1gm\u00e9r\u0151 (1200 m-ig) az eszt\u00e9tikumot az optikai tengely t\u00f6k\u00e9letes igaz\u00edt\u00e1s\u00e1val \u00f6tv\u00f6zi. Kompakt kialak\u00edt\u00e1sa minimaliz\u00e1lja a lencse interferenci\u00e1j\u00e1t a k\u00e9pmin\u0151s\u00e9g fel\u00e1ldoz\u00e1sa n\u00e9lk\u00fcl. \u00c9lvezze az elegancia \u00e9s a teljes\u00edtm\u00e9ny nagyszer\u0171 kombin\u00e1ci\u00f3j\u00e1t!<\/p>\n<table border=\"0\" cellspacing=\"0\">\n<colgroup span=\"2\" width=\"85\"><\/colgroup>\n<tbody>\n<tr>\n<td align=\"left\" height=\"136\"><span style=\"font-family: Liberation Serif\">\u00c9rz\u00e9kel\u0151 felbont\u00e1sa<\/span><\/td>\n<td align=\"left\"><span style=\"font-family: Liberation Serif\">640x512px - 2. gener\u00e1ci\u00f3<\/span><\/td>\n<\/tr>\n<tr>\n<td align=\"left\" height=\"32\"><span style=\"font-family: Liberation Serif\">Pixel m\u00e9ret<\/span><\/td>\n<td align=\"left\"><span style=\"font-family: Liberation Serif\">12\u00b5m<\/span><\/td>\n<\/tr>\n<tr>\n<td align=\"left\" height=\"77\"><span style=\"font-family: Liberation Serif\">NETD - \u00c9rz\u00e9kel\u0151 \u00e9rz\u00e9kenys\u00e9ge a h\u0151m\u00e9rs\u00e9klet-k\u00fcl\u00f6nbs\u00e9gekre<\/span><\/td>\n<td align=\"left\"><span style=\"font-family: Liberation Serif\">&lt;15mK<\/span><\/td>\n<\/tr>\n<tr>\n<td align=\"left\" height=\"47\"><span style=\"font-family: Liberation Serif\">Friss\u00edt\u00e9si sebess\u00e9g (Hz)<\/span><\/td>\n<td align=\"left\"><span style=\"font-family: Liberation Serif\">60Hz<\/span><\/td>\n<\/tr>\n<tr>\n<td align=\"left\" height=\"47\"><span style=\"font-family: Liberation Serif\">Objekt\u00edv (mm)<\/span><\/td>\n<td align=\"left\"><span style=\"font-family: Liberation Serif\">50mm \/ F0.9<\/span><\/td>\n<\/tr>\n<tr>\n<td align=\"left\" height=\"17\"><span style=\"font-family: Liberation Serif\">L\u00e1t\u00f3mez\u0151<\/span><\/td>\n<td align=\"left\"><span style=\"font-family: Liberation Serif\">8,8\u00b0 x 7,0\u00b0<\/span><\/td>\n<\/tr>\n<tr>\n<td align=\"left\" height=\"32\"><span style=\"font-family: Liberation Serif\">Digit\u00e1lis nagy\u00edt\u00e1s<\/span><\/td>\n<td align=\"left\"><span style=\"font-family: Liberation Serif\">4x-40x<\/span><\/td>\n<\/tr>\n<tr>\n<td align=\"left\" height=\"17\"><span style=\"font-family: Liberation Serif\">Szemkiemel\u00e9s<\/span><\/td>\n<td align=\"left\"><span style=\"font-family: Liberation Serif\">25mm<\/span><\/td>\n<\/tr>\n<tr>\n<td align=\"left\" height=\"32\"><span style=\"font-family: Liberation Serif\">Szemt\u00e1vols\u00e1g \u00e1tm\u00e9r\u0151je<\/span><\/td>\n<td align=\"left\"><span style=\"font-family: Liberation Serif\">8mm<\/span><\/td>\n<\/tr>\n<tr>\n<td align=\"left\" height=\"32\"><span style=\"font-family: Liberation Serif\">Dioptri\u00e1s korrekci\u00f3<\/span><\/td>\n<td align=\"left\"><span style=\"font-family: Liberation Serif\">-4 - +6<\/span><\/td>\n<\/tr>\n<tr>\n<td align=\"left\" height=\"17\"><span style=\"font-family: Liberation Serif\">\u00c9rz\u00e9kel\u00e9s\u00a0<\/span><\/td>\n<td align=\"left\"><span style=\"font-family: Liberation Serif\">2600m<\/span><\/td>\n<\/tr>\n<tr>\n<td align=\"left\" height=\"32\"><span style=\"font-family: Liberation Serif\">Megjelen\u00edt\u00e9s t\u00edpusa<\/span><\/td>\n<td align=\"left\"><span style=\"font-family: Liberation Serif\">AMOLED 1.03\"<\/span><\/td>\n<\/tr>\n<tr>\n<td align=\"left\" height=\"32\"><span style=\"font-family: Liberation Serif\">Kijelz\u0151 felbont\u00e1sa<\/span><\/td>\n<td align=\"left\"><span style=\"font-family: Liberation Serif\">2560x2560px<\/span><\/td>\n<\/tr>\n<tr>\n<td align=\"left\" height=\"92\"><span style=\"font-family: Liberation Serif\">Akkumul\u00e1tor t\u00edpusa<\/span><\/td>\n<td align=\"left\"><span style=\"font-family: Liberation Serif\">2x cser\u00e9lhet\u0151 li-ion akkumul\u00e1tor IBP-7\/4400mAh<\/span><\/td>\n<\/tr>\n<tr>\n<td align=\"left\" height=\"17\"><span style=\"font-family: Liberation Serif\">Az akkumul\u00e1tor \u00e9lettartama<\/span><\/td>\n<td style=\"text-align: left\" align=\"right\"><span style=\"font-family: Liberation Serif\">5,5<\/span><\/td>\n<\/tr>\n<tr>\n<td align=\"left\" height=\"17\"><span style=\"font-family: Liberation Serif\">Wi-Fi \/ alkalmaz\u00e1s<\/span><\/td>\n<td align=\"left\"><span style=\"font-family: Liberation Serif\">Igen<\/span><\/td>\n<\/tr>\n<tr>\n<td align=\"left\" height=\"17\"><span style=\"font-family: Liberation Serif\">Fot\u00f3\/Vide\u00f3<\/span><\/td>\n<td align=\"left\"><span style=\"font-family: Liberation Serif\">Igen<\/span><\/td>\n<\/tr>\n<tr>\n<td align=\"left\" height=\"32\"><span style=\"font-family: Liberation Serif\">Hangfelv\u00e9tel<\/span><\/td>\n<td align=\"left\"><span style=\"font-family: Liberation Serif\">Igen<\/span><\/td>\n<\/tr>\n<tr>\n<td align=\"left\" height=\"62\"><span style=\"font-family: Liberation Serif\">L\u00e9zeres t\u00e1vols\u00e1gm\u00e9r\u0151<\/span><\/td>\n<td align=\"left\"><span style=\"font-family: Liberation Serif\">Igen, az objekt\u00edvbe integr\u00e1lva, 1200 m-ig<\/span><\/td>\n<\/tr>\n<tr>\n<td align=\"left\" height=\"47\"><span style=\"font-family: Liberation Serif\">Vide\u00f3k megtekint\u00e9se a k\u00e9sz\u00fcl\u00e9ken<\/span><\/td>\n<td align=\"left\"><span style=\"font-family: Liberation Serif\">Igen<\/span><\/td>\n<\/tr>\n<tr>\n<td align=\"left\" height=\"17\"><span style=\"font-family: Liberation Serif\">Csatlakoz\u00e1s t\u00edpusa<\/span><\/td>\n<td align=\"left\"><span style=\"font-family: Liberation Serif\">USB-C<\/span><\/td>\n<\/tr>\n<tr>\n<td align=\"left\" height=\"17\"><span style=\"font-family: Liberation Serif\">T\u00e1rhely\u00a0<\/span><\/td>\n<td align=\"left\"><span style=\"font-family: Liberation Serif\">64GB<\/span><\/td>\n<\/tr>\n<tr>\n<td align=\"left\" height=\"17\"><span style=\"font-family: Liberation Serif\">V\u00edz\u00e1ll\u00f3<\/span><\/td>\n<td align=\"left\"><span style=\"font-family: Liberation Serif\">IP67<\/span><\/td>\n<\/tr>\n<tr>\n<td align=\"left\" height=\"17\"><span style=\"font-family: Liberation Serif\">S\u00faly<\/span><\/td>\n<td align=\"left\"><span style=\"font-family: Liberation Serif\">650g<\/span><\/td>\n<\/tr>\n<tr>\n<td align=\"left\" height=\"32\"><span style=\"font-family: Liberation Serif\">M\u00e9retek<\/span><\/td>\n<td align=\"left\"><span style=\"font-family: Liberation Serif\">194x70x82mm<\/span><\/td>\n<\/tr>\n<\/tbody>\n<\/table>\n<p>Hivatalos m\u00e1rkaoldal: <a href=\"https:\/\/www.nocpix.com\/product-vista\/\">https:\/\/www.nocpix.com\/product-vista\/<\/a><\/p>","protected":false},"excerpt":{"rendered":"<p>Bemutatjuk a VISTA sorozatot Vision+, Reality + AI - mesters\u00e9ges intelligencia k\u00e9pfeldolgoz\u00f3 algoritmussal, 2560\u00d72560 felbont\u00e1s\u00fa AMOLED kijelz\u0151vel, 2. gener\u00e1ci\u00f3s \u00e9rz\u00e9kel\u0151vel, digit\u00e1lis k\u00e9pstabiliz\u00e1torral \u00e9s 8 mm-es kimeneti pupilla\u00e1tm\u00e9r\u0151vel. Egy kompromisszumok n\u00e9lk\u00fcli kombin\u00e1ci\u00f3, amely abszol\u00fat le\u00edrhatatlan l\u00e1tv\u00e1ny\u00e9lm\u00e9nyt ny\u00fajt.<\/p>","protected":false},"featured_media":4454,"template":"","meta":{"_gspb_post_css":""},"product_brand":[316],"product_cat":[21,144,327],"product_tag":[313,262,311,337,277],"class_list":{"0":"post-4195","1":"product","2":"type-product","3":"status-publish","4":"has-post-thumbnail","6":"product_brand-nocpix","7":"product_cat-optika","8":"product_cat-termovizie","9":"product_cat-termovizne-monokulary","10":"product_tag-dialkomer","11":"product_tag-nocpix","12":"product_tag-termovizia","13":"product_tag-termovizny-monokular","14":"product_tag-vista","16":"first","17":"instock","18":"taxable","19":"shipping-taxable","20":"purchasable","21":"product-type-simple"},"ct_brands":[{"id":316,"name":"Nocpix","slug":"nocpix"}],"_links":{"self":[{"href":"https:\/\/zbranebudai.sk\/hu\/wp-json\/wp\/v2\/product\/4195","targetHints":{"allow":["GET"]}}],"collection":[{"href":"https:\/\/zbranebudai.sk\/hu\/wp-json\/wp\/v2\/product"}],"about":[{"href":"https:\/\/zbranebudai.sk\/hu\/wp-json\/wp\/v2\/types\/product"}],"wp:featuredmedia":[{"embeddable":true,"href":"https:\/\/zbranebudai.sk\/hu\/wp-json\/wp\/v2\/media\/4454"}],"wp:attachment":[{"href":"https:\/\/zbranebudai.sk\/hu\/wp-json\/wp\/v2\/media?parent=4195"}],"wp:term":[{"taxonomy":"product_brand","embeddable":true,"href":"https:\/\/zbranebudai.sk\/hu\/wp-json\/wp\/v2\/product_brand?post=4195"},{"taxonomy":"product_cat","embeddable":true,"href":"https:\/\/zbranebudai.sk\/hu\/wp-json\/wp\/v2\/product_cat?post=4195"},{"taxonomy":"product_tag","embeddable":true,"href":"https:\/\/zbranebudai.sk\/hu\/wp-json\/wp\/v2\/product_tag?post=4195"}],"curies":[{"name":"wp","href":"https:\/\/api.w.org\/{rel}","templated":true}]}}