{"id":4162,"date":"2025-02-01T21:17:34","date_gmt":"2025-02-01T19:17:34","guid":{"rendered":"https:\/\/zbranebudai.sk\/?post_type=product&#038;p=4162"},"modified":"2025-08-31T03:51:31","modified_gmt":"2025-08-31T01:51:31","slug":"nocpix-lumi-h35-hokamera-kereso","status":"publish","type":"product","link":"https:\/\/zbranebudai.sk\/hu\/product\/nocpix-lumi-h35-hokamera-kereso\/","title":{"rendered":"Nocpix LUMI H35 termikus monokul\u00e1r"},"content":{"rendered":"<p><strong>Nocpix LUMI H35 termikus monokul\u00e1r<\/strong><\/p>\n<p><strong>Reality+ AI: Mesters\u00e9ges intelligencia algoritmus<\/strong><br \/>\nAz \u00fajonnan kifejlesztett Reality+ AI k\u00e9pfeldolgoz\u00f3 algoritmus hat\u00e9konyan kik\u00fcsz\u00f6b\u00f6li a k\u00f6rnyezeti h\u0151m\u00e9rs\u00e9klet okozta zajt, jav\u00edtva a kontrasztot \u00e9s a r\u00e9szletek \u00e9less\u00e9g\u00e9t. AI technol\u00f3gia, amely seg\u00edt az \u00e9les, kiv\u00e1l\u00f3 min\u0151s\u00e9g\u0171 k\u00e9pek el\u0151\u00e1ll\u00edt\u00e1s\u00e1ban.<\/p>\n<p><strong>Sokkal t\u00f6bb f\u00e9nyt kap<\/strong><br \/>\nAz F0,9-es lencs\u00e9t \u00fagy tervezt\u00e9k, hogy 20 %-vel n\u00f6velje a f\u00e9nyfelv\u00e9telt, jelent\u0151sen jav\u00edtva a f\u00e9nyer\u0151t \u00e9s a k\u00e9pmin\u0151s\u00e9get. A hagyom\u00e1nyos F1,0 objekt\u00edvekhez k\u00e9pest ez a javul\u00e1s jelent\u0151s l\u00e9p\u00e9st jelent a l\u00e1tott j\u00e1t\u00e9k jobb \u00e9less\u00e9g\u00e9nek el\u00e9r\u00e9se fel\u00e9.<\/p>\n<p><strong>Cser\u00e9lhet\u0151 18650 akkumul\u00e1torok<\/strong><br \/>\nA LUMI egy cser\u00e9lhet\u0151 18650-es akkumul\u00e1torral m\u0171k\u00f6dik, \u00e9s ford\u00edtott polarit\u00e1s\u00fa funkci\u00f3val rendelkezik, amely lehet\u0151v\u00e9 teszi az akkumul\u00e1tor b\u00e1rmilyen m\u00f3don t\u00f6rt\u00e9n\u0151 behelyez\u00e9s\u00e9t a k\u00e9sz\u00fcl\u00e9kbe. Ez a funkci\u00f3 nagyszer\u0171, ha \u00e9jszaka cser\u00e9li az akkumul\u00e1tort.<\/p>\n<p><strong>Megakad\u00e1lyozza a szem f\u00e1radts\u00e1g\u00e1t<\/strong><br \/>\nA LUMI t\u00f6bbf\u00e9le sz\u00ednpalett\u00e1val rendelkezik, a b\u00edbor \u00e9s viridi\u00e1n palett\u00e1kat \u00fagy tervezt\u00e9k, hogy megakad\u00e1lyozz\u00e1k a szem kif\u00e1rad\u00e1s\u00e1t, \u00e9s hossz\u00fa ideig k\u00e9nyelmes n\u00e9z\u00e9st tegyenek lehet\u0151v\u00e9.<\/p>\n<p><strong>Csendes m\u0171k\u00f6d\u00e9s. Zavartalan megfigyel\u00e9s.<\/strong><br \/>\nA gum\u00edrozott test \u00e9s a gombok lehet\u0151v\u00e9 teszik a k\u00e9sz\u00fcl\u00e9k zajmentes m\u0171k\u00f6dtet\u00e9s\u00e9t.<\/p>\n<p><strong>Kicsi, de kompromisszummentes<\/strong><br \/>\nSokoldal\u00fa term\u00e9kk\u00e9nt a LUMI digit\u00e1lis k\u00e9pstabiliz\u00e1torral, IP67-es v\u00edz\u00e1ll\u00f3s\u00e1ggal, k\u00f6nny\u0171 kialak\u00edt\u00e1ssal, valamint \u00e1ll\u00f3k\u00e9pek \u00e9s vide\u00f3k k\u00e9sz\u00edt\u00e9s\u00e9re alkalmas funkci\u00f3kkal \u00e9s 32 GB-os t\u00e1rhellyel b\u00fcszk\u00e9lkedhet.<\/p>\n<p><strong>NOCPIX alkalmaz\u00e1s<\/strong><br \/>\nProfesszion\u00e1lis, m\u00e9gis egyszer\u0171 NOCPIX! Teljesen \u00faj lehet\u0151s\u00e9geket k\u00edn\u00e1l a vad\u00e1szok sz\u00e1m\u00e1ra. A Wi-Fi eszk\u00f6z\u00e9t a telefonj\u00e1hoz csatlakoztatva friss\u00edtheti az \u00faj firmware-t, let\u00f6ltheti \u00e9s megtekintheti a f\u00e9nyk\u00e9peket vagy vide\u00f3kat. Azonnal megtekintheti a vad\u00e1szat ut\u00e1ni \u00e9lm\u00e9nyeit, m\u00e9g a s\u0171r\u0171 erd\u0151kben is, ahol nincs t\u00e9rer\u0151. Az alkalmaz\u00e1s fejleszt\u00e9se folyamatosan fejl\u0151dik, \u00edgy sz\u00e1mos \u00faj funkci\u00f3ra sz\u00e1m\u00edthatunk.<\/p>\n<table border=\"0\" cellspacing=\"0\">\n<colgroup span=\"2\" width=\"85\"><\/colgroup>\n<tbody>\n<tr>\n<td align=\"left\" height=\"32\"><span style=\"font-family: Liberation Serif\">\u00c9rz\u00e9kel\u0151 felbont\u00e1sa<\/span><\/td>\n<td align=\"left\"><span style=\"font-family: Liberation Serif\">640x512px - 2. gener\u00e1ci\u00f3<\/span><\/td>\n<\/tr>\n<tr>\n<td align=\"left\" height=\"32\"><span style=\"font-family: Liberation Serif\">Pixel m\u00e9ret<\/span><\/td>\n<td align=\"left\"><span style=\"font-family: Liberation Serif\">12\u00b5m<\/span><\/td>\n<\/tr>\n<tr>\n<td align=\"left\" height=\"77\"><span style=\"font-family: Liberation Serif\">NETD - \u00c9rz\u00e9kel\u0151 \u00e9rz\u00e9kenys\u00e9ge a h\u0151m\u00e9rs\u00e9klet-k\u00fcl\u00f6nbs\u00e9gekre<\/span><\/td>\n<td align=\"left\"><span style=\"font-family: Liberation Serif\">&lt;18mK<\/span><\/td>\n<\/tr>\n<tr>\n<td align=\"left\" height=\"47\"><span style=\"font-family: Liberation Serif\">Friss\u00edt\u00e9si sebess\u00e9g (Hz)<\/span><\/td>\n<td align=\"left\"><span style=\"font-family: Liberation Serif\">50Hz<\/span><\/td>\n<\/tr>\n<tr>\n<td align=\"left\" height=\"47\"><span style=\"font-family: Liberation Serif\">Objekt\u00edv elem (mm)9<\/span><\/td>\n<td align=\"left\"><span style=\"font-family: Liberation Serif\">35mm \/ F0.9<\/span><\/td>\n<\/tr>\n<tr>\n<td align=\"left\" height=\"17\"><span style=\"font-family: Liberation Serif\">L\u00e1t\u00f3mez\u0151<\/span><\/td>\n<td align=\"left\"><span style=\"font-family: Liberation Serif\">12,5\u00b0 x 9,4\u00b0<\/span><\/td>\n<\/tr>\n<tr>\n<td align=\"left\" height=\"32\"><span style=\"font-family: Liberation Serif\">Digit\u00e1lis nagy\u00edt\u00e1s<\/span><\/td>\n<td align=\"left\"><span style=\"font-family: Liberation Serif\">2.5x-20x<\/span><\/td>\n<\/tr>\n<tr>\n<td align=\"left\" height=\"17\"><span style=\"font-family: Liberation Serif\">Szemkiemel\u00e9s<\/span><\/td>\n<td align=\"left\"><span style=\"font-family: Liberation Serif\">25mm<\/span><\/td>\n<\/tr>\n<tr>\n<td align=\"left\" height=\"32\"><span style=\"font-family: Liberation Serif\">Szemt\u00e1vols\u00e1g \u00e1tm\u00e9r\u0151je<\/span><\/td>\n<td align=\"left\"><span style=\"font-family: Liberation Serif\">10mm<\/span><\/td>\n<\/tr>\n<tr>\n<td align=\"left\" height=\"32\"><span style=\"font-family: Liberation Serif\">Dioptri\u00e1s korrekci\u00f3<\/span><\/td>\n<td align=\"left\"><span style=\"font-family: Liberation Serif\">-5 - +5<\/span><\/td>\n<\/tr>\n<tr>\n<td align=\"left\" height=\"17\"><span style=\"font-family: Liberation Serif\">\u00c9rz\u00e9kel\u00e9s\u00a0<\/span><\/td>\n<td align=\"left\"><span style=\"font-family: Liberation Serif\">1800m<\/span><\/td>\n<\/tr>\n<tr>\n<td align=\"left\" height=\"32\"><span style=\"font-family: Liberation Serif\">Megjelen\u00edt\u00e9s t\u00edpusa<\/span><\/td>\n<td align=\"left\"><span style=\"font-family: Liberation Serif\">AMOLED<\/span><\/td>\n<\/tr>\n<tr>\n<td align=\"left\" height=\"32\"><span style=\"font-family: Liberation Serif\">Kijelz\u0151 felbont\u00e1sa<\/span><\/td>\n<td align=\"left\"><span style=\"font-family: Liberation Serif\">1024x768px<\/span><\/td>\n<\/tr>\n<tr>\n<td align=\"left\" height=\"92\"><span style=\"font-family: Liberation Serif\">Akkumul\u00e1tor t\u00edpusa<\/span><\/td>\n<td align=\"left\"><span style=\"font-family: Liberation Serif\">Cser\u00e9lhet\u0151 18650 Li-ion akkumul\u00e1tor<\/span><\/td>\n<\/tr>\n<tr>\n<td align=\"left\" height=\"17\"><span style=\"font-family: Liberation Serif\">Az akkumul\u00e1tor \u00e9lettartama<\/span><\/td>\n<td align=\"left\"><span style=\"font-family: Liberation Serif\">4h<\/span><\/td>\n<\/tr>\n<tr>\n<td align=\"left\" height=\"17\"><span style=\"font-family: Liberation Serif\">Wi-Fi \/ alkalmaz\u00e1s<\/span><\/td>\n<td align=\"left\"><span style=\"font-family: Liberation Serif\">Igen<\/span><\/td>\n<\/tr>\n<tr>\n<td align=\"left\" height=\"17\"><span style=\"font-family: Liberation Serif\">Fot\u00f3\/Vide\u00f3<\/span><\/td>\n<td align=\"left\"><span style=\"font-family: Liberation Serif\">Igen<\/span><\/td>\n<\/tr>\n<tr>\n<td align=\"left\" height=\"32\"><span style=\"font-family: Liberation Serif\">Hangfelv\u00e9tel<\/span><\/td>\n<td align=\"left\"><span style=\"font-family: Liberation Serif\">Igen<\/span><\/td>\n<\/tr>\n<tr>\n<td align=\"left\" height=\"62\"><span style=\"font-family: Liberation Serif\">L\u00e9zeres t\u00e1vols\u00e1gm\u00e9r\u0151<\/span><\/td>\n<td align=\"left\"><span style=\"font-family: Liberation Serif\">Nem<\/span><\/td>\n<\/tr>\n<tr>\n<td align=\"left\" height=\"47\"><span style=\"font-family: Liberation Serif\">Vide\u00f3k megtekint\u00e9se a k\u00e9sz\u00fcl\u00e9ken<\/span><\/td>\n<td align=\"left\"><span style=\"font-family: Liberation Serif\">Igen<\/span><\/td>\n<\/tr>\n<tr>\n<td align=\"left\" height=\"17\"><span style=\"font-family: Liberation Serif\">Csatlakoz\u00e1s t\u00edpusa<\/span><\/td>\n<td align=\"left\"><span style=\"font-family: Liberation Serif\">USB-C<\/span><\/td>\n<\/tr>\n<tr>\n<td align=\"left\" height=\"17\"><span style=\"font-family: Liberation Serif\">T\u00e1rhely\u00a0<\/span><\/td>\n<td align=\"left\"><span style=\"font-family: Liberation Serif\">32GB<\/span><\/td>\n<\/tr>\n<tr>\n<td align=\"left\" height=\"17\"><span style=\"font-family: Liberation Serif\">V\u00edz\u00e1ll\u00f3<\/span><\/td>\n<td align=\"left\"><span style=\"font-family: Liberation Serif\">IP67<\/span><\/td>\n<\/tr>\n<tr>\n<td align=\"left\" height=\"17\"><span style=\"font-family: Liberation Serif\">S\u00faly<\/span><\/td>\n<td align=\"left\"><span style=\"font-family: Liberation Serif\">345g<\/span><\/td>\n<\/tr>\n<tr>\n<td align=\"left\" height=\"32\"><span style=\"font-family: Liberation Serif\">M\u00e9retek<\/span><\/td>\n<td align=\"left\"><span style=\"font-family: Liberation Serif\">143x47x74mm<\/span><\/td>\n<\/tr>\n<\/tbody>\n<\/table>\n<p>Hivatalos m\u00e1rkaoldal: <a href=\"https:\/\/www.nocpix.com\/product-lumi\/\">https:\/\/www.nocpix.com\/product-lumi\/<\/a><\/p>","protected":false},"excerpt":{"rendered":"<p>Egy \u00faj termikus monokul\u00e1r sorozat, amelyet kompakt teste jellemez, ugyanakkor nem tagadja meg er\u0151teljes k\u00e9pess\u00e9geit. Az \u00fajonnan kifejlesztett technol\u00f3gi\u00e1nak, a fejlett Reality+ AI algoritmusoknak \u00e9s a digit\u00e1lis k\u00e9pstabiliz\u00e1tornak k\u00f6sz\u00f6nhet\u0151en kiv\u00e9teles k\u00e9pmin\u0151s\u00e9get k\u00edn\u00e1l, amely kiemelkedik a kateg\u00f3ri\u00e1j\u00e1ban. A LUMI-val egy olyan k\u00e9sz\u00fcl\u00e9ket kapsz, amely nemcsak nagy teljes\u00edtm\u00e9ny\u0171, de hihetetlen\u00fcl praktikusan hordozhat\u00f3 is. Kisebb, mint egy hagyom\u00e1nyos mobiltelefon, \u00edgy minden alkalomra t\u00f6k\u00e9letes t\u00e1rs lehet.<\/p>","protected":false},"featured_media":4404,"template":"","meta":{"_gspb_post_css":""},"product_brand":[316],"product_cat":[21,144,327],"product_tag":[276,262,311,337],"class_list":{"0":"post-4162","1":"product","2":"type-product","3":"status-publish","4":"has-post-thumbnail","6":"product_brand-nocpix","7":"product_cat-optika","8":"product_cat-termovizie","9":"product_cat-termovizne-monokulary","10":"product_tag-lumi","11":"product_tag-nocpix","12":"product_tag-termovizia","13":"product_tag-termovizny-monokular","15":"first","16":"instock","17":"taxable","18":"shipping-taxable","19":"purchasable","20":"product-type-simple"},"ct_brands":[{"id":316,"name":"Nocpix","slug":"nocpix"}],"_links":{"self":[{"href":"https:\/\/zbranebudai.sk\/hu\/wp-json\/wp\/v2\/product\/4162","targetHints":{"allow":["GET"]}}],"collection":[{"href":"https:\/\/zbranebudai.sk\/hu\/wp-json\/wp\/v2\/product"}],"about":[{"href":"https:\/\/zbranebudai.sk\/hu\/wp-json\/wp\/v2\/types\/product"}],"wp:featuredmedia":[{"embeddable":true,"href":"https:\/\/zbranebudai.sk\/hu\/wp-json\/wp\/v2\/media\/4404"}],"wp:attachment":[{"href":"https:\/\/zbranebudai.sk\/hu\/wp-json\/wp\/v2\/media?parent=4162"}],"wp:term":[{"taxonomy":"product_brand","embeddable":true,"href":"https:\/\/zbranebudai.sk\/hu\/wp-json\/wp\/v2\/product_brand?post=4162"},{"taxonomy":"product_cat","embeddable":true,"href":"https:\/\/zbranebudai.sk\/hu\/wp-json\/wp\/v2\/product_cat?post=4162"},{"taxonomy":"product_tag","embeddable":true,"href":"https:\/\/zbranebudai.sk\/hu\/wp-json\/wp\/v2\/product_tag?post=4162"}],"curies":[{"name":"wp","href":"https:\/\/api.w.org\/{rel}","templated":true}]}}