{"id":4141,"date":"2025-02-01T21:17:05","date_gmt":"2025-02-01T19:17:05","guid":{"rendered":"https:\/\/zbranebudai.sk\/?post_type=product&#038;p=4141"},"modified":"2025-08-31T03:51:32","modified_gmt":"2025-08-31T01:51:32","slug":"thermtec-vidar-660-2-0-hokamera-celtavcso","status":"publish","type":"product","link":"https:\/\/zbranebudai.sk\/hu\/product\/thermtec-vidar-660-2-0-hokamera-celtavcso\/","title":{"rendered":"ThermTec VIDAR 660 2.0 h\u0151kamer\u00e1s l\u00e1t\u00f3sz\u00f6g"},"content":{"rendered":"<p><strong>ThermTec VIDAR 660 2.0 h\u0151kamer\u00e1s l\u00e1t\u00f3sz\u00f6g<\/strong><\/p>\n<p>A Vidar 2.0 intuit\u00edv vez\u00e9rl\u00e9st, kiv\u00e1l\u00f3 k\u00e9pmin\u0151s\u00e9get \u00e9s hossz\u00fa akkumul\u00e1tor-\u00fczemid\u0151t k\u00edn\u00e1l, \u00edgy b\u00e1rmilyen k\u00f6r\u00fclm\u00e9nyek k\u00f6z\u00f6tt kompromisszumok n\u00e9lk\u00fcl teljes m\u00e9rt\u00e9kben a c\u00e9lpontra f\u00f3kusz\u00e1lhat.<\/p>\n<ul>\n<li>H\u0151m\u00e9rs\u00e9kleti \u00e9rz\u00e9kenys\u00e9g \u2264 20 mK<\/li>\n<li>\u00c9rz\u00e9kel\u0151 640 \u00d7 512 px<\/li>\n<li>\u00c9rz\u00e9kel\u00e9s 3000 m\u00e9terig<\/li>\n<li>Optikai zoom<\/li>\n<li>Egyszer\u0171s\u00edtett m\u0171k\u00f6d\u00e9s<\/li>\n<li>AI Ratio t\u00e1vols\u00e1gm\u00e9r\u0151<\/li>\n<\/ul>\n<p>H\u0151kamera c\u00e9lt\u00e1vcs\u0151\u00a0<strong>Vidar 660 2.0<\/strong>\u00a0fel van szerelve\u00a0<strong>h\u0151\u00e9rz\u00e9kel\u0151, NETD \u00e9rz\u00e9kenys\u00e9ggel \u2264 20 mK<\/strong>\u00a0a\u00a0<strong>felbont\u00e1s 640 \u00d7 512 px<\/strong>. Min\u00e9l alacsonyabb a NETD-\u00e9rt\u00e9k, ann\u00e1l jobban k\u00e9pes az \u00e9rz\u00e9kel\u0151 a t\u00e1rgyak k\u00f6z\u00f6tti legkisebb h\u0151m\u00e9rs\u00e9kletk\u00fcl\u00f6nbs\u00e9geket is r\u00f6gz\u00edteni, \u00e9s r\u00e9szletes k\u00e9pet adni. Ez is seg\u00edt a kiv\u00e1l\u00f3 min\u0151s\u00e9g\u0171 k\u00e9p k\u00f6zvet\u00edt\u00e9s\u00e9ben\u00a0<strong>AMOLED kijelz\u0151 1024 \u00d7 768 px felbont\u00e1ssal<\/strong>amely szint\u00e9n k\u00edm\u00e9letes a szemhez.<\/p>\n<p>Jellemz\u0151\u00a0<strong>optikai zoom<\/strong>\u00a0k\u00e9t lencs\u00e9b\u0151l \u00e1ll egy k\u00e9sz\u00fcl\u00e9kben, amelynek k\u00f6sz\u00f6nhet\u0151en a l\u00e1t\u00f3mez\u0151 sz\u00e9less\u00e9g\u00e9t az \u00d6n ig\u00e9nyeinek megfelel\u0151en v\u00e1ltoztathatja.\u00a0<strong>Objekt\u00edv<\/strong>\u00a0f\u00f3kuszt\u00e1vols\u00e1ggal\u00a0<strong>20 mm<\/strong>\u00a01,1-szeres optikai nagy\u00edt\u00e1ssal lehet\u0151v\u00e9 teszi az \u00e9szlel\u00e9st a k\u00f6vetkez\u0151 \u00e9rt\u00e9kekn\u00e9l\u00a0<strong>1000 m\u00e9ter<\/strong>, m\u00edg\u00a0<strong>lencse<\/strong>\u00a0f\u00f3kuszt\u00e1vols\u00e1ggal\u00a0<strong>60 mm<\/strong>\u00a03,2-szeres nagy\u00edt\u00e1ssal lehet\u0151v\u00e9 teszi a felismer\u00e9st ak\u00e1r\u00a0<strong>3000 m\u00e9ter<\/strong>. A k\u00e9sz\u00fcl\u00e9k AI ar\u00e1ny\u00fa t\u00e1vols\u00e1gm\u00e9r\u0151vel is rendelkezik.<\/p>\n<p><strong>K\u00f6nnyen haszn\u00e1lhat\u00f3<\/strong>\u00a0mostant\u00f3l a k\u00e9sz\u00fcl\u00e9k tetej\u00e9n tal\u00e1lhat\u00f3 f\u00f3kusz\u00e1l\u00f3 ker\u00e9k \u00e9s egy l\u00e1t\u00f3mez\u0151-v\u00e1lt\u00f3 gy\u0171r\u0171 kombin\u00e1ci\u00f3ja, amelyet \u00fagy terveztek, hogy\u00a0<strong>egy k\u00e9zzel m\u0171k\u00f6dtethet\u0151<\/strong>.<\/p>\n<p>Be\u00e9p\u00edtett mem\u00f3ri\u00e1val\u00a0<strong>ak\u00e1r 64 GB kapacit\u00e1s<\/strong>\u00a0Megteheti\u00a0<strong>f\u00e9nyk\u00e9pek \u00e9s vide\u00f3k r\u00f6gz\u00edt\u00e9se hanggal<\/strong>. A l\u00e1tv\u00e1ny nagyon hasznos funkci\u00f3ja\u00a0<strong>automatikus felv\u00e9tel a felv\u00e9tel ut\u00e1n<\/strong>\u00a0\u00e9s a r\u00f6gz\u00edtett felv\u00e9telek azonnali megtekint\u00e9s\u00e9nek vagy t\u00f6rl\u00e9s\u00e9nek lehet\u0151s\u00e9ge. A k\u00e9sz\u00fcl\u00e9ket az USB-C kimeneten kereszt\u00fcl csatlakoztathatja sz\u00e1m\u00edt\u00f3g\u00e9phez, vagy haszn\u00e1lhatja az alkalmaz\u00e1s linkj\u00e9t.\u00a0<strong>ThermTec Outdoor<\/strong>.<\/p>\n<p>\u00c9rdemes m\u00e9g megeml\u00edteni\u00a0<strong>\u00f6ntanul\u00f3, sz\u00e1l n\u00e9lk\u00fcli technol\u00f3gia<\/strong>, amelyet az automatikus k\u00e9pkorrekci\u00f3ban haszn\u00e1lnak. Ez a funkci\u00f3 adatokat gy\u0171jt \u00e9s seg\u00edt\u00a0<strong>stabilabb k\u00e9pet biztos\u00edt<\/strong>\u00a0an\u00e9lk\u00fcl, hogy zavar\u00f3 apr\u00edt\u00e1ssal vesz\u00e9lyeztetn\u00e9 a tal\u00e1lat pontoss\u00e1g\u00e1t.<\/p>\n<p>Vidar 2.0 rendelkezik\u00a0<strong>cs\u00f6kkentett s\u00faly<\/strong>\u00a0dur\u00e1lis test \u00e9s tart\u00f3s\u00edtott\u00a0<strong>ellen\u00e1ll\u00e1s<\/strong>\u00a0<strong>v\u00e9delmi fokozat IP67<\/strong>. M\u00e9g zord k\u00f6r\u00fclm\u00e9nyek k\u00f6z\u00f6tt sem marad le egy pillanatr\u00f3l sem, k\u00f6sz\u00f6nhet\u0151en a\u00a0<strong>k\u00e9t cser\u00e9lhet\u0151 elem,<\/strong>\u00a0amelyek egy\u00fcttesen a k\u00f6vetkez\u0151ket adj\u00e1k\u00a0<strong>folyamatos megfigyel\u00e9s ak\u00e1r 16 \u00f3r\u00e1n kereszt\u00fcl<\/strong>! Az akkumul\u00e1tort az alv\u00f3 \u00fczemm\u00f3d haszn\u00e1lat\u00e1val vagy egy t\u00e1pegys\u00e9g csatlakoztat\u00e1s\u00e1val takar\u00edthatja meg.<\/p>\n<table border=\"0\" cellspacing=\"0\">\n<colgroup span=\"3\" width=\"85\"><\/colgroup>\n<tbody>\n<tr>\n<td align=\"left\" height=\"17\"><span style=\"font-family: Liberation Serif\">Wi-Fi<\/span><\/td>\n<td colspan=\"2\" align=\"left\"><span style=\"font-family: Liberation Serif\">Igen<\/span><\/td>\n<\/tr>\n<tr>\n<td align=\"left\" height=\"17\"><span style=\"font-family: Liberation Serif\">\u00c9rz\u00e9kel\u0151<\/span><\/td>\n<td colspan=\"2\" align=\"left\"><span style=\"font-family: Liberation Serif\">640 \u00d7 512px<\/span><\/td>\n<\/tr>\n<tr>\n<td align=\"left\" height=\"32\"><span style=\"font-family: Liberation Serif\">H\u0151\u00e9rz\u00e9kenys\u00e9g<\/span><\/td>\n<td colspan=\"2\" align=\"left\"><span style=\"font-family: Liberation Serif\">\u2264 20 mK<\/span><\/td>\n<\/tr>\n<tr>\n<td align=\"left\" height=\"32\"><span style=\"font-family: Liberation Serif\">Kijelz\u0151 felbont\u00e1sa<\/span><\/td>\n<td colspan=\"2\" align=\"left\"><span style=\"font-family: Liberation Serif\">1024 \u00d7 768 px<\/span><\/td>\n<\/tr>\n<tr>\n<td align=\"left\" height=\"17\"><span style=\"font-family: Liberation Serif\">Objekt\u00edv<\/span><\/td>\n<td align=\"left\"><span style=\"font-family: Liberation Serif\">20 mm<\/span><\/td>\n<td align=\"left\"><span style=\"font-family: Liberation Serif\">60 mm<\/span><\/td>\n<\/tr>\n<tr>\n<td align=\"left\" height=\"17\"><span style=\"font-family: Liberation Serif\">\u00c9rz\u00e9kel\u00e9s<\/span><\/td>\n<td align=\"left\"><span style=\"font-family: Liberation Serif\">1000 m<\/span><\/td>\n<td align=\"left\"><span style=\"font-family: Liberation Serif\">3000 m<\/span><\/td>\n<\/tr>\n<tr>\n<td align=\"left\" height=\"32\"><span style=\"font-family: Liberation Serif\">Optikai nagy\u00edt\u00e1s<\/span><\/td>\n<td align=\"left\"><span style=\"font-family: Liberation Serif\">1,1x<\/span><\/td>\n<td align=\"left\"><span style=\"font-family: Liberation Serif\">3,2x<\/span><\/td>\n<\/tr>\n<tr>\n<td align=\"left\" height=\"17\"><span style=\"font-family: Liberation Serif\">L\u00e1t\u00f3mez\u0151<\/span><\/td>\n<td align=\"left\"><span style=\"font-family: Liberation Serif\">21,7\u00b0 \u00d7 17,4\u00b0<\/span><\/td>\n<td align=\"left\"><span style=\"font-family: Liberation Serif\">7,3\u00b0 \u00d7 5,9\u00b0<\/span><\/td>\n<\/tr>\n<tr>\n<td align=\"left\" height=\"32\"><span style=\"font-family: Liberation Serif\">Optikai zoom<\/span><\/td>\n<td colspan=\"2\" align=\"left\"><span style=\"font-family: Liberation Serif\">2,9x<\/span><\/td>\n<\/tr>\n<tr>\n<td align=\"left\" height=\"32\"><span style=\"font-family: Liberation Serif\">Digit\u00e1lis zoom<\/span><\/td>\n<td colspan=\"2\" align=\"left\"><span style=\"font-family: Liberation Serif\">1-4x<\/span><\/td>\n<\/tr>\n<tr>\n<td align=\"left\" height=\"32\"><span style=\"font-family: Liberation Serif\">Dioptri\u00e1s korrekci\u00f3<\/span><\/td>\n<td colspan=\"2\" align=\"left\"><span style=\"font-family: Liberation Serif\">\u00b15D<\/span><\/td>\n<\/tr>\n<tr>\n<td align=\"left\" height=\"32\"><span style=\"font-family: Liberation Serif\">F\u00e9nyk\u00e9pez\u00e9si lehet\u0151s\u00e9g<\/span><\/td>\n<td colspan=\"2\" align=\"left\"><span style=\"font-family: Liberation Serif\">Igen<\/span><\/td>\n<\/tr>\n<tr>\n<td align=\"left\" height=\"32\"><span style=\"font-family: Liberation Serif\">Vide\u00f3 opci\u00f3<\/span><\/td>\n<td colspan=\"2\" align=\"left\"><span style=\"font-family: Liberation Serif\">Igen<\/span><\/td>\n<\/tr>\n<tr>\n<td align=\"left\" height=\"32\"><span style=\"font-family: Liberation Serif\">Hangfelv\u00e9tel<\/span><\/td>\n<td colspan=\"2\" align=\"left\"><span style=\"font-family: Liberation Serif\">Igen<\/span><\/td>\n<\/tr>\n<tr>\n<td align=\"left\" height=\"32\"><span style=\"font-family: Liberation Serif\">V\u00e9delmi fokozat<\/span><\/td>\n<td colspan=\"2\" align=\"left\"><span style=\"font-family: Liberation Serif\">IP67<\/span><\/td>\n<\/tr>\n<tr>\n<td align=\"left\" height=\"32\"><span style=\"font-family: Liberation Serif\">Mem\u00f3ria<\/span><\/td>\n<td colspan=\"2\" align=\"left\"><span style=\"font-family: Liberation Serif\">be\u00e9p\u00edtett, 64 GB<\/span><\/td>\n<\/tr>\n<tr>\n<td align=\"left\" height=\"32\"><span style=\"font-family: Liberation Serif\">\u00dczemi h\u0151m\u00e9rs\u00e9klet<\/span><\/td>\n<td colspan=\"2\" align=\"left\"><span style=\"font-family: Liberation Serif\">-20\u00b0C \u00e9s 55\u00b0C k\u00f6z\u00f6tt<\/span><\/td>\n<\/tr>\n<tr>\n<td align=\"left\" height=\"32\"><span style=\"font-family: Liberation Serif\">Akkumul\u00e1torok<\/span><\/td>\n<td colspan=\"2\" align=\"left\"><span style=\"font-family: Liberation Serif\">2x cser\u00e9lhet\u0151 18650<\/span><\/td>\n<\/tr>\n<tr>\n<td align=\"left\" height=\"32\"><span style=\"font-family: Liberation Serif\">Az akkumul\u00e1tor \u00e9lettartama<\/span><\/td>\n<td colspan=\"2\" align=\"left\"><span style=\"font-family: Liberation Serif\">16 \u00f3ra<\/span><\/td>\n<\/tr>\n<tr>\n<td align=\"left\" height=\"32\"><span style=\"font-family: Liberation Serif\">S\u00faly<\/span><\/td>\n<td colspan=\"2\" align=\"left\"><span style=\"font-family: Liberation Serif\">825 g<\/span><\/td>\n<\/tr>\n<tr>\n<td align=\"left\" height=\"17\"><span style=\"font-family: Liberation Serif\">M\u00e9retek<\/span><\/td>\n<td colspan=\"2\" align=\"left\"><span style=\"font-family: Liberation Serif\">233\u00d7100\u00d775 mm<\/span><\/td>\n<\/tr>\n<\/tbody>\n<\/table>\n<p><strong>A csomag tartalma:<\/strong><\/p>\n<ul>\n<li>ThermTec Vidar 660 2.0 h\u0151kamer\u00e1s l\u00e1t\u00f3sz\u00f6g<\/li>\n<li>1x akkumul\u00e1tort\u00f6lt\u0151<\/li>\n<li>2x 18650 akkumul\u00e1tor<\/li>\n<li>1x 18650 akkumul\u00e1tor kupak<\/li>\n<li>1x elemfed\u00e9l 18500<\/li>\n<li>1x USB adatk\u00e1bel<\/li>\n<li>1x m\u00e1gneses f\u0171z\u0151lyuk<\/li>\n<li>optikai sz\u00f6vet<\/li>\n<li>Cseh \u00e9s szlov\u00e1k nyelv\u0171 utas\u00edt\u00e1sok<\/li>\n<\/ul>\n<p>Hivatalos m\u00e1rkaoldal: <a href=\"https:\/\/www.thermeyetec.com\/vidar-2-0-series\/\">https:\/\/www.thermeyetec.com\/vidar-2-0-series\/<\/a><\/p>","protected":false},"excerpt":{"rendered":"<ul>\n<li>H\u0151kamera \u00e9rz\u00e9kel\u0151: 640 \u00d7 512 px, 12\u03bcm.<\/li>\n<li>A h\u0151k\u00e9p\u00e9rz\u00e9kel\u0151 \u00e9rz\u00e9kenys\u00e9ge: \u2264 20 mK.<\/li>\n<li>Objekt\u00edv: 20\/60 mm.<\/li>\n<li>\u00c9rz\u00e9kel\u00e9si t\u00e1vols\u00e1g: 1000\/3000 m.<\/li>\n<li>Optikai nagy\u00edt\u00e1s: 1,1x\/3,2x.<\/li>\n<li>Optikai zoom: 2,9x.<\/li>\n<li>Digit\u00e1lis zoom: 4x.<\/li>\n<li>Megjelen\u00edt\u00e9s: AMOLED 1024 \u00d7 768 px.<\/li>\n<li>AI ar\u00e1ny\u00fa t\u00e1vols\u00e1gm\u00e9r\u0151.<\/li>\n<li>Takar\u00e9kos \u00fczemm\u00f3d (alv\u00f3 \u00fczemm\u00f3d).<\/li>\n<li>Az akkumul\u00e1tor \u00e9lettartama: 16 \u00f3ra.<\/li>\n<li>Teljes\u00edtm\u00e9ny: 2x cser\u00e9lhet\u0151 18650-es akkumul\u00e1tor.<\/li>\n<\/ul>","protected":false},"featured_media":4364,"template":"","meta":{"_gspb_post_css":""},"product_brand":[319],"product_cat":[21,144,326],"product_tag":[311,345,263,274],"class_list":{"0":"post-4141","1":"product","2":"type-product","3":"status-publish","4":"has-post-thumbnail","6":"product_brand-thermtec","7":"product_cat-optika","8":"product_cat-termovizie","9":"product_cat-termovizne-zameriavace","10":"product_tag-termovizia","11":"product_tag-termovizny-zameriavac","12":"product_tag-thermtec","13":"product_tag-vidar","15":"first","16":"instock","17":"taxable","18":"shipping-taxable","19":"purchasable","20":"product-type-simple"},"ct_brands":[{"id":319,"name":"ThermTec","slug":"thermtec"}],"_links":{"self":[{"href":"https:\/\/zbranebudai.sk\/hu\/wp-json\/wp\/v2\/product\/4141","targetHints":{"allow":["GET"]}}],"collection":[{"href":"https:\/\/zbranebudai.sk\/hu\/wp-json\/wp\/v2\/product"}],"about":[{"href":"https:\/\/zbranebudai.sk\/hu\/wp-json\/wp\/v2\/types\/product"}],"wp:featuredmedia":[{"embeddable":true,"href":"https:\/\/zbranebudai.sk\/hu\/wp-json\/wp\/v2\/media\/4364"}],"wp:attachment":[{"href":"https:\/\/zbranebudai.sk\/hu\/wp-json\/wp\/v2\/media?parent=4141"}],"wp:term":[{"taxonomy":"product_brand","embeddable":true,"href":"https:\/\/zbranebudai.sk\/hu\/wp-json\/wp\/v2\/product_brand?post=4141"},{"taxonomy":"product_cat","embeddable":true,"href":"https:\/\/zbranebudai.sk\/hu\/wp-json\/wp\/v2\/product_cat?post=4141"},{"taxonomy":"product_tag","embeddable":true,"href":"https:\/\/zbranebudai.sk\/hu\/wp-json\/wp\/v2\/product_tag?post=4141"}],"curies":[{"name":"wp","href":"https:\/\/api.w.org\/{rel}","templated":true}]}}