{"id":4078,"date":"2025-02-01T21:15:27","date_gmt":"2025-02-01T19:15:27","guid":{"rendered":"https:\/\/zbranebudai.sk\/?post_type=product&#038;p=4078"},"modified":"2025-08-31T03:51:32","modified_gmt":"2025-08-31T01:51:32","slug":"thermtec-vidar-660-hokamera-celtavcso","status":"publish","type":"product","link":"https:\/\/zbranebudai.sk\/hu\/product\/thermtec-vidar-660-hokamera-celtavcso\/","title":{"rendered":"ThermTec VIDAR 660 h\u0151kamer\u00e1s l\u00e1t\u00f3sz\u00f6g"},"content":{"rendered":"<p><strong>ThermTec VIDAR 660 h\u0151kamer\u00e1s l\u00e1t\u00f3sz\u00f6g<\/strong><\/p>\n<p>Kicsi, k\u00f6nny\u0171 \u00e9s kompakt - ezekkel a szavakkal jellemezhet\u0151 a ThermTec \u00faj Vidar h\u0151kamer\u00e1s l\u00e1tcs\u00f6ve. Mindent tartalmaz, amire a vad\u00e1szathoz vagy megfigyel\u00e9shez a lehet\u0151 legk\u00e9nyelmesebben sz\u00fcks\u00e9ge van, \u00e9s hihetetlen\u00fcl k\u00f6nny\u0171. A k\u00e9pet nem fagyaszt\u00f3 kalibr\u00e1ci\u00f3s technol\u00f3gi\u00e1val \u00e9s az intuit\u00edv kezel\u0151szervekkel a legjobb bar\u00e1tja lesz b\u00e1rmilyen k\u00fclt\u00e9ri k\u00f6r\u00fclm\u00e9nyek k\u00f6z\u00f6tt.<\/p>\n<ul>\n<li>Optikai zoom<\/li>\n<li>Z\u00e1r\u00f3d\u00e1smentes technol\u00f3gia<\/li>\n<li>\u00c9rz\u00e9kel\u0151 640 x 512 px<\/li>\n<li>H\u0151m\u00e9rs\u00e9kleti \u00e9rz\u00e9kenys\u00e9g \u2264 25 mK<\/li>\n<li>\u00c9rz\u00e9kel\u00e9s 3000 m\u00e9terig*<\/li>\n<li>AI Ratio t\u00e1vols\u00e1gm\u00e9r\u0151<\/li>\n<\/ul>\n<p><strong>Vidar 660 h\u0151kamer\u00e1s l\u00e1t\u00f3sz\u00f6g<\/strong>\u00a012 um-os \u00e9rz\u00e9keny \u00e9rz\u00e9kel\u0151vel van felszerelve, felbont\u00e1ssal\u00a0<strong>640 \u00d7 512 px<\/strong>\u00a0a\u00a0<strong>lencse\u00a0<\/strong>f\u00f3kuszt\u00e1vols\u00e1ggal\u00a0<strong>60 mm<\/strong>\u00a0a\u00a0<strong>1024 \u00d7 768 px OLED kijelz\u0151<\/strong>amely rossz id\u0151ben \u00e9s teljes s\u00f6t\u00e9ts\u00e9gben is nagyszer\u0171 k\u00e9pet ad.<\/p>\n<p>A Vidar 660 egyed\u00fcl\u00e1ll\u00f3 jellemz\u0151je a rendk\u00edv\u00fcl pontos h\u00e1rmas\u00a0<strong>optikai zoom<\/strong>amely nem \"dadogja\" a k\u00e9pet, \u00e9s biztos\u00edtja a\u00a0<strong>Opci\u00f3<\/strong>\u00a0<strong>a l\u00e1t\u00f3mez\u0151 sz\u00e9less\u00e9g\u00e9nek m\u00f3dos\u00edt\u00e1sa<\/strong>\u00a0hogy a lehet\u0151 legjobb k\u00e9pet kapja, ak\u00e1r r\u00f6vid t\u00e1vols\u00e1gb\u00f3l, t\u00f6k\u00e9letes \u00e9less\u00e9ggel, ak\u00e1r nagyobb t\u00e1vols\u00e1gb\u00f3l szeretne megfigyelni.<\/p>\n<p><span class=\"ui-provider gs b c d e f g h i j k l m n o p q r s t u v w x y z ab ac ae af ag ah ai aj ak\" dir=\"ltr\">A Vidar h\u0151kamer\u00e1s l\u00e1tcs\u0151 hatalmas el\u0151nye a vad\u00e1szok sz\u00e1m\u00e1ra az, hogy\u00a0<strong>Z\u00e1r\u00f3d\u00e1smentes technol\u00f3gia<\/strong>. Lehet\u0151v\u00e9 teszi, hogy megszak\u00edt\u00e1s n\u00e9lk\u00fcl a c\u00e9lpontra \u00f6sszpontos\u00edtson, \u00edgy biztos\u00edtva a z\u00f6kken\u0151mentes vad\u00e1szat \u00e9lm\u00e9ny\u00e9t. Mivel a k\u00e9sz\u00fcl\u00e9k\u00a0<strong>nem kalibr\u00e1l \u00e9s folyamatosan \u00e9rz\u00e9keli<\/strong>, gyors d\u00f6nt\u00e9seket hozhat vad\u00e1szat k\u00f6zben, alkalmazkodhat a v\u00e1ltoz\u00f3 k\u00f6rnyezethez, \u00e9s n\u00f6velheti a sikeres vad\u00e1szat es\u00e9lyeit.<\/span><\/p>\n<p>Fel van szerelve\u00a0<strong>t\u00e1vols\u00e1gm\u00e9r\u0151 mesters\u00e9ges intelligenci\u00e1val<\/strong>\u00a0\u00e9s nagyon k\u00f6nnyen kezelhet\u0151 a m\u00e1s ThermTec k\u00e9sz\u00fcl\u00e9kekb\u0151l ismert joystickkal.\u00a0<strong>\u00c9rz\u00e9kel\u00e9si t\u00e1vols\u00e1g<\/strong>\u00a0a l\u00e1tv\u00e1nyt a\u00a0<strong>3 000 m\u00e9ter<\/strong>.<\/p>\n<p>K\u00f6sz\u00f6nhet\u0151en\u00a0<strong>64 GB be\u00e9p\u00edtett mem\u00f3ria<\/strong>\u00a0rengeteg hely a fot\u00f3k \u00e9s vide\u00f3k sz\u00e1m\u00e1ra, \u00e9s az alkalmaz\u00e1ssal\u00a0<strong>Smart Thermal<\/strong>\u00a0mobileszk\u00f6z\u00e9n kereszt\u00fcl val\u00f3s id\u0151ben nyomon k\u00f6vetheti a helysz\u00ednt.<\/p>\n<p>Olyan funkci\u00f3kkal is rendelkezik, mint a v\u00edz\u00e1ll\u00f3 \u00e9s IP67-es ellen\u00e1ll\u00e1s. Ez teszi a Vidart alkalmass\u00e1 olyan zord k\u00f6r\u00fclm\u00e9nyek k\u00f6z\u00f6tt, mint az es\u0151 \u00e9s a h\u00f3. Az \u00e1ramell\u00e1t\u00e1sr\u00f3l k\u00e9t cser\u00e9lhet\u0151 18650-es akkumul\u00e1tor gondoskodik. Az alv\u00f3 \u00fczemm\u00f3d haszn\u00e1lat\u00e1val k\u00edm\u00e9li az akkumul\u00e1tort.<\/p>\n<table border=\"0\" cellspacing=\"0\">\n<colgroup span=\"2\" width=\"85\"><\/colgroup>\n<tbody>\n<tr>\n<td align=\"left\" height=\"17\"><span style=\"font-family: Liberation Serif\">\u00c9rz\u00e9kel\u0151<\/span><\/td>\n<td align=\"left\"><span style=\"font-family: Liberation Serif\">640 \u00d7 512 px<\/span><\/td>\n<\/tr>\n<tr>\n<td align=\"left\" height=\"32\"><span style=\"font-family: Liberation Serif\">H\u0151\u00e9rz\u00e9kenys\u00e9g<\/span><\/td>\n<td align=\"left\"><span style=\"font-family: Liberation Serif\">\u2264 25 mK<\/span><\/td>\n<\/tr>\n<tr>\n<td align=\"left\" height=\"32\"><span style=\"font-family: Liberation Serif\">Kijelz\u0151 felbont\u00e1sa<\/span><\/td>\n<td align=\"left\"><span style=\"font-family: Liberation Serif\">1024 \u00d7 768 px<\/span><\/td>\n<\/tr>\n<tr>\n<td align=\"left\" height=\"17\"><span style=\"font-family: Liberation Serif\">Wi-fi<\/span><\/td>\n<td align=\"left\"><span style=\"font-family: Liberation Serif\">Igen<\/span><\/td>\n<\/tr>\n<tr>\n<td align=\"left\" height=\"17\"><span style=\"font-family: Liberation Serif\">Objekt\u00edv<\/span><\/td>\n<td align=\"left\"><span style=\"font-family: Liberation Serif\">60 mm<\/span><\/td>\n<\/tr>\n<tr>\n<td align=\"left\" height=\"17\"><span style=\"font-family: Liberation Serif\">\u00c9rz\u00e9kel\u00e9s<\/span><\/td>\n<td align=\"left\"><span style=\"font-family: Liberation Serif\">3 000 m<\/span><\/td>\n<\/tr>\n<tr>\n<td align=\"left\" height=\"32\"><span style=\"font-family: Liberation Serif\">Optikai nagy\u00edt\u00e1s<\/span><\/td>\n<td align=\"left\"><span style=\"font-family: Liberation Serif\">1.1x\/3.2x<\/span><\/td>\n<\/tr>\n<tr>\n<td align=\"left\" height=\"32\"><span style=\"font-family: Liberation Serif\">\u00a0Optikai zoom<\/span><\/td>\n<td align=\"left\"><span style=\"font-family: Liberation Serif\">3\u00d7<\/span><\/td>\n<\/tr>\n<tr>\n<td align=\"left\" height=\"47\"><span style=\"font-family: Liberation Serif\">L\u00e1t\u00f3mez\u0151<\/span><\/td>\n<td align=\"left\"><span style=\"font-family: Liberation Serif\">21,7\u00b0 \u00d7 17,4\u00b0\/7,3\u00b0 \u00d7 5,9\u00b0<\/span><\/td>\n<\/tr>\n<tr>\n<td align=\"left\" height=\"32\"><span style=\"font-family: Liberation Serif\">Digit\u00e1lis zoom<\/span><\/td>\n<td align=\"left\"><span style=\"font-family: Liberation Serif\">5x<\/span><\/td>\n<\/tr>\n<tr>\n<td align=\"left\" height=\"47\"><span style=\"font-family: Liberation Serif\">Dioptri\u00e1s korrekci\u00f3<\/span><\/td>\n<td align=\"left\"><span style=\"font-family: Liberation Serif\">\u00b15<\/span><\/td>\n<\/tr>\n<tr>\n<td align=\"left\" height=\"47\"><span style=\"font-family: Liberation Serif\">F\u00e9nyk\u00e9p k\u00e9sz\u00edt\u00e9s\u00e9nek lehet\u0151s\u00e9ge<\/span><\/td>\n<td align=\"left\"><span style=\"font-family: Liberation Serif\">Igen<\/span><\/td>\n<\/tr>\n<tr>\n<td align=\"left\" height=\"47\"><span style=\"font-family: Liberation Serif\">Vide\u00f3 k\u00e9sz\u00edt\u00e9s\u00e9nek lehet\u0151s\u00e9ge<\/span><\/td>\n<td align=\"left\"><span style=\"font-family: Liberation Serif\">Igen<\/span><\/td>\n<\/tr>\n<tr>\n<td align=\"left\" height=\"32\"><span style=\"font-family: Liberation Serif\">V\u00e9delmi fokozat<\/span><\/td>\n<td align=\"left\"><span style=\"font-family: Liberation Serif\">IP67<\/span><\/td>\n<\/tr>\n<tr>\n<td align=\"left\" height=\"32\"><span style=\"font-family: Liberation Serif\">Mem\u00f3ria<\/span><\/td>\n<td align=\"left\"><span style=\"font-family: Liberation Serif\">64 GB<\/span><\/td>\n<\/tr>\n<tr>\n<td align=\"left\" height=\"32\"><span style=\"font-family: Liberation Serif\">\u00dczemi h\u0151m\u00e9rs\u00e9klet<\/span><\/td>\n<td align=\"left\"><span style=\"font-family: Liberation Serif\">-20 \u00b0C \u00e9s 50 \u00b0C k\u00f6z\u00f6tt<\/span><\/td>\n<\/tr>\n<tr>\n<td align=\"left\" height=\"17\"><span style=\"font-family: Liberation Serif\">Akkumul\u00e1torok<\/span><\/td>\n<td align=\"left\"><span style=\"font-family: Liberation Serif\">2\u00d7 18650<\/span><\/td>\n<\/tr>\n<tr>\n<td align=\"left\" height=\"17\"><span style=\"font-family: Liberation Serif\">Az akkumul\u00e1tor \u00e9lettartama<\/span><\/td>\n<td align=\"left\"><span style=\"font-family: Liberation Serif\">10 \u00f3ra.<\/span><\/td>\n<\/tr>\n<tr>\n<td align=\"left\" height=\"32\"><span style=\"font-family: Liberation Serif\">S\u00faly:<\/span><\/td>\n<td align=\"left\"><span style=\"font-family: Liberation Serif\">880 g<\/span><\/td>\n<\/tr>\n<tr>\n<td align=\"left\" height=\"32\"><span style=\"font-family: Liberation Serif\">M\u00e9retek<\/span><\/td>\n<td align=\"left\"><span style=\"font-family: Liberation Serif\">220 \u00d7 84 \u00d7 87 mm<\/span><\/td>\n<\/tr>\n<\/tbody>\n<\/table>\n<div data-sanitized-data-mce-fragment=\"1\">\n<p><strong>A csomag tartalma:<\/strong><\/p>\n<\/div>\n<ul>\n<li>ThermTec Vidar 660 h\u0151kamer\u00e1s l\u00e1t\u00f3sz\u00f6g<\/li>\n<li>1\u00d7 f\u0171z\u0151lyuk<\/li>\n<li>4\u00d7 18650 akkumul\u00e1tor<\/li>\n<li>1x m\u00e1gneses t\u00f6lt\u0151k\u00e1bel<\/li>\n<li>1x Picatinny r\u00f6gz\u00edt\u00e9s<\/li>\n<li>Cseh \u00e9s szlov\u00e1k nyelv\u0171 utas\u00edt\u00e1sok<\/li>\n<\/ul>\n<p>Hivatalos m\u00e1rkaoldal: <a href=\"https:\/\/www.thermeyetec.com\/vidarseries\/\">https:\/\/www.thermeyetec.com\/vidarseries\/<\/a><\/p>","protected":false},"excerpt":{"rendered":"<ul>\n<li>\u00c9rz\u00e9kel\u0151: 640 \u00d7 512 px, 12um.<\/li>\n<li>Objekt\u00edv: 60 mm.<\/li>\n<li>A h\u0151k\u00e9p\u00e9rz\u00e9kel\u0151 \u00e9rz\u00e9kenys\u00e9ge \u2264 25 mK.<\/li>\n<li>AI ar\u00e1ny\u00fa t\u00e1vols\u00e1gm\u00e9r\u0151.<\/li>\n<li>\u00c9rz\u00e9kel\u00e9si t\u00e1vols\u00e1g: 3 000 m.<\/li>\n<li>Optikai zoom: 3x.<\/li>\n<li>Sima digit\u00e1lis zoom: ak\u00e1r 5x.<\/li>\n<li>Megjelen\u00edt\u00e9s: OLED 1024 \u00d7 768 px.<\/li>\n<li>Takar\u00e9kos \u00fczemm\u00f3d (alv\u00f3 \u00fczemm\u00f3d).<\/li>\n<li>Az akkumul\u00e1tor \u00e9lettartama: 10 \u00f3ra.<\/li>\n<\/ul>","protected":false},"featured_media":4289,"template":"","meta":{"_gspb_post_css":""},"product_brand":[319],"product_cat":[21,144,326],"product_tag":[311,345,263,274],"class_list":{"0":"post-4078","1":"product","2":"type-product","3":"status-publish","4":"has-post-thumbnail","6":"product_brand-thermtec","7":"product_cat-optika","8":"product_cat-termovizie","9":"product_cat-termovizne-zameriavace","10":"product_tag-termovizia","11":"product_tag-termovizny-zameriavac","12":"product_tag-thermtec","13":"product_tag-vidar","15":"first","16":"instock","17":"taxable","18":"shipping-taxable","19":"purchasable","20":"product-type-simple"},"ct_brands":[{"id":319,"name":"ThermTec","slug":"thermtec"}],"_links":{"self":[{"href":"https:\/\/zbranebudai.sk\/hu\/wp-json\/wp\/v2\/product\/4078","targetHints":{"allow":["GET"]}}],"collection":[{"href":"https:\/\/zbranebudai.sk\/hu\/wp-json\/wp\/v2\/product"}],"about":[{"href":"https:\/\/zbranebudai.sk\/hu\/wp-json\/wp\/v2\/types\/product"}],"wp:featuredmedia":[{"embeddable":true,"href":"https:\/\/zbranebudai.sk\/hu\/wp-json\/wp\/v2\/media\/4289"}],"wp:attachment":[{"href":"https:\/\/zbranebudai.sk\/hu\/wp-json\/wp\/v2\/media?parent=4078"}],"wp:term":[{"taxonomy":"product_brand","embeddable":true,"href":"https:\/\/zbranebudai.sk\/hu\/wp-json\/wp\/v2\/product_brand?post=4078"},{"taxonomy":"product_cat","embeddable":true,"href":"https:\/\/zbranebudai.sk\/hu\/wp-json\/wp\/v2\/product_cat?post=4078"},{"taxonomy":"product_tag","embeddable":true,"href":"https:\/\/zbranebudai.sk\/hu\/wp-json\/wp\/v2\/product_tag?post=4078"}],"curies":[{"name":"wp","href":"https:\/\/api.w.org\/{rel}","templated":true}]}}