{"id":4051,"date":"2025-02-01T21:14:00","date_gmt":"2025-02-01T19:14:00","guid":{"rendered":"https:\/\/zbranebudai.sk\/?post_type=product&#038;p=4051"},"modified":"2025-08-31T03:51:32","modified_gmt":"2025-08-31T01:51:32","slug":"thermtec-ciklopsz-cp635-hokamera","status":"publish","type":"product","link":"https:\/\/zbranebudai.sk\/hu\/product\/thermtec-cyclops-cp635-hokamera\/","title":{"rendered":"ThermTec CYCLOPS CP635 termikus monokul\u00e1r"},"content":{"rendered":"<p><strong>ThermTec CYCLOPS CP635 termikus monokul\u00e1r<\/strong><\/p>\n<p>A ThermTec \u00e1ltal kifejlesztett \u00faj gener\u00e1ci\u00f3s Cyclops h\u0151kamer\u00e1s monokul\u00e1r 12 um-os h\u0171t\u00e9s n\u00e9lk\u00fcli infrav\u00f6r\u00f6s detektorral van felszerelve, \u00e9s k\u00e9t v\u00e1ltozatban, 35 mm\/50 mm-es objekt\u00edv f\u00f3kuszt\u00e1vols\u00e1ggal \u00e9s nagy felbont\u00e1s\u00fa, 1024\u00d7768-as OLED kijelz\u0151vel k\u00e9sz\u00fcl. Intelligens AI k\u00e9pfelismer\u0151 algoritmus\u00e1nak k\u00f6sz\u00f6nhet\u0151en lehet\u0151v\u00e9 teszi a felhaszn\u00e1l\u00f3k sz\u00e1m\u00e1ra, hogy teljes s\u00f6t\u00e9ts\u00e9gben is egy pillant\u00e1ssal felismerj\u00e9k a t\u00e1rgyakat, \u00edgy k\u00fcl\u00f6n\u00f6sen \u00e9jszaka megb\u00edzhat\u00f3 \u00e9s kiv\u00e1l\u00f3 min\u0151s\u00e9g\u0171 vizu\u00e1lis \u00e9lm\u00e9nyt ny\u00fajt. K\u00fcl\u00f6n\u00f6sen a mobiltelefon-csatlakoztat\u00e1si funkci\u00f3 garant\u00e1lja a felhaszn\u00e1l\u00f3k sz\u00e1m\u00e1ra a szabadt\u00e9ri tev\u00e9kenys\u00e9gek v\u00e9gtelen \u00e9lvezet\u00e9t.<\/p>\n<p><strong>Automatikus t\u00e1vols\u00e1gm\u00e9r\u00e9s AI (mesters\u00e9ges intelligencia) seg\u00edts\u00e9g\u00e9vel:<br \/>\n<\/strong>A mesters\u00e9ges intelligencia seg\u00edts\u00e9g\u00e9vel a k\u00e9sz\u00fcl\u00e9k k\u00e9pes automatikusan megm\u00e9rni egy t\u00e1rgy t\u00e1vols\u00e1g\u00e1t.<\/p>\n<p><strong>Sima zoom:<br \/>\n<\/strong>A k\u00e9sz\u00fcl\u00e9k 1,8x \u00e9s 6,0x k\u00f6z\u00f6tti folyamatos zoomol\u00e1sra k\u00e9pes. A joystick seg\u00edts\u00e9g\u00e9vel a k\u00e9p folyamatosan nagy\u00edthat\u00f3 vagy kicsiny\u00edthet\u0151, a c\u00e9lpont rugalmasan kereshet\u0151 \u00e9s gyorsan lokaliz\u00e1lhat\u00f3. A CP635 alapnagy\u00edt\u00e1sa 2x-es.<\/p>\n<p><strong>Sz\u00ednpalett\u00e1k:<br \/>\n<\/strong>A ThermTec az els\u0151 c\u00e9g, amely t\u00f6bbf\u00e9le lehet\u0151s\u00e9ggel \u00e1llt el\u0151 a h\u0151m\u00e9rs\u00e9kletm\u00e9r\u00e9s \u00e1br\u00e1zol\u00e1s\u00e1ra a k\u00e9sz\u00fcl\u00e9ken. V\u00e1lasszon a 6 sz\u00ednpaletta sz\u00e9les v\u00e1laszt\u00e9k\u00e1b\u00f3l, \u00e9s szabja k\u00e9sz\u00fcl\u00e9k\u00e9t az \u00d6n ig\u00e9nyeihez.<\/p>\n<p><strong>K\u00e9tir\u00e1ny\u00fa wi-fi kialak\u00edt\u00e1s:<br \/>\n<\/strong>Lehet\u0151v\u00e9 teszi a felhaszn\u00e1l\u00f3 sz\u00e1m\u00e1ra, hogy ne csak a monokul\u00e1r mobileszk\u00f6zh\u00f6z val\u00f3 csatlakoztat\u00e1s\u00e1val vez\u00e9relje a k\u00e9sz\u00fcl\u00e9ket, hanem 4G\/5G-n kereszt\u00fcl egy megl\u00e9v\u0151 internetkapcsolatot is fenntartson, \u00edgy a felhaszn\u00e1l\u00f3 val\u00f3s id\u0151ben oszthat meg vide\u00f3kat vagy k\u00e9peket a bar\u00e1taival.<\/p>\n<table border=\"0\" cellspacing=\"0\">\n<colgroup span=\"2\" width=\"85\"><\/colgroup>\n<tbody>\n<tr>\n<td align=\"left\" height=\"32\"><b><span style=\"font-family: Liberation Serif\">Az \u00e9rz\u00e9kel\u0151 felbont\u00e1sa<\/span><\/b><\/td>\n<td align=\"left\"><span style=\"font-family: Liberation Serif\">640 \u00d7 512 px, 12 \u00b5m, VOx<\/span><\/td>\n<\/tr>\n<tr>\n<td align=\"left\" height=\"47\"><b><span style=\"font-family: Liberation Serif\">NETD (h\u0151\u00e9rz\u00e9kenys\u00e9g)<\/span><\/b><\/td>\n<td align=\"left\"><span style=\"font-family: Liberation Serif\">&lt; 30 mK (25 \u00b0C-on, F# = 1,0)<\/span><\/td>\n<\/tr>\n<tr>\n<td align=\"left\" height=\"17\"><b><span style=\"font-family: Liberation Serif\">Objekt\u00edv<\/span><\/b><\/td>\n<td align=\"left\"><span style=\"font-family: Liberation Serif\">35 mm<\/span><\/td>\n<\/tr>\n<tr>\n<td align=\"left\" height=\"17\"><b><span style=\"font-family: Liberation Serif\">Nagy\u00edt\u00e1s<\/span><\/b><\/td>\n<td align=\"left\"><span style=\"font-family: Liberation Serif\">2x - 12x<\/span><\/td>\n<\/tr>\n<tr>\n<td align=\"left\" height=\"47\"><b><span style=\"font-family: Liberation Serif\">Digit\u00e1lis nagy\u00edt\u00e1s<\/span><\/b><\/td>\n<td align=\"left\"><span style=\"font-family: Liberation Serif\">1 - 6x (folyamatos nagy\u00edt\u00e1s)<\/span><\/td>\n<\/tr>\n<tr>\n<td align=\"left\" height=\"17\"><b><span style=\"font-family: Liberation Serif\">L\u00e1t\u00f3mez\u0151<\/span><\/b><\/td>\n<td align=\"left\"><span style=\"font-family: Liberation Serif\">12,5\u00b0 \u00d7 10\u00b0<\/span><\/td>\n<\/tr>\n<tr>\n<td align=\"left\" height=\"32\"><b><span style=\"font-family: Liberation Serif\">Friss\u00edt\u00e9si sebess\u00e9g<\/span><\/b><\/td>\n<td align=\"left\"><span style=\"font-family: Liberation Serif\">50 Hz<\/span><\/td>\n<\/tr>\n<tr>\n<td align=\"left\" height=\"17\"><b><span style=\"font-family: Liberation Serif\">\u00c9rz\u00e9kel\u00e9s<\/span><\/b><\/td>\n<td align=\"left\"><span style=\"font-family: Liberation Serif\">1 800 m<\/span><\/td>\n<\/tr>\n<tr>\n<td align=\"left\" height=\"47\"><b><span style=\"font-family: Liberation Serif\">Kijelz\u0151<\/span><\/b><\/td>\n<td align=\"left\"><span style=\"font-family: Liberation Serif\">0,4 h\u00fcvelyk, OLED 1024 \u00d7 768 px<\/span><\/td>\n<\/tr>\n<tr>\n<td align=\"left\" height=\"77\"><b><span style=\"font-family: Liberation Serif\">Sz\u00ednpalett\u00e1k<\/span><\/b><\/td>\n<td align=\"left\"><span style=\"font-family: Liberation Serif\">Fekete, piros, feh\u00e9r, feh\u00e9r, f\u00fazi\u00f3s \u00e9s egy\u00e9b h\u0151tartom\u00e1nyok.<\/span><\/td>\n<\/tr>\n<tr>\n<td align=\"left\" height=\"47\"><b><span style=\"font-family: Liberation Serif\">Legforr\u00f3bb pont \u00e9rz\u00e9kel\u00e9se<\/span><\/b><\/td>\n<td align=\"left\"><span style=\"font-family: Liberation Serif\">IGEN<\/span><\/td>\n<\/tr>\n<tr>\n<td align=\"left\" height=\"32\"><b><span style=\"font-family: Liberation Serif\">Wi-Fi \u00e9s hotspot k\u00e9pess\u00e9g<\/span><\/b><\/td>\n<td align=\"left\"><span style=\"font-family: Liberation Serif\">IGEN<\/span><\/td>\n<\/tr>\n<tr>\n<td align=\"left\" height=\"32\"><b><span style=\"font-family: Liberation Serif\">Be\u00e9p\u00edtett t\u00e1rol\u00f3<\/span><\/b><\/td>\n<td align=\"left\"><span style=\"font-family: Liberation Serif\">16 GB<\/span><\/td>\n<\/tr>\n<tr>\n<td align=\"left\" height=\"47\"><b><span style=\"font-family: Liberation Serif\">A f\u00e9nyk\u00e9pez\u00e9s lehet\u0151s\u00e9ge<\/span><\/b><\/td>\n<td align=\"left\"><span style=\"font-family: Liberation Serif\">IGEN<\/span><\/td>\n<\/tr>\n<tr>\n<td align=\"left\" height=\"47\"><b><span style=\"font-family: Liberation Serif\">Vide\u00f3felv\u00e9teli lehet\u0151s\u00e9g<\/span><\/b><\/td>\n<td align=\"left\"><span style=\"font-family: Liberation Serif\">IGEN<\/span><\/td>\n<\/tr>\n<tr>\n<td align=\"left\" height=\"62\"><b><span style=\"font-family: Liberation Serif\">AI t\u00e1vols\u00e1gm\u00e9r\u0151<\/span><\/b><\/td>\n<td align=\"left\"><span style=\"font-family: Liberation Serif\">IGEN (mesters\u00e9ges intelligencia seg\u00edts\u00e9g\u00e9vel)<\/span><\/td>\n<\/tr>\n<tr>\n<td align=\"left\" height=\"32\"><b><span style=\"font-family: Liberation Serif\">Akkumul\u00e1tor t\u00edpusa<\/span><\/b><\/td>\n<td align=\"left\"><span style=\"font-family: Liberation Serif\">L\u00edtium akkumul\u00e1tor<\/span><\/td>\n<\/tr>\n<tr>\n<td align=\"left\" height=\"32\"><b><span style=\"font-family: Liberation Serif\">Megtakar\u00edt\u00e1si m\u00f3d<\/span><\/b><\/td>\n<td align=\"left\"><span style=\"font-family: Liberation Serif\">IGEN<\/span><\/td>\n<\/tr>\n<tr>\n<td align=\"left\" height=\"77\"><b><span style=\"font-family: Liberation Serif\">Az akkumul\u00e1tor \u00fczemideje<\/span><\/b><\/td>\n<td align=\"left\"><span style=\"font-family: Liberation Serif\">Ak\u00e1r 12 \u00f3ra folyamatos m\u0171k\u00f6d\u00e9s (Wi-Fi n\u00e9lk\u00fcl)<\/span><\/td>\n<\/tr>\n<tr>\n<td align=\"left\" height=\"17\"><b><span style=\"font-family: Liberation Serif\">Teljes\u00edtm\u00e9ny<\/span><\/b><\/td>\n<td align=\"left\"><span style=\"font-family: Liberation Serif\">USB-C<\/span><\/td>\n<\/tr>\n<tr>\n<td align=\"left\" height=\"47\"><b><span style=\"font-family: Liberation Serif\">M\u0171k\u00f6d\u00e9si h\u0151m\u00e9rs\u00e9klet<\/span><\/b><\/td>\n<td align=\"left\"><span style=\"font-family: Liberation Serif\">-20\u00b0 C-t\u00f3l 55\u00b0 C-ig (-24\u00b0 F-t\u0151l 131\u00b0 F-ig)<\/span><\/td>\n<\/tr>\n<tr>\n<td align=\"left\" height=\"32\"><b><span style=\"font-family: Liberation Serif\">A v\u00e9delem szintje<\/span><\/b><\/td>\n<td align=\"left\"><span style=\"font-family: Liberation Serif\">IP67<\/span><\/td>\n<\/tr>\n<tr>\n<td align=\"left\" height=\"32\"><b><span style=\"font-family: Liberation Serif\">Csepp\u00e1ll\u00f3s\u00e1g<\/span><\/b><\/td>\n<td align=\"left\"><span style=\"font-family: Liberation Serif\">1,5 m-ig<\/span><\/td>\n<\/tr>\n<tr>\n<td align=\"left\" height=\"32\"><b><span style=\"font-family: Liberation Serif\">M\u00e9retek (L \u00d7 W \u00d7 H)<\/span><\/b><\/td>\n<td align=\"left\"><span style=\"font-family: Liberation Serif\">190 \u00d7 63 \u00d7 67 mm<\/span><\/td>\n<\/tr>\n<tr>\n<td align=\"left\" height=\"17\"><b><span style=\"font-family: Liberation Serif\">S\u00faly<\/span><\/b><\/td>\n<td align=\"left\"><span style=\"font-family: Liberation Serif\">550 g<\/span><\/td>\n<\/tr>\n<\/tbody>\n<\/table>\n<p><strong>A csomag tartalma:\u00a0<\/strong><\/p>\n<ul>\n<li>ThermTec Cyclops CP635 h\u0151kamera<\/li>\n<li>Cseh nyelv\u0171 utas\u00edt\u00e1sok<\/li>\n<li>USB k\u00e1bel<\/li>\n<li>K\u00e9zi hurok<\/li>\n<li>V\u00e9d\u0151tasak h\u0151kamer\u00e1khoz<\/li>\n<\/ul>\n<p>Hivatalos m\u00e1rkaoldal: <a href=\"https:\/\/www.thermeyetec.com\/cyclops\/\">https:\/\/www.thermeyetec.com\/cyclops\/<\/a><\/p>","protected":false},"excerpt":{"rendered":"<ul>\n<li>Objekt\u00edv 35 mm.<\/li>\n<li>Optikai nagy\u00edt\u00e1s: 2x.<\/li>\n<li>Digit\u00e1lis nagy\u00edt\u00e1s ak\u00e1r 6x.<\/li>\n<li>Teljes nagy\u00edt\u00e1s: 12x.<\/li>\n<li>\u00c9rz\u00e9kel\u00e9s 1 800 m-ig.<\/li>\n<li>OLED kijelz\u0151 1024 \u00d7 768 px.<strong>\u00a0<\/strong><\/li>\n<li>Az \u00e9rz\u00e9kel\u0151 felbont\u00e1sa 640 \u00d7 512 px 12 \u00b5m, VOx.<\/li>\n<li>Takar\u00e9kos \u00fczemm\u00f3d (alv\u00f3 \u00fczemm\u00f3d).<\/li>\n<li>A be\u00e9p\u00edtett akkumul\u00e1tor t\u00e1pl\u00e1l\u00e1sa USB-C bemeneten kereszt\u00fcl.<\/li>\n<li>A t\u00e1pk\u00e1bel tartoz\u00e9k.<\/li>\n<li>Ak\u00e1r 12 \u00f3r\u00e1s akkumul\u00e1toros \u00fczemid\u0151.<\/li>\n<\/ul>","protected":false},"featured_media":4252,"template":"","meta":{"_gspb_post_css":""},"product_brand":[319],"product_cat":[21,144,327],"product_tag":[271,311,337,263],"class_list":{"0":"post-4051","1":"product","2":"type-product","3":"status-publish","4":"has-post-thumbnail","6":"product_brand-thermtec","7":"product_cat-optika","8":"product_cat-termovizie","9":"product_cat-termovizne-monokulary","10":"product_tag-cyclops","11":"product_tag-termovizia","12":"product_tag-termovizny-monokular","13":"product_tag-thermtec","15":"first","16":"instock","17":"taxable","18":"shipping-taxable","19":"purchasable","20":"product-type-simple"},"ct_brands":[{"id":319,"name":"ThermTec","slug":"thermtec"}],"_links":{"self":[{"href":"https:\/\/zbranebudai.sk\/hu\/wp-json\/wp\/v2\/product\/4051","targetHints":{"allow":["GET"]}}],"collection":[{"href":"https:\/\/zbranebudai.sk\/hu\/wp-json\/wp\/v2\/product"}],"about":[{"href":"https:\/\/zbranebudai.sk\/hu\/wp-json\/wp\/v2\/types\/product"}],"wp:featuredmedia":[{"embeddable":true,"href":"https:\/\/zbranebudai.sk\/hu\/wp-json\/wp\/v2\/media\/4252"}],"wp:attachment":[{"href":"https:\/\/zbranebudai.sk\/hu\/wp-json\/wp\/v2\/media?parent=4051"}],"wp:term":[{"taxonomy":"product_brand","embeddable":true,"href":"https:\/\/zbranebudai.sk\/hu\/wp-json\/wp\/v2\/product_brand?post=4051"},{"taxonomy":"product_cat","embeddable":true,"href":"https:\/\/zbranebudai.sk\/hu\/wp-json\/wp\/v2\/product_cat?post=4051"},{"taxonomy":"product_tag","embeddable":true,"href":"https:\/\/zbranebudai.sk\/hu\/wp-json\/wp\/v2\/product_tag?post=4051"}],"curies":[{"name":"wp","href":"https:\/\/api.w.org\/{rel}","templated":true}]}}