{"id":4018,"date":"2025-02-01T21:13:04","date_gmt":"2025-02-01T19:13:04","guid":{"rendered":"https:\/\/zbranebudai.sk\/?post_type=product&#038;p=4018"},"modified":"2025-08-31T03:51:32","modified_gmt":"2025-08-31T01:51:32","slug":"thermtec-cyclops-cp350d-hokamera","status":"publish","type":"product","link":"https:\/\/zbranebudai.sk\/hu\/product\/thermtec-cyclops-cp350d-hokamera\/","title":{"rendered":"ThermTec CYCLOPS CP350D termikus monokul\u00e1r"},"content":{"rendered":"<p><strong>ThermTec CYCLOPS CP350D termikus monokul\u00e1r<\/strong><\/p>\n<p>Tapasztalja meg a term\u00e9szet csod\u00e1it, mint m\u00e9g soha, a ThermTec Cyclops D h\u0151kamer\u00e1s monokul\u00e1rok leg\u00fajabb tagj\u00e1val. Legyen sz\u00f3 tapasztalt vad\u00e1szr\u00f3l, szabadt\u00e9ri rajong\u00f3r\u00f3l vagy szakemberr\u0151l, akinek kiv\u00e1l\u00f3 min\u0151s\u00e9g\u0171 h\u0151k\u00e9pre van sz\u00fcks\u00e9ge, a Cyclops D a t\u00f6k\u00e9letes t\u00e1rsa.<\/p>\n<ul>\n<li>2\u00d7 optikai zoom<\/li>\n<li>384 x 288 px felbont\u00e1s\u00fa \u00e9rz\u00e9kel\u0151<\/li>\n<li>H\u0151m\u00e9rs\u00e9kleti \u00e9rz\u00e9kenys\u00e9g 25 mK<\/li>\n<li>\u00c9rz\u00e9kel\u00e9s 2500 m\u00e9terig<\/li>\n<li>AI Ratio t\u00e1vols\u00e1gm\u00e9r\u0151<\/li>\n<\/ul>\n<p>A monokul\u00e1r sz\u00edve\u00a0<strong>Cyclops D<\/strong>\u00a0egy nagy \u00e9rz\u00e9kenys\u00e9g\u0171 h\u0151kamer\u00e1s\u00a0<strong>384 x 288 px felbont\u00e1s\u00fa \u00e9rz\u00e9kel\u0151<\/strong>. H\u0151m\u00e9rs\u00e9klet\u00a0<strong>h\u0151kamer\u00e1s \u00e9rz\u00e9kel\u0151 \u00e9rz\u00e9kenys\u00e9ge \u2264 25 mK<\/strong>\u00a0biztos\u00edtja a t\u00f6k\u00e9letes r\u00e9szletfelismer\u00e9st minden k\u00f6r\u00fclm\u00e9nyek k\u00f6z\u00f6tt, ami kiv\u00e1l\u00f3 k\u00e9ptisztas\u00e1got eredm\u00e9nyez. A k\u00f6vetkez\u0151kkel egy\u00fctt\u00a0<strong>1024 x 768 px OLED kijelz\u0151<\/strong>\u00a0A Cyclops D monokul\u00e1r nemcsak kiv\u00e1l\u00f3 k\u00e9pmin\u0151s\u00e9get, hanem fokozott tart\u00f3ss\u00e1got is biztos\u00edt, \u00edgy ide\u00e1lis v\u00e1laszt\u00e1s a zord k\u00fclt\u00e9ri k\u00f6r\u00fclm\u00e9nyek k\u00f6z\u00f6tt.<\/p>\n<p>A Cyclops D egyik figyelemre m\u00e9lt\u00f3 tulajdons\u00e1ga a leny\u0171g\u00f6z\u0151 \u00e9szlel\u00e9si t\u00e1vols\u00e1g. A fejlett h\u0151kamer\u00e1s hardver \u00e9s a\u00a0<strong>lencs\u00e9k\u00a0<\/strong>f\u00f3kuszt\u00e1vols\u00e1ggal<strong>\u00a050 mm<\/strong>\u00a0a l\u00e9tes\u00edtm\u00e9ny b\u00fcszk\u00e9lkedhet\u00a0<strong>\u00e9rz\u00e9kel\u00e9s 2 500 m\u00e9teres t\u00e1vols\u00e1gig<\/strong>\u00a0m\u00e9tereket teljes s\u00f6t\u00e9ts\u00e9gben, \u00edgy \u00fagy fedezheted fel a k\u00f6r\u00fcl\u00f6tted l\u00e9v\u0151 vil\u00e1got, mint m\u00e9g soha.<\/p>\n<p>A Cyclops D egyed\u00fcl\u00e1ll\u00f3 jellemz\u0151je a nagy pontoss\u00e1g\u00fa dupla\u00a0<strong>optikai zoom<\/strong>amely nem \"dadogja\" a k\u00e9pet, \u00e9s biztos\u00edtja a\u00a0<strong>Opci\u00f3<\/strong>\u00a0<strong>a l\u00e1t\u00f3mez\u0151 sz\u00e9less\u00e9g\u00e9nek m\u00f3dos\u00edt\u00e1sa<\/strong>Ak\u00e1r r\u00f6vid t\u00e1vols\u00e1gb\u00f3l, t\u00f6k\u00e9letes \u00e9less\u00e9ggel, ak\u00e1r nagyobb t\u00e1vols\u00e1gb\u00f3l szeretne megfigyelni, a lehet\u0151 legjobb k\u00e9pet kapja.<\/p>\n<p><strong>Sima digit\u00e1lis zoom 6x-ig<\/strong>\u00a0kiv\u00e1l\u00f3 \u00e9less\u00e9get \u00e9s a r\u00e9szletek legmagasabb felbont\u00e1s\u00e1t biztos\u00edtja, ak\u00e1r minim\u00e1lis, ak\u00e1r maxim\u00e1lis nagy\u00edt\u00e1ssal n\u00e9zi a k\u00e9pet. Ezzel a dinamikatartom\u00e1nnyal sim\u00e1n megtekintheti a nagy t\u00e1jk\u00e9peket, vagy hihetetlen r\u00e9szletess\u00e9ggel nagy\u00edthatja ki az egyes ter\u00fcleteket.<\/p>\n<p>A Cyclops D seg\u00edts\u00e9g\u00e9vel csatlakozhat az alkalmaz\u00e1shoz\u00a0<strong>Smart Thermal<\/strong>\u00a0\u00e9s \u00e9lvezze a k\u00e9nyelmes \u00e9l\u0151 n\u00e9z\u00e9st okostelefonj\u00e1r\u00f3l. A monokul\u00e1r ergonomikus joystickkal van felszerelve a k\u00f6nny\u0171 kezelhet\u0151s\u00e9g \u00e9rdek\u00e9ben, \u00edgy k\u00f6nnyed\u00e9n navig\u00e1lhat a men\u00fckben. A be\u00e9p\u00edtett akkumul\u00e1tor egyetlen felt\u00f6lt\u00e9ssel 12 \u00f3r\u00e1nyi m\u0171k\u00f6d\u00e9st biztos\u00edt, \u00edgy garant\u00e1lva a hossz\u00fa \u00e9s gondtalan tart\u00f3zkod\u00e1st a szabadban.<\/p>\n<table border=\"0\" cellspacing=\"0\">\n<colgroup span=\"2\" width=\"85\"><\/colgroup>\n<tbody>\n<tr>\n<td align=\"left\" height=\"32\"><span style=\"font-family: Liberation Serif\">\u00c9rz\u00e9kel\u0151<\/span><\/td>\n<td align=\"left\"><span style=\"font-family: Liberation Serif\">384 \u00d7 288 px<\/span><\/td>\n<\/tr>\n<tr>\n<td align=\"left\" height=\"32\"><span style=\"font-family: Liberation Serif\">H\u0151\u00e9rz\u00e9kenys\u00e9g<\/span><\/td>\n<td align=\"left\"><span style=\"font-family: Liberation Serif\">\u2264 25 mK<\/span><\/td>\n<\/tr>\n<tr>\n<td align=\"left\" height=\"32\"><span style=\"font-family: Liberation Serif\">Kijelz\u0151 felbont\u00e1sa<\/span><\/td>\n<td align=\"left\"><span style=\"font-family: Liberation Serif\">1024 \u00d7 768 px<\/span><\/td>\n<\/tr>\n<tr>\n<td align=\"left\" height=\"17\"><span style=\"font-family: Liberation Serif\">Wi-fi<\/span><\/td>\n<td align=\"left\"><span style=\"font-family: Liberation Serif\">Igen<\/span><\/td>\n<\/tr>\n<tr>\n<td align=\"left\" height=\"17\"><span style=\"font-family: Liberation Serif\">Objekt\u00edv<\/span><\/td>\n<td align=\"left\"><span style=\"font-family: Liberation Serif\">50 mm<\/span><\/td>\n<\/tr>\n<tr>\n<td align=\"left\" height=\"17\"><span style=\"font-family: Liberation Serif\">\u00c9rz\u00e9kel\u00e9s<\/span><\/td>\n<td align=\"left\"><span style=\"font-family: Liberation Serif\">2 500 m<\/span><\/td>\n<\/tr>\n<tr>\n<td align=\"left\" height=\"32\"><span style=\"font-family: Liberation Serif\">Optikai nagy\u00edt\u00e1s<\/span><\/td>\n<td align=\"left\"><span style=\"font-family: Liberation Serif\">2.4x\/4.8x<\/span><\/td>\n<\/tr>\n<tr>\n<td align=\"left\" height=\"32\"><span style=\"font-family: Liberation Serif\">\u00a0Optikai zoom<\/span><\/td>\n<td align=\"left\"><span style=\"font-family: Liberation Serif\">2x.<\/span><\/td>\n<\/tr>\n<tr>\n<td align=\"left\" height=\"47\"><span style=\"font-family: Liberation Serif\">L\u00e1t\u00f3mez\u0151<\/span><\/td>\n<td align=\"left\"><span style=\"font-family: Liberation Serif\">10,5\u00b0 \u00d7 7,9\u00b0\/5,3\u00b0 \u00d7 4,0\u00b0<\/span><\/td>\n<\/tr>\n<tr>\n<td align=\"left\" height=\"32\"><span style=\"font-family: Liberation Serif\">Digit\u00e1lis zoom<\/span><\/td>\n<td align=\"left\"><span style=\"font-family: Liberation Serif\">6x<\/span><\/td>\n<\/tr>\n<tr>\n<td align=\"left\" height=\"32\"><span style=\"font-family: Liberation Serif\">Dioptri\u00e1s korrekci\u00f3<\/span><\/td>\n<td align=\"left\"><span style=\"font-family: Liberation Serif\">\u00b15<\/span><\/td>\n<\/tr>\n<tr>\n<td align=\"left\" height=\"47\"><span style=\"font-family: Liberation Serif\">F\u00e9nyk\u00e9p k\u00e9sz\u00edt\u00e9s\u00e9nek lehet\u0151s\u00e9ge<\/span><\/td>\n<td align=\"left\"><span style=\"font-family: Liberation Serif\">Igen<\/span><\/td>\n<\/tr>\n<tr>\n<td align=\"left\" height=\"47\"><span style=\"font-family: Liberation Serif\">Vide\u00f3 k\u00e9sz\u00edt\u00e9s\u00e9nek lehet\u0151s\u00e9ge<\/span><\/td>\n<td align=\"left\"><span style=\"font-family: Liberation Serif\">Igen<\/span><\/td>\n<\/tr>\n<tr>\n<td align=\"left\" height=\"32\"><span style=\"font-family: Liberation Serif\">V\u00e9delmi fokozat<\/span><\/td>\n<td align=\"left\"><span style=\"font-family: Liberation Serif\">IP67<\/span><\/td>\n<\/tr>\n<tr>\n<td align=\"left\" height=\"17\"><span style=\"font-family: Liberation Serif\">Mem\u00f3ria<\/span><\/td>\n<td align=\"left\"><span style=\"font-family: Liberation Serif\">32 GB<\/span><\/td>\n<\/tr>\n<tr>\n<td align=\"left\" height=\"32\"><span style=\"font-family: Liberation Serif\">\u00dczemi h\u0151m\u00e9rs\u00e9klet<\/span><\/td>\n<td align=\"left\"><span style=\"font-family: Liberation Serif\">-20 \u00b0C \u00e9s 50 \u00b0C k\u00f6z\u00f6tt<\/span><\/td>\n<\/tr>\n<tr>\n<td align=\"left\" height=\"17\"><span style=\"font-family: Liberation Serif\">Akkumul\u00e1torok<\/span><\/td>\n<td align=\"left\"><span style=\"font-family: Liberation Serif\">Be\u00e1gyazott<\/span><\/td>\n<\/tr>\n<tr>\n<td align=\"left\" height=\"17\"><span style=\"font-family: Liberation Serif\">Az akkumul\u00e1tor \u00e9lettartama<\/span><\/td>\n<td align=\"left\"><span style=\"font-family: Liberation Serif\">12 \u00f3ra.<\/span><\/td>\n<\/tr>\n<tr>\n<td align=\"left\" height=\"17\"><span style=\"font-family: Liberation Serif\">S\u00faly:<\/span><\/td>\n<td align=\"left\"><span style=\"font-family: Liberation Serif\">600 g<\/span><\/td>\n<\/tr>\n<tr>\n<td align=\"left\" height=\"32\"><span style=\"font-family: Liberation Serif\">M\u00e9retek<\/span><\/td>\n<td align=\"left\"><span style=\"font-family: Liberation Serif\">200 \u00d7 66 \u00d7 62 mm<\/span><\/td>\n<\/tr>\n<\/tbody>\n<\/table>\n<div data-sanitized-data-mce-fragment=\"1\">\n<p><strong>A csomag tartalma:<\/strong><\/p>\n<\/div>\n<ul>\n<li>ThermTec Cyclops CP350D termikus monokul\u00e1r<\/li>\n<li>1\u00d7 v\u00e9d\u0151huzat<\/li>\n<li>1\u00d7 csukl\u00f3hurok<\/li>\n<li>1x videok\u00e1bel<\/li>\n<li>1\u00d7 USB adatk\u00e1bel<\/li>\n<li>Cseh \u00e9s szlov\u00e1k nyelv\u0171 utas\u00edt\u00e1sok<\/li>\n<\/ul>\n<p>Hivatalos m\u00e1rkaoldal: <a href=\"https:\/\/www.thermeyetec.com\/cyclops-dseries\/\"><span style=\"font-weight: 400\">https:\/\/www.thermeyetec.com\/cyclops-dseries\/<\/span><\/a><span style=\"font-weight: 400\">\u00a0<\/span><\/p>","protected":false},"excerpt":{"rendered":"<ul>\n<li>\u00c9rz\u00e9kel\u0151: 384 \u00d7 288 px, 12um.<\/li>\n<li>Objekt\u00edv: 50 mm.<\/li>\n<li>A h\u0151k\u00e9p\u00e9rz\u00e9kel\u0151 \u00e9rz\u00e9kenys\u00e9ge \u2264 25 mK.<\/li>\n<li>AI ar\u00e1ny\u00fa t\u00e1vols\u00e1gm\u00e9r\u0151.<\/li>\n<li>\u00c9rz\u00e9kel\u00e9si t\u00e1vols\u00e1g: 2 500 m.<\/li>\n<li>Optikai zoom: 2x.<\/li>\n<li>Sima digit\u00e1lis zoom: ak\u00e1r 6\u00d7.<\/li>\n<li>Megjelen\u00edt\u00e9s: OLED 1024 \u00d7 768 px.<\/li>\n<li>Takar\u00e9kos \u00fczemm\u00f3d (alv\u00f3 \u00fczemm\u00f3d).<\/li>\n<li>Be\u00e9p\u00edtett akkumul\u00e1tor \u00e9lettartama: 12 \u00f3ra.<\/li>\n<\/ul>","protected":false},"featured_media":4220,"template":"","meta":{"_gspb_post_css":""},"product_brand":[319],"product_cat":[21,144,327],"product_tag":[271,311,337,263],"class_list":{"0":"post-4018","1":"product","2":"type-product","3":"status-publish","4":"has-post-thumbnail","6":"product_brand-thermtec","7":"product_cat-optika","8":"product_cat-termovizie","9":"product_cat-termovizne-monokulary","10":"product_tag-cyclops","11":"product_tag-termovizia","12":"product_tag-termovizny-monokular","13":"product_tag-thermtec","15":"first","16":"instock","17":"taxable","18":"shipping-taxable","19":"purchasable","20":"product-type-simple"},"ct_brands":[{"id":319,"name":"ThermTec","slug":"thermtec"}],"_links":{"self":[{"href":"https:\/\/zbranebudai.sk\/hu\/wp-json\/wp\/v2\/product\/4018","targetHints":{"allow":["GET"]}}],"collection":[{"href":"https:\/\/zbranebudai.sk\/hu\/wp-json\/wp\/v2\/product"}],"about":[{"href":"https:\/\/zbranebudai.sk\/hu\/wp-json\/wp\/v2\/types\/product"}],"wp:featuredmedia":[{"embeddable":true,"href":"https:\/\/zbranebudai.sk\/hu\/wp-json\/wp\/v2\/media\/4220"}],"wp:attachment":[{"href":"https:\/\/zbranebudai.sk\/hu\/wp-json\/wp\/v2\/media?parent=4018"}],"wp:term":[{"taxonomy":"product_brand","embeddable":true,"href":"https:\/\/zbranebudai.sk\/hu\/wp-json\/wp\/v2\/product_brand?post=4018"},{"taxonomy":"product_cat","embeddable":true,"href":"https:\/\/zbranebudai.sk\/hu\/wp-json\/wp\/v2\/product_cat?post=4018"},{"taxonomy":"product_tag","embeddable":true,"href":"https:\/\/zbranebudai.sk\/hu\/wp-json\/wp\/v2\/product_tag?post=4018"}],"curies":[{"name":"wp","href":"https:\/\/api.w.org\/{rel}","templated":true}]}}