{"id":4001,"date":"2025-02-01T21:12:37","date_gmt":"2025-02-01T19:12:37","guid":{"rendered":"https:\/\/zbranebudai.sk\/?post_type=product&#038;p=4001"},"modified":"2025-08-31T03:51:32","modified_gmt":"2025-08-31T01:51:32","slug":"thermtec-ciklopsz-cp640d-hokamera","status":"publish","type":"product","link":"https:\/\/zbranebudai.sk\/hu\/product\/thermtec-cyclops-cp640d-hokamera\/","title":{"rendered":"ThermTec CYCLOPS CP640D termikus monokul\u00e1r"},"content":{"rendered":"<p><strong>ThermTec CYCLOPS CP640D termov\u00edzny monokul\u00e1r<\/strong><\/p>\n<p>S najnov\u0161\u00edm pr\u00edrastkom do radu termov\u00edznych monokul\u00e1rov ThermTec Cyclops D za\u017eijete z\u00e1zraky pr\u00edrody ako nikdy predt\u00fdm. \u010ci u\u017e ste sk\u00fasen\u00fd lovec, outdoorov\u00fd nad\u0161enec alebo profesion\u00e1l, ktor\u00fd potrebuje vysokokvalitn\u00fa termov\u00edziu, Cyclops D je v\u00e1\u0161 dokonal\u00fd spolo\u010dn\u00edk.<\/p>\n<ul>\n<li>2\u00d7 optick\u00fd zoom<\/li>\n<li>Sn\u00edma\u010d s rozl\u00ed\u0161en\u00edm 640 x 512 px<\/li>\n<li>Teplotn\u00e1 citlivos\u0165 25 mK<\/li>\n<li>Detekcia a\u017e 2\u00a0000 metrov<\/li>\n<li>AI pomerov\u00fd dia\u013ekomer<\/li>\n<\/ul>\n<p>Srdcom monokul\u00e1ra\u00a0<strong>Cyclops D<\/strong>\u00a0je vysokocitliv\u00fd termov\u00edzny\u00a0<strong>senzor s rozl\u00ed\u0161en\u00edm 640 x 512 px<\/strong>. Teplotn\u00e1\u00a0<strong>citlivos\u0165 termov\u00edzneho sn\u00edma\u010da\u00a0\u2264\u00a025 mK<\/strong>\u00a0zabezpe\u010duje dokonal\u00fa detekciu detailov za v\u0161etk\u00fdch podmienok, \u010do vedie k vynikaj\u00facej \u010distote obrazu. V spojen\u00ed s\u00a0<strong>displejom OLED s rozl\u00ed\u0161en\u00edm 1024 x 768 px<\/strong>\u00a0poskytuje monokul\u00e1r Cyclops D nielen vynikaj\u00facu kvalitu obrazu, ale aj zv\u00fd\u0161en\u00fa odolnos\u0165, \u010do z neho rob\u00ed ide\u00e1lnu vo\u013ebu do n\u00e1ro\u010dn\u00fdch vonkaj\u0161\u00edch podmienok.<\/p>\n<p>Jedn\u00fdm z pozoruhodn\u00fdch aspektov modelu Cyclops D je jeho p\u00f4sobiv\u00e1 detek\u010dn\u00e1 vzdialenos\u0165. V\u010faka pokro\u010dil\u00e9mu termov\u00edznemu hardv\u00e9ru a\u00a0<strong>\u0161o\u0161ovke\u00a0<\/strong>s ohniskovou vzdialenos\u0165ou<strong>\u00a040 mm<\/strong>\u00a0sa zariadenie m\u00f4\u017ee pochv\u00e1li\u0165\u00a0<strong>detekciou a\u017e do vzdialenosti 2 000 metrov<\/strong>\u00a0v \u00faplnej tme, \u010do v\u00e1m umo\u017en\u00ed presk\u00fama\u0165 svet okolo v\u00e1s ako nikdy predt\u00fdm.<\/p>\n<p>Jedine\u010dnou vlastnos\u0165ou\u00a0modelu Cyclops D je vysoko presn\u00fd dvojit\u00fd\u00a0<strong>optick\u00fd zoom<\/strong>, ktor\u00fd obraz \u201enekockuje\u201c a\u00a0poskytuje\u00a0<strong>mo\u017enos\u0165<\/strong>\u00a0<strong>meni\u0165 \u0161\u00edrku zorn\u00e9ho po<\/strong>\u013ea tak, aby ste z\u00edskali \u010do najlep\u0161\u00ed obraz, \u010di u\u017e chcete pozorova\u0165 na kr\u00e1tke vzdialenosti s dokonalou ostros\u0165ou, alebo na v\u00e4\u010d\u0161ie vzdialenosti.<\/p>\n<p><strong>Plynul\u00fd digit\u00e1lny zoom a\u017e do 6x<\/strong>\u00a0zaru\u010duje vynikaj\u00facu ostros\u0165 a najvy\u0161\u0161ie rozl\u00ed\u0161enie detailov, \u010di u\u017e sa pozer\u00e1te pri minim\u00e1lnom, alebo maxim\u00e1lnom zv\u00e4\u010d\u0161en\u00ed. V\u010faka tomuto dynamick\u00e9mu rozsahu m\u00f4\u017eete plynulo pozorova\u0165 rozsiahlu krajinu alebo si pribl\u00ed\u017ei\u0165 konkr\u00e9tne oblasti s neuverite\u013en\u00fdmi detailmi.<\/p>\n<p>S pr\u00edstrojom Cyclops D sa m\u00f4\u017eete pripoji\u0165 k aplik\u00e1cii\u00a0<strong>Smart Thermal<\/strong>\u00a0a vyu\u017e\u00edva\u0165 pohodln\u00e9 \u017eiv\u00e9 pozorovanie zo smartf\u00f3nu. Monokul\u00e1r je vybaven\u00fd ergonomick\u00fdm joystickom na jednoduch\u00e9 ovl\u00e1danie, ktor\u00fd v\u00e1m umo\u017en\u00ed \u013eahko sa pohybova\u0165 v menu. Zabudovan\u00e1 bat\u00e9ria pon\u00faka 12 hod\u00edn pr\u00e1ce na jedno nabitie, \u010do zaru\u010duje dlh\u00fd a bezstarostn\u00fd pobyt v pr\u00edrode.<\/p>\n<div class=\"flex-shrink-0 flex flex-col relative items-end\">\n<div>\n<div class=\"pt-0\">\n<div class=\"gizmo-bot-avatar flex h-8 w-8 items-center justify-center overflow-hidden rounded-full\">\n<div class=\"relative p-1 rounded-sm flex items-center justify-center bg-token-main-surface-primary text-token-text-primary h-8 w-8\">\n<table border=\"0\" cellspacing=\"0\">\n<colgroup span=\"2\" width=\"85\"><\/colgroup>\n<tbody>\n<tr>\n<td align=\"left\" height=\"47\"><span style=\"font-family: Liberation Serif\">Senzor<\/span><\/td>\n<td align=\"left\"><span style=\"font-family: Liberation Serif\">640 \u00d7 512 px<\/span><\/td>\n<\/tr>\n<tr>\n<td align=\"left\" height=\"32\"><span style=\"font-family: Liberation Serif\">Teplotn\u00e1 citlivos\u0165<\/span><\/td>\n<td align=\"left\"><span style=\"font-family: Liberation Serif\">\u2264\u00a025 mK<\/span><\/td>\n<\/tr>\n<tr>\n<td align=\"left\" height=\"32\"><span style=\"font-family: Liberation Serif\">Rozl\u00ed\u0161enie displeja<\/span><\/td>\n<td align=\"left\"><span style=\"font-family: Liberation Serif\">1024 \u00d7 768 px<\/span><\/td>\n<\/tr>\n<tr>\n<td align=\"left\" height=\"47\"><span style=\"font-family: Liberation Serif\">Wi-fi<\/span><\/td>\n<td align=\"left\"><span style=\"font-family: Liberation Serif\">\u00c1no<\/span><\/td>\n<\/tr>\n<tr>\n<td align=\"left\" height=\"47\"><span style=\"font-family: Liberation Serif\">\u0160o\u0161ovka<\/span><\/td>\n<td align=\"left\"><span style=\"font-family: Liberation Serif\">40 mm<\/span><\/td>\n<\/tr>\n<tr>\n<td align=\"left\" height=\"32\"><span style=\"font-family: Liberation Serif\">Detekcia<\/span><\/td>\n<td align=\"left\"><span style=\"font-family: Liberation Serif\">2\u00a0000 m<\/span><\/td>\n<\/tr>\n<tr>\n<td align=\"left\" height=\"32\"><span style=\"font-family: Liberation Serif\">Optick\u00e9 zv\u00e4\u010d\u0161enie<\/span><\/td>\n<td align=\"left\"><span style=\"font-family: Liberation Serif\">1,1x\/2,2x<\/span><\/td>\n<\/tr>\n<tr>\n<td align=\"left\" height=\"32\"><span style=\"font-family: Liberation Serif\">\u00a0Optick\u00fd zoom<\/span><\/td>\n<td align=\"left\"><span style=\"font-family: Liberation Serif\">2x.<\/span><\/td>\n<\/tr>\n<tr>\n<td align=\"left\" height=\"47\"><span style=\"font-family: Liberation Serif\">Zorn\u00e9 pole<\/span><\/td>\n<td align=\"left\"><span style=\"font-family: Liberation Serif\">21,7\u00b0 \u00d7 17,5\u00b0\/11,0\u00b0 \u00d7 8,8\u00b0<\/span><\/td>\n<\/tr>\n<tr>\n<td align=\"left\" height=\"32\"><span style=\"font-family: Liberation Serif\">Digit\u00e1lny zoom<\/span><\/td>\n<td align=\"left\"><span style=\"font-family: Liberation Serif\">6x<\/span><\/td>\n<\/tr>\n<tr>\n<td align=\"left\" height=\"32\"><span style=\"font-family: Liberation Serif\">Dioptrick\u00e1 korekcia<\/span><\/td>\n<td align=\"left\"><span style=\"font-family: Liberation Serif\">\u00b15<\/span><\/td>\n<\/tr>\n<tr>\n<td align=\"left\" height=\"47\"><span style=\"font-family: Liberation Serif\">Mo\u017enos\u0165 zhotovenia fotografie<\/span><\/td>\n<td align=\"left\"><span style=\"font-family: Liberation Serif\">\u00c1no<\/span><\/td>\n<\/tr>\n<tr>\n<td align=\"left\" height=\"47\"><span style=\"font-family: Liberation Serif\">Mo\u017enos\u0165 zhotovenia videa<\/span><\/td>\n<td align=\"left\"><span style=\"font-family: Liberation Serif\">\u00c1no<\/span><\/td>\n<\/tr>\n<tr>\n<td align=\"left\" height=\"32\"><span style=\"font-family: Liberation Serif\">Stupe\u0148 ochrany<\/span><\/td>\n<td align=\"left\"><span style=\"font-family: Liberation Serif\">IP67<\/span><\/td>\n<\/tr>\n<tr>\n<td align=\"left\" height=\"17\"><span style=\"font-family: Liberation Serif\">Pam\u00e4\u0165<\/span><\/td>\n<td align=\"left\"><span style=\"font-family: Liberation Serif\">32 GB<\/span><\/td>\n<\/tr>\n<tr>\n<td align=\"left\" height=\"32\"><span style=\"font-family: Liberation Serif\">Prev\u00e1dzkov\u00e1 teplota<\/span><\/td>\n<td align=\"left\"><span style=\"font-family: Liberation Serif\">\u221220 \u00b0C a\u017e 50 \u00b0C<\/span><\/td>\n<\/tr>\n<tr>\n<td align=\"left\" height=\"17\"><span style=\"font-family: Liberation Serif\">Bat\u00e9rie<\/span><\/td>\n<td align=\"left\"><span style=\"font-family: Liberation Serif\">Zabudovan\u00e1<\/span><\/td>\n<\/tr>\n<tr>\n<td align=\"left\" height=\"17\"><span style=\"font-family: Liberation Serif\">V\u00fddr\u017e bat\u00e9rie<\/span><\/td>\n<td align=\"left\"><span style=\"font-family: Liberation Serif\">12 hod.<\/span><\/td>\n<\/tr>\n<tr>\n<td align=\"left\" height=\"17\"><span style=\"font-family: Liberation Serif\">Hmotnos\u0165:<\/span><\/td>\n<td align=\"left\"><span style=\"font-family: Liberation Serif\">550 g<\/span><\/td>\n<\/tr>\n<tr>\n<td align=\"left\" height=\"32\"><span style=\"font-family: Liberation Serif\">Rozmery<\/span><\/td>\n<td align=\"left\"><span style=\"font-family: Liberation Serif\">200 \u00d7 66 \u00d7 62 mm<\/span><\/td>\n<\/tr>\n<\/tbody>\n<\/table>\n<\/div>\n<\/div>\n<\/div>\n<\/div>\n<\/div>\n<div class=\"group\/conversation-turn relative flex w-full min-w-0 flex-col agent-turn\">\n<div class=\"flex-col gap-1 md:gap-3\">\n<div class=\"flex max-w-full flex-col flex-grow\">\n<div class=\"min-h-8 text-message flex w-full flex-col items-end gap-2 whitespace-normal break-words [.text-message+&amp;]:mt-5\" dir=\"auto\" data-message-author-role=\"assistant\" data-message-id=\"1be4b35d-4cfa-4f21-98f0-f146b9e06748\" data-message-model-slug=\"gpt-4o\">\n<div class=\"flex w-full flex-col gap-1 empty:hidden first:pt-[3px]\">\n<div class=\"markdown prose w-full break-words dark:prose-invert light\">\n<div data-sanitized-data-mce-fragment=\"1\">\n<p><strong>Obsah balenia:<\/strong><\/p>\n<\/div>\n<ul>\n<li>Termov\u00edzny monokul\u00e1r ThermTec Cyclops CP640D<\/li>\n<li>1\u00d7 ochrann\u00fd l\u00e1tkov\u00fd obal<\/li>\n<li>1\u00d7 p\u00fatko na z\u00e1p\u00e4stie<\/li>\n<li>1x video k\u00e1bel<\/li>\n<li>1\u00d7 d\u00e1tov\u00fd k\u00e1bel USB<\/li>\n<li>N\u00e1vod v \u010de\u0161tine a sloven\u010dine<\/li>\n<\/ul>\n<p>Ofici\u00e1lna str\u00e1nka zna\u010dky: <a href=\"https:\/\/www.thermeyetec.com\/cyclops-dseries\/\">https:\/\/www.thermeyetec.com\/cyclops-dseries\/<\/a><\/p>\n<\/div>\n<\/div>\n<\/div>\n<\/div>\n<\/div>\n<\/div>\n","protected":false},"excerpt":{"rendered":"<ul>\n<li>\u00c9rz\u00e9kel\u0151: 640 \u00d7 512 px, 12um.<\/li>\n<li>Objekt\u00edv: 40 mm.<\/li>\n<li>A h\u0151k\u00e9p\u00e9rz\u00e9kel\u0151 \u00e9rz\u00e9kenys\u00e9ge \u2264 25 mK.<\/li>\n<li>AI ar\u00e1ny\u00fa t\u00e1vols\u00e1gm\u00e9r\u0151.<\/li>\n<li>\u00c9rz\u00e9kel\u00e9si t\u00e1vols\u00e1g: 2 000 m.<\/li>\n<li>Optikai zoom: 2x.<\/li>\n<li>Sima digit\u00e1lis zoom: ak\u00e1r 6\u00d7.<\/li>\n<li>Megjelen\u00edt\u00e9s: OLED 1024 \u00d7 768 px.<\/li>\n<li>Takar\u00e9kos \u00fczemm\u00f3d (alv\u00f3 \u00fczemm\u00f3d).<\/li>\n<li>Be\u00e9p\u00edtett akkumul\u00e1tor \u00e9lettartama: 12 \u00f3ra.<\/li>\n<\/ul>","protected":false},"featured_media":4212,"template":"","meta":{"_gspb_post_css":""},"product_brand":[319],"product_cat":[21,144,327],"product_tag":[271,311,337,263],"class_list":{"0":"post-4001","1":"product","2":"type-product","3":"status-publish","4":"has-post-thumbnail","6":"product_brand-thermtec","7":"product_cat-optika","8":"product_cat-termovizie","9":"product_cat-termovizne-monokulary","10":"product_tag-cyclops","11":"product_tag-termovizia","12":"product_tag-termovizny-monokular","13":"product_tag-thermtec","15":"first","16":"instock","17":"taxable","18":"shipping-taxable","19":"purchasable","20":"product-type-simple"},"ct_brands":[{"id":319,"name":"ThermTec","slug":"thermtec"}],"_links":{"self":[{"href":"https:\/\/zbranebudai.sk\/hu\/wp-json\/wp\/v2\/product\/4001","targetHints":{"allow":["GET"]}}],"collection":[{"href":"https:\/\/zbranebudai.sk\/hu\/wp-json\/wp\/v2\/product"}],"about":[{"href":"https:\/\/zbranebudai.sk\/hu\/wp-json\/wp\/v2\/types\/product"}],"wp:featuredmedia":[{"embeddable":true,"href":"https:\/\/zbranebudai.sk\/hu\/wp-json\/wp\/v2\/media\/4212"}],"wp:attachment":[{"href":"https:\/\/zbranebudai.sk\/hu\/wp-json\/wp\/v2\/media?parent=4001"}],"wp:term":[{"taxonomy":"product_brand","embeddable":true,"href":"https:\/\/zbranebudai.sk\/hu\/wp-json\/wp\/v2\/product_brand?post=4001"},{"taxonomy":"product_cat","embeddable":true,"href":"https:\/\/zbranebudai.sk\/hu\/wp-json\/wp\/v2\/product_cat?post=4001"},{"taxonomy":"product_tag","embeddable":true,"href":"https:\/\/zbranebudai.sk\/hu\/wp-json\/wp\/v2\/product_tag?post=4001"}],"curies":[{"name":"wp","href":"https:\/\/api.w.org\/{rel}","templated":true}]}}