{"id":3982,"date":"2025-02-01T21:11:50","date_gmt":"2025-02-01T19:11:50","guid":{"rendered":"https:\/\/zbranebudai.sk\/?post_type=product&#038;p=3982"},"modified":"2025-08-31T03:52:31","modified_gmt":"2025-08-31T01:52:31","slug":"thermtec-ares-650-2-0-hokamera-celtavcso","status":"publish","type":"product","link":"https:\/\/zbranebudai.sk\/hu\/product\/thermtec-ares-650-2-0-hokamera-celtavcso\/","title":{"rendered":"ThermTec ARES 650 2.0 h\u0151kamer\u00e1s c\u00e9lt\u00e1vcs\u0151"},"content":{"rendered":"<p><strong>ThermTec ARES 650 2.0 h\u0151kamer\u00e1s c\u00e9lt\u00e1vcs\u0151<\/strong><\/p>\n<p>Az Ares 2.0 kiv\u00e1l\u00f3 k\u00e9pet \u00e9s hossz\u00fa akkumul\u00e1tor-\u00fczemid\u0151t k\u00edn\u00e1l, \u00edgy a leghosszabb vad\u00e1szatokon is megszak\u00edt\u00e1s n\u00e9lk\u00fcl v\u00e1ghat neki a vad\u00e1szatoknak.<\/p>\n<ul>\n<li>H\u0151m\u00e9rs\u00e9klet\u00e9rz\u00e9kenys\u00e9g \u2264 18 mK<\/li>\n<li>\u00c9rz\u00e9kel\u0151 640 \u00d7 512 px<\/li>\n<li>\u00c9rz\u00e9kel\u00e9s 2600 m\u00e9terig<\/li>\n<li>AI Ratio t\u00e1vols\u00e1gm\u00e9r\u0151<\/li>\n<\/ul>\n<p>Puskat\u00e1vcs\u0151\u00a0<strong>Ares 650 2.0<\/strong>\u00a0fel van szerelve<strong>\u00a0h\u0151m\u00e9rs\u00e9klet-\u00e9rz\u00e9kel\u0151, NETD \u00e9rz\u00e9kenys\u00e9g \u2264 18 mK<\/strong>\u00a0\u00e9s a\u00a0<strong>felbont\u00e1s 640 \u00d7 512 px<\/strong>. Min\u00e9l alacsonyabb a NETD-\u00e9rt\u00e9k, ann\u00e1l jobban k\u00e9pes az \u00e9rz\u00e9kel\u0151 a t\u00e1rgyak k\u00f6z\u00f6tti legkisebb h\u0151m\u00e9rs\u00e9kletk\u00fcl\u00f6nbs\u00e9geket is r\u00f6gz\u00edteni, \u00e9s r\u00e9szletes k\u00e9pet adni. Ez is hozz\u00e1j\u00e1rul a kiv\u00e1l\u00f3 min\u0151s\u00e9g\u0171 k\u00e9p el\u0151\u00e1ll\u00edt\u00e1s\u00e1hoz.\u00a0<strong>AMOLED kijelz\u0151 1024 \u00d7 768 px felbont\u00e1ssal<\/strong>amely szint\u00e9n k\u00edm\u00e9letes a szemhez.<\/p>\n<p><strong>Objekt\u00edv<\/strong>\u00a0f\u00f3kuszt\u00e1vols\u00e1ggal\u00a0<strong>50 mm<\/strong>\u00a0a\u00a0<strong>fix optikai nagy\u00edt\u00e1s 2,8x<\/strong>\u00a0lehet\u0151v\u00e9 teszi a c\u00e9lt\u00e1vcs\u0151 haszn\u00e1lat\u00e1t\u00a0<strong>\u00e9szlel\u00e9s 2600 m\u00e9terig<\/strong>. A k\u00e9sz\u00fcl\u00e9k AI ar\u00e1ny\u00fa t\u00e1vols\u00e1gm\u00e9r\u0151vel is rendelkezik.<\/p>\n<p>Bels\u0151\u00a0<strong>64 GB-ig terjed\u0151 mem\u00f3ria<\/strong>\u00a0Megteheti\u00a0<strong>f\u00e9nyk\u00e9pek \u00e9s vide\u00f3k k\u00e9sz\u00edt\u00e9se hanggal<\/strong>. Nagyon hasznos funkci\u00f3ja a puska t\u00e1vcs\u0151 is\u00a0<strong>automatikus felv\u00e9tel a felv\u00e9tel ut\u00e1n<\/strong>\u00a0\u00e9s a r\u00f6gz\u00edtett felv\u00e9telek azonnali megtekint\u00e9s\u00e9nek vagy t\u00f6rl\u00e9s\u00e9nek lehet\u0151s\u00e9ge. A k\u00e9sz\u00fcl\u00e9ket az USB-C kimeneten kereszt\u00fcl csatlakoztathatja sz\u00e1m\u00edt\u00f3g\u00e9phez, vagy haszn\u00e1lhatja a csatlakoztat\u00e1si lehet\u0151s\u00e9geket a k\u00f6vetkez\u0151kkel\u00a0<strong>a ThermTec Outdoor alkalmaz\u00e1ssal<\/strong>.<\/p>\n<p>\u00c9rdemes m\u00e9g megeml\u00edteni\u00a0<strong>\u00f6ntanul\u00f3, sz\u00e1l n\u00e9lk\u00fcli technol\u00f3gia<\/strong>, amelyet az automatikus k\u00e9pkorrekci\u00f3ban haszn\u00e1lnak. Ez a funkci\u00f3 adatokat gy\u0171jt, \u00e9s seg\u00edt stabilabb k\u00e9pet biztos\u00edtani an\u00e9lk\u00fcl, hogy a tal\u00e1lat pontoss\u00e1g\u00e1t vesz\u00e9lyeztet\u0151 szaggatotts\u00e1g zavar\u00f3 lenne.<\/p>\n<p>A c\u00e9lt\u00e1vcs\u0151\u00a0<strong>Tart\u00f3s az IP67 v\u00e9delmi besorol\u00e1snak \u00e9s a duralum\u00ednium testnek k\u00f6sz\u00f6nhet\u0151en<\/strong>\u00e9s ez\u00e9rt\u00a0<strong>Az Ares 2.0 kem\u00e9ny k\u00f6r\u00fclm\u00e9nyek k\u00f6z\u00f6tt is haszn\u00e1lhat\u00f3<\/strong>\u00a0mint p\u00e9ld\u00e1ul es\u0151 \u00e9s h\u00f3. A be\u00e9p\u00edtett \u00e9s a cser\u00e9lhet\u0151 akkumul\u00e1tor kombin\u00e1ci\u00f3j\u00e1nak k\u00f6sz\u00f6nhet\u0151en nem marad le egy pillanatr\u00f3l sem, mivel ezek egy\u00fcttesen biztos\u00edtj\u00e1k a k\u00f6vetkez\u0151ket\u00a0<strong>folyamatos megfigyel\u00e9s ak\u00e1r 16 \u00f3r\u00e1n kereszt\u00fcl<\/strong>! Az akkumul\u00e1tort az alv\u00f3 \u00fczemm\u00f3d haszn\u00e1lat\u00e1val k\u00edm\u00e9lheti, \u00e9s lehet\u0151s\u00e9ge van power bank csatlakoztat\u00e1s\u00e1ra is.<\/p>\n<table border=\"0\" cellspacing=\"0\">\n<colgroup span=\"2\" width=\"85\"><\/colgroup>\n<tbody>\n<tr>\n<td align=\"left\" height=\"17\"><span style=\"font-family: Liberation Serif\">Wi-Fi<\/span><\/td>\n<td align=\"left\"><span style=\"font-family: Liberation Serif\">Igen<\/span><\/td>\n<\/tr>\n<tr>\n<td align=\"left\" height=\"17\"><span style=\"font-family: Liberation Serif\">\u00c9rz\u00e9kel\u0151<\/span><\/td>\n<td align=\"left\"><span style=\"font-family: Liberation Serif\">640 \u00d7 512 px<\/span><\/td>\n<\/tr>\n<tr>\n<td align=\"left\" height=\"32\"><span style=\"font-family: Liberation Serif\">H\u0151\u00e9rz\u00e9kenys\u00e9g<\/span><\/td>\n<td align=\"left\"><span style=\"font-family: Liberation Serif\">\u2264 18 mK<\/span><\/td>\n<\/tr>\n<tr>\n<td align=\"left\" height=\"32\"><span style=\"font-family: Liberation Serif\">Kijelz\u0151 felbont\u00e1sa<\/span><\/td>\n<td align=\"left\"><span style=\"font-family: Liberation Serif\">1024 \u00d7 768 px<\/span><\/td>\n<\/tr>\n<tr>\n<td align=\"left\" height=\"17\"><span style=\"font-family: Liberation Serif\">Objekt\u00edv<\/span><\/td>\n<td align=\"left\"><span style=\"font-family: Liberation Serif\">50 mm<\/span><\/td>\n<\/tr>\n<tr>\n<td align=\"left\" height=\"17\"><span style=\"font-family: Liberation Serif\">\u00c9rz\u00e9kel\u00e9s<\/span><\/td>\n<td align=\"left\"><span style=\"font-family: Liberation Serif\">2600 m<\/span><\/td>\n<\/tr>\n<tr>\n<td align=\"left\" height=\"32\"><span style=\"font-family: Liberation Serif\">Optikai nagy\u00edt\u00e1s<\/span><\/td>\n<td align=\"left\"><span style=\"font-family: Liberation Serif\">2,8x<\/span><\/td>\n<\/tr>\n<tr>\n<td align=\"left\" height=\"17\"><span style=\"font-family: Liberation Serif\">L\u00e1t\u00f3mez\u0151<\/span><\/td>\n<td align=\"left\"><span style=\"font-family: Liberation Serif\">8,8\u00b0 \u00d7 7,0\u00b0<\/span><\/td>\n<\/tr>\n<tr>\n<td align=\"left\" height=\"32\"><span style=\"font-family: Liberation Serif\">Digit\u00e1lis zoom<\/span><\/td>\n<td align=\"left\"><span style=\"font-family: Liberation Serif\">1-4x<\/span><\/td>\n<\/tr>\n<tr>\n<td align=\"left\" height=\"32\"><span style=\"font-family: Liberation Serif\">Dioptri\u00e1s korrekci\u00f3<\/span><\/td>\n<td align=\"left\"><span style=\"font-family: Liberation Serif\">\u00b15D<\/span><\/td>\n<\/tr>\n<tr>\n<td align=\"left\" height=\"32\"><span style=\"font-family: Liberation Serif\">F\u00e9nyk\u00e9pez\u00e9si lehet\u0151s\u00e9g<\/span><\/td>\n<td align=\"left\"><span style=\"font-family: Liberation Serif\">Igen<\/span><\/td>\n<\/tr>\n<tr>\n<td align=\"left\" height=\"32\"><span style=\"font-family: Liberation Serif\">Vide\u00f3 opci\u00f3<\/span><\/td>\n<td align=\"left\"><span style=\"font-family: Liberation Serif\">Igen<\/span><\/td>\n<\/tr>\n<tr>\n<td align=\"left\" height=\"32\"><span style=\"font-family: Liberation Serif\">Hangfelv\u00e9tel<\/span><\/td>\n<td align=\"left\"><span style=\"font-family: Liberation Serif\">Igen<\/span><\/td>\n<\/tr>\n<tr>\n<td align=\"left\" height=\"32\"><span style=\"font-family: Liberation Serif\">V\u00e9delmi fokozat<\/span><\/td>\n<td align=\"left\"><span style=\"font-family: Liberation Serif\">IP67<\/span><\/td>\n<\/tr>\n<tr>\n<td align=\"left\" height=\"32\"><span style=\"font-family: Liberation Serif\">Mem\u00f3ria<\/span><\/td>\n<td align=\"left\"><span style=\"font-family: Liberation Serif\">be\u00e9p\u00edtett, 64 GB<\/span><\/td>\n<\/tr>\n<tr>\n<td align=\"left\" height=\"32\"><span style=\"font-family: Liberation Serif\">\u00dczemi h\u0151m\u00e9rs\u00e9klet<\/span><\/td>\n<td align=\"left\"><span style=\"font-family: Liberation Serif\">-20\u00b0C \u00e9s 55\u00b0C k\u00f6z\u00f6tt<\/span><\/td>\n<\/tr>\n<tr>\n<td align=\"left\" height=\"47\"><span style=\"font-family: Liberation Serif\">Akkumul\u00e1torok<\/span><\/td>\n<td align=\"left\"><span style=\"font-family: Liberation Serif\">1x be\u00e9p\u00edtett, 1x cser\u00e9lhet\u0151 18650\/18500<\/span><\/td>\n<\/tr>\n<tr>\n<td align=\"left\" height=\"17\"><span style=\"font-family: Liberation Serif\">Az akkumul\u00e1tor \u00e9lettartama<\/span><\/td>\n<td align=\"left\"><span style=\"font-family: Liberation Serif\">16 \u00f3ra<\/span><\/td>\n<\/tr>\n<tr>\n<td align=\"left\" height=\"32\"><span style=\"font-family: Liberation Serif\">S\u00faly<\/span><\/td>\n<td align=\"left\"><span style=\"font-family: Liberation Serif\">873 g<\/span><\/td>\n<\/tr>\n<tr>\n<td align=\"left\" height=\"32\"><span style=\"font-family: Liberation Serif\">M\u00e9retek<\/span><\/td>\n<td align=\"left\"><span style=\"font-family: Liberation Serif\">405\u00d785\u00d785 mm<\/span><\/td>\n<\/tr>\n<\/tbody>\n<\/table>\n<p><strong>A csomag tartalma:<\/strong><\/p>\n<ul>\n<li>ThermTec Ares 650 2.0 h\u0151kamer\u00e1s c\u00e9lt\u00e1vcs\u0151<\/li>\n<li>1x akkumul\u00e1tort\u00f6lt\u0151<\/li>\n<li>2x 18650 akkumul\u00e1tor<\/li>\n<li>1x 18650 akkumul\u00e1tor kupak<\/li>\n<li>1x elemfed\u00e9l 18500<\/li>\n<li>1x USB adatk\u00e1bel<\/li>\n<li>1x m\u00e1gneses f\u0171z\u0151lyuk<\/li>\n<li>Optikai sz\u00f6vet<\/li>\n<li>Cseh \u00e9s szlov\u00e1k nyelv\u0171 utas\u00edt\u00e1sok<\/li>\n<\/ul>\n<p>Hivatalos m\u00e1rkaoldal: <a href=\"https:\/\/www.thermeyetec.com\/ares-2-0-series\/\">https:\/\/www.thermeyetec.com\/ares-2-0-series\/<\/a><\/p>","protected":false},"excerpt":{"rendered":"<ul>\n<li>H\u0151kamera \u00e9rz\u00e9kel\u0151: 640 \u00d7 512 px, 12\u03bcm.<\/li>\n<li>A h\u0151k\u00e9p\u00e9rz\u00e9kel\u0151 \u00e9rz\u00e9kenys\u00e9ge: \u2264 18 mK.<\/li>\n<li>Objekt\u00edv: 50 mm.<\/li>\n<li>\u00c9rz\u00e9kel\u00e9si t\u00e1vols\u00e1g: 2600 m.<\/li>\n<li>Optikai nagy\u00edt\u00e1s: 2,8x.<\/li>\n<li>Digit\u00e1lis zoom: 4x.<\/li>\n<li>Megjelen\u00edt\u00e9s: AMOLED 1024 \u00d7 768 px.<\/li>\n<li>AI t\u00e1vols\u00e1gm\u00e9r\u0151.<\/li>\n<li>Takar\u00e9kos \u00fczemm\u00f3d (alv\u00f3 \u00fczemm\u00f3d).<\/li>\n<li>Az akkumul\u00e1tor \u00e9lettartama: 16 \u00f3ra.<\/li>\n<li>T\u00e1p: 1x be\u00e9p\u00edtett \u00e9s 1x cser\u00e9lhet\u0151 18650\/18500 akkumul\u00e1tor.<\/li>\n<\/ul>","protected":false},"featured_media":4171,"template":"","meta":{"_gspb_post_css":""},"product_brand":[319],"product_cat":[21,144,329],"product_tag":[266,311,362,263],"class_list":{"0":"post-3982","1":"product","2":"type-product","3":"status-publish","4":"has-post-thumbnail","6":"product_brand-thermtec","7":"product_cat-optika","8":"product_cat-termovizie","9":"product_cat-termovizne-puskohlady","10":"product_tag-ares","11":"product_tag-termovizia","12":"product_tag-termovizny-puskohlad","13":"product_tag-thermtec","15":"first","16":"instock","17":"taxable","18":"shipping-taxable","19":"purchasable","20":"product-type-simple"},"ct_brands":[{"id":319,"name":"ThermTec","slug":"thermtec"}],"_links":{"self":[{"href":"https:\/\/zbranebudai.sk\/hu\/wp-json\/wp\/v2\/product\/3982","targetHints":{"allow":["GET"]}}],"collection":[{"href":"https:\/\/zbranebudai.sk\/hu\/wp-json\/wp\/v2\/product"}],"about":[{"href":"https:\/\/zbranebudai.sk\/hu\/wp-json\/wp\/v2\/types\/product"}],"wp:featuredmedia":[{"embeddable":true,"href":"https:\/\/zbranebudai.sk\/hu\/wp-json\/wp\/v2\/media\/4171"}],"wp:attachment":[{"href":"https:\/\/zbranebudai.sk\/hu\/wp-json\/wp\/v2\/media?parent=3982"}],"wp:term":[{"taxonomy":"product_brand","embeddable":true,"href":"https:\/\/zbranebudai.sk\/hu\/wp-json\/wp\/v2\/product_brand?post=3982"},{"taxonomy":"product_cat","embeddable":true,"href":"https:\/\/zbranebudai.sk\/hu\/wp-json\/wp\/v2\/product_cat?post=3982"},{"taxonomy":"product_tag","embeddable":true,"href":"https:\/\/zbranebudai.sk\/hu\/wp-json\/wp\/v2\/product_tag?post=3982"}],"curies":[{"name":"wp","href":"https:\/\/api.w.org\/{rel}","templated":true}]}}