{"id":3966,"date":"2025-02-01T21:11:26","date_gmt":"2025-02-01T19:11:26","guid":{"rendered":"https:\/\/zbranebudai.sk\/?post_type=product&#038;p=3966"},"modified":"2025-08-31T03:52:31","modified_gmt":"2025-08-31T01:52:31","slug":"xtar-18650-3500mah-li-ion-37v-akkumulator-vedelemmel","status":"publish","type":"product","link":"https:\/\/zbranebudai.sk\/hu\/product\/xtar-18650-3500mah-li-ion-37v-akkumulator-vedelemmel\/","title":{"rendered":"Xtar 18650 akkumul\u00e1tor v\u00e9delemmel, 3500 mAh Li-ion, 3.7 V"},"content":{"rendered":"<p>N\u00e1hradn\u00e9 nab\u00edjacie Li-Ion bat\u00e9rie\u00a0<strong>Xtar<\/strong>\u00a03500 mAh 18650, Li-ion, 3,7 V (vr\u00e1tane ochrann\u00e9ho obvodu) pre pr\u00edstroje Hikmicro Gryphon, Panther, Falcon a Pard NV008P, pr\u00edsvity TenoSight L- DUAL a L-940 Laser, pr\u00edpadne aj pr\u00edstroje NV007S, NV007V, NV008S s pred\u013a\u017eenou krytkou bat\u00e9rie.<\/p>\n<p>Bat\u00e9ria obsahuje ochrann\u00fd obvod, \u010do znamen\u00e1, \u017ee je pribli\u017ene o 3 mm dlh\u0161ia. Ak ju chcete pou\u017e\u00edva\u0165 v zariadeniach NV008S, NV007V alebo NV007S, mus\u00edte si k\u00fapi\u0165 dlh\u0161\u00ed kryt bat\u00e9rie.<\/p>\n<p><strong id=\"test_productFullTitle\" class=\"h3\"><\/strong><strong>Parametre<\/strong><\/p>\n<ul>\n<li>je ur\u010den\u00e1 na pou\u017eitie v dob\u00edjac\u00edch svietidl\u00e1ch a elektronick\u00fdch zariadeniach.<\/li>\n<li>mo\u017eno nab\u00edja\u0165 vn\u00fatri zariadenia pomocou zabudovanej nab\u00edja\u010dky alebo externe pomocou \u0161peci\u00e1lnej nab\u00edja\u010dky<\/li>\n<li>Li-ion bat\u00e9ria<\/li>\n<li><span lang=\"cs\"><span title=\"9. Over 500 charge-discharge cycles \"><span title=\"Seiko (made in Japan) Protection \/ PCB mit Kurzschluss-, \u00dcberladung- und Tiefentladung Schutz \"><span title=\"Hochwertige Zelle mit langer Lebensdauer und hoher Zyklenfestigkeit \"><span id=\"result_box\" lang=\"cs\"><span title=\"Kapazit\u00e4t 3000mAh \">kapacita 3400 mAh<\/span><\/span><\/span><\/span><\/span><\/span><\/li>\n<li><span lang=\"cs\"><span title=\"9. Over 500 charge-discharge cycles \"><span title=\"Seiko (made in Japan) Protection \/ PCB mit Kurzschluss-, \u00dcberladung- und Tiefentladung Schutz \"><span title=\"Hochwertige Zelle mit langer Lebensdauer und hoher Zyklenfestigkeit \"><span id=\"result_box\" lang=\"cs\"><span title=\"Kapazit\u00e4t 3000mAh \">vr\u00e1tane ochrann\u00e9ho obvodu<\/span><\/span><\/span><\/span><\/span><\/span><\/li>\n<li><span lang=\"cs\"><span title=\"9. Over 500 charge-discharge cycles \"><span title=\"Seiko (made in Japan) Protection \/ PCB mit Kurzschluss-, \u00dcberladung- und Tiefentladung Schutz \"><span title=\"Hochwertige Zelle mit langer Lebensdauer und hoher Zyklenfestigkeit \"><span id=\"result_box\" lang=\"cs\"><span title=\"Kapazit\u00e4t 3000mAh \">ochrana proti prebitiu, vyb\u00edjaniu, preb\u00edjaniu a skratu<\/span><\/span><\/span><\/span><\/span><\/span><\/li>\n<\/ul>\n<p><strong>Pozor<\/strong><\/p>\n<ul>\n<li><span lang=\"cs\"><span title=\"9. Over 500 charge-discharge cycles \"><span title=\"Seiko (made in Japan) Protection \/ PCB mit Kurzschluss-, \u00dcberladung- und Tiefentladung Schutz \"><span title=\"Hochwertige Zelle mit langer Lebensdauer und hoher Zyklenfestigkeit \"><span title=\"Gewicht 49g \u00b1 1 \">pred pou\u017eit\u00edm si pre\u010d\u00edtajte prilo\u017een\u00fd n\u00e1vod<\/span><\/span><\/span><\/span><\/span><\/li>\n<li><span lang=\"cs\"><span title=\"9. Over 500 charge-discharge cycles \"><span title=\"Seiko (made in Japan) Protection \/ PCB mit Kurzschluss-, \u00dcberladung- und Tiefentladung Schutz \"><span title=\"Hochwertige Zelle mit langer Lebensdauer und hoher Zyklenfestigkeit \"><span title=\"Gewicht 49g \u00b1 1 \">u<span id=\"result_box\" lang=\"cs\"><span title=\"Bitte beachten Sie, dass entfernen bzw. besch\u00e4digen der Schutzelektronik (PCB) zu einen Kurzschluss, Brandentwicklung oder Explosion f\u00fchren kann. \">pozor\u0148ujeme, \u017ee odstr\u00e1nenie alebo po\u0161kodenie ochrannej elektroniky (PCB) vedie\u00a0ku skratu, po\u017eiaru alebo v\u00fdbuchu<\/span><\/span><\/span><\/span><\/span><\/span><\/span><\/li>\n<li><span lang=\"cs\"><span title=\"9. Over 500 charge-discharge cycles \"><span title=\"Seiko (made in Japan) Protection \/ PCB mit Kurzschluss-, \u00dcberladung- und Tiefentladung Schutz \"><span title=\"Hochwertige Zelle mit langer Lebensdauer und hoher Zyklenfestigkeit \"><span title=\"Gewicht 49g \u00b1 1 \"><span id=\"result_box\" lang=\"cs\"><span title=\"Bitte beachten Sie, dass entfernen bzw. besch\u00e4digen der Schutzelektronik (PCB) zu einen Kurzschluss, Brandentwicklung oder Explosion f\u00fchren kann. \">nevhodn\u00e9 pre deti<\/span><\/span><\/span><\/span><\/span><\/span><\/span><\/li>\n<\/ul>\n<table border=\"0\" cellspacing=\"0\">\n<colgroup span=\"2\" width=\"85\"><\/colgroup>\n<tbody>\n<tr>\n<td align=\"left\" height=\"62\"><b><span style=\"font-family: Liberation Serif;\">Nap\u00e4tie [V]:<\/span><\/b><\/td>\n<td align=\"left\"><span style=\"font-family: Liberation Serif;\">3,7 V (3,6 V)<\/span><\/td>\n<\/tr>\n<tr>\n<td align=\"left\" height=\"32\"><b><span style=\"font-family: Liberation Serif;\">\u00a0Mo\u017enos\u0165 dob\u00edjania:<\/span><\/b><\/td>\n<td align=\"left\"><span style=\"font-family: Liberation Serif;\">\u00c1NO<\/span><\/td>\n<\/tr>\n<tr>\n<td align=\"left\" height=\"47\"><b><span style=\"font-family: Liberation Serif;\">\u00a0Rozmery (priemer \u00d7 v\u00fd\u0161ka):<\/span><\/b><\/td>\n<td align=\"left\"><span style=\"font-family: Liberation Serif;\">18,5 mm \u00d7 68,8 mm<\/span><\/td>\n<\/tr>\n<tr>\n<td align=\"left\" height=\"32\"><b><span style=\"font-family: Liberation Serif;\">\u00a0Chemick\u00e9 zlo\u017eenie:<\/span><\/b><\/td>\n<td align=\"left\"><span style=\"font-family: Liberation Serif;\">Li-Ion<\/span><\/td>\n<\/tr>\n<tr>\n<td align=\"left\" height=\"32\"><b><span style=\"font-family: Liberation Serif;\">\u00a0Kapacita [mAh]:<\/span><\/b><\/td>\n<td align=\"left\"><span style=\"font-family: Liberation Serif;\">3500 mAh<\/span><\/td>\n<\/tr>\n<tr>\n<td align=\"left\" height=\"32\"><b><span style=\"font-family: Liberation Serif;\">\u00a0Zna\u010dka:<\/span><\/b><\/td>\n<td align=\"left\"><span style=\"font-family: Liberation Serif;\">Xtar<\/span><\/td>\n<\/tr>\n<tr>\n<td align=\"left\" height=\"47\"><b><span style=\"font-family: Liberation Serif;\">\u00a0Z\u00e1ruka (mesiace\/rok):<\/span><\/b><\/td>\n<td align=\"left\"><span style=\"font-family: Liberation Serif;\">24\/2<\/span><\/td>\n<\/tr>\n<tr>\n<td align=\"left\" height=\"77\"><b><span style=\"font-family: Liberation Serif;\">\u00a0Balenie:<\/span><\/b><\/td>\n<td align=\"left\"><span style=\"font-family: Liberation Serif;\">Origin\u00e1lne balenie v plastovej \u0161katu\u013eke, 1 ks bat\u00e9rie!<\/span><\/td>\n<\/tr>\n<\/tbody>\n<\/table>\n","protected":false},"excerpt":{"rendered":"<p>Tartal\u00e9k \u00fajrat\u00f6lthet\u0151 akkumul\u00e1tor\u00a0<strong>Xtar\u00a0<\/strong>a Hikmicro Gryphon, Panther, Cheetah, Falcon, Raptor \u00e9s Pard NV008P vagy NV007S, NV007V, NV008S modellekhez, meghosszabb\u00edtott elemfed\u00e9llel. Az akkumul\u00e1tor kompatibilis a TenoSight L-DUAL \u00e9s L-940 l\u00e9zervil\u00e1g\u00edt\u00f3kkal is.<\/p>","protected":false},"featured_media":4151,"template":"","meta":{"_gspb_post_css":""},"product_brand":[],"product_cat":[21,354],"product_tag":[369],"class_list":{"0":"post-3966","1":"product","2":"type-product","3":"status-publish","4":"has-post-thumbnail","6":"product_cat-optika","7":"product_cat-prislusenstvo","8":"product_tag-beteria","10":"first","11":"instock","12":"taxable","13":"shipping-taxable","14":"purchasable","15":"product-type-simple"},"ct_brands":[],"_links":{"self":[{"href":"https:\/\/zbranebudai.sk\/hu\/wp-json\/wp\/v2\/product\/3966","targetHints":{"allow":["GET"]}}],"collection":[{"href":"https:\/\/zbranebudai.sk\/hu\/wp-json\/wp\/v2\/product"}],"about":[{"href":"https:\/\/zbranebudai.sk\/hu\/wp-json\/wp\/v2\/types\/product"}],"wp:featuredmedia":[{"embeddable":true,"href":"https:\/\/zbranebudai.sk\/hu\/wp-json\/wp\/v2\/media\/4151"}],"wp:attachment":[{"href":"https:\/\/zbranebudai.sk\/hu\/wp-json\/wp\/v2\/media?parent=3966"}],"wp:term":[{"taxonomy":"product_brand","embeddable":true,"href":"https:\/\/zbranebudai.sk\/hu\/wp-json\/wp\/v2\/product_brand?post=3966"},{"taxonomy":"product_cat","embeddable":true,"href":"https:\/\/zbranebudai.sk\/hu\/wp-json\/wp\/v2\/product_cat?post=3966"},{"taxonomy":"product_tag","embeddable":true,"href":"https:\/\/zbranebudai.sk\/hu\/wp-json\/wp\/v2\/product_tag?post=3966"}],"curies":[{"name":"wp","href":"https:\/\/api.w.org\/{rel}","templated":true}]}}