{"id":3964,"date":"2025-02-01T21:11:26","date_gmt":"2025-02-01T19:11:26","guid":{"rendered":"https:\/\/zbranebudai.sk\/?post_type=product&#038;p=3964"},"modified":"2026-05-02T08:20:52","modified_gmt":"2026-05-02T06:20:52","slug":"nitecore-18650-li-ion-36v-3500mah-40-celsius-fokig-hasznalhato-akku","status":"publish","type":"product","link":"https:\/\/zbranebudai.sk\/hu\/product\/nitecore-18650-li-ion-36v-3500mah-40-celsius-fokig-hasznalhato-akkumulator\/","title":{"rendered":"NITECORE 18650, Li-ion 3.6 V, 3500 mAh"},"content":{"rendered":"<p><strong>Baterie do mrazu NITECORE 18650, Li-ion 3,6 V, 3500 mAh<\/strong><\/p>\n<p>N\u00e1hradn\u00e1 dob\u00edjacia bat\u00e9ria\u00a0NITECORE 18650 \u0161peci\u00e1lne ur\u010den\u00e1 a\u017e do \u221240\u00a0\u00b0C\u00a0pre pr\u00edstroje Hikmicro Gryphon, Panther, Falcon a Pard NV008P alebo aj NV007S, NV007V, NV008S s pred\u013a\u017een\u00fdm krytom bat\u00e9rie.<\/p>\n<p>Nov\u00e1 l\u00edtium-i\u00f3nov\u00e1 bat\u00e9ria 18650 pon\u00faka v\u010faka \u0161peci\u00e1lnej kon\u0161trukcii vysok\u00fd v\u00fdkon na dlh\u00fd \u010das pri ve\u013emi n\u00edzkych teplot\u00e1ch a\u017e do \u221240 \u00b0C. Ochranu zabezpe\u010duje elektronika, ktor\u00e1 zabra\u0148uje podbitiu, prebitiu alebo skratu. V\u010faka vonkaj\u0161iemu puzdru z nehrdzavej\u00facej ocele je akumul\u00e1tor vysoko odoln\u00e1 proti n\u00e1razom a kor\u00f3zii. V\u010faka svojej \u017eivotnosti je \u0161etrn\u00fd k \u017eivotn\u00e9mu prostrediu, vydr\u017e\u00ed toti\u017e a\u017e 500 nab\u00edjac\u00edch cyklov.<\/p>\n<p>Bat\u00e9ria obsahuje ochrann\u00fd obvod, \u010do znamen\u00e1, \u017ee je pribli\u017ene o 3 mm dlh\u0161ia. Ak ju chcete pou\u017e\u00edva\u0165 v zariadeniach NV008S, NV007V alebo NV007S, mus\u00edte si k\u00fapi\u0165 dlh\u0161\u00ed kryt bat\u00e9rie.<\/p>\n<p><strong id=\"test_productFullTitle\" class=\"h3\"><\/strong><strong><u>Parametre<\/u><\/strong><\/p>\n<ul>\n<li>je ur\u010den\u00fd na pou\u017eitie v nab\u00edjac\u00edch svietidl\u00e1ch a elektronick\u00fdch zariadeniach.<\/li>\n<li>mo\u017eno nab\u00edja\u0165 vn\u00fatri zariadenia pomocou zabudovanej nab\u00edja\u010dky alebo externe pomocou \u0161peci\u00e1lnej nab\u00edja\u010dky<\/li>\n<li>Li-ion akumul\u00e1tor<\/li>\n<li><span lang=\"cs\"><span title=\"9. Over 500 charge-discharge cycles \"><span title=\"Seiko (made in Japan) Protection \/ PCB mit Kurzschluss-, \u00dcberladung- und Tiefentladung Schutz \"><span title=\"Hochwertige Zelle mit langer Lebensdauer und hoher Zyklenfestigkeit \"><span id=\"result_box\" lang=\"cs\"><span title=\"Kapazit\u00e4t 3000mAh \">kapacita 3\u00a0500\u00a0mAh<\/span><\/span><\/span><\/span><\/span><\/span><\/li>\n<li><span lang=\"cs\"><span title=\"9. Over 500 charge-discharge cycles \"><span title=\"Seiko (made in Japan) Protection \/ PCB mit Kurzschluss-, \u00dcberladung- und Tiefentladung Schutz \"><span title=\"Hochwertige Zelle mit langer Lebensdauer und hoher Zyklenfestigkeit \"><span id=\"result_box\" lang=\"cs\"><span title=\"Kapazit\u00e4t 3000mAh \">vr\u00e1tane ochrann\u00e9ho obvodu<\/span><\/span><\/span><\/span><\/span><\/span><\/li>\n<li><span lang=\"cs\"><span title=\"9. Over 500 charge-discharge cycles \"><span title=\"Seiko (made in Japan) Protection \/ PCB mit Kurzschluss-, \u00dcberladung- und Tiefentladung Schutz \"><span title=\"Hochwertige Zelle mit langer Lebensdauer und hoher Zyklenfestigkeit \"><span id=\"result_box\" lang=\"cs\"><span title=\"Kapazit\u00e4t 3000mAh \">ochrana proti prebitiu, vyb\u00edjaniu, preb\u00edjaniu a skratu<\/span><\/span><\/span><\/span><\/span><\/span><\/li>\n<\/ul>\n<p><span lang=\"cs\"><span title=\"9. Over 500 charge-discharge cycles \"><span title=\"Seiko (made in Japan) Protection \/ PCB mit Kurzschluss-, \u00dcberladung- und Tiefentladung Schutz \"><span title=\"Hochwertige Zelle mit langer Lebensdauer und hoher Zyklenfestigkeit \"><span title=\"Gewicht 49g \u00b1 1 \"><strong><u>Pozor<\/u><\/strong><\/span><\/span><\/span><\/span><\/span><\/p>\n<ul>\n<li><span lang=\"cs\"><span title=\"9. Over 500 charge-discharge cycles \"><span title=\"Seiko (made in Japan) Protection \/ PCB mit Kurzschluss-, \u00dcberladung- und Tiefentladung Schutz \"><span title=\"Hochwertige Zelle mit langer Lebensdauer und hoher Zyklenfestigkeit \"><span title=\"Gewicht 49g \u00b1 1 \">pred pou\u017eit\u00edm si pre\u010d\u00edtajte prilo\u017een\u00fd n\u00e1vod<\/span><\/span><\/span><\/span><\/span><\/li>\n<li><span lang=\"cs\"><span title=\"9. Over 500 charge-discharge cycles \"><span title=\"Seiko (made in Japan) Protection \/ PCB mit Kurzschluss-, \u00dcberladung- und Tiefentladung Schutz \"><span title=\"Hochwertige Zelle mit langer Lebensdauer und hoher Zyklenfestigkeit \"><span title=\"Gewicht 49g \u00b1 1 \">u<span id=\"result_box\" lang=\"cs\"><span title=\"Bitte beachten Sie, dass entfernen bzw. besch\u00e4digen der Schutzelektronik (PCB) zu einen Kurzschluss, Brandentwicklung oder Explosion f\u00fchren kann. \">pozor\u0148ujeme, \u017ee odstr\u00e1nenie alebo po\u0161kodenie ochrannej elektroniky (PCB) vedie\u00a0ku skratu, po\u017eiaru alebo v\u00fdbuchu<\/span><\/span><\/span><\/span><\/span><\/span><\/span><\/li>\n<li><span lang=\"cs\"><span title=\"9. Over 500 charge-discharge cycles \"><span title=\"Seiko (made in Japan) Protection \/ PCB mit Kurzschluss-, \u00dcberladung- und Tiefentladung Schutz \"><span title=\"Hochwertige Zelle mit langer Lebensdauer und hoher Zyklenfestigkeit \"><span title=\"Gewicht 49g \u00b1 1 \"><span id=\"result_box\" lang=\"cs\"><span title=\"Bitte beachten Sie, dass entfernen bzw. besch\u00e4digen der Schutzelektronik (PCB) zu einen Kurzschluss, Brandentwicklung oder Explosion f\u00fchren kann. \">nevhodn\u00e9 pre deti<\/span><\/span><\/span><\/span><\/span><\/span><\/span><\/li>\n<\/ul>\n<table border=\"0\" cellspacing=\"0\">\n<colgroup span=\"2\" width=\"85\"><\/colgroup>\n<tbody>\n<tr>\n<td align=\"left\" height=\"62\"><b><span style=\"font-family: Liberation Serif\">Nap\u00e4tie [V]:<\/span><\/b><\/td>\n<td align=\"left\"><span style=\"font-family: Liberation Serif\">3,6\u00a0V<\/span><\/td>\n<\/tr>\n<tr>\n<td align=\"left\" height=\"32\"><b><span style=\"font-family: Liberation Serif\">\u00a0Mo\u017enos\u0165 dob\u00edjania:<\/span><\/b><\/td>\n<td align=\"left\"><span style=\"font-family: Liberation Serif\">\u00c1NO<\/span><\/td>\n<\/tr>\n<tr>\n<td align=\"left\" height=\"47\"><b><span style=\"font-family: Liberation Serif\">\u00a0Rozmery (priemer \u00d7 v\u00fd\u0161ka):<\/span><\/b><\/td>\n<td align=\"left\"><span style=\"font-family: Liberation Serif\">18,5 mm \u00d7 69,2 mm<\/span><\/td>\n<\/tr>\n<tr>\n<td align=\"left\" height=\"32\"><b><span style=\"font-family: Liberation Serif\">\u00a0Chemick\u00e9 zlo\u017eenie:<\/span><\/b><\/td>\n<td align=\"left\"><span style=\"font-family: Liberation Serif\">Li-Ion<\/span><\/td>\n<\/tr>\n<tr>\n<td align=\"left\" height=\"32\"><b><span style=\"font-family: Liberation Serif\">\u00a0Kapacita [mAh]:<\/span><\/b><\/td>\n<td align=\"left\"><span style=\"font-family: Liberation Serif\">3500 mAh<\/span><\/td>\n<\/tr>\n<tr>\n<td align=\"left\" height=\"32\"><b><span style=\"font-family: Liberation Serif\">\u00a0Zna\u010dka:<\/span><\/b><\/td>\n<td align=\"left\"><span style=\"font-family: Liberation Serif\">NiteCore<\/span><\/td>\n<\/tr>\n<tr>\n<td align=\"left\" height=\"47\"><b><span style=\"font-family: Liberation Serif\">\u00a0Z\u00e1ruka (mesiace\/rok):<\/span><\/b><\/td>\n<td align=\"left\"><span style=\"font-family: Liberation Serif\">24\/2<\/span><\/td>\n<\/tr>\n<\/tbody>\n<\/table>\n","protected":false},"excerpt":{"rendered":"<p>Cser\u00e9lhet\u0151 NITECORE 18650-es \u00fajrat\u00f6lthet\u0151 akkumul\u00e1tor, amelyet kifejezetten -40 \u00b0C-ig terveztek a Hikmicro Gryphon, Panther, Falcon \u00e9s Pard NV008P, illetve az NV007S, NV007V, NV008S modellekhez, meghosszabb\u00edtott akkumul\u00e1torfed\u00e9llel.<\/p>\n<p>&nbsp;<\/p>","protected":false},"featured_media":4149,"template":"","meta":{"_gspb_post_css":""},"product_brand":[],"product_cat":[2762,21,354],"product_tag":[368,2765],"class_list":{"0":"post-3964","1":"product","2":"type-product","3":"status-publish","4":"has-post-thumbnail","6":"product_cat-baterie","7":"product_cat-optika","8":"product_cat-prislusenstvo","9":"product_tag-bateria","10":"product_tag-nitecore","12":"first","13":"instock","14":"taxable","15":"shipping-taxable","16":"purchasable","17":"product-type-simple"},"ct_brands":[],"_links":{"self":[{"href":"https:\/\/zbranebudai.sk\/hu\/wp-json\/wp\/v2\/product\/3964","targetHints":{"allow":["GET"]}}],"collection":[{"href":"https:\/\/zbranebudai.sk\/hu\/wp-json\/wp\/v2\/product"}],"about":[{"href":"https:\/\/zbranebudai.sk\/hu\/wp-json\/wp\/v2\/types\/product"}],"wp:featuredmedia":[{"embeddable":true,"href":"https:\/\/zbranebudai.sk\/hu\/wp-json\/wp\/v2\/media\/4149"}],"wp:attachment":[{"href":"https:\/\/zbranebudai.sk\/hu\/wp-json\/wp\/v2\/media?parent=3964"}],"wp:term":[{"taxonomy":"product_brand","embeddable":true,"href":"https:\/\/zbranebudai.sk\/hu\/wp-json\/wp\/v2\/product_brand?post=3964"},{"taxonomy":"product_cat","embeddable":true,"href":"https:\/\/zbranebudai.sk\/hu\/wp-json\/wp\/v2\/product_cat?post=3964"},{"taxonomy":"product_tag","embeddable":true,"href":"https:\/\/zbranebudai.sk\/hu\/wp-json\/wp\/v2\/product_tag?post=3964"}],"curies":[{"name":"wp","href":"https:\/\/api.w.org\/{rel}","templated":true}]}}