{"id":3938,"date":"2025-02-01T21:11:02","date_gmt":"2025-02-01T19:11:02","guid":{"rendered":"https:\/\/zbranebudai.sk\/?post_type=product&#038;p=3938"},"modified":"2025-08-31T03:52:31","modified_gmt":"2025-08-31T01:52:31","slug":"thermtec-wild-335-lrf-hokamera-kereso","status":"publish","type":"product","link":"https:\/\/zbranebudai.sk\/hu\/product\/thermtec-wild-335-lrf-hokamera-kereso\/","title":{"rendered":"ThermTec WILD 335 LRF termikus monokul\u00e1r"},"content":{"rendered":"<p><strong>ThermTec WILD 335 LRF termikus monokul\u00e1r<\/strong><\/p>\n<p>A ThermTec Wild sz\u00f3 szerint vad technol\u00f3gi\u00e1t hoz! Ez a hihetetlen h\u0151\u00e9rz\u00e9kenys\u00e9g\u0171 h\u0151\u00e9rz\u00e9kel\u0151vel rendelkez\u0151 h\u0151kamer\u00e1s monokul\u00e1r nemcsak r\u00e9szletes k\u00e9p\u00e9vel, hanem egyszer\u0171 kezelhet\u0151s\u00e9g\u00e9vel is elk\u00e1pr\u00e1ztatja \u00d6nt.<\/p>\n<ul>\n<li>H\u0151m\u00e9rs\u00e9klet\u00e9rz\u00e9kenys\u00e9g \u2264 18 mK<\/li>\n<li>\u00c9rz\u00e9kel\u0151 384 \u00d7 288 px<\/li>\n<li>\u00c9rz\u00e9kel\u00e9s 1800 m\u00e9terig<\/li>\n<li>\u00c9lez\u00e9s egy k\u00e9zzel<\/li>\n<li>Cser\u00e9lhet\u0151 akkumul\u00e1tor ak\u00e1r 10 \u00f3r\u00e1s \u00fczemid\u0151vel<\/li>\n<li>L\u00e9zer \u00e9s AI t\u00e1vols\u00e1gm\u00e9r\u0151 kombin\u00e1ci\u00f3ja<\/li>\n<\/ul>\n<p><strong>Objekt\u00edv\u00a0<\/strong>f\u00f3kuszt\u00e1vols\u00e1ggal\u00a0<strong>35 mm<\/strong>\u00a0\u00e9s r\u00f6gz\u00edtett optikai nagy\u00edt\u00e1s\u00a0<b>3,3x\u00a0<\/b>lehet\u0151v\u00e9 teszi a monokul\u00e1ris\u00a0<strong>\u00e9szlel\u00e9si t\u00e1vols\u00e1got\u00a0<\/strong>kiv\u00e9ve\u00a0<strong>1800 m\u00e9ter<\/strong>.<\/p>\n<p>A monokul\u00e1r a k\u00f6vetkez\u0151kkel van felszerelve\u00a0<strong>ergonomikus joystick<\/strong>\u00a0a k\u00f6nny\u0171 kezelhet\u0151s\u00e9g \u00e9rdek\u00e9ben, lehet\u0151v\u00e9 t\u00e9ve a z\u00f6kken\u0151mentes navig\u00e1ci\u00f3t a men\u00fckben. A m\u00e9g k\u00f6nnyebb kezelhet\u0151s\u00e9g \u00e9rdek\u00e9ben a ThermTec a k\u00f6vetkez\u0151 eszk\u00f6z\u00f6kkel \u00e1llt el\u0151\u00a0<strong>\u00e9lez\u0151t\u00e1rcsa<\/strong>\u00a0a lencse k\u00f6r\u00fcli gy\u0171r\u0171 helyett. Most m\u00e1r csak egy k\u00e9zre van sz\u00fcks\u00e9ge a k\u00e9sz\u00fcl\u00e9k m\u0171k\u00f6dtet\u00e9s\u00e9hez.<\/p>\n<p><strong>Cser\u00e9lhet\u0151 akkumul\u00e1tor\u00a0<\/strong>sz\u00e1mos el\u0151nnyel j\u00e1r \u00e9s\u00a0<strong>ak\u00e1r 10 \u00f3ra akkumul\u00e1tor-\u00fczemid\u0151<\/strong>.<\/p>\n<p>A k\u00f6vetkez\u0151n k\u00edv\u00fcl:<strong>\u00a064 GB be\u00e9p\u00edtett mem\u00f3ria<\/strong>\u00a0\u00e9l\u0151 vide\u00f3kapcsolat az alkalmaz\u00e1son kereszt\u00fcl is el\u00e9rhet\u0151\u00a0<strong>Smart Thermal<\/strong>. \u00cdgy \u00e9lvezheti a k\u00e9nyelmes megfigyel\u00e9st a mobiltelefonj\u00e1r\u00f3l.<\/p>\n<p>V\u00e9g\u00fcl, de nem utols\u00f3sorban, a Wild b\u00fcszke arra, hogy\u00a0<strong>v\u00edz\u00e1ll\u00f3 \u00e9s IP67 ellen\u00e1ll\u00f3<\/strong>, a red\u0151nykorrekci\u00f3 \u00e9s a red\u0151ny n\u00e9lk\u00fcli technol\u00f3gia kombin\u00e1ci\u00f3ja, valamint a\u00a0<strong>l\u00e9zer \u00e9s AI t\u00e1vols\u00e1gm\u00e9r\u0151 kombin\u00e1ci\u00f3ja<\/strong>.<\/p>\n<table border=\"0\" cellspacing=\"0\">\n<colgroup span=\"2\" width=\"85\"><\/colgroup>\n<tbody>\n<tr>\n<td align=\"left\" height=\"32\"><span style=\"font-family: Liberation Serif\">Wi-Fi<\/span><\/td>\n<td align=\"left\"><span style=\"font-family: Liberation Serif\">Igen<\/span><\/td>\n<\/tr>\n<tr>\n<td align=\"left\" height=\"32\"><span style=\"font-family: Liberation Serif\">\u00c9rz\u00e9kel\u0151<\/span><\/td>\n<td align=\"left\"><span style=\"font-family: Liberation Serif\">384 \u00d7 288 px<\/span><\/td>\n<\/tr>\n<tr>\n<td align=\"left\" height=\"32\"><span style=\"font-family: Liberation Serif\">H\u0151\u00e9rz\u00e9kenys\u00e9g<\/span><\/td>\n<td align=\"left\"><span style=\"font-family: Liberation Serif\">&lt; 18 mK<\/span><\/td>\n<\/tr>\n<tr>\n<td align=\"left\" height=\"32\"><span style=\"font-family: Liberation Serif\">Kijelz\u0151 felbont\u00e1sa<\/span><\/td>\n<td align=\"left\"><span style=\"font-family: Liberation Serif\">1024 \u00d7 768 px<\/span><\/td>\n<\/tr>\n<tr>\n<td align=\"left\" height=\"32\"><span style=\"font-family: Liberation Serif\">Objekt\u00edv<\/span><\/td>\n<td align=\"left\"><span style=\"font-family: Liberation Serif\">35 mm<\/span><\/td>\n<\/tr>\n<tr>\n<td align=\"left\" height=\"32\"><span style=\"font-family: Liberation Serif\">\u00c9rz\u00e9kel\u00e9s<\/span><\/td>\n<td align=\"left\"><span style=\"font-family: Liberation Serif\">1800 m<\/span><\/td>\n<\/tr>\n<tr>\n<td align=\"left\" height=\"32\"><span style=\"font-family: Liberation Serif\">Optikai nagy\u00edt\u00e1s<\/span><\/td>\n<td align=\"left\"><span style=\"font-family: Liberation Serif\">3,3x<\/span><\/td>\n<\/tr>\n<tr>\n<td align=\"left\" height=\"17\"><span style=\"font-family: Liberation Serif\">L\u00e1t\u00f3mez\u0151<\/span><\/td>\n<td align=\"left\"><span style=\"font-family: Liberation Serif\">7,5\u00b0 \u00d7 5,6\u00b0<\/span><\/td>\n<\/tr>\n<tr>\n<td align=\"left\" height=\"32\"><span style=\"font-family: Liberation Serif\">Digit\u00e1lis zoom<\/span><\/td>\n<td align=\"left\"><span style=\"font-family: Liberation Serif\">1-4x<\/span><\/td>\n<\/tr>\n<tr>\n<td align=\"left\" height=\"32\"><span style=\"font-family: Liberation Serif\">Dioptri\u00e1s korrekci\u00f3<\/span><\/td>\n<td align=\"left\"><span style=\"font-family: Liberation Serif\">\u00b15D<\/span><\/td>\n<\/tr>\n<tr>\n<td align=\"left\" height=\"32\"><span style=\"font-family: Liberation Serif\">L\u00e9zeres t\u00e1vols\u00e1gm\u00e9r\u0151<\/span><\/td>\n<td align=\"left\"><span style=\"font-family: Liberation Serif\">Igen, hat\u00f3t\u00e1vols\u00e1g 1000 m<\/span><\/td>\n<\/tr>\n<tr>\n<td align=\"left\" height=\"32\"><span style=\"font-family: Liberation Serif\">F\u00e9nyk\u00e9pez\u00e9si lehet\u0151s\u00e9g<\/span><\/td>\n<td align=\"left\"><span style=\"font-family: Liberation Serif\">Igen<\/span><\/td>\n<\/tr>\n<tr>\n<td align=\"left\" height=\"32\"><span style=\"font-family: Liberation Serif\">Vide\u00f3 opci\u00f3<\/span><\/td>\n<td align=\"left\"><span style=\"font-family: Liberation Serif\">Igen<\/span><\/td>\n<\/tr>\n<tr>\n<td align=\"left\" height=\"32\"><span style=\"font-family: Liberation Serif\">V\u00e9delmi fokozat<\/span><\/td>\n<td align=\"left\"><span style=\"font-family: Liberation Serif\">IP67<\/span><\/td>\n<\/tr>\n<tr>\n<td align=\"left\" height=\"32\"><span style=\"font-family: Liberation Serif\">Mem\u00f3ria<\/span><\/td>\n<td align=\"left\"><span style=\"font-family: Liberation Serif\">be\u00e9p\u00edtett, 64 GB<\/span><\/td>\n<\/tr>\n<tr>\n<td align=\"left\" height=\"32\"><span style=\"font-family: Liberation Serif\">\u00dczemi h\u0151m\u00e9rs\u00e9klet<\/span><\/td>\n<td align=\"left\"><span style=\"font-family: Liberation Serif\">-20\u00b0C \u00e9s 55\u00b0C k\u00f6z\u00f6tt<\/span><\/td>\n<\/tr>\n<tr>\n<td align=\"left\" height=\"17\"><span style=\"font-family: Liberation Serif\">Akkumul\u00e1tor<\/span><\/td>\n<td align=\"left\"><span style=\"font-family: Liberation Serif\">1x 18650<\/span><\/td>\n<\/tr>\n<tr>\n<td align=\"left\" height=\"17\"><span style=\"font-family: Liberation Serif\">Az akkumul\u00e1tor \u00e9lettartama<\/span><\/td>\n<td align=\"left\"><span style=\"font-family: Liberation Serif\">10 \u00f3ra.<\/span><\/td>\n<\/tr>\n<tr>\n<td align=\"left\" height=\"17\"><span style=\"font-family: Liberation Serif\">S\u00faly<\/span><\/td>\n<td align=\"left\"><span style=\"font-family: Liberation Serif\">560 g<\/span><\/td>\n<\/tr>\n<tr>\n<td align=\"left\" height=\"32\"><span style=\"font-family: Liberation Serif\">M\u00e9retek<\/span><\/td>\n<td align=\"left\"><span style=\"font-family: Liberation Serif\">190\u00d769\u00d777 mm<\/span><\/td>\n<\/tr>\n<\/tbody>\n<\/table>\n<div data-sanitized-data-mce-fragment=\"1\">\n<p><strong>A csomag tartalma:<\/strong><\/p>\n<\/div>\n<ul>\n<li>ThermTec Wild 335L termikus monokul\u00e1r<\/li>\n<li>1x akkumul\u00e1tort\u00f6lt\u0151<\/li>\n<li>2x 18650 akkumul\u00e1torok<\/li>\n<li>1x csukl\u00f3p\u00e1nt<\/li>\n<li>1x nyakp\u00e1nt<\/li>\n<li>1x USB k\u00e1bel<\/li>\n<li>Optikai sz\u00f6vet<\/li>\n<li>Cseh \u00e9s szlov\u00e1k nyelv\u0171 utas\u00edt\u00e1sok<\/li>\n<\/ul>\n<p>Hivatalos m\u00e1rkaoldal: <a href=\"https:\/\/www.thermeyetec.com\/wild-series\/\">https:\/\/www.thermeyetec.com\/wild-series\/<\/a><\/p>","protected":false},"excerpt":{"rendered":"<ul>\n<li>\u00c9rz\u00e9kel\u0151: 384 x 288 px, 12\u03bcm.<\/li>\n<li>Objekt\u00edv: 35 mm.<\/li>\n<li>A h\u0151k\u00e9p\u00e9rz\u00e9kel\u0151 \u00e9rz\u00e9kenys\u00e9ge: \u2264 18 mK.<\/li>\n<li>\u00c9rz\u00e9kel\u00e9si t\u00e1vols\u00e1g: 1800 m.<\/li>\n<li>AI \u00e9s l\u00e9zeres t\u00e1vols\u00e1gm\u00e9r\u0151.<\/li>\n<li>Optikai nagy\u00edt\u00e1s: 3,3x.<\/li>\n<li>Megjelen\u00edt\u00e9s: AMOLED 1024 x 768 px.<\/li>\n<li>Energia: 1x \u00fajrat\u00f6lthet\u0151 Li-ion akkumul\u00e1tor.<\/li>\n<li>Az akkumul\u00e1tor \u00e9lettartama: 10 \u00f3ra.<\/li>\n<\/ul>","protected":false},"featured_media":4087,"template":"","meta":{"_gspb_post_css":""},"product_brand":[319],"product_cat":[21,144,327],"product_tag":[311,337,263,265],"class_list":{"0":"post-3938","1":"product","2":"type-product","3":"status-publish","4":"has-post-thumbnail","6":"product_brand-thermtec","7":"product_cat-optika","8":"product_cat-termovizie","9":"product_cat-termovizne-monokulary","10":"product_tag-termovizia","11":"product_tag-termovizny-monokular","12":"product_tag-thermtec","13":"product_tag-wild","15":"first","16":"instock","17":"taxable","18":"shipping-taxable","19":"purchasable","20":"product-type-simple"},"ct_brands":[{"id":319,"name":"ThermTec","slug":"thermtec"}],"_links":{"self":[{"href":"https:\/\/zbranebudai.sk\/hu\/wp-json\/wp\/v2\/product\/3938","targetHints":{"allow":["GET"]}}],"collection":[{"href":"https:\/\/zbranebudai.sk\/hu\/wp-json\/wp\/v2\/product"}],"about":[{"href":"https:\/\/zbranebudai.sk\/hu\/wp-json\/wp\/v2\/types\/product"}],"wp:featuredmedia":[{"embeddable":true,"href":"https:\/\/zbranebudai.sk\/hu\/wp-json\/wp\/v2\/media\/4087"}],"wp:attachment":[{"href":"https:\/\/zbranebudai.sk\/hu\/wp-json\/wp\/v2\/media?parent=3938"}],"wp:term":[{"taxonomy":"product_brand","embeddable":true,"href":"https:\/\/zbranebudai.sk\/hu\/wp-json\/wp\/v2\/product_brand?post=3938"},{"taxonomy":"product_cat","embeddable":true,"href":"https:\/\/zbranebudai.sk\/hu\/wp-json\/wp\/v2\/product_cat?post=3938"},{"taxonomy":"product_tag","embeddable":true,"href":"https:\/\/zbranebudai.sk\/hu\/wp-json\/wp\/v2\/product_tag?post=3938"}],"curies":[{"name":"wp","href":"https:\/\/api.w.org\/{rel}","templated":true}]}}