{"id":3934,"date":"2025-02-01T21:11:02","date_gmt":"2025-02-01T19:11:02","guid":{"rendered":"https:\/\/zbranebudai.sk\/?post_type=product&#038;p=3934"},"modified":"2025-08-31T03:52:32","modified_gmt":"2025-08-31T01:52:32","slug":"infiray-rico-rl42-lrf-hokamera-celtavcso","status":"publish","type":"product","link":"https:\/\/zbranebudai.sk\/hu\/product\/infiray-rico-rl42-lrf-hokamera-celtavcso\/","title":{"rendered":"InfiRay RICO RL42 LRF h\u0151kamer\u00e1s l\u00e1tcs\u0151"},"content":{"rendered":"<p><strong>InfiRay RICO RL42 LRF h\u0151kamer\u00e1s l\u00e1tcs\u0151<\/strong><\/p>\n<p>A RICO RL42 LRF megtal\u00e1lta az utat az ig\u00e9nyes vad\u00e1szokhoz, akik maxim\u00e1lis k\u00e9pmin\u0151s\u00e9get \u00e9s nagy tart\u00f3ss\u00e1got ig\u00e9nyelnek. Az InfiRay meghallgatta a vad\u00e1szok ig\u00e9nyeit, \u00e9s olyan term\u00e9ket hozott l\u00e9tre, amely t\u00f6k\u00e9letesen megfelel az elv\u00e1r\u00e1saiknak.<\/p>\n<p>A RICO RL42 LRF kiv\u00e9telesen \u00e9les, r\u00e9szletgazdag k\u00e9peket ny\u00fajt az \u00faj 384\u00d7288 px, 12 \u00b5m VOx szenzornak, az 1024\u00d7768 px OLED kijelz\u0151nek \u00e9s a 42 mm-es objekt\u00edvnek k\u00f6sz\u00f6nhet\u0151en. Nagyon intuit\u00edv kezel\u0151szervek, k\u00e9t akkumul\u00e1tordokkol\u00f3 a csomagban, k\u00fcls\u0151 t\u00e1vols\u00e1gm\u00e9r\u0151, videofelv\u00e9tel, mobiltelefonhoz val\u00f3 kapcsol\u00f3d\u00e1s Wi-Fi-n kereszt\u00fcl, UltraClear \u00fczemm\u00f3d \u00e9s egy \u00faj, szakemberek \u00e1ltal tervezett \u00e9rz\u00e9kel\u0151 algoritmus - mindez a RICO RL42 LRF-et rendk\u00edv\u00fcl hasznos \u00e9s praktikus seg\u00edt\u0151j\u00e9v\u00e9 teszi minden vad\u00e1szhelyzetben.<\/p>\n<table border=\"0\" cellspacing=\"0\">\n<colgroup span=\"2\" width=\"85\"><\/colgroup>\n<tbody>\n<tr>\n<td align=\"left\" height=\"32\"><span style=\"font-family: Liberation Serif\">\u00c9rz\u00e9kel\u0151 felbont\u00e1sa<\/span><\/td>\n<td align=\"left\"><span style=\"font-family: Liberation Serif\">384x288px<\/span><\/td>\n<\/tr>\n<tr>\n<td align=\"left\" height=\"32\"><span style=\"font-family: Liberation Serif\">Pixel m\u00e9ret<\/span><\/td>\n<td align=\"left\"><span style=\"font-family: Liberation Serif\">12\u00b5m<\/span><\/td>\n<\/tr>\n<tr>\n<td align=\"left\" height=\"62\"><span style=\"font-family: Liberation Serif\">NETD - A h\u0151m\u00e9rs\u00e9klet-k\u00fcl\u00f6nbs\u00e9gnek megfelel\u0151 zaj (mK)<\/span><\/td>\n<td align=\"left\"><span style=\"font-family: Liberation Serif\">&lt;40mK<\/span><\/td>\n<\/tr>\n<tr>\n<td align=\"left\" height=\"47\"><span style=\"font-family: Liberation Serif\">Friss\u00edt\u00e9si sebess\u00e9g (Hz)<\/span><\/td>\n<td align=\"left\"><span style=\"font-family: Liberation Serif\">50Hz<\/span><\/td>\n<\/tr>\n<tr>\n<td align=\"left\" height=\"32\"><span style=\"font-family: Liberation Serif\">Objekt\u00edv (mm)<\/span><\/td>\n<td align=\"left\"><span style=\"font-family: Liberation Serif\">42mm<\/span><\/td>\n<\/tr>\n<tr>\n<td align=\"left\" height=\"17\"><span style=\"font-family: Liberation Serif\">Nagy\u00edt\u00e1s<\/span><\/td>\n<td align=\"left\"><span style=\"font-family: Liberation Serif\">4-16x<\/span><\/td>\n<\/tr>\n<tr>\n<td align=\"left\" height=\"32\"><span style=\"font-family: Liberation Serif\">L\u00e1t\u00f3mez\u0151<\/span><\/td>\n<td align=\"left\"><span style=\"font-family: Liberation Serif\">6,3\u00b0 x 4,7\u00b0<\/span><\/td>\n<\/tr>\n<tr>\n<td align=\"left\" height=\"17\"><span style=\"font-family: Liberation Serif\">Szemkiemel\u00e9s<\/span><\/td>\n<td align=\"left\"><span style=\"font-family: Liberation Serif\">55mm<\/span><\/td>\n<\/tr>\n<tr>\n<td align=\"left\" height=\"32\"><span style=\"font-family: Liberation Serif\">Szemt\u00e1vols\u00e1g \u00e1tm\u00e9r\u0151je<\/span><\/td>\n<td align=\"left\"><span style=\"font-family: Liberation Serif\">6mm<\/span><\/td>\n<\/tr>\n<tr>\n<td align=\"left\" height=\"32\"><span style=\"font-family: Liberation Serif\">\u00c9rz\u00e9kel\u00e9s\u00a0<\/span><\/td>\n<td align=\"left\"><span style=\"font-family: Liberation Serif\">2200m<\/span><\/td>\n<\/tr>\n<tr>\n<td align=\"left\" height=\"32\"><span style=\"font-family: Liberation Serif\">Megjelen\u00edt\u00e9s t\u00edpusa<\/span><\/td>\n<td align=\"left\"><span style=\"font-family: Liberation Serif\">OLED<\/span><\/td>\n<\/tr>\n<tr>\n<td align=\"left\" height=\"32\"><span style=\"font-family: Liberation Serif\">Kijelz\u0151 felbont\u00e1sa<\/span><\/td>\n<td align=\"left\"><span style=\"font-family: Liberation Serif\">1024x768px<\/span><\/td>\n<\/tr>\n<tr>\n<td align=\"left\" height=\"32\"><span style=\"font-family: Liberation Serif\">Akkumul\u00e1tor t\u00edpusa<\/span><\/td>\n<td align=\"left\"><span style=\"font-family: Liberation Serif\">3.7V 4400mAh<\/span><\/td>\n<\/tr>\n<tr>\n<td align=\"left\" height=\"32\"><span style=\"font-family: Liberation Serif\">Az akkumul\u00e1tor \u00e9lettartama<\/span><\/td>\n<td align=\"left\"><span style=\"font-family: Liberation Serif\">2x6h<\/span><\/td>\n<\/tr>\n<tr>\n<td align=\"left\" height=\"62\"><span style=\"font-family: Liberation Serif\">Wi-Fi<\/span><\/td>\n<td align=\"left\"><span style=\"font-family: Liberation Serif\">Igen<\/span><\/td>\n<\/tr>\n<tr>\n<td align=\"left\" height=\"17\"><span style=\"font-family: Liberation Serif\">Fot\u00f3\/Vide\u00f3<\/span><\/td>\n<td align=\"left\"><span style=\"font-family: Liberation Serif\">Igen<\/span><\/td>\n<\/tr>\n<tr>\n<td align=\"left\" height=\"32\"><span style=\"font-family: Liberation Serif\">Hangfelv\u00e9tel<\/span><\/td>\n<td align=\"left\"><span style=\"font-family: Liberation Serif\">Nem<\/span><\/td>\n<\/tr>\n<tr>\n<td align=\"left\" height=\"32\"><span style=\"font-family: Liberation Serif\">L\u00e9zeres t\u00e1vols\u00e1gm\u00e9r\u0151<\/span><\/td>\n<td align=\"left\"><span style=\"font-family: Liberation Serif\">Igen, 1000 m-ig<\/span><\/td>\n<\/tr>\n<tr>\n<td align=\"left\" height=\"17\"><span style=\"font-family: Liberation Serif\">Csatlakoz\u00e1s t\u00edpusa<\/span><\/td>\n<td align=\"left\"><span style=\"font-family: Liberation Serif\">USB-C<\/span><\/td>\n<\/tr>\n<tr>\n<td align=\"left\" height=\"17\"><span style=\"font-family: Liberation Serif\">V\u00edz\u00e1ll\u00f3<\/span><\/td>\n<td align=\"left\"><span style=\"font-family: Liberation Serif\">IP67<\/span><\/td>\n<\/tr>\n<tr>\n<td align=\"left\" height=\"17\"><span style=\"font-family: Liberation Serif\">S\u00faly<\/span><\/td>\n<td align=\"left\"><span style=\"font-family: Liberation Serif\">830g<\/span><\/td>\n<\/tr>\n<tr>\n<td align=\"left\" height=\"32\"><span style=\"font-family: Liberation Serif\">M\u00e9retek<\/span><\/td>\n<td align=\"left\"><span style=\"font-family: Liberation Serif\">251x65x58mm<\/span><\/td>\n<\/tr>\n<\/tbody>\n<\/table>\n<p>Hivatalos m\u00e1rkaoldal: <a href=\"https:\/\/www.infirayoutdoor.com\/thermal-imaging-riflescope-rico-series\">https:\/\/www.infirayoutdoor.com\/thermal-imaging-riflescope-rico-series<\/a><\/p>","protected":false},"excerpt":{"rendered":"<p>A RICO RL42 LRF nagyon \u00e9les, r\u00e9szletgazdag k\u00e9pet biztos\u00edt a 384\u00d7288 px m\u00e9ret\u0171, 12 \u00b5m felbont\u00e1s\u00fa \u00faj VOx \u00e9rz\u00e9kel\u0151nek, az 1024\u00d7768 px OLED kijelz\u0151nek \u00e9s a 42 mm-es objekt\u00edvnek k\u00f6sz\u00f6nhet\u0151en.<\/p>","protected":false},"featured_media":4059,"template":"","meta":{"_gspb_post_css":""},"product_brand":[314],"product_cat":[21,144,326],"product_tag":[170,211,311,345],"class_list":{"0":"post-3934","1":"product","2":"type-product","3":"status-publish","4":"has-post-thumbnail","6":"product_brand-infiray","7":"product_cat-optika","8":"product_cat-termovizie","9":"product_cat-termovizne-zameriavace","10":"product_tag-infiray","11":"product_tag-rico","12":"product_tag-termovizia","13":"product_tag-termovizny-zameriavac","15":"first","16":"instock","17":"taxable","18":"shipping-taxable","19":"purchasable","20":"product-type-simple"},"ct_brands":[{"id":314,"name":"Infiray","slug":"infiray"}],"_links":{"self":[{"href":"https:\/\/zbranebudai.sk\/hu\/wp-json\/wp\/v2\/product\/3934","targetHints":{"allow":["GET"]}}],"collection":[{"href":"https:\/\/zbranebudai.sk\/hu\/wp-json\/wp\/v2\/product"}],"about":[{"href":"https:\/\/zbranebudai.sk\/hu\/wp-json\/wp\/v2\/types\/product"}],"wp:featuredmedia":[{"embeddable":true,"href":"https:\/\/zbranebudai.sk\/hu\/wp-json\/wp\/v2\/media\/4059"}],"wp:attachment":[{"href":"https:\/\/zbranebudai.sk\/hu\/wp-json\/wp\/v2\/media?parent=3934"}],"wp:term":[{"taxonomy":"product_brand","embeddable":true,"href":"https:\/\/zbranebudai.sk\/hu\/wp-json\/wp\/v2\/product_brand?post=3934"},{"taxonomy":"product_cat","embeddable":true,"href":"https:\/\/zbranebudai.sk\/hu\/wp-json\/wp\/v2\/product_cat?post=3934"},{"taxonomy":"product_tag","embeddable":true,"href":"https:\/\/zbranebudai.sk\/hu\/wp-json\/wp\/v2\/product_tag?post=3934"}],"curies":[{"name":"wp","href":"https:\/\/api.w.org\/{rel}","templated":true}]}}