{"id":3933,"date":"2025-02-01T21:11:02","date_gmt":"2025-02-01T19:11:02","guid":{"rendered":"https:\/\/zbranebudai.sk\/?post_type=product&#038;p=3933"},"modified":"2025-02-08T16:36:46","modified_gmt":"2025-02-08T14:36:46","slug":"infiray-finder-fl35-lrf-hokamera-tavolsagmerovel","status":"publish","type":"product","link":"https:\/\/zbranebudai.sk\/hu\/product\/infiray-finder-fl35-lrf-hokamera-tavolsagmerovel\/","title":{"rendered":"InfiRay FINDER FL35 LRF h\u0151kamer\u00e1s monokul\u00e1r t\u00e1vols\u00e1gm\u00e9r\u0151vel"},"content":{"rendered":"<p><strong>InfiRay FINDER FL35 LRF h\u0151kamer\u00e1s monokul\u00e1r t\u00e1vols\u00e1gm\u00e9r\u0151vel<\/strong><\/p>\n<p>A Finder FL 35 be\u00e9p\u00edtett l\u00e9zeres c\u00e9lz\u00e1si modullal rendelkezik, amely seg\u00edt gyorsan \u00e9s pontosan m\u00e9rni \u00e9s megjelen\u00edteni a c\u00e9lt\u00f3l val\u00f3 t\u00e1vols\u00e1got. A \u00b1 1 m-es m\u00e9r\u00e9si pontoss\u00e1g a 800 m-es maxim\u00e1lis hat\u00f3t\u00e1vols\u00e1ggal a legt\u00f6bb vad\u00e1szhelyzetben teljesen elegend\u0151. A prec\u00edzi\u00f3s l\u00e9zeres t\u00e1vols\u00e1gm\u00e9r\u0151 egyszeri m\u00e9r\u00e9si m\u00f3dban vagy c\u00e9lt\u00e1vm\u00e9r\u00e9si m\u00f3dban biztos\u00edt m\u00e9r\u00e9st.<\/p>\n<p>A 384\u00d7288-as felbont\u00e1s 12 \u00b5m-es pixeloszt\u00e1ssal \u00e9s 3,4x-es alapnagy\u00edt\u00e1ssal nagyon kellemes k\u00e9pet ny\u00fajt a felhaszn\u00e1l\u00f3nak, kiv\u00e1l\u00f3 jelenettorz\u00edt\u00e1ssal \u00e9s kiv\u00e1l\u00f3 min\u0151s\u00e9g\u0171 r\u00e9szletekkel. A Finder FL 35 azonban t\u00f6bb \u00faj\u00edt\u00e1son is \u00e1tesett az el\u0151z\u0151 sorozathoz k\u00e9pest, \u00edgy a felhaszn\u00e1l\u00f3 p\u00e9ld\u00e1ul cser\u00e9lhet\u0151 akkumul\u00e1tortart\u00e1lyokat vagy olyan kapcsol\u00f3\u00e9rz\u00e9kel\u0151t \u00e9lvezhet, amely a k\u00e9sz\u00fcl\u00e9ket k\u00e9szenl\u00e9ti \u00fczemm\u00f3db\u00f3l \u00e9breszti fel, amint a keres\u0151t a vad\u00e1sz szem\u00e9be helyezi.<\/p>\n<table border=\"0\" cellspacing=\"0\">\n<colgroup span=\"2\" width=\"85\"><\/colgroup>\n<tbody>\n<tr>\n<td align=\"left\" height=\"32\"><span style=\"font-family: Liberation Serif\">\u00c9rz\u00e9kel\u0151 felbont\u00e1sa<\/span><\/td>\n<td align=\"left\"><span style=\"font-family: Liberation Serif\">384x288px<\/span><\/td>\n<\/tr>\n<tr>\n<td align=\"left\" height=\"32\"><span style=\"font-family: Liberation Serif\">Pixel m\u00e9ret<\/span><\/td>\n<td align=\"left\"><span style=\"font-family: Liberation Serif\">12\u00b5m<\/span><\/td>\n<\/tr>\n<tr>\n<td align=\"left\" height=\"62\"><span style=\"font-family: Liberation Serif\">NETD - A h\u0151m\u00e9rs\u00e9klet-k\u00fcl\u00f6nbs\u00e9gnek megfelel\u0151 zaj (mK)<\/span><\/td>\n<td align=\"left\"><span style=\"font-family: Liberation Serif\">&lt;40mK<\/span><\/td>\n<\/tr>\n<tr>\n<td align=\"left\" height=\"62\"><span style=\"font-family: Liberation Serif\">Friss\u00edt\u00e9si sebess\u00e9g (Hz)<\/span><\/td>\n<td align=\"left\"><span style=\"font-family: Liberation Serif\">50Hz<\/span><\/td>\n<\/tr>\n<tr>\n<td align=\"left\" height=\"47\"><span style=\"font-family: Liberation Serif\">Objekt\u00edv lencse (mm)<\/span><\/td>\n<td align=\"left\"><span style=\"font-family: Liberation Serif\">35mm<\/span><\/td>\n<\/tr>\n<tr>\n<td align=\"left\" height=\"17\"><span style=\"font-family: Liberation Serif\">L\u00e1t\u00f3mez\u0151<\/span><\/td>\n<td align=\"left\"><span style=\"font-family: Liberation Serif\">7,5\u00b0 x 5,7\u00b0<\/span><\/td>\n<\/tr>\n<tr>\n<td align=\"left\" height=\"32\"><span style=\"font-family: Liberation Serif\">Alapvet\u0151 el\u00e1gaz\u00e1s<\/span><\/td>\n<td align=\"left\"><span style=\"font-family: Liberation Serif\">3,4x<\/span><\/td>\n<\/tr>\n<tr>\n<td align=\"left\" height=\"17\"><span style=\"font-family: Liberation Serif\">Szemkiemel\u00e9s<\/span><\/td>\n<td align=\"left\"><span style=\"font-family: Liberation Serif\">20mm<\/span><\/td>\n<\/tr>\n<tr>\n<td align=\"left\" height=\"32\"><span style=\"font-family: Liberation Serif\">Szemt\u00e1vols\u00e1g \u00e1tm\u00e9r\u0151je<\/span><\/td>\n<td align=\"left\"><span style=\"font-family: Liberation Serif\">5.5mm<\/span><\/td>\n<\/tr>\n<tr>\n<td align=\"left\" height=\"32\"><span style=\"font-family: Liberation Serif\">Dioptri\u00e1s korrekci\u00f3<\/span><\/td>\n<td align=\"left\"><span style=\"font-family: Liberation Serif\">5D<\/span><\/td>\n<\/tr>\n<tr>\n<td align=\"left\" height=\"17\"><span style=\"font-family: Liberation Serif\">\u00c9rz\u00e9kel\u00e9s\u00a0<\/span><\/td>\n<td align=\"left\"><span style=\"font-family: Liberation Serif\">1800m<\/span><\/td>\n<\/tr>\n<tr>\n<td align=\"left\" height=\"17\"><span style=\"font-family: Liberation Serif\">Megjelen\u00edt\u00e9s t\u00edpusa<\/span><\/td>\n<td align=\"left\"><span style=\"font-family: Liberation Serif\">OLED<\/span><\/td>\n<\/tr>\n<tr>\n<td align=\"left\" height=\"17\"><span style=\"font-family: Liberation Serif\">Az akkumul\u00e1tor \u00e9lettartama<\/span><\/td>\n<td align=\"left\"><span style=\"font-family: Liberation Serif\">6h<\/span><\/td>\n<\/tr>\n<tr>\n<td align=\"left\" height=\"32\"><span style=\"font-family: Liberation Serif\">L\u00e9zeres t\u00e1vols\u00e1gm\u00e9r\u0151<\/span><\/td>\n<td align=\"left\"><span style=\"font-family: Liberation Serif\">Igen, 800 m\u00e9teren bel\u00fcl.<\/span><\/td>\n<\/tr>\n<tr>\n<td align=\"left\" height=\"32\"><span style=\"font-family: Liberation Serif\">Digit\u00e1lis ir\u00e1nyt\u0171<\/span><\/td>\n<td align=\"left\"><span style=\"font-family: Liberation Serif\">Igen<\/span><\/td>\n<\/tr>\n<tr>\n<td align=\"left\" height=\"17\"><span style=\"font-family: Liberation Serif\">Wi-Fi<\/span><\/td>\n<td align=\"left\"><span style=\"font-family: Liberation Serif\">Igen<\/span><\/td>\n<\/tr>\n<tr>\n<td align=\"left\" height=\"32\"><span style=\"font-family: Liberation Serif\">Hangfelv\u00e9tel<\/span><\/td>\n<td align=\"left\"><span style=\"font-family: Liberation Serif\">Nem<\/span><\/td>\n<\/tr>\n<tr>\n<td align=\"left\" height=\"17\"><span style=\"font-family: Liberation Serif\">Csatlakoz\u00e1s t\u00edpusa<\/span><\/td>\n<td align=\"left\"><span style=\"font-family: Liberation Serif\">USB-C<\/span><\/td>\n<\/tr>\n<tr>\n<td align=\"left\" height=\"17\"><span style=\"font-family: Liberation Serif\">T\u00e1rhely\u00a0<\/span><\/td>\n<td align=\"left\"><span style=\"font-family: Liberation Serif\">32GB<\/span><\/td>\n<\/tr>\n<tr>\n<td align=\"left\" height=\"17\"><span style=\"font-family: Liberation Serif\">V\u00edz\u00e1ll\u00f3<\/span><\/td>\n<td align=\"left\"><span style=\"font-family: Liberation Serif\">IP67<\/span><\/td>\n<\/tr>\n<tr>\n<td align=\"left\" height=\"17\"><span style=\"font-family: Liberation Serif\">S\u00faly<\/span><\/td>\n<td align=\"left\"><span style=\"font-family: Liberation Serif\">400g<\/span><\/td>\n<\/tr>\n<tr>\n<td align=\"left\" height=\"32\"><span style=\"font-family: Liberation Serif\">M\u00e9retek<\/span><\/td>\n<td align=\"left\"><span style=\"font-family: Liberation Serif\">160x90x50mm<\/span><\/td>\n<\/tr>\n<\/tbody>\n<\/table>\n<p>Hivatalos m\u00e1rkaoldal: <a href=\"https:\/\/www.infirayoutdoor.com\/thermal-imaging-scope-finder-fh35rfl35rseries\">https:\/\/www.infirayoutdoor.com\/thermal-imaging-scope-finder-fh35rfl35rseries\u00a0<\/a><\/p>","protected":false},"excerpt":{"rendered":"<p>A Finder term\u00e9kek kompaktak \u00e9s k\u00f6nnyen kezelhet\u0151k. \u00dagy tervezt\u00e9k \u0151ket, hogy egy k\u00e9zzel lehessen \u0151ket m\u0171k\u00f6dtetni, ami nagyon felhaszn\u00e1l\u00f3bar\u00e1t eszk\u00f6zz\u00e9 teszi \u0151ket. A be\u00e9p\u00edtett l\u00e9zeres t\u00e1vols\u00e1gm\u00e9r\u0151vel kombin\u00e1lva a Finder term\u00e9kcsal\u00e1d az egyik legkeresettebb.<\/p>","protected":false},"featured_media":4053,"template":"","meta":{"_gspb_post_css":""},"product_brand":[314],"product_cat":[21,144,327],"product_tag":[313,191,170,311,337],"class_list":{"0":"post-3933","1":"product","2":"type-product","3":"status-publish","4":"has-post-thumbnail","6":"product_brand-infiray","7":"product_cat-optika","8":"product_cat-termovizie","9":"product_cat-termovizne-monokulary","10":"product_tag-dialkomer","11":"product_tag-finder","12":"product_tag-infiray","13":"product_tag-termovizia","14":"product_tag-termovizny-monokular","16":"first","17":"instock","18":"taxable","19":"shipping-taxable","20":"purchasable","21":"product-type-simple"},"ct_brands":[{"id":314,"name":"Infiray","slug":"infiray"}],"_links":{"self":[{"href":"https:\/\/zbranebudai.sk\/hu\/wp-json\/wp\/v2\/product\/3933","targetHints":{"allow":["GET"]}}],"collection":[{"href":"https:\/\/zbranebudai.sk\/hu\/wp-json\/wp\/v2\/product"}],"about":[{"href":"https:\/\/zbranebudai.sk\/hu\/wp-json\/wp\/v2\/types\/product"}],"wp:featuredmedia":[{"embeddable":true,"href":"https:\/\/zbranebudai.sk\/hu\/wp-json\/wp\/v2\/media\/4053"}],"wp:attachment":[{"href":"https:\/\/zbranebudai.sk\/hu\/wp-json\/wp\/v2\/media?parent=3933"}],"wp:term":[{"taxonomy":"product_brand","embeddable":true,"href":"https:\/\/zbranebudai.sk\/hu\/wp-json\/wp\/v2\/product_brand?post=3933"},{"taxonomy":"product_cat","embeddable":true,"href":"https:\/\/zbranebudai.sk\/hu\/wp-json\/wp\/v2\/product_cat?post=3933"},{"taxonomy":"product_tag","embeddable":true,"href":"https:\/\/zbranebudai.sk\/hu\/wp-json\/wp\/v2\/product_tag?post=3933"}],"curies":[{"name":"wp","href":"https:\/\/api.w.org\/{rel}","templated":true}]}}