{"id":3924,"date":"2025-02-01T21:11:01","date_gmt":"2025-02-01T19:11:01","guid":{"rendered":"https:\/\/zbranebudai.sk\/?post_type=product&#038;p=3924"},"modified":"2026-04-29T20:15:40","modified_gmt":"2026-04-29T18:15:40","slug":"hikmicro-habrok-a-hx60l-hez","status":"publish","type":"product","link":"https:\/\/zbranebudai.sk\/hu\/product\/hikmicro-habrok-pro-hx60l\/","title":{"rendered":"HIKMICRO HABROK PRO HX60L k\u00e9tszemes betekint\u00e9s\u0171 h\u0151kamera keres\u0151 l\u00e9zeres t\u00e1vols\u00e1gm\u00e9r\u0151vel"},"content":{"rendered":"<section id=\"artdet__long-description\" class=\"long-description main-block\">\n<div class=\"container container-max-xl\">\n<div class=\"long-description__content text-justify\">\n<section id=\"artdet__long-description\" class=\"long-description main-block\">\n<div class=\"container container-max-xl\">\n<div class=\"long-description__content text-justify\">\n<p><strong>HIKMICRO HABROK PRO HX60L k\u00e9tszemes betekint\u00e9s\u0171 h\u0151kamera keres\u0151 l\u00e9zeres t\u00e1vols\u00e1gm\u00e9r\u0151vel<\/strong><\/p>\n<p>Mer\u00fclj\u00f6n el a r\u00e9szletek vil\u00e1g\u00e1ban a Habrok Pro multispektr\u00e1lis t\u00e1vcs\u0151vel, amely nappal \u00e9s \u00e9jszaka egyar\u00e1nt kiv\u00e1l\u00f3 k\u00e9pet ny\u00fajt. A Habrok Pro k\u00e9nyelmes haszn\u00e1lat\u00e1nak \u00e9s nagy teljes\u00edtm\u00e9ny\u00e9nek k\u00f6sz\u00f6nhet\u0151en k\u00f6nnyed\u00e9n elfelejtheti a klasszikus nappali t\u00e1vcs\u00f6veket.<\/p>\n<ul>\n<li>H\u0151kamer\u00e1s \u00e9rz\u00e9kel\u0151 1280 \u00d7 1024 px<\/li>\n<li>H\u0151m\u00e9rs\u00e9kleti \u00e9rz\u00e9kenys\u00e9g 18 mK<\/li>\n<li>Gyors v\u00e1lt\u00e1s a h\u0151- \u00e9s az \u00e9jszakai l\u00e1t\u00e1s k\u00f6z\u00f6tt<\/li>\n<li>850 nm-es \u00e9jjell\u00e1t\u00f3 megvil\u00e1g\u00edt\u00e1s<\/li>\n<li>\u00c9rz\u00e9kel\u00e9s 3100 m\u00e9terig<\/li>\n<li>L\u00e9zeres t\u00e1vols\u00e1gm\u00e9r\u0151<\/li>\n<\/ul>\n<p class=\"translation-block\">A HX60L modell egyes\u00edti az optikai modult maggal kiv\u00e1l\u00f3 4K UHD felbont\u00e1ssal, valamint egy termov\u00edzi\u00f3s modult, amely leny\u0171g\u00f6z\u0151, 1280 \u00d7 1024 pixeles felbont\u00e1s\u00fa szenzorral \u00e9s 18 mK h\u0151\u00e9rz\u00e9kenys\u00e9ggel rendelkezik. A teljes k\u00e9pet egy 1920 \u00d7 1080 pixeles felbont\u00e1s\u00fa OLED kijelz\u0151 jelen\u00edti meg.<\/p>\n<p class=\"translation-block\">A 60 mm f\u00f3kuszt\u00e1vols\u00e1g\u00fa termov\u00edzi\u00f3s objekt\u00edvnek k\u00f6sz\u00f6nhet\u0151en a termov\u00edzi\u00f3s modul ak\u00e1r 3100 m\u00e9teres \u00e9szlel\u00e9si t\u00e1vols\u00e1got \u00e9r el. Az optikai modul 850 nm hull\u00e1mhossz\u00fa megvil\u00e1g\u00edt\u00e1st haszn\u00e1l, \u00e9s ak\u00e1r 300 m\u00e9teres \u00e9szlel\u00e9st biztos\u00edt. Emellett rendelkezik egy l\u00e9zeres t\u00e1vols\u00e1gm\u00e9r\u0151vel is, amelynek hat\u00f3t\u00e1vols\u00e1ga ak\u00e1r 1000 m\u00e9ter.<\/p>\n<p class=\"translation-block\">A multispektr\u00e1lis a termov\u00edzi\u00f3s \u00e9s az optikai modul kombin\u00e1ci\u00f3j\u00e1t jelenti, amely lehet\u0151v\u00e9 teszi a megb\u00edzhat\u00f3 megfigyel\u00e9st a nap 24 \u00f3r\u00e1j\u00e1ban, minden id\u0151j\u00e1r\u00e1si k\u00f6r\u00fclm\u00e9ny k\u00f6z\u00f6tt. A k\u00e9nyelmes megfigyel\u00e9sr\u0151l az Image Pro 2.0 funkci\u00f3 gondoskodik, amely jelent\u0151sen jav\u00edtja a k\u00e9pfeldolgoz\u00e1st, valamint az automatikus stabiliz\u00e1l\u00e1s, amely optikai m\u00f3dban 4\u00d7 feletti digit\u00e1lis nagy\u00edt\u00e1sn\u00e1l is \u00e9les \u00e9s stabil k\u00e9pet biztos\u00edt.<\/p>\n<p class=\"translation-block\">A Habrok Pro sz\u00e1mos kiv\u00e1l\u00f3 funkci\u00f3val van felszerelve \u2013 a fot\u00f3z\u00e1st\u00f3l \u00e9s hanggal t\u00f6rt\u00e9n\u0151 vide\u00f3felv\u00e9telt\u0151l, a r\u00f6gz\u00edtett felv\u00e9telek azonnali megtekint\u00e9s\u00e9nek vagy t\u00f6rl\u00e9s\u00e9nek lehet\u0151s\u00e9g\u00e9ig, eg\u00e9szen a legmelegebb pont k\u00f6vet\u00e9s\u00e9ig. Nem hi\u00e1nyzik az automatikus alv\u00f3 m\u00f3d sem, amelyn\u00e9l a binokul\u00e1r \u00f6n\u00e1ll\u00f3an \u00e9rz\u00e9keli a helyzetv\u00e1ltoz\u00e1st, \u00e9s ennek alapj\u00e1n meg\u00e1llap\u00edtja, hogy az eszk\u00f6zt nem haszn\u00e1lj\u00e1k, \u00edgy energi\u00e1t takar\u00edt meg. Emellett lehet\u0151s\u00e9get k\u00edn\u00e1l csatlakoz\u00e1sra \u00f6sszek\u00f6t\u0151 k\u00e1belen kereszt\u00fcl vagy a HIKMICRO Sight alkalmaz\u00e1son kereszt\u00fcl.<\/p>\n<p class=\"translation-block\">K\u00e9nyelmet ny\u00fajt a klasszikus nappali t\u00e1vcs\u0151 kialak\u00edt\u00e1s\u00e1val, ergonomikus form\u00e1j\u00e1val, valamint a nyakba akaszt\u00e1s lehet\u0151s\u00e9g\u00e9vel. Term\u00e9szetesen \u00e1llv\u00e1nyra is r\u00f6gz\u00edthet\u0151, ebben az esetben a mell\u00e9kelt adapter seg\u00edts\u00e9g\u00e9vel. A k\u00e9sz\u00fcl\u00e9ket cser\u00e9lhet\u0151, \u00fajrat\u00f6lthet\u0151 akkumul\u00e1tor t\u00e1pl\u00e1lja, amely ak\u00e1r 9 \u00f3r\u00e1s folyamatos megfigyel\u00e9st biztos\u00edt.<\/p>\n<table border=\"0\" cellspacing=\"0\">\n<colgroup span=\"3\" width=\"85\"><\/colgroup>\n<tbody>\n<tr>\n<td align=\"left\" height=\"32\"><span style=\"font-family: Liberation Serif\">\u00c9rz\u00e9kel\u0151<\/span><\/td>\n<td align=\"left\"><span style=\"font-family: Liberation Serif\">H\u0151kamera modul<\/span><\/td>\n<td align=\"left\"><span style=\"font-family: Liberation Serif\">Digit\u00e1lis modul<\/span><\/td>\n<\/tr>\n<tr>\n<td align=\"left\" height=\"32\"><span style=\"font-family: Liberation Serif\">Felbont\u00e1s<\/span><\/td>\n<td align=\"left\"><span style=\"font-family: Liberation Serif\">1280 \u00d7 1024 px<\/span><\/td>\n<td align=\"left\"><span style=\"font-family: Liberation Serif\">3840 \u00d7 2160 px<\/span><\/td>\n<\/tr>\n<tr>\n<td align=\"left\" height=\"32\"><span style=\"font-family: Liberation Serif\">H\u0151\u00e9rz\u00e9kenys\u00e9g<\/span><\/td>\n<td align=\"left\"><span style=\"font-family: Liberation Serif\">&lt; 18 mK<\/span><\/td>\n<td align=\"left\"><span style=\"font-family: Liberation Serif\">-<\/span><\/td>\n<\/tr>\n<tr>\n<td align=\"left\" height=\"17\"><span style=\"font-family: Liberation Serif\">Infravet\u0151<\/span><\/td>\n<td align=\"left\"><span style=\"font-family: Liberation Serif\">-<\/span><\/td>\n<td align=\"left\"><span style=\"font-family: Liberation Serif\">850 nm<\/span><\/td>\n<\/tr>\n<tr>\n<td align=\"left\" height=\"32\"><span style=\"font-family: Liberation Serif\">Objekt\u00edv<\/span><\/td>\n<td align=\"left\"><span style=\"font-family: Liberation Serif\">60 mm<\/span><\/td>\n<td align=\"left\"><span style=\"font-family: Liberation Serif\">60 mm<\/span><\/td>\n<\/tr>\n<tr>\n<td align=\"left\" height=\"32\"><span style=\"font-family: Liberation Serif\">\u00c9rz\u00e9kel\u00e9s<\/span><\/td>\n<td align=\"left\"><span style=\"font-family: Liberation Serif\">3100 m<\/span><\/td>\n<td align=\"left\"><span style=\"font-family: Liberation Serif\">400 m<\/span><\/td>\n<\/tr>\n<tr>\n<td align=\"left\" height=\"32\"><span style=\"font-family: Liberation Serif\">Optikai nagy\u00edt\u00e1s<\/span><\/td>\n<td align=\"left\"><span style=\"font-family: Liberation Serif\">2,6x<\/span><\/td>\n<td align=\"left\"><span style=\"font-family: Liberation Serif\">5,5x<\/span><\/td>\n<\/tr>\n<tr>\n<td align=\"left\" height=\"32\"><span style=\"font-family: Liberation Serif\">L\u00e1t\u00f3mez\u0151<\/span><\/td>\n<td align=\"left\"><span style=\"font-family: Liberation Serif\">14,6\u00b0 \u00d7 8,8\u00b0<\/span><\/td>\n<td align=\"left\"><span style=\"font-family: Liberation Serif\">7,3\u00b0 \u00d7 4,1\u00b0<\/span><\/td>\n<\/tr>\n<tr>\n<td align=\"left\" height=\"32\"><span style=\"font-family: Liberation Serif\">Digit\u00e1lis zoom<\/span><\/td>\n<td align=\"left\"><span style=\"font-family: Liberation Serif\">7,7x<\/span><\/td>\n<td align=\"left\"><span style=\"font-family: Liberation Serif\">4x<\/span><\/td>\n<\/tr>\n<tr>\n<td align=\"left\" height=\"32\"><span style=\"font-family: Liberation Serif\">Kijelz\u0151 felbont\u00e1sa<\/span><\/td>\n<td colspan=\"2\" align=\"left\"><span style=\"font-family: Liberation Serif\">1920 \u00d7 1080 px<\/span><\/td>\n<\/tr>\n<tr>\n<td align=\"left\" height=\"32\"><span style=\"font-family: Liberation Serif\">Wi-Fi<\/span><\/td>\n<td colspan=\"2\" align=\"left\"><span style=\"font-family: Liberation Serif\">Igen<\/span><\/td>\n<\/tr>\n<tr>\n<td align=\"left\" height=\"47\"><span style=\"font-family: Liberation Serif\">L\u00e9zeres t\u00e1vols\u00e1gm\u00e9r\u0151<\/span><\/td>\n<td colspan=\"2\" align=\"left\"><span style=\"font-family: Liberation Serif\">Igen, hat\u00f3t\u00e1vols\u00e1g 1000 m<\/span><\/td>\n<\/tr>\n<tr>\n<td align=\"left\" height=\"32\"><span style=\"font-family: Liberation Serif\">Dioptri\u00e1s korrekci\u00f3<\/span><\/td>\n<td colspan=\"2\" align=\"left\"><span style=\"font-family: Liberation Serif\">-5D~+3D<\/span><\/td>\n<\/tr>\n<tr>\n<td align=\"left\" height=\"32\"><span style=\"font-family: Liberation Serif\">F\u00e9nyk\u00e9pez\u00e9si lehet\u0151s\u00e9g<\/span><\/td>\n<td colspan=\"2\" align=\"left\"><span style=\"font-family: Liberation Serif\">Igen<\/span><\/td>\n<\/tr>\n<tr>\n<td align=\"left\" height=\"32\"><span style=\"font-family: Liberation Serif\">Vide\u00f3 opci\u00f3<\/span><\/td>\n<td colspan=\"2\" align=\"left\"><span style=\"font-family: Liberation Serif\">Igen<\/span><\/td>\n<\/tr>\n<tr>\n<td align=\"left\" height=\"32\"><span style=\"font-family: Liberation Serif\">Hangfelv\u00e9tel<\/span><\/td>\n<td colspan=\"2\" align=\"left\"><span style=\"font-family: Liberation Serif\">Igen<\/span><\/td>\n<\/tr>\n<tr>\n<td align=\"left\" height=\"32\"><span style=\"font-family: Liberation Serif\">V\u00e9delmi fokozat<\/span><\/td>\n<td colspan=\"2\" align=\"left\"><span style=\"font-family: Liberation Serif\">IP67<\/span><\/td>\n<\/tr>\n<tr>\n<td align=\"left\" height=\"17\"><span style=\"font-family: Liberation Serif\">Mem\u00f3ria<\/span><\/td>\n<td colspan=\"2\" align=\"left\"><span style=\"font-family: Liberation Serif\">Be\u00e9p\u00edtett, 64 GB<\/span><\/td>\n<\/tr>\n<tr>\n<td align=\"left\" height=\"32\"><span style=\"font-family: Liberation Serif\">\u00dczemi h\u0151m\u00e9rs\u00e9klet<\/span><\/td>\n<td colspan=\"2\" align=\"left\"><span style=\"font-family: Liberation Serif\">-30\u00b0C \u00e9s 55\u00b0C k\u00f6z\u00f6tt<\/span><\/td>\n<\/tr>\n<tr>\n<td align=\"left\" height=\"47\"><span style=\"font-family: Liberation Serif\">Akkumul\u00e1torok<\/span><\/td>\n<td colspan=\"2\" align=\"left\"><span style=\"font-family: Liberation Serif\">1x cser\u00e9lhet\u0151 \u00fajrat\u00f6lthet\u0151 akkumul\u00e1tor<\/span><\/td>\n<\/tr>\n<tr>\n<td align=\"left\" height=\"17\"><span style=\"font-family: Liberation Serif\">Az akkumul\u00e1tor \u00e9lettartama<\/span><\/td>\n<td colspan=\"2\" align=\"left\"><span style=\"font-family: Liberation Serif\">21:00<\/span><\/td>\n<\/tr>\n<tr>\n<td align=\"left\" height=\"17\"><span style=\"font-family: Liberation Serif\">S\u00faly<\/span><\/td>\n<td colspan=\"2\" align=\"left\"><span style=\"font-family: Liberation Serif\">1050 g<\/span><\/td>\n<\/tr>\n<tr>\n<td align=\"left\" height=\"17\"><span style=\"font-family: Liberation Serif\">M\u00e9retek<\/span><\/td>\n<td colspan=\"2\" align=\"left\"><span style=\"font-family: Liberation Serif\">153 \u00d7 82 \u00d7 232 mm<\/span><\/td>\n<\/tr>\n<\/tbody>\n<\/table>\n<p><strong>A csomag tartalma:<\/strong><\/p>\n<ul>\n<li>Multispektr\u00e1lis binokul\u00e1r HABROK PRO HX60L<\/li>\n<li>2x \u00fajrat\u00f6lthet\u0151 akkumul\u00e1tor<\/li>\n<li>1x akkumul\u00e1tort\u00f6lt\u0151<\/li>\n<li>1x t\u00e1vcs\u0151 tok<\/li>\n<li>1x nyakp\u00e1nt<\/li>\n<li>1x \u00e1llv\u00e1ny adapter<\/li>\n<li>1x USB-C k\u00e1bel<\/li>\n<li>Haszn\u00e1lati \u00fatmutat\u00f3<\/li>\n<\/ul>\n<p><strong>Hivatalos m\u00e1rkaoldal:\u00a0 <a href=\"https:\/\/www.hikmicrotech.com\/sk\/outdoor-products\/habrok-pro-multi-spectrum-binocular\/\">https:\/\/www.hikmicrotech.com\/sk\/outdoor-products\/habrok-pro-multi-spectrum-binocular\/<\/a><\/strong><\/p>\n<\/div>\n<\/div>\n<\/section>\n<\/div>\n<\/div>\n<\/section>","protected":false},"excerpt":{"rendered":"<ul>\n<li>Multispektr\u00e1lis binokul\u00e1r l\u00e9zeres t\u00e1vols\u00e1gm\u00e9r\u0151vel.<\/li>\n<li>H\u0151kamer\u00e1s \u00e9rz\u00e9kel\u0151: 1280 \u00d7 1024 px, 12\u03bcm.<\/li>\n<li>H\u0151kamer\u00e1s \u00e9rz\u00e9kel\u0151 \u00e9rz\u00e9kenys\u00e9ge: \u2264 18 mK.<\/li>\n<li>\u00c9jjell\u00e1t\u00f3 optikai modul: 3840 \u00d7 2160 px<\/li>\n<li>Infravet\u0151: 850 nm<\/li>\n<li>Objekt\u00edv: 60\/60 mm.<\/li>\n<li>\u00c9rz\u00e9kel\u00e9si t\u00e1vols\u00e1g: 3100\/300 m.<\/li>\n<li>Optikai nagy\u00edt\u00e1s: 2,6x\/5,5x.<\/li>\n<li>Digit\u00e1lis zoom: 7,7x\/4x.<\/li>\n<li>Megjelen\u00edt\u00e9s: 1080 px.<\/li>\n<li>Az Image Pro 2.0 jellemz\u0151i.<\/li>\n<li>Automatikus alv\u00f3 \u00fczemm\u00f3d.<\/li>\n<li>Az akkumul\u00e1tor \u00e9lettartama: 9 \u00f3ra.<\/li>\n<li>Energia: 1x cser\u00e9lhet\u0151 \u00fajrat\u00f6lthet\u0151 akkumul\u00e1tor.<\/li>\n<\/ul>","protected":false},"featured_media":3984,"template":"","meta":{"_gspb_post_css":""},"product_brand":[315],"product_cat":[336,145,21,144,330],"product_tag":[339,150,347,365,325,311],"class_list":{"0":"post-3924","1":"product","2":"type-product","3":"status-publish","4":"has-post-thumbnail","6":"product_brand-hikmicro","7":"product_cat-binokulare-s-nocnym-videnim","8":"product_cat-nocne-videnie","9":"product_cat-optika","10":"product_cat-termovizie","11":"product_cat-termovizne-binokulare","12":"product_tag-habrok","13":"product_tag-hikmicro","14":"product_tag-laserovy-dialkomer","15":"product_tag-multispektralny-binokular","16":"product_tag-nocne-videnie","17":"product_tag-termovizia","19":"first","20":"instock","21":"taxable","22":"shipping-taxable","23":"purchasable","24":"product-type-simple"},"ct_brands":[{"id":315,"name":"Hikmicro","slug":"hikmicro"}],"_links":{"self":[{"href":"https:\/\/zbranebudai.sk\/hu\/wp-json\/wp\/v2\/product\/3924","targetHints":{"allow":["GET"]}}],"collection":[{"href":"https:\/\/zbranebudai.sk\/hu\/wp-json\/wp\/v2\/product"}],"about":[{"href":"https:\/\/zbranebudai.sk\/hu\/wp-json\/wp\/v2\/types\/product"}],"wp:featuredmedia":[{"embeddable":true,"href":"https:\/\/zbranebudai.sk\/hu\/wp-json\/wp\/v2\/media\/3984"}],"wp:attachment":[{"href":"https:\/\/zbranebudai.sk\/hu\/wp-json\/wp\/v2\/media?parent=3924"}],"wp:term":[{"taxonomy":"product_brand","embeddable":true,"href":"https:\/\/zbranebudai.sk\/hu\/wp-json\/wp\/v2\/product_brand?post=3924"},{"taxonomy":"product_cat","embeddable":true,"href":"https:\/\/zbranebudai.sk\/hu\/wp-json\/wp\/v2\/product_cat?post=3924"},{"taxonomy":"product_tag","embeddable":true,"href":"https:\/\/zbranebudai.sk\/hu\/wp-json\/wp\/v2\/product_tag?post=3924"}],"curies":[{"name":"wp","href":"https:\/\/api.w.org\/{rel}","templated":true}]}}