{"id":3923,"date":"2025-02-01T21:11:01","date_gmt":"2025-02-01T19:11:01","guid":{"rendered":"https:\/\/zbranebudai.sk\/?post_type=product&#038;p=3923"},"modified":"2026-03-01T10:41:51","modified_gmt":"2026-03-01T08:41:51","slug":"hikmicro-habrok-pro-hq50ln","status":"publish","type":"product","link":"https:\/\/zbranebudai.sk\/hu\/product\/hikmicro-habrok-pro-hq50ln\/","title":{"rendered":"HIKMICRO HABROK PRO HQ50LN k\u00e9tszemes betekint\u00e9s\u0171 h\u0151kamera keres\u0151 l\u00e9zeres t\u00e1vols\u00e1gm\u00e9r\u0151vel"},"content":{"rendered":"<section id=\"artdet__long-description\" class=\"long-description main-block\">\n<div class=\"container container-max-xl\">\n<div class=\"long-description__content text-justify\">\n<p><strong>HIKMICRO HABROK PRO HQ50LN k\u00e9tszemes betekint\u00e9s\u0171 h\u0151kamera keres\u0151 l\u00e9zeres t\u00e1vols\u00e1gm\u00e9r\u0151vel<\/strong><\/p>\n<p>Mer\u00fclj\u00f6n el a r\u00e9szletek vil\u00e1g\u00e1ban a Habrok Pro multispektr\u00e1lis t\u00e1vcs\u0151vel, amely nappal \u00e9s \u00e9jszaka egyar\u00e1nt kiv\u00e1l\u00f3 k\u00e9pet ny\u00fajt. A Habrok Pro k\u00e9nyelmes haszn\u00e1lat\u00e1nak \u00e9s nagy teljes\u00edtm\u00e9ny\u00e9nek k\u00f6sz\u00f6nhet\u0151en k\u00f6nnyed\u00e9n elfelejtheti a klasszikus nappali t\u00e1vcs\u00f6veket.<\/p>\n<ul>\n<li>H\u0151kamera \u00e9rz\u00e9kel\u0151 640 \u00d7 512 px<\/li>\n<li>H\u0151\u00e9rz\u00e9kenys\u00e9g 15 mK<\/li>\n<li>Gyors v\u00e1lt\u00e1s a h\u0151- \u00e9s az \u00e9jszakai l\u00e1t\u00e1s k\u00f6z\u00f6tt<\/li>\n<li>940 nm-es \u00e9jjell\u00e1t\u00f3 megvil\u00e1g\u00edt\u00e1s<\/li>\n<li>\u00c9rz\u00e9kel\u00e9s 2600 m\u00e9terig<\/li>\n<li>L\u00e9zeres t\u00e1vols\u00e1gm\u00e9r\u0151<\/li>\n<\/ul>\n<p class=\"translation-block\">A HQ50LN modell egyes\u00edti az optikai modult maggal kiv\u00e1l\u00f3 4K UHD felbont\u00e1ssal, valamint egy termov\u00edzi\u00f3s modult, amely leny\u0171g\u00f6z\u0151, 640 \u00d7 512 pixeles felbont\u00e1s\u00fa szenzorral \u00e9s 15 mK h\u0151\u00e9rz\u00e9kenys\u00e9ggel rendelkezik. A teljes k\u00e9pet egy 1920 \u00d7 1080 pixeles felbont\u00e1s\u00fa OLED kijelz\u0151 jelen\u00edti meg.<\/p>\n<p class=\"translation-block\">A <strong>50 mm gy\u00fajt\u00f3t\u00e1vols\u00e1g\u00fa h\u0151kamera-objekt\u00edvnek<\/strong> k\u00f6sz\u00f6nhet\u0151en a h\u0151kamera modul <strong>\u00e9szlel\u00e9si t\u00e1vols\u00e1ga ak\u00e1r 2600 m\u00e9ter<\/strong>. Az optikai modul <strong>940 nm hull\u00e1mhossz\u00fa infravet\u0151t<\/strong> haszn\u00e1l, \u00e9s ak\u00e1r <strong>250 m\u00e9teres \u00e9szlel\u00e9si t\u00e1vols\u00e1got<\/strong> biztos\u00edt. Emellett a k\u00e9sz\u00fcl\u00e9k <strong>l\u00e9zeres t\u00e1vols\u00e1gm\u00e9r\u0151vel<\/strong> is rendelkezik, amelynek hat\u00f3t\u00e1vols\u00e1ga ak\u00e1r <strong>1000 m\u00e9ter<\/strong>.<\/p>\n<p class=\"translation-block\">A <strong>multispektr\u00e1lis<\/strong> kialak\u00edt\u00e1s a h\u0151kamera \u00e9s az optikai modul kombin\u00e1ci\u00f3j\u00e1t jelenti, amely <strong>megb\u00edzhat\u00f3 megfigyel\u00e9st tesz lehet\u0151v\u00e9<\/strong> <strong>a nap 24 \u00f3r\u00e1j\u00e1ban, minden id\u0151j\u00e1r\u00e1si k\u00f6r\u00fclm\u00e9ny k\u00f6z\u00f6tt<\/strong>. A k\u00e9nyelmes megfigyel\u00e9sr\u0151l az <strong>Image Pro 2.0<\/strong> funkci\u00f3 gondoskodik, amely jelent\u0151sen jav\u00edtja a k\u00e9pfeldolgoz\u00e1st, valamint az <strong>automatikus stabiliz\u00e1l\u00e1s<\/strong>, amely <strong>optikai m\u00f3dban 4\u00d7 feletti digit\u00e1lis nagy\u00edt\u00e1sn\u00e1l is \u00e9les \u00e9s stabil k\u00e9pet biztos\u00edt<\/strong>.<\/p>\n<p class=\"translation-block\">A Habrok Pro sz\u00e1mos kiv\u00e1l\u00f3 funkci\u00f3val van felszerelve, a <strong>f\u00e9nyk\u00e9pez\u00e9st\u0151l \u00e9s hanggal t\u00f6rt\u00e9n\u0151 vide\u00f3felv\u00e9telt\u0151l<\/strong> kezdve \u2013 a r\u00f6gz\u00edtett felv\u00e9telek azonnali megtekint\u00e9s\u00e9nek vagy t\u00f6rl\u00e9s\u00e9nek lehet\u0151s\u00e9g\u00e9vel \u2013 eg\u00e9szen a legmelegebb pont k\u00f6vet\u00e9s\u00e9ig. Nem hi\u00e1nyzik az <strong>automatikus alv\u00f3 m\u00f3d<\/strong> sem, amelyn\u00e9l a binokul\u00e1r \u00e9rz\u00e9keli a helyzetv\u00e1ltoz\u00e1st, \u00e9s ha meg\u00e1llap\u00edtja, hogy a k\u00e9sz\u00fcl\u00e9ket nem haszn\u00e1lj\u00e1k, energiatakar\u00e9kos m\u00f3dba kapcsol. A k\u00e9sz\u00fcl\u00e9k k\u00e1beles csatlakoz\u00e1st, valamint a HIKMICRO Sight alkalmaz\u00e1shoz val\u00f3 kapcsol\u00f3d\u00e1st is k\u00edn\u00e1l.<\/p>\n<p class=\"translation-block\">A k\u00e9sz\u00fcl\u00e9k a <strong>klasszikus nappali binokul\u00e1rok kialak\u00edt\u00e1s\u00e1val<\/strong>, <strong>ergonomikus form\u00e1j\u00e1val<\/strong> \u00e9s a nyakba akaszt\u00e1s lehet\u0151s\u00e9g\u00e9vel k\u00e9nyelmes haszn\u00e1latot biztos\u00edt. Term\u00e9szetesen \u00e1llv\u00e1nyra is r\u00f6gz\u00edthet\u0151, ebben az esetben a mell\u00e9kelt adapter seg\u00edts\u00e9g\u00e9vel. A k\u00e9sz\u00fcl\u00e9ket cser\u00e9lhet\u0151, \u00fajrat\u00f6lthet\u0151 akkumul\u00e1tor m\u0171k\u00f6dteti, amely <strong>ak\u00e1r 10 \u00f3r\u00e1s folyamatos megfigyel\u00e9st<\/strong> tesz lehet\u0151v\u00e9.<\/p>\n<\/div>\n<\/div>\n<\/section>\n<div id=\"artdet__datas\" class=\"data main-block\">\n<div class=\"container container-max-xl\">\n<div class=\"data__title main-title\">\n<table border=\"0\" cellspacing=\"0\">\n<colgroup span=\"3\" width=\"85\"><\/colgroup>\n<tbody>\n<tr>\n<td align=\"left\" height=\"32\"><span style=\"font-family: Liberation Serif\">\u00c9rz\u00e9kel\u0151<\/span><\/td>\n<td align=\"left\"><span style=\"font-family: Liberation Serif\">H\u0151kamera modul<\/span><\/td>\n<td align=\"left\"><span style=\"font-family: Liberation Serif\">Digit\u00e1lis modul<\/span><\/td>\n<\/tr>\n<tr>\n<td align=\"left\" height=\"32\"><span style=\"font-family: Liberation Serif\">Felbont\u00e1s<\/span><\/td>\n<td align=\"left\"><span style=\"font-family: Liberation Serif\">640 \u00d7 512 px<\/span><\/td>\n<td align=\"left\"><span style=\"font-family: Liberation Serif\">3840 \u00d7 2160 px<\/span><\/td>\n<\/tr>\n<tr>\n<td align=\"left\" height=\"32\"><span style=\"font-family: Liberation Serif\">H\u0151\u00e9rz\u00e9kenys\u00e9g<\/span><\/td>\n<td align=\"left\"><span style=\"font-family: Liberation Serif\">&lt; 15 mK<\/span><\/td>\n<td align=\"left\"><span style=\"font-family: Liberation Serif\">-<\/span><\/td>\n<\/tr>\n<tr>\n<td align=\"left\" height=\"32\"><span style=\"font-family: Liberation Serif\">Infravet\u0151<\/span><\/td>\n<td align=\"left\"><span style=\"font-family: Liberation Serif\">-<\/span><\/td>\n<td align=\"left\"><span style=\"font-family: Liberation Serif\">940 nm<\/span><\/td>\n<\/tr>\n<tr>\n<td align=\"left\" height=\"32\"><span style=\"font-family: Liberation Serif\">Objekt\u00edv<\/span><\/td>\n<td align=\"left\"><span style=\"font-family: Liberation Serif\">50 mm<\/span><\/td>\n<td align=\"left\"><span style=\"font-family: Liberation Serif\">60 mm<\/span><\/td>\n<\/tr>\n<tr>\n<td align=\"left\" height=\"17\"><span style=\"font-family: Liberation Serif\">\u00c9rz\u00e9kel\u00e9s<\/span><\/td>\n<td align=\"left\"><span style=\"font-family: Liberation Serif\">2600 m<\/span><\/td>\n<td align=\"left\"><span style=\"font-family: Liberation Serif\">350 m<\/span><\/td>\n<\/tr>\n<tr>\n<td align=\"left\" height=\"32\"><span style=\"font-family: Liberation Serif\">Optikai nagy\u00edt\u00e1s<\/span><\/td>\n<td align=\"left\"><span style=\"font-family: Liberation Serif\">4,3x<\/span><\/td>\n<td align=\"left\"><span style=\"font-family: Liberation Serif\">5,5x<\/span><\/td>\n<\/tr>\n<tr>\n<td align=\"left\" height=\"32\"><span style=\"font-family: Liberation Serif\">L\u00e1t\u00f3mez\u0151<\/span><\/td>\n<td align=\"left\"><span style=\"font-family: Liberation Serif\">8,8\u00b0 \u00d7 5,3\u00b0<\/span><\/td>\n<td align=\"left\"><span style=\"font-family: Liberation Serif\">7,3\u00b0 \u00d7 4,1\u00b0<\/span><\/td>\n<\/tr>\n<tr>\n<td align=\"left\" height=\"32\"><span style=\"font-family: Liberation Serif\">Digit\u00e1lis zoom<\/span><\/td>\n<td align=\"left\"><span style=\"font-family: Liberation Serif\">4,6x<\/span><\/td>\n<td align=\"left\"><span style=\"font-family: Liberation Serif\">4x<\/span><\/td>\n<\/tr>\n<tr>\n<td align=\"left\" height=\"32\"><span style=\"font-family: Liberation Serif\">Kijelz\u0151 felbont\u00e1sa<\/span><\/td>\n<td colspan=\"2\" align=\"left\"><span style=\"font-family: Liberation Serif\">1920 \u00d7 1080 px<\/span><\/td>\n<\/tr>\n<tr>\n<td align=\"left\" height=\"32\"><span style=\"font-family: Liberation Serif\">Wi-Fi<\/span><\/td>\n<td colspan=\"2\" align=\"left\"><span style=\"font-family: Liberation Serif\">Igen<\/span><\/td>\n<\/tr>\n<tr>\n<td align=\"left\" height=\"32\"><span style=\"font-family: Liberation Serif\">L\u00e9zeres t\u00e1vols\u00e1gm\u00e9r\u0151<\/span><\/td>\n<td colspan=\"2\" align=\"left\"><span style=\"font-family: Liberation Serif\">Igen, hat\u00f3t\u00e1vols\u00e1g 1000 m<\/span><\/td>\n<\/tr>\n<tr>\n<td align=\"left\" height=\"32\"><span style=\"font-family: Liberation Serif\">Dioptri\u00e1s korrekci\u00f3<\/span><\/td>\n<td colspan=\"2\" align=\"left\"><span style=\"font-family: Liberation Serif\">-5D~+3D<\/span><\/td>\n<\/tr>\n<tr>\n<td align=\"left\" height=\"47\"><span style=\"font-family: Liberation Serif\">F\u00e9nyk\u00e9pez\u00e9si lehet\u0151s\u00e9g<\/span><\/td>\n<td colspan=\"2\" align=\"left\"><span style=\"font-family: Liberation Serif\">Igen<\/span><\/td>\n<\/tr>\n<tr>\n<td align=\"left\" height=\"32\"><span style=\"font-family: Liberation Serif\">Vide\u00f3 opci\u00f3<\/span><\/td>\n<td colspan=\"2\" align=\"left\"><span style=\"font-family: Liberation Serif\">Igen<\/span><\/td>\n<\/tr>\n<tr>\n<td align=\"left\" height=\"32\"><span style=\"font-family: Liberation Serif\">Hangfelv\u00e9tel<\/span><\/td>\n<td colspan=\"2\" align=\"left\"><span style=\"font-family: Liberation Serif\">Igen<\/span><\/td>\n<\/tr>\n<tr>\n<td align=\"left\" height=\"32\"><span style=\"font-family: Liberation Serif\">V\u00e9delmi fokozat<\/span><\/td>\n<td colspan=\"2\" align=\"left\"><span style=\"font-family: Liberation Serif\">IP67<\/span><\/td>\n<\/tr>\n<tr>\n<td align=\"left\" height=\"17\"><span style=\"font-family: Liberation Serif\">Mem\u00f3ria<\/span><\/td>\n<td colspan=\"2\" align=\"left\"><span style=\"font-family: Liberation Serif\">Be\u00e9p\u00edtett, 64 GB<\/span><\/td>\n<\/tr>\n<tr>\n<td align=\"left\" height=\"32\"><span style=\"font-family: Liberation Serif\">\u00dczemi h\u0151m\u00e9rs\u00e9klet<\/span><\/td>\n<td colspan=\"2\" align=\"left\"><span style=\"font-family: Liberation Serif\">-30\u00b0C \u00e9s 55\u00b0C k\u00f6z\u00f6tt<\/span><\/td>\n<\/tr>\n<tr>\n<td align=\"left\" height=\"47\"><span style=\"font-family: Liberation Serif\">Akkumul\u00e1torok<\/span><\/td>\n<td colspan=\"2\" align=\"left\"><span style=\"font-family: Liberation Serif\">1x cser\u00e9lhet\u0151 \u00fajrat\u00f6lthet\u0151 akkumul\u00e1tor<\/span><\/td>\n<\/tr>\n<tr>\n<td align=\"left\" height=\"17\"><span style=\"font-family: Liberation Serif\">Az akkumul\u00e1tor \u00e9lettartama<\/span><\/td>\n<td colspan=\"2\" align=\"left\"><span style=\"font-family: Liberation Serif\">10 \u00f3ra<\/span><\/td>\n<\/tr>\n<tr>\n<td align=\"left\" height=\"17\"><span style=\"font-family: Liberation Serif\">S\u00faly<\/span><\/td>\n<td colspan=\"2\" align=\"left\"><span style=\"font-family: Liberation Serif\">975 g<\/span><\/td>\n<\/tr>\n<tr>\n<td align=\"left\" height=\"17\"><span style=\"font-family: Liberation Serif\">M\u00e9retek<\/span><\/td>\n<td colspan=\"2\" align=\"left\"><span style=\"font-family: Liberation Serif\">143 \u00d7 80 \u00d7 231 mm<\/span><\/td>\n<\/tr>\n<\/tbody>\n<\/table>\n<p><strong>A csomag tartalma:<\/strong><\/p>\n<ul>\n<li>HABROK PRO HQ50LN<\/li>\n<li>2x \u00fajrat\u00f6lthet\u0151 akkumul\u00e1tor<\/li>\n<li>1x akkumul\u00e1tort\u00f6lt\u0151<\/li>\n<li>1x t\u00e1vcs\u0151 tok<\/li>\n<li>1x nyakp\u00e1nt<\/li>\n<li>1x \u00e1llv\u00e1ny adapter<\/li>\n<li>1x USB-C k\u00e1bel<\/li>\n<li>Haszn\u00e1lati \u00fatmutat\u00f3<\/li>\n<\/ul>\n<p>Hivatalos m\u00e1rkaoldal: <a href=\"https:\/\/www.hikmicrotech.com\/sk\/outdoor-products\/habrok-pro-multi-spectrum-binocular\/\">https:\/\/www.hikmicrotech.com\/sk\/outdoor-products\/habrok-pro-multi-spectrum-binocular\/<\/a><\/p>\n<\/div>\n<\/div>\n<\/div>","protected":false},"excerpt":{"rendered":"<ul>\n<li>H\u0151kamera \u00e9rz\u00e9kel\u0151: 640 \u00d7 512 px, 12\u03bcm.<\/li>\n<li>A h\u0151\u00e9kenys\u00e9g: \u2264 15 mK.<\/li>\n<li>\u00c9jjell\u00e1t\u00f3 optikai modul: 3840 \u00d7 2160 px<\/li>\n<li>Infravet\u0151: 940 nm.<\/li>\n<li>Objekt\u00edv: 50\/60 mm.<\/li>\n<li>\u00c9rz\u00e9kel\u00e9si t\u00e1vols\u00e1g: 2600\/250 m.<\/li>\n<li>Optikai nagy\u00edt\u00e1s: 4,3x\/5,5x.<\/li>\n<li>Digit\u00e1lis zoom: 4,6x\/4x.<\/li>\n<li>Megjelen\u00edt\u00e9s: 1080 px.<\/li>\n<li>Az Image Pro 2.0 jellemz\u0151i.<\/li>\n<li>Automatikus alv\u00f3 \u00fczemm\u00f3d.<\/li>\n<li>Az akkumul\u00e1tor \u00e9lettartama: 10 \u00f3ra.<\/li>\n<li>Energia: 1x cser\u00e9lhet\u0151 \u00fajrat\u00f6lthet\u0151 akkumul\u00e1tor.<\/li>\n<\/ul>","protected":false},"featured_media":3975,"template":"","meta":{"_gspb_post_css":""},"product_brand":[315],"product_cat":[336,145,21,144,330],"product_tag":[150,347,365,325,311],"class_list":{"0":"post-3923","1":"product","2":"type-product","3":"status-publish","4":"has-post-thumbnail","6":"product_brand-hikmicro","7":"product_cat-binokulare-s-nocnym-videnim","8":"product_cat-nocne-videnie","9":"product_cat-optika","10":"product_cat-termovizie","11":"product_cat-termovizne-binokulare","12":"product_tag-hikmicro","13":"product_tag-laserovy-dialkomer","14":"product_tag-multispektralny-binokular","15":"product_tag-nocne-videnie","16":"product_tag-termovizia","18":"first","19":"instock","20":"taxable","21":"shipping-taxable","22":"purchasable","23":"product-type-simple"},"ct_brands":[{"id":315,"name":"Hikmicro","slug":"hikmicro"}],"_links":{"self":[{"href":"https:\/\/zbranebudai.sk\/hu\/wp-json\/wp\/v2\/product\/3923","targetHints":{"allow":["GET"]}}],"collection":[{"href":"https:\/\/zbranebudai.sk\/hu\/wp-json\/wp\/v2\/product"}],"about":[{"href":"https:\/\/zbranebudai.sk\/hu\/wp-json\/wp\/v2\/types\/product"}],"wp:featuredmedia":[{"embeddable":true,"href":"https:\/\/zbranebudai.sk\/hu\/wp-json\/wp\/v2\/media\/3975"}],"wp:attachment":[{"href":"https:\/\/zbranebudai.sk\/hu\/wp-json\/wp\/v2\/media?parent=3923"}],"wp:term":[{"taxonomy":"product_brand","embeddable":true,"href":"https:\/\/zbranebudai.sk\/hu\/wp-json\/wp\/v2\/product_brand?post=3923"},{"taxonomy":"product_cat","embeddable":true,"href":"https:\/\/zbranebudai.sk\/hu\/wp-json\/wp\/v2\/product_cat?post=3923"},{"taxonomy":"product_tag","embeddable":true,"href":"https:\/\/zbranebudai.sk\/hu\/wp-json\/wp\/v2\/product_tag?post=3923"}],"curies":[{"name":"wp","href":"https:\/\/api.w.org\/{rel}","templated":true}]}}