{"id":3921,"date":"2025-02-01T21:11:01","date_gmt":"2025-02-01T19:11:01","guid":{"rendered":"https:\/\/zbranebudai.sk\/?post_type=product&#038;p=3921"},"modified":"2026-03-01T09:33:50","modified_gmt":"2026-03-01T07:33:50","slug":"hikmicro-stellar-sq35l-3-0","status":"publish","type":"product","link":"https:\/\/zbranebudai.sk\/hu\/product\/hikmicro-stellar-sq35l-3-0\/","title":{"rendered":"Hikmicro Stellar SQ35L 3.0 h\u0151kamera c\u00e9lt\u00e1vcs\u0151 l\u00e9zeres t\u00e1vols\u00e1gm\u00e9r\u0151vel"},"content":{"rendered":"<p><strong>Hikmicro Stellar SQ35L 3.0 h\u0151kamera c\u00e9lt\u00e1vcs\u0151 l\u00e9zeres t\u00e1vols\u00e1gm\u00e9r\u0151vel<\/strong><\/p>\n<p>Tapasztalja meg a vad\u00e1szat forradalm\u00e1t a Stellar 3.0 h\u0151kamera c\u00e9lt\u00e1vcs\u0151vel, amely m\u00e9g a legm\u00e9lyebb s\u00f6t\u00e9ts\u00e9gben is minden r\u00e9szletet felt\u00e1r!<\/p>\n<ul>\n<li>H\u0151kamera \u00e9rz\u00e9kel\u0151 640 \u00d7 512 px<\/li>\n<li>H\u0151\u00e9rz\u00e9kenys\u00e9g 15 mK<\/li>\n<li>\u00c9rz\u00e9kel\u00e9s 1800 m\u00e9terig<\/li>\n<li>L\u00e9zeres t\u00e1vols\u00e1gm\u00e9r\u0151<\/li>\n<li>Intelligens z\u00e1rmentes korrekci\u00f3<\/li>\n<li>M\u00e1gneses objekt\u00edvsapka<\/li>\n<\/ul>\n<p class=\"translation-block\">Az SQ35L 3.0 modell <strong>640 \u00d7 512 px felbont\u00e1s\u00fa h\u0151kamera-maggal<\/strong> \u00e9s <strong>\u2264 15 mK h\u0151\u00e9rz\u00e9kenys\u00e9ggel<\/strong> rendelkezik, amely rendk\u00edv\u00fcl r\u00e9szletgazdag k\u00e9pet biztos\u00edt, \u00edgy a sz\u0151rzet \u00e9s az agancs is j\u00f3l kivehet\u0151.<\/p>\n<p class=\"translation-block\">A <strong>35 mm gy\u00fajt\u00f3t\u00e1vols\u00e1g\u00fa objekt\u00edvnek<\/strong> \u00e9s a <strong>2,5\u00d7 optikai nagy\u00edt\u00e1snak<\/strong> k\u00f6sz\u00f6nhet\u0151en a c\u00e9lt\u00e1vcs\u0151 <strong>\u00e9szlel\u00e9si t\u00e1vols\u00e1ga ak\u00e1r 1800 m\u00e9ter<\/strong>. Az integr\u00e1lt LRF modul seg\u00edts\u00e9g\u00e9vel a t\u00e1vols\u00e1g ak\u00e1r <strong>1000 m-ig<\/strong> m\u00e9rhet\u0151. A kiv\u00e1l\u00f3 min\u0151s\u00e9g\u0171, lekerek\u00edtett OLED kijelz\u0151 2560 \u00d7 2560 px felbont\u00e1ssal tiszta, gazdag kontraszt\u00fa k\u00e9pet biztos\u00edt, mik\u00f6zben k\u00edm\u00e9li a szemet.<\/p>\n<p class=\"translation-block\">A <strong>Stellar 3.0<\/strong> sorozat <strong>intelligens z\u00e1rmentes korrekci\u00f3val<\/strong> (HSIS) rendelkezik, amely a haszn\u00e1lat sor\u00e1n mesters\u00e9ges intelligencia (AI) seg\u00edts\u00e9g\u00e9vel automatikusan alkalmazkodik. A k\u00e9sz\u00fcl\u00e9k emellett az <strong>Image Pro 2.0<\/strong> funkci\u00f3t is haszn\u00e1lja, amely jelent\u0151sen jav\u00edtja a k\u00e9pfeldolgoz\u00e1st \u00e9s a k\u00e9pmegjelen\u00edt\u00e9st.<\/p>\n<p class=\"translation-block\">A <strong>be\u00e9p\u00edtett, ak\u00e1r 64 GB kapacit\u00e1s\u00fa mem\u00f3ri\u00e1nak k\u00f6sz\u00f6nhet\u0151en<\/strong> <strong>f\u00e9nyk\u00e9peket \u00e9s vide\u00f3kat is k\u00e9sz\u00edthet hanggal<\/strong>. A c\u00e9lt\u00e1vcs\u0151 egyik nagyon hasznos funkci\u00f3ja az <strong>automatikus felv\u00e9tel l\u00f6v\u00e9s ut\u00e1n<\/strong>, valamint a r\u00f6gz\u00edtett felv\u00e9telek azonnali megtekint\u00e9s\u00e9nek vagy t\u00f6rl\u00e9s\u00e9nek lehet\u0151s\u00e9ge. Az USB-C csatlakoz\u00f3n kereszt\u00fcl a k\u00e9sz\u00fcl\u00e9ket sz\u00e1m\u00edt\u00f3g\u00e9phez csatlakoztathatja, vagy haszn\u00e1lhatja a <strong>HIKMICRO Sight<\/strong> alkalmaz\u00e1ssal val\u00f3 \u00f6sszekapcsol\u00e1s lehet\u0151s\u00e9g\u00e9t.<\/p>\n<p class=\"translation-block\">A c\u00e9lt\u00e1vcs\u0151 a <strong>IP67 v\u00e9detts\u00e9gnek<\/strong> \u00e9s a tart\u00f3s duralum\u00ednium h\u00e1znak k\u00f6sz\u00f6nhet\u0151en rendk\u00edv\u00fcl ellen\u00e1ll\u00f3, \u00edgy a Stellar 3.0 zord k\u00f6r\u00fclm\u00e9nyek k\u00f6z\u00f6tt, p\u00e9ld\u00e1ul es\u0151ben vagy h\u00f3ban is megb\u00edzhat\u00f3an haszn\u00e1lhat\u00f3. Egyetlen pillanatr\u00f3l sem marad le a <strong>k\u00e9t be\u00e9p\u00edtett \u00e9s egy cser\u00e9lhet\u0151 akkumul\u00e1tor kombin\u00e1ci\u00f3j\u00e1nak<\/strong> k\u00f6sz\u00f6nhet\u0151en, amelyek egy\u00fctt <strong>ak\u00e1r 9 \u00f3r\u00e1s megfigyel\u00e9si id\u0151t<\/strong> biztos\u00edtanak! Az energiatakar\u00e9koss\u00e1g \u00e9rdek\u00e9ben alv\u00f3 m\u00f3d is rendelkez\u00e9sre \u00e1ll, sz\u00fcks\u00e9g eset\u00e9n pedig powerbank is csatlakoztathat\u00f3.<\/p>\n<table border=\"0\" cellspacing=\"0\">\n<colgroup span=\"2\" width=\"85\"><\/colgroup>\n<tbody>\n<tr>\n<td align=\"left\" height=\"17\"><span style=\"font-family: Liberation Serif\">Wi-Fi<\/span><\/td>\n<td align=\"left\"><span style=\"font-family: Liberation Serif\">Igen<\/span><\/td>\n<\/tr>\n<tr>\n<td align=\"left\" height=\"17\"><span style=\"font-family: Liberation Serif\">\u00c9rz\u00e9kel\u0151<\/span><\/td>\n<td align=\"left\"><span style=\"font-family: Liberation Serif\">640 \u00d7 512 px<\/span><\/td>\n<\/tr>\n<tr>\n<td align=\"left\" height=\"32\"><span style=\"font-family: Liberation Serif\">H\u0151\u00e9rz\u00e9kenys\u00e9g<\/span><\/td>\n<td align=\"left\"><span style=\"font-family: Liberation Serif\">&lt; 15 mK<\/span><\/td>\n<\/tr>\n<tr>\n<td align=\"left\" height=\"32\"><span style=\"font-family: Liberation Serif\">Kijelz\u0151 felbont\u00e1sa<\/span><\/td>\n<td align=\"left\"><span style=\"font-family: Liberation Serif\">2560 \u00d7 2560 px<\/span><\/td>\n<\/tr>\n<tr>\n<td align=\"left\" height=\"17\"><span style=\"font-family: Liberation Serif\">Objekt\u00edv<\/span><\/td>\n<td align=\"left\"><span style=\"font-family: Liberation Serif\">35 mm<\/span><\/td>\n<\/tr>\n<tr>\n<td align=\"left\" height=\"17\"><span style=\"font-family: Liberation Serif\">\u00c9rz\u00e9kel\u00e9s<\/span><\/td>\n<td align=\"left\"><span style=\"font-family: Liberation Serif\">1800 m<\/span><\/td>\n<\/tr>\n<tr>\n<td align=\"left\" height=\"32\"><span style=\"font-family: Liberation Serif\">Optikai nagy\u00edt\u00e1s<\/span><\/td>\n<td align=\"left\"><span style=\"font-family: Liberation Serif\">2,5x<\/span><\/td>\n<\/tr>\n<tr>\n<td align=\"left\" height=\"32\"><span style=\"font-family: Liberation Serif\">Digit\u00e1lis zoom<\/span><\/td>\n<td align=\"left\"><span style=\"font-family: Liberation Serif\">9,8x<\/span><\/td>\n<\/tr>\n<tr>\n<td align=\"left\" height=\"32\"><span style=\"font-family: Liberation Serif\">L\u00e9zeres t\u00e1vols\u00e1gm\u00e9r\u0151<\/span><\/td>\n<td align=\"left\"><span style=\"font-family: Liberation Serif\">Igen, hat\u00f3t\u00e1vols\u00e1g 1000 m<\/span><\/td>\n<\/tr>\n<tr>\n<td align=\"left\" height=\"32\"><span style=\"font-family: Liberation Serif\">Ballisztikus kalkul\u00e1tor<\/span><\/td>\n<td align=\"left\"><span style=\"font-family: Liberation Serif\">Igen<\/span><\/td>\n<\/tr>\n<tr>\n<td align=\"left\" height=\"17\"><span style=\"font-family: Liberation Serif\">L\u00e1t\u00f3mez\u0151<\/span><\/td>\n<td align=\"left\"><span style=\"font-family: Liberation Serif\">12,5\u00b0 \u00d7 10\u00b0<\/span><\/td>\n<\/tr>\n<tr>\n<td align=\"left\" height=\"32\"><span style=\"font-family: Liberation Serif\">Dioptri\u00e1s korrekci\u00f3<\/span><\/td>\n<td align=\"left\"><span style=\"font-family: Liberation Serif\">-4D +4D<\/span><\/td>\n<\/tr>\n<tr>\n<td align=\"left\" height=\"32\"><span style=\"font-family: Liberation Serif\">F\u00e9nyk\u00e9pez\u00e9si lehet\u0151s\u00e9g<\/span><\/td>\n<td align=\"left\"><span style=\"font-family: Liberation Serif\">Igen<\/span><\/td>\n<\/tr>\n<tr>\n<td align=\"left\" height=\"32\"><span style=\"font-family: Liberation Serif\">Vide\u00f3 opci\u00f3<\/span><\/td>\n<td align=\"left\"><span style=\"font-family: Liberation Serif\">Igen<\/span><\/td>\n<\/tr>\n<tr>\n<td align=\"left\" height=\"32\"><span style=\"font-family: Liberation Serif\">Hangfelv\u00e9tel<\/span><\/td>\n<td align=\"left\"><span style=\"font-family: Liberation Serif\">Igen<\/span><\/td>\n<\/tr>\n<tr>\n<td align=\"left\" height=\"32\"><span style=\"font-family: Liberation Serif\">V\u00e9delmi fokozat<\/span><\/td>\n<td align=\"left\"><span style=\"font-family: Liberation Serif\">IP67<\/span><\/td>\n<\/tr>\n<tr>\n<td align=\"left\" height=\"32\"><span style=\"font-family: Liberation Serif\">Mem\u00f3ria<\/span><\/td>\n<td align=\"left\"><span style=\"font-family: Liberation Serif\">Be\u00e9p\u00edtett, 64 GB<\/span><\/td>\n<\/tr>\n<tr>\n<td align=\"left\" height=\"32\"><span style=\"font-family: Liberation Serif\">\u00dczemi h\u0151m\u00e9rs\u00e9klet<\/span><\/td>\n<td align=\"left\"><span style=\"font-family: Liberation Serif\">-30\u00b0C \u00e9s 55\u00b0C k\u00f6z\u00f6tt<\/span><\/td>\n<\/tr>\n<tr>\n<td align=\"left\" height=\"47\"><span style=\"font-family: Liberation Serif\">Akkumul\u00e1torok<\/span><\/td>\n<td align=\"left\"><span style=\"font-family: Liberation Serif\">2x be\u00e9p\u00edtett, 1x cser\u00e9lhet\u0151 18650<\/span><\/td>\n<\/tr>\n<tr>\n<td align=\"left\" height=\"17\"><span style=\"font-family: Liberation Serif\">Az akkumul\u00e1tor \u00e9lettartama<\/span><\/td>\n<td align=\"left\"><span style=\"font-family: Liberation Serif\">21:00<\/span><\/td>\n<\/tr>\n<tr>\n<td align=\"left\" height=\"17\"><span style=\"font-family: Liberation Serif\">S\u00faly<\/span><\/td>\n<td align=\"left\"><span style=\"font-family: Liberation Serif\">830 g<\/span><\/td>\n<\/tr>\n<tr>\n<td align=\"left\" height=\"32\"><span style=\"font-family: Liberation Serif\">M\u00e9retek<\/span><\/td>\n<td align=\"left\"><span style=\"font-family: Liberation Serif\">410 \u00d7 86 \u00d7 85 mm<\/span><\/td>\n<\/tr>\n<\/tbody>\n<\/table>\n<p><strong>A csomag tartalma:<\/strong><\/p>\n<ul>\n<li>HIKMICRO STELLAR SQ35L 3.0 h\u0151kamera c\u00e9lt\u00e1vcs\u0151<\/li>\n<li>2x \u00fajrat\u00f6lthet\u0151 18650-es akkumul\u00e1tor<\/li>\n<li>1x akkumul\u00e1tort\u00f6lt\u0151<\/li>\n<li>1x USB-C k\u00e1bel<\/li>\n<li>1x csavaros f\u0171z\u0151lyuk<\/li>\n<li>Fed\u00e9l a c\u00e9lt\u00e1vcs\u0151h\u00f6z<\/li>\n<li>Sz\u00e1ll\u00edt\u00f3t\u00e1ska<\/li>\n<li>Optikatiszt\u00edt\u00f3 kend\u0151<\/li>\n<li>Haszn\u00e1lati \u00fatmutat\u00f3<\/li>\n<\/ul>\n<p>Hivatalos m\u00e1rkaoldal: <a href=\"https:\/\/www.hikmicrotech.com\/sk\/outdoor-products\/stellar-3-0-thermal-scope\/\">https:\/\/www.hikmicrotech.com\/sk\/outdoor-products\/stellar-3-0-thermal-scope\/<\/a><\/p>","protected":false},"excerpt":{"rendered":"<ul>\n<li>H\u0151kamera \u00e9rz\u00e9kel\u0151: 640 \u00d7 512 px, 12\u03bcm.<\/li>\n<li>A h\u0151\u00e9kenys\u00e9g: \u2264 15 mK.<\/li>\n<li>Objekt\u00edv: 35 mm.<\/li>\n<li>\u00c9rz\u00e9kel\u00e9si t\u00e1vols\u00e1g: 1800 m.<\/li>\n<li>Optikai nagy\u00edt\u00e1s: 2,5x.<\/li>\n<li>Digit\u00e1lis zoom: 9,8x.<\/li>\n<li>Kijelz\u0151: 2560 \u00d7 2560 px.<\/li>\n<li>Jellemz\u0151: Image Pro 2.0.<\/li>\n<li>Intelligens z\u00e1r n\u00e9lk\u00fcli korrekci\u00f3<\/li>\n<li>Ballisztikus sz\u00e1mol\u00f3g\u00e9p.<\/li>\n<li>Takar\u00e9kos \u00fczemm\u00f3d (alv\u00f3 \u00fczemm\u00f3d).<\/li>\n<li>Az akkumul\u00e1tor \u00e9lettartama: 9 \u00f3ra.<\/li>\n<li>T\u00e1pegys\u00e9g: 2x be\u00e9p\u00edtett \u00e9s 1x cser\u00e9lhet\u0151 18650-es akkumul\u00e1tor.<\/li>\n<\/ul>","protected":false},"featured_media":3968,"template":"","meta":{"_gspb_post_css":""},"product_brand":[315],"product_cat":[21,144,329],"product_tag":[150,347,267,311,362],"class_list":{"0":"post-3921","1":"product","2":"type-product","3":"status-publish","4":"has-post-thumbnail","6":"product_brand-hikmicro","7":"product_cat-optika","8":"product_cat-termovizie","9":"product_cat-termovizne-puskohlady","10":"product_tag-hikmicro","11":"product_tag-laserovy-dialkomer","12":"product_tag-stellar","13":"product_tag-termovizia","14":"product_tag-termovizny-puskohlad","16":"first","17":"instock","18":"taxable","19":"shipping-taxable","20":"purchasable","21":"product-type-simple"},"ct_brands":[{"id":315,"name":"Hikmicro","slug":"hikmicro"}],"_links":{"self":[{"href":"https:\/\/zbranebudai.sk\/hu\/wp-json\/wp\/v2\/product\/3921","targetHints":{"allow":["GET"]}}],"collection":[{"href":"https:\/\/zbranebudai.sk\/hu\/wp-json\/wp\/v2\/product"}],"about":[{"href":"https:\/\/zbranebudai.sk\/hu\/wp-json\/wp\/v2\/types\/product"}],"wp:featuredmedia":[{"embeddable":true,"href":"https:\/\/zbranebudai.sk\/hu\/wp-json\/wp\/v2\/media\/3968"}],"wp:attachment":[{"href":"https:\/\/zbranebudai.sk\/hu\/wp-json\/wp\/v2\/media?parent=3921"}],"wp:term":[{"taxonomy":"product_brand","embeddable":true,"href":"https:\/\/zbranebudai.sk\/hu\/wp-json\/wp\/v2\/product_brand?post=3921"},{"taxonomy":"product_cat","embeddable":true,"href":"https:\/\/zbranebudai.sk\/hu\/wp-json\/wp\/v2\/product_cat?post=3921"},{"taxonomy":"product_tag","embeddable":true,"href":"https:\/\/zbranebudai.sk\/hu\/wp-json\/wp\/v2\/product_tag?post=3921"}],"curies":[{"name":"wp","href":"https:\/\/api.w.org\/{rel}","templated":true}]}}