{"id":3917,"date":"2025-02-01T21:11:01","date_gmt":"2025-02-01T19:11:01","guid":{"rendered":"https:\/\/zbranebudai.sk\/?post_type=product&#038;p=3917"},"modified":"2025-08-31T03:53:31","modified_gmt":"2025-08-31T01:53:31","slug":"vadcsalogato-kukoric","status":"publish","type":"product","link":"https:\/\/zbranebudai.sk\/hu\/product\/vadcsalogato-kukoricas\/","title":{"rendered":"Vadcsali 2 kg - kukoric\u00e1val"},"content":{"rendered":"<ul>\n<li>T\u00f6m\u00f6r \u00f6sszet\u00e9tel, \u00fctk\u00f6z\u00e9s\u00e1ll\u00f3<\/li>\n<li>K\u00e9zzel k\u00e9sz\u00edtett<\/li>\n<li>Hosszan tart\u00f3 intenz\u00edv illatfelh\u0151<\/li>\n<li>Pr\u00e9mium min\u0151s\u00e9g\u0171 nyersanyagokb\u00f3l k\u00e9sz\u00fclt<\/li>\n<li>Magas h\u0151m\u00e9rs\u00e9kleten kezelve, biztons\u00e1gos haszn\u00e1latot biztos\u00edtva<\/li>\n<li>A vad\u00e1szok nemzetk\u00f6zi egy\u00fcttm\u0171k\u00f6d\u00e9s\u00e9vel kifejlesztett term\u00e9k<\/li>\n<li>A term\u00e9k megfelel az Eur\u00f3pai Uni\u00f3 valamennyi jogszab\u00e1ly\u00e1nak<\/li>\n<\/ul>","protected":false},"excerpt":{"rendered":"<div class=\"product-rightside-title\">\n<div class=\"attribute\">KORN\u00c1SSAL<\/div>\n<\/div>\n<div class=\"product-cart-box\"><\/div>","protected":false},"featured_media":3951,"template":"","meta":{"_gspb_post_css":""},"product_brand":[320],"product_cat":[2225],"product_tag":[377],"class_list":{"0":"post-3917","1":"product","2":"type-product","3":"status-publish","4":"has-post-thumbnail","6":"product_brand-wildypop","7":"product_cat-polovnicke-prislusenstvo","8":"product_tag-navnada","10":"first","11":"instock","12":"taxable","13":"shipping-taxable","14":"purchasable","15":"product-type-simple"},"ct_brands":[{"id":320,"name":"Wildypop","slug":"wildypop"}],"_links":{"self":[{"href":"https:\/\/zbranebudai.sk\/hu\/wp-json\/wp\/v2\/product\/3917","targetHints":{"allow":["GET"]}}],"collection":[{"href":"https:\/\/zbranebudai.sk\/hu\/wp-json\/wp\/v2\/product"}],"about":[{"href":"https:\/\/zbranebudai.sk\/hu\/wp-json\/wp\/v2\/types\/product"}],"wp:featuredmedia":[{"embeddable":true,"href":"https:\/\/zbranebudai.sk\/hu\/wp-json\/wp\/v2\/media\/3951"}],"wp:attachment":[{"href":"https:\/\/zbranebudai.sk\/hu\/wp-json\/wp\/v2\/media?parent=3917"}],"wp:term":[{"taxonomy":"product_brand","embeddable":true,"href":"https:\/\/zbranebudai.sk\/hu\/wp-json\/wp\/v2\/product_brand?post=3917"},{"taxonomy":"product_cat","embeddable":true,"href":"https:\/\/zbranebudai.sk\/hu\/wp-json\/wp\/v2\/product_cat?post=3917"},{"taxonomy":"product_tag","embeddable":true,"href":"https:\/\/zbranebudai.sk\/hu\/wp-json\/wp\/v2\/product_tag?post=3917"}],"curies":[{"name":"wp","href":"https:\/\/api.w.org\/{rel}","templated":true}]}}