{"id":3849,"date":"2025-02-01T21:09:06","date_gmt":"2025-02-01T19:09:06","guid":{"rendered":"https:\/\/zbranebudai.sk\/?post_type=product&#038;p=3849"},"modified":"2025-08-31T03:53:31","modified_gmt":"2025-08-31T01:53:31","slug":"pard-fd1-940-lrf-ejjellato-kereso-celtavcso-elotet-53-mm","status":"publish","type":"product","link":"https:\/\/zbranebudai.sk\/hu\/product\/pard-fd1-940-lrf-ejjellato-kereso-celtavcso-elotet-53-mm\/","title":{"rendered":"Pard FD1 940 LRF \u00e9jjell\u00e1t\u00f3 3in1 el\u00fcls\u0151 l\u00e1tcs\u0151, el\u00fcls\u0151 l\u00e1tcs\u0151 \u00e9s monokul\u00e1r t\u00e1vols\u00e1gm\u00e9r\u0151vel"},"content":{"rendered":"<p><strong>Pard FD1 940 LRF no\u010dn\u00e9 videnie 3v1 preds\u00e1dka, zameriava\u010d a monokul\u00e1r s dia\u013ekomerom<\/strong><\/p>\n<p><strong>R\u00fdchle pripojenie a odpojenie<\/strong><\/p>\n<p>Adapt\u00e9r s r\u00fdchlym odpojen\u00edm je s\u00fa\u010das\u0165ou balenia (42-62 mm) zariadenia FD1 a umo\u017e\u0148uje v\u00e1m r\u00fdchlo prech\u00e1dza\u0165 medzi tradi\u010dn\u00fdm \u010falekoh\u013eadom a \u010falekoh\u013eadom na no\u010dn\u00e9 videnie pri zmene sveteln\u00fdch podmienok.<br \/>\nTri v jednom, r\u00f4zne pou\u017eitia a funkcie.<\/p>\n<div class=\"flex max-w-full flex-col flex-grow\">\n<div class=\"min-h-8 text-message flex w-full flex-col items-end gap-2 whitespace-normal break-words text-start [.text-message+&amp;]:mt-5\" dir=\"auto\" data-message-author-role=\"assistant\" data-message-id=\"5c778c57-3c4f-462b-9aa8-0c24e564dbd0\" data-message-model-slug=\"gpt-4o\">\n<div class=\"flex w-full flex-col gap-1 empty:hidden first:pt-[3px]\">\n<div class=\"markdown prose w-full break-words dark:prose-invert light\">\n<p>FD1 nie je len preds\u00e1dka, ale aj digit\u00e1lny monokul\u00e1r na efekt\u00edvne no\u010dn\u00e9 pozorovanie a digit\u00e1lny pu\u0161koh\u013ead s presnou stre\u013ebou.<\/p>\n<p><strong>Kompaktn\u00fd a prenosn\u00fd<\/strong><\/p>\n<p>S kompaktn\u00fdm dizajnom a n\u00edzkou hmotnos\u0165ou, iba 328 g.<\/p>\n<p><strong>Inovat\u00edvna technol\u00f3gia balistick\u00fdch v\u00fdpo\u010dtov<\/strong><\/p>\n<p>Ako digit\u00e1lny \u010falekoh\u013ead na no\u010dn\u00e9 videnie a presn\u00fd balistick\u00fd kalkul\u00e1tor FD1 poskytuje 5 profilov balistick\u00fdch \u00fadajov a dia\u013ekomer v re\u00e1lnom \u010dase, \u010d\u00edm zabezpe\u010duje presn\u00e9 rie\u0161enia stre\u013eby v re\u00e1lnom \u010dase.<\/p>\n<p><strong>OLED displej<\/strong><\/p>\n<p>FD1 je vybaven\u00fd OLED obrazovkou s ultra vysok\u00fdm rozl\u00ed\u0161en\u00edm 1440\u00d71080, ktor\u00e1 pon\u00faka neuverite\u013ene jasn\u00fd obraz.<\/p>\n<p><strong>Zobrazovac\u00ed sn\u00edma\u010d CMOS<\/strong><\/p>\n<p>FD1, vybaven\u00fd sn\u00edma\u010dom CMOS s rozl\u00ed\u0161en\u00edm 1920\u00d71080 a citlivos\u0165ou 0,001 luxu, zabezpe\u010duje \u010dist\u00fd obraz aj v t\u00fdch najn\u00e1ro\u010dnej\u0161\u00edch podmienkach so slab\u00fdm osvetlen\u00edm.<\/p>\n<p><strong>Vylep\u0161enie vidite\u013en\u00e9ho svetla<\/strong><\/p>\n<p><strong>ALGORITHM (VLEA)<\/strong><\/p>\n<p>Technol\u00f3gia PARD na vylep\u0161enie obrazu zvy\u0161uje \u010distotu obrazu, zni\u017euje \u0161um, zlep\u0161uje kvalitu, obohacuje \u00fadaje a napom\u00e1ha efekt\u00edvnemu hodnoteniu cie\u013ea.<\/p>\n<p><strong>Re\u017eim Obraz v obraze<\/strong><\/p>\n<p>Re\u017eim Obraz v obraze poskytuje 2\u00d7 zv\u00e4\u010d\u0161en\u00fa obd\u013a\u017enikov\u00fa oblas\u0165 v hornej \u010dasti obrazovky, ktor\u00e1 je navrhnut\u00e1 na r\u00fdchle vylep\u0161enie identifik\u00e1cie cie\u013ea bez obetovania celkov\u00e9ho zorn\u00e9ho po\u013ea.<\/p>\n<p><strong>Nastavite\u013en\u00fd IR ilumin\u00e1tor so sveteln\u00fdm dosahom 350 metrov<\/strong><\/p>\n<p>Infra\u010derven\u00fd ilumin\u00e1tor PARD dosahuje a\u017e 350 metrov, \u010d\u00edm zabezpe\u010duje vynikaj\u00facu vidite\u013enos\u0165 aj v \u00faplnej tme. Troj\u00farov\u0148ov\u00fd IR je navrhnut\u00fd tak, aby vyhovoval r\u00f4znym podmienkam lovu.<\/p>\n<p>Existuj\u00fa dve mo\u017enosti vlnovej d\u013a\u017eky pre IR svetlo:<\/p>\n<ul>\n<li><strong>850 nm<\/strong> pre jasnej\u0161ie osvetlenie a dlh\u0161\u00ed dosah.<\/li>\n<li><strong>940 nm<\/strong>, ktor\u00e9 nie je vidite\u013en\u00e9 pre zvierat\u00e1.<\/li>\n<\/ul>\n<\/div>\n<\/div>\n<\/div>\n<\/div>\n<table border=\"0\" cellspacing=\"0\">\n<tbody>\n<tr>\n<td align=\"left\" height=\"17\"><b><span style=\"font-family: Liberation Serif\">Senzor<\/span><\/b><\/td>\n<td align=\"left\"><span style=\"font-family: Liberation Serif\">\u00a0<\/span><\/td>\n<\/tr>\n<tr>\n<td align=\"left\" height=\"17\"><span style=\"font-family: Liberation Serif\">Typ<\/span><\/td>\n<td align=\"left\"><span style=\"font-family: Liberation Serif\">CMOS<\/span><\/td>\n<\/tr>\n<tr>\n<td align=\"left\" height=\"32\"><span style=\"font-family: Liberation Serif\">Rozl\u00ed\u0161enie (pixel)<\/span><\/td>\n<td align=\"left\"><span style=\"font-family: Liberation Serif\">1920\u00d71080<\/span><\/td>\n<\/tr>\n<tr>\n<td align=\"left\" height=\"32\"><span style=\"font-family: Liberation Serif\">Ve\u013ekos\u0165 pixelu (\u00b5m)<\/span><\/td>\n<td align=\"left\"><span style=\"font-family: Liberation Serif\">2,9<\/span><\/td>\n<\/tr>\n<tr>\n<td align=\"left\" height=\"47\"><span style=\"font-family: Liberation Serif\">Sn\u00edmkov\u00e1 frekvencia (Hz)<\/span><\/td>\n<td align=\"left\"><span style=\"font-family: Liberation Serif\">Farba: 60 \/ \u010cB: 30<\/span><\/td>\n<\/tr>\n<tr>\n<td align=\"left\" height=\"32\"><span style=\"font-family: Liberation Serif\">Obrazov\u00fd procesor<\/span><\/td>\n<td align=\"left\"><span style=\"font-family: Liberation Serif\">PARD VLEA<\/span><\/td>\n<\/tr>\n<tr>\n<td align=\"left\" height=\"17\"><b><span style=\"font-family: Liberation Serif\">Optika<\/span><\/b><\/td>\n<td align=\"left\"><span style=\"font-family: Liberation Serif\">\u00a0<\/span><\/td>\n<\/tr>\n<tr>\n<td align=\"left\" height=\"32\"><span style=\"font-family: Liberation Serif\">Objekt\u00edv (mm)<\/span><\/td>\n<td align=\"left\"><span style=\"font-family: Liberation Serif\">30<\/span><\/td>\n<\/tr>\n<tr>\n<td align=\"left\" height=\"32\"><span style=\"font-family: Liberation Serif\">Optick\u00e9 zv\u00e4\u010d\u0161enie (x)<\/span><\/td>\n<td align=\"left\"><span style=\"font-family: Liberation Serif\">3,5<\/span><\/td>\n<\/tr>\n<tr>\n<td align=\"left\" height=\"32\"><span style=\"font-family: Liberation Serif\">Digit\u00e1lny zoom (x)<\/span><\/td>\n<td align=\"left\"><span style=\"font-family: Liberation Serif\">2<\/span><\/td>\n<\/tr>\n<tr>\n<td align=\"left\" height=\"32\"><span style=\"font-family: Liberation Serif\">Zorn\u00e9 pole (horizont\u00e1lne)<\/span><\/td>\n<td align=\"left\"><span style=\"font-family: Liberation Serif\">7,9\u00b0<\/span><\/td>\n<\/tr>\n<tr>\n<td align=\"left\" height=\"32\"><span style=\"font-family: Liberation Serif\">Zorn\u00e9 pole (vertik\u00e1lne)<\/span><\/td>\n<td align=\"left\"><span style=\"font-family: Liberation Serif\">5,9\u00b0<\/span><\/td>\n<\/tr>\n<tr>\n<td align=\"left\" height=\"32\"><span style=\"font-family: Liberation Serif\">Zorn\u00e9 pole (diagon\u00e1lne)<\/span><\/td>\n<td align=\"left\"><span style=\"font-family: Liberation Serif\">9,9\u00b0<\/span><\/td>\n<\/tr>\n<tr>\n<td align=\"left\" height=\"32\"><span style=\"font-family: Liberation Serif\">O\u010dn\u00fd reli\u00e9f (mm)<\/span><\/td>\n<td align=\"left\"><span style=\"font-family: Liberation Serif\">30<\/span><\/td>\n<\/tr>\n<tr>\n<td align=\"left\" height=\"32\"><span style=\"font-family: Liberation Serif\">Dioptrick\u00e1 korekcia (D)<\/span><\/td>\n<td align=\"left\"><span style=\"font-family: Liberation Serif\">\u00b15<\/span><\/td>\n<\/tr>\n<tr>\n<td align=\"left\" height=\"32\"><b><span style=\"font-family: Liberation Serif\">Displej<\/span><\/b><\/td>\n<td align=\"left\"><span style=\"font-family: Liberation Serif\">\u00a0<\/span><\/td>\n<\/tr>\n<tr>\n<td align=\"left\" height=\"32\"><span style=\"font-family: Liberation Serif\">Typ<\/span><\/td>\n<td align=\"left\"><span style=\"font-family: Liberation Serif\">OLED<\/span><\/td>\n<\/tr>\n<tr>\n<td align=\"left\" height=\"32\"><span style=\"font-family: Liberation Serif\">Rozl\u00ed\u0161enie (pixel)<\/span><\/td>\n<td align=\"left\"><span style=\"font-family: Liberation Serif\">1440\u00d71080<\/span><\/td>\n<\/tr>\n<tr>\n<td align=\"left\" height=\"32\"><span style=\"font-family: Liberation Serif\">\u0160t\u00fdl z\u00e1mernej osnovy<\/span><\/td>\n<td align=\"left\"><span style=\"font-family: Liberation Serif\">6<\/span><\/td>\n<\/tr>\n<tr>\n<td align=\"left\" height=\"47\"><span style=\"font-family: Liberation Serif\">Farba z\u00e1mernej osnovy<\/span><\/td>\n<td align=\"left\"><span style=\"font-family: Liberation Serif\">\u010cerven\u00e1 \/ Biela \/ \u017dlt\u00e1 \/ Zelen\u00e1<\/span><\/td>\n<\/tr>\n<tr>\n<td align=\"left\" height=\"47\"><span style=\"font-family: Liberation Serif\">Re\u017eim obrazu<\/span><\/td>\n<td align=\"left\"><span style=\"font-family: Liberation Serif\">Farba \/ Monochromatick\u00fd<\/span><\/td>\n<\/tr>\n<tr>\n<td align=\"left\" height=\"47\"><b><span style=\"font-family: Liberation Serif\">Foto \/ Video<\/span><\/b><\/td>\n<td align=\"left\"><span style=\"font-family: Liberation Serif\">\u00a0<\/span><\/td>\n<\/tr>\n<tr>\n<td align=\"left\" height=\"47\"><span style=\"font-family: Liberation Serif\">Rozl\u00ed\u0161enie fotografie (pixel)<\/span><\/td>\n<td align=\"left\"><span style=\"font-family: Liberation Serif\">2592\u00d71944<\/span><\/td>\n<\/tr>\n<tr>\n<td align=\"left\" height=\"32\"><span style=\"font-family: Liberation Serif\">Form\u00e1t fotografie<\/span><\/td>\n<td align=\"left\"><span style=\"font-family: Liberation Serif\">.JPG<\/span><\/td>\n<\/tr>\n<tr>\n<td align=\"left\" height=\"32\"><span style=\"font-family: Liberation Serif\">Rozl\u00ed\u0161enie videa (pixel)<\/span><\/td>\n<td align=\"left\"><span style=\"font-family: Liberation Serif\">TBD<\/span><\/td>\n<\/tr>\n<tr>\n<td align=\"left\" height=\"32\"><span style=\"font-family: Liberation Serif\">Form\u00e1t videa<\/span><\/td>\n<td align=\"left\"><span style=\"font-family: Liberation Serif\">.mp4<\/span><\/td>\n<\/tr>\n<tr>\n<td align=\"left\" height=\"32\"><span style=\"font-family: Liberation Serif\">\u00dalo\u017eisko (GB)<\/span><\/td>\n<td align=\"left\"><span style=\"font-family: Liberation Serif\">TF karta (max. 128 GB)<\/span><\/td>\n<\/tr>\n<tr>\n<td align=\"left\" height=\"32\"><b><span style=\"font-family: Liberation Serif\">Hlavn\u00e9 funkcie<\/span><\/b><\/td>\n<td align=\"left\"><span style=\"font-family: Liberation Serif\">\u00a0<\/span><\/td>\n<\/tr>\n<tr>\n<td align=\"left\" height=\"32\"><span style=\"font-family: Liberation Serif\">Dosah LRF detekcie<\/span><\/td>\n<td align=\"left\"><span style=\"font-family: Liberation Serif\">1000 m \/ 1200 yd<\/span><\/td>\n<\/tr>\n<tr>\n<td align=\"left\" height=\"32\"><span style=\"font-family: Liberation Serif\">Balistick\u00e1 kalkula\u010dka<\/span><\/td>\n<td align=\"left\"><span style=\"font-family: Liberation Serif\">\u00c1no<\/span><\/td>\n<\/tr>\n<tr>\n<td align=\"left\" height=\"32\"><span style=\"font-family: Liberation Serif\">PIP (Obraz v obraze)<\/span><\/td>\n<td align=\"left\"><span style=\"font-family: Liberation Serif\">\u00c1no<\/span><\/td>\n<\/tr>\n<tr>\n<td align=\"left\" height=\"32\"><span style=\"font-family: Liberation Serif\">Automatick\u00e9 nahr\u00e1vanie<\/span><\/td>\n<td align=\"left\"><span style=\"font-family: Liberation Serif\">\u00c1no<\/span><\/td>\n<\/tr>\n<tr>\n<td align=\"left\" height=\"32\"><span style=\"font-family: Liberation Serif\">Slu\u010dkov\u00e9 nahr\u00e1vanie<\/span><\/td>\n<td align=\"left\"><span style=\"font-family: Liberation Serif\">\u00c1no<\/span><\/td>\n<\/tr>\n<tr>\n<td align=\"left\" height=\"32\"><span style=\"font-family: Liberation Serif\">Mikrof\u00f3n<\/span><\/td>\n<td align=\"left\"><span style=\"font-family: Liberation Serif\">\u00c1no<\/span><\/td>\n<\/tr>\n<tr>\n<td align=\"left\" height=\"32\"><span style=\"font-family: Liberation Serif\">IR vlnov\u00e1 d\u013a\u017eka (nm)<\/span><\/td>\n<td align=\"left\"><span style=\"font-family: Liberation Serif\">850\/<strong>940<\/strong><\/span><\/td>\n<\/tr>\n<tr>\n<td align=\"left\" height=\"32\"><span style=\"font-family: Liberation Serif\">\u00darove\u0148 IR osvetlenia<\/span><\/td>\n<td align=\"left\"><span style=\"font-family: Liberation Serif\">3 \u00farovne<\/span><\/td>\n<\/tr>\n<tr>\n<td align=\"left\" height=\"17\"><b><span style=\"font-family: Liberation Serif\">Pripojenia<\/span><\/b><\/td>\n<td align=\"left\"><span style=\"font-family: Liberation Serif\">\u00a0<\/span><\/td>\n<\/tr>\n<tr>\n<td align=\"left\" height=\"17\"><span style=\"font-family: Liberation Serif\">USB Type-C<\/span><\/td>\n<td align=\"left\"><span style=\"font-family: Liberation Serif\">\u00c1no<\/span><\/td>\n<\/tr>\n<tr>\n<td align=\"left\" height=\"17\"><span style=\"font-family: Liberation Serif\">WiFi<\/span><\/td>\n<td align=\"left\"><span style=\"font-family: Liberation Serif\">\u00c1no<\/span><\/td>\n<\/tr>\n<tr>\n<td align=\"left\" height=\"32\"><span style=\"font-family: Liberation Serif\">Podporovan\u00e9 aplik\u00e1cie<\/span><\/td>\n<td align=\"left\"><span style=\"font-family: Liberation Serif\">PardVision<\/span><\/td>\n<\/tr>\n<tr>\n<td align=\"left\" height=\"32\"><b><span style=\"font-family: Liberation Serif\">Nap\u00e1janie<\/span><\/b><\/td>\n<td align=\"left\"><span style=\"font-family: Liberation Serif\">\u00a0<\/span><\/td>\n<\/tr>\n<tr>\n<td align=\"left\" height=\"32\"><span style=\"font-family: Liberation Serif\">Typ bat\u00e9rie<\/span><\/td>\n<td align=\"left\"><span style=\"font-family: Liberation Serif\">L\u00edtium-i\u00f3nov\u00e1 18650<\/span><\/td>\n<\/tr>\n<tr>\n<td align=\"left\" height=\"32\"><span style=\"font-family: Liberation Serif\">V\u00fdstupn\u00e9 nap\u00e4tie (V)<\/span><\/td>\n<td style=\"text-align: left\" align=\"right\"><span style=\"font-family: Liberation Serif\">3,7<\/span><\/td>\n<\/tr>\n<tr>\n<td align=\"left\" height=\"32\"><span style=\"font-family: Liberation Serif\">Prev\u00e1dzkov\u00fd \u010das (h, max)<\/span><\/td>\n<td align=\"left\"><span style=\"font-family: Liberation Serif\">\u22648<\/span><\/td>\n<\/tr>\n<tr>\n<td align=\"left\" height=\"32\"><span style=\"font-family: Liberation Serif\">Extern\u00e9 nap\u00e1janie (V)<\/span><\/td>\n<td align=\"left\"><span style=\"font-family: Liberation Serif\">Type-C<\/span><\/td>\n<\/tr>\n<tr>\n<td align=\"left\" height=\"47\"><b><span style=\"font-family: Liberation Serif\">Environment\u00e1lne vlastnosti<\/span><\/b><\/td>\n<td align=\"left\"><span style=\"font-family: Liberation Serif\">\u00a0<\/span><\/td>\n<\/tr>\n<tr>\n<td align=\"left\" height=\"47\"><span style=\"font-family: Liberation Serif\">Trieda ochrany<\/span><\/td>\n<td align=\"left\"><span style=\"font-family: Liberation Serif\">IP67<\/span><\/td>\n<\/tr>\n<tr>\n<td align=\"left\" height=\"47\"><span style=\"font-family: Liberation Serif\">Prev\u00e1dzkov\u00e1 teplota (\u00b0C\/\u00b0F)<\/span><\/td>\n<td align=\"left\"><span style=\"font-family: Liberation Serif\">-20 \u2103 ~ 50 \u2103 \/ -4 \u2109 ~ 122 \u2109<\/span><\/td>\n<\/tr>\n<tr>\n<td align=\"left\" height=\"62\"><span style=\"font-family: Liberation Serif\">Odolnos\u0165 vo\u010di sp\u00e4tn\u00e9mu r\u00e1zu (J)<\/span><\/td>\n<td style=\"text-align: left\" align=\"right\"><span style=\"font-family: Liberation Serif\">6000<\/span><\/td>\n<\/tr>\n<\/tbody>\n<\/table>\n<p>Ofici\u00e1lna str\u00e1nka zna\u010dky:<a href=\"https:\/\/pard.com\/store\/fd1-lrf-night-vision-front-clip-on\/\"> https:\/\/pard.com\/store\/fd1-lrf-night-vision-front-clip-on\/<\/a><\/p>\n","protected":false},"excerpt":{"rendered":"<p>A PARD FD1 \u00e9jjell\u00e1t\u00f3 el\u00fcls\u0151 c\u00e9lt\u00e1vcs\u00f6vet \u00fagy tervezt\u00e9k, hogy b\u00e1rmilyen puskat\u00e1vcs\u00f6vet cs\u00facsmin\u0151s\u00e9g\u0171 \u00e9jjell\u00e1t\u00f3 t\u00e1vcs\u0151v\u00e9 alak\u00edtson \u00e1t.<br \/>\n<strong>3v1<\/strong> el\u0151re be\u00e1ll\u00edtott, l\u00e1t\u00f3, megfigyel\u0151 \u00e9jszakai monokul\u00e1r.<\/p>","protected":false},"featured_media":3681,"template":"","meta":{"_gspb_post_css":""},"product_brand":[308],"product_cat":[335,145,21,334,332],"product_tag":[287,188,325,229,323,312],"class_list":{"0":"post-3849","1":"product","2":"type-product","3":"status-publish","4":"has-post-thumbnail","6":"product_brand-pard","7":"product_cat-monokulare-s-nocnym-videnim","8":"product_cat-nocne-videnie","9":"product_cat-optika","10":"product_cat-predsadky-s-nocnym-videnim","11":"product_cat-zameriavace-s-nocnym-videnim","12":"product_tag-fd1","13":"product_tag-monokular","14":"product_tag-nocne-videnie","15":"product_tag-pard","16":"product_tag-predsadka","17":"product_tag-zameriavac","19":"first","20":"instock","21":"taxable","22":"shipping-taxable","23":"purchasable","24":"product-type-simple"},"ct_brands":[{"id":308,"name":"Pard","slug":"pard"}],"_links":{"self":[{"href":"https:\/\/zbranebudai.sk\/hu\/wp-json\/wp\/v2\/product\/3849","targetHints":{"allow":["GET"]}}],"collection":[{"href":"https:\/\/zbranebudai.sk\/hu\/wp-json\/wp\/v2\/product"}],"about":[{"href":"https:\/\/zbranebudai.sk\/hu\/wp-json\/wp\/v2\/types\/product"}],"wp:featuredmedia":[{"embeddable":true,"href":"https:\/\/zbranebudai.sk\/hu\/wp-json\/wp\/v2\/media\/3681"}],"wp:attachment":[{"href":"https:\/\/zbranebudai.sk\/hu\/wp-json\/wp\/v2\/media?parent=3849"}],"wp:term":[{"taxonomy":"product_brand","embeddable":true,"href":"https:\/\/zbranebudai.sk\/hu\/wp-json\/wp\/v2\/product_brand?post=3849"},{"taxonomy":"product_cat","embeddable":true,"href":"https:\/\/zbranebudai.sk\/hu\/wp-json\/wp\/v2\/product_cat?post=3849"},{"taxonomy":"product_tag","embeddable":true,"href":"https:\/\/zbranebudai.sk\/hu\/wp-json\/wp\/v2\/product_tag?post=3849"}],"curies":[{"name":"wp","href":"https:\/\/api.w.org\/{rel}","templated":true}]}}