{"id":3813,"date":"2025-02-01T21:08:11","date_gmt":"2025-02-01T19:08:11","guid":{"rendered":"https:\/\/zbranebudai.sk\/?post_type=product&#038;p=3813"},"modified":"2025-08-31T03:53:31","modified_gmt":"2025-08-31T01:53:31","slug":"pard-ft32-lrf-hokamera-elotet-tavolsagmerovel-53-mm","status":"publish","type":"product","link":"https:\/\/zbranebudai.sk\/hu\/product\/pard-ft32-lrf-hokamera-elotet-tavolsagmerovel-53-mm\/","title":{"rendered":"Pard FT32 LRF 3in1 h\u0151kamera l\u00e9zeres t\u00e1vols\u00e1gm\u00e9r\u0151vel"},"content":{"rendered":"<p><strong>Pard FT32 LRF 3in1 h\u0151kamera l\u00e9zeres t\u00e1vols\u00e1gm\u00e9r\u0151vel<\/strong><\/p>\n<p>A Pard elind\u00edtja els\u0151\u00a0<strong>3 az 1-ben termikus el\u00fcls\u0151 k\u00e9szlet<\/strong>amit semmik\u00e9ppen sem szabad figyelmen k\u00edv\u00fcl hagyni - ez a\u00a0<strong>Pard FT32 LRF!<\/strong>\u00a0A Pardt\u00f3l megszokott m\u00f3don ez egy nagyon kompakt k\u00e9sz\u00fcl\u00e9k, amely a leg\u00fajabb technol\u00f3gi\u00e1t alkalmazva a gyors \u00e9s k\u00f6nny\u0171 kezelhet\u0151s\u00e9gre helyezi a hangs\u00falyt.\u00a0<strong>Az \u00faj modell f\u0151 el\u0151nye, hogy 3 az 1-ben eszk\u00f6zk\u00e9nt, azaz l\u00e1tcs\u0151k\u00e9nt, monokul\u00e1rk\u00e9nt \u00e9s l\u00e1tcs\u0151k\u00e9nt is haszn\u00e1lhat\u00f3.\u00a0<\/strong>Az el\u0151be\u00e1ll\u00edt\u00e1s monokul\u00e1rr\u00e1 alak\u00edt\u00e1s\u00e1hoz mind\u00f6ssze a csomagban tal\u00e1lhat\u00f3 okul\u00e1rra van sz\u00fcks\u00e9ge. L\u00e1tcs\u0151k\u00e9nt val\u00f3 haszn\u00e1lat eset\u00e9n egy foglalatot kell v\u00e1s\u00e1rolnia.<\/p>\n<ul>\n<li>3 az 1-ben - el\u00fcls\u0151 l\u00e1tcs\u0151, el\u00fcls\u0151 l\u00e1tcs\u0151 \u00e9s monokul\u00e1r<\/li>\n<li>Kiv\u00e1l\u00f3 min\u0151s\u00e9g\u0171 1440\u00d71080 px OLED kijelz\u0151<\/li>\n<li>H\u0151k\u00e9p\u00e9rz\u00e9kel\u0151 384 \u00d7 288 px<\/li>\n<li>Kompakt m\u00e9ret \u00e9s s\u00faly mind\u00f6ssze 480 g<\/li>\n<li>H\u0151m\u00e9rs\u00e9kleti \u00e9rz\u00e9kenys\u00e9g 25 mK<\/li>\n<li>\u00c9rz\u00e9kel\u00e9s 2600 m\u00e9terig*<\/li>\n<li>L\u00e9zeres t\u00e1vols\u00e1gm\u00e9r\u0151 ballisztikus sz\u00e1mol\u00f3g\u00e9ppel<\/li>\n<\/ul>\n<p><b>A Pard FT32 rendelkezik<\/b>\u00a0<strong>384 \u00d7 288 px felbont\u00e1s\u00fa h\u0151kamer\u00e1s \u00e9rz\u00e9kel\u0151<\/strong>amely a\u00a0<strong>h\u0151\u00e9rz\u00e9kenys\u00e9g NETD \u2264 25 mK<\/strong>\u00a0azonnal \u00e1talak\u00edtja a mindennapi c\u00e9lt\u00e1vcs\u00f6vet egy teljes \u00e9rt\u00e9k\u0171 h\u0151kamer\u00e1s t\u00e1vcs\u0151v\u00e9.<\/p>\n<p>K\u00f6sz\u00f6nhet\u0151en<strong>\u00a0<\/strong><strong>lencs\u00e9k<\/strong>\u00a0f\u00f3kuszt\u00e1vols\u00e1ggal\u00a0<strong>35 mm<\/strong>\u00a0A\u00a0<strong>\u00e9rz\u00e9kel\u00e9si t\u00e1vols\u00e1g<\/strong>\u00a0puska t\u00e1vcs\u0151 ak\u00e1r<strong>\u00a02 600 m\u00e9ter.\u00a0<\/strong>Min\u0151s\u00e9g\u00a0<strong>1440 x 1080 px OLED kijelz\u0151<\/strong>\u00a0f\u00e9nyes, kontrasztgazdag k\u00e9pet biztos\u00edt, mik\u00f6zben k\u00edm\u00e9letes a szemhez. Az el\u0151lap k\u00edn\u00e1l\u00a0<strong>6 megjelen\u00edt\u00e9si m\u00f3d<\/strong>\u00a0(White Hot, Black Hot, Edge, Red Hot, Iron Red Hot, Sky) \u00e9s h\u00e1rom megfigyel\u00e9si jelenet (City, Rain, Forest).<\/p>\n<p><strong>L\u00e9zeres t\u00e1vols\u00e1gm\u00e9r\u0151 (LRF)<\/strong>\u00a0<strong>\u00e9s ballisztikus sz\u00e1mol\u00f3g\u00e9p<\/strong>\u00a0lehet\u0151v\u00e9 teszi a vad\u00e1szok sz\u00e1m\u00e1ra, hogy gyorsan \u00e9s pontosan meghat\u00e1rozz\u00e1k a c\u00e9lpont t\u00e1vols\u00e1g\u00e1t, cs\u00f6kkentve ezzel a t\u00e9ves l\u00f6v\u00e9sek kock\u00e1zat\u00e1t. Ez k\u00fcl\u00f6n\u00f6sen igaz ismeretlen ter\u00fcleteken, ahol a t\u00e1vols\u00e1g meghat\u00e1roz\u00e1sa puszt\u00e1n h\u0151k\u00e9ppel gyakran neh\u00e9zkes.<\/p>\n<p>Egy legfeljebb 128 GB-os microSD-k\u00e1rtya (nem tartoz\u00e9k) telep\u00edt\u00e9s\u00e9vel a k\u00f6vetkez\u0151 lehet\u0151s\u00e9geket biztos\u00edthatja\u00a0<strong>Retrieved from<\/strong>\u00a0<strong>f\u00e9nyk\u00e9pek \u00e9s<\/strong>\u00a0<strong>vide\u00f3k<\/strong>.<strong>\u00a0<\/strong>A k\u00e9sz\u00fcl\u00e9k nagyon hasznos funkci\u00f3ja az is, hogy<strong>\u00a0automatikus felv\u00e9tel a felv\u00e9tel ut\u00e1n<\/strong>\u00a0\u00e9s a r\u00f6gz\u00edtett felv\u00e9telek azonnali megtekint\u00e9s\u00e9nek vagy t\u00f6rl\u00e9s\u00e9nek lehet\u0151s\u00e9ge. A k\u00e9sz\u00fcl\u00e9ket az USB-C kimeneten kereszt\u00fcl csatlakoztathatja sz\u00e1m\u00edt\u00f3g\u00e9phez.\u00a0<strong>Term\u00e9szetesen lehet\u0151s\u00e9g van arra is, hogy wi-fi-n kereszt\u00fcl csatlakozzon mobiltelefonj\u00e1hoz.<\/strong><\/p>\n<p>Az el\u0151be\u00e1ll\u00edt\u00e1s az IP67-es v\u00e9detts\u00e9gnek k\u00f6sz\u00f6nhet\u0151en tart\u00f3s (v\u00edzbe mer\u00fcl\u00e9s elleni v\u00e9delem, 30 perces mer\u00edt\u00e9s 1 m\u00e9teres m\u00e9lys\u00e9gig). A t\u00e1pell\u00e1t\u00e1sr\u00f3l egy \u00fajrat\u00f6lthet\u0151 18650-es akkumul\u00e1tor gondoskodik, 5 \u00f3r\u00e1s \u00fczemid\u0151vel. Az alv\u00f3 \u00fczemm\u00f3dnak k\u00f6sz\u00f6nhet\u0151en akkumul\u00e1tort takar\u00edt meg, \u00e9s lehet\u0151s\u00e9g van power bank csatlakoztat\u00e1s\u00e1ra.<\/p>\n<table border=\"0\" cellspacing=\"0\">\n<colgroup span=\"2\" width=\"85\"><\/colgroup>\n<tbody>\n<tr>\n<td align=\"left\" height=\"32\"><span style=\"font-family: Liberation Serif\">Felbont\u00e1s\u00a0<\/span><\/td>\n<td align=\"left\"><span style=\"font-family: Liberation Serif\">384 \u00d7 288 px<\/span><\/td>\n<\/tr>\n<tr>\n<td align=\"left\" height=\"32\"><span style=\"font-family: Liberation Serif\">H\u0151\u00e9rz\u00e9kenys\u00e9g<\/span><\/td>\n<td align=\"left\"><span style=\"font-family: Liberation Serif\">\u2264 25 mK<\/span><\/td>\n<\/tr>\n<tr>\n<td align=\"left\" height=\"32\"><span style=\"font-family: Liberation Serif\">Objekt\u00edv<\/span><\/td>\n<td align=\"left\"><span style=\"font-family: Liberation Serif\">35 mm<\/span><\/td>\n<\/tr>\n<tr>\n<td align=\"left\" height=\"32\"><span style=\"font-family: Liberation Serif\">\u00c9rz\u00e9kel\u00e9s<\/span><\/td>\n<td align=\"left\"><span style=\"font-family: Liberation Serif\">2 600 m<\/span><\/td>\n<\/tr>\n<tr>\n<td align=\"left\" height=\"32\"><span style=\"font-family: Liberation Serif\">Optikai nagy\u00edt\u00e1s<\/span><\/td>\n<td align=\"left\"><span style=\"font-family: Liberation Serif\">1\u00d7<\/span><\/td>\n<\/tr>\n<tr>\n<td align=\"left\" height=\"32\"><span style=\"font-family: Liberation Serif\">L\u00e1t\u00f3mez\u0151<\/span><\/td>\n<td align=\"left\"><span style=\"font-family: Liberation Serif\">7,5\u00b0 \u00d7 5,6\u00b0<\/span><\/td>\n<\/tr>\n<tr>\n<td align=\"left\" height=\"47\"><span style=\"font-family: Liberation Serif\">Kijelz\u0151 felbont\u00e1sa<\/span><\/td>\n<td align=\"left\"><span style=\"font-family: Liberation Serif\">1440 \u00d7 1080 px<\/span><\/td>\n<\/tr>\n<tr>\n<td align=\"left\" height=\"47\"><span style=\"font-family: Liberation Serif\">L\u00e9zeres t\u00e1vols\u00e1gm\u00e9r\u0151<\/span><\/td>\n<td align=\"left\"><span style=\"font-family: Liberation Serif\">Igen, 1 100 m<\/span><\/td>\n<\/tr>\n<tr>\n<td align=\"left\" height=\"32\"><span style=\"font-family: Liberation Serif\">Ballisztikus sz\u00e1mol\u00f3g\u00e9p<\/span><\/td>\n<td align=\"left\"><span style=\"font-family: Liberation Serif\">Igen<\/span><\/td>\n<\/tr>\n<tr>\n<td align=\"left\" height=\"32\"><span style=\"font-family: Liberation Serif\">Wi-fi<\/span><\/td>\n<td align=\"left\"><span style=\"font-family: Liberation Serif\">Igen<\/span><\/td>\n<\/tr>\n<tr>\n<td align=\"left\" height=\"32\"><span style=\"font-family: Liberation Serif\">Digit\u00e1lis zoom<\/span><\/td>\n<td align=\"left\"><span style=\"font-family: Liberation Serif\">Nem<\/span><\/td>\n<\/tr>\n<tr>\n<td align=\"left\" height=\"47\"><span style=\"font-family: Liberation Serif\">F\u00e9nyk\u00e9p k\u00e9sz\u00edt\u00e9s\u00e9nek lehet\u0151s\u00e9ge<\/span><\/td>\n<td align=\"left\"><span style=\"font-family: Liberation Serif\">Igen<\/span><\/td>\n<\/tr>\n<tr>\n<td align=\"left\" height=\"47\"><span style=\"font-family: Liberation Serif\">Vide\u00f3 k\u00e9sz\u00edt\u00e9s\u00e9nek lehet\u0151s\u00e9ge<\/span><\/td>\n<td align=\"left\"><span style=\"font-family: Liberation Serif\">Igen<\/span><\/td>\n<\/tr>\n<tr>\n<td align=\"left\" height=\"32\"><span style=\"font-family: Liberation Serif\">V\u00e9delmi fokozat<\/span><\/td>\n<td align=\"left\"><span style=\"font-family: Liberation Serif\">IP67<\/span><\/td>\n<\/tr>\n<tr>\n<td align=\"left\" height=\"32\"><span style=\"font-family: Liberation Serif\">Mem\u00f3ria<\/span><\/td>\n<td align=\"left\"><span style=\"font-family: Liberation Serif\">microSD, 128 GB<\/span><\/td>\n<\/tr>\n<tr>\n<td align=\"left\" height=\"32\"><span style=\"font-family: Liberation Serif\">\u00dczemi h\u0151m\u00e9rs\u00e9klet<\/span><\/td>\n<td align=\"left\"><span style=\"font-family: Liberation Serif\">-20 \u00b0C \u00e9s 50 \u00b0C k\u00f6z\u00f6tt<\/span><\/td>\n<\/tr>\n<tr>\n<td align=\"left\" height=\"32\"><span style=\"font-family: Liberation Serif\">Akkumul\u00e1torok<\/span><\/td>\n<td align=\"left\"><span style=\"font-family: Liberation Serif\">1\u00d7 Li-ion 18650<\/span><\/td>\n<\/tr>\n<tr>\n<td align=\"left\" height=\"17\"><span style=\"font-family: Liberation Serif\">Az akkumul\u00e1tor \u00e9lettartama<\/span><\/td>\n<td align=\"left\"><span style=\"font-family: Liberation Serif\">5 \u00f3ra.<\/span><\/td>\n<\/tr>\n<tr>\n<td align=\"left\" height=\"17\"><span style=\"font-family: Liberation Serif\">S\u00faly<\/span><\/td>\n<td align=\"left\"><span style=\"font-family: Liberation Serif\">480 g<\/span><\/td>\n<\/tr>\n<tr>\n<td align=\"left\" height=\"32\"><span style=\"font-family: Liberation Serif\">M\u00e9retek<\/span><\/td>\n<td align=\"left\"><span style=\"font-family: Liberation Serif\">154 \u00d7 79 \u00d7 82 mm<\/span><\/td>\n<\/tr>\n<\/tbody>\n<\/table>\n<div data-sanitized-data-mce-fragment=\"1\">\n<p><strong>A csomag tartalma:<\/strong><\/p>\n<\/div>\n<ul>\n<li>3 az 1-ben PARD FT32 LRF h\u0151kamer\u00e1s kamera<\/li>\n<li>Gyorskiold\u00f3 h\u00fcvely a kiv\u00e1lasztott m\u00e9retnek megfelel\u0151en<\/li>\n<li>0,8\/1,6\/2,4\/3,2 mm-es reduk\u00e1l\u00f3 gy\u0171r\u0171k<\/li>\n<li>Okul\u00e1rok monokul\u00e1rhoz\/l\u00e1tcs\u0151h\u00f6z<\/li>\n<li>1\u00d7 18650 \u00fajrat\u00f6lthet\u0151 akkumul\u00e1tor<\/li>\n<li>1\u00d7 USB-C k\u00e1bel<\/li>\n<li>Cseh \u00e9s szlov\u00e1k nyelv\u0171 utas\u00edt\u00e1sok<\/li>\n<\/ul>","protected":false},"excerpt":{"rendered":"<ul>\n<li>H\u0151k\u00e9p\u00e9rz\u00e9kel\u0151: 384 \u00d7 288 px, 12um.<\/li>\n<li>A h\u0151k\u00e9p\u00e9rz\u00e9kel\u0151 \u00e9rz\u00e9kenys\u00e9ge \u2264 25 mK.<\/li>\n<li>Objekt\u00edv: 35 mm.<\/li>\n<li>\u00c9rz\u00e9kel\u00e9si t\u00e1vols\u00e1g: 2 600 m.<\/li>\n<li>Optikai nagy\u00edt\u00e1s: 1x.<\/li>\n<li>OLED kijelz\u0151: 1440 x 1080 px.<\/li>\n<li>Az FT32-hez gyorskiold\u00f3s duralum\u00ednium adapter tartozik (42-62 mm).<\/li>\n<\/ul>","protected":false},"featured_media":3803,"template":"","meta":{"_gspb_post_css":""},"product_brand":[308],"product_cat":[21,144,328],"product_tag":[347,229,311,352],"class_list":{"0":"post-3813","1":"product","2":"type-product","3":"status-publish","4":"has-post-thumbnail","6":"product_brand-pard","7":"product_cat-optika","8":"product_cat-termovizie","9":"product_cat-termovizne-predsadky","10":"product_tag-laserovy-dialkomer","11":"product_tag-pard","12":"product_tag-termovizia","13":"product_tag-termovizna-predsadka","15":"first","16":"instock","17":"taxable","18":"shipping-taxable","19":"purchasable","20":"product-type-simple"},"ct_brands":[{"id":308,"name":"Pard","slug":"pard"}],"_links":{"self":[{"href":"https:\/\/zbranebudai.sk\/hu\/wp-json\/wp\/v2\/product\/3813","targetHints":{"allow":["GET"]}}],"collection":[{"href":"https:\/\/zbranebudai.sk\/hu\/wp-json\/wp\/v2\/product"}],"about":[{"href":"https:\/\/zbranebudai.sk\/hu\/wp-json\/wp\/v2\/types\/product"}],"wp:featuredmedia":[{"embeddable":true,"href":"https:\/\/zbranebudai.sk\/hu\/wp-json\/wp\/v2\/media\/3803"}],"wp:attachment":[{"href":"https:\/\/zbranebudai.sk\/hu\/wp-json\/wp\/v2\/media?parent=3813"}],"wp:term":[{"taxonomy":"product_brand","embeddable":true,"href":"https:\/\/zbranebudai.sk\/hu\/wp-json\/wp\/v2\/product_brand?post=3813"},{"taxonomy":"product_cat","embeddable":true,"href":"https:\/\/zbranebudai.sk\/hu\/wp-json\/wp\/v2\/product_cat?post=3813"},{"taxonomy":"product_tag","embeddable":true,"href":"https:\/\/zbranebudai.sk\/hu\/wp-json\/wp\/v2\/product_tag?post=3813"}],"curies":[{"name":"wp","href":"https:\/\/api.w.org\/{rel}","templated":true}]}}