{"id":3796,"date":"2025-02-01T21:07:42","date_gmt":"2025-02-01T19:07:42","guid":{"rendered":"https:\/\/zbranebudai.sk\/?post_type=product&#038;p=3796"},"modified":"2025-08-31T03:53:31","modified_gmt":"2025-08-31T01:53:31","slug":"pard-night-stalker-4k-lrf-ejjellato-celtavcso-940nm-4x","status":"publish","type":"product","link":"https:\/\/zbranebudai.sk\/hu\/product\/pard-night-stalker-4k-lrf-ejjellato-celtavcso-940nm-4x\/","title":{"rendered":"Pard Night Stalker 4K LRF 940nm 4x \u00e9jjell\u00e1t\u00f3 c\u00e9lt\u00e1vcs\u0151"},"content":{"rendered":"<p><strong>Pard Night Stalker 4K LRF 940nm 4x \u00e9jjell\u00e1t\u00f3 c\u00e9lt\u00e1vcs\u0151<\/strong><\/p>\n<p><strong>A PARD \u00e9s leg\u00fajabb digit\u00e1lis \u00e9jjell\u00e1t\u00f3 c\u00e9lt\u00e1vcs\u00f6ve - PARD Night Stalker 4K l\u00e9zeres t\u00e1vols\u00e1gm\u00e9r\u0151vel \u00e9s ballisztikai sz\u00e1m\u00edt\u00f3val. <\/strong>A k\u00f6vetkez\u0151kr\u0151l van sz\u00f3 <strong>multifunkcion\u00e1lis nappali \u00e9s \u00e9jszakai l\u00e1t\u00f3sz\u00f6g<\/strong> \u00e9lvonalbeli technol\u00f3gi\u00e1val <strong>PARD IREA<\/strong>. <strong>Night Stalker 4K<\/strong> t\u00f6bb l\u00e9p\u00e9ssel a versenyt\u00e1rsak el\u0151tt j\u00e1r, mivel a piacon els\u0151k\u00e9nt haszn\u00e1lja az \u00faj <strong>k\u00f6r alak\u00fa IPS LCD kijelz\u0151<\/strong> felbont\u00e1ssal <strong>800\u00d7800 px<\/strong>, ami garant\u00e1lja az olyan \u00e9lm\u00e9nyt, mint <strong>klasszikus c\u00e9lt\u00e1vcs\u0151 maxim\u00e1lis l\u00e1t\u00f3mez\u0151vel<\/strong>. Az eredm\u00e9ny <strong>nagyobb k\u00e9pfelbont\u00e1s<\/strong> a k\u00f6vetkez\u0151kkel egy\u00fctt <strong>nagy \u00e9rz\u00e9kenys\u00e9g\u0171 4K CMOS \u00e9rz\u00e9kel\u0151<\/strong> felbont\u00e1ssal <strong>3840\u00d72160 px<\/strong>.<\/p>\n<p>Pard Night Stalker 4K el\u00e9rhet\u0151 <strong>h\u00e1rom v\u00e1ltozatban<\/strong> optikai nagy\u00edt\u00e1ssal: 4x, 5,6x \u00e9s 8x. A 4x-es nagy\u00edt\u00e1s alkalmas r\u00f6videbb, kb. 100 m-es t\u00e1vols\u00e1gig terjed\u0151 vad\u00e1szathoz, amikor ez a nagy\u00edt\u00e1s biztos\u00edtja a legsz\u00e9lesebb l\u00e1t\u00f3mez\u0151t. K\u00f6zepes t\u00e1vols\u00e1gokra (100 m felett) t\u00f6rt\u00e9n\u0151 vad\u00e1szathoz mindenk\u00e9ppen a nagyobb, 5,6x-os nagy\u00edt\u00e1st fogja haszn\u00e1lni. Nagyobb t\u00e1vols\u00e1gokon t\u00f6rt\u00e9n\u0151 vad\u00e1szathoz pedig a 8x-os nagy\u00edt\u00e1st fogja szeretni.<\/p>\n<p><strong>\u00daj IPS LCD kijelz\u0151<\/strong>: Olyan kijelz\u0151, amely nagy tisztas\u00e1g\u00fa, egyenletes k\u00e9pet biztos\u00edt, gazdag kontraszttal. A n\u00e9z\u00e9s m\u00e9g term\u00e9szetesebb a gyors reakci\u00f3nak k\u00f6sz\u00f6nhet\u0151en, amelyet \u00fagy \u00e9rz\u00e9kel\u00fcnk, mintha hagyom\u00e1nyos nappali optik\u00e1n kereszt\u00fcl n\u00e9zn\u00e9nk!<\/p>\n<p><strong>Innovat\u00edv l\u00f6v\u00e9szet:<\/strong> Mostant\u00f3l minden eddigin\u00e9l k\u00f6nnyebben k\u00e9sz\u00edthet \u00e9jszakai felv\u00e9teleket. A kerek kijelz\u0151nek k\u00f6sz\u00f6nhet\u0151en a c\u00e9lz\u00e1si pont korrig\u00e1l\u00e1sakor m\u00e1r nem a keresztet, hanem a k\u00e9pet mozgatja. \u00cdgy a kereszt mindig t\u00f6k\u00e9letesen k\u00f6z\u00e9pen marad, \u00e9s megmarad a teljes l\u00e1t\u00f3mez\u0151. A PARD Night Stalker 4K 6 k\u00fcl\u00f6nb\u00f6z\u0151 kereszt, 4 sz\u00edn \u00e9s 5 lehets\u00e9ges l\u0151profil lehet\u0151s\u00e9g\u00e9t k\u00edn\u00e1lja.<\/p>\n<p><strong>L\u00e9zeres t\u00e1vols\u00e1gm\u00e9r\u0151 \u00e9s ballisztikus sz\u00e1mol\u00f3g\u00e9p<\/strong>V: A be\u00e9p\u00edtett ballisztikus sz\u00e1mol\u00f3g\u00e9p az 1000 m-es l\u00e9zeres t\u00e1vols\u00e1gm\u00e9r\u0151vel egy\u00fctt automatikusan kisz\u00e1m\u00edtja a rak\u00e9ta r\u00f6pp\u00e1ly\u00e1j\u00e1t, \u00e9s a m\u0171szer kijelz\u0151j\u00e9n megjelen\u00edti a becsap\u00f3d\u00e1si pontot. Ez a fejlett technol\u00f3gia nagyban seg\u00edti a tal\u00e1lati pontoss\u00e1got nagyobb t\u00e1vols\u00e1gokon.<\/p>\n<p><strong>\u00c9jszakai megfigyel\u00e9si tartom\u00e1ny ak\u00e1r 350 m:<\/strong> A PARD Night Stalker 4K-t \u00fagy tervezt\u00e9k, hogy t\u00f6k\u00e9letesen \u00e9rz\u00e9kelje a k\u00fcl\u00f6nb\u00f6z\u0151 c\u00e9lpontokat ak\u00e1r 350 m\u00e9teres t\u00e1vols\u00e1gb\u00f3l. A 4K \u00e9rz\u00e9kel\u0151vel \u00e9s az \u00faj, kiv\u00e1l\u00f3 min\u0151s\u00e9g\u0171 LCD-kijelz\u0151vel kombin\u00e1lva t\u00f6bb l\u00e9p\u00e9ssel a versenyt\u00e1rsak el\u0151tt j\u00e1r. A 940 nm-es IR-vil\u00e1g\u00edt\u00f3 h\u00e1rom megvil\u00e1g\u00edt\u00e1si intenzit\u00e1ssal \u00e9s \u00e1ll\u00edthat\u00f3 f\u00e9nyk\u00fappal rendelkezik, hogy a lehet\u0151 legjobban biztos\u00edtsa a c\u00e9lpontok t\u00f6k\u00e9letes \u00e9szlel\u00e9s\u00e9t.<\/p>\n<p><strong>Automatikus felv\u00e9tel a felv\u00e9tel ut\u00e1n:<\/strong> A visszar\u00fag\u00e1s r\u00f6gz\u00edt\u00e9se ut\u00e1n a k\u00e9sz\u00fcl\u00e9k automatikusan r\u00f6gz\u00edt egy 20 m\u00e1sodperces vide\u00f3t, amely a t\u00e9nyleges l\u00f6v\u00e9s el\u0151tt mind\u00f6ssze 8 m\u00e1sodperccel r\u00f6gz\u00edti a felv\u00e9telt. A videofelv\u00e9tel manu\u00e1lisan is vez\u00e9relhet\u0151, tetsz\u0151leges hossz\u00fas\u00e1g\u00fa felv\u00e9tellel. A PARD nagy felbont\u00e1s\u00fa felv\u00e9telek k\u00e9sz\u00edt\u00e9s\u00e9re is lehet\u0151s\u00e9get k\u00edn\u00e1l. A Wi-Fi kapcsolatnak k\u00f6sz\u00f6nhet\u0151en \u00e9l\u0151 vide\u00f3t streamelhet a k\u00e9sz\u00fcl\u00e9kr\u0151l a telefonj\u00e1ra.<\/p>\n<table border=\"0\" cellspacing=\"0\">\n<colgroup span=\"4\" width=\"85\"><\/colgroup>\n<tbody>\n<tr>\n<td colspan=\"2\" align=\"left\" height=\"32\"><b><span style=\"font-family: Liberation Serif\">Opci\u00f3\u00a0<\/span><\/b><\/td>\n<td align=\"left\"><span style=\"font-family: Liberation Serif\">50 mm<\/span><\/td>\n<td align=\"left\"><span style=\"font-family: Liberation Serif\">70 mm<\/span><\/td>\n<\/tr>\n<tr>\n<td colspan=\"2\" align=\"left\" height=\"32\"><b><span style=\"font-family: Liberation Serif\">Nagy\u00edt\u00e1s\u00a0<\/span><\/b><\/td>\n<td align=\"left\"><span style=\"font-family: Liberation Serif\">4x\/8x\/12x\/16x<\/span><\/td>\n<td align=\"left\"><span style=\"font-family: Liberation Serif\">5,6x\/11,2x\/16,8x\/22,4x<\/span><\/td>\n<\/tr>\n<tr>\n<td rowspan=\"3\" align=\"left\" height=\"81\"><b><span style=\"font-family: Liberation Serif\">L\u00e1t\u00f3mez\u0151<\/span><\/b><\/td>\n<td align=\"left\"><b><span style=\"font-family: Liberation Serif\">V\u00edzszintes<\/span><\/b><\/td>\n<td align=\"left\"><span style=\"font-family: Liberation Serif\">4.8\u00b0<\/span><\/td>\n<td align=\"left\"><span style=\"font-family: Liberation Serif\">3.4\u00b0<\/span><\/td>\n<\/tr>\n<tr>\n<td align=\"left\"><b><span style=\"font-family: Liberation Serif\">F\u00fcgg\u0151leges<\/span><\/b><\/td>\n<td align=\"left\"><span style=\"font-family: Liberation Serif\">4.8\u00b0<\/span><\/td>\n<td align=\"left\"><span style=\"font-family: Liberation Serif\">3.4\u00b0<\/span><\/td>\n<\/tr>\n<tr>\n<td align=\"left\"><b><span style=\"font-family: Liberation Serif\">Diagon\u00e1lis<\/span><\/b><\/td>\n<td align=\"left\"><span style=\"font-family: Liberation Serif\">6.8\u00b0<\/span><\/td>\n<td align=\"left\"><span style=\"font-family: Liberation Serif\">4.8\u00b0<\/span><\/td>\n<\/tr>\n<tr>\n<td colspan=\"2\" align=\"left\" height=\"32\"><b><span style=\"font-family: Liberation Serif\">\u00c9rz\u00e9kel\u0151 felbont\u00e1sa<\/span><\/b><\/td>\n<td align=\"left\"><span style=\"font-family: Liberation Serif\">Pard 4K, 3840x2160px<\/span><\/td>\n<td align=\"left\"><span style=\"font-family: Liberation Serif\">Pard 4K, 3840x2160px<\/span><\/td>\n<\/tr>\n<tr>\n<td colspan=\"2\" align=\"left\" height=\"17\"><b><span style=\"font-family: Liberation Serif\">Pixel m\u00e9ret\u00a0<\/span><\/b><\/td>\n<td colspan=\"2\" align=\"left\"><span style=\"font-family: Liberation Serif\">2.0um<\/span><\/td>\n<\/tr>\n<tr>\n<td colspan=\"2\" align=\"left\" height=\"32\"><b><span style=\"font-family: Liberation Serif\">\u00c9rz\u00e9kenys\u00e9g\u00a0<\/span><\/b><\/td>\n<td colspan=\"2\" align=\"left\"><span style=\"font-family: Liberation Serif\">0.001lux<\/span><\/td>\n<\/tr>\n<tr>\n<td colspan=\"2\" align=\"left\" height=\"32\"><b><span style=\"font-family: Liberation Serif\">K\u00e9pfeldolgoz\u00f3 algoritmus<\/span><\/b><\/td>\n<td colspan=\"2\" align=\"left\"><span style=\"font-family: Liberation Serif\">Pard IREA<\/span><\/td>\n<\/tr>\n<tr>\n<td colspan=\"2\" align=\"left\" height=\"32\"><b><span style=\"font-family: Liberation Serif\">M\u00f3d<\/span><\/b><\/td>\n<td colspan=\"2\" align=\"left\"><span style=\"font-family: Liberation Serif\">Sz\u00edn\/Fekete\/Fekete\/Feh\u00e9r\/Z\u00f6ld\/S\u00e1rga<\/span><\/td>\n<\/tr>\n<tr>\n<td colspan=\"2\" align=\"left\" height=\"17\"><b><span style=\"font-family: Liberation Serif\">Kijelz\u0151\u00a0<\/span><\/b><\/td>\n<td colspan=\"2\" align=\"left\"><span style=\"font-family: Liberation Serif\">Kerek IPS LCD 800\u00d7800 px<\/span><\/td>\n<\/tr>\n<tr>\n<td colspan=\"2\" align=\"left\" height=\"32\"><b><span style=\"font-family: Liberation Serif\">Dioptri\u00e1s korrekci\u00f3<\/span><\/b><\/td>\n<td colspan=\"2\" align=\"left\"><span style=\"font-family: DejaVu Sans\">-5D\uff5e+5D<\/span><\/td>\n<\/tr>\n<tr>\n<td colspan=\"2\" align=\"left\" height=\"17\"><b><span style=\"font-family: Liberation Serif\">L\u00e9zeres t\u00e1vols\u00e1gm\u00e9r\u0151\u00a0<\/span><\/b><\/td>\n<td colspan=\"2\" align=\"left\"><span style=\"font-family: Liberation Serif\">Igen, 1000 m<\/span><\/td>\n<\/tr>\n<tr>\n<td colspan=\"2\" align=\"left\" height=\"17\"><b><span style=\"font-family: Liberation Serif\">Ballisztikus kalkul\u00e1tor<\/span><\/b><\/td>\n<td colspan=\"2\" align=\"left\"><span style=\"font-family: Liberation Serif\">Igen<\/span><\/td>\n<\/tr>\n<tr>\n<td colspan=\"2\" align=\"left\" height=\"17\"><b><span style=\"font-family: Liberation Serif\">PIP<\/span><\/b><\/td>\n<td colspan=\"2\" align=\"left\"><span style=\"font-family: Liberation Serif\">Igen<\/span><\/td>\n<\/tr>\n<tr>\n<td colspan=\"2\" align=\"left\" height=\"17\"><b><span style=\"font-family: Liberation Serif\">Wi-Fi<\/span><\/b><\/td>\n<td colspan=\"2\" align=\"left\"><span style=\"font-family: Liberation Serif\">Igen<\/span><\/td>\n<\/tr>\n<tr>\n<td colspan=\"2\" align=\"left\" height=\"17\"><b><span style=\"font-family: Liberation Serif\">Micro-SD k\u00e1rtya<\/span><\/b><\/td>\n<td colspan=\"2\" align=\"left\"><span style=\"font-family: Liberation Serif\">128GB(Max)<\/span><\/td>\n<\/tr>\n<tr>\n<td colspan=\"2\" align=\"left\" height=\"17\"><b><span style=\"font-family: Liberation Serif\">Gyroszk\u00f3p<\/span><\/b><\/td>\n<td colspan=\"2\" align=\"left\"><span style=\"font-family: Liberation Serif\">Igen<\/span><\/td>\n<\/tr>\n<tr>\n<td colspan=\"2\" align=\"left\" height=\"32\"><b><span style=\"font-family: Liberation Serif\">Automatikus videofelv\u00e9tel\u00a0<\/span><\/b><\/td>\n<td colspan=\"2\" align=\"left\"><span style=\"font-family: Liberation Serif\">Igen<\/span><\/td>\n<\/tr>\n<tr>\n<td colspan=\"2\" align=\"left\" height=\"32\"><b><span style=\"font-family: Liberation Serif\">F\u00e9nyk\u00e9pek \u00e9s vide\u00f3k k\u00e9sz\u00edt\u00e9se<\/span><\/b><\/td>\n<td colspan=\"2\" align=\"left\"><span style=\"font-family: Liberation Serif\">Igen<\/span><\/td>\n<\/tr>\n<tr>\n<td colspan=\"2\" align=\"left\" height=\"17\"><b><span style=\"font-family: Liberation Serif\">Ir\u00e1nyt\u0171<\/span><\/b><\/td>\n<td colspan=\"2\" align=\"left\"><span style=\"font-family: Liberation Serif\">Elektronikus<\/span><\/td>\n<\/tr>\n<tr>\n<td colspan=\"2\" align=\"left\" height=\"17\"><b><span style=\"font-family: Liberation Serif\">Mikrofon\u00a0<\/span><\/b><\/td>\n<td colspan=\"2\" align=\"left\"><span style=\"font-family: Liberation Serif\">Igen\u00a0<\/span><\/td>\n<\/tr>\n<tr>\n<td colspan=\"2\" align=\"left\" height=\"17\"><b><span style=\"font-family: Liberation Serif\">USB t\u00edpus<\/span><\/b><\/td>\n<td colspan=\"2\" align=\"left\"><span style=\"font-family: Liberation Serif\">C t\u00edpus<\/span><\/td>\n<\/tr>\n<tr>\n<td colspan=\"2\" align=\"left\" height=\"17\"><b><span style=\"font-family: Liberation Serif\">HDMI kimenet<\/span><\/b><\/td>\n<td colspan=\"2\" align=\"left\"><span style=\"font-family: Liberation Serif\">Igen<\/span><\/td>\n<\/tr>\n<tr>\n<td colspan=\"2\" align=\"left\" height=\"17\"><b><span style=\"font-family: Liberation Serif\">Dawn<\/span><\/b><\/td>\n<td colspan=\"2\" align=\"left\"><span style=\"font-family: Liberation Serif\">940nm, 5W<\/span><\/td>\n<\/tr>\n<tr>\n<td colspan=\"2\" align=\"left\" height=\"17\"><b><span style=\"font-family: Liberation Serif\">A megvil\u00e1g\u00edt\u00e1s t\u00e1vols\u00e1ga<\/span><\/b><\/td>\n<td colspan=\"2\" align=\"left\"><span style=\"font-family: Liberation Serif\">350 m-ig<\/span><\/td>\n<\/tr>\n<tr>\n<td colspan=\"2\" align=\"left\" height=\"17\"><b><span style=\"font-family: Liberation Serif\">Akkumul\u00e1tor t\u00edpusa<\/span><\/b><\/td>\n<td colspan=\"2\" align=\"left\"><span style=\"font-family: Liberation Serif\">L\u00edtium-ion 18650<\/span><\/td>\n<\/tr>\n<tr>\n<td colspan=\"2\" align=\"left\" height=\"17\"><b><span style=\"font-family: Liberation Serif\">Az akkumul\u00e1tor \u00e9lettartama<\/span><\/b><\/td>\n<td colspan=\"2\" align=\"left\"><span style=\"font-family: Liberation Serif\">8 \u00f3ra<\/span><\/td>\n<\/tr>\n<tr>\n<td colspan=\"2\" align=\"left\" height=\"17\"><b><span style=\"font-family: Liberation Serif\">Rugalmass\u00e1g<\/span><\/b><\/td>\n<td colspan=\"2\" align=\"left\"><span style=\"font-family: Liberation Serif\">IP67<\/span><\/td>\n<\/tr>\n<tr>\n<td colspan=\"2\" align=\"left\" height=\"17\"><b><span style=\"font-family: Liberation Serif\">\u00dczemi h\u0151m\u00e9rs\u00e9klet<\/span><\/b><\/td>\n<td colspan=\"2\" align=\"left\"><span style=\"font-family: DejaVu Sans\">-20\u2103\uff5e50\u2103<\/span><\/td>\n<\/tr>\n<tr>\n<td colspan=\"2\" align=\"left\" height=\"17\"><b><span style=\"font-family: Liberation Serif\">M\u00e9retek<\/span><\/b><\/td>\n<td colspan=\"2\" align=\"left\"><span style=\"font-family: Liberation Serif\">396mm*125mm*110mm<\/span><\/td>\n<\/tr>\n<tr>\n<td colspan=\"2\" align=\"left\" height=\"17\"><b><span style=\"font-family: Liberation Serif\">S\u00faly<\/span><\/b><\/td>\n<td colspan=\"2\" align=\"left\"><span style=\"font-family: Liberation Serif\">680g<\/span><\/td>\n<\/tr>\n<\/tbody>\n<\/table>\n<p><strong>A csomag tartalma:<\/strong><\/p>\n<ul>\n<li>L\u00e1tv\u00e1ny PARD Night Stalker 4K<\/li>\n<li>Min\u0151s\u00e9gi sz\u00e1ll\u00edt\u00f3t\u00e1ska<\/li>\n<li>USB-C csatlakoz\u00f3k\u00e1bel<\/li>\n<li>Cseh nyelv\u0171 utas\u00edt\u00e1sok<\/li>\n<li>Tiszt\u00edt\u00f3 kend\u0151 optik\u00e1hoz<\/li>\n<li>1x 18650 \u00fajrat\u00f6lthet\u0151 akkumul\u00e1tor<\/li>\n<li>Szerel\u00e9s (2x 30mm-es gy\u0171r\u0171k)<\/li>\n<\/ul>\n<p>Hivatalos m\u00e1rkaoldal: <a href=\"https:\/\/pard.com\/europe\/night-stalker-4k\/\">https:\/\/pard.com\/europe\/night-stalker-4k\/<\/a><\/p>","protected":false},"excerpt":{"rendered":"<p><strong>PARD Night Stalker 4K<\/strong> v\u00e1ltoz\u00f3 nagy\u00edt\u00e1ssal, <strong>l\u00e9zeres t\u00e1vols\u00e1gm\u00e9r\u0151 1000 m-es hat\u00f3t\u00e1vols\u00e1ggal<\/strong> a <strong>ballisztikus sz\u00e1mol\u00f3g\u00e9p<\/strong>.<\/p>\n<ul>\n<li><strong>Nappali\/\u00e9jszakai rendszer<\/strong> - sz\u00ednes k\u00e9p nappal, fekete-feh\u00e9r \u00e9jszaka<\/li>\n<li><strong>Megfigyel\u00e9si tartom\u00e1ny s\u00f6t\u00e9tben ak\u00e1r 350 m-ig<\/strong><\/li>\n<li><strong>Optikai nagy\u00edt\u00e1s 4x, 5,6x vagy 8x<\/strong><\/li>\n<li><strong>Digit\u00e1lis zoom 2x<\/strong><\/li>\n<li><strong>800\u00d7800 px k\u00f6r alak\u00fa IPS kijelz\u0151<\/strong><\/li>\n<li><strong>940 nm-es intenzit\u00e1s 3 szintje<\/strong><\/li>\n<li><strong>K\u00e9p a k\u00e9pben (PIP) funkci\u00f3<\/strong><\/li>\n<li><strong>3840\u00d72160 4K felbont\u00e1s<\/strong><\/li>\n<\/ul>","protected":false},"featured_media":3877,"template":"","meta":{"_gspb_post_css":""},"product_brand":[308],"product_cat":[145,21,331],"product_tag":[325,229,324],"class_list":{"0":"post-3796","1":"product","2":"type-product","3":"status-publish","4":"has-post-thumbnail","6":"product_brand-pard","7":"product_cat-nocne-videnie","8":"product_cat-optika","9":"product_cat-puskohlady-s-nocnym-videnim","10":"product_tag-nocne-videnie","11":"product_tag-pard","12":"product_tag-puskohlad","14":"first","15":"instock","16":"taxable","17":"shipping-taxable","18":"purchasable","19":"product-type-simple"},"ct_brands":[{"id":308,"name":"Pard","slug":"pard"}],"_links":{"self":[{"href":"https:\/\/zbranebudai.sk\/hu\/wp-json\/wp\/v2\/product\/3796","targetHints":{"allow":["GET"]}}],"collection":[{"href":"https:\/\/zbranebudai.sk\/hu\/wp-json\/wp\/v2\/product"}],"about":[{"href":"https:\/\/zbranebudai.sk\/hu\/wp-json\/wp\/v2\/types\/product"}],"wp:featuredmedia":[{"embeddable":true,"href":"https:\/\/zbranebudai.sk\/hu\/wp-json\/wp\/v2\/media\/3877"}],"wp:attachment":[{"href":"https:\/\/zbranebudai.sk\/hu\/wp-json\/wp\/v2\/media?parent=3796"}],"wp:term":[{"taxonomy":"product_brand","embeddable":true,"href":"https:\/\/zbranebudai.sk\/hu\/wp-json\/wp\/v2\/product_brand?post=3796"},{"taxonomy":"product_cat","embeddable":true,"href":"https:\/\/zbranebudai.sk\/hu\/wp-json\/wp\/v2\/product_cat?post=3796"},{"taxonomy":"product_tag","embeddable":true,"href":"https:\/\/zbranebudai.sk\/hu\/wp-json\/wp\/v2\/product_tag?post=3796"}],"curies":[{"name":"wp","href":"https:\/\/api.w.org\/{rel}","templated":true}]}}