{"id":3795,"date":"2025-02-01T21:07:42","date_gmt":"2025-02-01T19:07:42","guid":{"rendered":"https:\/\/zbranebudai.sk\/?post_type=product&#038;p=3795"},"modified":"2025-08-31T03:53:31","modified_gmt":"2025-08-31T01:53:31","slug":"pard-night-stalker-4k-lrf-ejjellato-celtavcso-850nm-4x","status":"publish","type":"product","link":"https:\/\/zbranebudai.sk\/hu\/product\/pard-night-stalker-4k-lrf-ejjellato-celtavcso-850nm-4x\/","title":{"rendered":"Pard Night Stalker 4K LRF \u00e9jjell\u00e1t\u00f3 c\u00e9lt\u00e1vcs\u0151 850nm 4x"},"content":{"rendered":"<p><strong>Pard Night Stalker 4K LRF \u00e9jjell\u00e1t\u00f3 c\u00e9lt\u00e1vcs\u0151 850nm 4x<\/strong><\/p>\n<p><strong>A PARD \u00e9s leg\u00fajabb digit\u00e1lis \u00e9jjell\u00e1t\u00f3ja egy puskat\u00e1vcs\u0151 form\u00e1j\u00e1ban - PARD Night Stalker 4K<\/strong> l\u00e9zeres t\u00e1vols\u00e1gm\u00e9r\u0151vel \u00e9s ballisztikus sz\u00e1mol\u00f3g\u00e9ppel. Ez egy t\u00f6bbfunkci\u00f3s nappali \u00e9s \u00e9jszakai c\u00e9lt\u00e1vcs\u0151, cs\u00facstechnol\u00f3gi\u00e1val. <strong>PARD IREA<\/strong>. <strong>Night Stalker 4K<\/strong> t\u00f6bb l\u00e9p\u00e9ssel a versenyt\u00e1rsak el\u0151tt j\u00e1r, mivel a piacon els\u0151k\u00e9nt haszn\u00e1lja az \u00faj k\u00f6rk\u00f6r\u00f6s <strong>IPS LCD kijelz\u0151 800\u00d7800 px felbont\u00e1ssal<\/strong>amely egy klasszikus c\u00e9lt\u00e1vcs\u0151h\u00f6z hasonl\u00f3 \u00e9lm\u00e9nyt ny\u00fajt, maxim\u00e1lis l\u00e1t\u00f3mez\u0151vel. Az eredm\u00e9ny egy nagyobb felbont\u00e1s\u00fa k\u00e9p, kombin\u00e1lva egy nagy \u00e9rz\u00e9kenys\u00e9g\u0171 <strong>4K CMOS \u00e9rz\u00e9kel\u0151<\/strong> felbont\u00e1ssal <strong>3840\u00d72160 px<\/strong>.<\/p>\n<p><strong>H\u00e1rom optikai nagy\u00edt\u00e1si lehet\u0151s\u00e9g<\/strong><\/p>\n<p>A PARD Night Stalker 4K h\u00e1rom v\u00e1ltozatban kaphat\u00f3 optikai nagy\u00edt\u00e1s szerint: <strong>4\u00d7, 5,6\u00d7 a 8\u00d7<\/strong>.<\/p>\n<ul>\n<li><strong>Nagy\u00edt\u00e1s 4\u00d7<\/strong> ide\u00e1lis a vad\u00e1szathoz r\u00f6videbb, kb. 100 m-es t\u00e1vols\u00e1gig, a legsz\u00e9lesebb l\u00e1t\u00f3mez\u0151t biztos\u00edtva.<\/li>\n<li><strong>Nagy\u00edt\u00e1s 5.6\u00d7<\/strong> k\u00f6zepes t\u00e1vols\u00e1gokra (100 m+) tervezt\u00e9k.<\/li>\n<li><strong>Nagy\u00edt\u00e1s 8\u00d7<\/strong> a vad\u00e1szok nagyra \u00e9rt\u00e9kelik, amikor nagyobb t\u00e1vols\u00e1gokra vad\u00e1sznak.<\/li>\n<\/ul>\n<p><strong>\u00daj IPS LCD kijelz\u0151<\/strong><\/p>\n<p>A kijelz\u0151 a k\u00f6vetkez\u0151ket k\u00edn\u00e1lja <strong>Rendk\u00edv\u00fcl tiszta \u00e9s egyenletes k\u00e9p, gazdag kontraszttal<\/strong>. A hagyom\u00e1nyos nappali optik\u00e1hoz hasonl\u00f3, az emberi szem \u00e1ltal \u00e9rz\u00e9kelt gyors reakci\u00f3nak k\u00f6sz\u00f6nhet\u0151en a n\u00e9z\u00e9s m\u00e9g term\u00e9szetesebb.<\/p>\n<p><strong>Innovat\u00edv l\u00f6v\u00e9szet<\/strong><\/p>\n<p>Most minden eddigin\u00e9l k\u00f6nnyebben k\u00e9sz\u00edthet \u00e9jszakai felv\u00e9teleket. A k\u00f6rk\u00f6r\u00f6s kijelz\u0151nek k\u00f6sz\u00f6nhet\u0151en a c\u00e9lz\u00e1si pont korrig\u00e1l\u00e1sakor <strong>nem a keresztet mozgatj\u00e1tok, hanem a k\u00e9pet.<\/strong>\u00edgy a kereszt mindig t\u00f6k\u00e9letesen k\u00f6z\u00e9pen marad, \u00e9s a teljes l\u00e1t\u00f3mez\u0151 megmarad.<br \/>\n<strong>Night Stalker 4K aj\u00e1nlatok:<\/strong><\/p>\n<ul>\n<li><strong>6 k\u00fcl\u00f6nb\u00f6z\u0151 kereszt<\/strong><\/li>\n<li><strong>4 sz\u00ednv\u00e1ltozat<\/strong><\/li>\n<li><strong>5 l\u00f6v\u00e9si profil<\/strong><\/li>\n<\/ul>\n<p><strong>L\u00e9zeres t\u00e1vols\u00e1gm\u00e9r\u0151 \u00e9s ballisztikus sz\u00e1mol\u00f3g\u00e9p<\/strong><\/p>\n<p>Integr\u00e1lt <strong>ballisztikus sz\u00e1mol\u00f3g\u00e9p<\/strong> a <strong>l\u00e9zeres t\u00e1vols\u00e1gm\u00e9r\u0151 1000 m-en<\/strong> automatikusan kisz\u00e1m\u00edtja a rak\u00e9ta r\u00f6pp\u00e1ly\u00e1j\u00e1t, \u00e9s megjelen\u00edti a becsap\u00f3d\u00e1si pontot a k\u00e9sz\u00fcl\u00e9k kijelz\u0151j\u00e9n. Ez a fejlett technol\u00f3gia jelent\u0151sen n\u00f6veli a tal\u00e1latok pontoss\u00e1g\u00e1t nagyobb t\u00e1vols\u00e1gokon.<\/p>\n<p><strong>\u00c9jszakai megfigyel\u00e9s 350 m-ig<\/strong><\/p>\n<p>A PARD Night Stalker 4K a k\u00f6vetkez\u0151kre lett tervezve <strong>t\u00f6k\u00e9letes c\u00e9l\u00e9rz\u00e9kel\u00e9s 350 m-ig<\/strong>. A k\u00f6vetkez\u0151vel kombin\u00e1lva <strong>4K \u00e9rz\u00e9kel\u0151<\/strong> \u00e9s \u00faj <strong>kiv\u00e1l\u00f3 min\u0151s\u00e9g\u0171 LCD kijelz\u0151<\/strong> t\u00f6bb l\u00e9p\u00e9ssel a versenyt\u00e1rsak el\u0151tt j\u00e1r. <strong>IR megvil\u00e1g\u00edt\u00e1s 850 nm<\/strong> \u00e1ltal felaj\u00e1nlott <strong>h\u00e1rom intenzit\u00e1si szint<\/strong> a <strong>\u00e1ll\u00edthat\u00f3 f\u00e9nyk\u00fap<\/strong> az optim\u00e1lis c\u00e9lmegjelen\u00edt\u00e9shez.<\/p>\n<p><strong>Automatikus felv\u00e9tel a felv\u00e9tel ut\u00e1n<\/strong><\/p>\n<p>A visszar\u00fag\u00e1s r\u00f6gz\u00edt\u00e9se ut\u00e1n a m\u0171szer <strong>automatikusan felt\u00f6lt egy 20 m\u00e1sodperces vide\u00f3t<\/strong>mik\u00f6zben a m\u00e1r meg\u00f6r\u00f6k\u00edtett <strong>8 m\u00e1sodperccel a l\u00f6v\u00e9s el\u0151tt<\/strong>.<br \/>\nA videofelv\u00e9tel is vez\u00e9relhet\u0151 <strong>K\u00e9zi<\/strong> b\u00e1rmilyen rekordhossz\u00fas\u00e1ggal. A PARD lehet\u0151v\u00e9 teszi tov\u00e1bb\u00e1 <strong>nagy felbont\u00e1s\u00fa fot\u00f3z\u00e1s<\/strong> a <strong>\u00e9l\u0151 k\u00e9p\u00e1tvitel Wi-Fi-n kereszt\u00fcl a telefonra<\/strong>.<\/p>\n<p><strong>Innovat\u00edv vez\u00e9rl\u00e9s<\/strong><\/p>\n<p>\u00daj <strong>forgat\u00f3gomb<\/strong> lehet\u0151v\u00e9 tette <strong>gyors, intuit\u00edv \u00e9s k\u00f6nnyen haszn\u00e1lhat\u00f3<\/strong>. K\u00fcl\u00f6n\u00f6sen akkor fogja \u00e9rt\u00e9kelni, ha <strong>a k\u00e9sz\u00fcl\u00e9k t\u00fczel\u00e9se \u00e9s be\u00e1ll\u00edt\u00e1sa<\/strong>ahol az eg\u00e9sz folyamat jelent\u0151sen felgyorsul.<\/p>\n<p><strong>\u00daj sz\u00ednm\u00f3dok<\/strong><\/p>\n<p>A k\u00e9pet testre szabhatja a k\u00f6vetkez\u0151k szerint <strong>a kiv\u00e1lasztott sz\u00ednm\u00f3d<\/strong>ami biztos\u00edtja <strong>kiv\u00e9teles alkalmazkod\u00f3k\u00e9pess\u00e9g a k\u00fcl\u00f6nb\u00f6z\u0151 k\u00f6rnyezetekben<\/strong>.<\/p>\n<table border=\"0\" cellspacing=\"0\">\n<colgroup span=\"6\" width=\"85\"><\/colgroup>\n<tbody>\n<tr>\n<td colspan=\"2\" align=\"left\" height=\"32\"><b><span style=\"font-family: Liberation Serif\">Opci\u00f3\u00a0<\/span><\/b><\/td>\n<td colspan=\"2\" align=\"left\"><span style=\"font-family: Liberation Serif\">50 mm<\/span><\/td>\n<td align=\"left\"><span style=\"font-family: Liberation Serif\">70 mm<\/span><\/td>\n<td align=\"left\">100mm<\/td>\n<\/tr>\n<tr>\n<td rowspan=\"3\" align=\"left\" height=\"140\"><b><span style=\"font-family: Liberation Serif\">L\u00e1t\u00f3mez\u0151<\/span><\/b><\/td>\n<td align=\"left\"><b><span style=\"font-family: Liberation Serif\">V\u00edzszintes<\/span><\/b><\/td>\n<td colspan=\"2\" align=\"left\"><span style=\"font-family: Liberation Serif\">4.6\u00b0<\/span><\/td>\n<td align=\"left\"><span style=\"font-family: Liberation Serif\">3.3\u00b0<\/span><\/td>\n<td align=\"left\"><span style=\"font-family: Liberation Serif\">2.3\u00b0<\/span><\/td>\n<\/tr>\n<tr>\n<td align=\"left\"><b><span style=\"font-family: Liberation Serif\">F\u00fcgg\u0151leges<\/span><\/b><\/td>\n<td colspan=\"2\" align=\"left\"><span style=\"font-family: Liberation Serif\">4.6\u00b0<\/span><\/td>\n<td align=\"left\"><span style=\"font-family: Liberation Serif\">3.3\u00b0<\/span><\/td>\n<td align=\"left\"><span style=\"font-family: Liberation Serif\">2.3\u00b0<\/span><\/td>\n<\/tr>\n<tr>\n<td align=\"left\"><b><span style=\"font-family: Liberation Serif\">Diagon\u00e1lis<\/span><\/b><\/td>\n<td colspan=\"2\" align=\"left\"><span style=\"font-family: Liberation Serif\">6.5\u00ba<\/span><\/td>\n<td align=\"left\"><span style=\"font-family: Liberation Serif\">4.6\u00ba<\/span><\/td>\n<td align=\"left\"><span style=\"font-family: Liberation Serif\">3.2\u00b0<\/span><\/td>\n<\/tr>\n<tr>\n<td colspan=\"2\" align=\"left\" height=\"32\"><b><span style=\"font-family: Liberation Serif\">\u00c9rz\u00e9kel\u0151 felbont\u00e1sa<\/span><\/b><\/td>\n<td colspan=\"2\" align=\"left\"><span style=\"font-family: Liberation Serif\">Pard 4K, 3840x2160px<\/span><\/td>\n<td align=\"left\"><span style=\"font-family: Liberation Serif\">Pard 4K, 3840x2160px<\/span><\/td>\n<td colspan=\"2\" align=\"left\"><span style=\"font-family: Liberation Serif\">Pard 4K, 3840x2160px<\/span><\/td>\n<\/tr>\n<tr>\n<td colspan=\"2\" align=\"left\" height=\"32\"><b><span style=\"font-family: Liberation Serif\">Pixel m\u00e9ret\u00a0<\/span><\/b><\/td>\n<td colspan=\"3\" align=\"left\"><span style=\"font-family: Liberation Serif\">2.0um<\/span><\/td>\n<td align=\"left\"><\/td>\n<\/tr>\n<tr>\n<td colspan=\"2\" align=\"left\" height=\"62\"><b><span style=\"font-family: Liberation Serif\">\u00c9rz\u00e9kenys\u00e9g\u00a0<\/span><\/b><\/td>\n<td colspan=\"3\" align=\"left\"><span style=\"font-family: Liberation Serif\">0.001lux<\/span><\/td>\n<td align=\"left\"><\/td>\n<\/tr>\n<tr>\n<td colspan=\"2\" align=\"left\" height=\"32\"><b><span style=\"font-family: Liberation Serif\">K\u00e9pfeldolgoz\u00f3 algoritmus<\/span><\/b><\/td>\n<td colspan=\"3\" align=\"left\"><span style=\"font-family: Liberation Serif\">Pard IREA<\/span><\/td>\n<td align=\"left\"><\/td>\n<\/tr>\n<tr>\n<td colspan=\"2\" align=\"left\" height=\"62\"><b><span style=\"font-family: Liberation Serif\">M\u00f3d<\/span><\/b><\/td>\n<td colspan=\"3\" align=\"left\"><span style=\"font-family: Liberation Serif\">Sz\u00edn\/Fekete\/Fekete\/Feh\u00e9r\/Z\u00f6ld\/S\u00e1rga<\/span><\/td>\n<td align=\"left\"><\/td>\n<\/tr>\n<tr>\n<td colspan=\"2\" align=\"left\" height=\"47\"><b><span style=\"font-family: Liberation Serif\">Kijelz\u0151\u00a0<\/span><\/b><\/td>\n<td colspan=\"3\" align=\"left\"><span style=\"font-family: Liberation Serif\">Kerek IPS LCD 800\u00d7800 px<\/span><\/td>\n<td align=\"left\"><\/td>\n<\/tr>\n<tr>\n<td colspan=\"2\" align=\"left\" height=\"32\"><b><span style=\"font-family: Liberation Serif\">Dioptri\u00e1s korrekci\u00f3<\/span><\/b><\/td>\n<td colspan=\"3\" align=\"left\"><span style=\"font-family: DejaVu Sans\">-5D\uff5e+5D<\/span><\/td>\n<td align=\"left\"><\/td>\n<\/tr>\n<tr>\n<td colspan=\"2\" align=\"left\" height=\"17\"><b><span style=\"font-family: Liberation Serif\">L\u00e9zeres t\u00e1vols\u00e1gm\u00e9r\u0151\u00a0<\/span><\/b><\/td>\n<td colspan=\"3\" align=\"left\"><span style=\"font-family: Liberation Serif\">Igen, 1000 m<\/span><\/td>\n<td align=\"left\"><\/td>\n<\/tr>\n<tr>\n<td colspan=\"2\" align=\"left\" height=\"32\"><b><span style=\"font-family: Liberation Serif\">Ballisztikus kalkul\u00e1tor<\/span><\/b><\/td>\n<td colspan=\"3\" align=\"left\"><span style=\"font-family: Liberation Serif\">Igen<\/span><\/td>\n<td align=\"left\"><\/td>\n<\/tr>\n<tr>\n<td colspan=\"2\" align=\"left\" height=\"32\"><b><span style=\"font-family: Liberation Serif\">PIP<\/span><\/b><\/td>\n<td colspan=\"3\" align=\"left\"><span style=\"font-family: Liberation Serif\">Igen<\/span><\/td>\n<td align=\"left\"><\/td>\n<\/tr>\n<tr>\n<td colspan=\"2\" align=\"left\" height=\"77\"><b><span style=\"font-family: Liberation Serif\">Wi-Fi<\/span><\/b><\/td>\n<td colspan=\"3\" align=\"left\"><span style=\"font-family: Liberation Serif\">Igen<\/span><\/td>\n<td align=\"left\"><\/td>\n<\/tr>\n<tr>\n<td colspan=\"2\" align=\"left\" height=\"47\"><b><span style=\"font-family: Liberation Serif\">Micro-SD k\u00e1rtya<\/span><\/b><\/td>\n<td colspan=\"3\" align=\"left\"><span style=\"font-family: Liberation Serif\">128GB(Max)<\/span><\/td>\n<td align=\"left\"><\/td>\n<\/tr>\n<tr>\n<td colspan=\"2\" align=\"left\" height=\"32\"><b><span style=\"font-family: Liberation Serif\">Gyroszk\u00f3p<\/span><\/b><\/td>\n<td colspan=\"3\" align=\"left\"><span style=\"font-family: Liberation Serif\">Igen<\/span><\/td>\n<td align=\"left\"><\/td>\n<\/tr>\n<tr>\n<td colspan=\"2\" align=\"left\" height=\"32\"><b><span style=\"font-family: Liberation Serif\">Automatikus videofelv\u00e9tel\u00a0<\/span><\/b><\/td>\n<td colspan=\"3\" align=\"left\"><span style=\"font-family: Liberation Serif\">Igen<\/span><\/td>\n<td align=\"left\"><\/td>\n<\/tr>\n<tr>\n<td colspan=\"2\" align=\"left\" height=\"32\"><b><span style=\"font-family: Liberation Serif\">F\u00e9nyk\u00e9pek \u00e9s vide\u00f3k k\u00e9sz\u00edt\u00e9se<\/span><\/b><\/td>\n<td colspan=\"3\" align=\"left\"><span style=\"font-family: Liberation Serif\">Igen<\/span><\/td>\n<td align=\"left\"><\/td>\n<\/tr>\n<tr>\n<td colspan=\"2\" align=\"left\" height=\"17\"><b><span style=\"font-family: Liberation Serif\">Ir\u00e1nyt\u0171<\/span><\/b><\/td>\n<td colspan=\"3\" align=\"left\"><span style=\"font-family: Liberation Serif\">Elektronikus<\/span><\/td>\n<td align=\"left\"><\/td>\n<\/tr>\n<tr>\n<td colspan=\"2\" align=\"left\" height=\"17\"><b><span style=\"font-family: Liberation Serif\">Mikrofon\u00a0<\/span><\/b><\/td>\n<td colspan=\"3\" align=\"left\"><span style=\"font-family: Liberation Serif\">Igen\u00a0<\/span><\/td>\n<td align=\"left\"><\/td>\n<\/tr>\n<tr>\n<td colspan=\"2\" align=\"left\" height=\"32\"><b><span style=\"font-family: Liberation Serif\">USB t\u00edpus<\/span><\/b><\/td>\n<td colspan=\"3\" align=\"left\"><span style=\"font-family: Liberation Serif\">C t\u00edpus<\/span><\/td>\n<td align=\"left\"><\/td>\n<\/tr>\n<tr>\n<td colspan=\"2\" align=\"left\" height=\"32\"><b><span style=\"font-family: Liberation Serif\">HDMI kimenet<\/span><\/b><\/td>\n<td colspan=\"3\" align=\"left\"><span style=\"font-family: Liberation Serif\">Igen<\/span><\/td>\n<td align=\"left\"><\/td>\n<\/tr>\n<tr>\n<td colspan=\"2\" align=\"left\" height=\"17\"><b><span style=\"font-family: Liberation Serif\">Dawn<\/span><\/b><\/td>\n<td colspan=\"3\" align=\"left\"><span style=\"font-family: Liberation Serif\">850nm, 5W<\/span><\/td>\n<td align=\"left\"><\/td>\n<\/tr>\n<tr>\n<td colspan=\"2\" align=\"left\" height=\"32\"><b><span style=\"font-family: Liberation Serif\">A megvil\u00e1g\u00edt\u00e1s t\u00e1vols\u00e1ga<\/span><\/b><\/td>\n<td colspan=\"3\" align=\"left\"><span style=\"font-family: Liberation Serif\">350 m-ig<\/span><\/td>\n<td align=\"left\"><\/td>\n<\/tr>\n<tr>\n<td colspan=\"2\" align=\"left\" height=\"32\"><b><span style=\"font-family: Liberation Serif\">Akkumul\u00e1tor t\u00edpusa<\/span><\/b><\/td>\n<td colspan=\"3\" align=\"left\"><span style=\"font-family: Liberation Serif\">L\u00edtium-ion 18650<\/span><\/td>\n<td align=\"left\"><\/td>\n<\/tr>\n<tr>\n<td colspan=\"2\" align=\"left\" height=\"77\"><b><span style=\"font-family: Liberation Serif\">Az akkumul\u00e1tor \u00e9lettartama<\/span><\/b><\/td>\n<td colspan=\"3\" align=\"left\"><span style=\"font-family: Liberation Serif\">8 \u00f3ra<\/span><\/td>\n<td align=\"left\"><\/td>\n<\/tr>\n<tr>\n<td colspan=\"2\" align=\"left\" height=\"32\"><b><span style=\"font-family: Liberation Serif\">Rugalmass\u00e1g<\/span><\/b><\/td>\n<td colspan=\"3\" align=\"left\"><span style=\"font-family: Liberation Serif\">IP67<\/span><\/td>\n<td align=\"left\"><\/td>\n<\/tr>\n<tr>\n<td colspan=\"2\" align=\"left\" height=\"32\"><b><span style=\"font-family: Liberation Serif\">\u00dczemi h\u0151m\u00e9rs\u00e9klet<\/span><\/b><\/td>\n<td colspan=\"3\" align=\"left\"><span style=\"font-family: DejaVu Sans\">-20\u2103\uff5e50\u2103<\/span><\/td>\n<td align=\"left\"><\/td>\n<\/tr>\n<\/tbody>\n<\/table>\n<p>Hivatalos m\u00e1rkaoldal: <a href=\"https:\/\/pard.com\/europe\/night-stalker-4k\/\">https:\/\/pard.com\/europe\/night-stalker-4k\/<\/a><\/p>","protected":false},"excerpt":{"rendered":"<p><strong>PARD Night Stalker 4K<\/strong> v\u00e1ltoztathat\u00f3 nagy\u00edt\u00e1ssal, 1000 m-es l\u00e9zeres t\u00e1vols\u00e1gm\u00e9r\u0151vel \u00e9s ballisztikai sz\u00e1mol\u00f3g\u00e9ppel.<\/p>\n<ul>\n<li>Nappali\/\u00e9jszakai rendszer - nappal sz\u00ednes, \u00e9jszaka fekete-feh\u00e9r.<\/li>\n<li>Megfigyel\u00e9si t\u00e1vols\u00e1g s\u00f6t\u00e9tben legfeljebb 350 m.<\/li>\n<li>Optikai nagy\u00edt\u00e1s <strong>4x<\/strong>, 5,6x vagy 8x.<\/li>\n<li>Digit\u00e1lis zoom 2x.<\/li>\n<li>Kerek IPS 800\u00d7800 px kijelz\u0151.<\/li>\n<li>3 850 nm-es intenzit\u00e1sszint.<\/li>\n<li>K\u00e9p a k\u00e9pben (PIP) funkci\u00f3.<\/li>\n<li>3840\u00d72160 4K felbont\u00e1s.<\/li>\n<li>Takar\u00e9kos \u00fczemm\u00f3d (alv\u00f3 \u00fczemm\u00f3d).<\/li>\n<li>18650-es akkumul\u00e1torral m\u0171k\u00f6dik (tartoz\u00e9k).<\/li>\n<li>Ak\u00e1r 8 \u00f3r\u00e1s akkumul\u00e1tor-\u00fczemid\u0151.<\/li>\n<\/ul>","protected":false},"featured_media":3877,"template":"","meta":{"_gspb_post_css":""},"product_brand":[308],"product_cat":[145,21,331],"product_tag":[347,284,325,229,324],"class_list":{"0":"post-3795","1":"product","2":"type-product","3":"status-publish","4":"has-post-thumbnail","6":"product_brand-pard","7":"product_cat-nocne-videnie","8":"product_cat-optika","9":"product_cat-puskohlady-s-nocnym-videnim","10":"product_tag-laserovy-dialkomer","11":"product_tag-night-stalker","12":"product_tag-nocne-videnie","13":"product_tag-pard","14":"product_tag-puskohlad","16":"first","17":"instock","18":"taxable","19":"shipping-taxable","20":"purchasable","21":"product-type-simple"},"ct_brands":[{"id":308,"name":"Pard","slug":"pard"}],"_links":{"self":[{"href":"https:\/\/zbranebudai.sk\/hu\/wp-json\/wp\/v2\/product\/3795","targetHints":{"allow":["GET"]}}],"collection":[{"href":"https:\/\/zbranebudai.sk\/hu\/wp-json\/wp\/v2\/product"}],"about":[{"href":"https:\/\/zbranebudai.sk\/hu\/wp-json\/wp\/v2\/types\/product"}],"wp:featuredmedia":[{"embeddable":true,"href":"https:\/\/zbranebudai.sk\/hu\/wp-json\/wp\/v2\/media\/3877"}],"wp:attachment":[{"href":"https:\/\/zbranebudai.sk\/hu\/wp-json\/wp\/v2\/media?parent=3795"}],"wp:term":[{"taxonomy":"product_brand","embeddable":true,"href":"https:\/\/zbranebudai.sk\/hu\/wp-json\/wp\/v2\/product_brand?post=3795"},{"taxonomy":"product_cat","embeddable":true,"href":"https:\/\/zbranebudai.sk\/hu\/wp-json\/wp\/v2\/product_cat?post=3795"},{"taxonomy":"product_tag","embeddable":true,"href":"https:\/\/zbranebudai.sk\/hu\/wp-json\/wp\/v2\/product_tag?post=3795"}],"curies":[{"name":"wp","href":"https:\/\/api.w.org\/{rel}","templated":true}]}}