{"id":3776,"date":"2025-02-01T21:07:07","date_gmt":"2025-02-01T19:07:07","guid":{"rendered":"https:\/\/zbranebudai.sk\/?post_type=product&#038;p=3776"},"modified":"2025-08-31T03:53:31","modified_gmt":"2025-08-31T01:53:31","slug":"infiray-cso-ts60-hokamera-celtavcso","status":"publish","type":"product","link":"https:\/\/zbranebudai.sk\/hu\/product\/infiray-tube-ts60-hokamera-celtavcso\/","title":{"rendered":"Infiray TUBE TS60 h\u0151kamer\u00e1s l\u00e1tcs\u0151"},"content":{"rendered":"<p><strong>Infiray TUBE TS60 h\u0151kamer\u00e1s l\u00e1tcs\u0151<\/strong><\/p>\n<p>A TUBE TS60 a nagy siker\u0171 TH50 V2 ut\u00f3dja. Az \u00faj funkci\u00f3k k\u00f6z\u00e9 tartozik az 1280\u00d71024 px felbont\u00e1s\u00fa, 18 mK alatti \u00e9rz\u00e9kenys\u00e9g\u0171, id\u0151t\u00e1ll\u00f3 \u00e9rz\u00e9kel\u0151, a nagy felbont\u00e1s\u00fa AMOLED kijelz\u0151 \u00e9s a ballisztikus sz\u00e1mol\u00f3g\u00e9p. Mostant\u00f3l semmi sem korl\u00e1tozza \u00d6nt a vad\u00e1szat sor\u00e1n. A TUBE TS60 h\u0151kamer\u00e1s c\u00e9lt\u00e1vcs\u0151 a vad azonos\u00edt\u00e1s\u00e1ban maxim\u00e1lis k\u00e9nyelmet, kiv\u00e1l\u00f3 s\u00falyeloszt\u00e1st \u00e9s a kateg\u00f3ria legjobb teljes\u00edtm\u00e9ny\u00e9t k\u00edn\u00e1lja. A TUBE TS60 m\u00e9lt\u00e1n az egyik legjobb h\u0151kamer\u00e1s c\u00e9lt\u00e1vcs\u0151 a mai piacon.<\/p>\n<table border=\"0\" cellspacing=\"0\">\n<colgroup span=\"2\" width=\"85\"><\/colgroup>\n<tbody>\n<tr>\n<td align=\"left\" height=\"32\"><span style=\"font-family: Liberation Serif\">\u00c9rz\u00e9kel\u0151 felbont\u00e1sa<\/span><\/td>\n<td align=\"left\"><span style=\"font-family: Liberation Serif\">1280\u00d71024 px<\/span><\/td>\n<\/tr>\n<tr>\n<td align=\"left\" height=\"32\"><span style=\"font-family: Liberation Serif\">Pixel m\u00e9ret<\/span><\/td>\n<td align=\"left\"><span style=\"font-family: Liberation Serif\">12 \u00b5m<\/span><\/td>\n<\/tr>\n<tr>\n<td align=\"left\" height=\"77\"><span style=\"font-family: Liberation Serif\">NETD - \u00c9rz\u00e9kel\u0151 \u00e9rz\u00e9kenys\u00e9ge a h\u0151m\u00e9rs\u00e9klet-k\u00fcl\u00f6nbs\u00e9gekre<\/span><\/td>\n<td align=\"left\"><span style=\"font-family: Liberation Serif\">&lt;18 mK<\/span><\/td>\n<\/tr>\n<tr>\n<td align=\"left\" height=\"47\"><span style=\"font-family: Liberation Serif\">Friss\u00edt\u00e9si sebess\u00e9g (Hz)<\/span><\/td>\n<td align=\"left\"><span style=\"font-family: Liberation Serif\">50 Hz<\/span><\/td>\n<\/tr>\n<tr>\n<td align=\"left\" height=\"47\"><span style=\"font-family: Liberation Serif\">Objekt\u00edv lencse (mm)<\/span><\/td>\n<td align=\"left\"><span style=\"font-family: Liberation Serif\">60 mm \/ F1.0<\/span><\/td>\n<\/tr>\n<tr>\n<td align=\"left\" height=\"17\"><span style=\"font-family: Liberation Serif\">L\u00e1t\u00f3mez\u0151<\/span><\/td>\n<td align=\"left\"><span style=\"font-family: Liberation Serif\">14,7\u00b0 x 11,7\u00b0<\/span><\/td>\n<\/tr>\n<tr>\n<td align=\"left\" height=\"17\"><span style=\"font-family: Liberation Serif\">Nagy\u00edt\u00e1s<\/span><\/td>\n<td align=\"left\"><span style=\"font-family: Liberation Serif\">2x-16x<\/span><\/td>\n<\/tr>\n<tr>\n<td align=\"left\" height=\"17\"><span style=\"font-family: Liberation Serif\">Szemkiemel\u00e9s<\/span><\/td>\n<td align=\"left\"><span style=\"font-family: Liberation Serif\">50 mm<\/span><\/td>\n<\/tr>\n<tr>\n<td align=\"left\" height=\"32\"><span style=\"font-family: Liberation Serif\">Szemt\u00e1vols\u00e1g \u00e1tm\u00e9r\u0151je<\/span><\/td>\n<td align=\"left\"><span style=\"font-family: Liberation Serif\">6 mm<\/span><\/td>\n<\/tr>\n<tr>\n<td align=\"left\" height=\"32\"><span style=\"font-family: Liberation Serif\">Dioptri\u00e1s korrekci\u00f3<\/span><\/td>\n<td align=\"left\"><span style=\"font-family: Liberation Serif\">-5 - +3,5<\/span><\/td>\n<\/tr>\n<tr>\n<td align=\"left\" height=\"17\"><span style=\"font-family: Liberation Serif\">\u00c9rz\u00e9kel\u00e9s<\/span><\/td>\n<td align=\"left\"><span style=\"font-family: Liberation Serif\">3100 m<\/span><\/td>\n<\/tr>\n<tr>\n<td align=\"left\" height=\"32\"><span style=\"font-family: Liberation Serif\">Megjelen\u00edt\u00e9s t\u00edpusa<\/span><\/td>\n<td align=\"left\"><span style=\"font-family: Liberation Serif\">AMOLED 1.03\"<\/span><\/td>\n<\/tr>\n<tr>\n<td align=\"left\" height=\"32\"><span style=\"font-family: Liberation Serif\">Kijelz\u0151 felbont\u00e1sa<\/span><\/td>\n<td align=\"left\"><span style=\"font-family: Liberation Serif\">2560\u00d72560 px<\/span><\/td>\n<\/tr>\n<tr>\n<td align=\"left\" height=\"77\"><span style=\"font-family: Liberation Serif\">Akkumul\u00e1tor t\u00edpusa<\/span><\/td>\n<td align=\"left\"><span style=\"font-family: Liberation Serif\">1. bels\u0151 (6600 mAh) + 2. cser\u00e9lhet\u0151 18500<\/span><\/td>\n<\/tr>\n<tr>\n<td align=\"left\" height=\"32\"><span style=\"font-family: Liberation Serif\">Az akkumul\u00e1tor \u00e9lettartama<\/span><\/td>\n<td align=\"left\"><span style=\"font-family: Liberation Serif\">9 \u00f3ra (bels\u0151 + k\u00fcls\u0151)<\/span><\/td>\n<\/tr>\n<tr>\n<td align=\"left\" height=\"17\"><span style=\"font-family: Liberation Serif\">Wi-Fi<\/span><\/td>\n<td align=\"left\"><span style=\"font-family: Liberation Serif\">Igen<\/span><\/td>\n<\/tr>\n<tr>\n<td align=\"left\" height=\"17\"><span style=\"font-family: Liberation Serif\">Fot\u00f3\/Vide\u00f3<\/span><\/td>\n<td align=\"left\"><span style=\"font-family: Liberation Serif\">Igen<\/span><\/td>\n<\/tr>\n<tr>\n<td align=\"left\" height=\"32\"><span style=\"font-family: Liberation Serif\">Hangfelv\u00e9tel<\/span><\/td>\n<td align=\"left\"><span style=\"font-family: Liberation Serif\">Igen<\/span><\/td>\n<\/tr>\n<tr>\n<td align=\"left\" height=\"17\"><span style=\"font-family: Liberation Serif\">Bluetooth<\/span><\/td>\n<td align=\"left\"><span style=\"font-family: Liberation Serif\">Igen<\/span><\/td>\n<\/tr>\n<tr>\n<td align=\"left\" height=\"32\"><span style=\"font-family: Liberation Serif\">Ballisztikus kalkul\u00e1tor<\/span><\/td>\n<td align=\"left\"><span style=\"font-family: Liberation Serif\">Igen<\/span><\/td>\n<\/tr>\n<tr>\n<td align=\"left\" height=\"47\"><span style=\"font-family: Liberation Serif\">L\u00e9zeres t\u00e1vols\u00e1gm\u00e9r\u0151<\/span><\/td>\n<td align=\"left\"><span style=\"font-family: Liberation Serif\">Igen, benne van<\/span><\/td>\n<\/tr>\n<tr>\n<td align=\"left\" height=\"32\"><span style=\"font-family: Liberation Serif\">Csatlakoz\u00e1s t\u00edpusa<\/span><\/td>\n<td align=\"left\"><span style=\"font-family: Liberation Serif\">USB-C<\/span><\/td>\n<\/tr>\n<tr>\n<td align=\"left\" height=\"17\"><span style=\"font-family: Liberation Serif\">T\u00e1rhely<\/span><\/td>\n<td align=\"left\"><span style=\"font-family: Liberation Serif\">128 GB<\/span><\/td>\n<\/tr>\n<tr>\n<td align=\"left\" height=\"32\"><span style=\"font-family: Liberation Serif\">V\u00edz\u00e1ll\u00f3s\u00e1g<\/span><\/td>\n<td align=\"left\"><span style=\"font-family: Liberation Serif\">IP67<\/span><\/td>\n<\/tr>\n<tr>\n<td align=\"left\" height=\"17\"><span style=\"font-family: Liberation Serif\">S\u00faly<\/span><\/td>\n<td align=\"left\"><span style=\"font-family: Liberation Serif\">1000 g<\/span><\/td>\n<\/tr>\n<tr>\n<td align=\"left\" height=\"32\"><span style=\"font-family: Liberation Serif\">M\u00e9retek<\/span><\/td>\n<td align=\"left\"><span style=\"font-family: Liberation Serif\">384x104x77 mm<\/span><\/td>\n<\/tr>\n<tr>\n<td align=\"left\" height=\"32\"><span style=\"font-family: Liberation Serif\">Cs\u0151 \u00e1tm\u00e9r\u0151je<\/span><\/td>\n<td align=\"left\"><span style=\"font-family: Liberation Serif\">30 mm<\/span><\/td>\n<\/tr>\n<\/tbody>\n<\/table>\n<p>A csomag tartalma:<\/p>\n<ul>\n<li>TUBE TS60<\/li>\n<li>2x k\u00fcls\u0151 akkumul\u00e1tor<\/li>\n<li>USB-C k\u00e1bel<\/li>\n<li>Adapter<\/li>\n<li>Picatinny r\u00f6gz\u00edt\u00e9s<\/li>\n<li>L\u00e9zeres t\u00e1vols\u00e1gm\u00e9r\u0151 1200 m-ig<\/li>\n<li>A k\u00e9sz\u00fcl\u00e9k fedele<\/li>\n<\/ul>\n<p>Hivatalos m\u00e1rkaoldal: <a href=\"https:\/\/www.infirayoutdoor.com\/thermal-imaging-riflescope-tube-series-ts60\">https:\/\/www.infirayoutdoor.com\/thermal-imaging-riflescope-tube-series-ts60<\/a><\/p>","protected":false},"excerpt":{"rendered":"<p>Bemutatjuk az InfiRay Outdoor cs\u00facstechnol\u00f3gi\u00e1s \u00e9rz\u00e9kel\u0151vel felszerelt z\u00e1szl\u00f3shaj\u00f3 modellj\u00e9t. A legmodernebb technol\u00f3gi\u00e1k integr\u00e1ci\u00f3j\u00e1nak k\u00f6sz\u00f6nhet\u0151en fel\u00fclm\u00falhatatlan, nagy felbont\u00e1s\u00fa k\u00e9pmin\u0151s\u00e9get biztos\u00edt, amely a professzion\u00e1lis vad\u00e1szok ig\u00e9nyeihez igazodik.<\/p>","protected":false},"featured_media":3907,"template":"","meta":{"_gspb_post_css":""},"product_brand":[314],"product_cat":[21,144,326],"product_tag":[170,311,345,206],"class_list":{"0":"post-3776","1":"product","2":"type-product","3":"status-publish","4":"has-post-thumbnail","6":"product_brand-infiray","7":"product_cat-optika","8":"product_cat-termovizie","9":"product_cat-termovizne-zameriavace","10":"product_tag-infiray","11":"product_tag-termovizia","12":"product_tag-termovizny-zameriavac","13":"product_tag-tube","15":"first","16":"instock","17":"taxable","18":"shipping-taxable","19":"purchasable","20":"product-type-simple"},"ct_brands":[{"id":314,"name":"Infiray","slug":"infiray"}],"_links":{"self":[{"href":"https:\/\/zbranebudai.sk\/hu\/wp-json\/wp\/v2\/product\/3776","targetHints":{"allow":["GET"]}}],"collection":[{"href":"https:\/\/zbranebudai.sk\/hu\/wp-json\/wp\/v2\/product"}],"about":[{"href":"https:\/\/zbranebudai.sk\/hu\/wp-json\/wp\/v2\/types\/product"}],"wp:featuredmedia":[{"embeddable":true,"href":"https:\/\/zbranebudai.sk\/hu\/wp-json\/wp\/v2\/media\/3907"}],"wp:attachment":[{"href":"https:\/\/zbranebudai.sk\/hu\/wp-json\/wp\/v2\/media?parent=3776"}],"wp:term":[{"taxonomy":"product_brand","embeddable":true,"href":"https:\/\/zbranebudai.sk\/hu\/wp-json\/wp\/v2\/product_brand?post=3776"},{"taxonomy":"product_cat","embeddable":true,"href":"https:\/\/zbranebudai.sk\/hu\/wp-json\/wp\/v2\/product_cat?post=3776"},{"taxonomy":"product_tag","embeddable":true,"href":"https:\/\/zbranebudai.sk\/hu\/wp-json\/wp\/v2\/product_tag?post=3776"}],"curies":[{"name":"wp","href":"https:\/\/api.w.org\/{rel}","templated":true}]}}