{"id":3774,"date":"2025-02-01T21:07:07","date_gmt":"2025-02-01T19:07:07","guid":{"rendered":"https:\/\/zbranebudai.sk\/?post_type=product&#038;p=3774"},"modified":"2026-02-23T18:16:58","modified_gmt":"2026-02-23T16:16:58","slug":"hikmicro-panther-ph35l-hokamera-celtavcso-lezeres-tavmerovel","status":"publish","type":"product","link":"https:\/\/zbranebudai.sk\/hu\/product\/hikmicro-panther-ph35l-hokamera-celtavcso-lezeres-tavmerovel\/","title":{"rendered":"Hikmicro PANTHER PH35L h\u0151kamera c\u00e9lt\u00e1vcs\u0151 l\u00e9zeres t\u00e1vm\u00e9r\u0151vel"},"content":{"rendered":"<p><strong>Hikmicro PANTHER PH35L h\u0151kamera c\u00e9lt\u00e1vcs\u0151 l\u00e9zeres t\u00e1vm\u00e9r\u0151vel<\/strong><\/p>\n<p>A Hikmicro panther PH35L h\u0151kamer\u00e1s c\u00e9lt\u00e1vcs\u0151 (HM-TR23-35XG\/W-PH35L) rendelkezik:\u00a0<strong>384 \u00d7 288 pixel felbont\u00e1s\u00fa szenzor<\/strong>\u00a0<strong>\u00e9s \u00e9rz\u00e9kenys\u00e9g &lt; 35 mk\u00a0<\/strong>,\u00a0<strong>1024\u00d7768 pixeles OLED kijelz\u0151, kiv\u00e1l\u00f3 min\u0151s\u00e9g\u0171 gy\u00fajt\u00f3t\u00e1vols\u00e1g\u00fa objekt\u00edv \u00e9s l\u00e9zeres t\u00e1vols\u00e1gm\u00e9r\u0151<\/strong>. Ezek a param\u00e9terek biztos\u00edtj\u00e1k a tiszta k\u00e9pet olyan zord k\u00f6rnyezeti k\u00f6r\u00fclm\u00e9nyek k\u00f6z\u00f6tt is, mint a s\u00f6t\u00e9ts\u00e9g, k\u00f6d, f\u00fcst, por, es\u0151, h\u00f3, erdei aljn\u00f6v\u00e9nyzet stb. Mindezek t\u00e1mogatj\u00e1k a t\u00f6k\u00e9letes c\u00e9lba tal\u00e1l\u00e1st vad\u00e1szat vagy birtokv\u00e9delem sor\u00e1n.<\/p>\n<p>H\u0151kamera c\u00e9lt\u00e1vcs\u0151\u00a0<strong>A Panther l\u00e9zeres t\u00e1vols\u00e1gm\u00e9r\u0151vel rendelkezik<\/strong>. A c\u00e9lpont pontos t\u00e1vols\u00e1ga m\u00e9terben jelenik meg a kijelz\u0151n.<\/p>\n<p>A versenyt\u00e1rsakkal \u00f6sszehasonl\u00edtva a Hikmicro Panther h\u0151kamera c\u00e9lt\u00e1vcs\u00f6vet a k\u00f6vetkez\u0151k jellemzik\u00a0<strong>alacsony s\u00faly 530 g alatt<\/strong>, kompakt m\u00e9retekkel (187,2 x 62,5 x 59,2 mm), \u00e9rz\u00e9keny szenzorral (&lt; 35 mk). Min\u00e9l alacsonyabb a NETD \u00e9rt\u00e9k, ann\u00e1l jobban k\u00e9pes az \u00e9rz\u00e9kel\u0151 a t\u00e1rgyak kis h\u0151m\u00e9rs\u00e9kletk\u00fcl\u00f6nbs\u00e9geit t\u00f6k\u00e9letes k\u00e9pekkel r\u00f6gz\u00edteni!\u00a0<strong>A k\u00e9sz\u00fcl\u00e9ktest magnaliumb\u00f3l (t\u00f6m\u00f6r alum\u00ednium\u00f6tv\u00f6zet) k\u00e9sz\u00fclt.<\/strong>Az IPX7 v\u00edzszigetel\u00e9s biztos\u00edtja\u00a0<strong>v\u00e9delem es\u0151, h\u00f3 \u00e9s 1 m\u00e9ter m\u00e9ly v\u00edzbe es\u00e9s ellen ak\u00e1r 30 percig.<\/strong><\/p>\n<table border=\"0\" cellspacing=\"0\">\n<colgroup span=\"2\" width=\"85\"><\/colgroup>\n<tbody>\n<tr>\n<td align=\"left\" height=\"32\"><span style=\"font-family: Liberation Serif\">Az \u00e9rz\u00e9kel\u0151 felbont\u00e1sa<\/span><\/td>\n<td align=\"left\"><span style=\"font-family: Liberation Serif\">384 * 288, 12 um<\/span><\/td>\n<\/tr>\n<tr>\n<td align=\"left\" height=\"47\"><span style=\"font-family: Liberation Serif\">NETD<\/span><\/td>\n<td align=\"left\"><span style=\"font-family: Liberation Serif\">&lt; 35 mk (25\u00b0C-on, F # = 1,0)<\/span><\/td>\n<\/tr>\n<tr>\n<td align=\"left\" height=\"47\"><span style=\"font-family: Liberation Serif\">Objekt\u00edv<\/span><\/td>\n<td align=\"left\"><span style=\"font-family: Liberation Serif\">35 mm + manu\u00e1lis f\u00f3kusz<\/span><\/td>\n<\/tr>\n<tr>\n<td align=\"left\" height=\"32\"><span style=\"font-family: Liberation Serif\">Optikai nagy\u00edt\u00e1s<\/span><\/td>\n<td align=\"left\"><span style=\"font-family: Liberation Serif\">3\u00d7<\/span><\/td>\n<\/tr>\n<tr>\n<td align=\"left\" height=\"32\"><span style=\"font-family: Liberation Serif\">Digit\u00e1lis nagy\u00edt\u00e1s<\/span><\/td>\n<td align=\"left\"><span style=\"font-family: Liberation Serif\">1x, 2x, 4x, 8x<\/span><\/td>\n<\/tr>\n<tr>\n<td align=\"left\" height=\"32\"><span style=\"font-family: Liberation Serif\">Teljes nagy\u00edt\u00e1s<\/span><\/td>\n<td align=\"left\"><span style=\"font-family: Liberation Serif\">24x<\/span><\/td>\n<\/tr>\n<tr>\n<td align=\"left\" height=\"17\"><span style=\"font-family: Liberation Serif\">L\u00e1t\u00f3mez\u0151<\/span><\/td>\n<td align=\"left\"><span style=\"font-family: Liberation Serif\">7,5\u00b0 \u00d7 5,7\u00b0<\/span><\/td>\n<\/tr>\n<tr>\n<td align=\"left\" height=\"32\"><span style=\"font-family: Liberation Serif\">Aut\u00f3\u00e9rz\u00e9kel\u00e9s<\/span><\/td>\n<td align=\"left\"><span style=\"font-family: Liberation Serif\">4472 m<\/span><\/td>\n<\/tr>\n<tr>\n<td align=\"left\" height=\"47\"><span style=\"font-family: Liberation Serif\">Emberi \u00e9szlel\u00e9s<\/span><\/td>\n<td align=\"left\"><span style=\"font-family: Liberation Serif\">1800 m<\/span><\/td>\n<\/tr>\n<tr>\n<td align=\"left\" height=\"62\"><span style=\"font-family: Liberation Serif\">Kijelz\u0151<\/span><\/td>\n<td align=\"left\"><span style=\"font-family: Liberation Serif\">0,39 h\u00fcvelykes, OLED, 1 024 \u00d7 768, 50 Hz<\/span><\/td>\n<\/tr>\n<tr>\n<td align=\"left\" height=\"62\"><span style=\"font-family: Liberation Serif\">Sz\u00ednpalett\u00e1k<\/span><\/td>\n<td align=\"left\"><span style=\"font-family: Liberation Serif\">Fekete, piros, feh\u00e9r vagy f\u00fazi\u00f3s h\u0151kezel\u00e9s<\/span><\/td>\n<\/tr>\n<tr>\n<td align=\"left\" height=\"32\"><span style=\"font-family: Liberation Serif\">A dioptri\u00e1k korrekci\u00f3ja<\/span><\/td>\n<td align=\"left\"><span style=\"font-family: Liberation Serif\">-5D - +3D<\/span><\/td>\n<\/tr>\n<tr>\n<td align=\"left\" height=\"17\"><span style=\"font-family: Liberation Serif\">Wi-fi<\/span><\/td>\n<td align=\"left\"><span style=\"font-family: Liberation Serif\">IGEN<\/span><\/td>\n<\/tr>\n<tr>\n<td align=\"left\" height=\"32\"><span style=\"font-family: Liberation Serif\">T\u00e1vm\u00e9r\u0151<\/span><\/td>\n<td align=\"left\"><span style=\"font-family: Liberation Serif\">IGEN, l\u00e9zer<\/span><\/td>\n<\/tr>\n<tr>\n<td align=\"left\" height=\"47\"><span style=\"font-family: Liberation Serif\">Keresztt\u00edpusok sz\u00e1ma\u00a0<\/span><\/td>\n<td align=\"left\"><span style=\"font-family: Liberation Serif\">5 (= legfeljebb 5 fegyverrel l\u0151het)<\/span><\/td>\n<\/tr>\n<tr>\n<td align=\"left\" height=\"32\"><span style=\"font-family: Liberation Serif\">A kereszt sz\u00edneinek sz\u00e1ma<\/span><\/td>\n<td align=\"right\"><span style=\"font-family: Liberation Serif\">3<\/span><\/td>\n<\/tr>\n<tr>\n<td align=\"left\" height=\"47\"><span style=\"font-family: Liberation Serif\">Vide\u00f3felv\u00e9teli k\u00e9pess\u00e9g<\/span><\/td>\n<td align=\"left\"><span style=\"font-family: Liberation Serif\">IGEN<\/span><\/td>\n<\/tr>\n<tr>\n<td align=\"left\" height=\"47\"><span style=\"font-family: Liberation Serif\">A f\u00e9nyk\u00e9pez\u00e9s lehet\u0151s\u00e9ge<\/span><\/td>\n<td align=\"left\"><span style=\"font-family: Liberation Serif\">IGEN<\/span><\/td>\n<\/tr>\n<tr>\n<td align=\"left\" height=\"47\"><span style=\"font-family: Liberation Serif\">Kontraszt be\u00e1ll\u00edt\u00e1si lehet\u0151s\u00e9g<\/span><\/td>\n<td align=\"left\"><span style=\"font-family: Liberation Serif\">IGEN<\/span><\/td>\n<\/tr>\n<tr>\n<td align=\"left\" height=\"32\"><span style=\"font-family: Liberation Serif\">\u00c1ll\u00edthat\u00f3 f\u00e9nyer\u0151<\/span><\/td>\n<td align=\"left\"><span style=\"font-family: Liberation Serif\">IGEN<\/span><\/td>\n<\/tr>\n<tr>\n<td align=\"left\" height=\"62\"><span style=\"font-family: Liberation Serif\">T\u00e1rhely<\/span><\/td>\n<td align=\"left\"><span style=\"font-family: Liberation Serif\">Be\u00e9p\u00edtett Micro SD mem\u00f3riamodul (16 GB)<\/span><\/td>\n<\/tr>\n<tr>\n<td align=\"left\" height=\"32\"><span style=\"font-family: Liberation Serif\">T\u00e1pegys\u00e9g<\/span><\/td>\n<td align=\"left\"><span style=\"font-family: Liberation Serif\">1 db 18650 t\u00edpus\u00fa akkumul\u00e1tor<\/span><\/td>\n<\/tr>\n<tr>\n<td align=\"left\" height=\"32\"><span style=\"font-family: Liberation Serif\">Az akkumul\u00e1tor \u00fczemideje<\/span><\/td>\n<td align=\"left\"><span style=\"font-family: Liberation Serif\">legfeljebb 6 \u00f3ra<\/span><\/td>\n<\/tr>\n<tr>\n<td align=\"left\" height=\"77\"><span style=\"font-family: Liberation Serif\">Lehet\u0151s\u00e9g k\u00fcls\u0151 t\u00e1pegys\u00e9g (powerbank) csatlakoztat\u00e1s\u00e1ra<\/span><\/td>\n<td align=\"left\"><span style=\"font-family: Liberation Serif\">IGEN<\/span><\/td>\n<\/tr>\n<tr>\n<td align=\"left\" height=\"47\"><span style=\"font-family: Liberation Serif\">Portok<\/span><\/td>\n<td align=\"left\"><span style=\"font-family: Liberation Serif\">USB C, anal\u00f3g videokimenet<\/span><\/td>\n<\/tr>\n<tr>\n<td align=\"left\" height=\"32\"><span style=\"font-family: Liberation Serif\">M\u0171k\u00f6d\u00e9si h\u0151m\u00e9rs\u00e9klet<\/span><\/td>\n<td align=\"left\"><span style=\"font-family: Liberation Serif\">-20 \u00b0C ~ 55 \u00b0C<\/span><\/td>\n<\/tr>\n<tr>\n<td align=\"left\" height=\"136\"><span style=\"font-family: Liberation Serif\">V\u00e9delmi fokozat<\/span><\/td>\n<td align=\"left\"><span style=\"font-family: Liberation Serif\">IP67 (v\u00edzbe mer\u00edt\u00e9s elleni v\u00e9delem. 30 percig 1 m\u00e9ter m\u00e9lys\u00e9gig t\u00f6rt\u00e9n\u0151 mer\u00edt\u00e9s)<\/span><\/td>\n<\/tr>\n<tr>\n<td align=\"left\" height=\"32\"><span style=\"font-family: Liberation Serif\">M\u00e9retek (L \u00d7 W \u00d7 H)<\/span><\/td>\n<td align=\"left\"><span style=\"font-family: Liberation Serif\">187.2 x 62.5 x 59.2 mm<\/span><\/td>\n<\/tr>\n<tr>\n<td align=\"left\" height=\"17\"><span style=\"font-family: Liberation Serif\">S\u00faly:<\/span><\/td>\n<td align=\"left\"><span style=\"font-family: Liberation Serif\">&lt; 0,53 kg<\/span><\/td>\n<\/tr>\n<\/tbody>\n<\/table>\n<p>Hivatalos m\u00e1rkaoldal: <a href=\"https:\/\/www.hikmicrotech.com\/en\/outdoor-products\/panther-lrf-thermal-scope\/\">https:\/\/www.hikmicrotech.com\/en\/outdoor-products\/panther-lrf-thermal-scope\/<\/a><\/p>\n<p><strong>A csomag tartalma:<\/strong><\/p>\n<ul>\n<li>Hikmicro Panther PH35L h\u0151kamera c\u00e9lt\u00e1vcs\u0151<\/li>\n<li>Kiv\u00e1l\u00f3 min\u0151s\u00e9g\u0171 sz\u00e1ll\u00edt\u00f3t\u00e1ska Hikmicro log\u00f3val<\/li>\n<li>T\u00e1ska hordoz\u00f3sz\u00edj<\/li>\n<li>USB-C csatlakoz\u00f3k\u00e1bel<\/li>\n<li>Haszn\u00e1lati \u00fatmutat\u00f3<\/li>\n<li>Tiszt\u00edt\u00f3 kend\u0151 optik\u00e1hoz<\/li>\n<li>2\u00d7 18650 akkumul\u00e1tor<\/li>\n<\/ul>","protected":false},"excerpt":{"rendered":"<ul>\n<li style=\"font-weight: 400\">Objekt\u00edv 35 mm.<\/li>\n<li style=\"font-weight: 400\">Optikai nagy\u00edt\u00e1s: 3x.<\/li>\n<li style=\"font-weight: 400\">Digit\u00e1lis nagy\u00edt\u00e1s ak\u00e1r 8x.<\/li>\n<li style=\"font-weight: 400\">Teljes nagy\u00edt\u00e1s: 24x.<\/li>\n<li style=\"font-weight: 400\">\u00c9rz\u00e9kel\u00e9s 1800 m-ig.<\/li>\n<li style=\"font-weight: 400\">OLED kijelz\u0151 1 024 \u00d7 768 px.<strong>\u00a0<\/strong><\/li>\n<li style=\"font-weight: 400\">Szenzor: Hikmicro 384 \u00d7 288 px 12um VOx.<\/li>\n<li style=\"font-weight: 400\">Szenzor \u00e9rz\u00e9kenys\u00e9ge: &lt; 35 mK.<\/li>\n<li style=\"font-weight: 400\">Takar\u00e9kos \u00fczemm\u00f3d (alv\u00f3 \u00fczemm\u00f3d).<\/li>\n<li style=\"font-weight: 400\">1\u00d7 18650-es akkumul\u00e1torral m\u0171k\u00f6dik (\u00fajrat\u00f6lthet\u0151 vagy eldobhat\u00f3).<\/li>\n<li style=\"font-weight: 400\">Akkumul\u00e1tor \u00fczemid\u0151 ak\u00e1r 6 \u00f3ra.<\/li>\n<\/ul>","protected":false},"featured_media":3889,"template":"","meta":{"_gspb_post_css":""},"product_brand":[315],"product_cat":[21,144,326],"product_tag":[150,347,311,345],"class_list":{"0":"post-3774","1":"product","2":"type-product","3":"status-publish","4":"has-post-thumbnail","6":"product_brand-hikmicro","7":"product_cat-optika","8":"product_cat-termovizie","9":"product_cat-termovizne-zameriavace","10":"product_tag-hikmicro","11":"product_tag-laserovy-dialkomer","12":"product_tag-termovizia","13":"product_tag-termovizny-zameriavac","15":"first","16":"instock","17":"taxable","18":"shipping-taxable","19":"purchasable","20":"product-type-simple"},"ct_brands":[{"id":315,"name":"Hikmicro","slug":"hikmicro"}],"_links":{"self":[{"href":"https:\/\/zbranebudai.sk\/hu\/wp-json\/wp\/v2\/product\/3774","targetHints":{"allow":["GET"]}}],"collection":[{"href":"https:\/\/zbranebudai.sk\/hu\/wp-json\/wp\/v2\/product"}],"about":[{"href":"https:\/\/zbranebudai.sk\/hu\/wp-json\/wp\/v2\/types\/product"}],"wp:featuredmedia":[{"embeddable":true,"href":"https:\/\/zbranebudai.sk\/hu\/wp-json\/wp\/v2\/media\/3889"}],"wp:attachment":[{"href":"https:\/\/zbranebudai.sk\/hu\/wp-json\/wp\/v2\/media?parent=3774"}],"wp:term":[{"taxonomy":"product_brand","embeddable":true,"href":"https:\/\/zbranebudai.sk\/hu\/wp-json\/wp\/v2\/product_brand?post=3774"},{"taxonomy":"product_cat","embeddable":true,"href":"https:\/\/zbranebudai.sk\/hu\/wp-json\/wp\/v2\/product_cat?post=3774"},{"taxonomy":"product_tag","embeddable":true,"href":"https:\/\/zbranebudai.sk\/hu\/wp-json\/wp\/v2\/product_tag?post=3774"}],"curies":[{"name":"wp","href":"https:\/\/api.w.org\/{rel}","templated":true}]}}